{"id":9585,"date":"2024-10-10T15:58:36","date_gmt":"2024-10-10T13:58:36","guid":{"rendered":"https:\/\/www.stefaniazani.it\/?post_type=product&#038;p=9585"},"modified":"2025-12-26T02:08:31","modified_gmt":"2025-12-26T01:08:31","slug":"arte-della-stesa-svelare-i-misteri-attraverso-le-essenziali","status":"publish","type":"product","link":"https:\/\/www.stefaniazani.it\/es\/producto\/el-arte-del-estado-desvela-los-misterios-a-travez-de-lo-esencial\/","title":{"rendered":"EL ARTE DE PAVIMENTAR: DESENTRA\u00d1AR LOS MISTERIOS A TRAV\u00c9S DE LAS ESENCIALES"},"content":{"rendered":"<p><strong>Videocurso &#8211; El Arte de la Estela: Desvelando Misterios a trav\u00e9s de lo Esencial<\/strong>Investigar el mundo sutil requiere sensibilidad y presencia. En este curso online, me gustar\u00eda ofrecerte una serie de estelas que aprend\u00ed en un curso de Tarot en Marsella hace muchos a\u00f1os. Por su propia naturaleza, la tradici\u00f3n del Tarot implica adivinaci\u00f3n, a la que no me adhiero, ya que creo firmemente que el futuro no est\u00e1 predeterminado, sino que es un conjunto de infinitas posibilidades inscritas en nuestro campo an\u00edmico.<\/p>\n<p>Es desde esta premisa filos\u00f3fica que he elegido compartir este m\u00e9todo de investigaci\u00f3n, que no sirve para anticipar lo que suceder\u00e1, sino que nos ofrece una herramienta de conexi\u00f3n profunda con el Ser, una forma de explorar nuestra Alma, la Esencia de la Vida misma y su dise\u00f1o.<\/p>\n<p>Los Laying, tal y como yo los he aprendido y practicado, son un medio para desarrollar una mirada interior capaz de captar la complejidad del presente y alimentar la conciencia de nuestro potencial evolutivo. El arte de los Laying: desvelando misterios a trav\u00e9s de <a href=\\\"https:\/\/www.stefaniazani.it\/prodotto\/carte-essenziali\/\\\">lo esencial<\/a><\/p>\n<p><strong>El enlace y la contrase\u00f1a para acceder al videocurso El Arte de Estirarse se encuentran en el archivo pdf que llega con el correo electr\u00f3nico de confirmaci\u00f3n autom\u00e1tica del pedido.<\/strong><\/p>\n","protected":false},"excerpt":{"rendered":"<p data-start=\\\"59\\\" data-end=\\\"137\\\"><span style=\\\"color: #333333;\\\"><strong data-start=\\\"59\\\" data-end=\\\"137\\\">Este producto forma parte del proyecto solidario <a style=\\\"color: #333333;\\\" href=\\\"https:\/\/www.accademiaessenziale.it\/le-essenziali-con-pangea\\\" target=\\\"_blank\\\" rel=\\\"noopener\\\"><em data-start=\\\"108\\\" data-end=\\\"134\\\"><span style=\\\"color: #e2007b;\\\">Lo esencial con Pangea<\/span><\/em><\/a>.<\/strong><\/span><\/p>\n<p data-start=\\\"139\\\" data-end=\\\"266\\\"><span style=\\\"color: #333333;\\\"> <strong data-start=\\\"142\\\" data-end=\\\"162\\\">El 10% de los beneficios<\/strong> se donar\u00e1 para apoyar a <strong>las mujeres necesitadas<\/strong> y a <strong data-start=\\\"210\\\" data-end=\\\"250\\\">las ni\u00f1as sordas de las escuelas de Pangea en<\/strong> Afganist\u00e1n.<\/span><\/p>\n<p data-start=\\\"268\\\" data-end=\\\"519\\\"><strong>Curso de v\u00eddeo &#8211; El arte de estirarse: desvelar misterios a trav\u00e9s de lo esencial<\/strong><\/p>\n<p>Investigar el mundo sutil requiere sensibilidad y presencia.<\/p>\n<p>En este curso en l\u00ednea, he querido ofrecerte una serie de explicaciones que aprend\u00ed en un curso de Tarot que realic\u00e9 en Marsella hace muchos a\u00f1os. Por su naturaleza intr\u00ednseca, la tradici\u00f3n del Tarot implica adivinaci\u00f3n, a la que no me adhiero, ya que creo firmemente que el futuro no est\u00e1 predeterminado, sino que es un conjunto de posibilidades infinitas inscritas en nuestro campo an\u00edmico.<\/p>\n<p>Es desde esta premisa filos\u00f3fica que he elegido compartir este m\u00e9todo de investigaci\u00f3n, que no sirve para anticipar lo que suceder\u00e1, sino que nos ofrece una herramienta de conexi\u00f3n profunda con el Ser, una forma de explorar nuestra Alma, la Esencia de la Vida misma y su dise\u00f1o.<br \/>\nLa estratificaci\u00f3n, tal y como yo la he aprendido y practicado, es un medio para desarrollar una mirada interior capaz de captar la complejidad del presente y alimentar la conciencia de nuestro potencial evolutivo.<\/p>\n<p><strong>El enlace y la contrase\u00f1a para acceder al curso de v\u00eddeo se encuentran en el archivo pdf que llega con el correo electr\u00f3nico de confirmaci\u00f3n autom\u00e1tica del pedido.<\/strong><\/p>\n","protected":false},"featured_media":15705,"template":"","meta":[],"product_brand":[],"product_cat":[46],"product_tag":[],"class_list":{"0":"post-9585","1":"product","2":"type-product","3":"status-publish","4":"has-post-thumbnail","6":"product_cat-video-corsi","8":"first","9":"instock","10":"downloadable","11":"virtual","12":"taxable","13":"purchasable","14":"product-type-simple"},"yoast_head":"<!-- This site is optimized with the Yoast SEO plugin v27.4 - https:\/\/yoast.com\/product\/yoast-seo-wordpress\/ -->\n<title>EL ARTE DE PAVIMENTAR: DESENTRA\u00d1AR LOS MISTERIOS A TRAV\u00c9S DE LAS ESENCIALES<\/title>\n<meta name=\"description\" content=\"Este producto forma parte del proyecto solidario Lo esencial con Pangea.  El 10% de los beneficios se donar\u00e1 para apoyar a las mujeres necesitadas y a las ni\u00f1as sordas de las escuelas de Pangea en Afganist\u00e1n.   Curso de v\u00eddeo - El arte de estirarse: desvelar misterios a trav\u00e9s de lo esencial Investigar el mundo sutil requiere sensibilidad y presencia.  En este curso en l\u00ednea, he querido ofrecerte una serie de explicaciones que aprend\u00ed en un curso de Tarot que realic\u00e9 en Marsella hace muchos a\u00f1os. Por su naturaleza intr\u00ednseca, la tradici\u00f3n del Tarot implica adivinaci\u00f3n, a la que no me adhiero, ya que creo firmemente que el futuro no est\u00e1 predeterminado, sino que es un conjunto de posibilidades infinitas inscritas en nuestro campo an\u00edmico.  Es desde esta premisa filos\u00f3fica que he elegido compartir este m\u00e9todo de investigaci\u00f3n, que no sirve para anticipar lo que suceder\u00e1, sino que nos ofrece una herramienta de conexi\u00f3n profunda con el Ser, una forma de explorar nuestra Alma, la Esencia de la Vida misma y su dise\u00f1o. La estratificaci\u00f3n, tal y como yo la he aprendido y practicado, es un medio para desarrollar una mirada interior capaz de captar la complejidad del presente y alimentar la conciencia de nuestro potencial evolutivo.  El enlace y la contrase\u00f1a para acceder al curso de v\u00eddeo se encuentran en el archivo pdf que llega con el correo electr\u00f3nico de confirmaci\u00f3n autom\u00e1tica del pedido.\" \/>\n<meta name=\"robots\" content=\"index, follow, max-snippet:-1, max-image-preview:large, max-video-preview:-1\" \/>\n<link rel=\"canonical\" href=\"\" \/>\n<meta property=\"og:locale\" content=\"es_ES\" \/>\n<meta property=\"og:type\" content=\"article\" \/>\n<meta property=\"og:title\" content=\"EL ARTE DE PAVIMENTAR: DESENTRA\u00d1AR LOS MISTERIOS A TRAV\u00c9S DE LAS ESENCIALES\" \/>\n<meta property=\"og:description\" content=\"Este producto forma parte del proyecto solidario Lo esencial con Pangea.  El 10% de los beneficios se donar\u00e1 para apoyar a las mujeres necesitadas y a las ni\u00f1as sordas de las escuelas de Pangea en Afganist\u00e1n.   Curso de v\u00eddeo - El arte de estirarse: desvelar misterios a trav\u00e9s de lo esencial Investigar el mundo sutil requiere sensibilidad y presencia.  En este curso en l\u00ednea, he querido ofrecerte una serie de explicaciones que aprend\u00ed en un curso de Tarot que realic\u00e9 en Marsella hace muchos a\u00f1os. Por su naturaleza intr\u00ednseca, la tradici\u00f3n del Tarot implica adivinaci\u00f3n, a la que no me adhiero, ya que creo firmemente que el futuro no est\u00e1 predeterminado, sino que es un conjunto de posibilidades infinitas inscritas en nuestro campo an\u00edmico.  Es desde esta premisa filos\u00f3fica que he elegido compartir este m\u00e9todo de investigaci\u00f3n, que no sirve para anticipar lo que suceder\u00e1, sino que nos ofrece una herramienta de conexi\u00f3n profunda con el Ser, una forma de explorar nuestra Alma, la Esencia de la Vida misma y su dise\u00f1o. La estratificaci\u00f3n, tal y como yo la he aprendido y practicado, es un medio para desarrollar una mirada interior capaz de captar la complejidad del presente y alimentar la conciencia de nuestro potencial evolutivo.  El enlace y la contrase\u00f1a para acceder al curso de v\u00eddeo se encuentran en el archivo pdf que llega con el correo electr\u00f3nico de confirmaci\u00f3n autom\u00e1tica del pedido.\" \/>\n<meta property=\"og:url\" content=\"https:\/\/www.stefaniazani.it\/es\/producto\/el-arte-del-estado-desvela-los-misterios-a-travez-de-lo-esencial\/\" \/>\n<meta property=\"og:site_name\" content=\"Stefania Zani\" \/>\n<meta property=\"article:publisher\" content=\"https:\/\/www.facebook.com\/p\/Stefania-Zani-100087139977126\/\" \/>\n<meta property=\"article:modified_time\" content=\"2025-12-26T01:08:31+00:00\" \/>\n<meta property=\"og:image\" content=\"https:\/\/www.stefaniazani.it\/wp-content\/uploads\/2024\/10\/La-Missione-dellAnima.png\" \/>\n\t<meta property=\"og:image:width\" content=\"1080\" \/>\n\t<meta property=\"og:image:height\" content=\"1080\" \/>\n\t<meta property=\"og:image:type\" content=\"image\/png\" \/>\n<meta name=\"twitter:card\" content=\"summary_large_image\" \/>\n<meta name=\"twitter:label1\" content=\"Tiempo de lectura\" \/>\n\t<meta name=\"twitter:data1\" content=\"2 minutos\" \/>\n<script type=\"application\/ld+json\" class=\"yoast-schema-graph\">{\"@context\":\"https:\\\/\\\/schema.org\",\"@graph\":[{\"@type\":\"WebPage\",\"@id\":\"https:\\\/\\\/www.stefaniazani.it\\\/es\\\/producto\\\/el-arte-del-estado-desvela-los-misterios-a-travez-de-lo-esencial\\\/\",\"url\":\"https:\\\/\\\/www.stefaniazani.it\\\/es\\\/producto\\\/el-arte-del-estado-desvela-los-misterios-a-travez-de-lo-esencial\\\/\",\"name\":\"L\u2019ARTE DELLA STESA: SVELARE I MISTERI ATTRAVERSO LE ESSENZIALI - Stefania Zani\",\"isPartOf\":{\"@id\":\"https:\\\/\\\/www.stefaniazani.it\\\/#website\"},\"primaryImageOfPage\":{\"@id\":\"https:\\\/\\\/www.stefaniazani.it\\\/es\\\/producto\\\/el-arte-del-estado-desvela-los-misterios-a-travez-de-lo-esencial\\\/#primaryimage\"},\"image\":{\"@id\":\"https:\\\/\\\/www.stefaniazani.it\\\/es\\\/producto\\\/el-arte-del-estado-desvela-los-misterios-a-travez-de-lo-esencial\\\/#primaryimage\"},\"thumbnailUrl\":\"\",\"datePublished\":\"2024-10-10T13:58:36+00:00\",\"dateModified\":\"2025-12-26T01:08:31+00:00\",\"description\":\"L'arte della stesa: un videocorso con le Carte Essenziali per leggere il presente, ampliare lo sguardo interiore e nutrire il potenziale evolutivo.\",\"breadcrumb\":{\"@id\":\"https:\\\/\\\/www.stefaniazani.it\\\/es\\\/producto\\\/el-arte-del-estado-desvela-los-misterios-a-travez-de-lo-esencial\\\/#breadcrumb\"},\"inLanguage\":\"es\",\"potentialAction\":[{\"@type\":\"ReadAction\",\"target\":[\"https:\\\/\\\/www.stefaniazani.it\\\/es\\\/producto\\\/el-arte-del-estado-desvela-los-misterios-a-travez-de-lo-esencial\\\/\"]}]},{\"@type\":\"ImageObject\",\"inLanguage\":\"es\",\"@id\":\"https:\\\/\\\/www.stefaniazani.it\\\/es\\\/producto\\\/el-arte-del-estado-desvela-los-misterios-a-travez-de-lo-esencial\\\/#primaryimage\",\"url\":\"\",\"contentUrl\":\"\",\"width\":1080,\"height\":1080},{\"@type\":\"BreadcrumbList\",\"@id\":\"https:\\\/\\\/www.stefaniazani.it\\\/es\\\/producto\\\/el-arte-del-estado-desvela-los-misterios-a-travez-de-lo-esencial\\\/#breadcrumb\",\"itemListElement\":[{\"@type\":\"ListItem\",\"position\":1,\"name\":\"Home\",\"item\":\"https:\\\/\\\/www.stefaniazani.it\\\/\"},{\"@type\":\"ListItem\",\"position\":2,\"name\":\"Shop\",\"item\":\"https:\\\/\\\/www.stefaniazani.it\\\/negozio\\\/\"},{\"@type\":\"ListItem\",\"position\":3,\"name\":\"EL ARTE DE PAVIMENTAR: DESENTRA\u00d1AR LOS MISTERIOS A TRAV\u00c9S DE LAS ESENCIALES\"}]},{\"@type\":\"WebSite\",\"@id\":\"https:\\\/\\\/www.stefaniazani.it\\\/es\\\/#website\",\"url\":\"https:\\\/\\\/www.stefaniazani.it\\\/es\\\/\",\"name\":\"Stefania Zani\",\"description\":\"\",\"publisher\":{\"@id\":\"https:\\\/\\\/www.stefaniazani.it\\\/es\\\/#organization\"},\"potentialAction\":[{\"@type\":\"SearchAction\",\"target\":{\"@type\":\"EntryPoint\",\"urlTemplate\":\"https:\\\/\\\/www.stefaniazani.it\\\/es\\\/?s={search_term_string}\"},\"query-input\":{\"@type\":\"PropertyValueSpecification\",\"valueRequired\":true,\"valueName\":\"search_term_string\"}}],\"inLanguage\":\"es\"},{\"@type\":\"Organization\",\"@id\":\"https:\\\/\\\/www.stefaniazani.it\\\/es\\\/#organization\",\"name\":\"Stefania Zani Srl\",\"url\":\"https:\\\/\\\/www.stefaniazani.it\\\/es\\\/\",\"logo\":{\"@type\":\"ImageObject\",\"inLanguage\":\"es\",\"@id\":\"https:\\\/\\\/www.stefaniazani.it\\\/es\\\/#\\\/schema\\\/logo\\\/image\\\/\",\"url\":\"https:\\\/\\\/www.stefaniazani.it\\\/wp-content\\\/uploads\\\/2024\\\/03\\\/stefania_zani_logo_start.png\",\"contentUrl\":\"https:\\\/\\\/www.stefaniazani.it\\\/wp-content\\\/uploads\\\/2024\\\/03\\\/stefania_zani_logo_start.png\",\"width\":250,\"height\":50,\"caption\":\"Stefania Zani Srl\"},\"image\":{\"@id\":\"https:\\\/\\\/www.stefaniazani.it\\\/es\\\/#\\\/schema\\\/logo\\\/image\\\/\"},\"sameAs\":[\"https:\\\/\\\/www.facebook.com\\\/p\\\/Stefania-Zani-100087139977126\\\/\",\"https:\\\/\\\/www.instagram.com\\\/stefania__zani\\\/\"]}]}<\/script>\n<!-- \/ Yoast SEO plugin. -->","yoast_head_json":{"title":"EL ARTE DE PAVIMENTAR: DESENTRA\u00d1AR LOS MISTERIOS A TRAV\u00c9S DE LAS ESENCIALES","description":"Este producto forma parte del proyecto solidario Lo esencial con Pangea.  El 10% de los beneficios se donar\u00e1 para apoyar a las mujeres necesitadas y a las ni\u00f1as sordas de las escuelas de Pangea en Afganist\u00e1n.   Curso de v\u00eddeo - El arte de estirarse: desvelar misterios a trav\u00e9s de lo esencial Investigar el mundo sutil requiere sensibilidad y presencia.  En este curso en l\u00ednea, he querido ofrecerte una serie de explicaciones que aprend\u00ed en un curso de Tarot que realic\u00e9 en Marsella hace muchos a\u00f1os. Por su naturaleza intr\u00ednseca, la tradici\u00f3n del Tarot implica adivinaci\u00f3n, a la que no me adhiero, ya que creo firmemente que el futuro no est\u00e1 predeterminado, sino que es un conjunto de posibilidades infinitas inscritas en nuestro campo an\u00edmico.  Es desde esta premisa filos\u00f3fica que he elegido compartir este m\u00e9todo de investigaci\u00f3n, que no sirve para anticipar lo que suceder\u00e1, sino que nos ofrece una herramienta de conexi\u00f3n profunda con el Ser, una forma de explorar nuestra Alma, la Esencia de la Vida misma y su dise\u00f1o. La estratificaci\u00f3n, tal y como yo la he aprendido y practicado, es un medio para desarrollar una mirada interior capaz de captar la complejidad del presente y alimentar la conciencia de nuestro potencial evolutivo.  El enlace y la contrase\u00f1a para acceder al curso de v\u00eddeo se encuentran en el archivo pdf que llega con el correo electr\u00f3nico de confirmaci\u00f3n autom\u00e1tica del pedido.","robots":{"index":"index","follow":"follow","max-snippet":"max-snippet:-1","max-image-preview":"max-image-preview:large","max-video-preview":"max-video-preview:-1"},"canonical":"Este producto forma parte del proyecto solidario Lo esencial con Pangea.  El 10% de los beneficios se donar\u00e1 para apoyar a las mujeres necesitadas y a las ni\u00f1as sordas de las escuelas de Pangea en Afganist\u00e1n.   Curso de v\u00eddeo - El arte de estirarse: desvelar misterios a trav\u00e9s de lo esencial Investigar el mundo sutil requiere sensibilidad y presencia.  En este curso en l\u00ednea, he querido ofrecerte una serie de explicaciones que aprend\u00ed en un curso de Tarot que realic\u00e9 en Marsella hace muchos a\u00f1os. Por su naturaleza intr\u00ednseca, la tradici\u00f3n del Tarot implica adivinaci\u00f3n, a la que no me adhiero, ya que creo firmemente que el futuro no est\u00e1 predeterminado, sino que es un conjunto de posibilidades infinitas inscritas en nuestro campo an\u00edmico.  Es desde esta premisa filos\u00f3fica que he elegido compartir este m\u00e9todo de investigaci\u00f3n, que no sirve para anticipar lo que suceder\u00e1, sino que nos ofrece una herramienta de conexi\u00f3n profunda con el Ser, una forma de explorar nuestra Alma, la Esencia de la Vida misma y su dise\u00f1o. La estratificaci\u00f3n, tal y como yo la he aprendido y practicado, es un medio para desarrollar una mirada interior capaz de captar la complejidad del presente y alimentar la conciencia de nuestro potencial evolutivo.  El enlace y la contrase\u00f1a para acceder al curso de v\u00eddeo se encuentran en el archivo pdf que llega con el correo electr\u00f3nico de confirmaci\u00f3n autom\u00e1tica del pedido.","og_locale":"es_ES","og_type":"article","og_title":"EL ARTE DE PAVIMENTAR: DESENTRA\u00d1AR LOS MISTERIOS A TRAV\u00c9S DE LAS ESENCIALES","og_description":"Este producto forma parte del proyecto solidario Lo esencial con Pangea.  El 10% de los beneficios se donar\u00e1 para apoyar a las mujeres necesitadas y a las ni\u00f1as sordas de las escuelas de Pangea en Afganist\u00e1n.   Curso de v\u00eddeo - El arte de estirarse: desvelar misterios a trav\u00e9s de lo esencial Investigar el mundo sutil requiere sensibilidad y presencia.  En este curso en l\u00ednea, he querido ofrecerte una serie de explicaciones que aprend\u00ed en un curso de Tarot que realic\u00e9 en Marsella hace muchos a\u00f1os. Por su naturaleza intr\u00ednseca, la tradici\u00f3n del Tarot implica adivinaci\u00f3n, a la que no me adhiero, ya que creo firmemente que el futuro no est\u00e1 predeterminado, sino que es un conjunto de posibilidades infinitas inscritas en nuestro campo an\u00edmico.  Es desde esta premisa filos\u00f3fica que he elegido compartir este m\u00e9todo de investigaci\u00f3n, que no sirve para anticipar lo que suceder\u00e1, sino que nos ofrece una herramienta de conexi\u00f3n profunda con el Ser, una forma de explorar nuestra Alma, la Esencia de la Vida misma y su dise\u00f1o. La estratificaci\u00f3n, tal y como yo la he aprendido y practicado, es un medio para desarrollar una mirada interior capaz de captar la complejidad del presente y alimentar la conciencia de nuestro potencial evolutivo.  El enlace y la contrase\u00f1a para acceder al curso de v\u00eddeo se encuentran en el archivo pdf que llega con el correo electr\u00f3nico de confirmaci\u00f3n autom\u00e1tica del pedido.","og_url":"https:\/\/www.stefaniazani.it\/es\/producto\/el-arte-del-estado-desvela-los-misterios-a-travez-de-lo-esencial\/","og_site_name":"Stefania Zani","article_publisher":"https:\/\/www.facebook.com\/p\/Stefania-Zani-100087139977126\/","article_modified_time":"2025-12-26T01:08:31+00:00","og_image":[{"width":1080,"height":1080,"url":"https:\/\/www.stefaniazani.it\/wp-content\/uploads\/2024\/10\/La-Missione-dellAnima.png","type":"image\/png"}],"twitter_card":"summary_large_image","twitter_misc":{"Tiempo de lectura":"2 minutos"},"schema":{"@context":"https:\/\/schema.org","@graph":[{"@type":"WebPage","@id":"https:\/\/www.stefaniazani.it\/es\/producto\/el-arte-del-estado-desvela-los-misterios-a-travez-de-lo-esencial\/","url":"https:\/\/www.stefaniazani.it\/es\/producto\/el-arte-del-estado-desvela-los-misterios-a-travez-de-lo-esencial\/","name":"L\u2019ARTE DELLA STESA: SVELARE I MISTERI ATTRAVERSO LE ESSENZIALI - Stefania Zani","isPartOf":{"@id":"https:\/\/www.stefaniazani.it\/#website"},"primaryImageOfPage":{"@id":"https:\/\/www.stefaniazani.it\/es\/producto\/el-arte-del-estado-desvela-los-misterios-a-travez-de-lo-esencial\/#primaryimage"},"image":{"@id":"https:\/\/www.stefaniazani.it\/es\/producto\/el-arte-del-estado-desvela-los-misterios-a-travez-de-lo-esencial\/#primaryimage"},"thumbnailUrl":"","datePublished":"2024-10-10T13:58:36+00:00","dateModified":"2025-12-26T01:08:31+00:00","description":"L'arte della stesa: un videocorso con le Carte Essenziali per leggere il presente, ampliare lo sguardo interiore e nutrire il potenziale evolutivo.","breadcrumb":{"@id":"https:\/\/www.stefaniazani.it\/es\/producto\/el-arte-del-estado-desvela-los-misterios-a-travez-de-lo-esencial\/#breadcrumb"},"inLanguage":"es","potentialAction":[{"@type":"ReadAction","target":["https:\/\/www.stefaniazani.it\/es\/producto\/el-arte-del-estado-desvela-los-misterios-a-travez-de-lo-esencial\/"]}]},{"@type":"ImageObject","inLanguage":"es","@id":"https:\/\/www.stefaniazani.it\/es\/producto\/el-arte-del-estado-desvela-los-misterios-a-travez-de-lo-esencial\/#primaryimage","url":"","contentUrl":"","width":1080,"height":1080},{"@type":"BreadcrumbList","@id":"https:\/\/www.stefaniazani.it\/es\/producto\/el-arte-del-estado-desvela-los-misterios-a-travez-de-lo-esencial\/#breadcrumb","itemListElement":[{"@type":"ListItem","position":1,"name":"Home","item":"https:\/\/www.stefaniazani.it\/"},{"@type":"ListItem","position":2,"name":"Shop","item":"https:\/\/www.stefaniazani.it\/negozio\/"},{"@type":"ListItem","position":3,"name":"EL ARTE DE PAVIMENTAR: DESENTRA\u00d1AR LOS MISTERIOS A TRAV\u00c9S DE LAS ESENCIALES"}]},{"@type":"WebSite","@id":"https:\/\/www.stefaniazani.it\/es\/#website","url":"https:\/\/www.stefaniazani.it\/es\/","name":"Stefania Zani","description":"","publisher":{"@id":"https:\/\/www.stefaniazani.it\/es\/#organization"},"potentialAction":[{"@type":"SearchAction","target":{"@type":"EntryPoint","urlTemplate":"https:\/\/www.stefaniazani.it\/es\/?s={search_term_string}"},"query-input":{"@type":"PropertyValueSpecification","valueRequired":true,"valueName":"search_term_string"}}],"inLanguage":"es"},{"@type":"Organization","@id":"https:\/\/www.stefaniazani.it\/es\/#organization","name":"Stefania Zani Srl","url":"https:\/\/www.stefaniazani.it\/es\/","logo":{"@type":"ImageObject","inLanguage":"es","@id":"https:\/\/www.stefaniazani.it\/es\/#\/schema\/logo\/image\/","url":"https:\/\/www.stefaniazani.it\/wp-content\/uploads\/2024\/03\/stefania_zani_logo_start.png","contentUrl":"https:\/\/www.stefaniazani.it\/wp-content\/uploads\/2024\/03\/stefania_zani_logo_start.png","width":250,"height":50,"caption":"Stefania Zani Srl"},"image":{"@id":"https:\/\/www.stefaniazani.it\/es\/#\/schema\/logo\/image\/"},"sameAs":["https:\/\/www.facebook.com\/p\/Stefania-Zani-100087139977126\/","https:\/\/www.instagram.com\/stefania__zani\/"]}]}},"df_price":30,"df_sale_price":"","df_regular_price":30,"df_image_link":"https:\/\/www.stefaniazani.it\/wp-content\/uploads\/woocommerce-placeholder-300x300.png","_links":{"self":[{"href":"https:\/\/www.stefaniazani.it\/es\/wp-json\/wp\/v2\/product\/9585","targetHints":{"allow":["GET"]}}],"collection":[{"href":"https:\/\/www.stefaniazani.it\/es\/wp-json\/wp\/v2\/product"}],"about":[{"href":"https:\/\/www.stefaniazani.it\/es\/wp-json\/wp\/v2\/types\/product"}],"wp:featuredmedia":[{"embeddable":true,"href":"https:\/\/www.stefaniazani.it\/es\/wp-json\/"}],"wp:attachment":[{"href":"https:\/\/www.stefaniazani.it\/es\/wp-json\/wp\/v2\/media?parent=9585"}],"wp:term":[{"taxonomy":"product_brand","embeddable":true,"href":"https:\/\/www.stefaniazani.it\/es\/wp-json\/wp\/v2\/product_brand?post=9585"},{"taxonomy":"product_cat","embeddable":true,"href":"https:\/\/www.stefaniazani.it\/es\/wp-json\/wp\/v2\/product_cat?post=9585"},{"taxonomy":"product_tag","embeddable":true,"href":"https:\/\/www.stefaniazani.it\/es\/wp-json\/wp\/v2\/product_tag?post=9585"}],"curies":[{"name":"wp","href":"https:\/\/api.w.org\/{rel}","templated":true}]}}