{"id":8971,"date":"2024-09-25T17:29:45","date_gmt":"2024-09-25T15:29:45","guid":{"rendered":"https:\/\/www.stefaniazani.it\/?post_type=product&#038;p=8971"},"modified":"2025-12-04T01:18:46","modified_gmt":"2025-12-04T00:18:46","slug":"la-sessualita-sacra","status":"publish","type":"product","link":"https:\/\/www.stefaniazani.it\/es\/producto\/la-sacred-sexuality\/","title":{"rendered":"SEXUALIDAD SAGRADA"},"content":{"rendered":"<p><strong>Sexualidad sagrada<\/strong><br \/>\n<strong>&#8211; Lecci\u00f3n grabada &#8211; <\/strong><\/p>\n<p><strong>Encontrar\u00e1 el enlace y la contrase\u00f1a para acceder a la grabaci\u00f3n de la lecci\u00f3n en el archivo pdf que llega con el correo electr\u00f3nico de confirmaci\u00f3n autom\u00e1tica del pedido.<\/strong><\/p>\n","protected":false},"excerpt":{"rendered":"<p><strong>Sexualidad sagrada<\/strong><br \/>\n<strong>&#8211; Conferencia grabada &#8211; <\/strong><\/p>\n<p>Un encuentro para conocer el poder de la sexualidad en el despertar del ser humano.<br \/>\n\u00bfPor qu\u00e9 se ha demonizado tanto algo tan natural como el sexo?<br \/>\n\u00bfQu\u00e9 se esconde en el encuentro de los cuerpos?<br \/>\n\u00bfC\u00f3mo se puede experimentar la uni\u00f3n de Cuerpo y Alma?<\/p>\n<p>La conferencia ser\u00e1 grabada y la grabaci\u00f3n se enviar\u00e1 a todos los abonados en el plazo de una semana tras la emisi\u00f3n en directo.<\/p>\n<p><strong>Encontrar\u00e1 el enlace y la contrase\u00f1a para acceder a la grabaci\u00f3n de la lecci\u00f3n en el archivo pdf que llega con el correo electr\u00f3nico de confirmaci\u00f3n autom\u00e1tica del pedido.<\/strong><\/p>\n","protected":false},"featured_media":15704,"template":"","meta":[],"product_brand":[],"product_cat":[27],"product_tag":[],"class_list":{"0":"post-8971","1":"product","2":"type-product","3":"status-publish","4":"has-post-thumbnail","6":"product_cat-lezioni","8":"first","9":"instock","10":"downloadable","11":"virtual","12":"taxable","13":"purchasable","14":"product-type-simple"},"yoast_head":"<!-- This site is optimized with the Yoast SEO plugin v27.4 - https:\/\/yoast.com\/product\/yoast-seo-wordpress\/ -->\n<title>SEXUALIDAD SAGRADA<\/title>\n<meta name=\"description\" content=\"Sexualidad sagrada - Conferencia grabada -    Un encuentro para conocer el poder de la sexualidad en el despertar del ser humano. \u00bfPor qu\u00e9 se ha demonizado tanto algo tan natural como el sexo? \u00bfQu\u00e9 se esconde en el encuentro de los cuerpos? \u00bfC\u00f3mo se puede experimentar la uni\u00f3n de Cuerpo y Alma?  La conferencia ser\u00e1 grabada y la grabaci\u00f3n se enviar\u00e1 a todos los abonados en el plazo de una semana tras la emisi\u00f3n en directo.  Encontrar\u00e1 el enlace y la contrase\u00f1a para acceder a la grabaci\u00f3n de la lecci\u00f3n en el archivo pdf que llega con el correo electr\u00f3nico de confirmaci\u00f3n autom\u00e1tica del pedido.\" \/>\n<meta name=\"robots\" content=\"index, follow, max-snippet:-1, max-image-preview:large, max-video-preview:-1\" \/>\n<link rel=\"canonical\" href=\"http:\/\/Sexualidad%20sagrada%20-%20Conferencia%20grabada%20-%20%20%20%20Un%20encuentro%20para%20conocer%20el%20poder%20de%20la%20sexualidad%20en%20el%20despertar%20del%20ser%20humano.%20\u00bfPor%20qu\u00e9%20se%20ha%20demonizado%20tanto%20algo%20tan%20natural%20como%20el%20sexo?%20\u00bfQu\u00e9%20se%20esconde%20en%20el%20encuentro%20de%20los%20cuerpos?%20\u00bfC\u00f3mo%20se%20puede%20experimentar%20la%20uni\u00f3n%20de%20Cuerpo%20y%20Alma?%20%20La%20conferencia%20ser\u00e1%20grabada%20y%20la%20grabaci\u00f3n%20se%20enviar\u00e1%20a%20todos%20los%20abonados%20en%20el%20plazo%20de%20una%20semana%20tras%20la%20emisi\u00f3n%20en%20directo.%20%20Encontrar\u00e1%20el%20enlace%20y%20la%20contrase\u00f1a%20para%20acceder%20a%20la%20grabaci\u00f3n%20de%20la%20lecci\u00f3n%20en%20el%20archivo%20pdf%20que%20llega%20con%20el%20correo%20electr\u00f3nico%20de%20confirmaci\u00f3n%20autom\u00e1tica%20del%20pedido.\" \/>\n<meta property=\"og:locale\" content=\"es_ES\" \/>\n<meta property=\"og:type\" content=\"article\" \/>\n<meta property=\"og:title\" content=\"SEXUALIDAD SAGRADA\" \/>\n<meta property=\"og:description\" content=\"Sexualidad sagrada - Conferencia grabada -    Un encuentro para conocer el poder de la sexualidad en el despertar del ser humano. \u00bfPor qu\u00e9 se ha demonizado tanto algo tan natural como el sexo? \u00bfQu\u00e9 se esconde en el encuentro de los cuerpos? \u00bfC\u00f3mo se puede experimentar la uni\u00f3n de Cuerpo y Alma?  La conferencia ser\u00e1 grabada y la grabaci\u00f3n se enviar\u00e1 a todos los abonados en el plazo de una semana tras la emisi\u00f3n en directo.  Encontrar\u00e1 el enlace y la contrase\u00f1a para acceder a la grabaci\u00f3n de la lecci\u00f3n en el archivo pdf que llega con el correo electr\u00f3nico de confirmaci\u00f3n autom\u00e1tica del pedido.\" \/>\n<meta property=\"og:url\" content=\"https:\/\/www.stefaniazani.it\/es\/producto\/la-sacred-sexuality\/\" \/>\n<meta property=\"og:site_name\" content=\"Stefania Zani\" \/>\n<meta property=\"article:publisher\" content=\"https:\/\/www.facebook.com\/p\/Stefania-Zani-100087139977126\/\" \/>\n<meta property=\"article:modified_time\" content=\"2025-12-04T00:18:46+00:00\" \/>\n<meta property=\"og:image\" content=\"https:\/\/www.stefaniazani.it\/wp-content\/uploads\/2024\/12\/La-sessualita-sacra.png\" \/>\n\t<meta property=\"og:image:width\" content=\"1080\" \/>\n\t<meta property=\"og:image:height\" content=\"1080\" \/>\n\t<meta property=\"og:image:type\" content=\"image\/png\" \/>\n<meta name=\"twitter:card\" content=\"summary_large_image\" \/>\n<meta name=\"twitter:label1\" content=\"Tiempo de lectura\" \/>\n\t<meta name=\"twitter:data1\" content=\"2 minutos\" \/>\n<script type=\"application\/ld+json\" class=\"yoast-schema-graph\">{\"@context\":\"https:\\\/\\\/schema.org\",\"@graph\":[{\"@type\":\"WebPage\",\"@id\":\"https:\\\/\\\/www.stefaniazani.it\\\/es\\\/producto\\\/la-sacred-sexuality\\\/\",\"url\":\"https:\\\/\\\/www.stefaniazani.it\\\/es\\\/producto\\\/la-sacred-sexuality\\\/\",\"name\":\"LA SESSUALIT\u00c0 SACRA - Stefania Zani\",\"isPartOf\":{\"@id\":\"https:\\\/\\\/www.stefaniazani.it\\\/#website\"},\"primaryImageOfPage\":{\"@id\":\"https:\\\/\\\/www.stefaniazani.it\\\/es\\\/producto\\\/la-sacred-sexuality\\\/#primaryimage\"},\"image\":{\"@id\":\"https:\\\/\\\/www.stefaniazani.it\\\/es\\\/producto\\\/la-sacred-sexuality\\\/#primaryimage\"},\"thumbnailUrl\":\"\",\"datePublished\":\"2024-09-25T15:29:45+00:00\",\"dateModified\":\"2025-12-04T00:18:46+00:00\",\"description\":\"Lezione online La Sessualit\u00e0 Sacra: scopri il potere trasformativo dell\u2019unione tra corpo e anima, per vivere una sessualit\u00e0 autentica, consapevole e sacra.\",\"breadcrumb\":{\"@id\":\"https:\\\/\\\/www.stefaniazani.it\\\/es\\\/producto\\\/la-sacred-sexuality\\\/#breadcrumb\"},\"inLanguage\":\"es\",\"potentialAction\":[{\"@type\":\"ReadAction\",\"target\":[\"https:\\\/\\\/www.stefaniazani.it\\\/es\\\/producto\\\/la-sacred-sexuality\\\/\"]}]},{\"@type\":\"ImageObject\",\"inLanguage\":\"es\",\"@id\":\"https:\\\/\\\/www.stefaniazani.it\\\/es\\\/producto\\\/la-sacred-sexuality\\\/#primaryimage\",\"url\":\"\",\"contentUrl\":\"\",\"width\":1080,\"height\":1080},{\"@type\":\"BreadcrumbList\",\"@id\":\"https:\\\/\\\/www.stefaniazani.it\\\/es\\\/producto\\\/la-sacred-sexuality\\\/#breadcrumb\",\"itemListElement\":[{\"@type\":\"ListItem\",\"position\":1,\"name\":\"Home\",\"item\":\"https:\\\/\\\/www.stefaniazani.it\\\/\"},{\"@type\":\"ListItem\",\"position\":2,\"name\":\"Shop\",\"item\":\"https:\\\/\\\/www.stefaniazani.it\\\/negozio\\\/\"},{\"@type\":\"ListItem\",\"position\":3,\"name\":\"SEXUALIDAD SAGRADA\"}]},{\"@type\":\"WebSite\",\"@id\":\"https:\\\/\\\/www.stefaniazani.it\\\/es\\\/#website\",\"url\":\"https:\\\/\\\/www.stefaniazani.it\\\/es\\\/\",\"name\":\"Stefania Zani\",\"description\":\"\",\"publisher\":{\"@id\":\"https:\\\/\\\/www.stefaniazani.it\\\/es\\\/#organization\"},\"potentialAction\":[{\"@type\":\"SearchAction\",\"target\":{\"@type\":\"EntryPoint\",\"urlTemplate\":\"https:\\\/\\\/www.stefaniazani.it\\\/es\\\/?s={search_term_string}\"},\"query-input\":{\"@type\":\"PropertyValueSpecification\",\"valueRequired\":true,\"valueName\":\"search_term_string\"}}],\"inLanguage\":\"es\"},{\"@type\":\"Organization\",\"@id\":\"https:\\\/\\\/www.stefaniazani.it\\\/es\\\/#organization\",\"name\":\"Stefania Zani Srl\",\"url\":\"https:\\\/\\\/www.stefaniazani.it\\\/es\\\/\",\"logo\":{\"@type\":\"ImageObject\",\"inLanguage\":\"es\",\"@id\":\"https:\\\/\\\/www.stefaniazani.it\\\/es\\\/#\\\/schema\\\/logo\\\/image\\\/\",\"url\":\"https:\\\/\\\/www.stefaniazani.it\\\/wp-content\\\/uploads\\\/2024\\\/03\\\/stefania_zani_logo_start.png\",\"contentUrl\":\"https:\\\/\\\/www.stefaniazani.it\\\/wp-content\\\/uploads\\\/2024\\\/03\\\/stefania_zani_logo_start.png\",\"width\":250,\"height\":50,\"caption\":\"Stefania Zani Srl\"},\"image\":{\"@id\":\"https:\\\/\\\/www.stefaniazani.it\\\/es\\\/#\\\/schema\\\/logo\\\/image\\\/\"},\"sameAs\":[\"https:\\\/\\\/www.facebook.com\\\/p\\\/Stefania-Zani-100087139977126\\\/\",\"https:\\\/\\\/www.instagram.com\\\/stefania__zani\\\/\"]}]}<\/script>\n<!-- \/ Yoast SEO plugin. -->","yoast_head_json":{"title":"SEXUALIDAD SAGRADA","description":"Sexualidad sagrada - Conferencia grabada -    Un encuentro para conocer el poder de la sexualidad en el despertar del ser humano. \u00bfPor qu\u00e9 se ha demonizado tanto algo tan natural como el sexo? \u00bfQu\u00e9 se esconde en el encuentro de los cuerpos? \u00bfC\u00f3mo se puede experimentar la uni\u00f3n de Cuerpo y Alma?  La conferencia ser\u00e1 grabada y la grabaci\u00f3n se enviar\u00e1 a todos los abonados en el plazo de una semana tras la emisi\u00f3n en directo.  Encontrar\u00e1 el enlace y la contrase\u00f1a para acceder a la grabaci\u00f3n de la lecci\u00f3n en el archivo pdf que llega con el correo electr\u00f3nico de confirmaci\u00f3n autom\u00e1tica del pedido.","robots":{"index":"index","follow":"follow","max-snippet":"max-snippet:-1","max-image-preview":"max-image-preview:large","max-video-preview":"max-video-preview:-1"},"canonical":"Sexualidad sagrada - Conferencia grabada -    Un encuentro para conocer el poder de la sexualidad en el despertar del ser humano. \u00bfPor qu\u00e9 se ha demonizado tanto algo tan natural como el sexo? \u00bfQu\u00e9 se esconde en el encuentro de los cuerpos? \u00bfC\u00f3mo se puede experimentar la uni\u00f3n de Cuerpo y Alma?  La conferencia ser\u00e1 grabada y la grabaci\u00f3n se enviar\u00e1 a todos los abonados en el plazo de una semana tras la emisi\u00f3n en directo.  Encontrar\u00e1 el enlace y la contrase\u00f1a para acceder a la grabaci\u00f3n de la lecci\u00f3n en el archivo pdf que llega con el correo electr\u00f3nico de confirmaci\u00f3n autom\u00e1tica del pedido.","og_locale":"es_ES","og_type":"article","og_title":"SEXUALIDAD SAGRADA","og_description":"Sexualidad sagrada - Conferencia grabada -    Un encuentro para conocer el poder de la sexualidad en el despertar del ser humano. \u00bfPor qu\u00e9 se ha demonizado tanto algo tan natural como el sexo? \u00bfQu\u00e9 se esconde en el encuentro de los cuerpos? \u00bfC\u00f3mo se puede experimentar la uni\u00f3n de Cuerpo y Alma?  La conferencia ser\u00e1 grabada y la grabaci\u00f3n se enviar\u00e1 a todos los abonados en el plazo de una semana tras la emisi\u00f3n en directo.  Encontrar\u00e1 el enlace y la contrase\u00f1a para acceder a la grabaci\u00f3n de la lecci\u00f3n en el archivo pdf que llega con el correo electr\u00f3nico de confirmaci\u00f3n autom\u00e1tica del pedido.","og_url":"https:\/\/www.stefaniazani.it\/es\/producto\/la-sacred-sexuality\/","og_site_name":"Stefania Zani","article_publisher":"https:\/\/www.facebook.com\/p\/Stefania-Zani-100087139977126\/","article_modified_time":"2025-12-04T00:18:46+00:00","og_image":[{"width":1080,"height":1080,"url":"https:\/\/www.stefaniazani.it\/wp-content\/uploads\/2024\/12\/La-sessualita-sacra.png","type":"image\/png"}],"twitter_card":"summary_large_image","twitter_misc":{"Tiempo de lectura":"2 minutos"},"schema":{"@context":"https:\/\/schema.org","@graph":[{"@type":"WebPage","@id":"https:\/\/www.stefaniazani.it\/es\/producto\/la-sacred-sexuality\/","url":"https:\/\/www.stefaniazani.it\/es\/producto\/la-sacred-sexuality\/","name":"LA SESSUALIT\u00c0 SACRA - Stefania Zani","isPartOf":{"@id":"https:\/\/www.stefaniazani.it\/#website"},"primaryImageOfPage":{"@id":"https:\/\/www.stefaniazani.it\/es\/producto\/la-sacred-sexuality\/#primaryimage"},"image":{"@id":"https:\/\/www.stefaniazani.it\/es\/producto\/la-sacred-sexuality\/#primaryimage"},"thumbnailUrl":"","datePublished":"2024-09-25T15:29:45+00:00","dateModified":"2025-12-04T00:18:46+00:00","description":"Lezione online La Sessualit\u00e0 Sacra: scopri il potere trasformativo dell\u2019unione tra corpo e anima, per vivere una sessualit\u00e0 autentica, consapevole e sacra.","breadcrumb":{"@id":"https:\/\/www.stefaniazani.it\/es\/producto\/la-sacred-sexuality\/#breadcrumb"},"inLanguage":"es","potentialAction":[{"@type":"ReadAction","target":["https:\/\/www.stefaniazani.it\/es\/producto\/la-sacred-sexuality\/"]}]},{"@type":"ImageObject","inLanguage":"es","@id":"https:\/\/www.stefaniazani.it\/es\/producto\/la-sacred-sexuality\/#primaryimage","url":"","contentUrl":"","width":1080,"height":1080},{"@type":"BreadcrumbList","@id":"https:\/\/www.stefaniazani.it\/es\/producto\/la-sacred-sexuality\/#breadcrumb","itemListElement":[{"@type":"ListItem","position":1,"name":"Home","item":"https:\/\/www.stefaniazani.it\/"},{"@type":"ListItem","position":2,"name":"Shop","item":"https:\/\/www.stefaniazani.it\/negozio\/"},{"@type":"ListItem","position":3,"name":"SEXUALIDAD SAGRADA"}]},{"@type":"WebSite","@id":"https:\/\/www.stefaniazani.it\/es\/#website","url":"https:\/\/www.stefaniazani.it\/es\/","name":"Stefania Zani","description":"","publisher":{"@id":"https:\/\/www.stefaniazani.it\/es\/#organization"},"potentialAction":[{"@type":"SearchAction","target":{"@type":"EntryPoint","urlTemplate":"https:\/\/www.stefaniazani.it\/es\/?s={search_term_string}"},"query-input":{"@type":"PropertyValueSpecification","valueRequired":true,"valueName":"search_term_string"}}],"inLanguage":"es"},{"@type":"Organization","@id":"https:\/\/www.stefaniazani.it\/es\/#organization","name":"Stefania Zani Srl","url":"https:\/\/www.stefaniazani.it\/es\/","logo":{"@type":"ImageObject","inLanguage":"es","@id":"https:\/\/www.stefaniazani.it\/es\/#\/schema\/logo\/image\/","url":"https:\/\/www.stefaniazani.it\/wp-content\/uploads\/2024\/03\/stefania_zani_logo_start.png","contentUrl":"https:\/\/www.stefaniazani.it\/wp-content\/uploads\/2024\/03\/stefania_zani_logo_start.png","width":250,"height":50,"caption":"Stefania Zani Srl"},"image":{"@id":"https:\/\/www.stefaniazani.it\/es\/#\/schema\/logo\/image\/"},"sameAs":["https:\/\/www.facebook.com\/p\/Stefania-Zani-100087139977126\/","https:\/\/www.instagram.com\/stefania__zani\/"]}]}},"df_price":35,"df_sale_price":"","df_regular_price":35,"df_image_link":"https:\/\/www.stefaniazani.it\/wp-content\/uploads\/woocommerce-placeholder-300x300.png","_links":{"self":[{"href":"https:\/\/www.stefaniazani.it\/es\/wp-json\/wp\/v2\/product\/8971","targetHints":{"allow":["GET"]}}],"collection":[{"href":"https:\/\/www.stefaniazani.it\/es\/wp-json\/wp\/v2\/product"}],"about":[{"href":"https:\/\/www.stefaniazani.it\/es\/wp-json\/wp\/v2\/types\/product"}],"wp:featuredmedia":[{"embeddable":true,"href":"https:\/\/www.stefaniazani.it\/es\/wp-json\/"}],"wp:attachment":[{"href":"https:\/\/www.stefaniazani.it\/es\/wp-json\/wp\/v2\/media?parent=8971"}],"wp:term":[{"taxonomy":"product_brand","embeddable":true,"href":"https:\/\/www.stefaniazani.it\/es\/wp-json\/wp\/v2\/product_brand?post=8971"},{"taxonomy":"product_cat","embeddable":true,"href":"https:\/\/www.stefaniazani.it\/es\/wp-json\/wp\/v2\/product_cat?post=8971"},{"taxonomy":"product_tag","embeddable":true,"href":"https:\/\/www.stefaniazani.it\/es\/wp-json\/wp\/v2\/product_tag?post=8971"}],"curies":[{"name":"wp","href":"https:\/\/api.w.org\/{rel}","templated":true}]}}