{"id":8471,"date":"2024-09-05T13:25:31","date_gmt":"2024-09-05T11:25:31","guid":{"rendered":"https:\/\/www.stefaniazani.it\/?post_type=product&#038;p=8471"},"modified":"2025-12-08T00:26:40","modified_gmt":"2025-12-07T23:26:40","slug":"cosa-significa-evolvere","status":"publish","type":"product","link":"https:\/\/www.stefaniazani.it\/es\/producto\/que-significa-evolucionar\/","title":{"rendered":"QU\u00c9 SIGNIFICA EVOLUCIONAR"},"content":{"rendered":"<p><strong>Lecci\u00f3n grabada<\/strong><br \/>\n<strong>Qu\u00e9 significa evolucionar &#8211; Del conflicto interior al crecimiento personal, transformar las dificultades en oportunidades<\/strong><br \/>\nCon la participaci\u00f3n de <strong><em>la Dra. Sara Bertino Barbon<\/em><\/strong><\/p>\n","protected":false},"excerpt":{"rendered":"<p><strong>Conferencia Grabada<\/strong><\/p>\n<p><strong>Qu\u00e9 significa Evolucionar &#8211; Del Conflicto Interno al Crecimiento Personal,<\/strong>Transformando Dificultades <strong>en Oportunidades<\/strong><br \/>\nCon la participaci\u00f3n de <strong><em>la Dra. Sara Bertino Barb\u00f3n<\/em><\/strong><\/p>\n<p>Estamos aqu\u00ed en la Tierra para dar a nuestra Alma la oportunidad de evolucionar, pero \u00bfqu\u00e9 significa esto?<br \/>\n y, sobre todo, \u00bfc\u00f3mo hacerlo? <br \/>Actuamos, predominantemente, impulsados por el inconsciente y esto nos coloca siempre frente a las mismas din\u00e1micas.<br \/>\n\u00bfC\u00f3mo despertar?<br \/>\nEn primer lugar, reconociendo nuestro propio conflicto interno, para transformar las dificultades en oportunidades.<br \/>\nDespertar significa precisamente estar presente a uno mismo, no dejarse guiar por nuestro inconsciente.<br \/>\nComo dice mi querido Jung, haz consciente el inconsciente, de lo contrario el inconsciente guiar\u00e1 tu vida y lo llamar\u00e1s destino..<\/p>\n<p><strong>El enlace y la contrase\u00f1a para acceder a la grabaci\u00f3n se encuentran en el archivo pdf que llega con el correo electr\u00f3nico de confirmaci\u00f3n autom\u00e1tica del pedido<\/strong>.<\/p>\n","protected":false},"featured_media":15694,"template":"","meta":[],"product_brand":[],"product_cat":[27],"product_tag":[],"class_list":{"0":"post-8471","1":"product","2":"type-product","3":"status-publish","4":"has-post-thumbnail","6":"product_cat-lezioni","8":"first","9":"instock","10":"downloadable","11":"virtual","12":"taxable","13":"purchasable","14":"product-type-simple"},"yoast_head":"<!-- This site is optimized with the Yoast SEO plugin v27.5 - https:\/\/yoast.com\/product\/yoast-seo-wordpress\/ -->\n<title>QU\u00c9 SIGNIFICA EVOLUCIONAR<\/title>\n<meta name=\"description\" content=\"Conferencia Grabada Qu\u00e9 significa Evolucionar - Del Conflicto Interno al Crecimiento Personal,Transformando Dificultades en Oportunidades Con la participaci\u00f3n de la Dra. Sara Bertino Barb\u00f3n  Estamos aqu\u00ed en la Tierra para dar a nuestra Alma la oportunidad de evolucionar, pero \u00bfqu\u00e9 significa esto?  y, sobre todo, \u00bfc\u00f3mo hacerlo? Actuamos, predominantemente, impulsados por el inconsciente y esto nos coloca siempre frente a las mismas din\u00e1micas. \u00bfC\u00f3mo despertar? En primer lugar, reconociendo nuestro propio conflicto interno, para transformar las dificultades en oportunidades. Despertar significa precisamente estar presente a uno mismo, no dejarse guiar por nuestro inconsciente. Como dice mi querido Jung, haz consciente el inconsciente, de lo contrario el inconsciente guiar\u00e1 tu vida y lo llamar\u00e1s destino..  El enlace y la contrase\u00f1a para acceder a la grabaci\u00f3n se encuentran en el archivo pdf que llega con el correo electr\u00f3nico de confirmaci\u00f3n autom\u00e1tica del pedido.\" \/>\n<meta name=\"robots\" content=\"index, follow, max-snippet:-1, max-image-preview:large, max-video-preview:-1\" \/>\n<link rel=\"canonical\" href=\"http:\/\/Conferencia%20Grabada%20Qu\u00e9%20significa%20Evolucionar%20-%20Del%20Conflicto%20Interno%20al%20Crecimiento%20Personal,Transformando%20Dificultades%20en%20Oportunidades%20Con%20la%20participaci\u00f3n%20de%20la%20Dra.%20Sara%20Bertino%20Barb\u00f3n%20%20Estamos%20aqu\u00ed%20en%20la%20Tierra%20para%20dar%20a%20nuestra%20Alma%20la%20oportunidad%20de%20evolucionar,%20pero%20\u00bfqu\u00e9%20significa%20esto?%20%20y,%20sobre%20todo,%20\u00bfc\u00f3mo%20hacerlo?%20Actuamos,%20predominantemente,%20impulsados%20por%20el%20inconsciente%20y%20esto%20nos%20coloca%20siempre%20frente%20a%20las%20mismas%20din\u00e1micas.%20\u00bfC\u00f3mo%20despertar?%20En%20primer%20lugar,%20reconociendo%20nuestro%20propio%20conflicto%20interno,%20para%20transformar%20las%20dificultades%20en%20oportunidades.%20Despertar%20significa%20precisamente%20estar%20presente%20a%20uno%20mismo,%20no%20dejarse%20guiar%20por%20nuestro%20inconsciente.%20Como%20dice%20mi%20querido%20Jung,%20haz%20consciente%20el%20inconsciente,%20de%20lo%20contrario%20el%20inconsciente%20guiar\u00e1%20tu%20vida%20y%20lo%20llamar\u00e1s%20destino..%20%20El%20enlace%20y%20la%20contrase\u00f1a%20para%20acceder%20a%20la%20grabaci\u00f3n%20se%20encuentran%20en%20el%20archivo%20pdf%20que%20llega%20con%20el%20correo%20electr\u00f3nico%20de%20confirmaci\u00f3n%20autom\u00e1tica%20del%20pedido.\" \/>\n<meta property=\"og:locale\" content=\"es_ES\" \/>\n<meta property=\"og:type\" content=\"article\" \/>\n<meta property=\"og:title\" content=\"QU\u00c9 SIGNIFICA EVOLUCIONAR\" \/>\n<meta property=\"og:description\" content=\"Conferencia Grabada Qu\u00e9 significa Evolucionar - Del Conflicto Interno al Crecimiento Personal,Transformando Dificultades en Oportunidades Con la participaci\u00f3n de la Dra. Sara Bertino Barb\u00f3n  Estamos aqu\u00ed en la Tierra para dar a nuestra Alma la oportunidad de evolucionar, pero \u00bfqu\u00e9 significa esto?  y, sobre todo, \u00bfc\u00f3mo hacerlo? Actuamos, predominantemente, impulsados por el inconsciente y esto nos coloca siempre frente a las mismas din\u00e1micas. \u00bfC\u00f3mo despertar? En primer lugar, reconociendo nuestro propio conflicto interno, para transformar las dificultades en oportunidades. Despertar significa precisamente estar presente a uno mismo, no dejarse guiar por nuestro inconsciente. Como dice mi querido Jung, haz consciente el inconsciente, de lo contrario el inconsciente guiar\u00e1 tu vida y lo llamar\u00e1s destino..  El enlace y la contrase\u00f1a para acceder a la grabaci\u00f3n se encuentran en el archivo pdf que llega con el correo electr\u00f3nico de confirmaci\u00f3n autom\u00e1tica del pedido.\" \/>\n<meta property=\"og:url\" content=\"https:\/\/www.stefaniazani.it\/es\/producto\/que-significa-evolucionar\/\" \/>\n<meta property=\"og:site_name\" content=\"Stefania Zani\" \/>\n<meta property=\"article:publisher\" content=\"https:\/\/www.facebook.com\/p\/Stefania-Zani-100087139977126\/\" \/>\n<meta property=\"article:modified_time\" content=\"2025-12-07T23:26:40+00:00\" \/>\n<meta property=\"og:image\" content=\"https:\/\/www.stefaniazani.it\/wp-content\/uploads\/2024\/12\/Cosa-Significa-evolvere.png\" \/>\n\t<meta property=\"og:image:width\" content=\"1080\" \/>\n\t<meta property=\"og:image:height\" content=\"1080\" \/>\n\t<meta property=\"og:image:type\" content=\"image\/png\" \/>\n<meta name=\"twitter:card\" content=\"summary_large_image\" \/>\n<meta name=\"twitter:label1\" content=\"Tiempo de lectura\" \/>\n\t<meta name=\"twitter:data1\" content=\"1 minuto\" \/>\n<script type=\"application\/ld+json\" class=\"yoast-schema-graph\">{\"@context\":\"https:\\\/\\\/schema.org\",\"@graph\":[{\"@type\":\"WebPage\",\"@id\":\"https:\\\/\\\/www.stefaniazani.it\\\/es\\\/producto\\\/que-significa-evolucionar\\\/\",\"url\":\"https:\\\/\\\/www.stefaniazani.it\\\/es\\\/producto\\\/que-significa-evolucionar\\\/\",\"name\":\"COSA SIGNIFICA EVOLVERE - Stefania Zani\",\"isPartOf\":{\"@id\":\"https:\\\/\\\/www.stefaniazani.it\\\/#website\"},\"primaryImageOfPage\":{\"@id\":\"https:\\\/\\\/www.stefaniazani.it\\\/es\\\/producto\\\/que-significa-evolucionar\\\/#primaryimage\"},\"image\":{\"@id\":\"https:\\\/\\\/www.stefaniazani.it\\\/es\\\/producto\\\/que-significa-evolucionar\\\/#primaryimage\"},\"thumbnailUrl\":\"\",\"datePublished\":\"2024-09-05T11:25:31+00:00\",\"dateModified\":\"2025-12-07T23:26:40+00:00\",\"description\":\"Lezione con la Dott.ssa Sara Bertino Barbon: scopri cosa significa veramente evolvere, trasformando il conflitto interiore in crescita personale.\",\"breadcrumb\":{\"@id\":\"https:\\\/\\\/www.stefaniazani.it\\\/es\\\/producto\\\/que-significa-evolucionar\\\/#breadcrumb\"},\"inLanguage\":\"es\",\"potentialAction\":[{\"@type\":\"ReadAction\",\"target\":[\"https:\\\/\\\/www.stefaniazani.it\\\/es\\\/producto\\\/que-significa-evolucionar\\\/\"]}]},{\"@type\":\"ImageObject\",\"inLanguage\":\"es\",\"@id\":\"https:\\\/\\\/www.stefaniazani.it\\\/es\\\/producto\\\/que-significa-evolucionar\\\/#primaryimage\",\"url\":\"\",\"contentUrl\":\"\",\"width\":1080,\"height\":1080},{\"@type\":\"BreadcrumbList\",\"@id\":\"https:\\\/\\\/www.stefaniazani.it\\\/es\\\/producto\\\/que-significa-evolucionar\\\/#breadcrumb\",\"itemListElement\":[{\"@type\":\"ListItem\",\"position\":1,\"name\":\"Home\",\"item\":\"https:\\\/\\\/www.stefaniazani.it\\\/\"},{\"@type\":\"ListItem\",\"position\":2,\"name\":\"Shop\",\"item\":\"https:\\\/\\\/www.stefaniazani.it\\\/negozio\\\/\"},{\"@type\":\"ListItem\",\"position\":3,\"name\":\"QU\u00c9 SIGNIFICA EVOLUCIONAR\"}]},{\"@type\":\"WebSite\",\"@id\":\"https:\\\/\\\/www.stefaniazani.it\\\/es\\\/#website\",\"url\":\"https:\\\/\\\/www.stefaniazani.it\\\/es\\\/\",\"name\":\"Stefania Zani\",\"description\":\"\",\"publisher\":{\"@id\":\"https:\\\/\\\/www.stefaniazani.it\\\/es\\\/#organization\"},\"potentialAction\":[{\"@type\":\"SearchAction\",\"target\":{\"@type\":\"EntryPoint\",\"urlTemplate\":\"https:\\\/\\\/www.stefaniazani.it\\\/es\\\/?s={search_term_string}\"},\"query-input\":{\"@type\":\"PropertyValueSpecification\",\"valueRequired\":true,\"valueName\":\"search_term_string\"}}],\"inLanguage\":\"es\"},{\"@type\":\"Organization\",\"@id\":\"https:\\\/\\\/www.stefaniazani.it\\\/es\\\/#organization\",\"name\":\"Stefania Zani Srl\",\"url\":\"https:\\\/\\\/www.stefaniazani.it\\\/es\\\/\",\"logo\":{\"@type\":\"ImageObject\",\"inLanguage\":\"es\",\"@id\":\"https:\\\/\\\/www.stefaniazani.it\\\/es\\\/#\\\/schema\\\/logo\\\/image\\\/\",\"url\":\"https:\\\/\\\/www.stefaniazani.it\\\/wp-content\\\/uploads\\\/2024\\\/03\\\/stefania_zani_logo_start.png\",\"contentUrl\":\"https:\\\/\\\/www.stefaniazani.it\\\/wp-content\\\/uploads\\\/2024\\\/03\\\/stefania_zani_logo_start.png\",\"width\":250,\"height\":50,\"caption\":\"Stefania Zani Srl\"},\"image\":{\"@id\":\"https:\\\/\\\/www.stefaniazani.it\\\/es\\\/#\\\/schema\\\/logo\\\/image\\\/\"},\"sameAs\":[\"https:\\\/\\\/www.facebook.com\\\/p\\\/Stefania-Zani-100087139977126\\\/\",\"https:\\\/\\\/www.instagram.com\\\/stefania__zani\\\/\"]}]}<\/script>\n<!-- \/ Yoast SEO plugin. -->","yoast_head_json":{"title":"QU\u00c9 SIGNIFICA EVOLUCIONAR","description":"Conferencia Grabada Qu\u00e9 significa Evolucionar - Del Conflicto Interno al Crecimiento Personal,Transformando Dificultades en Oportunidades Con la participaci\u00f3n de la Dra. Sara Bertino Barb\u00f3n  Estamos aqu\u00ed en la Tierra para dar a nuestra Alma la oportunidad de evolucionar, pero \u00bfqu\u00e9 significa esto?  y, sobre todo, \u00bfc\u00f3mo hacerlo? Actuamos, predominantemente, impulsados por el inconsciente y esto nos coloca siempre frente a las mismas din\u00e1micas. \u00bfC\u00f3mo despertar? En primer lugar, reconociendo nuestro propio conflicto interno, para transformar las dificultades en oportunidades. Despertar significa precisamente estar presente a uno mismo, no dejarse guiar por nuestro inconsciente. Como dice mi querido Jung, haz consciente el inconsciente, de lo contrario el inconsciente guiar\u00e1 tu vida y lo llamar\u00e1s destino..  El enlace y la contrase\u00f1a para acceder a la grabaci\u00f3n se encuentran en el archivo pdf que llega con el correo electr\u00f3nico de confirmaci\u00f3n autom\u00e1tica del pedido.","robots":{"index":"index","follow":"follow","max-snippet":"max-snippet:-1","max-image-preview":"max-image-preview:large","max-video-preview":"max-video-preview:-1"},"canonical":"Conferencia Grabada Qu\u00e9 significa Evolucionar - Del Conflicto Interno al Crecimiento Personal,Transformando Dificultades en Oportunidades Con la participaci\u00f3n de la Dra. Sara Bertino Barb\u00f3n  Estamos aqu\u00ed en la Tierra para dar a nuestra Alma la oportunidad de evolucionar, pero \u00bfqu\u00e9 significa esto?  y, sobre todo, \u00bfc\u00f3mo hacerlo? Actuamos, predominantemente, impulsados por el inconsciente y esto nos coloca siempre frente a las mismas din\u00e1micas. \u00bfC\u00f3mo despertar? En primer lugar, reconociendo nuestro propio conflicto interno, para transformar las dificultades en oportunidades. Despertar significa precisamente estar presente a uno mismo, no dejarse guiar por nuestro inconsciente. Como dice mi querido Jung, haz consciente el inconsciente, de lo contrario el inconsciente guiar\u00e1 tu vida y lo llamar\u00e1s destino..  El enlace y la contrase\u00f1a para acceder a la grabaci\u00f3n se encuentran en el archivo pdf que llega con el correo electr\u00f3nico de confirmaci\u00f3n autom\u00e1tica del pedido.","og_locale":"es_ES","og_type":"article","og_title":"QU\u00c9 SIGNIFICA EVOLUCIONAR","og_description":"Conferencia Grabada Qu\u00e9 significa Evolucionar - Del Conflicto Interno al Crecimiento Personal,Transformando Dificultades en Oportunidades Con la participaci\u00f3n de la Dra. Sara Bertino Barb\u00f3n  Estamos aqu\u00ed en la Tierra para dar a nuestra Alma la oportunidad de evolucionar, pero \u00bfqu\u00e9 significa esto?  y, sobre todo, \u00bfc\u00f3mo hacerlo? Actuamos, predominantemente, impulsados por el inconsciente y esto nos coloca siempre frente a las mismas din\u00e1micas. \u00bfC\u00f3mo despertar? En primer lugar, reconociendo nuestro propio conflicto interno, para transformar las dificultades en oportunidades. Despertar significa precisamente estar presente a uno mismo, no dejarse guiar por nuestro inconsciente. Como dice mi querido Jung, haz consciente el inconsciente, de lo contrario el inconsciente guiar\u00e1 tu vida y lo llamar\u00e1s destino..  El enlace y la contrase\u00f1a para acceder a la grabaci\u00f3n se encuentran en el archivo pdf que llega con el correo electr\u00f3nico de confirmaci\u00f3n autom\u00e1tica del pedido.","og_url":"https:\/\/www.stefaniazani.it\/es\/producto\/que-significa-evolucionar\/","og_site_name":"Stefania Zani","article_publisher":"https:\/\/www.facebook.com\/p\/Stefania-Zani-100087139977126\/","article_modified_time":"2025-12-07T23:26:40+00:00","og_image":[{"width":1080,"height":1080,"url":"https:\/\/www.stefaniazani.it\/wp-content\/uploads\/2024\/12\/Cosa-Significa-evolvere.png","type":"image\/png"}],"twitter_card":"summary_large_image","twitter_misc":{"Tiempo de lectura":"1 minuto"},"schema":{"@context":"https:\/\/schema.org","@graph":[{"@type":"WebPage","@id":"https:\/\/www.stefaniazani.it\/es\/producto\/que-significa-evolucionar\/","url":"https:\/\/www.stefaniazani.it\/es\/producto\/que-significa-evolucionar\/","name":"COSA SIGNIFICA EVOLVERE - Stefania Zani","isPartOf":{"@id":"https:\/\/www.stefaniazani.it\/#website"},"primaryImageOfPage":{"@id":"https:\/\/www.stefaniazani.it\/es\/producto\/que-significa-evolucionar\/#primaryimage"},"image":{"@id":"https:\/\/www.stefaniazani.it\/es\/producto\/que-significa-evolucionar\/#primaryimage"},"thumbnailUrl":"","datePublished":"2024-09-05T11:25:31+00:00","dateModified":"2025-12-07T23:26:40+00:00","description":"Lezione con la Dott.ssa Sara Bertino Barbon: scopri cosa significa veramente evolvere, trasformando il conflitto interiore in crescita personale.","breadcrumb":{"@id":"https:\/\/www.stefaniazani.it\/es\/producto\/que-significa-evolucionar\/#breadcrumb"},"inLanguage":"es","potentialAction":[{"@type":"ReadAction","target":["https:\/\/www.stefaniazani.it\/es\/producto\/que-significa-evolucionar\/"]}]},{"@type":"ImageObject","inLanguage":"es","@id":"https:\/\/www.stefaniazani.it\/es\/producto\/que-significa-evolucionar\/#primaryimage","url":"","contentUrl":"","width":1080,"height":1080},{"@type":"BreadcrumbList","@id":"https:\/\/www.stefaniazani.it\/es\/producto\/que-significa-evolucionar\/#breadcrumb","itemListElement":[{"@type":"ListItem","position":1,"name":"Home","item":"https:\/\/www.stefaniazani.it\/"},{"@type":"ListItem","position":2,"name":"Shop","item":"https:\/\/www.stefaniazani.it\/negozio\/"},{"@type":"ListItem","position":3,"name":"QU\u00c9 SIGNIFICA EVOLUCIONAR"}]},{"@type":"WebSite","@id":"https:\/\/www.stefaniazani.it\/es\/#website","url":"https:\/\/www.stefaniazani.it\/es\/","name":"Stefania Zani","description":"","publisher":{"@id":"https:\/\/www.stefaniazani.it\/es\/#organization"},"potentialAction":[{"@type":"SearchAction","target":{"@type":"EntryPoint","urlTemplate":"https:\/\/www.stefaniazani.it\/es\/?s={search_term_string}"},"query-input":{"@type":"PropertyValueSpecification","valueRequired":true,"valueName":"search_term_string"}}],"inLanguage":"es"},{"@type":"Organization","@id":"https:\/\/www.stefaniazani.it\/es\/#organization","name":"Stefania Zani Srl","url":"https:\/\/www.stefaniazani.it\/es\/","logo":{"@type":"ImageObject","inLanguage":"es","@id":"https:\/\/www.stefaniazani.it\/es\/#\/schema\/logo\/image\/","url":"https:\/\/www.stefaniazani.it\/wp-content\/uploads\/2024\/03\/stefania_zani_logo_start.png","contentUrl":"https:\/\/www.stefaniazani.it\/wp-content\/uploads\/2024\/03\/stefania_zani_logo_start.png","width":250,"height":50,"caption":"Stefania Zani Srl"},"image":{"@id":"https:\/\/www.stefaniazani.it\/es\/#\/schema\/logo\/image\/"},"sameAs":["https:\/\/www.facebook.com\/p\/Stefania-Zani-100087139977126\/","https:\/\/www.instagram.com\/stefania__zani\/"]}]}},"df_price":35,"df_sale_price":"","df_regular_price":35,"df_image_link":"https:\/\/www.stefaniazani.it\/wp-content\/uploads\/woocommerce-placeholder-300x300.png","_links":{"self":[{"href":"https:\/\/www.stefaniazani.it\/es\/wp-json\/wp\/v2\/product\/8471","targetHints":{"allow":["GET"]}}],"collection":[{"href":"https:\/\/www.stefaniazani.it\/es\/wp-json\/wp\/v2\/product"}],"about":[{"href":"https:\/\/www.stefaniazani.it\/es\/wp-json\/wp\/v2\/types\/product"}],"wp:featuredmedia":[{"embeddable":true,"href":"https:\/\/www.stefaniazani.it\/es\/wp-json\/"}],"wp:attachment":[{"href":"https:\/\/www.stefaniazani.it\/es\/wp-json\/wp\/v2\/media?parent=8471"}],"wp:term":[{"taxonomy":"product_brand","embeddable":true,"href":"https:\/\/www.stefaniazani.it\/es\/wp-json\/wp\/v2\/product_brand?post=8471"},{"taxonomy":"product_cat","embeddable":true,"href":"https:\/\/www.stefaniazani.it\/es\/wp-json\/wp\/v2\/product_cat?post=8471"},{"taxonomy":"product_tag","embeddable":true,"href":"https:\/\/www.stefaniazani.it\/es\/wp-json\/wp\/v2\/product_tag?post=8471"}],"curies":[{"name":"wp","href":"https:\/\/api.w.org\/{rel}","templated":true}]}}