{"id":6570,"date":"2024-07-07T17:22:27","date_gmt":"2024-07-07T15:22:27","guid":{"rendered":"https:\/\/www.stefaniazani.it\/?post_type=product&#038;p=6570"},"modified":"2026-03-13T12:55:57","modified_gmt":"2026-03-13T11:55:57","slug":"lettura-karmica","status":"publish","type":"product","link":"https:\/\/www.stefaniazani.it\/es\/producto\/consulta-individual\/","title":{"rendered":"Consulta individual"},"content":{"rendered":"<p>Consulta individual de una hora.<\/p>\n<p>Una consulta con Lo Esencial es una valiosa oportunidad para investigar tu propio plan energ\u00e9tico, comenzando a comprender qu\u00e9 resistencias necesitan ser disueltas y qu\u00e9 talentos existen, con el fin de traer la Misi\u00f3n de tu Alma a la manifestaci\u00f3n.<br \/>\nEmpiezas investigando el momento presente, luego desarrollas los temas que emergen y respondes a las preguntas que est\u00e1n cerca de tu coraz\u00f3n.<br \/>\nLa v\u00eda olfativa del Alma para conocer y comprender.<\/p>\n","protected":false},"excerpt":{"rendered":"<p>\u00a1Hola!<\/p>\n<p>Por el momento la agenda est\u00e1 cerrada, no acepto citas.<\/p>\n<p>No obstante, si lo deseas, escribiendo a <a href=\\\"mailto:info@accademiaessenziale.it\\\" rel=\\\"noopener\\\" target=\\\"_blank\\\">info@accademiaessenziale.it<\/a> puedes recibir los datos de contacto de los alumnos con m\u00e1s talento de la academia<\/p>\n","protected":false},"featured_media":19303,"template":"","meta":[],"product_brand":[],"product_cat":[47],"product_tag":[],"class_list":{"0":"post-6570","1":"product","2":"type-product","3":"status-publish","4":"has-post-thumbnail","6":"product_cat-consulto","8":"first","9":"instock","10":"virtual","11":"sold-individually","12":"taxable","13":"purchasable","14":"product-type-booking"},"yoast_head":"<!-- This site is optimized with the Yoast SEO plugin v27.5 - https:\/\/yoast.com\/product\/yoast-seo-wordpress\/ -->\n<title>Consulta individual<\/title>\n<meta name=\"description\" content=\"\u00a1Hola!  Por el momento la agenda est\u00e1 cerrada, no acepto citas.  No obstante, si lo deseas, escribiendo a info@accademiaessenziale.it puedes recibir los datos de contacto de los alumnos con m\u00e1s talento de la academia\" \/>\n<meta name=\"robots\" content=\"index, follow, max-snippet:-1, max-image-preview:large, max-video-preview:-1\" \/>\n<link rel=\"canonical\" href=\"http:\/\/\u00a1Hola!%20%20Por%20el%20momento%20la%20agenda%20est\u00e1%20cerrada,%20no%20acepto%20citas.%20%20No%20obstante,%20si%20lo%20deseas,%20escribiendo%20a%20info@accademiaessenziale.it%20puedes%20recibir%20los%20datos%20de%20contacto%20de%20los%20alumnos%20con%20m\u00e1s%20talento%20de%20la%20academia\" \/>\n<meta property=\"og:locale\" content=\"es_ES\" \/>\n<meta property=\"og:type\" content=\"article\" \/>\n<meta property=\"og:title\" content=\"Consulta individual\" \/>\n<meta property=\"og:description\" content=\"\u00a1Hola!  Por el momento la agenda est\u00e1 cerrada, no acepto citas.  No obstante, si lo deseas, escribiendo a info@accademiaessenziale.it puedes recibir los datos de contacto de los alumnos con m\u00e1s talento de la academia\" \/>\n<meta property=\"og:url\" content=\"https:\/\/www.stefaniazani.it\/es\/producto\/consulta-individual\/\" \/>\n<meta property=\"og:site_name\" content=\"Stefania Zani\" \/>\n<meta property=\"article:publisher\" content=\"https:\/\/www.facebook.com\/p\/Stefania-Zani-100087139977126\/\" \/>\n<meta property=\"article:modified_time\" content=\"2026-03-13T11:55:57+00:00\" \/>\n<meta property=\"og:image\" content=\"https:\/\/www.stefaniazani.it\/wp-content\/uploads\/2024\/07\/25.jpg\" \/>\n\t<meta property=\"og:image:width\" content=\"1254\" \/>\n\t<meta property=\"og:image:height\" content=\"1880\" \/>\n\t<meta property=\"og:image:type\" content=\"image\/jpeg\" \/>\n<meta name=\"twitter:card\" content=\"summary_large_image\" \/>\n<meta name=\"twitter:label1\" content=\"Tiempo de lectura\" \/>\n\t<meta name=\"twitter:data1\" content=\"1 minuto\" \/>\n<script type=\"application\/ld+json\" class=\"yoast-schema-graph\">{\"@context\":\"https:\\\/\\\/schema.org\",\"@graph\":[{\"@type\":\"WebPage\",\"@id\":\"https:\\\/\\\/www.stefaniazani.it\\\/es\\\/producto\\\/consulta-individual\\\/\",\"url\":\"https:\\\/\\\/www.stefaniazani.it\\\/es\\\/producto\\\/consulta-individual\\\/\",\"name\":\"Lettura Karmica - Stefania Zani\",\"isPartOf\":{\"@id\":\"https:\\\/\\\/www.stefaniazani.it\\\/#website\"},\"primaryImageOfPage\":{\"@id\":\"https:\\\/\\\/www.stefaniazani.it\\\/es\\\/producto\\\/consulta-individual\\\/#primaryimage\"},\"image\":{\"@id\":\"https:\\\/\\\/www.stefaniazani.it\\\/es\\\/producto\\\/consulta-individual\\\/#primaryimage\"},\"thumbnailUrl\":\"https:\\\/\\\/www.stefaniazani.it\\\/wp-content\\\/uploads\\\/2024\\\/07\\\/25.jpg\",\"datePublished\":\"2024-07-07T15:22:27+00:00\",\"dateModified\":\"2026-03-13T11:55:57+00:00\",\"breadcrumb\":{\"@id\":\"https:\\\/\\\/www.stefaniazani.it\\\/es\\\/producto\\\/consulta-individual\\\/#breadcrumb\"},\"inLanguage\":\"es\",\"potentialAction\":[{\"@type\":\"ReadAction\",\"target\":[\"https:\\\/\\\/www.stefaniazani.it\\\/es\\\/producto\\\/consulta-individual\\\/\"]}]},{\"@type\":\"ImageObject\",\"inLanguage\":\"es\",\"@id\":\"https:\\\/\\\/www.stefaniazani.it\\\/es\\\/producto\\\/consulta-individual\\\/#primaryimage\",\"url\":\"https:\\\/\\\/www.stefaniazani.it\\\/wp-content\\\/uploads\\\/2024\\\/07\\\/25.jpg\",\"contentUrl\":\"https:\\\/\\\/www.stefaniazani.it\\\/wp-content\\\/uploads\\\/2024\\\/07\\\/25.jpg\",\"width\":1254,\"height\":1880},{\"@type\":\"BreadcrumbList\",\"@id\":\"https:\\\/\\\/www.stefaniazani.it\\\/es\\\/producto\\\/consulta-individual\\\/#breadcrumb\",\"itemListElement\":[{\"@type\":\"ListItem\",\"position\":1,\"name\":\"Home\",\"item\":\"https:\\\/\\\/www.stefaniazani.it\\\/\"},{\"@type\":\"ListItem\",\"position\":2,\"name\":\"Shop\",\"item\":\"https:\\\/\\\/www.stefaniazani.it\\\/negozio\\\/\"},{\"@type\":\"ListItem\",\"position\":3,\"name\":\"Consulta individual\"}]},{\"@type\":\"WebSite\",\"@id\":\"https:\\\/\\\/www.stefaniazani.it\\\/es\\\/#website\",\"url\":\"https:\\\/\\\/www.stefaniazani.it\\\/es\\\/\",\"name\":\"Stefania Zani\",\"description\":\"\",\"publisher\":{\"@id\":\"https:\\\/\\\/www.stefaniazani.it\\\/es\\\/#organization\"},\"potentialAction\":[{\"@type\":\"SearchAction\",\"target\":{\"@type\":\"EntryPoint\",\"urlTemplate\":\"https:\\\/\\\/www.stefaniazani.it\\\/es\\\/?s={search_term_string}\"},\"query-input\":{\"@type\":\"PropertyValueSpecification\",\"valueRequired\":true,\"valueName\":\"search_term_string\"}}],\"inLanguage\":\"es\"},{\"@type\":\"Organization\",\"@id\":\"https:\\\/\\\/www.stefaniazani.it\\\/es\\\/#organization\",\"name\":\"Stefania Zani Srl\",\"url\":\"https:\\\/\\\/www.stefaniazani.it\\\/es\\\/\",\"logo\":{\"@type\":\"ImageObject\",\"inLanguage\":\"es\",\"@id\":\"https:\\\/\\\/www.stefaniazani.it\\\/es\\\/#\\\/schema\\\/logo\\\/image\\\/\",\"url\":\"https:\\\/\\\/www.stefaniazani.it\\\/wp-content\\\/uploads\\\/2024\\\/03\\\/stefania_zani_logo_start.png\",\"contentUrl\":\"https:\\\/\\\/www.stefaniazani.it\\\/wp-content\\\/uploads\\\/2024\\\/03\\\/stefania_zani_logo_start.png\",\"width\":250,\"height\":50,\"caption\":\"Stefania Zani Srl\"},\"image\":{\"@id\":\"https:\\\/\\\/www.stefaniazani.it\\\/es\\\/#\\\/schema\\\/logo\\\/image\\\/\"},\"sameAs\":[\"https:\\\/\\\/www.facebook.com\\\/p\\\/Stefania-Zani-100087139977126\\\/\",\"https:\\\/\\\/www.instagram.com\\\/stefania__zani\\\/\"]}]}<\/script>\n<!-- \/ Yoast SEO plugin. -->","yoast_head_json":{"title":"Consulta individual","description":"\u00a1Hola!  Por el momento la agenda est\u00e1 cerrada, no acepto citas.  No obstante, si lo deseas, escribiendo a info@accademiaessenziale.it puedes recibir los datos de contacto de los alumnos con m\u00e1s talento de la academia","robots":{"index":"index","follow":"follow","max-snippet":"max-snippet:-1","max-image-preview":"max-image-preview:large","max-video-preview":"max-video-preview:-1"},"canonical":"\u00a1Hola!  Por el momento la agenda est\u00e1 cerrada, no acepto citas.  No obstante, si lo deseas, escribiendo a info@accademiaessenziale.it puedes recibir los datos de contacto de los alumnos con m\u00e1s talento de la academia","og_locale":"es_ES","og_type":"article","og_title":"Consulta individual","og_description":"\u00a1Hola!  Por el momento la agenda est\u00e1 cerrada, no acepto citas.  No obstante, si lo deseas, escribiendo a info@accademiaessenziale.it puedes recibir los datos de contacto de los alumnos con m\u00e1s talento de la academia","og_url":"https:\/\/www.stefaniazani.it\/es\/producto\/consulta-individual\/","og_site_name":"Stefania Zani","article_publisher":"https:\/\/www.facebook.com\/p\/Stefania-Zani-100087139977126\/","article_modified_time":"2026-03-13T11:55:57+00:00","og_image":[{"width":1254,"height":1880,"url":"https:\/\/www.stefaniazani.it\/wp-content\/uploads\/2024\/07\/25.jpg","type":"image\/jpeg"}],"twitter_card":"summary_large_image","twitter_misc":{"Tiempo de lectura":"1 minuto"},"schema":{"@context":"https:\/\/schema.org","@graph":[{"@type":"WebPage","@id":"https:\/\/www.stefaniazani.it\/es\/producto\/consulta-individual\/","url":"https:\/\/www.stefaniazani.it\/es\/producto\/consulta-individual\/","name":"Lettura Karmica - Stefania Zani","isPartOf":{"@id":"https:\/\/www.stefaniazani.it\/#website"},"primaryImageOfPage":{"@id":"https:\/\/www.stefaniazani.it\/es\/producto\/consulta-individual\/#primaryimage"},"image":{"@id":"https:\/\/www.stefaniazani.it\/es\/producto\/consulta-individual\/#primaryimage"},"thumbnailUrl":"https:\/\/www.stefaniazani.it\/wp-content\/uploads\/2024\/07\/25.jpg","datePublished":"2024-07-07T15:22:27+00:00","dateModified":"2026-03-13T11:55:57+00:00","breadcrumb":{"@id":"https:\/\/www.stefaniazani.it\/es\/producto\/consulta-individual\/#breadcrumb"},"inLanguage":"es","potentialAction":[{"@type":"ReadAction","target":["https:\/\/www.stefaniazani.it\/es\/producto\/consulta-individual\/"]}]},{"@type":"ImageObject","inLanguage":"es","@id":"https:\/\/www.stefaniazani.it\/es\/producto\/consulta-individual\/#primaryimage","url":"https:\/\/www.stefaniazani.it\/wp-content\/uploads\/2024\/07\/25.jpg","contentUrl":"https:\/\/www.stefaniazani.it\/wp-content\/uploads\/2024\/07\/25.jpg","width":1254,"height":1880},{"@type":"BreadcrumbList","@id":"https:\/\/www.stefaniazani.it\/es\/producto\/consulta-individual\/#breadcrumb","itemListElement":[{"@type":"ListItem","position":1,"name":"Home","item":"https:\/\/www.stefaniazani.it\/"},{"@type":"ListItem","position":2,"name":"Shop","item":"https:\/\/www.stefaniazani.it\/negozio\/"},{"@type":"ListItem","position":3,"name":"Consulta individual"}]},{"@type":"WebSite","@id":"https:\/\/www.stefaniazani.it\/es\/#website","url":"https:\/\/www.stefaniazani.it\/es\/","name":"Stefania Zani","description":"","publisher":{"@id":"https:\/\/www.stefaniazani.it\/es\/#organization"},"potentialAction":[{"@type":"SearchAction","target":{"@type":"EntryPoint","urlTemplate":"https:\/\/www.stefaniazani.it\/es\/?s={search_term_string}"},"query-input":{"@type":"PropertyValueSpecification","valueRequired":true,"valueName":"search_term_string"}}],"inLanguage":"es"},{"@type":"Organization","@id":"https:\/\/www.stefaniazani.it\/es\/#organization","name":"Stefania Zani Srl","url":"https:\/\/www.stefaniazani.it\/es\/","logo":{"@type":"ImageObject","inLanguage":"es","@id":"https:\/\/www.stefaniazani.it\/es\/#\/schema\/logo\/image\/","url":"https:\/\/www.stefaniazani.it\/wp-content\/uploads\/2024\/03\/stefania_zani_logo_start.png","contentUrl":"https:\/\/www.stefaniazani.it\/wp-content\/uploads\/2024\/03\/stefania_zani_logo_start.png","width":250,"height":50,"caption":"Stefania Zani Srl"},"image":{"@id":"https:\/\/www.stefaniazani.it\/es\/#\/schema\/logo\/image\/"},"sameAs":["https:\/\/www.facebook.com\/p\/Stefania-Zani-100087139977126\/","https:\/\/www.instagram.com\/stefania__zani\/"]}]}},"df_price":140,"df_sale_price":"","df_regular_price":140,"df_image_link":"https:\/\/www.stefaniazani.it\/wp-content\/uploads\/2024\/07\/25-200x300.jpg","_links":{"self":[{"href":"https:\/\/www.stefaniazani.it\/es\/wp-json\/wp\/v2\/product\/6570","targetHints":{"allow":["GET"]}}],"collection":[{"href":"https:\/\/www.stefaniazani.it\/es\/wp-json\/wp\/v2\/product"}],"about":[{"href":"https:\/\/www.stefaniazani.it\/es\/wp-json\/wp\/v2\/types\/product"}],"wp:featuredmedia":[{"embeddable":true,"href":"https:\/\/www.stefaniazani.it\/es\/wp-json\/wp\/v2\/media\/19303"}],"wp:attachment":[{"href":"https:\/\/www.stefaniazani.it\/es\/wp-json\/wp\/v2\/media?parent=6570"}],"wp:term":[{"taxonomy":"product_brand","embeddable":true,"href":"https:\/\/www.stefaniazani.it\/es\/wp-json\/wp\/v2\/product_brand?post=6570"},{"taxonomy":"product_cat","embeddable":true,"href":"https:\/\/www.stefaniazani.it\/es\/wp-json\/wp\/v2\/product_cat?post=6570"},{"taxonomy":"product_tag","embeddable":true,"href":"https:\/\/www.stefaniazani.it\/es\/wp-json\/wp\/v2\/product_tag?post=6570"}],"curies":[{"name":"wp","href":"https:\/\/api.w.org\/{rel}","templated":true}]}}