{"id":6532,"date":"2024-07-05T22:09:46","date_gmt":"2024-07-05T20:09:46","guid":{"rendered":"https:\/\/www.stefaniazani.it\/?post_type=product&#038;p=6532"},"modified":"2025-12-04T01:20:44","modified_gmt":"2025-12-04T00:20:44","slug":"spiritualita-e-denaro","status":"publish","type":"product","link":"https:\/\/www.stefaniazani.it\/es\/producto\/espiritualidad-y-dinero\/","title":{"rendered":"ESPIRITUALIDAD Y DINERO: ENCONTRAR EL EQUILIBRIO ENTRE EL BIENESTAR MATERIAL Y EL CRECIMIENTO INTERIOR"},"content":{"rendered":"<p>Conferencia grabada &#8211; Espiritualidad y dinero: encontrar el equilibrio entre el bienestar material y el crecimiento interior.<\/p>\n<p>Esta conferencia explorar\u00e1 la compleja relaci\u00f3n entre espiritualidad y dinero, ofreciendo un camino de reflexi\u00f3n y toma de conciencia para comprender c\u00f3mo estas dos dimensiones pueden coexistir armoniosamente.<\/p>\n<p>&#8211; An\u00e1lisis de diferentes culturas y religiones.<br \/>\n&#8211; Exploraci\u00f3n de creencias comunes que dificultan el crecimiento financiero y espiritual.<br \/>\n&#8211; C\u00f3mo el dinero puede ser visto como energ\u00eda y herramienta de crecimiento.<br \/>\n&#8211; Uso consciente del dinero para el bien personal y colectivo.<br \/>\n&#8211; C\u00f3mo la energ\u00eda del dinero se mueve a trav\u00e9s de los Chakras.<\/p>\n<p>Y RECIBIR\u00c1S EL DINERO COMO SI FUERA UN DON DIVINO Y LO GASTAR\u00c1S COMO SI FUERA UN DEBER SAGRADO.<br \/>\nKhalil Gibran<\/p>\n<p><strong>El enlace y la contrase\u00f1a para acceder a la grabaci\u00f3n de la lecci\u00f3n y al Mantra \u00abOM LAKSHMI VIGAN SHRI KAMALA DHARIGAN SVAHA\\\u00bb se encuentran en el archivo pdf que llega con el e-mail de confirmaci\u00f3n autom\u00e1tica del pedido.<\/strong><\/p>\n","protected":false},"excerpt":{"rendered":"<p>Lecci\u00f3n grabada &#8211; \u00abEspiritualidad y dinero: encontrar el equilibrio entre el bienestar material y el crecimiento interior\u00bb <\/p>\n<p>Esta lecci\u00f3n explora la compleja relaci\u00f3n entre espiritualidad y dinero, ofreciendo un camino de reflexi\u00f3n y toma de conciencia para comprender c\u00f3mo estas dos dimensiones pueden coexistir armoniosamente.<\/p>\n<p><strong>El enlace y la contrase\u00f1a para acceder a la grabaci\u00f3n de la lecci\u00f3n se encuentran en el archivo pdf que llega con el correo electr\u00f3nico de confirmaci\u00f3n autom\u00e1tica del pedido.<\/strong><\/p>\n","protected":false},"featured_media":15741,"template":"","meta":[],"product_brand":[],"product_cat":[27],"product_tag":[],"class_list":{"0":"post-6532","1":"product","2":"type-product","3":"status-publish","4":"has-post-thumbnail","6":"product_cat-lezioni","8":"first","9":"instock","10":"downloadable","11":"virtual","12":"taxable","13":"purchasable","14":"product-type-simple"},"yoast_head":"<!-- This site is optimized with the Yoast SEO plugin v27.4 - https:\/\/yoast.com\/product\/yoast-seo-wordpress\/ -->\n<title>ESPIRITUALIDAD Y DINERO: ENCONTRAR EL EQUILIBRIO ENTRE EL BIENESTAR MATERIAL Y EL CRECIMIENTO INTERIOR<\/title>\n<meta name=\"description\" content=\"Lecci\u00f3n grabada - &quot;Espiritualidad y dinero: encontrar el equilibrio entre el bienestar material y el crecimiento interior&quot;   Esta lecci\u00f3n explora la compleja relaci\u00f3n entre espiritualidad y dinero, ofreciendo un camino de reflexi\u00f3n y toma de conciencia para comprender c\u00f3mo estas dos dimensiones pueden coexistir armoniosamente.  El enlace y la contrase\u00f1a para acceder a la grabaci\u00f3n de la lecci\u00f3n se encuentran en el archivo pdf que llega con el correo electr\u00f3nico de confirmaci\u00f3n autom\u00e1tica del pedido.\" \/>\n<meta name=\"robots\" content=\"index, follow, max-snippet:-1, max-image-preview:large, max-video-preview:-1\" \/>\n<link rel=\"canonical\" href=\"\" \/>\n<meta property=\"og:locale\" content=\"es_ES\" \/>\n<meta property=\"og:type\" content=\"article\" \/>\n<meta property=\"og:title\" content=\"ESPIRITUALIDAD Y DINERO: ENCONTRAR EL EQUILIBRIO ENTRE EL BIENESTAR MATERIAL Y EL CRECIMIENTO INTERIOR\" \/>\n<meta property=\"og:description\" content=\"Lecci\u00f3n grabada - &quot;Espiritualidad y dinero: encontrar el equilibrio entre el bienestar material y el crecimiento interior&quot;   Esta lecci\u00f3n explora la compleja relaci\u00f3n entre espiritualidad y dinero, ofreciendo un camino de reflexi\u00f3n y toma de conciencia para comprender c\u00f3mo estas dos dimensiones pueden coexistir armoniosamente.  El enlace y la contrase\u00f1a para acceder a la grabaci\u00f3n de la lecci\u00f3n se encuentran en el archivo pdf que llega con el correo electr\u00f3nico de confirmaci\u00f3n autom\u00e1tica del pedido.\" \/>\n<meta property=\"og:url\" content=\"https:\/\/www.stefaniazani.it\/es\/producto\/espiritualidad-y-dinero\/\" \/>\n<meta property=\"og:site_name\" content=\"Stefania Zani\" \/>\n<meta property=\"article:publisher\" content=\"https:\/\/www.facebook.com\/p\/Stefania-Zani-100087139977126\/\" \/>\n<meta property=\"article:modified_time\" content=\"2025-12-04T00:20:44+00:00\" \/>\n<meta property=\"og:image\" content=\"https:\/\/www.stefaniazani.it\/wp-content\/uploads\/2024\/12\/Spiritualita-e-denaro.png\" \/>\n\t<meta property=\"og:image:width\" content=\"1080\" \/>\n\t<meta property=\"og:image:height\" content=\"1080\" \/>\n\t<meta property=\"og:image:type\" content=\"image\/png\" \/>\n<meta name=\"twitter:card\" content=\"summary_large_image\" \/>\n<meta name=\"twitter:label1\" content=\"Tiempo de lectura\" \/>\n\t<meta name=\"twitter:data1\" content=\"1 minuto\" \/>\n<script type=\"application\/ld+json\" class=\"yoast-schema-graph\">{\"@context\":\"https:\\\/\\\/schema.org\",\"@graph\":[{\"@type\":\"WebPage\",\"@id\":\"https:\\\/\\\/www.stefaniazani.it\\\/es\\\/producto\\\/espiritualidad-y-dinero\\\/\",\"url\":\"https:\\\/\\\/www.stefaniazani.it\\\/es\\\/producto\\\/espiritualidad-y-dinero\\\/\",\"name\":\"SPIRITUALIT\u00c0 E DENARO: TROVARE L'EQUILIBRIO TRA BENESSERE MATERIALE E CRESCITA INTERIORE - Stefania Zani\",\"isPartOf\":{\"@id\":\"https:\\\/\\\/www.stefaniazani.it\\\/#website\"},\"primaryImageOfPage\":{\"@id\":\"https:\\\/\\\/www.stefaniazani.it\\\/es\\\/producto\\\/espiritualidad-y-dinero\\\/#primaryimage\"},\"image\":{\"@id\":\"https:\\\/\\\/www.stefaniazani.it\\\/es\\\/producto\\\/espiritualidad-y-dinero\\\/#primaryimage\"},\"thumbnailUrl\":\"\",\"datePublished\":\"2024-07-05T20:09:46+00:00\",\"dateModified\":\"2025-12-04T00:20:44+00:00\",\"description\":\"Questa lezione esplora il complesso rapporto tra spiritualit\u00e0 e denaro, offrendo un percorso di riflessione e consapevolezza. Clicca qui per saperne di pi\u00f9\",\"breadcrumb\":{\"@id\":\"https:\\\/\\\/www.stefaniazani.it\\\/es\\\/producto\\\/espiritualidad-y-dinero\\\/#breadcrumb\"},\"inLanguage\":\"es\",\"potentialAction\":[{\"@type\":\"ReadAction\",\"target\":[\"https:\\\/\\\/www.stefaniazani.it\\\/es\\\/producto\\\/espiritualidad-y-dinero\\\/\"]}]},{\"@type\":\"ImageObject\",\"inLanguage\":\"es\",\"@id\":\"https:\\\/\\\/www.stefaniazani.it\\\/es\\\/producto\\\/espiritualidad-y-dinero\\\/#primaryimage\",\"url\":\"\",\"contentUrl\":\"\",\"width\":1080,\"height\":1080},{\"@type\":\"BreadcrumbList\",\"@id\":\"https:\\\/\\\/www.stefaniazani.it\\\/es\\\/producto\\\/espiritualidad-y-dinero\\\/#breadcrumb\",\"itemListElement\":[{\"@type\":\"ListItem\",\"position\":1,\"name\":\"Home\",\"item\":\"https:\\\/\\\/www.stefaniazani.it\\\/\"},{\"@type\":\"ListItem\",\"position\":2,\"name\":\"Shop\",\"item\":\"https:\\\/\\\/www.stefaniazani.it\\\/negozio\\\/\"},{\"@type\":\"ListItem\",\"position\":3,\"name\":\"ESPIRITUALIDAD Y DINERO: ENCONTRAR EL EQUILIBRIO ENTRE EL BIENESTAR MATERIAL Y EL CRECIMIENTO INTERIOR\"}]},{\"@type\":\"WebSite\",\"@id\":\"https:\\\/\\\/www.stefaniazani.it\\\/es\\\/#website\",\"url\":\"https:\\\/\\\/www.stefaniazani.it\\\/es\\\/\",\"name\":\"Stefania Zani\",\"description\":\"\",\"publisher\":{\"@id\":\"https:\\\/\\\/www.stefaniazani.it\\\/es\\\/#organization\"},\"potentialAction\":[{\"@type\":\"SearchAction\",\"target\":{\"@type\":\"EntryPoint\",\"urlTemplate\":\"https:\\\/\\\/www.stefaniazani.it\\\/es\\\/?s={search_term_string}\"},\"query-input\":{\"@type\":\"PropertyValueSpecification\",\"valueRequired\":true,\"valueName\":\"search_term_string\"}}],\"inLanguage\":\"es\"},{\"@type\":\"Organization\",\"@id\":\"https:\\\/\\\/www.stefaniazani.it\\\/es\\\/#organization\",\"name\":\"Stefania Zani Srl\",\"url\":\"https:\\\/\\\/www.stefaniazani.it\\\/es\\\/\",\"logo\":{\"@type\":\"ImageObject\",\"inLanguage\":\"es\",\"@id\":\"https:\\\/\\\/www.stefaniazani.it\\\/es\\\/#\\\/schema\\\/logo\\\/image\\\/\",\"url\":\"https:\\\/\\\/www.stefaniazani.it\\\/wp-content\\\/uploads\\\/2024\\\/03\\\/stefania_zani_logo_start.png\",\"contentUrl\":\"https:\\\/\\\/www.stefaniazani.it\\\/wp-content\\\/uploads\\\/2024\\\/03\\\/stefania_zani_logo_start.png\",\"width\":250,\"height\":50,\"caption\":\"Stefania Zani Srl\"},\"image\":{\"@id\":\"https:\\\/\\\/www.stefaniazani.it\\\/es\\\/#\\\/schema\\\/logo\\\/image\\\/\"},\"sameAs\":[\"https:\\\/\\\/www.facebook.com\\\/p\\\/Stefania-Zani-100087139977126\\\/\",\"https:\\\/\\\/www.instagram.com\\\/stefania__zani\\\/\"]}]}<\/script>\n<!-- \/ Yoast SEO plugin. -->","yoast_head_json":{"title":"ESPIRITUALIDAD Y DINERO: ENCONTRAR EL EQUILIBRIO ENTRE EL BIENESTAR MATERIAL Y EL CRECIMIENTO INTERIOR","description":"Lecci\u00f3n grabada - \"Espiritualidad y dinero: encontrar el equilibrio entre el bienestar material y el crecimiento interior\"   Esta lecci\u00f3n explora la compleja relaci\u00f3n entre espiritualidad y dinero, ofreciendo un camino de reflexi\u00f3n y toma de conciencia para comprender c\u00f3mo estas dos dimensiones pueden coexistir armoniosamente.  El enlace y la contrase\u00f1a para acceder a la grabaci\u00f3n de la lecci\u00f3n se encuentran en el archivo pdf que llega con el correo electr\u00f3nico de confirmaci\u00f3n autom\u00e1tica del pedido.","robots":{"index":"index","follow":"follow","max-snippet":"max-snippet:-1","max-image-preview":"max-image-preview:large","max-video-preview":"max-video-preview:-1"},"canonical":"Lecci\u00f3n grabada - \"Espiritualidad y dinero: encontrar el equilibrio entre el bienestar material y el crecimiento interior\"   Esta lecci\u00f3n explora la compleja relaci\u00f3n entre espiritualidad y dinero, ofreciendo un camino de reflexi\u00f3n y toma de conciencia para comprender c\u00f3mo estas dos dimensiones pueden coexistir armoniosamente.  El enlace y la contrase\u00f1a para acceder a la grabaci\u00f3n de la lecci\u00f3n se encuentran en el archivo pdf que llega con el correo electr\u00f3nico de confirmaci\u00f3n autom\u00e1tica del pedido.","og_locale":"es_ES","og_type":"article","og_title":"ESPIRITUALIDAD Y DINERO: ENCONTRAR EL EQUILIBRIO ENTRE EL BIENESTAR MATERIAL Y EL CRECIMIENTO INTERIOR","og_description":"Lecci\u00f3n grabada - \"Espiritualidad y dinero: encontrar el equilibrio entre el bienestar material y el crecimiento interior\"   Esta lecci\u00f3n explora la compleja relaci\u00f3n entre espiritualidad y dinero, ofreciendo un camino de reflexi\u00f3n y toma de conciencia para comprender c\u00f3mo estas dos dimensiones pueden coexistir armoniosamente.  El enlace y la contrase\u00f1a para acceder a la grabaci\u00f3n de la lecci\u00f3n se encuentran en el archivo pdf que llega con el correo electr\u00f3nico de confirmaci\u00f3n autom\u00e1tica del pedido.","og_url":"https:\/\/www.stefaniazani.it\/es\/producto\/espiritualidad-y-dinero\/","og_site_name":"Stefania Zani","article_publisher":"https:\/\/www.facebook.com\/p\/Stefania-Zani-100087139977126\/","article_modified_time":"2025-12-04T00:20:44+00:00","og_image":[{"width":1080,"height":1080,"url":"https:\/\/www.stefaniazani.it\/wp-content\/uploads\/2024\/12\/Spiritualita-e-denaro.png","type":"image\/png"}],"twitter_card":"summary_large_image","twitter_misc":{"Tiempo de lectura":"1 minuto"},"schema":{"@context":"https:\/\/schema.org","@graph":[{"@type":"WebPage","@id":"https:\/\/www.stefaniazani.it\/es\/producto\/espiritualidad-y-dinero\/","url":"https:\/\/www.stefaniazani.it\/es\/producto\/espiritualidad-y-dinero\/","name":"SPIRITUALIT\u00c0 E DENARO: TROVARE L'EQUILIBRIO TRA BENESSERE MATERIALE E CRESCITA INTERIORE - Stefania Zani","isPartOf":{"@id":"https:\/\/www.stefaniazani.it\/#website"},"primaryImageOfPage":{"@id":"https:\/\/www.stefaniazani.it\/es\/producto\/espiritualidad-y-dinero\/#primaryimage"},"image":{"@id":"https:\/\/www.stefaniazani.it\/es\/producto\/espiritualidad-y-dinero\/#primaryimage"},"thumbnailUrl":"","datePublished":"2024-07-05T20:09:46+00:00","dateModified":"2025-12-04T00:20:44+00:00","description":"Questa lezione esplora il complesso rapporto tra spiritualit\u00e0 e denaro, offrendo un percorso di riflessione e consapevolezza. Clicca qui per saperne di pi\u00f9","breadcrumb":{"@id":"https:\/\/www.stefaniazani.it\/es\/producto\/espiritualidad-y-dinero\/#breadcrumb"},"inLanguage":"es","potentialAction":[{"@type":"ReadAction","target":["https:\/\/www.stefaniazani.it\/es\/producto\/espiritualidad-y-dinero\/"]}]},{"@type":"ImageObject","inLanguage":"es","@id":"https:\/\/www.stefaniazani.it\/es\/producto\/espiritualidad-y-dinero\/#primaryimage","url":"","contentUrl":"","width":1080,"height":1080},{"@type":"BreadcrumbList","@id":"https:\/\/www.stefaniazani.it\/es\/producto\/espiritualidad-y-dinero\/#breadcrumb","itemListElement":[{"@type":"ListItem","position":1,"name":"Home","item":"https:\/\/www.stefaniazani.it\/"},{"@type":"ListItem","position":2,"name":"Shop","item":"https:\/\/www.stefaniazani.it\/negozio\/"},{"@type":"ListItem","position":3,"name":"ESPIRITUALIDAD Y DINERO: ENCONTRAR EL EQUILIBRIO ENTRE EL BIENESTAR MATERIAL Y EL CRECIMIENTO INTERIOR"}]},{"@type":"WebSite","@id":"https:\/\/www.stefaniazani.it\/es\/#website","url":"https:\/\/www.stefaniazani.it\/es\/","name":"Stefania Zani","description":"","publisher":{"@id":"https:\/\/www.stefaniazani.it\/es\/#organization"},"potentialAction":[{"@type":"SearchAction","target":{"@type":"EntryPoint","urlTemplate":"https:\/\/www.stefaniazani.it\/es\/?s={search_term_string}"},"query-input":{"@type":"PropertyValueSpecification","valueRequired":true,"valueName":"search_term_string"}}],"inLanguage":"es"},{"@type":"Organization","@id":"https:\/\/www.stefaniazani.it\/es\/#organization","name":"Stefania Zani Srl","url":"https:\/\/www.stefaniazani.it\/es\/","logo":{"@type":"ImageObject","inLanguage":"es","@id":"https:\/\/www.stefaniazani.it\/es\/#\/schema\/logo\/image\/","url":"https:\/\/www.stefaniazani.it\/wp-content\/uploads\/2024\/03\/stefania_zani_logo_start.png","contentUrl":"https:\/\/www.stefaniazani.it\/wp-content\/uploads\/2024\/03\/stefania_zani_logo_start.png","width":250,"height":50,"caption":"Stefania Zani Srl"},"image":{"@id":"https:\/\/www.stefaniazani.it\/es\/#\/schema\/logo\/image\/"},"sameAs":["https:\/\/www.facebook.com\/p\/Stefania-Zani-100087139977126\/","https:\/\/www.instagram.com\/stefania__zani\/"]}]}},"df_price":35,"df_sale_price":"","df_regular_price":35,"df_image_link":"https:\/\/www.stefaniazani.it\/wp-content\/uploads\/woocommerce-placeholder-300x300.png","_links":{"self":[{"href":"https:\/\/www.stefaniazani.it\/es\/wp-json\/wp\/v2\/product\/6532","targetHints":{"allow":["GET"]}}],"collection":[{"href":"https:\/\/www.stefaniazani.it\/es\/wp-json\/wp\/v2\/product"}],"about":[{"href":"https:\/\/www.stefaniazani.it\/es\/wp-json\/wp\/v2\/types\/product"}],"wp:featuredmedia":[{"embeddable":true,"href":"https:\/\/www.stefaniazani.it\/es\/wp-json\/"}],"wp:attachment":[{"href":"https:\/\/www.stefaniazani.it\/es\/wp-json\/wp\/v2\/media?parent=6532"}],"wp:term":[{"taxonomy":"product_brand","embeddable":true,"href":"https:\/\/www.stefaniazani.it\/es\/wp-json\/wp\/v2\/product_brand?post=6532"},{"taxonomy":"product_cat","embeddable":true,"href":"https:\/\/www.stefaniazani.it\/es\/wp-json\/wp\/v2\/product_cat?post=6532"},{"taxonomy":"product_tag","embeddable":true,"href":"https:\/\/www.stefaniazani.it\/es\/wp-json\/wp\/v2\/product_tag?post=6532"}],"curies":[{"name":"wp","href":"https:\/\/api.w.org\/{rel}","templated":true}]}}