{"id":4808,"date":"2024-06-03T13:28:28","date_gmt":"2024-06-03T12:28:28","guid":{"rendered":"https:\/\/stefaniazani.ilfondaco.it\/?post_type=product&#038;p=4808"},"modified":"2025-12-19T00:52:39","modified_gmt":"2025-12-18T23:52:39","slug":"amore-e-psiche-primo-incontro","status":"publish","type":"product","link":"https:\/\/www.stefaniazani.it\/es\/producto\/amor-y-psique-primer-encuentro\/","title":{"rendered":"AMOR Y PSIQUE - PRIMER ENCUENTRO"},"content":{"rendered":"<p>Lezione registrata &#8211; Amore e Psiche, primo incontro<br \/>\nCon la partecipazione della <strong><em>Dott.ssa Mara Gallo<\/em><\/strong> psicoterapeuta, terapeuta EMDR, specializzata in psicotraumatologia e in mindfulness clinica<\/p>\n<p>Come vivere la Coppia sacra fra narcisismo dipendenze e incontri karmici.<\/p>\n<p>Un percorso che sia un contributo a tutti coloro uomini e donne che stanno cercando di crescere lungo la via che unisce l\u2019amore umano all\u2019amore divino. Il rapporto di coppia \u00e8 fondamentale ai fini della trasformazione qualitativa dell\u2019umanit\u00e0, poich\u00e9 amando l\u2019altro andiamo in incontro alla nostra componente divina.<\/p>\n<p>Questo incontro \u00e8 il primo di un percorso fatto di tre incontri, per chi desidera seguirli tutti e tre c&#8217;\u00e8 uno sconto del 15%. Per avere lo sconto \u00e8 necessario acquistare tutti e tre gli incontri insieme in un unico ordine.<\/p>\n<ul>\n<li> <a href=\"https:\/\/www.stefaniazani.it\/prodotto\/amore-e-psiche-secondo-incontro\/\">Secondo incontro<\/a><\/li>\n<li> <a href=\"https:\/\/www.stefaniazani.it\/prodotto\/amore-e-psiche-terzo-incontro\/\">Terzo incontro<\/a><\/li>\n<\/ul>\n<p><strong>Il link zoom per accedere alla registrazione dell&#8217;incontro \u00abAmore e Psiche\u00bb lo trovi all&#8217;interno del file pdf che arriva insieme alla mail automatica di conferma dell&#8217;ordine.<\/strong><\/p>\n","protected":false},"excerpt":{"rendered":"<p>Conferencia grabada &#8211; Amor y Psique, primer encuentro Con la participaci\u00f3n de <strong><em>la Dra. Mara Gallo<\/em><\/strong> psicoterapeuta, terapeuta EMDR, especializada en psicotraumatolog\u00eda y cl\u00ednica mindfulness<\/p>\n<p>C\u00f3mo vivir la Pareja Sagrada entre narcisismos adicciones y encuentros k\u00e1rmicos.<\/p>\n<p>Un camino que es un aporte para todos aquellos hombres y mujeres que intentan crecer en el camino que une el amor humano con el amor divino. La relaci\u00f3n de pareja es fundamental para la transformaci\u00f3n cualitativa de la humanidad, ya que amando al otro nos encontramos con nuestro componente divino.<\/p>\n<p>Este encuentro es el primero de un camino compuesto por tres encuentros; para quienes deseen seguir los tres hay un 15% de descuento.<\/p>\n<p><strong>El enlace zoom para acceder a la grabaci\u00f3n del encuentro se encuentra en el archivo pdf que llega con el correo electr\u00f3nico de confirmaci\u00f3n autom\u00e1tica del pedido.<\/strong><\/p>\n","protected":false},"featured_media":15759,"template":"","meta":[],"product_brand":[],"product_cat":[27],"product_tag":[],"class_list":{"0":"post-4808","1":"product","2":"type-product","3":"status-publish","4":"has-post-thumbnail","6":"product_cat-lezioni","8":"first","9":"instock","10":"downloadable","11":"virtual","12":"taxable","13":"purchasable","14":"product-type-simple"},"yoast_head":"<!-- This site is optimized with the Yoast SEO plugin v27.5 - https:\/\/yoast.com\/product\/yoast-seo-wordpress\/ -->\n<title>AMOR Y PSIQUE - PRIMER ENCUENTRO<\/title>\n<meta name=\"description\" content=\"Conferencia grabada - Amor y Psique, primer encuentro Con la participaci\u00f3n de la Dra. Mara Gallo psicoterapeuta, terapeuta EMDR, especializada en psicotraumatolog\u00eda y cl\u00ednica mindfulness  C\u00f3mo vivir la Pareja Sagrada entre narcisismos adicciones y encuentros k\u00e1rmicos.  Un camino que es un aporte para todos aquellos hombres y mujeres que intentan crecer en el camino que une el amor humano con el amor divino. La relaci\u00f3n de pareja es fundamental para la transformaci\u00f3n cualitativa de la humanidad, ya que amando al otro nos encontramos con nuestro componente divino.  Este encuentro es el primero de un camino compuesto por tres encuentros; para quienes deseen seguir los tres hay un 15% de descuento.  El enlace zoom para acceder a la grabaci\u00f3n del encuentro se encuentra en el archivo pdf que llega con el correo electr\u00f3nico de confirmaci\u00f3n autom\u00e1tica del pedido.\" \/>\n<meta name=\"robots\" content=\"index, follow, max-snippet:-1, max-image-preview:large, max-video-preview:-1\" \/>\n<link rel=\"canonical\" href=\"http:\/\/Conferencia%20grabada%20-%20Amor%20y%20Psique,%20primer%20encuentro%20Con%20la%20participaci\u00f3n%20de%20la%20Dra.%20Mara%20Gallo%20psicoterapeuta,%20terapeuta%20EMDR,%20especializada%20en%20psicotraumatolog\u00eda%20y%20cl\u00ednica%20mindfulness%20%20C\u00f3mo%20vivir%20la%20Pareja%20Sagrada%20entre%20narcisismos%20adicciones%20y%20encuentros%20k\u00e1rmicos.%20%20Un%20camino%20que%20es%20un%20aporte%20para%20todos%20aquellos%20hombres%20y%20mujeres%20que%20intentan%20crecer%20en%20el%20camino%20que%20une%20el%20amor%20humano%20con%20el%20amor%20divino.%20La%20relaci\u00f3n%20de%20pareja%20es%20fundamental%20para%20la%20transformaci\u00f3n%20cualitativa%20de%20la%20humanidad,%20ya%20que%20amando%20al%20otro%20nos%20encontramos%20con%20nuestro%20componente%20divino.%20%20Este%20encuentro%20es%20el%20primero%20de%20un%20camino%20compuesto%20por%20tres%20encuentros;%20para%20quienes%20deseen%20seguir%20los%20tres%20hay%20un%2015%%20de%20descuento.%20%20El%20enlace%20zoom%20para%20acceder%20a%20la%20grabaci\u00f3n%20del%20encuentro%20se%20encuentra%20en%20el%20archivo%20pdf%20que%20llega%20con%20el%20correo%20electr\u00f3nico%20de%20confirmaci\u00f3n%20autom\u00e1tica%20del%20pedido.\" \/>\n<meta property=\"og:locale\" content=\"es_ES\" \/>\n<meta property=\"og:type\" content=\"article\" \/>\n<meta property=\"og:title\" content=\"AMOR Y PSIQUE - PRIMER ENCUENTRO\" \/>\n<meta property=\"og:description\" content=\"Conferencia grabada - Amor y Psique, primer encuentro Con la participaci\u00f3n de la Dra. Mara Gallo psicoterapeuta, terapeuta EMDR, especializada en psicotraumatolog\u00eda y cl\u00ednica mindfulness  C\u00f3mo vivir la Pareja Sagrada entre narcisismos adicciones y encuentros k\u00e1rmicos.  Un camino que es un aporte para todos aquellos hombres y mujeres que intentan crecer en el camino que une el amor humano con el amor divino. La relaci\u00f3n de pareja es fundamental para la transformaci\u00f3n cualitativa de la humanidad, ya que amando al otro nos encontramos con nuestro componente divino.  Este encuentro es el primero de un camino compuesto por tres encuentros; para quienes deseen seguir los tres hay un 15% de descuento.  El enlace zoom para acceder a la grabaci\u00f3n del encuentro se encuentra en el archivo pdf que llega con el correo electr\u00f3nico de confirmaci\u00f3n autom\u00e1tica del pedido.\" \/>\n<meta property=\"og:url\" content=\"https:\/\/www.stefaniazani.it\/es\/producto\/amor-y-psique-primer-encuentro\/\" \/>\n<meta property=\"og:site_name\" content=\"Stefania Zani\" \/>\n<meta property=\"article:publisher\" content=\"https:\/\/www.facebook.com\/p\/Stefania-Zani-100087139977126\/\" \/>\n<meta property=\"article:modified_time\" content=\"2025-12-18T23:52:39+00:00\" \/>\n<meta property=\"og:image\" content=\"https:\/\/www.stefaniazani.it\/wp-content\/uploads\/2024\/07\/Amore-e-Psiche-primo-incontro-2.png\" \/>\n\t<meta property=\"og:image:width\" content=\"1080\" \/>\n\t<meta property=\"og:image:height\" content=\"1080\" \/>\n\t<meta property=\"og:image:type\" content=\"image\/png\" \/>\n<meta name=\"twitter:card\" content=\"summary_large_image\" \/>\n<meta name=\"twitter:label1\" content=\"Tiempo de lectura\" \/>\n\t<meta name=\"twitter:data1\" content=\"2 minutos\" \/>\n<script type=\"application\/ld+json\" class=\"yoast-schema-graph\">{\"@context\":\"https:\\\/\\\/schema.org\",\"@graph\":[{\"@type\":\"WebPage\",\"@id\":\"https:\\\/\\\/www.stefaniazani.it\\\/es\\\/producto\\\/amor-y-psique-primer-encuentro\\\/\",\"url\":\"https:\\\/\\\/www.stefaniazani.it\\\/es\\\/producto\\\/amor-y-psique-primer-encuentro\\\/\",\"name\":\"AMORE E PSICHE - PRIMO INCONTRO - Stefania Zani\",\"isPartOf\":{\"@id\":\"https:\\\/\\\/www.stefaniazani.it\\\/#website\"},\"primaryImageOfPage\":{\"@id\":\"https:\\\/\\\/www.stefaniazani.it\\\/es\\\/producto\\\/amor-y-psique-primer-encuentro\\\/#primaryimage\"},\"image\":{\"@id\":\"https:\\\/\\\/www.stefaniazani.it\\\/es\\\/producto\\\/amor-y-psique-primer-encuentro\\\/#primaryimage\"},\"thumbnailUrl\":\"\",\"datePublished\":\"2024-06-03T12:28:28+00:00\",\"dateModified\":\"2025-12-18T23:52:39+00:00\",\"description\":\"Lezione online Amore e Psiche con la psicoterapeuta Mara Gallo. Come vivere la Coppia sacra fra narcisismo dipendenze e incontri karmici\",\"breadcrumb\":{\"@id\":\"https:\\\/\\\/www.stefaniazani.it\\\/es\\\/producto\\\/amor-y-psique-primer-encuentro\\\/#breadcrumb\"},\"inLanguage\":\"es\",\"potentialAction\":[{\"@type\":\"ReadAction\",\"target\":[\"https:\\\/\\\/www.stefaniazani.it\\\/es\\\/producto\\\/amor-y-psique-primer-encuentro\\\/\"]}]},{\"@type\":\"ImageObject\",\"inLanguage\":\"es\",\"@id\":\"https:\\\/\\\/www.stefaniazani.it\\\/es\\\/producto\\\/amor-y-psique-primer-encuentro\\\/#primaryimage\",\"url\":\"\",\"contentUrl\":\"\",\"width\":1080,\"height\":1080},{\"@type\":\"BreadcrumbList\",\"@id\":\"https:\\\/\\\/www.stefaniazani.it\\\/es\\\/producto\\\/amor-y-psique-primer-encuentro\\\/#breadcrumb\",\"itemListElement\":[{\"@type\":\"ListItem\",\"position\":1,\"name\":\"Home\",\"item\":\"https:\\\/\\\/www.stefaniazani.it\\\/\"},{\"@type\":\"ListItem\",\"position\":2,\"name\":\"Shop\",\"item\":\"https:\\\/\\\/www.stefaniazani.it\\\/negozio\\\/\"},{\"@type\":\"ListItem\",\"position\":3,\"name\":\"AMOR Y PSIQUE - PRIMER ENCUENTRO\"}]},{\"@type\":\"WebSite\",\"@id\":\"https:\\\/\\\/www.stefaniazani.it\\\/es\\\/#website\",\"url\":\"https:\\\/\\\/www.stefaniazani.it\\\/es\\\/\",\"name\":\"Stefania Zani\",\"description\":\"\",\"publisher\":{\"@id\":\"https:\\\/\\\/www.stefaniazani.it\\\/es\\\/#organization\"},\"potentialAction\":[{\"@type\":\"SearchAction\",\"target\":{\"@type\":\"EntryPoint\",\"urlTemplate\":\"https:\\\/\\\/www.stefaniazani.it\\\/es\\\/?s={search_term_string}\"},\"query-input\":{\"@type\":\"PropertyValueSpecification\",\"valueRequired\":true,\"valueName\":\"search_term_string\"}}],\"inLanguage\":\"es\"},{\"@type\":\"Organization\",\"@id\":\"https:\\\/\\\/www.stefaniazani.it\\\/es\\\/#organization\",\"name\":\"Stefania Zani Srl\",\"url\":\"https:\\\/\\\/www.stefaniazani.it\\\/es\\\/\",\"logo\":{\"@type\":\"ImageObject\",\"inLanguage\":\"es\",\"@id\":\"https:\\\/\\\/www.stefaniazani.it\\\/es\\\/#\\\/schema\\\/logo\\\/image\\\/\",\"url\":\"https:\\\/\\\/www.stefaniazani.it\\\/wp-content\\\/uploads\\\/2024\\\/03\\\/stefania_zani_logo_start.png\",\"contentUrl\":\"https:\\\/\\\/www.stefaniazani.it\\\/wp-content\\\/uploads\\\/2024\\\/03\\\/stefania_zani_logo_start.png\",\"width\":250,\"height\":50,\"caption\":\"Stefania Zani Srl\"},\"image\":{\"@id\":\"https:\\\/\\\/www.stefaniazani.it\\\/es\\\/#\\\/schema\\\/logo\\\/image\\\/\"},\"sameAs\":[\"https:\\\/\\\/www.facebook.com\\\/p\\\/Stefania-Zani-100087139977126\\\/\",\"https:\\\/\\\/www.instagram.com\\\/stefania__zani\\\/\"]}]}<\/script>\n<!-- \/ Yoast SEO plugin. -->","yoast_head_json":{"title":"AMOR Y PSIQUE - PRIMER ENCUENTRO","description":"Conferencia grabada - Amor y Psique, primer encuentro Con la participaci\u00f3n de la Dra. Mara Gallo psicoterapeuta, terapeuta EMDR, especializada en psicotraumatolog\u00eda y cl\u00ednica mindfulness  C\u00f3mo vivir la Pareja Sagrada entre narcisismos adicciones y encuentros k\u00e1rmicos.  Un camino que es un aporte para todos aquellos hombres y mujeres que intentan crecer en el camino que une el amor humano con el amor divino. La relaci\u00f3n de pareja es fundamental para la transformaci\u00f3n cualitativa de la humanidad, ya que amando al otro nos encontramos con nuestro componente divino.  Este encuentro es el primero de un camino compuesto por tres encuentros; para quienes deseen seguir los tres hay un 15% de descuento.  El enlace zoom para acceder a la grabaci\u00f3n del encuentro se encuentra en el archivo pdf que llega con el correo electr\u00f3nico de confirmaci\u00f3n autom\u00e1tica del pedido.","robots":{"index":"index","follow":"follow","max-snippet":"max-snippet:-1","max-image-preview":"max-image-preview:large","max-video-preview":"max-video-preview:-1"},"canonical":"Conferencia grabada - Amor y Psique, primer encuentro Con la participaci\u00f3n de la Dra. Mara Gallo psicoterapeuta, terapeuta EMDR, especializada en psicotraumatolog\u00eda y cl\u00ednica mindfulness  C\u00f3mo vivir la Pareja Sagrada entre narcisismos adicciones y encuentros k\u00e1rmicos.  Un camino que es un aporte para todos aquellos hombres y mujeres que intentan crecer en el camino que une el amor humano con el amor divino. La relaci\u00f3n de pareja es fundamental para la transformaci\u00f3n cualitativa de la humanidad, ya que amando al otro nos encontramos con nuestro componente divino.  Este encuentro es el primero de un camino compuesto por tres encuentros; para quienes deseen seguir los tres hay un 15% de descuento.  El enlace zoom para acceder a la grabaci\u00f3n del encuentro se encuentra en el archivo pdf que llega con el correo electr\u00f3nico de confirmaci\u00f3n autom\u00e1tica del pedido.","og_locale":"es_ES","og_type":"article","og_title":"AMOR Y PSIQUE - PRIMER ENCUENTRO","og_description":"Conferencia grabada - Amor y Psique, primer encuentro Con la participaci\u00f3n de la Dra. Mara Gallo psicoterapeuta, terapeuta EMDR, especializada en psicotraumatolog\u00eda y cl\u00ednica mindfulness  C\u00f3mo vivir la Pareja Sagrada entre narcisismos adicciones y encuentros k\u00e1rmicos.  Un camino que es un aporte para todos aquellos hombres y mujeres que intentan crecer en el camino que une el amor humano con el amor divino. La relaci\u00f3n de pareja es fundamental para la transformaci\u00f3n cualitativa de la humanidad, ya que amando al otro nos encontramos con nuestro componente divino.  Este encuentro es el primero de un camino compuesto por tres encuentros; para quienes deseen seguir los tres hay un 15% de descuento.  El enlace zoom para acceder a la grabaci\u00f3n del encuentro se encuentra en el archivo pdf que llega con el correo electr\u00f3nico de confirmaci\u00f3n autom\u00e1tica del pedido.","og_url":"https:\/\/www.stefaniazani.it\/es\/producto\/amor-y-psique-primer-encuentro\/","og_site_name":"Stefania Zani","article_publisher":"https:\/\/www.facebook.com\/p\/Stefania-Zani-100087139977126\/","article_modified_time":"2025-12-18T23:52:39+00:00","og_image":[{"width":1080,"height":1080,"url":"https:\/\/www.stefaniazani.it\/wp-content\/uploads\/2024\/07\/Amore-e-Psiche-primo-incontro-2.png","type":"image\/png"}],"twitter_card":"summary_large_image","twitter_misc":{"Tiempo de lectura":"2 minutos"},"schema":{"@context":"https:\/\/schema.org","@graph":[{"@type":"WebPage","@id":"https:\/\/www.stefaniazani.it\/es\/producto\/amor-y-psique-primer-encuentro\/","url":"https:\/\/www.stefaniazani.it\/es\/producto\/amor-y-psique-primer-encuentro\/","name":"AMORE E PSICHE - PRIMO INCONTRO - Stefania Zani","isPartOf":{"@id":"https:\/\/www.stefaniazani.it\/#website"},"primaryImageOfPage":{"@id":"https:\/\/www.stefaniazani.it\/es\/producto\/amor-y-psique-primer-encuentro\/#primaryimage"},"image":{"@id":"https:\/\/www.stefaniazani.it\/es\/producto\/amor-y-psique-primer-encuentro\/#primaryimage"},"thumbnailUrl":"","datePublished":"2024-06-03T12:28:28+00:00","dateModified":"2025-12-18T23:52:39+00:00","description":"Lezione online Amore e Psiche con la psicoterapeuta Mara Gallo. Come vivere la Coppia sacra fra narcisismo dipendenze e incontri karmici","breadcrumb":{"@id":"https:\/\/www.stefaniazani.it\/es\/producto\/amor-y-psique-primer-encuentro\/#breadcrumb"},"inLanguage":"es","potentialAction":[{"@type":"ReadAction","target":["https:\/\/www.stefaniazani.it\/es\/producto\/amor-y-psique-primer-encuentro\/"]}]},{"@type":"ImageObject","inLanguage":"es","@id":"https:\/\/www.stefaniazani.it\/es\/producto\/amor-y-psique-primer-encuentro\/#primaryimage","url":"","contentUrl":"","width":1080,"height":1080},{"@type":"BreadcrumbList","@id":"https:\/\/www.stefaniazani.it\/es\/producto\/amor-y-psique-primer-encuentro\/#breadcrumb","itemListElement":[{"@type":"ListItem","position":1,"name":"Home","item":"https:\/\/www.stefaniazani.it\/"},{"@type":"ListItem","position":2,"name":"Shop","item":"https:\/\/www.stefaniazani.it\/negozio\/"},{"@type":"ListItem","position":3,"name":"AMOR Y PSIQUE - PRIMER ENCUENTRO"}]},{"@type":"WebSite","@id":"https:\/\/www.stefaniazani.it\/es\/#website","url":"https:\/\/www.stefaniazani.it\/es\/","name":"Stefania Zani","description":"","publisher":{"@id":"https:\/\/www.stefaniazani.it\/es\/#organization"},"potentialAction":[{"@type":"SearchAction","target":{"@type":"EntryPoint","urlTemplate":"https:\/\/www.stefaniazani.it\/es\/?s={search_term_string}"},"query-input":{"@type":"PropertyValueSpecification","valueRequired":true,"valueName":"search_term_string"}}],"inLanguage":"es"},{"@type":"Organization","@id":"https:\/\/www.stefaniazani.it\/es\/#organization","name":"Stefania Zani Srl","url":"https:\/\/www.stefaniazani.it\/es\/","logo":{"@type":"ImageObject","inLanguage":"es","@id":"https:\/\/www.stefaniazani.it\/es\/#\/schema\/logo\/image\/","url":"https:\/\/www.stefaniazani.it\/wp-content\/uploads\/2024\/03\/stefania_zani_logo_start.png","contentUrl":"https:\/\/www.stefaniazani.it\/wp-content\/uploads\/2024\/03\/stefania_zani_logo_start.png","width":250,"height":50,"caption":"Stefania Zani Srl"},"image":{"@id":"https:\/\/www.stefaniazani.it\/es\/#\/schema\/logo\/image\/"},"sameAs":["https:\/\/www.facebook.com\/p\/Stefania-Zani-100087139977126\/","https:\/\/www.instagram.com\/stefania__zani\/"]}]}},"df_price":50,"df_sale_price":"","df_regular_price":50,"df_image_link":"https:\/\/www.stefaniazani.it\/wp-content\/uploads\/woocommerce-placeholder-300x300.png","_links":{"self":[{"href":"https:\/\/www.stefaniazani.it\/es\/wp-json\/wp\/v2\/product\/4808","targetHints":{"allow":["GET"]}}],"collection":[{"href":"https:\/\/www.stefaniazani.it\/es\/wp-json\/wp\/v2\/product"}],"about":[{"href":"https:\/\/www.stefaniazani.it\/es\/wp-json\/wp\/v2\/types\/product"}],"wp:featuredmedia":[{"embeddable":true,"href":"https:\/\/www.stefaniazani.it\/es\/wp-json\/"}],"wp:attachment":[{"href":"https:\/\/www.stefaniazani.it\/es\/wp-json\/wp\/v2\/media?parent=4808"}],"wp:term":[{"taxonomy":"product_brand","embeddable":true,"href":"https:\/\/www.stefaniazani.it\/es\/wp-json\/wp\/v2\/product_brand?post=4808"},{"taxonomy":"product_cat","embeddable":true,"href":"https:\/\/www.stefaniazani.it\/es\/wp-json\/wp\/v2\/product_cat?post=4808"},{"taxonomy":"product_tag","embeddable":true,"href":"https:\/\/www.stefaniazani.it\/es\/wp-json\/wp\/v2\/product_tag?post=4808"}],"curies":[{"name":"wp","href":"https:\/\/api.w.org\/{rel}","templated":true}]}}