{"id":3780,"date":"2024-05-28T14:40:01","date_gmt":"2024-05-28T13:40:01","guid":{"rendered":"https:\/\/stefaniazani.ilfondaco.it\/?post_type=product&#038;p=3780"},"modified":"2026-04-01T18:11:21","modified_gmt":"2026-04-01T16:11:21","slug":"workshop-online-conosci-la-tua-maschera","status":"publish","type":"product","link":"https:\/\/www.stefaniazani.it\/es\/producto\/taller-online-conozca-su-mascara\/","title":{"rendered":"TALLER EN L\u00cdNEA - \u00bfCONOCES TU M\u00c1SCARA?"},"content":{"rendered":"<p>Taller en l\u00ednea &#8211; \u00bfConoces tu m\u00e1scara?<br \/>\nPasar de las m\u00e1scaras inconscientes a la m\u00e1scara de la autenticidad.<br \/>\nCon la participaci\u00f3n de <strong><em>Zuleika Fusco<\/em><\/strong><\/p>\n<p><strong>\u00abEl hombre es menos \u00e9l mismo cuando habla en primera persona. Dale una m\u00e1scara y te dir\u00e1<\/strong><strong>la verdad\u00bb. &#8211; OSCAR WILDE<\/strong><\/p>\n<p>\u00bfSe puede vivir sin m\u00e1scaras? El m\u00edstico Gurdjieff dec\u00eda que no es posible sobrevivir como corderos en un mundo de lobos. As\u00ed que uno no puede permanecer desprotegido, completamente expuesto a la vida.<\/p>\n<p>La m\u00e1scara se ha estructurado como una respuesta a nuestras heridas infantiles, como una estrategia inconsciente, y a menudo se ha convertido en algo engorroso, condicionante. En este taller trabajaremos para liberarnos, para comprender nuestra herida original y c\u00f3mo cuidarla.<\/p>\n<p>Descubriremos cu\u00e1l es la fuerza de la vulnerabilidad y c\u00f3mo usar estrat\u00e9gicamente m\u00e1scaras conscientes, para no traicionar nuestra autenticidad y sentirnos protegidos en la relaci\u00f3n.<\/p>\n<p>\u00bfQui\u00e9n es Zuleika Fusco?<\/p>\n<p>Zuleika Fusco es Consejera Relacional Supervisora, formadora experta en Comunicaci\u00f3n y Resoluci\u00f3n Pac\u00edfica de Conflictos, escritora.<\/p>\n<p>Dirige una escuela de counselling que trabaja la integraci\u00f3n de los aspectos masculinos y femeninos en la persona.<\/p>\n<p>Autora de numerosos libros, entre ellos \u00abViaje a las Energ\u00edas de lo Femenino\u00bb, que est\u00e1 entre los libros que siempre recomiendo.<\/p>\n<p><strong>El enlace y la contrase\u00f1a para acceder a la inscripci\u00f3n del Taller se encuentran en el archivo pdf que llega con el correo electr\u00f3nico de confirmaci\u00f3n autom\u00e1tica del pedido.<\/strong><\/p>\n","protected":false},"excerpt":{"rendered":"<p>Taller en l\u00ednea &#8211; \u00bfConoces tu m\u00e1scara?<br \/>\nPasar de las m\u00e1scaras inconscientes a la m\u00e1scara de la autenticidad. Con la participaci\u00f3n de Con la participaci\u00f3n de <strong><em>Zuleika Fusco<\/em><\/strong><\/p>\n<p>\u00abEl hombre es menos \u00e9l mismo cuando habla en primera persona. Dale una m\u00e1scara y te dir\u00e1 la verdad\u00bb. &#8211; OSCAR WILDE<\/p>\n<p><strong>El enlace y la contrase\u00f1a para acceder a la inscripci\u00f3n del Taller se encuentran en el archivo pdf que llega con el correo electr\u00f3nico de confirmaci\u00f3n autom\u00e1tica del pedido.<\/strong><\/p>\n","protected":false},"featured_media":15693,"template":"","meta":[],"product_brand":[],"product_cat":[27],"product_tag":[],"class_list":{"0":"post-3780","1":"product","2":"type-product","3":"status-publish","4":"has-post-thumbnail","6":"product_cat-lezioni","8":"first","9":"instock","10":"downloadable","11":"virtual","12":"taxable","13":"purchasable","14":"product-type-simple"},"yoast_head":"<!-- This site is optimized with the Yoast SEO plugin v27.4 - https:\/\/yoast.com\/product\/yoast-seo-wordpress\/ -->\n<title>TALLER EN L\u00cdNEA - \u00bfCONOCES TU M\u00c1SCARA?<\/title>\n<meta name=\"description\" content=\"Taller en l\u00ednea - \u00bfConoces tu m\u00e1scara? Pasar de las m\u00e1scaras inconscientes a la m\u00e1scara de la autenticidad. Con la participaci\u00f3n de Con la participaci\u00f3n de Zuleika Fusco  &quot;El hombre es menos \u00e9l mismo cuando habla en primera persona. Dale una m\u00e1scara y te dir\u00e1 la verdad&quot;. - OSCAR WILDE  El enlace y la contrase\u00f1a para acceder a la inscripci\u00f3n del Taller se encuentran en el archivo pdf que llega con el correo electr\u00f3nico de confirmaci\u00f3n autom\u00e1tica del pedido.\" \/>\n<meta name=\"robots\" content=\"index, follow, max-snippet:-1, max-image-preview:large, max-video-preview:-1\" \/>\n<link rel=\"canonical\" href=\"http:\/\/Taller%20en%20l\u00ednea%20-%20\u00bfConoces%20tu%20m\u00e1scara?%20Pasar%20de%20las%20m\u00e1scaras%20inconscientes%20a%20la%20m\u00e1scara%20de%20la%20autenticidad.%20Con%20la%20participaci\u00f3n%20de%20Con%20la%20participaci\u00f3n%20de%20Zuleika%20Fusco%20%20El%20hombre%20es%20menos%20\u00e9l%20mismo%20cuando%20habla%20en%20primera%20persona.%20Dale%20una%20m\u00e1scara%20y%20te%20dir\u00e1%20la%20verdad.%20-%20OSCAR%20WILDE%20%20El%20enlace%20y%20la%20contrase\u00f1a%20para%20acceder%20a%20la%20inscripci\u00f3n%20del%20Taller%20se%20encuentran%20en%20el%20archivo%20pdf%20que%20llega%20con%20el%20correo%20electr\u00f3nico%20de%20confirmaci\u00f3n%20autom\u00e1tica%20del%20pedido.\" \/>\n<meta property=\"og:locale\" content=\"es_ES\" \/>\n<meta property=\"og:type\" content=\"article\" \/>\n<meta property=\"og:title\" content=\"TALLER EN L\u00cdNEA - \u00bfCONOCES TU M\u00c1SCARA?\" \/>\n<meta property=\"og:description\" content=\"Taller en l\u00ednea - \u00bfConoces tu m\u00e1scara? Pasar de las m\u00e1scaras inconscientes a la m\u00e1scara de la autenticidad. Con la participaci\u00f3n de Con la participaci\u00f3n de Zuleika Fusco  &quot;El hombre es menos \u00e9l mismo cuando habla en primera persona. Dale una m\u00e1scara y te dir\u00e1 la verdad&quot;. - OSCAR WILDE  El enlace y la contrase\u00f1a para acceder a la inscripci\u00f3n del Taller se encuentran en el archivo pdf que llega con el correo electr\u00f3nico de confirmaci\u00f3n autom\u00e1tica del pedido.\" \/>\n<meta property=\"og:url\" content=\"https:\/\/www.stefaniazani.it\/es\/producto\/taller-online-conozca-su-mascara\/\" \/>\n<meta property=\"og:site_name\" content=\"Stefania Zani\" \/>\n<meta property=\"article:publisher\" content=\"https:\/\/www.facebook.com\/p\/Stefania-Zani-100087139977126\/\" \/>\n<meta property=\"article:modified_time\" content=\"2026-04-01T16:11:21+00:00\" \/>\n<meta property=\"og:image\" content=\"https:\/\/www.stefaniazani.it\/wp-content\/uploads\/2026\/04\/Workshop-conosci-la-tua-maschera-.png\" \/>\n\t<meta property=\"og:image:width\" content=\"1080\" \/>\n\t<meta property=\"og:image:height\" content=\"1080\" \/>\n\t<meta property=\"og:image:type\" content=\"image\/png\" \/>\n<meta name=\"twitter:card\" content=\"summary_large_image\" \/>\n<meta name=\"twitter:label1\" content=\"Tiempo de lectura\" \/>\n\t<meta name=\"twitter:data1\" content=\"2 minutos\" \/>\n<script type=\"application\/ld+json\" class=\"yoast-schema-graph\">{\"@context\":\"https:\\\/\\\/schema.org\",\"@graph\":[{\"@type\":\"WebPage\",\"@id\":\"https:\\\/\\\/www.stefaniazani.it\\\/es\\\/producto\\\/taller-online-conozca-su-mascara\\\/\",\"url\":\"https:\\\/\\\/www.stefaniazani.it\\\/es\\\/producto\\\/taller-online-conozca-su-mascara\\\/\",\"name\":\"WORKSHOP ONLINE - CONOSCI LA TUA MASCHERA? - Stefania Zani\",\"isPartOf\":{\"@id\":\"https:\\\/\\\/www.stefaniazani.it\\\/#website\"},\"primaryImageOfPage\":{\"@id\":\"https:\\\/\\\/www.stefaniazani.it\\\/es\\\/producto\\\/taller-online-conozca-su-mascara\\\/#primaryimage\"},\"image\":{\"@id\":\"https:\\\/\\\/www.stefaniazani.it\\\/es\\\/producto\\\/taller-online-conozca-su-mascara\\\/#primaryimage\"},\"thumbnailUrl\":\"\",\"datePublished\":\"2024-05-28T13:40:01+00:00\",\"dateModified\":\"2026-04-01T16:11:21+00:00\",\"description\":\"Partecipa al workshop online 'conosci la tua maschera?' il 29 giugno si terr\u00e0 dalle 10:00 alle 12:30 e dalle 14:30 alle 17:00, con Zuleika Fusco.\",\"breadcrumb\":{\"@id\":\"https:\\\/\\\/www.stefaniazani.it\\\/es\\\/producto\\\/taller-online-conozca-su-mascara\\\/#breadcrumb\"},\"inLanguage\":\"es\",\"potentialAction\":[{\"@type\":\"ReadAction\",\"target\":[\"https:\\\/\\\/www.stefaniazani.it\\\/es\\\/producto\\\/taller-online-conozca-su-mascara\\\/\"]}]},{\"@type\":\"ImageObject\",\"inLanguage\":\"es\",\"@id\":\"https:\\\/\\\/www.stefaniazani.it\\\/es\\\/producto\\\/taller-online-conozca-su-mascara\\\/#primaryimage\",\"url\":\"\",\"contentUrl\":\"\",\"width\":1080,\"height\":1080},{\"@type\":\"BreadcrumbList\",\"@id\":\"https:\\\/\\\/www.stefaniazani.it\\\/es\\\/producto\\\/taller-online-conozca-su-mascara\\\/#breadcrumb\",\"itemListElement\":[{\"@type\":\"ListItem\",\"position\":1,\"name\":\"Home\",\"item\":\"https:\\\/\\\/www.stefaniazani.it\\\/\"},{\"@type\":\"ListItem\",\"position\":2,\"name\":\"Shop\",\"item\":\"https:\\\/\\\/www.stefaniazani.it\\\/negozio\\\/\"},{\"@type\":\"ListItem\",\"position\":3,\"name\":\"TALLER EN L\u00cdNEA - \u00bfCONOCES TU M\u00c1SCARA?\"}]},{\"@type\":\"WebSite\",\"@id\":\"https:\\\/\\\/www.stefaniazani.it\\\/es\\\/#website\",\"url\":\"https:\\\/\\\/www.stefaniazani.it\\\/es\\\/\",\"name\":\"Stefania Zani\",\"description\":\"\",\"publisher\":{\"@id\":\"https:\\\/\\\/www.stefaniazani.it\\\/es\\\/#organization\"},\"potentialAction\":[{\"@type\":\"SearchAction\",\"target\":{\"@type\":\"EntryPoint\",\"urlTemplate\":\"https:\\\/\\\/www.stefaniazani.it\\\/es\\\/?s={search_term_string}\"},\"query-input\":{\"@type\":\"PropertyValueSpecification\",\"valueRequired\":true,\"valueName\":\"search_term_string\"}}],\"inLanguage\":\"es\"},{\"@type\":\"Organization\",\"@id\":\"https:\\\/\\\/www.stefaniazani.it\\\/es\\\/#organization\",\"name\":\"Stefania Zani Srl\",\"url\":\"https:\\\/\\\/www.stefaniazani.it\\\/es\\\/\",\"logo\":{\"@type\":\"ImageObject\",\"inLanguage\":\"es\",\"@id\":\"https:\\\/\\\/www.stefaniazani.it\\\/es\\\/#\\\/schema\\\/logo\\\/image\\\/\",\"url\":\"https:\\\/\\\/www.stefaniazani.it\\\/wp-content\\\/uploads\\\/2024\\\/03\\\/stefania_zani_logo_start.png\",\"contentUrl\":\"https:\\\/\\\/www.stefaniazani.it\\\/wp-content\\\/uploads\\\/2024\\\/03\\\/stefania_zani_logo_start.png\",\"width\":250,\"height\":50,\"caption\":\"Stefania Zani Srl\"},\"image\":{\"@id\":\"https:\\\/\\\/www.stefaniazani.it\\\/es\\\/#\\\/schema\\\/logo\\\/image\\\/\"},\"sameAs\":[\"https:\\\/\\\/www.facebook.com\\\/p\\\/Stefania-Zani-100087139977126\\\/\",\"https:\\\/\\\/www.instagram.com\\\/stefania__zani\\\/\"]}]}<\/script>\n<!-- \/ Yoast SEO plugin. -->","yoast_head_json":{"title":"TALLER EN L\u00cdNEA - \u00bfCONOCES TU M\u00c1SCARA?","description":"Taller en l\u00ednea - \u00bfConoces tu m\u00e1scara? Pasar de las m\u00e1scaras inconscientes a la m\u00e1scara de la autenticidad. Con la participaci\u00f3n de Con la participaci\u00f3n de Zuleika Fusco  \"El hombre es menos \u00e9l mismo cuando habla en primera persona. Dale una m\u00e1scara y te dir\u00e1 la verdad\". - OSCAR WILDE  El enlace y la contrase\u00f1a para acceder a la inscripci\u00f3n del Taller se encuentran en el archivo pdf que llega con el correo electr\u00f3nico de confirmaci\u00f3n autom\u00e1tica del pedido.","robots":{"index":"index","follow":"follow","max-snippet":"max-snippet:-1","max-image-preview":"max-image-preview:large","max-video-preview":"max-video-preview:-1"},"canonical":"Taller en l\u00ednea - \u00bfConoces tu m\u00e1scara? Pasar de las m\u00e1scaras inconscientes a la m\u00e1scara de la autenticidad. Con la participaci\u00f3n de Con la participaci\u00f3n de Zuleika Fusco  \"El hombre es menos \u00e9l mismo cuando habla en primera persona. Dale una m\u00e1scara y te dir\u00e1 la verdad\". - OSCAR WILDE  El enlace y la contrase\u00f1a para acceder a la inscripci\u00f3n del Taller se encuentran en el archivo pdf que llega con el correo electr\u00f3nico de confirmaci\u00f3n autom\u00e1tica del pedido.","og_locale":"es_ES","og_type":"article","og_title":"TALLER EN L\u00cdNEA - \u00bfCONOCES TU M\u00c1SCARA?","og_description":"Taller en l\u00ednea - \u00bfConoces tu m\u00e1scara? Pasar de las m\u00e1scaras inconscientes a la m\u00e1scara de la autenticidad. Con la participaci\u00f3n de Con la participaci\u00f3n de Zuleika Fusco  \"El hombre es menos \u00e9l mismo cuando habla en primera persona. Dale una m\u00e1scara y te dir\u00e1 la verdad\". - OSCAR WILDE  El enlace y la contrase\u00f1a para acceder a la inscripci\u00f3n del Taller se encuentran en el archivo pdf que llega con el correo electr\u00f3nico de confirmaci\u00f3n autom\u00e1tica del pedido.","og_url":"https:\/\/www.stefaniazani.it\/es\/producto\/taller-online-conozca-su-mascara\/","og_site_name":"Stefania Zani","article_publisher":"https:\/\/www.facebook.com\/p\/Stefania-Zani-100087139977126\/","article_modified_time":"2026-04-01T16:11:21+00:00","og_image":[{"width":1080,"height":1080,"url":"https:\/\/www.stefaniazani.it\/wp-content\/uploads\/2026\/04\/Workshop-conosci-la-tua-maschera-.png","type":"image\/png"}],"twitter_card":"summary_large_image","twitter_misc":{"Tiempo de lectura":"2 minutos"},"schema":{"@context":"https:\/\/schema.org","@graph":[{"@type":"WebPage","@id":"https:\/\/www.stefaniazani.it\/es\/producto\/taller-online-conozca-su-mascara\/","url":"https:\/\/www.stefaniazani.it\/es\/producto\/taller-online-conozca-su-mascara\/","name":"WORKSHOP ONLINE - CONOSCI LA TUA MASCHERA? - Stefania Zani","isPartOf":{"@id":"https:\/\/www.stefaniazani.it\/#website"},"primaryImageOfPage":{"@id":"https:\/\/www.stefaniazani.it\/es\/producto\/taller-online-conozca-su-mascara\/#primaryimage"},"image":{"@id":"https:\/\/www.stefaniazani.it\/es\/producto\/taller-online-conozca-su-mascara\/#primaryimage"},"thumbnailUrl":"","datePublished":"2024-05-28T13:40:01+00:00","dateModified":"2026-04-01T16:11:21+00:00","description":"Partecipa al workshop online 'conosci la tua maschera?' il 29 giugno si terr\u00e0 dalle 10:00 alle 12:30 e dalle 14:30 alle 17:00, con Zuleika Fusco.","breadcrumb":{"@id":"https:\/\/www.stefaniazani.it\/es\/producto\/taller-online-conozca-su-mascara\/#breadcrumb"},"inLanguage":"es","potentialAction":[{"@type":"ReadAction","target":["https:\/\/www.stefaniazani.it\/es\/producto\/taller-online-conozca-su-mascara\/"]}]},{"@type":"ImageObject","inLanguage":"es","@id":"https:\/\/www.stefaniazani.it\/es\/producto\/taller-online-conozca-su-mascara\/#primaryimage","url":"","contentUrl":"","width":1080,"height":1080},{"@type":"BreadcrumbList","@id":"https:\/\/www.stefaniazani.it\/es\/producto\/taller-online-conozca-su-mascara\/#breadcrumb","itemListElement":[{"@type":"ListItem","position":1,"name":"Home","item":"https:\/\/www.stefaniazani.it\/"},{"@type":"ListItem","position":2,"name":"Shop","item":"https:\/\/www.stefaniazani.it\/negozio\/"},{"@type":"ListItem","position":3,"name":"TALLER EN L\u00cdNEA - \u00bfCONOCES TU M\u00c1SCARA?"}]},{"@type":"WebSite","@id":"https:\/\/www.stefaniazani.it\/es\/#website","url":"https:\/\/www.stefaniazani.it\/es\/","name":"Stefania Zani","description":"","publisher":{"@id":"https:\/\/www.stefaniazani.it\/es\/#organization"},"potentialAction":[{"@type":"SearchAction","target":{"@type":"EntryPoint","urlTemplate":"https:\/\/www.stefaniazani.it\/es\/?s={search_term_string}"},"query-input":{"@type":"PropertyValueSpecification","valueRequired":true,"valueName":"search_term_string"}}],"inLanguage":"es"},{"@type":"Organization","@id":"https:\/\/www.stefaniazani.it\/es\/#organization","name":"Stefania Zani Srl","url":"https:\/\/www.stefaniazani.it\/es\/","logo":{"@type":"ImageObject","inLanguage":"es","@id":"https:\/\/www.stefaniazani.it\/es\/#\/schema\/logo\/image\/","url":"https:\/\/www.stefaniazani.it\/wp-content\/uploads\/2024\/03\/stefania_zani_logo_start.png","contentUrl":"https:\/\/www.stefaniazani.it\/wp-content\/uploads\/2024\/03\/stefania_zani_logo_start.png","width":250,"height":50,"caption":"Stefania Zani Srl"},"image":{"@id":"https:\/\/www.stefaniazani.it\/es\/#\/schema\/logo\/image\/"},"sameAs":["https:\/\/www.facebook.com\/p\/Stefania-Zani-100087139977126\/","https:\/\/www.instagram.com\/stefania__zani\/"]}]}},"df_price":70,"df_sale_price":"","df_regular_price":70,"df_image_link":"https:\/\/www.stefaniazani.it\/wp-content\/uploads\/woocommerce-placeholder-300x300.png","_links":{"self":[{"href":"https:\/\/www.stefaniazani.it\/es\/wp-json\/wp\/v2\/product\/3780","targetHints":{"allow":["GET"]}}],"collection":[{"href":"https:\/\/www.stefaniazani.it\/es\/wp-json\/wp\/v2\/product"}],"about":[{"href":"https:\/\/www.stefaniazani.it\/es\/wp-json\/wp\/v2\/types\/product"}],"wp:featuredmedia":[{"embeddable":true,"href":"https:\/\/www.stefaniazani.it\/es\/wp-json\/"}],"wp:attachment":[{"href":"https:\/\/www.stefaniazani.it\/es\/wp-json\/wp\/v2\/media?parent=3780"}],"wp:term":[{"taxonomy":"product_brand","embeddable":true,"href":"https:\/\/www.stefaniazani.it\/es\/wp-json\/wp\/v2\/product_brand?post=3780"},{"taxonomy":"product_cat","embeddable":true,"href":"https:\/\/www.stefaniazani.it\/es\/wp-json\/wp\/v2\/product_cat?post=3780"},{"taxonomy":"product_tag","embeddable":true,"href":"https:\/\/www.stefaniazani.it\/es\/wp-json\/wp\/v2\/product_tag?post=3780"}],"curies":[{"name":"wp","href":"https:\/\/api.w.org\/{rel}","templated":true}]}}