{"id":3748,"date":"2024-05-28T14:18:52","date_gmt":"2024-05-28T13:18:52","guid":{"rendered":"https:\/\/stefaniazani.ilfondaco.it\/?post_type=product&#038;p=3748"},"modified":"2025-12-11T00:32:20","modified_gmt":"2025-12-10T23:32:20","slug":"karma","status":"publish","type":"product","link":"https:\/\/www.stefaniazani.it\/es\/producto\/karma\/","title":{"rendered":"KARMA"},"content":{"rendered":"<p>Lezione registrata &#8211; Karma<br \/>\nCon la partecipazione della psicologa <strong><em>Michela Mazzini<\/em><\/strong><\/p>\n<p>Abbiamo parlato di Karma e delle resistenze al cambiamento che si generano.<br \/>\nNella propria mappa natale due punti parlano di questo, il Nodo Nord e il Nodo Sud.<\/p>\n<p>Conoscere da dove ognuno di noi arriva e verso cosa sta andando \u00e8 una occasione unica di comprensione e apertura.<\/p>\n<p><strong>Il link e la password per accedere alla registrazione della lezione li trovi all&#8217;interno del file pdf che arriva insieme alla mail automatica di conferma dell&#8217;ordine.<\/strong><\/p>\n","protected":false},"excerpt":{"rendered":"<p>Conferencia grabada &#8211; Karma<br \/>\nCon la participaci\u00f3n de la psic\u00f3loga <strong><em>Michela Mazzini<\/em><\/strong><\/p>\n<p>Hablamos del Karma y de la resistencia al cambio que se genera. En la carta natal dos puntos hablan de ello, el Nodo Norte y el Nodo Sur.<\/p>\n<p>Saber de d\u00f3nde venimos cada uno y hacia d\u00f3nde vamos es una oportunidad \u00fanica de comprensi\u00f3n y apertura.<\/p>\n<p><strong>El enlace y la contrase\u00f1a para acceder a la grabaci\u00f3n de la lecci\u00f3n se encuentran en el archivo pdf que llega con el correo electr\u00f3nico de confirmaci\u00f3n autom\u00e1tica del pedido.<\/strong><\/p>\n","protected":false},"featured_media":15700,"template":"","meta":[],"product_brand":[],"product_cat":[27],"product_tag":[],"class_list":{"0":"post-3748","1":"product","2":"type-product","3":"status-publish","4":"has-post-thumbnail","6":"product_cat-lezioni","8":"first","9":"instock","10":"downloadable","11":"virtual","12":"taxable","13":"purchasable","14":"product-type-simple"},"yoast_head":"<!-- This site is optimized with the Yoast SEO plugin v27.4 - https:\/\/yoast.com\/product\/yoast-seo-wordpress\/ -->\n<title>KARMA<\/title>\n<meta name=\"description\" content=\"Conferencia grabada - Karma Con la participaci\u00f3n de la psic\u00f3loga Michela Mazzini  Hablamos del Karma y de la resistencia al cambio que se genera. En la carta natal dos puntos hablan de ello, el Nodo Norte y el Nodo Sur.  Saber de d\u00f3nde venimos cada uno y hacia d\u00f3nde vamos es una oportunidad \u00fanica de comprensi\u00f3n y apertura.   El enlace y la contrase\u00f1a para acceder a la grabaci\u00f3n de la lecci\u00f3n se encuentran en el archivo pdf que llega con el correo electr\u00f3nico de confirmaci\u00f3n autom\u00e1tica del pedido.\" \/>\n<meta name=\"robots\" content=\"index, follow, max-snippet:-1, max-image-preview:large, max-video-preview:-1\" \/>\n<link rel=\"canonical\" href=\"http:\/\/Conferencia%20grabada%20-%20Karma%20Con%20la%20participaci\u00f3n%20de%20la%20psic\u00f3loga%20Michela%20Mazzini%20%20Hablamos%20del%20Karma%20y%20de%20la%20resistencia%20al%20cambio%20que%20se%20genera.%20En%20la%20carta%20natal%20dos%20puntos%20hablan%20de%20ello,%20el%20Nodo%20Norte%20y%20el%20Nodo%20Sur.%20%20Saber%20de%20d\u00f3nde%20venimos%20cada%20uno%20y%20hacia%20d\u00f3nde%20vamos%20es%20una%20oportunidad%20\u00fanica%20de%20comprensi\u00f3n%20y%20apertura.%20%20%20El%20enlace%20y%20la%20contrase\u00f1a%20para%20acceder%20a%20la%20grabaci\u00f3n%20de%20la%20lecci\u00f3n%20se%20encuentran%20en%20el%20archivo%20pdf%20que%20llega%20con%20el%20correo%20electr\u00f3nico%20de%20confirmaci\u00f3n%20autom\u00e1tica%20del%20pedido.\" \/>\n<meta property=\"og:locale\" content=\"es_ES\" \/>\n<meta property=\"og:type\" content=\"article\" \/>\n<meta property=\"og:title\" content=\"KARMA\" \/>\n<meta property=\"og:description\" content=\"Conferencia grabada - Karma Con la participaci\u00f3n de la psic\u00f3loga Michela Mazzini  Hablamos del Karma y de la resistencia al cambio que se genera. En la carta natal dos puntos hablan de ello, el Nodo Norte y el Nodo Sur.  Saber de d\u00f3nde venimos cada uno y hacia d\u00f3nde vamos es una oportunidad \u00fanica de comprensi\u00f3n y apertura.   El enlace y la contrase\u00f1a para acceder a la grabaci\u00f3n de la lecci\u00f3n se encuentran en el archivo pdf que llega con el correo electr\u00f3nico de confirmaci\u00f3n autom\u00e1tica del pedido.\" \/>\n<meta property=\"og:url\" content=\"https:\/\/www.stefaniazani.it\/es\/producto\/karma\/\" \/>\n<meta property=\"og:site_name\" content=\"Stefania Zani\" \/>\n<meta property=\"article:publisher\" content=\"https:\/\/www.facebook.com\/p\/Stefania-Zani-100087139977126\/\" \/>\n<meta property=\"article:modified_time\" content=\"2025-12-10T23:32:20+00:00\" \/>\n<meta property=\"og:image\" content=\"https:\/\/www.stefaniazani.it\/wp-content\/uploads\/2024\/12\/Karma.png\" \/>\n\t<meta property=\"og:image:width\" content=\"1080\" \/>\n\t<meta property=\"og:image:height\" content=\"1080\" \/>\n\t<meta property=\"og:image:type\" content=\"image\/png\" \/>\n<meta name=\"twitter:card\" content=\"summary_large_image\" \/>\n<meta name=\"twitter:label1\" content=\"Tiempo de lectura\" \/>\n\t<meta name=\"twitter:data1\" content=\"1 minuto\" \/>\n<script type=\"application\/ld+json\" class=\"yoast-schema-graph\">{\"@context\":\"https:\\\/\\\/schema.org\",\"@graph\":[{\"@type\":\"WebPage\",\"@id\":\"https:\\\/\\\/www.stefaniazani.it\\\/es\\\/producto\\\/karma\\\/\",\"url\":\"https:\\\/\\\/www.stefaniazani.it\\\/es\\\/producto\\\/karma\\\/\",\"name\":\"KARMA - Stefania Zani\",\"isPartOf\":{\"@id\":\"https:\\\/\\\/www.stefaniazani.it\\\/#website\"},\"primaryImageOfPage\":{\"@id\":\"https:\\\/\\\/www.stefaniazani.it\\\/es\\\/producto\\\/karma\\\/#primaryimage\"},\"image\":{\"@id\":\"https:\\\/\\\/www.stefaniazani.it\\\/es\\\/producto\\\/karma\\\/#primaryimage\"},\"thumbnailUrl\":\"\",\"datePublished\":\"2024-05-28T13:18:52+00:00\",\"dateModified\":\"2025-12-10T23:32:20+00:00\",\"description\":\"Lezione registrata con la Dott.ssa Michela Mazzini sul Karma e le resistenze al cambiamento che si generano in ognuno di noi.\",\"breadcrumb\":{\"@id\":\"https:\\\/\\\/www.stefaniazani.it\\\/es\\\/producto\\\/karma\\\/#breadcrumb\"},\"inLanguage\":\"es\",\"potentialAction\":[{\"@type\":\"ReadAction\",\"target\":[\"https:\\\/\\\/www.stefaniazani.it\\\/es\\\/producto\\\/karma\\\/\"]}]},{\"@type\":\"ImageObject\",\"inLanguage\":\"es\",\"@id\":\"https:\\\/\\\/www.stefaniazani.it\\\/es\\\/producto\\\/karma\\\/#primaryimage\",\"url\":\"\",\"contentUrl\":\"\",\"width\":1080,\"height\":1080},{\"@type\":\"BreadcrumbList\",\"@id\":\"https:\\\/\\\/www.stefaniazani.it\\\/es\\\/producto\\\/karma\\\/#breadcrumb\",\"itemListElement\":[{\"@type\":\"ListItem\",\"position\":1,\"name\":\"Home\",\"item\":\"https:\\\/\\\/www.stefaniazani.it\\\/\"},{\"@type\":\"ListItem\",\"position\":2,\"name\":\"Shop\",\"item\":\"https:\\\/\\\/www.stefaniazani.it\\\/negozio\\\/\"},{\"@type\":\"ListItem\",\"position\":3,\"name\":\"KARMA\"}]},{\"@type\":\"WebSite\",\"@id\":\"https:\\\/\\\/www.stefaniazani.it\\\/es\\\/#website\",\"url\":\"https:\\\/\\\/www.stefaniazani.it\\\/es\\\/\",\"name\":\"Stefania Zani\",\"description\":\"\",\"publisher\":{\"@id\":\"https:\\\/\\\/www.stefaniazani.it\\\/es\\\/#organization\"},\"potentialAction\":[{\"@type\":\"SearchAction\",\"target\":{\"@type\":\"EntryPoint\",\"urlTemplate\":\"https:\\\/\\\/www.stefaniazani.it\\\/es\\\/?s={search_term_string}\"},\"query-input\":{\"@type\":\"PropertyValueSpecification\",\"valueRequired\":true,\"valueName\":\"search_term_string\"}}],\"inLanguage\":\"es\"},{\"@type\":\"Organization\",\"@id\":\"https:\\\/\\\/www.stefaniazani.it\\\/es\\\/#organization\",\"name\":\"Stefania Zani Srl\",\"url\":\"https:\\\/\\\/www.stefaniazani.it\\\/es\\\/\",\"logo\":{\"@type\":\"ImageObject\",\"inLanguage\":\"es\",\"@id\":\"https:\\\/\\\/www.stefaniazani.it\\\/es\\\/#\\\/schema\\\/logo\\\/image\\\/\",\"url\":\"https:\\\/\\\/www.stefaniazani.it\\\/wp-content\\\/uploads\\\/2024\\\/03\\\/stefania_zani_logo_start.png\",\"contentUrl\":\"https:\\\/\\\/www.stefaniazani.it\\\/wp-content\\\/uploads\\\/2024\\\/03\\\/stefania_zani_logo_start.png\",\"width\":250,\"height\":50,\"caption\":\"Stefania Zani Srl\"},\"image\":{\"@id\":\"https:\\\/\\\/www.stefaniazani.it\\\/es\\\/#\\\/schema\\\/logo\\\/image\\\/\"},\"sameAs\":[\"https:\\\/\\\/www.facebook.com\\\/p\\\/Stefania-Zani-100087139977126\\\/\",\"https:\\\/\\\/www.instagram.com\\\/stefania__zani\\\/\"]}]}<\/script>\n<!-- \/ Yoast SEO plugin. -->","yoast_head_json":{"title":"KARMA","description":"Conferencia grabada - Karma Con la participaci\u00f3n de la psic\u00f3loga Michela Mazzini  Hablamos del Karma y de la resistencia al cambio que se genera. En la carta natal dos puntos hablan de ello, el Nodo Norte y el Nodo Sur.  Saber de d\u00f3nde venimos cada uno y hacia d\u00f3nde vamos es una oportunidad \u00fanica de comprensi\u00f3n y apertura.   El enlace y la contrase\u00f1a para acceder a la grabaci\u00f3n de la lecci\u00f3n se encuentran en el archivo pdf que llega con el correo electr\u00f3nico de confirmaci\u00f3n autom\u00e1tica del pedido.","robots":{"index":"index","follow":"follow","max-snippet":"max-snippet:-1","max-image-preview":"max-image-preview:large","max-video-preview":"max-video-preview:-1"},"canonical":"Conferencia grabada - Karma Con la participaci\u00f3n de la psic\u00f3loga Michela Mazzini  Hablamos del Karma y de la resistencia al cambio que se genera. En la carta natal dos puntos hablan de ello, el Nodo Norte y el Nodo Sur.  Saber de d\u00f3nde venimos cada uno y hacia d\u00f3nde vamos es una oportunidad \u00fanica de comprensi\u00f3n y apertura.   El enlace y la contrase\u00f1a para acceder a la grabaci\u00f3n de la lecci\u00f3n se encuentran en el archivo pdf que llega con el correo electr\u00f3nico de confirmaci\u00f3n autom\u00e1tica del pedido.","og_locale":"es_ES","og_type":"article","og_title":"KARMA","og_description":"Conferencia grabada - Karma Con la participaci\u00f3n de la psic\u00f3loga Michela Mazzini  Hablamos del Karma y de la resistencia al cambio que se genera. En la carta natal dos puntos hablan de ello, el Nodo Norte y el Nodo Sur.  Saber de d\u00f3nde venimos cada uno y hacia d\u00f3nde vamos es una oportunidad \u00fanica de comprensi\u00f3n y apertura.   El enlace y la contrase\u00f1a para acceder a la grabaci\u00f3n de la lecci\u00f3n se encuentran en el archivo pdf que llega con el correo electr\u00f3nico de confirmaci\u00f3n autom\u00e1tica del pedido.","og_url":"https:\/\/www.stefaniazani.it\/es\/producto\/karma\/","og_site_name":"Stefania Zani","article_publisher":"https:\/\/www.facebook.com\/p\/Stefania-Zani-100087139977126\/","article_modified_time":"2025-12-10T23:32:20+00:00","og_image":[{"width":1080,"height":1080,"url":"https:\/\/www.stefaniazani.it\/wp-content\/uploads\/2024\/12\/Karma.png","type":"image\/png"}],"twitter_card":"summary_large_image","twitter_misc":{"Tiempo de lectura":"1 minuto"},"schema":{"@context":"https:\/\/schema.org","@graph":[{"@type":"WebPage","@id":"https:\/\/www.stefaniazani.it\/es\/producto\/karma\/","url":"https:\/\/www.stefaniazani.it\/es\/producto\/karma\/","name":"KARMA - Stefania Zani","isPartOf":{"@id":"https:\/\/www.stefaniazani.it\/#website"},"primaryImageOfPage":{"@id":"https:\/\/www.stefaniazani.it\/es\/producto\/karma\/#primaryimage"},"image":{"@id":"https:\/\/www.stefaniazani.it\/es\/producto\/karma\/#primaryimage"},"thumbnailUrl":"","datePublished":"2024-05-28T13:18:52+00:00","dateModified":"2025-12-10T23:32:20+00:00","description":"Lezione registrata con la Dott.ssa Michela Mazzini sul Karma e le resistenze al cambiamento che si generano in ognuno di noi.","breadcrumb":{"@id":"https:\/\/www.stefaniazani.it\/es\/producto\/karma\/#breadcrumb"},"inLanguage":"es","potentialAction":[{"@type":"ReadAction","target":["https:\/\/www.stefaniazani.it\/es\/producto\/karma\/"]}]},{"@type":"ImageObject","inLanguage":"es","@id":"https:\/\/www.stefaniazani.it\/es\/producto\/karma\/#primaryimage","url":"","contentUrl":"","width":1080,"height":1080},{"@type":"BreadcrumbList","@id":"https:\/\/www.stefaniazani.it\/es\/producto\/karma\/#breadcrumb","itemListElement":[{"@type":"ListItem","position":1,"name":"Home","item":"https:\/\/www.stefaniazani.it\/"},{"@type":"ListItem","position":2,"name":"Shop","item":"https:\/\/www.stefaniazani.it\/negozio\/"},{"@type":"ListItem","position":3,"name":"KARMA"}]},{"@type":"WebSite","@id":"https:\/\/www.stefaniazani.it\/es\/#website","url":"https:\/\/www.stefaniazani.it\/es\/","name":"Stefania Zani","description":"","publisher":{"@id":"https:\/\/www.stefaniazani.it\/es\/#organization"},"potentialAction":[{"@type":"SearchAction","target":{"@type":"EntryPoint","urlTemplate":"https:\/\/www.stefaniazani.it\/es\/?s={search_term_string}"},"query-input":{"@type":"PropertyValueSpecification","valueRequired":true,"valueName":"search_term_string"}}],"inLanguage":"es"},{"@type":"Organization","@id":"https:\/\/www.stefaniazani.it\/es\/#organization","name":"Stefania Zani Srl","url":"https:\/\/www.stefaniazani.it\/es\/","logo":{"@type":"ImageObject","inLanguage":"es","@id":"https:\/\/www.stefaniazani.it\/es\/#\/schema\/logo\/image\/","url":"https:\/\/www.stefaniazani.it\/wp-content\/uploads\/2024\/03\/stefania_zani_logo_start.png","contentUrl":"https:\/\/www.stefaniazani.it\/wp-content\/uploads\/2024\/03\/stefania_zani_logo_start.png","width":250,"height":50,"caption":"Stefania Zani Srl"},"image":{"@id":"https:\/\/www.stefaniazani.it\/es\/#\/schema\/logo\/image\/"},"sameAs":["https:\/\/www.facebook.com\/p\/Stefania-Zani-100087139977126\/","https:\/\/www.instagram.com\/stefania__zani\/"]}]}},"df_price":35,"df_sale_price":"","df_regular_price":35,"df_image_link":"https:\/\/www.stefaniazani.it\/wp-content\/uploads\/woocommerce-placeholder-300x300.png","_links":{"self":[{"href":"https:\/\/www.stefaniazani.it\/es\/wp-json\/wp\/v2\/product\/3748","targetHints":{"allow":["GET"]}}],"collection":[{"href":"https:\/\/www.stefaniazani.it\/es\/wp-json\/wp\/v2\/product"}],"about":[{"href":"https:\/\/www.stefaniazani.it\/es\/wp-json\/wp\/v2\/types\/product"}],"wp:featuredmedia":[{"embeddable":true,"href":"https:\/\/www.stefaniazani.it\/es\/wp-json\/"}],"wp:attachment":[{"href":"https:\/\/www.stefaniazani.it\/es\/wp-json\/wp\/v2\/media?parent=3748"}],"wp:term":[{"taxonomy":"product_brand","embeddable":true,"href":"https:\/\/www.stefaniazani.it\/es\/wp-json\/wp\/v2\/product_brand?post=3748"},{"taxonomy":"product_cat","embeddable":true,"href":"https:\/\/www.stefaniazani.it\/es\/wp-json\/wp\/v2\/product_cat?post=3748"},{"taxonomy":"product_tag","embeddable":true,"href":"https:\/\/www.stefaniazani.it\/es\/wp-json\/wp\/v2\/product_tag?post=3748"}],"curies":[{"name":"wp","href":"https:\/\/api.w.org\/{rel}","templated":true}]}}