{"id":3744,"date":"2024-05-28T14:15:52","date_gmt":"2024-05-28T13:15:52","guid":{"rendered":"https:\/\/stefaniazani.ilfondaco.it\/?post_type=product&#038;p=3744"},"modified":"2025-12-22T01:26:45","modified_gmt":"2025-12-22T00:26:45","slug":"plutone-il-fecondatore-e-saturno-il-grande-maestro","status":"publish","type":"product","link":"https:\/\/www.stefaniazani.it\/es\/producto\/pluton-el-fundador-y-saturno-el-gran-maestro\/","title":{"rendered":"PLUT\u00d3N, EL FERTILIZADOR Y SATURNO, EL GRAN MAESTRO"},"content":{"rendered":"<p>Lezione registrata &#8211; Plutone, il fecondatore e Saturno, il grande Maestro<br \/>\nCon la partecipazione di <strong><em>Stefania Laila Marinelli<\/em><\/strong><\/p>\n<p>Uno dei transiti pi\u00f9 attesi dei prossimi anni \u00e8 Plutone in Aquario.<\/p>\n<p>Plutone entrer\u00e0 in Aquario il 23 marzo 2023, retrograder\u00e0 in Capricorno l\u201911 giugno e poi entrer\u00e0 definitivamente in Aquario il 21 gennaio 2024 dove si fermer\u00e0 per 20 lunghi anni.<\/p>\n<p>Plutone impiega 248 anni per fare il giro dello Zodiaco.<br \/>\nL\u2019ultima volta che \u00e8 stato in Aquario era tra il 1778 e il 1798, un periodo di enormi cambiamenti in tutto il mondo.<br \/>\nSono stati gli anni della rivoluzione francese e della guerra di indipendenza americana.<br \/>\nQuesto per farvi una suggestione di cosa ci aspetti.<\/p>\n<p><strong>Il link e la password per accedere alla registrazione della lezione li trovi all&#8217;interno del file pdf che arriva insieme alla mail automatica di conferma dell&#8217;ordine.<\/strong><\/p>\n","protected":false},"excerpt":{"rendered":"<p>Conferencia grabada &#8211; Plut\u00f3n, el abono y Saturno, el gran Maestro<br \/>\nCon la participaci\u00f3n de <strong><em>Stefania Laila Marinelli<\/em><\/strong><\/p>\n<p>Uno de los tr\u00e1nsitos m\u00e1s esperados de los pr\u00f3ximos a\u00f1os es el de Plut\u00f3n en Acuario.<\/p>\n<p>Plut\u00f3n entrar\u00e1 en Acuario el 23 de marzo de 2023, retrogradar\u00e1 a Capricornio el 11 de junio y finalmente entrar\u00e1 en Acuario el 21 de enero de 2024, donde permanecer\u00e1 durante 20 largos a\u00f1os.<\/p>\n<p>Plut\u00f3n tarda 248 a\u00f1os en dar la vuelta al Zodiaco. La \u00faltima vez que estuvo en Acuario fue entre 1778 y 1798, una \u00e9poca de enormes cambios en todo el mundo. Fueron los a\u00f1os de la Revoluci\u00f3n Francesa y de la Guerra de Independencia americana. Esto es para darte una pista de lo que te espera.<\/p>\n<p><strong>Encontrar\u00e1s el enlace y la contrase\u00f1a para acceder a la grabaci\u00f3n de la lecci\u00f3n en el archivo pdf que llega con el correo electr\u00f3nico de confirmaci\u00f3n autom\u00e1tica del pedido.<\/strong><\/p>\n","protected":false},"featured_media":15713,"template":"","meta":[],"product_brand":[],"product_cat":[27],"product_tag":[],"class_list":{"0":"post-3744","1":"product","2":"type-product","3":"status-publish","4":"has-post-thumbnail","6":"product_cat-lezioni","8":"first","9":"instock","10":"downloadable","11":"virtual","12":"taxable","13":"purchasable","14":"product-type-simple"},"yoast_head":"<!-- This site is optimized with the Yoast SEO plugin v27.5 - https:\/\/yoast.com\/product\/yoast-seo-wordpress\/ -->\n<title>PLUT\u00d3N, EL FERTILIZADOR Y SATURNO, EL GRAN MAESTRO<\/title>\n<meta name=\"description\" content=\"Conferencia grabada - Plut\u00f3n, el abono y Saturno, el gran Maestro Con la participaci\u00f3n de Stefania Laila Marinelli  Uno de los tr\u00e1nsitos m\u00e1s esperados de los pr\u00f3ximos a\u00f1os es el de Plut\u00f3n en Acuario.  Plut\u00f3n entrar\u00e1 en Acuario el 23 de marzo de 2023, retrogradar\u00e1 a Capricornio el 11 de junio y finalmente entrar\u00e1 en Acuario el 21 de enero de 2024, donde permanecer\u00e1 durante 20 largos a\u00f1os.  Plut\u00f3n tarda 248 a\u00f1os en dar la vuelta al Zodiaco. La \u00faltima vez que estuvo en Acuario fue entre 1778 y 1798, una \u00e9poca de enormes cambios en todo el mundo. Fueron los a\u00f1os de la Revoluci\u00f3n Francesa y de la Guerra de Independencia americana. Esto es para darte una pista de lo que te espera.  Encontrar\u00e1s el enlace y la contrase\u00f1a para acceder a la grabaci\u00f3n de la lecci\u00f3n en el archivo pdf que llega con el correo electr\u00f3nico de confirmaci\u00f3n autom\u00e1tica del pedido.\" \/>\n<meta name=\"robots\" content=\"index, follow, max-snippet:-1, max-image-preview:large, max-video-preview:-1\" \/>\n<link rel=\"canonical\" href=\"http:\/\/Conferencia%20grabada%20-%20Plut\u00f3n,%20el%20abono%20y%20Saturno,%20el%20gran%20Maestro%20Con%20la%20participaci\u00f3n%20de%20Stefania%20Laila%20Marinelli%20%20Uno%20de%20los%20tr\u00e1nsitos%20m\u00e1s%20esperados%20de%20los%20pr\u00f3ximos%20a\u00f1os%20es%20el%20de%20Plut\u00f3n%20en%20Acuario.%20%20Plut\u00f3n%20entrar\u00e1%20en%20Acuario%20el%2023%20de%20marzo%20de%202023,%20retrogradar\u00e1%20a%20Capricornio%20el%2011%20de%20junio%20y%20finalmente%20entrar\u00e1%20en%20Acuario%20el%2021%20de%20enero%20de%202024,%20donde%20permanecer\u00e1%20durante%2020%20largos%20a\u00f1os.%20%20Plut\u00f3n%20tarda%20248%20a\u00f1os%20en%20dar%20la%20vuelta%20al%20Zodiaco.%20La%20\u00faltima%20vez%20que%20estuvo%20en%20Acuario%20fue%20entre%201778%20y%201798,%20una%20\u00e9poca%20de%20enormes%20cambios%20en%20todo%20el%20mundo.%20Fueron%20los%20a\u00f1os%20de%20la%20Revoluci\u00f3n%20Francesa%20y%20de%20la%20Guerra%20de%20Independencia%20americana.%20Esto%20es%20para%20darte%20una%20pista%20de%20lo%20que%20te%20espera.%20%20Encontrar\u00e1s%20el%20enlace%20y%20la%20contrase\u00f1a%20para%20acceder%20a%20la%20grabaci\u00f3n%20de%20la%20lecci\u00f3n%20en%20el%20archivo%20pdf%20que%20llega%20con%20el%20correo%20electr\u00f3nico%20de%20confirmaci\u00f3n%20autom\u00e1tica%20del%20pedido.\" \/>\n<meta property=\"og:locale\" content=\"es_ES\" \/>\n<meta property=\"og:type\" content=\"article\" \/>\n<meta property=\"og:title\" content=\"PLUT\u00d3N, EL FERTILIZADOR Y SATURNO, EL GRAN MAESTRO\" \/>\n<meta property=\"og:description\" content=\"Conferencia grabada - Plut\u00f3n, el abono y Saturno, el gran Maestro Con la participaci\u00f3n de Stefania Laila Marinelli  Uno de los tr\u00e1nsitos m\u00e1s esperados de los pr\u00f3ximos a\u00f1os es el de Plut\u00f3n en Acuario.  Plut\u00f3n entrar\u00e1 en Acuario el 23 de marzo de 2023, retrogradar\u00e1 a Capricornio el 11 de junio y finalmente entrar\u00e1 en Acuario el 21 de enero de 2024, donde permanecer\u00e1 durante 20 largos a\u00f1os.  Plut\u00f3n tarda 248 a\u00f1os en dar la vuelta al Zodiaco. La \u00faltima vez que estuvo en Acuario fue entre 1778 y 1798, una \u00e9poca de enormes cambios en todo el mundo. Fueron los a\u00f1os de la Revoluci\u00f3n Francesa y de la Guerra de Independencia americana. Esto es para darte una pista de lo que te espera.  Encontrar\u00e1s el enlace y la contrase\u00f1a para acceder a la grabaci\u00f3n de la lecci\u00f3n en el archivo pdf que llega con el correo electr\u00f3nico de confirmaci\u00f3n autom\u00e1tica del pedido.\" \/>\n<meta property=\"og:url\" content=\"https:\/\/www.stefaniazani.it\/es\/producto\/pluton-el-fundador-y-saturno-el-gran-maestro\/\" \/>\n<meta property=\"og:site_name\" content=\"Stefania Zani\" \/>\n<meta property=\"article:publisher\" content=\"https:\/\/www.facebook.com\/p\/Stefania-Zani-100087139977126\/\" \/>\n<meta property=\"article:modified_time\" content=\"2025-12-22T00:26:45+00:00\" \/>\n<meta property=\"og:image\" content=\"https:\/\/www.stefaniazani.it\/wp-content\/uploads\/2024\/12\/Plutone-il-fecondatore-e-Saturno-il-grande-Maestro.png\" \/>\n\t<meta property=\"og:image:width\" content=\"1080\" \/>\n\t<meta property=\"og:image:height\" content=\"1080\" \/>\n\t<meta property=\"og:image:type\" content=\"image\/png\" \/>\n<meta name=\"twitter:card\" content=\"summary_large_image\" \/>\n<meta name=\"twitter:label1\" content=\"Tiempo de lectura\" \/>\n\t<meta name=\"twitter:data1\" content=\"1 minuto\" \/>\n<script type=\"application\/ld+json\" class=\"yoast-schema-graph\">{\"@context\":\"https:\\\/\\\/schema.org\",\"@graph\":[{\"@type\":\"WebPage\",\"@id\":\"https:\\\/\\\/www.stefaniazani.it\\\/es\\\/producto\\\/pluton-el-fundador-y-saturno-el-gran-maestro\\\/\",\"url\":\"https:\\\/\\\/www.stefaniazani.it\\\/es\\\/producto\\\/pluton-el-fundador-y-saturno-el-gran-maestro\\\/\",\"name\":\"PLUTONE, IL FECONDATORE E SATURNO, IL GRANDE MAESTRO - Stefania Zani\",\"isPartOf\":{\"@id\":\"https:\\\/\\\/www.stefaniazani.it\\\/#website\"},\"primaryImageOfPage\":{\"@id\":\"https:\\\/\\\/www.stefaniazani.it\\\/es\\\/producto\\\/pluton-el-fundador-y-saturno-el-gran-maestro\\\/#primaryimage\"},\"image\":{\"@id\":\"https:\\\/\\\/www.stefaniazani.it\\\/es\\\/producto\\\/pluton-el-fundador-y-saturno-el-gran-maestro\\\/#primaryimage\"},\"thumbnailUrl\":\"\",\"datePublished\":\"2024-05-28T13:15:52+00:00\",\"dateModified\":\"2025-12-22T00:26:45+00:00\",\"breadcrumb\":{\"@id\":\"https:\\\/\\\/www.stefaniazani.it\\\/es\\\/producto\\\/pluton-el-fundador-y-saturno-el-gran-maestro\\\/#breadcrumb\"},\"inLanguage\":\"es\",\"potentialAction\":[{\"@type\":\"ReadAction\",\"target\":[\"https:\\\/\\\/www.stefaniazani.it\\\/es\\\/producto\\\/pluton-el-fundador-y-saturno-el-gran-maestro\\\/\"]}]},{\"@type\":\"ImageObject\",\"inLanguage\":\"es\",\"@id\":\"https:\\\/\\\/www.stefaniazani.it\\\/es\\\/producto\\\/pluton-el-fundador-y-saturno-el-gran-maestro\\\/#primaryimage\",\"url\":\"\",\"contentUrl\":\"\",\"width\":1080,\"height\":1080},{\"@type\":\"BreadcrumbList\",\"@id\":\"https:\\\/\\\/www.stefaniazani.it\\\/es\\\/producto\\\/pluton-el-fundador-y-saturno-el-gran-maestro\\\/#breadcrumb\",\"itemListElement\":[{\"@type\":\"ListItem\",\"position\":1,\"name\":\"Home\",\"item\":\"https:\\\/\\\/www.stefaniazani.it\\\/\"},{\"@type\":\"ListItem\",\"position\":2,\"name\":\"Shop\",\"item\":\"https:\\\/\\\/www.stefaniazani.it\\\/negozio\\\/\"},{\"@type\":\"ListItem\",\"position\":3,\"name\":\"PLUT\u00d3N, EL FERTILIZADOR Y SATURNO, EL GRAN MAESTRO\"}]},{\"@type\":\"WebSite\",\"@id\":\"https:\\\/\\\/www.stefaniazani.it\\\/es\\\/#website\",\"url\":\"https:\\\/\\\/www.stefaniazani.it\\\/es\\\/\",\"name\":\"Stefania Zani\",\"description\":\"\",\"publisher\":{\"@id\":\"https:\\\/\\\/www.stefaniazani.it\\\/es\\\/#organization\"},\"potentialAction\":[{\"@type\":\"SearchAction\",\"target\":{\"@type\":\"EntryPoint\",\"urlTemplate\":\"https:\\\/\\\/www.stefaniazani.it\\\/es\\\/?s={search_term_string}\"},\"query-input\":{\"@type\":\"PropertyValueSpecification\",\"valueRequired\":true,\"valueName\":\"search_term_string\"}}],\"inLanguage\":\"es\"},{\"@type\":\"Organization\",\"@id\":\"https:\\\/\\\/www.stefaniazani.it\\\/es\\\/#organization\",\"name\":\"Stefania Zani Srl\",\"url\":\"https:\\\/\\\/www.stefaniazani.it\\\/es\\\/\",\"logo\":{\"@type\":\"ImageObject\",\"inLanguage\":\"es\",\"@id\":\"https:\\\/\\\/www.stefaniazani.it\\\/es\\\/#\\\/schema\\\/logo\\\/image\\\/\",\"url\":\"https:\\\/\\\/www.stefaniazani.it\\\/wp-content\\\/uploads\\\/2024\\\/03\\\/stefania_zani_logo_start.png\",\"contentUrl\":\"https:\\\/\\\/www.stefaniazani.it\\\/wp-content\\\/uploads\\\/2024\\\/03\\\/stefania_zani_logo_start.png\",\"width\":250,\"height\":50,\"caption\":\"Stefania Zani Srl\"},\"image\":{\"@id\":\"https:\\\/\\\/www.stefaniazani.it\\\/es\\\/#\\\/schema\\\/logo\\\/image\\\/\"},\"sameAs\":[\"https:\\\/\\\/www.facebook.com\\\/p\\\/Stefania-Zani-100087139977126\\\/\",\"https:\\\/\\\/www.instagram.com\\\/stefania__zani\\\/\"]}]}<\/script>\n<!-- \/ Yoast SEO plugin. -->","yoast_head_json":{"title":"PLUT\u00d3N, EL FERTILIZADOR Y SATURNO, EL GRAN MAESTRO","description":"Conferencia grabada - Plut\u00f3n, el abono y Saturno, el gran Maestro Con la participaci\u00f3n de Stefania Laila Marinelli  Uno de los tr\u00e1nsitos m\u00e1s esperados de los pr\u00f3ximos a\u00f1os es el de Plut\u00f3n en Acuario.  Plut\u00f3n entrar\u00e1 en Acuario el 23 de marzo de 2023, retrogradar\u00e1 a Capricornio el 11 de junio y finalmente entrar\u00e1 en Acuario el 21 de enero de 2024, donde permanecer\u00e1 durante 20 largos a\u00f1os.  Plut\u00f3n tarda 248 a\u00f1os en dar la vuelta al Zodiaco. La \u00faltima vez que estuvo en Acuario fue entre 1778 y 1798, una \u00e9poca de enormes cambios en todo el mundo. Fueron los a\u00f1os de la Revoluci\u00f3n Francesa y de la Guerra de Independencia americana. Esto es para darte una pista de lo que te espera.  Encontrar\u00e1s el enlace y la contrase\u00f1a para acceder a la grabaci\u00f3n de la lecci\u00f3n en el archivo pdf que llega con el correo electr\u00f3nico de confirmaci\u00f3n autom\u00e1tica del pedido.","robots":{"index":"index","follow":"follow","max-snippet":"max-snippet:-1","max-image-preview":"max-image-preview:large","max-video-preview":"max-video-preview:-1"},"canonical":"Conferencia grabada - Plut\u00f3n, el abono y Saturno, el gran Maestro Con la participaci\u00f3n de Stefania Laila Marinelli  Uno de los tr\u00e1nsitos m\u00e1s esperados de los pr\u00f3ximos a\u00f1os es el de Plut\u00f3n en Acuario.  Plut\u00f3n entrar\u00e1 en Acuario el 23 de marzo de 2023, retrogradar\u00e1 a Capricornio el 11 de junio y finalmente entrar\u00e1 en Acuario el 21 de enero de 2024, donde permanecer\u00e1 durante 20 largos a\u00f1os.  Plut\u00f3n tarda 248 a\u00f1os en dar la vuelta al Zodiaco. La \u00faltima vez que estuvo en Acuario fue entre 1778 y 1798, una \u00e9poca de enormes cambios en todo el mundo. Fueron los a\u00f1os de la Revoluci\u00f3n Francesa y de la Guerra de Independencia americana. Esto es para darte una pista de lo que te espera.  Encontrar\u00e1s el enlace y la contrase\u00f1a para acceder a la grabaci\u00f3n de la lecci\u00f3n en el archivo pdf que llega con el correo electr\u00f3nico de confirmaci\u00f3n autom\u00e1tica del pedido.","og_locale":"es_ES","og_type":"article","og_title":"PLUT\u00d3N, EL FERTILIZADOR Y SATURNO, EL GRAN MAESTRO","og_description":"Conferencia grabada - Plut\u00f3n, el abono y Saturno, el gran Maestro Con la participaci\u00f3n de Stefania Laila Marinelli  Uno de los tr\u00e1nsitos m\u00e1s esperados de los pr\u00f3ximos a\u00f1os es el de Plut\u00f3n en Acuario.  Plut\u00f3n entrar\u00e1 en Acuario el 23 de marzo de 2023, retrogradar\u00e1 a Capricornio el 11 de junio y finalmente entrar\u00e1 en Acuario el 21 de enero de 2024, donde permanecer\u00e1 durante 20 largos a\u00f1os.  Plut\u00f3n tarda 248 a\u00f1os en dar la vuelta al Zodiaco. La \u00faltima vez que estuvo en Acuario fue entre 1778 y 1798, una \u00e9poca de enormes cambios en todo el mundo. Fueron los a\u00f1os de la Revoluci\u00f3n Francesa y de la Guerra de Independencia americana. Esto es para darte una pista de lo que te espera.  Encontrar\u00e1s el enlace y la contrase\u00f1a para acceder a la grabaci\u00f3n de la lecci\u00f3n en el archivo pdf que llega con el correo electr\u00f3nico de confirmaci\u00f3n autom\u00e1tica del pedido.","og_url":"https:\/\/www.stefaniazani.it\/es\/producto\/pluton-el-fundador-y-saturno-el-gran-maestro\/","og_site_name":"Stefania Zani","article_publisher":"https:\/\/www.facebook.com\/p\/Stefania-Zani-100087139977126\/","article_modified_time":"2025-12-22T00:26:45+00:00","og_image":[{"width":1080,"height":1080,"url":"https:\/\/www.stefaniazani.it\/wp-content\/uploads\/2024\/12\/Plutone-il-fecondatore-e-Saturno-il-grande-Maestro.png","type":"image\/png"}],"twitter_card":"summary_large_image","twitter_misc":{"Tiempo de lectura":"1 minuto"},"schema":{"@context":"https:\/\/schema.org","@graph":[{"@type":"WebPage","@id":"https:\/\/www.stefaniazani.it\/es\/producto\/pluton-el-fundador-y-saturno-el-gran-maestro\/","url":"https:\/\/www.stefaniazani.it\/es\/producto\/pluton-el-fundador-y-saturno-el-gran-maestro\/","name":"PLUTONE, IL FECONDATORE E SATURNO, IL GRANDE MAESTRO - Stefania Zani","isPartOf":{"@id":"https:\/\/www.stefaniazani.it\/#website"},"primaryImageOfPage":{"@id":"https:\/\/www.stefaniazani.it\/es\/producto\/pluton-el-fundador-y-saturno-el-gran-maestro\/#primaryimage"},"image":{"@id":"https:\/\/www.stefaniazani.it\/es\/producto\/pluton-el-fundador-y-saturno-el-gran-maestro\/#primaryimage"},"thumbnailUrl":"","datePublished":"2024-05-28T13:15:52+00:00","dateModified":"2025-12-22T00:26:45+00:00","breadcrumb":{"@id":"https:\/\/www.stefaniazani.it\/es\/producto\/pluton-el-fundador-y-saturno-el-gran-maestro\/#breadcrumb"},"inLanguage":"es","potentialAction":[{"@type":"ReadAction","target":["https:\/\/www.stefaniazani.it\/es\/producto\/pluton-el-fundador-y-saturno-el-gran-maestro\/"]}]},{"@type":"ImageObject","inLanguage":"es","@id":"https:\/\/www.stefaniazani.it\/es\/producto\/pluton-el-fundador-y-saturno-el-gran-maestro\/#primaryimage","url":"","contentUrl":"","width":1080,"height":1080},{"@type":"BreadcrumbList","@id":"https:\/\/www.stefaniazani.it\/es\/producto\/pluton-el-fundador-y-saturno-el-gran-maestro\/#breadcrumb","itemListElement":[{"@type":"ListItem","position":1,"name":"Home","item":"https:\/\/www.stefaniazani.it\/"},{"@type":"ListItem","position":2,"name":"Shop","item":"https:\/\/www.stefaniazani.it\/negozio\/"},{"@type":"ListItem","position":3,"name":"PLUT\u00d3N, EL FERTILIZADOR Y SATURNO, EL GRAN MAESTRO"}]},{"@type":"WebSite","@id":"https:\/\/www.stefaniazani.it\/es\/#website","url":"https:\/\/www.stefaniazani.it\/es\/","name":"Stefania Zani","description":"","publisher":{"@id":"https:\/\/www.stefaniazani.it\/es\/#organization"},"potentialAction":[{"@type":"SearchAction","target":{"@type":"EntryPoint","urlTemplate":"https:\/\/www.stefaniazani.it\/es\/?s={search_term_string}"},"query-input":{"@type":"PropertyValueSpecification","valueRequired":true,"valueName":"search_term_string"}}],"inLanguage":"es"},{"@type":"Organization","@id":"https:\/\/www.stefaniazani.it\/es\/#organization","name":"Stefania Zani Srl","url":"https:\/\/www.stefaniazani.it\/es\/","logo":{"@type":"ImageObject","inLanguage":"es","@id":"https:\/\/www.stefaniazani.it\/es\/#\/schema\/logo\/image\/","url":"https:\/\/www.stefaniazani.it\/wp-content\/uploads\/2024\/03\/stefania_zani_logo_start.png","contentUrl":"https:\/\/www.stefaniazani.it\/wp-content\/uploads\/2024\/03\/stefania_zani_logo_start.png","width":250,"height":50,"caption":"Stefania Zani Srl"},"image":{"@id":"https:\/\/www.stefaniazani.it\/es\/#\/schema\/logo\/image\/"},"sameAs":["https:\/\/www.facebook.com\/p\/Stefania-Zani-100087139977126\/","https:\/\/www.instagram.com\/stefania__zani\/"]}]}},"df_price":35,"df_sale_price":"","df_regular_price":35,"df_image_link":"https:\/\/www.stefaniazani.it\/wp-content\/uploads\/woocommerce-placeholder-300x300.png","_links":{"self":[{"href":"https:\/\/www.stefaniazani.it\/es\/wp-json\/wp\/v2\/product\/3744","targetHints":{"allow":["GET"]}}],"collection":[{"href":"https:\/\/www.stefaniazani.it\/es\/wp-json\/wp\/v2\/product"}],"about":[{"href":"https:\/\/www.stefaniazani.it\/es\/wp-json\/wp\/v2\/types\/product"}],"wp:featuredmedia":[{"embeddable":true,"href":"https:\/\/www.stefaniazani.it\/es\/wp-json\/"}],"wp:attachment":[{"href":"https:\/\/www.stefaniazani.it\/es\/wp-json\/wp\/v2\/media?parent=3744"}],"wp:term":[{"taxonomy":"product_brand","embeddable":true,"href":"https:\/\/www.stefaniazani.it\/es\/wp-json\/wp\/v2\/product_brand?post=3744"},{"taxonomy":"product_cat","embeddable":true,"href":"https:\/\/www.stefaniazani.it\/es\/wp-json\/wp\/v2\/product_cat?post=3744"},{"taxonomy":"product_tag","embeddable":true,"href":"https:\/\/www.stefaniazani.it\/es\/wp-json\/wp\/v2\/product_tag?post=3744"}],"curies":[{"name":"wp","href":"https:\/\/api.w.org\/{rel}","templated":true}]}}