{"id":3738,"date":"2024-05-28T14:12:38","date_gmt":"2024-05-28T13:12:38","guid":{"rendered":"https:\/\/stefaniazani.ilfondaco.it\/?post_type=product&#038;p=3738"},"modified":"2025-12-03T00:25:07","modified_gmt":"2025-12-02T23:25:07","slug":"primo-chakra","status":"publish","type":"product","link":"https:\/\/www.stefaniazani.it\/es\/producto\/primer-chakra\/","title":{"rendered":"PRIMER CHAKRA"},"content":{"rendered":"<p>Lezione registrata &#8211; Primo Chakra<\/p>\n<p>Le fondamenta del tempio del S\u00e8<\/p>\n<p>Il Primo Chakra, Muladhara \u00e8 il riflesso della nostra identit\u00e0 fisica, \u00e8 legato alla tua sopravvivenza e a tutte le tematiche legate alla sicurezza personale e alla fiducia.<\/p>\n<p>Sono le nostre radici, attraverso le quali siamo in grado di nutrirci dell\u2019energia della Madre Terra, la Pachamama, per poter elevare la nostra energia verso il Cielo.<\/p>\n<p><strong>Il link e la password per accedere alla registrazione della lezione li trovi all&#8217;interno del file pdf che arriva insieme alla mail automatica di conferma dell&#8217;ordine.<\/strong><\/p>\n","protected":false},"excerpt":{"rendered":"<p>Lecci\u00f3n grabada &#8211; Primer Chakra<\/p>\n<p>Los cimientos del templo del Ser<\/p>\n<p>El Primer Chakra, Muladhara, es el reflejo de nuestra identidad f\u00edsica, est\u00e1 vinculado a nuestra supervivencia y a todas las cuestiones de seguridad personal y confianza.<\/p>\n<p>Son nuestras ra\u00edces, a trav\u00e9s de las cuales somos capaces de nutrirnos de la energ\u00eda de la Madre Tierra, Pachamama, para elevar nuestra energ\u00eda hacia el Cielo.<\/p>\n<p><strong>El enlace y la contrase\u00f1a para acceder a la grabaci\u00f3n de la lecci\u00f3n se encuentran en el archivo pdf que llega con el correo electr\u00f3nico de confirmaci\u00f3n autom\u00e1tica del pedido.<\/strong><\/p>\n","protected":false},"featured_media":15714,"template":"","meta":[],"product_brand":[],"product_cat":[27],"product_tag":[],"class_list":{"0":"post-3738","1":"product","2":"type-product","3":"status-publish","4":"has-post-thumbnail","6":"product_cat-lezioni","8":"first","9":"instock","10":"downloadable","11":"virtual","12":"taxable","13":"purchasable","14":"product-type-simple"},"yoast_head":"<!-- This site is optimized with the Yoast SEO plugin v27.4 - https:\/\/yoast.com\/product\/yoast-seo-wordpress\/ -->\n<title>PRIMER CHAKRA<\/title>\n<meta name=\"description\" content=\"Lecci\u00f3n grabada - Primer Chakra  Los cimientos del templo del Ser  El Primer Chakra, Muladhara, es el reflejo de nuestra identidad f\u00edsica, est\u00e1 vinculado a nuestra supervivencia y a todas las cuestiones de seguridad personal y confianza. Son nuestras ra\u00edces, a trav\u00e9s de las cuales somos capaces de nutrirnos de la energ\u00eda de la Madre Tierra, Pachamama, para elevar nuestra energ\u00eda hacia el Cielo.  El enlace y la contrase\u00f1a para acceder a la grabaci\u00f3n de la lecci\u00f3n se encuentran en el archivo pdf que llega con el correo electr\u00f3nico de confirmaci\u00f3n autom\u00e1tica del pedido.\" \/>\n<meta name=\"robots\" content=\"index, follow, max-snippet:-1, max-image-preview:large, max-video-preview:-1\" \/>\n<link rel=\"canonical\" href=\"http:\/\/Lecci\u00f3n%20grabada%20-%20Primer%20Chakra%20%20Los%20cimientos%20del%20templo%20del%20Ser%20%20El%20Primer%20Chakra,%20Muladhara,%20es%20el%20reflejo%20de%20nuestra%20identidad%20f\u00edsica,%20est\u00e1%20vinculado%20a%20nuestra%20supervivencia%20y%20a%20todas%20las%20cuestiones%20de%20seguridad%20personal%20y%20confianza.%20Son%20nuestras%20ra\u00edces,%20a%20trav\u00e9s%20de%20las%20cuales%20somos%20capaces%20de%20nutrirnos%20de%20la%20energ\u00eda%20de%20la%20Madre%20Tierra,%20Pachamama,%20para%20elevar%20nuestra%20energ\u00eda%20hacia%20el%20Cielo.%20%20El%20enlace%20y%20la%20contrase\u00f1a%20para%20acceder%20a%20la%20grabaci\u00f3n%20de%20la%20lecci\u00f3n%20se%20encuentran%20en%20el%20archivo%20pdf%20que%20llega%20con%20el%20correo%20electr\u00f3nico%20de%20confirmaci\u00f3n%20autom\u00e1tica%20del%20pedido.\" \/>\n<meta property=\"og:locale\" content=\"es_ES\" \/>\n<meta property=\"og:type\" content=\"article\" \/>\n<meta property=\"og:title\" content=\"PRIMER CHAKRA\" \/>\n<meta property=\"og:description\" content=\"Lecci\u00f3n grabada - Primer Chakra  Los cimientos del templo del Ser  El Primer Chakra, Muladhara, es el reflejo de nuestra identidad f\u00edsica, est\u00e1 vinculado a nuestra supervivencia y a todas las cuestiones de seguridad personal y confianza. Son nuestras ra\u00edces, a trav\u00e9s de las cuales somos capaces de nutrirnos de la energ\u00eda de la Madre Tierra, Pachamama, para elevar nuestra energ\u00eda hacia el Cielo.  El enlace y la contrase\u00f1a para acceder a la grabaci\u00f3n de la lecci\u00f3n se encuentran en el archivo pdf que llega con el correo electr\u00f3nico de confirmaci\u00f3n autom\u00e1tica del pedido.\" \/>\n<meta property=\"og:url\" content=\"https:\/\/www.stefaniazani.it\/es\/producto\/primer-chakra\/\" \/>\n<meta property=\"og:site_name\" content=\"Stefania Zani\" \/>\n<meta property=\"article:publisher\" content=\"https:\/\/www.facebook.com\/p\/Stefania-Zani-100087139977126\/\" \/>\n<meta property=\"article:modified_time\" content=\"2025-12-02T23:25:07+00:00\" \/>\n<meta property=\"og:image\" content=\"https:\/\/www.stefaniazani.it\/wp-content\/uploads\/2024\/12\/Primo-chakra.png\" \/>\n\t<meta property=\"og:image:width\" content=\"1080\" \/>\n\t<meta property=\"og:image:height\" content=\"1080\" \/>\n\t<meta property=\"og:image:type\" content=\"image\/png\" \/>\n<meta name=\"twitter:card\" content=\"summary_large_image\" \/>\n<meta name=\"twitter:label1\" content=\"Tiempo de lectura\" \/>\n\t<meta name=\"twitter:data1\" content=\"1 minuto\" \/>\n<script type=\"application\/ld+json\" class=\"yoast-schema-graph\">{\"@context\":\"https:\\\/\\\/schema.org\",\"@graph\":[{\"@type\":\"WebPage\",\"@id\":\"https:\\\/\\\/www.stefaniazani.it\\\/es\\\/producto\\\/primer-chakra\\\/\",\"url\":\"https:\\\/\\\/www.stefaniazani.it\\\/es\\\/producto\\\/primer-chakra\\\/\",\"name\":\"PRIMO CHAKRA - Stefania Zani\",\"isPartOf\":{\"@id\":\"https:\\\/\\\/www.stefaniazani.it\\\/#website\"},\"primaryImageOfPage\":{\"@id\":\"https:\\\/\\\/www.stefaniazani.it\\\/es\\\/producto\\\/primer-chakra\\\/#primaryimage\"},\"image\":{\"@id\":\"https:\\\/\\\/www.stefaniazani.it\\\/es\\\/producto\\\/primer-chakra\\\/#primaryimage\"},\"thumbnailUrl\":\"\",\"datePublished\":\"2024-05-28T13:12:38+00:00\",\"dateModified\":\"2025-12-02T23:25:07+00:00\",\"description\":\"Lezione sul Primo Chakra: il riflesso della nostra identit\u00e0 fisica, \u00e8 legato alla tua sopravvivenza, alla sicurezza personale e alla fiducia.\",\"breadcrumb\":{\"@id\":\"https:\\\/\\\/www.stefaniazani.it\\\/es\\\/producto\\\/primer-chakra\\\/#breadcrumb\"},\"inLanguage\":\"es\",\"potentialAction\":[{\"@type\":\"ReadAction\",\"target\":[\"https:\\\/\\\/www.stefaniazani.it\\\/es\\\/producto\\\/primer-chakra\\\/\"]}]},{\"@type\":\"ImageObject\",\"inLanguage\":\"es\",\"@id\":\"https:\\\/\\\/www.stefaniazani.it\\\/es\\\/producto\\\/primer-chakra\\\/#primaryimage\",\"url\":\"\",\"contentUrl\":\"\",\"width\":1080,\"height\":1080},{\"@type\":\"BreadcrumbList\",\"@id\":\"https:\\\/\\\/www.stefaniazani.it\\\/es\\\/producto\\\/primer-chakra\\\/#breadcrumb\",\"itemListElement\":[{\"@type\":\"ListItem\",\"position\":1,\"name\":\"Home\",\"item\":\"https:\\\/\\\/www.stefaniazani.it\\\/\"},{\"@type\":\"ListItem\",\"position\":2,\"name\":\"Shop\",\"item\":\"https:\\\/\\\/www.stefaniazani.it\\\/negozio\\\/\"},{\"@type\":\"ListItem\",\"position\":3,\"name\":\"PRIMER CHAKRA\"}]},{\"@type\":\"WebSite\",\"@id\":\"https:\\\/\\\/www.stefaniazani.it\\\/es\\\/#website\",\"url\":\"https:\\\/\\\/www.stefaniazani.it\\\/es\\\/\",\"name\":\"Stefania Zani\",\"description\":\"\",\"publisher\":{\"@id\":\"https:\\\/\\\/www.stefaniazani.it\\\/es\\\/#organization\"},\"potentialAction\":[{\"@type\":\"SearchAction\",\"target\":{\"@type\":\"EntryPoint\",\"urlTemplate\":\"https:\\\/\\\/www.stefaniazani.it\\\/es\\\/?s={search_term_string}\"},\"query-input\":{\"@type\":\"PropertyValueSpecification\",\"valueRequired\":true,\"valueName\":\"search_term_string\"}}],\"inLanguage\":\"es\"},{\"@type\":\"Organization\",\"@id\":\"https:\\\/\\\/www.stefaniazani.it\\\/es\\\/#organization\",\"name\":\"Stefania Zani Srl\",\"url\":\"https:\\\/\\\/www.stefaniazani.it\\\/es\\\/\",\"logo\":{\"@type\":\"ImageObject\",\"inLanguage\":\"es\",\"@id\":\"https:\\\/\\\/www.stefaniazani.it\\\/es\\\/#\\\/schema\\\/logo\\\/image\\\/\",\"url\":\"https:\\\/\\\/www.stefaniazani.it\\\/wp-content\\\/uploads\\\/2024\\\/03\\\/stefania_zani_logo_start.png\",\"contentUrl\":\"https:\\\/\\\/www.stefaniazani.it\\\/wp-content\\\/uploads\\\/2024\\\/03\\\/stefania_zani_logo_start.png\",\"width\":250,\"height\":50,\"caption\":\"Stefania Zani Srl\"},\"image\":{\"@id\":\"https:\\\/\\\/www.stefaniazani.it\\\/es\\\/#\\\/schema\\\/logo\\\/image\\\/\"},\"sameAs\":[\"https:\\\/\\\/www.facebook.com\\\/p\\\/Stefania-Zani-100087139977126\\\/\",\"https:\\\/\\\/www.instagram.com\\\/stefania__zani\\\/\"]}]}<\/script>\n<!-- \/ Yoast SEO plugin. -->","yoast_head_json":{"title":"PRIMER CHAKRA","description":"Lecci\u00f3n grabada - Primer Chakra  Los cimientos del templo del Ser  El Primer Chakra, Muladhara, es el reflejo de nuestra identidad f\u00edsica, est\u00e1 vinculado a nuestra supervivencia y a todas las cuestiones de seguridad personal y confianza. Son nuestras ra\u00edces, a trav\u00e9s de las cuales somos capaces de nutrirnos de la energ\u00eda de la Madre Tierra, Pachamama, para elevar nuestra energ\u00eda hacia el Cielo.  El enlace y la contrase\u00f1a para acceder a la grabaci\u00f3n de la lecci\u00f3n se encuentran en el archivo pdf que llega con el correo electr\u00f3nico de confirmaci\u00f3n autom\u00e1tica del pedido.","robots":{"index":"index","follow":"follow","max-snippet":"max-snippet:-1","max-image-preview":"max-image-preview:large","max-video-preview":"max-video-preview:-1"},"canonical":"Lecci\u00f3n grabada - Primer Chakra  Los cimientos del templo del Ser  El Primer Chakra, Muladhara, es el reflejo de nuestra identidad f\u00edsica, est\u00e1 vinculado a nuestra supervivencia y a todas las cuestiones de seguridad personal y confianza. Son nuestras ra\u00edces, a trav\u00e9s de las cuales somos capaces de nutrirnos de la energ\u00eda de la Madre Tierra, Pachamama, para elevar nuestra energ\u00eda hacia el Cielo.  El enlace y la contrase\u00f1a para acceder a la grabaci\u00f3n de la lecci\u00f3n se encuentran en el archivo pdf que llega con el correo electr\u00f3nico de confirmaci\u00f3n autom\u00e1tica del pedido.","og_locale":"es_ES","og_type":"article","og_title":"PRIMER CHAKRA","og_description":"Lecci\u00f3n grabada - Primer Chakra  Los cimientos del templo del Ser  El Primer Chakra, Muladhara, es el reflejo de nuestra identidad f\u00edsica, est\u00e1 vinculado a nuestra supervivencia y a todas las cuestiones de seguridad personal y confianza. Son nuestras ra\u00edces, a trav\u00e9s de las cuales somos capaces de nutrirnos de la energ\u00eda de la Madre Tierra, Pachamama, para elevar nuestra energ\u00eda hacia el Cielo.  El enlace y la contrase\u00f1a para acceder a la grabaci\u00f3n de la lecci\u00f3n se encuentran en el archivo pdf que llega con el correo electr\u00f3nico de confirmaci\u00f3n autom\u00e1tica del pedido.","og_url":"https:\/\/www.stefaniazani.it\/es\/producto\/primer-chakra\/","og_site_name":"Stefania Zani","article_publisher":"https:\/\/www.facebook.com\/p\/Stefania-Zani-100087139977126\/","article_modified_time":"2025-12-02T23:25:07+00:00","og_image":[{"width":1080,"height":1080,"url":"https:\/\/www.stefaniazani.it\/wp-content\/uploads\/2024\/12\/Primo-chakra.png","type":"image\/png"}],"twitter_card":"summary_large_image","twitter_misc":{"Tiempo de lectura":"1 minuto"},"schema":{"@context":"https:\/\/schema.org","@graph":[{"@type":"WebPage","@id":"https:\/\/www.stefaniazani.it\/es\/producto\/primer-chakra\/","url":"https:\/\/www.stefaniazani.it\/es\/producto\/primer-chakra\/","name":"PRIMO CHAKRA - Stefania Zani","isPartOf":{"@id":"https:\/\/www.stefaniazani.it\/#website"},"primaryImageOfPage":{"@id":"https:\/\/www.stefaniazani.it\/es\/producto\/primer-chakra\/#primaryimage"},"image":{"@id":"https:\/\/www.stefaniazani.it\/es\/producto\/primer-chakra\/#primaryimage"},"thumbnailUrl":"","datePublished":"2024-05-28T13:12:38+00:00","dateModified":"2025-12-02T23:25:07+00:00","description":"Lezione sul Primo Chakra: il riflesso della nostra identit\u00e0 fisica, \u00e8 legato alla tua sopravvivenza, alla sicurezza personale e alla fiducia.","breadcrumb":{"@id":"https:\/\/www.stefaniazani.it\/es\/producto\/primer-chakra\/#breadcrumb"},"inLanguage":"es","potentialAction":[{"@type":"ReadAction","target":["https:\/\/www.stefaniazani.it\/es\/producto\/primer-chakra\/"]}]},{"@type":"ImageObject","inLanguage":"es","@id":"https:\/\/www.stefaniazani.it\/es\/producto\/primer-chakra\/#primaryimage","url":"","contentUrl":"","width":1080,"height":1080},{"@type":"BreadcrumbList","@id":"https:\/\/www.stefaniazani.it\/es\/producto\/primer-chakra\/#breadcrumb","itemListElement":[{"@type":"ListItem","position":1,"name":"Home","item":"https:\/\/www.stefaniazani.it\/"},{"@type":"ListItem","position":2,"name":"Shop","item":"https:\/\/www.stefaniazani.it\/negozio\/"},{"@type":"ListItem","position":3,"name":"PRIMER CHAKRA"}]},{"@type":"WebSite","@id":"https:\/\/www.stefaniazani.it\/es\/#website","url":"https:\/\/www.stefaniazani.it\/es\/","name":"Stefania Zani","description":"","publisher":{"@id":"https:\/\/www.stefaniazani.it\/es\/#organization"},"potentialAction":[{"@type":"SearchAction","target":{"@type":"EntryPoint","urlTemplate":"https:\/\/www.stefaniazani.it\/es\/?s={search_term_string}"},"query-input":{"@type":"PropertyValueSpecification","valueRequired":true,"valueName":"search_term_string"}}],"inLanguage":"es"},{"@type":"Organization","@id":"https:\/\/www.stefaniazani.it\/es\/#organization","name":"Stefania Zani Srl","url":"https:\/\/www.stefaniazani.it\/es\/","logo":{"@type":"ImageObject","inLanguage":"es","@id":"https:\/\/www.stefaniazani.it\/es\/#\/schema\/logo\/image\/","url":"https:\/\/www.stefaniazani.it\/wp-content\/uploads\/2024\/03\/stefania_zani_logo_start.png","contentUrl":"https:\/\/www.stefaniazani.it\/wp-content\/uploads\/2024\/03\/stefania_zani_logo_start.png","width":250,"height":50,"caption":"Stefania Zani Srl"},"image":{"@id":"https:\/\/www.stefaniazani.it\/es\/#\/schema\/logo\/image\/"},"sameAs":["https:\/\/www.facebook.com\/p\/Stefania-Zani-100087139977126\/","https:\/\/www.instagram.com\/stefania__zani\/"]}]}},"df_price":30,"df_sale_price":"","df_regular_price":30,"df_image_link":"https:\/\/www.stefaniazani.it\/wp-content\/uploads\/woocommerce-placeholder-300x300.png","_links":{"self":[{"href":"https:\/\/www.stefaniazani.it\/es\/wp-json\/wp\/v2\/product\/3738","targetHints":{"allow":["GET"]}}],"collection":[{"href":"https:\/\/www.stefaniazani.it\/es\/wp-json\/wp\/v2\/product"}],"about":[{"href":"https:\/\/www.stefaniazani.it\/es\/wp-json\/wp\/v2\/types\/product"}],"wp:featuredmedia":[{"embeddable":true,"href":"https:\/\/www.stefaniazani.it\/es\/wp-json\/"}],"wp:attachment":[{"href":"https:\/\/www.stefaniazani.it\/es\/wp-json\/wp\/v2\/media?parent=3738"}],"wp:term":[{"taxonomy":"product_brand","embeddable":true,"href":"https:\/\/www.stefaniazani.it\/es\/wp-json\/wp\/v2\/product_brand?post=3738"},{"taxonomy":"product_cat","embeddable":true,"href":"https:\/\/www.stefaniazani.it\/es\/wp-json\/wp\/v2\/product_cat?post=3738"},{"taxonomy":"product_tag","embeddable":true,"href":"https:\/\/www.stefaniazani.it\/es\/wp-json\/wp\/v2\/product_tag?post=3738"}],"curies":[{"name":"wp","href":"https:\/\/api.w.org\/{rel}","templated":true}]}}