{"id":3736,"date":"2024-05-28T14:09:55","date_gmt":"2024-05-28T13:09:55","guid":{"rendered":"https:\/\/stefaniazani.ilfondaco.it\/?post_type=product&#038;p=3736"},"modified":"2025-12-12T16:00:46","modified_gmt":"2025-12-12T15:00:46","slug":"incontri-karmici","status":"publish","type":"product","link":"https:\/\/www.stefaniazani.it\/es\/producto\/encuentros-karmicos\/","title":{"rendered":"ENCUENTROS K\u00c1RMICOS"},"content":{"rendered":"<p>Lecci\u00f3n grabada &#8211; Encuentros k\u00e1rmicos<\/p>\n<p>De encarnaci\u00f3n en encarnaci\u00f3n, venimos a la Tierra habiendo elegido una familia de almas, experimentando nuestras existencias con las mismas Almas, que son muchas.<br \/>\nHabr\u00e1 vidas en las que seremos cercanos e inseparables, vidas en las que nos traicionaremos unos a otros&#8230;.<br \/>\npero todo para llevar a plena manifestaci\u00f3n el proyecto de nuestra Alma, su Misi\u00f3n.<\/p>\n<p>No es f\u00e1cil entender esto, como no es f\u00e1cil distinguir los papeles que cada uno tiene en la vida del otro.<\/p>\n<p>Buscaremos claridad, responderemos a sus preguntas, para que podamos ser conscientes del servicio que nos prestamos mutuamente, para comprender el sentido de tanta alegr\u00eda o de tanto dolor.<br \/>\nInvestigaremos las <strong><em>Almas<\/em><\/strong> <strong><em>Gemelas<\/em><\/strong>, nuestras aliadas; las <strong><em>Almas K\u00e1rmicas<\/em><\/strong>, las que nos permiten evolucionar y nos desaf\u00edan; las <strong><em>Almas Compa\u00f1eras<\/em><\/strong>, que recorren con nosotros peque\u00f1os trozos del camino, y la <strong><em>Llama Gemela<\/em><\/strong>, nuestra otra mitad.<\/p>\n<p>Redescubrir la propia familia del alma permite vivir en relaciones pac\u00edficas y aprender a cosechar los dones que aporta.<\/p>\n<p><strong>El enlace y la contrase\u00f1a para acceder a la grabaci\u00f3n de la lecci\u00f3n se encuentran en el archivo pdf que llega con el correo electr\u00f3nico de confirmaci\u00f3n autom\u00e1tica del pedido.<\/strong><\/p>\n","protected":false},"excerpt":{"rendered":"<p>Lecci\u00f3n grabada &#8211; Encuentros k\u00e1rmicos<\/p>\n<p>De encarnaci\u00f3n en encarnaci\u00f3n, venimos a la Tierra habiendo elegido una familia de almas, experimentando nuestras existencias con las mismas Almas, que son muchas.<\/p>\n<p> Habr\u00e1 vidas en las que seremos cercanos e inseparables, vidas en las que nos traicionaremos&#8230; pero todo para manifestar plenamente el proyecto de nuestra Alma, su Misi\u00f3n.<\/p>\n<p>No es f\u00e1cil entender esto, como no es f\u00e1cil distinguir los papeles que cada uno tiene en la vida del otro.<\/p>\n<p><strong>El enlace y la contrase\u00f1a para acceder a la grabaci\u00f3n de la lecci\u00f3n se encuentran en el archivo pdf que llega con el correo electr\u00f3nico de confirmaci\u00f3n autom\u00e1tica del pedido<\/strong>.<\/p>\n","protected":false},"featured_media":15697,"template":"","meta":[],"product_brand":[],"product_cat":[27],"product_tag":[],"class_list":{"0":"post-3736","1":"product","2":"type-product","3":"status-publish","4":"has-post-thumbnail","6":"product_cat-lezioni","8":"first","9":"instock","10":"downloadable","11":"virtual","12":"taxable","13":"purchasable","14":"product-type-simple"},"yoast_head":"<!-- This site is optimized with the Yoast SEO plugin v27.5 - https:\/\/yoast.com\/product\/yoast-seo-wordpress\/ -->\n<title>ENCUENTROS K\u00c1RMICOS<\/title>\n<meta name=\"description\" content=\"Lecci\u00f3n grabada - Encuentros k\u00e1rmicos  De encarnaci\u00f3n en encarnaci\u00f3n, venimos a la Tierra habiendo elegido una familia de almas, experimentando nuestras existencias con las mismas Almas, que son muchas.   Habr\u00e1 vidas en las que seremos cercanos e inseparables, vidas en las que nos traicionaremos... pero todo para manifestar plenamente el proyecto de nuestra Alma, su Misi\u00f3n.  No es f\u00e1cil entender esto, como no es f\u00e1cil distinguir los papeles que cada uno tiene en la vida del otro.  El enlace y la contrase\u00f1a para acceder a la grabaci\u00f3n de la lecci\u00f3n se encuentran en el archivo pdf que llega con el correo electr\u00f3nico de confirmaci\u00f3n autom\u00e1tica del pedido.\" \/>\n<meta name=\"robots\" content=\"index, follow, max-snippet:-1, max-image-preview:large, max-video-preview:-1\" \/>\n<link rel=\"canonical\" href=\"http:\/\/Lecci\u00f3n%20grabada%20-%20Encuentros%20k\u00e1rmicos%20%20De%20encarnaci\u00f3n%20en%20encarnaci\u00f3n,%20venimos%20a%20la%20Tierra%20habiendo%20elegido%20una%20familia%20de%20almas,%20experimentando%20nuestras%20existencias%20con%20las%20mismas%20Almas,%20que%20son%20muchas.%20%20%20Habr\u00e1%20vidas%20en%20las%20que%20seremos%20cercanos%20e%20inseparables,%20vidas%20en%20las%20que%20nos%20traicionaremos...%20pero%20todo%20para%20manifestar%20plenamente%20el%20proyecto%20de%20nuestra%20Alma,%20su%20Misi\u00f3n.%20%20No%20es%20f\u00e1cil%20entender%20esto,%20como%20no%20es%20f\u00e1cil%20distinguir%20los%20papeles%20que%20cada%20uno%20tiene%20en%20la%20vida%20del%20otro.%20%20El%20enlace%20y%20la%20contrase\u00f1a%20para%20acceder%20a%20la%20grabaci\u00f3n%20de%20la%20lecci\u00f3n%20se%20encuentran%20en%20el%20archivo%20pdf%20que%20llega%20con%20el%20correo%20electr\u00f3nico%20de%20confirmaci\u00f3n%20autom\u00e1tica%20del%20pedido.\" \/>\n<meta property=\"og:locale\" content=\"es_ES\" \/>\n<meta property=\"og:type\" content=\"article\" \/>\n<meta property=\"og:title\" content=\"ENCUENTROS K\u00c1RMICOS\" \/>\n<meta property=\"og:description\" content=\"Lecci\u00f3n grabada - Encuentros k\u00e1rmicos  De encarnaci\u00f3n en encarnaci\u00f3n, venimos a la Tierra habiendo elegido una familia de almas, experimentando nuestras existencias con las mismas Almas, que son muchas.   Habr\u00e1 vidas en las que seremos cercanos e inseparables, vidas en las que nos traicionaremos... pero todo para manifestar plenamente el proyecto de nuestra Alma, su Misi\u00f3n.  No es f\u00e1cil entender esto, como no es f\u00e1cil distinguir los papeles que cada uno tiene en la vida del otro.  El enlace y la contrase\u00f1a para acceder a la grabaci\u00f3n de la lecci\u00f3n se encuentran en el archivo pdf que llega con el correo electr\u00f3nico de confirmaci\u00f3n autom\u00e1tica del pedido.\" \/>\n<meta property=\"og:url\" content=\"https:\/\/www.stefaniazani.it\/es\/producto\/encuentros-karmicos\/\" \/>\n<meta property=\"og:site_name\" content=\"Stefania Zani\" \/>\n<meta property=\"article:publisher\" content=\"https:\/\/www.facebook.com\/p\/Stefania-Zani-100087139977126\/\" \/>\n<meta property=\"article:modified_time\" content=\"2025-12-12T15:00:46+00:00\" \/>\n<meta property=\"og:image\" content=\"https:\/\/www.stefaniazani.it\/wp-content\/uploads\/2024\/12\/Gli-incontri-Karmici.png\" \/>\n\t<meta property=\"og:image:width\" content=\"1080\" \/>\n\t<meta property=\"og:image:height\" content=\"1080\" \/>\n\t<meta property=\"og:image:type\" content=\"image\/png\" \/>\n<meta name=\"twitter:card\" content=\"summary_large_image\" \/>\n<meta name=\"twitter:label1\" content=\"Tiempo de lectura\" \/>\n\t<meta name=\"twitter:data1\" content=\"2 minutos\" \/>\n<script type=\"application\/ld+json\" class=\"yoast-schema-graph\">{\"@context\":\"https:\\\/\\\/schema.org\",\"@graph\":[{\"@type\":\"WebPage\",\"@id\":\"https:\\\/\\\/www.stefaniazani.it\\\/es\\\/producto\\\/encuentros-karmicos\\\/\",\"url\":\"https:\\\/\\\/www.stefaniazani.it\\\/es\\\/producto\\\/encuentros-karmicos\\\/\",\"name\":\"INCONTRI KARMICI - Stefania Zani\",\"isPartOf\":{\"@id\":\"https:\\\/\\\/www.stefaniazani.it\\\/#website\"},\"primaryImageOfPage\":{\"@id\":\"https:\\\/\\\/www.stefaniazani.it\\\/es\\\/producto\\\/encuentros-karmicos\\\/#primaryimage\"},\"image\":{\"@id\":\"https:\\\/\\\/www.stefaniazani.it\\\/es\\\/producto\\\/encuentros-karmicos\\\/#primaryimage\"},\"thumbnailUrl\":\"\",\"datePublished\":\"2024-05-28T13:09:55+00:00\",\"dateModified\":\"2025-12-12T15:00:46+00:00\",\"description\":\"Lezione online che indaga gli Incontri Karmici, legami d\u2019anima che si ripetono e ci accompagnano attraverso vite e esperienze per portarci a evolvere.\",\"breadcrumb\":{\"@id\":\"https:\\\/\\\/www.stefaniazani.it\\\/es\\\/producto\\\/encuentros-karmicos\\\/#breadcrumb\"},\"inLanguage\":\"es\",\"potentialAction\":[{\"@type\":\"ReadAction\",\"target\":[\"https:\\\/\\\/www.stefaniazani.it\\\/es\\\/producto\\\/encuentros-karmicos\\\/\"]}]},{\"@type\":\"ImageObject\",\"inLanguage\":\"es\",\"@id\":\"https:\\\/\\\/www.stefaniazani.it\\\/es\\\/producto\\\/encuentros-karmicos\\\/#primaryimage\",\"url\":\"\",\"contentUrl\":\"\",\"width\":1080,\"height\":1080},{\"@type\":\"BreadcrumbList\",\"@id\":\"https:\\\/\\\/www.stefaniazani.it\\\/es\\\/producto\\\/encuentros-karmicos\\\/#breadcrumb\",\"itemListElement\":[{\"@type\":\"ListItem\",\"position\":1,\"name\":\"Home\",\"item\":\"https:\\\/\\\/www.stefaniazani.it\\\/\"},{\"@type\":\"ListItem\",\"position\":2,\"name\":\"Shop\",\"item\":\"https:\\\/\\\/www.stefaniazani.it\\\/negozio\\\/\"},{\"@type\":\"ListItem\",\"position\":3,\"name\":\"ENCUENTROS K\u00c1RMICOS\"}]},{\"@type\":\"WebSite\",\"@id\":\"https:\\\/\\\/www.stefaniazani.it\\\/es\\\/#website\",\"url\":\"https:\\\/\\\/www.stefaniazani.it\\\/es\\\/\",\"name\":\"Stefania Zani\",\"description\":\"\",\"publisher\":{\"@id\":\"https:\\\/\\\/www.stefaniazani.it\\\/es\\\/#organization\"},\"potentialAction\":[{\"@type\":\"SearchAction\",\"target\":{\"@type\":\"EntryPoint\",\"urlTemplate\":\"https:\\\/\\\/www.stefaniazani.it\\\/es\\\/?s={search_term_string}\"},\"query-input\":{\"@type\":\"PropertyValueSpecification\",\"valueRequired\":true,\"valueName\":\"search_term_string\"}}],\"inLanguage\":\"es\"},{\"@type\":\"Organization\",\"@id\":\"https:\\\/\\\/www.stefaniazani.it\\\/es\\\/#organization\",\"name\":\"Stefania Zani Srl\",\"url\":\"https:\\\/\\\/www.stefaniazani.it\\\/es\\\/\",\"logo\":{\"@type\":\"ImageObject\",\"inLanguage\":\"es\",\"@id\":\"https:\\\/\\\/www.stefaniazani.it\\\/es\\\/#\\\/schema\\\/logo\\\/image\\\/\",\"url\":\"https:\\\/\\\/www.stefaniazani.it\\\/wp-content\\\/uploads\\\/2024\\\/03\\\/stefania_zani_logo_start.png\",\"contentUrl\":\"https:\\\/\\\/www.stefaniazani.it\\\/wp-content\\\/uploads\\\/2024\\\/03\\\/stefania_zani_logo_start.png\",\"width\":250,\"height\":50,\"caption\":\"Stefania Zani Srl\"},\"image\":{\"@id\":\"https:\\\/\\\/www.stefaniazani.it\\\/es\\\/#\\\/schema\\\/logo\\\/image\\\/\"},\"sameAs\":[\"https:\\\/\\\/www.facebook.com\\\/p\\\/Stefania-Zani-100087139977126\\\/\",\"https:\\\/\\\/www.instagram.com\\\/stefania__zani\\\/\"]}]}<\/script>\n<!-- \/ Yoast SEO plugin. -->","yoast_head_json":{"title":"ENCUENTROS K\u00c1RMICOS","description":"Lecci\u00f3n grabada - Encuentros k\u00e1rmicos  De encarnaci\u00f3n en encarnaci\u00f3n, venimos a la Tierra habiendo elegido una familia de almas, experimentando nuestras existencias con las mismas Almas, que son muchas.   Habr\u00e1 vidas en las que seremos cercanos e inseparables, vidas en las que nos traicionaremos... pero todo para manifestar plenamente el proyecto de nuestra Alma, su Misi\u00f3n.  No es f\u00e1cil entender esto, como no es f\u00e1cil distinguir los papeles que cada uno tiene en la vida del otro.  El enlace y la contrase\u00f1a para acceder a la grabaci\u00f3n de la lecci\u00f3n se encuentran en el archivo pdf que llega con el correo electr\u00f3nico de confirmaci\u00f3n autom\u00e1tica del pedido.","robots":{"index":"index","follow":"follow","max-snippet":"max-snippet:-1","max-image-preview":"max-image-preview:large","max-video-preview":"max-video-preview:-1"},"canonical":"Lecci\u00f3n grabada - Encuentros k\u00e1rmicos  De encarnaci\u00f3n en encarnaci\u00f3n, venimos a la Tierra habiendo elegido una familia de almas, experimentando nuestras existencias con las mismas Almas, que son muchas.   Habr\u00e1 vidas en las que seremos cercanos e inseparables, vidas en las que nos traicionaremos... pero todo para manifestar plenamente el proyecto de nuestra Alma, su Misi\u00f3n.  No es f\u00e1cil entender esto, como no es f\u00e1cil distinguir los papeles que cada uno tiene en la vida del otro.  El enlace y la contrase\u00f1a para acceder a la grabaci\u00f3n de la lecci\u00f3n se encuentran en el archivo pdf que llega con el correo electr\u00f3nico de confirmaci\u00f3n autom\u00e1tica del pedido.","og_locale":"es_ES","og_type":"article","og_title":"ENCUENTROS K\u00c1RMICOS","og_description":"Lecci\u00f3n grabada - Encuentros k\u00e1rmicos  De encarnaci\u00f3n en encarnaci\u00f3n, venimos a la Tierra habiendo elegido una familia de almas, experimentando nuestras existencias con las mismas Almas, que son muchas.   Habr\u00e1 vidas en las que seremos cercanos e inseparables, vidas en las que nos traicionaremos... pero todo para manifestar plenamente el proyecto de nuestra Alma, su Misi\u00f3n.  No es f\u00e1cil entender esto, como no es f\u00e1cil distinguir los papeles que cada uno tiene en la vida del otro.  El enlace y la contrase\u00f1a para acceder a la grabaci\u00f3n de la lecci\u00f3n se encuentran en el archivo pdf que llega con el correo electr\u00f3nico de confirmaci\u00f3n autom\u00e1tica del pedido.","og_url":"https:\/\/www.stefaniazani.it\/es\/producto\/encuentros-karmicos\/","og_site_name":"Stefania Zani","article_publisher":"https:\/\/www.facebook.com\/p\/Stefania-Zani-100087139977126\/","article_modified_time":"2025-12-12T15:00:46+00:00","og_image":[{"width":1080,"height":1080,"url":"https:\/\/www.stefaniazani.it\/wp-content\/uploads\/2024\/12\/Gli-incontri-Karmici.png","type":"image\/png"}],"twitter_card":"summary_large_image","twitter_misc":{"Tiempo de lectura":"2 minutos"},"schema":{"@context":"https:\/\/schema.org","@graph":[{"@type":"WebPage","@id":"https:\/\/www.stefaniazani.it\/es\/producto\/encuentros-karmicos\/","url":"https:\/\/www.stefaniazani.it\/es\/producto\/encuentros-karmicos\/","name":"INCONTRI KARMICI - Stefania Zani","isPartOf":{"@id":"https:\/\/www.stefaniazani.it\/#website"},"primaryImageOfPage":{"@id":"https:\/\/www.stefaniazani.it\/es\/producto\/encuentros-karmicos\/#primaryimage"},"image":{"@id":"https:\/\/www.stefaniazani.it\/es\/producto\/encuentros-karmicos\/#primaryimage"},"thumbnailUrl":"","datePublished":"2024-05-28T13:09:55+00:00","dateModified":"2025-12-12T15:00:46+00:00","description":"Lezione online che indaga gli Incontri Karmici, legami d\u2019anima che si ripetono e ci accompagnano attraverso vite e esperienze per portarci a evolvere.","breadcrumb":{"@id":"https:\/\/www.stefaniazani.it\/es\/producto\/encuentros-karmicos\/#breadcrumb"},"inLanguage":"es","potentialAction":[{"@type":"ReadAction","target":["https:\/\/www.stefaniazani.it\/es\/producto\/encuentros-karmicos\/"]}]},{"@type":"ImageObject","inLanguage":"es","@id":"https:\/\/www.stefaniazani.it\/es\/producto\/encuentros-karmicos\/#primaryimage","url":"","contentUrl":"","width":1080,"height":1080},{"@type":"BreadcrumbList","@id":"https:\/\/www.stefaniazani.it\/es\/producto\/encuentros-karmicos\/#breadcrumb","itemListElement":[{"@type":"ListItem","position":1,"name":"Home","item":"https:\/\/www.stefaniazani.it\/"},{"@type":"ListItem","position":2,"name":"Shop","item":"https:\/\/www.stefaniazani.it\/negozio\/"},{"@type":"ListItem","position":3,"name":"ENCUENTROS K\u00c1RMICOS"}]},{"@type":"WebSite","@id":"https:\/\/www.stefaniazani.it\/es\/#website","url":"https:\/\/www.stefaniazani.it\/es\/","name":"Stefania Zani","description":"","publisher":{"@id":"https:\/\/www.stefaniazani.it\/es\/#organization"},"potentialAction":[{"@type":"SearchAction","target":{"@type":"EntryPoint","urlTemplate":"https:\/\/www.stefaniazani.it\/es\/?s={search_term_string}"},"query-input":{"@type":"PropertyValueSpecification","valueRequired":true,"valueName":"search_term_string"}}],"inLanguage":"es"},{"@type":"Organization","@id":"https:\/\/www.stefaniazani.it\/es\/#organization","name":"Stefania Zani Srl","url":"https:\/\/www.stefaniazani.it\/es\/","logo":{"@type":"ImageObject","inLanguage":"es","@id":"https:\/\/www.stefaniazani.it\/es\/#\/schema\/logo\/image\/","url":"https:\/\/www.stefaniazani.it\/wp-content\/uploads\/2024\/03\/stefania_zani_logo_start.png","contentUrl":"https:\/\/www.stefaniazani.it\/wp-content\/uploads\/2024\/03\/stefania_zani_logo_start.png","width":250,"height":50,"caption":"Stefania Zani Srl"},"image":{"@id":"https:\/\/www.stefaniazani.it\/es\/#\/schema\/logo\/image\/"},"sameAs":["https:\/\/www.facebook.com\/p\/Stefania-Zani-100087139977126\/","https:\/\/www.instagram.com\/stefania__zani\/"]}]}},"df_price":35,"df_sale_price":"","df_regular_price":35,"df_image_link":"https:\/\/www.stefaniazani.it\/wp-content\/uploads\/woocommerce-placeholder-300x300.png","_links":{"self":[{"href":"https:\/\/www.stefaniazani.it\/es\/wp-json\/wp\/v2\/product\/3736","targetHints":{"allow":["GET"]}}],"collection":[{"href":"https:\/\/www.stefaniazani.it\/es\/wp-json\/wp\/v2\/product"}],"about":[{"href":"https:\/\/www.stefaniazani.it\/es\/wp-json\/wp\/v2\/types\/product"}],"wp:featuredmedia":[{"embeddable":true,"href":"https:\/\/www.stefaniazani.it\/es\/wp-json\/"}],"wp:attachment":[{"href":"https:\/\/www.stefaniazani.it\/es\/wp-json\/wp\/v2\/media?parent=3736"}],"wp:term":[{"taxonomy":"product_brand","embeddable":true,"href":"https:\/\/www.stefaniazani.it\/es\/wp-json\/wp\/v2\/product_brand?post=3736"},{"taxonomy":"product_cat","embeddable":true,"href":"https:\/\/www.stefaniazani.it\/es\/wp-json\/wp\/v2\/product_cat?post=3736"},{"taxonomy":"product_tag","embeddable":true,"href":"https:\/\/www.stefaniazani.it\/es\/wp-json\/wp\/v2\/product_tag?post=3736"}],"curies":[{"name":"wp","href":"https:\/\/api.w.org\/{rel}","templated":true}]}}