{"id":3734,"date":"2024-05-28T14:08:08","date_gmt":"2024-05-28T13:08:08","guid":{"rendered":"https:\/\/stefaniazani.ilfondaco.it\/?post_type=product&#038;p=3734"},"modified":"2026-04-01T18:12:28","modified_gmt":"2026-04-01T16:12:28","slug":"percorso-7-chakra","status":"publish","type":"product","link":"https:\/\/www.stefaniazani.it\/es\/producto\/7-camino-del-chakra\/","title":{"rendered":"7 CAMINO DEL CHAKRA"},"content":{"rendered":"<p><strong>Percorso 7 Chakra: 7 Lezioni Registrate + 7 Meditazioni<\/strong><\/p>\n<p> &#8211; Primo Chakra<br \/>\n &#8211; Secondo Chakra<br \/>\n &#8211; Terzo Chakra<br \/>\n &#8211; Quarto Chakra<br \/>\n &#8211; Quinto Chakra<br \/>\n &#8211; Sesto Chakra<br \/>\n &#8211; Settimo Chakra<\/p>\n<p>Il sistema dei 7 Chakra \u00e8 nato in India pi\u00f9 di 4000 anni fa e viene nominato gi\u00e0 nei testi dei Veda. I Chakra non sono organi tangibili, ma centri vorticanti di forza vitale situati nel corpo sottile. Si sviluppano lungo una colonna di energia, determinando l\u2019energia spirituale nel piano fisico.<\/p>\n<p><strong>Il link e la password per accedere alla registrazione della lezioni e alle meditazioni li trovi all&#8217;interno del file pdf che arriva insieme alla mail automatica di conferma dell&#8217;ordine.<\/strong><\/p>\n","protected":false},"excerpt":{"rendered":"<p><strong>7 lecciones grabadas + 7 meditaciones<\/strong><\/p>\n<p> &#8211; Primer Chakra<br \/>\n &#8211; Segundo Chakra<br \/>\n &#8211; Tercer Chakra<br \/>\n &#8211; Cuarto Chakra<br \/>\n &#8211; Quinto Chakra<br \/>\n &#8211; Sexto Chakra<br \/>\n &#8211; S\u00e9ptimo Chakra<\/p>\n<p>El sistema de Chakras se origin\u00f3 en la India hace m\u00e1s de 4000 a\u00f1os y ya se menciona en los textos Veda. Los Chakras no son \u00f3rganos tangibles, sino centros giratorios de fuerza vital situados en el cuerpo sutil. Se desarrollan a lo largo de una columna de energ\u00eda, determinando la energ\u00eda espiritual en el plano f\u00edsico.<\/p>\n<p><strong>El enlace y la contrase\u00f1a para acceder a la grabaci\u00f3n de las lecciones y meditaciones se encuentran en el archivo pdf que llega con el correo electr\u00f3nico de confirmaci\u00f3n autom\u00e1tica del pedido.<\/strong><\/p>\n","protected":false},"featured_media":15692,"template":"","meta":[],"product_brand":[],"product_cat":[27],"product_tag":[],"class_list":{"0":"post-3734","1":"product","2":"type-product","3":"status-publish","4":"has-post-thumbnail","6":"product_cat-lezioni","8":"first","9":"instock","10":"downloadable","11":"virtual","12":"taxable","13":"purchasable","14":"product-type-simple"},"yoast_head":"<!-- This site is optimized with the Yoast SEO plugin v27.5 - https:\/\/yoast.com\/product\/yoast-seo-wordpress\/ -->\n<title>7 CAMINO DEL CHAKRA<\/title>\n<meta name=\"description\" content=\"7 lecciones grabadas + 7 meditaciones   - Primer Chakra  - Segundo Chakra  - Tercer Chakra  - Cuarto Chakra  - Quinto Chakra  - Sexto Chakra  - S\u00e9ptimo Chakra  El sistema de Chakras se origin\u00f3 en la India hace m\u00e1s de 4000 a\u00f1os y ya se menciona en los textos Veda. Los Chakras no son \u00f3rganos tangibles, sino centros giratorios de fuerza vital situados en el cuerpo sutil. Se desarrollan a lo largo de una columna de energ\u00eda, determinando la energ\u00eda espiritual en el plano f\u00edsico.  El enlace y la contrase\u00f1a para acceder a la grabaci\u00f3n de las lecciones y meditaciones se encuentran en el archivo pdf que llega con el correo electr\u00f3nico de confirmaci\u00f3n autom\u00e1tica del pedido.\" \/>\n<meta name=\"robots\" content=\"index, follow, max-snippet:-1, max-image-preview:large, max-video-preview:-1\" \/>\n<link rel=\"canonical\" href=\"http:\/\/7%20lecciones%20grabadas%20%20%207%20meditaciones%20%20%20-%20Primer%20Chakra%20%20-%20Segundo%20Chakra%20%20-%20Tercer%20Chakra%20%20-%20Cuarto%20Chakra%20%20-%20Quinto%20Chakra%20%20-%20Sexto%20Chakra%20%20-%20S\u00e9ptimo%20Chakra%20%20El%20sistema%20de%20Chakras%20se%20origin\u00f3%20en%20la%20India%20hace%20m\u00e1s%20de%204000%20a\u00f1os%20y%20ya%20se%20menciona%20en%20los%20textos%20Veda.%20Los%20Chakras%20no%20son%20\u00f3rganos%20tangibles,%20sino%20centros%20giratorios%20de%20fuerza%20vital%20situados%20en%20el%20cuerpo%20sutil.%20Se%20desarrollan%20a%20lo%20largo%20de%20una%20columna%20de%20energ\u00eda,%20determinando%20la%20energ\u00eda%20espiritual%20en%20el%20plano%20f\u00edsico.%20%20El%20enlace%20y%20la%20contrase\u00f1a%20para%20acceder%20a%20la%20grabaci\u00f3n%20de%20las%20lecciones%20y%20meditaciones%20se%20encuentran%20en%20el%20archivo%20pdf%20que%20llega%20con%20el%20correo%20electr\u00f3nico%20de%20confirmaci\u00f3n%20autom\u00e1tica%20del%20pedido.\" \/>\n<meta property=\"og:locale\" content=\"es_ES\" \/>\n<meta property=\"og:type\" content=\"article\" \/>\n<meta property=\"og:title\" content=\"7 CAMINO DEL CHAKRA\" \/>\n<meta property=\"og:description\" content=\"7 lecciones grabadas + 7 meditaciones   - Primer Chakra  - Segundo Chakra  - Tercer Chakra  - Cuarto Chakra  - Quinto Chakra  - Sexto Chakra  - S\u00e9ptimo Chakra  El sistema de Chakras se origin\u00f3 en la India hace m\u00e1s de 4000 a\u00f1os y ya se menciona en los textos Veda. Los Chakras no son \u00f3rganos tangibles, sino centros giratorios de fuerza vital situados en el cuerpo sutil. Se desarrollan a lo largo de una columna de energ\u00eda, determinando la energ\u00eda espiritual en el plano f\u00edsico.  El enlace y la contrase\u00f1a para acceder a la grabaci\u00f3n de las lecciones y meditaciones se encuentran en el archivo pdf que llega con el correo electr\u00f3nico de confirmaci\u00f3n autom\u00e1tica del pedido.\" \/>\n<meta property=\"og:url\" content=\"https:\/\/www.stefaniazani.it\/es\/producto\/7-camino-del-chakra\/\" \/>\n<meta property=\"og:site_name\" content=\"Stefania Zani\" \/>\n<meta property=\"article:publisher\" content=\"https:\/\/www.facebook.com\/p\/Stefania-Zani-100087139977126\/\" \/>\n<meta property=\"article:modified_time\" content=\"2026-04-01T16:12:28+00:00\" \/>\n<meta property=\"og:image\" content=\"https:\/\/www.stefaniazani.it\/wp-content\/uploads\/2024\/12\/Percorso-sette-chakra.png\" \/>\n\t<meta property=\"og:image:width\" content=\"1080\" \/>\n\t<meta property=\"og:image:height\" content=\"1080\" \/>\n\t<meta property=\"og:image:type\" content=\"image\/png\" \/>\n<meta name=\"twitter:card\" content=\"summary_large_image\" \/>\n<meta name=\"twitter:label1\" content=\"Tiempo de lectura\" \/>\n\t<meta name=\"twitter:data1\" content=\"1 minuto\" \/>\n<script type=\"application\/ld+json\" class=\"yoast-schema-graph\">{\"@context\":\"https:\\\/\\\/schema.org\",\"@graph\":[{\"@type\":\"WebPage\",\"@id\":\"https:\\\/\\\/www.stefaniazani.it\\\/es\\\/producto\\\/7-camino-del-chakra\\\/\",\"url\":\"https:\\\/\\\/www.stefaniazani.it\\\/es\\\/producto\\\/7-camino-del-chakra\\\/\",\"name\":\"PERCORSO 7 CHAKRA - Stefania Zani\",\"isPartOf\":{\"@id\":\"https:\\\/\\\/www.stefaniazani.it\\\/#website\"},\"primaryImageOfPage\":{\"@id\":\"https:\\\/\\\/www.stefaniazani.it\\\/es\\\/producto\\\/7-camino-del-chakra\\\/#primaryimage\"},\"image\":{\"@id\":\"https:\\\/\\\/www.stefaniazani.it\\\/es\\\/producto\\\/7-camino-del-chakra\\\/#primaryimage\"},\"thumbnailUrl\":\"\",\"datePublished\":\"2024-05-28T13:08:08+00:00\",\"dateModified\":\"2026-04-01T16:12:28+00:00\",\"description\":\"Percorso di sette lezioni sui 7 Chakra, centri vorticanti di forza vitale situati nel corpo sottile. Clicca qui per saperne di pi\u00f9.\",\"breadcrumb\":{\"@id\":\"https:\\\/\\\/www.stefaniazani.it\\\/es\\\/producto\\\/7-camino-del-chakra\\\/#breadcrumb\"},\"inLanguage\":\"es\",\"potentialAction\":[{\"@type\":\"ReadAction\",\"target\":[\"https:\\\/\\\/www.stefaniazani.it\\\/es\\\/producto\\\/7-camino-del-chakra\\\/\"]}]},{\"@type\":\"ImageObject\",\"inLanguage\":\"es\",\"@id\":\"https:\\\/\\\/www.stefaniazani.it\\\/es\\\/producto\\\/7-camino-del-chakra\\\/#primaryimage\",\"url\":\"\",\"contentUrl\":\"\",\"width\":1080,\"height\":1080},{\"@type\":\"BreadcrumbList\",\"@id\":\"https:\\\/\\\/www.stefaniazani.it\\\/es\\\/producto\\\/7-camino-del-chakra\\\/#breadcrumb\",\"itemListElement\":[{\"@type\":\"ListItem\",\"position\":1,\"name\":\"Home\",\"item\":\"https:\\\/\\\/www.stefaniazani.it\\\/\"},{\"@type\":\"ListItem\",\"position\":2,\"name\":\"Shop\",\"item\":\"https:\\\/\\\/www.stefaniazani.it\\\/negozio\\\/\"},{\"@type\":\"ListItem\",\"position\":3,\"name\":\"7 CAMINO DEL CHAKRA\"}]},{\"@type\":\"WebSite\",\"@id\":\"https:\\\/\\\/www.stefaniazani.it\\\/es\\\/#website\",\"url\":\"https:\\\/\\\/www.stefaniazani.it\\\/es\\\/\",\"name\":\"Stefania Zani\",\"description\":\"\",\"publisher\":{\"@id\":\"https:\\\/\\\/www.stefaniazani.it\\\/es\\\/#organization\"},\"potentialAction\":[{\"@type\":\"SearchAction\",\"target\":{\"@type\":\"EntryPoint\",\"urlTemplate\":\"https:\\\/\\\/www.stefaniazani.it\\\/es\\\/?s={search_term_string}\"},\"query-input\":{\"@type\":\"PropertyValueSpecification\",\"valueRequired\":true,\"valueName\":\"search_term_string\"}}],\"inLanguage\":\"es\"},{\"@type\":\"Organization\",\"@id\":\"https:\\\/\\\/www.stefaniazani.it\\\/es\\\/#organization\",\"name\":\"Stefania Zani Srl\",\"url\":\"https:\\\/\\\/www.stefaniazani.it\\\/es\\\/\",\"logo\":{\"@type\":\"ImageObject\",\"inLanguage\":\"es\",\"@id\":\"https:\\\/\\\/www.stefaniazani.it\\\/es\\\/#\\\/schema\\\/logo\\\/image\\\/\",\"url\":\"https:\\\/\\\/www.stefaniazani.it\\\/wp-content\\\/uploads\\\/2024\\\/03\\\/stefania_zani_logo_start.png\",\"contentUrl\":\"https:\\\/\\\/www.stefaniazani.it\\\/wp-content\\\/uploads\\\/2024\\\/03\\\/stefania_zani_logo_start.png\",\"width\":250,\"height\":50,\"caption\":\"Stefania Zani Srl\"},\"image\":{\"@id\":\"https:\\\/\\\/www.stefaniazani.it\\\/es\\\/#\\\/schema\\\/logo\\\/image\\\/\"},\"sameAs\":[\"https:\\\/\\\/www.facebook.com\\\/p\\\/Stefania-Zani-100087139977126\\\/\",\"https:\\\/\\\/www.instagram.com\\\/stefania__zani\\\/\"]}]}<\/script>\n<!-- \/ Yoast SEO plugin. -->","yoast_head_json":{"title":"7 CAMINO DEL CHAKRA","description":"7 lecciones grabadas + 7 meditaciones   - Primer Chakra  - Segundo Chakra  - Tercer Chakra  - Cuarto Chakra  - Quinto Chakra  - Sexto Chakra  - S\u00e9ptimo Chakra  El sistema de Chakras se origin\u00f3 en la India hace m\u00e1s de 4000 a\u00f1os y ya se menciona en los textos Veda. Los Chakras no son \u00f3rganos tangibles, sino centros giratorios de fuerza vital situados en el cuerpo sutil. Se desarrollan a lo largo de una columna de energ\u00eda, determinando la energ\u00eda espiritual en el plano f\u00edsico.  El enlace y la contrase\u00f1a para acceder a la grabaci\u00f3n de las lecciones y meditaciones se encuentran en el archivo pdf que llega con el correo electr\u00f3nico de confirmaci\u00f3n autom\u00e1tica del pedido.","robots":{"index":"index","follow":"follow","max-snippet":"max-snippet:-1","max-image-preview":"max-image-preview:large","max-video-preview":"max-video-preview:-1"},"canonical":"7 lecciones grabadas   7 meditaciones   - Primer Chakra  - Segundo Chakra  - Tercer Chakra  - Cuarto Chakra  - Quinto Chakra  - Sexto Chakra  - S\u00e9ptimo Chakra  El sistema de Chakras se origin\u00f3 en la India hace m\u00e1s de 4000 a\u00f1os y ya se menciona en los textos Veda. Los Chakras no son \u00f3rganos tangibles, sino centros giratorios de fuerza vital situados en el cuerpo sutil. Se desarrollan a lo largo de una columna de energ\u00eda, determinando la energ\u00eda espiritual en el plano f\u00edsico.  El enlace y la contrase\u00f1a para acceder a la grabaci\u00f3n de las lecciones y meditaciones se encuentran en el archivo pdf que llega con el correo electr\u00f3nico de confirmaci\u00f3n autom\u00e1tica del pedido.","og_locale":"es_ES","og_type":"article","og_title":"7 CAMINO DEL CHAKRA","og_description":"7 lecciones grabadas + 7 meditaciones   - Primer Chakra  - Segundo Chakra  - Tercer Chakra  - Cuarto Chakra  - Quinto Chakra  - Sexto Chakra  - S\u00e9ptimo Chakra  El sistema de Chakras se origin\u00f3 en la India hace m\u00e1s de 4000 a\u00f1os y ya se menciona en los textos Veda. Los Chakras no son \u00f3rganos tangibles, sino centros giratorios de fuerza vital situados en el cuerpo sutil. Se desarrollan a lo largo de una columna de energ\u00eda, determinando la energ\u00eda espiritual en el plano f\u00edsico.  El enlace y la contrase\u00f1a para acceder a la grabaci\u00f3n de las lecciones y meditaciones se encuentran en el archivo pdf que llega con el correo electr\u00f3nico de confirmaci\u00f3n autom\u00e1tica del pedido.","og_url":"https:\/\/www.stefaniazani.it\/es\/producto\/7-camino-del-chakra\/","og_site_name":"Stefania Zani","article_publisher":"https:\/\/www.facebook.com\/p\/Stefania-Zani-100087139977126\/","article_modified_time":"2026-04-01T16:12:28+00:00","og_image":[{"width":1080,"height":1080,"url":"https:\/\/www.stefaniazani.it\/wp-content\/uploads\/2024\/12\/Percorso-sette-chakra.png","type":"image\/png"}],"twitter_card":"summary_large_image","twitter_misc":{"Tiempo de lectura":"1 minuto"},"schema":{"@context":"https:\/\/schema.org","@graph":[{"@type":"WebPage","@id":"https:\/\/www.stefaniazani.it\/es\/producto\/7-camino-del-chakra\/","url":"https:\/\/www.stefaniazani.it\/es\/producto\/7-camino-del-chakra\/","name":"PERCORSO 7 CHAKRA - Stefania Zani","isPartOf":{"@id":"https:\/\/www.stefaniazani.it\/#website"},"primaryImageOfPage":{"@id":"https:\/\/www.stefaniazani.it\/es\/producto\/7-camino-del-chakra\/#primaryimage"},"image":{"@id":"https:\/\/www.stefaniazani.it\/es\/producto\/7-camino-del-chakra\/#primaryimage"},"thumbnailUrl":"","datePublished":"2024-05-28T13:08:08+00:00","dateModified":"2026-04-01T16:12:28+00:00","description":"Percorso di sette lezioni sui 7 Chakra, centri vorticanti di forza vitale situati nel corpo sottile. Clicca qui per saperne di pi\u00f9.","breadcrumb":{"@id":"https:\/\/www.stefaniazani.it\/es\/producto\/7-camino-del-chakra\/#breadcrumb"},"inLanguage":"es","potentialAction":[{"@type":"ReadAction","target":["https:\/\/www.stefaniazani.it\/es\/producto\/7-camino-del-chakra\/"]}]},{"@type":"ImageObject","inLanguage":"es","@id":"https:\/\/www.stefaniazani.it\/es\/producto\/7-camino-del-chakra\/#primaryimage","url":"","contentUrl":"","width":1080,"height":1080},{"@type":"BreadcrumbList","@id":"https:\/\/www.stefaniazani.it\/es\/producto\/7-camino-del-chakra\/#breadcrumb","itemListElement":[{"@type":"ListItem","position":1,"name":"Home","item":"https:\/\/www.stefaniazani.it\/"},{"@type":"ListItem","position":2,"name":"Shop","item":"https:\/\/www.stefaniazani.it\/negozio\/"},{"@type":"ListItem","position":3,"name":"7 CAMINO DEL CHAKRA"}]},{"@type":"WebSite","@id":"https:\/\/www.stefaniazani.it\/es\/#website","url":"https:\/\/www.stefaniazani.it\/es\/","name":"Stefania Zani","description":"","publisher":{"@id":"https:\/\/www.stefaniazani.it\/es\/#organization"},"potentialAction":[{"@type":"SearchAction","target":{"@type":"EntryPoint","urlTemplate":"https:\/\/www.stefaniazani.it\/es\/?s={search_term_string}"},"query-input":{"@type":"PropertyValueSpecification","valueRequired":true,"valueName":"search_term_string"}}],"inLanguage":"es"},{"@type":"Organization","@id":"https:\/\/www.stefaniazani.it\/es\/#organization","name":"Stefania Zani Srl","url":"https:\/\/www.stefaniazani.it\/es\/","logo":{"@type":"ImageObject","inLanguage":"es","@id":"https:\/\/www.stefaniazani.it\/es\/#\/schema\/logo\/image\/","url":"https:\/\/www.stefaniazani.it\/wp-content\/uploads\/2024\/03\/stefania_zani_logo_start.png","contentUrl":"https:\/\/www.stefaniazani.it\/wp-content\/uploads\/2024\/03\/stefania_zani_logo_start.png","width":250,"height":50,"caption":"Stefania Zani Srl"},"image":{"@id":"https:\/\/www.stefaniazani.it\/es\/#\/schema\/logo\/image\/"},"sameAs":["https:\/\/www.facebook.com\/p\/Stefania-Zani-100087139977126\/","https:\/\/www.instagram.com\/stefania__zani\/"]}]}},"df_price":210,"df_sale_price":"","df_regular_price":210,"df_image_link":"https:\/\/www.stefaniazani.it\/wp-content\/uploads\/woocommerce-placeholder-300x300.png","_links":{"self":[{"href":"https:\/\/www.stefaniazani.it\/es\/wp-json\/wp\/v2\/product\/3734","targetHints":{"allow":["GET"]}}],"collection":[{"href":"https:\/\/www.stefaniazani.it\/es\/wp-json\/wp\/v2\/product"}],"about":[{"href":"https:\/\/www.stefaniazani.it\/es\/wp-json\/wp\/v2\/types\/product"}],"wp:featuredmedia":[{"embeddable":true,"href":"https:\/\/www.stefaniazani.it\/es\/wp-json\/"}],"wp:attachment":[{"href":"https:\/\/www.stefaniazani.it\/es\/wp-json\/wp\/v2\/media?parent=3734"}],"wp:term":[{"taxonomy":"product_brand","embeddable":true,"href":"https:\/\/www.stefaniazani.it\/es\/wp-json\/wp\/v2\/product_brand?post=3734"},{"taxonomy":"product_cat","embeddable":true,"href":"https:\/\/www.stefaniazani.it\/es\/wp-json\/wp\/v2\/product_cat?post=3734"},{"taxonomy":"product_tag","embeddable":true,"href":"https:\/\/www.stefaniazani.it\/es\/wp-json\/wp\/v2\/product_tag?post=3734"}],"curies":[{"name":"wp","href":"https:\/\/api.w.org\/{rel}","templated":true}]}}