{"id":3731,"date":"2024-05-28T14:06:44","date_gmt":"2024-05-28T13:06:44","guid":{"rendered":"https:\/\/stefaniazani.ilfondaco.it\/?post_type=product&#038;p=3731"},"modified":"2025-12-06T00:34:36","modified_gmt":"2025-12-05T23:34:36","slug":"medianita","status":"publish","type":"product","link":"https:\/\/www.stefaniazani.it\/es\/producto\/mediumnidad\/","title":{"rendered":"MEDIANIDAD"},"content":{"rendered":"<p>Conferencia grabada &#8211; Mediumnidad<\/p>\n<p>En esta conferencia me gustar\u00eda hablaros de lo que es para m\u00ed la Mediumnidad, de c\u00f3mo permite dialogar con las Almas desencarnadas, con los Maestros, pero tambi\u00e9n con uno mismo, con esa parte astral de uno mismo que es fuente de inspiraci\u00f3n y consuelo, gu\u00eda y elevaci\u00f3n espiritual.<\/p>\n<p>Empezando por una explicaci\u00f3n de todos nuestros cuerpos energ\u00e9ticos, intentaremos comprender qu\u00e9 son los sue\u00f1os premonitorios, qu\u00e9 es el \u00absexto sentido\u00bb, c\u00f3mo podemos dialogar con las almas desencarnadas de nuestros seres queridos y qu\u00e9 ocurre durante una consulta de cartas o una canalizaci\u00f3n con los Gu\u00edas.<\/p>\n<p>Como es mi costumbre, tratar\u00e9 este tema con extrema delicadeza, en la certeza de que estamos protegidos por la Divinidad.<br \/>\nLa mediumnidad es el conjunto de facultades ps\u00edquicas que permiten al ser humano comunicarse con el mundo invisible.<\/p>\n<p>El t\u00e9rmino Paixhe proviene del griego \u03c8\u03c5\u03c7\u03ae, que significa respirar, soplar. Para los griegos, el Alma se identificaba con el soplo vital.<\/p>\n<p>En la \u00e9poca moderna, este t\u00e9rmino se utiliza a menudo como sin\u00f3nimo de pensamiento y raz\u00f3n.<br \/>\nLa facultad ps\u00edquica se convierte as\u00ed en una capacidad de razonamiento, reforzada por una buena dosis de racionalidad.<br \/>\nEn esta Era de Acuario, en la que entramos hace unos a\u00f1os, ser\u00e1 esencial unir Materia y Esp\u00edritu, conocer la propia multidimensionalidad.<\/p>\n<p>La mediumnidad es un talento inherente a todo ser humano: algunos son conscientes de \u00e9l y lo utilizan, otros le tienen miedo y lo reh\u00fayen, otros lo han experimentado.<br \/>\nCuando se ejercita adecuadamente, se convierte en una fuente de luz y consuelo, de inspiraci\u00f3n y elevaci\u00f3n espiritual.<\/p>\n<p><strong>El enlace y la contrase\u00f1a para acceder a la grabaci\u00f3n de la lecci\u00f3n se encuentran en el archivo pdf que llega con el correo electr\u00f3nico de confirmaci\u00f3n autom\u00e1tica del pedido.<\/strong><\/p>\n","protected":false},"excerpt":{"rendered":"<p>Conferencia grabada &#8211; Mediumnidad<\/p>\n<p>En esta conferencia me gustar\u00eda hablaros de lo que es para m\u00ed la Mediumnidad, de c\u00f3mo permite dialogar con las Almas desencarnadas, con los Maestros, pero tambi\u00e9n con uno mismo, con esa parte astral de uno mismo que es fuente de inspiraci\u00f3n y consuelo, gu\u00eda y elevaci\u00f3n espiritual.<\/p>\n<p>Empezando por una explicaci\u00f3n de todos nuestros cuerpos energ\u00e9ticos, intentaremos comprender qu\u00e9 son los sue\u00f1os premonitorios, qu\u00e9 es el \u00absexto sentido\u00bb, c\u00f3mo podemos dialogar con las almas desencarnadas de nuestros seres queridos, qu\u00e9 ocurre durante una consulta de cartas o una canalizaci\u00f3n con los Gu\u00edas.<\/p>\n<p>Como de costumbre, tratar\u00e9 este tema con extrema delicadeza, en la certeza de que estamos protegidos por la Divinidad.<\/p>\n<p>La mediumnidad es el conjunto de facultades ps\u00edquicas que permiten al ser humano comunicarse con el mundo invisible<\/p>\n<p><strong>. El enlace y la contrase\u00f1a para acceder a la grabaci\u00f3n de la lecci\u00f3n se encuentran en el archivo pdf que llega con el correo electr\u00f3nico de confirmaci\u00f3n autom\u00e1tica del pedido.<\/strong><\/p>\n","protected":false},"featured_media":15710,"template":"","meta":[],"product_brand":[],"product_cat":[27],"product_tag":[],"class_list":{"0":"post-3731","1":"product","2":"type-product","3":"status-publish","4":"has-post-thumbnail","6":"product_cat-lezioni","8":"first","9":"instock","10":"downloadable","11":"virtual","12":"taxable","13":"purchasable","14":"product-type-simple"},"yoast_head":"<!-- This site is optimized with the Yoast SEO plugin v27.5 - https:\/\/yoast.com\/product\/yoast-seo-wordpress\/ -->\n<title>MEDIANIDAD<\/title>\n<meta name=\"description\" content=\"Conferencia grabada - Mediumnidad  En esta conferencia me gustar\u00eda hablaros de lo que es para m\u00ed la Mediumnidad, de c\u00f3mo permite dialogar con las Almas desencarnadas, con los Maestros, pero tambi\u00e9n con uno mismo, con esa parte astral de uno mismo que es fuente de inspiraci\u00f3n y consuelo, gu\u00eda y elevaci\u00f3n espiritual.  Empezando por una explicaci\u00f3n de todos nuestros cuerpos energ\u00e9ticos, intentaremos comprender qu\u00e9 son los sue\u00f1os premonitorios, qu\u00e9 es el &quot;sexto sentido&quot;, c\u00f3mo podemos dialogar con las almas desencarnadas de nuestros seres queridos, qu\u00e9 ocurre durante una consulta de cartas o una canalizaci\u00f3n con los Gu\u00edas.  Como de costumbre, tratar\u00e9 este tema con extrema delicadeza, en la certeza de que estamos protegidos por la Divinidad.  La mediumnidad es el conjunto de facultades ps\u00edquicas que permiten al ser humano comunicarse con el mundo invisible  . El enlace y la contrase\u00f1a para acceder a la grabaci\u00f3n de la lecci\u00f3n se encuentran en el archivo pdf que llega con el correo electr\u00f3nico de confirmaci\u00f3n autom\u00e1tica del pedido.\" \/>\n<meta name=\"robots\" content=\"index, follow, max-snippet:-1, max-image-preview:large, max-video-preview:-1\" \/>\n<link rel=\"canonical\" href=\"http:\/\/Conferencia%20grabada%20-%20Mediumnidad%20%20En%20esta%20conferencia%20me%20gustar\u00eda%20hablaros%20de%20lo%20que%20es%20para%20m\u00ed%20la%20Mediumnidad,%20de%20c\u00f3mo%20permite%20dialogar%20con%20las%20Almas%20desencarnadas,%20con%20los%20Maestros,%20pero%20tambi\u00e9n%20con%20uno%20mismo,%20con%20esa%20parte%20astral%20de%20uno%20mismo%20que%20es%20fuente%20de%20inspiraci\u00f3n%20y%20consuelo,%20gu\u00eda%20y%20elevaci\u00f3n%20espiritual.%20%20Empezando%20por%20una%20explicaci\u00f3n%20de%20todos%20nuestros%20cuerpos%20energ\u00e9ticos,%20intentaremos%20comprender%20qu\u00e9%20son%20los%20sue\u00f1os%20premonitorios,%20qu\u00e9%20es%20el%20sexto%20sentido,%20c\u00f3mo%20podemos%20dialogar%20con%20las%20almas%20desencarnadas%20de%20nuestros%20seres%20queridos,%20qu\u00e9%20ocurre%20durante%20una%20consulta%20de%20cartas%20o%20una%20canalizaci\u00f3n%20con%20los%20Gu\u00edas.%20%20Como%20de%20costumbre,%20tratar\u00e9%20este%20tema%20con%20extrema%20delicadeza,%20en%20la%20certeza%20de%20que%20estamos%20protegidos%20por%20la%20Divinidad.%20%20La%20mediumnidad%20es%20el%20conjunto%20de%20facultades%20ps\u00edquicas%20que%20permiten%20al%20ser%20humano%20comunicarse%20con%20el%20mundo%20invisible%20%20.%20El%20enlace%20y%20la%20contrase\u00f1a%20para%20acceder%20a%20la%20grabaci\u00f3n%20de%20la%20lecci\u00f3n%20se%20encuentran%20en%20el%20archivo%20pdf%20que%20llega%20con%20el%20correo%20electr\u00f3nico%20de%20confirmaci\u00f3n%20autom\u00e1tica%20del%20pedido.\" \/>\n<meta property=\"og:locale\" content=\"es_ES\" \/>\n<meta property=\"og:type\" content=\"article\" \/>\n<meta property=\"og:title\" content=\"MEDIANIDAD\" \/>\n<meta property=\"og:description\" content=\"Conferencia grabada - Mediumnidad  En esta conferencia me gustar\u00eda hablaros de lo que es para m\u00ed la Mediumnidad, de c\u00f3mo permite dialogar con las Almas desencarnadas, con los Maestros, pero tambi\u00e9n con uno mismo, con esa parte astral de uno mismo que es fuente de inspiraci\u00f3n y consuelo, gu\u00eda y elevaci\u00f3n espiritual.  Empezando por una explicaci\u00f3n de todos nuestros cuerpos energ\u00e9ticos, intentaremos comprender qu\u00e9 son los sue\u00f1os premonitorios, qu\u00e9 es el &quot;sexto sentido&quot;, c\u00f3mo podemos dialogar con las almas desencarnadas de nuestros seres queridos, qu\u00e9 ocurre durante una consulta de cartas o una canalizaci\u00f3n con los Gu\u00edas.  Como de costumbre, tratar\u00e9 este tema con extrema delicadeza, en la certeza de que estamos protegidos por la Divinidad.  La mediumnidad es el conjunto de facultades ps\u00edquicas que permiten al ser humano comunicarse con el mundo invisible  . El enlace y la contrase\u00f1a para acceder a la grabaci\u00f3n de la lecci\u00f3n se encuentran en el archivo pdf que llega con el correo electr\u00f3nico de confirmaci\u00f3n autom\u00e1tica del pedido.\" \/>\n<meta property=\"og:url\" content=\"https:\/\/www.stefaniazani.it\/es\/producto\/mediumnidad\/\" \/>\n<meta property=\"og:site_name\" content=\"Stefania Zani\" \/>\n<meta property=\"article:publisher\" content=\"https:\/\/www.facebook.com\/p\/Stefania-Zani-100087139977126\/\" \/>\n<meta property=\"article:modified_time\" content=\"2025-12-05T23:34:36+00:00\" \/>\n<meta property=\"og:image\" content=\"https:\/\/www.stefaniazani.it\/wp-content\/uploads\/2024\/12\/Medianita.png\" \/>\n\t<meta property=\"og:image:width\" content=\"1080\" \/>\n\t<meta property=\"og:image:height\" content=\"1080\" \/>\n\t<meta property=\"og:image:type\" content=\"image\/png\" \/>\n<meta name=\"twitter:card\" content=\"summary_large_image\" \/>\n<meta name=\"twitter:label1\" content=\"Tiempo de lectura\" \/>\n\t<meta name=\"twitter:data1\" content=\"2 minutos\" \/>\n<script type=\"application\/ld+json\" class=\"yoast-schema-graph\">{\"@context\":\"https:\\\/\\\/schema.org\",\"@graph\":[{\"@type\":\"WebPage\",\"@id\":\"https:\\\/\\\/www.stefaniazani.it\\\/es\\\/producto\\\/mediumnidad\\\/\",\"url\":\"https:\\\/\\\/www.stefaniazani.it\\\/es\\\/producto\\\/mediumnidad\\\/\",\"name\":\"MEDIANIT\u00c0 - Stefania Zani\",\"isPartOf\":{\"@id\":\"https:\\\/\\\/www.stefaniazani.it\\\/#website\"},\"primaryImageOfPage\":{\"@id\":\"https:\\\/\\\/www.stefaniazani.it\\\/es\\\/producto\\\/mediumnidad\\\/#primaryimage\"},\"image\":{\"@id\":\"https:\\\/\\\/www.stefaniazani.it\\\/es\\\/producto\\\/mediumnidad\\\/#primaryimage\"},\"thumbnailUrl\":\"\",\"datePublished\":\"2024-05-28T13:06:44+00:00\",\"dateModified\":\"2025-12-05T23:34:36+00:00\",\"description\":\"La Medianit\u00e0 \u00e8 l'insieme delle facolt\u00e0 psichiche che permettono all'essere umano di comunicare con il mondo invisibile. Segui la lezione per saperne di pi\u00f9\",\"breadcrumb\":{\"@id\":\"https:\\\/\\\/www.stefaniazani.it\\\/es\\\/producto\\\/mediumnidad\\\/#breadcrumb\"},\"inLanguage\":\"es\",\"potentialAction\":[{\"@type\":\"ReadAction\",\"target\":[\"https:\\\/\\\/www.stefaniazani.it\\\/es\\\/producto\\\/mediumnidad\\\/\"]}]},{\"@type\":\"ImageObject\",\"inLanguage\":\"es\",\"@id\":\"https:\\\/\\\/www.stefaniazani.it\\\/es\\\/producto\\\/mediumnidad\\\/#primaryimage\",\"url\":\"\",\"contentUrl\":\"\",\"width\":1080,\"height\":1080},{\"@type\":\"BreadcrumbList\",\"@id\":\"https:\\\/\\\/www.stefaniazani.it\\\/es\\\/producto\\\/mediumnidad\\\/#breadcrumb\",\"itemListElement\":[{\"@type\":\"ListItem\",\"position\":1,\"name\":\"Home\",\"item\":\"https:\\\/\\\/www.stefaniazani.it\\\/\"},{\"@type\":\"ListItem\",\"position\":2,\"name\":\"Shop\",\"item\":\"https:\\\/\\\/www.stefaniazani.it\\\/negozio\\\/\"},{\"@type\":\"ListItem\",\"position\":3,\"name\":\"MEDIANIDAD\"}]},{\"@type\":\"WebSite\",\"@id\":\"https:\\\/\\\/www.stefaniazani.it\\\/es\\\/#website\",\"url\":\"https:\\\/\\\/www.stefaniazani.it\\\/es\\\/\",\"name\":\"Stefania Zani\",\"description\":\"\",\"publisher\":{\"@id\":\"https:\\\/\\\/www.stefaniazani.it\\\/es\\\/#organization\"},\"potentialAction\":[{\"@type\":\"SearchAction\",\"target\":{\"@type\":\"EntryPoint\",\"urlTemplate\":\"https:\\\/\\\/www.stefaniazani.it\\\/es\\\/?s={search_term_string}\"},\"query-input\":{\"@type\":\"PropertyValueSpecification\",\"valueRequired\":true,\"valueName\":\"search_term_string\"}}],\"inLanguage\":\"es\"},{\"@type\":\"Organization\",\"@id\":\"https:\\\/\\\/www.stefaniazani.it\\\/es\\\/#organization\",\"name\":\"Stefania Zani Srl\",\"url\":\"https:\\\/\\\/www.stefaniazani.it\\\/es\\\/\",\"logo\":{\"@type\":\"ImageObject\",\"inLanguage\":\"es\",\"@id\":\"https:\\\/\\\/www.stefaniazani.it\\\/es\\\/#\\\/schema\\\/logo\\\/image\\\/\",\"url\":\"https:\\\/\\\/www.stefaniazani.it\\\/wp-content\\\/uploads\\\/2024\\\/03\\\/stefania_zani_logo_start.png\",\"contentUrl\":\"https:\\\/\\\/www.stefaniazani.it\\\/wp-content\\\/uploads\\\/2024\\\/03\\\/stefania_zani_logo_start.png\",\"width\":250,\"height\":50,\"caption\":\"Stefania Zani Srl\"},\"image\":{\"@id\":\"https:\\\/\\\/www.stefaniazani.it\\\/es\\\/#\\\/schema\\\/logo\\\/image\\\/\"},\"sameAs\":[\"https:\\\/\\\/www.facebook.com\\\/p\\\/Stefania-Zani-100087139977126\\\/\",\"https:\\\/\\\/www.instagram.com\\\/stefania__zani\\\/\"]}]}<\/script>\n<!-- \/ Yoast SEO plugin. -->","yoast_head_json":{"title":"MEDIANIDAD","description":"Conferencia grabada - Mediumnidad  En esta conferencia me gustar\u00eda hablaros de lo que es para m\u00ed la Mediumnidad, de c\u00f3mo permite dialogar con las Almas desencarnadas, con los Maestros, pero tambi\u00e9n con uno mismo, con esa parte astral de uno mismo que es fuente de inspiraci\u00f3n y consuelo, gu\u00eda y elevaci\u00f3n espiritual.  Empezando por una explicaci\u00f3n de todos nuestros cuerpos energ\u00e9ticos, intentaremos comprender qu\u00e9 son los sue\u00f1os premonitorios, qu\u00e9 es el \"sexto sentido\", c\u00f3mo podemos dialogar con las almas desencarnadas de nuestros seres queridos, qu\u00e9 ocurre durante una consulta de cartas o una canalizaci\u00f3n con los Gu\u00edas.  Como de costumbre, tratar\u00e9 este tema con extrema delicadeza, en la certeza de que estamos protegidos por la Divinidad.  La mediumnidad es el conjunto de facultades ps\u00edquicas que permiten al ser humano comunicarse con el mundo invisible  . El enlace y la contrase\u00f1a para acceder a la grabaci\u00f3n de la lecci\u00f3n se encuentran en el archivo pdf que llega con el correo electr\u00f3nico de confirmaci\u00f3n autom\u00e1tica del pedido.","robots":{"index":"index","follow":"follow","max-snippet":"max-snippet:-1","max-image-preview":"max-image-preview:large","max-video-preview":"max-video-preview:-1"},"canonical":"Conferencia grabada - Mediumnidad  En esta conferencia me gustar\u00eda hablaros de lo que es para m\u00ed la Mediumnidad, de c\u00f3mo permite dialogar con las Almas desencarnadas, con los Maestros, pero tambi\u00e9n con uno mismo, con esa parte astral de uno mismo que es fuente de inspiraci\u00f3n y consuelo, gu\u00eda y elevaci\u00f3n espiritual.  Empezando por una explicaci\u00f3n de todos nuestros cuerpos energ\u00e9ticos, intentaremos comprender qu\u00e9 son los sue\u00f1os premonitorios, qu\u00e9 es el \"sexto sentido\", c\u00f3mo podemos dialogar con las almas desencarnadas de nuestros seres queridos, qu\u00e9 ocurre durante una consulta de cartas o una canalizaci\u00f3n con los Gu\u00edas.  Como de costumbre, tratar\u00e9 este tema con extrema delicadeza, en la certeza de que estamos protegidos por la Divinidad.  La mediumnidad es el conjunto de facultades ps\u00edquicas que permiten al ser humano comunicarse con el mundo invisible  . El enlace y la contrase\u00f1a para acceder a la grabaci\u00f3n de la lecci\u00f3n se encuentran en el archivo pdf que llega con el correo electr\u00f3nico de confirmaci\u00f3n autom\u00e1tica del pedido.","og_locale":"es_ES","og_type":"article","og_title":"MEDIANIDAD","og_description":"Conferencia grabada - Mediumnidad  En esta conferencia me gustar\u00eda hablaros de lo que es para m\u00ed la Mediumnidad, de c\u00f3mo permite dialogar con las Almas desencarnadas, con los Maestros, pero tambi\u00e9n con uno mismo, con esa parte astral de uno mismo que es fuente de inspiraci\u00f3n y consuelo, gu\u00eda y elevaci\u00f3n espiritual.  Empezando por una explicaci\u00f3n de todos nuestros cuerpos energ\u00e9ticos, intentaremos comprender qu\u00e9 son los sue\u00f1os premonitorios, qu\u00e9 es el \"sexto sentido\", c\u00f3mo podemos dialogar con las almas desencarnadas de nuestros seres queridos, qu\u00e9 ocurre durante una consulta de cartas o una canalizaci\u00f3n con los Gu\u00edas.  Como de costumbre, tratar\u00e9 este tema con extrema delicadeza, en la certeza de que estamos protegidos por la Divinidad.  La mediumnidad es el conjunto de facultades ps\u00edquicas que permiten al ser humano comunicarse con el mundo invisible  . El enlace y la contrase\u00f1a para acceder a la grabaci\u00f3n de la lecci\u00f3n se encuentran en el archivo pdf que llega con el correo electr\u00f3nico de confirmaci\u00f3n autom\u00e1tica del pedido.","og_url":"https:\/\/www.stefaniazani.it\/es\/producto\/mediumnidad\/","og_site_name":"Stefania Zani","article_publisher":"https:\/\/www.facebook.com\/p\/Stefania-Zani-100087139977126\/","article_modified_time":"2025-12-05T23:34:36+00:00","og_image":[{"width":1080,"height":1080,"url":"https:\/\/www.stefaniazani.it\/wp-content\/uploads\/2024\/12\/Medianita.png","type":"image\/png"}],"twitter_card":"summary_large_image","twitter_misc":{"Tiempo de lectura":"2 minutos"},"schema":{"@context":"https:\/\/schema.org","@graph":[{"@type":"WebPage","@id":"https:\/\/www.stefaniazani.it\/es\/producto\/mediumnidad\/","url":"https:\/\/www.stefaniazani.it\/es\/producto\/mediumnidad\/","name":"MEDIANIT\u00c0 - Stefania Zani","isPartOf":{"@id":"https:\/\/www.stefaniazani.it\/#website"},"primaryImageOfPage":{"@id":"https:\/\/www.stefaniazani.it\/es\/producto\/mediumnidad\/#primaryimage"},"image":{"@id":"https:\/\/www.stefaniazani.it\/es\/producto\/mediumnidad\/#primaryimage"},"thumbnailUrl":"","datePublished":"2024-05-28T13:06:44+00:00","dateModified":"2025-12-05T23:34:36+00:00","description":"La Medianit\u00e0 \u00e8 l'insieme delle facolt\u00e0 psichiche che permettono all'essere umano di comunicare con il mondo invisibile. Segui la lezione per saperne di pi\u00f9","breadcrumb":{"@id":"https:\/\/www.stefaniazani.it\/es\/producto\/mediumnidad\/#breadcrumb"},"inLanguage":"es","potentialAction":[{"@type":"ReadAction","target":["https:\/\/www.stefaniazani.it\/es\/producto\/mediumnidad\/"]}]},{"@type":"ImageObject","inLanguage":"es","@id":"https:\/\/www.stefaniazani.it\/es\/producto\/mediumnidad\/#primaryimage","url":"","contentUrl":"","width":1080,"height":1080},{"@type":"BreadcrumbList","@id":"https:\/\/www.stefaniazani.it\/es\/producto\/mediumnidad\/#breadcrumb","itemListElement":[{"@type":"ListItem","position":1,"name":"Home","item":"https:\/\/www.stefaniazani.it\/"},{"@type":"ListItem","position":2,"name":"Shop","item":"https:\/\/www.stefaniazani.it\/negozio\/"},{"@type":"ListItem","position":3,"name":"MEDIANIDAD"}]},{"@type":"WebSite","@id":"https:\/\/www.stefaniazani.it\/es\/#website","url":"https:\/\/www.stefaniazani.it\/es\/","name":"Stefania Zani","description":"","publisher":{"@id":"https:\/\/www.stefaniazani.it\/es\/#organization"},"potentialAction":[{"@type":"SearchAction","target":{"@type":"EntryPoint","urlTemplate":"https:\/\/www.stefaniazani.it\/es\/?s={search_term_string}"},"query-input":{"@type":"PropertyValueSpecification","valueRequired":true,"valueName":"search_term_string"}}],"inLanguage":"es"},{"@type":"Organization","@id":"https:\/\/www.stefaniazani.it\/es\/#organization","name":"Stefania Zani Srl","url":"https:\/\/www.stefaniazani.it\/es\/","logo":{"@type":"ImageObject","inLanguage":"es","@id":"https:\/\/www.stefaniazani.it\/es\/#\/schema\/logo\/image\/","url":"https:\/\/www.stefaniazani.it\/wp-content\/uploads\/2024\/03\/stefania_zani_logo_start.png","contentUrl":"https:\/\/www.stefaniazani.it\/wp-content\/uploads\/2024\/03\/stefania_zani_logo_start.png","width":250,"height":50,"caption":"Stefania Zani Srl"},"image":{"@id":"https:\/\/www.stefaniazani.it\/es\/#\/schema\/logo\/image\/"},"sameAs":["https:\/\/www.facebook.com\/p\/Stefania-Zani-100087139977126\/","https:\/\/www.instagram.com\/stefania__zani\/"]}]}},"df_price":35,"df_sale_price":"","df_regular_price":35,"df_image_link":"https:\/\/www.stefaniazani.it\/wp-content\/uploads\/woocommerce-placeholder-300x300.png","_links":{"self":[{"href":"https:\/\/www.stefaniazani.it\/es\/wp-json\/wp\/v2\/product\/3731","targetHints":{"allow":["GET"]}}],"collection":[{"href":"https:\/\/www.stefaniazani.it\/es\/wp-json\/wp\/v2\/product"}],"about":[{"href":"https:\/\/www.stefaniazani.it\/es\/wp-json\/wp\/v2\/types\/product"}],"wp:featuredmedia":[{"embeddable":true,"href":"https:\/\/www.stefaniazani.it\/es\/wp-json\/"}],"wp:attachment":[{"href":"https:\/\/www.stefaniazani.it\/es\/wp-json\/wp\/v2\/media?parent=3731"}],"wp:term":[{"taxonomy":"product_brand","embeddable":true,"href":"https:\/\/www.stefaniazani.it\/es\/wp-json\/wp\/v2\/product_brand?post=3731"},{"taxonomy":"product_cat","embeddable":true,"href":"https:\/\/www.stefaniazani.it\/es\/wp-json\/wp\/v2\/product_cat?post=3731"},{"taxonomy":"product_tag","embeddable":true,"href":"https:\/\/www.stefaniazani.it\/es\/wp-json\/wp\/v2\/product_tag?post=3731"}],"curies":[{"name":"wp","href":"https:\/\/api.w.org\/{rel}","templated":true}]}}