{"id":3729,"date":"2024-05-28T14:05:12","date_gmt":"2024-05-28T13:05:12","guid":{"rendered":"https:\/\/stefaniazani.ilfondaco.it\/?post_type=product&#038;p=3729"},"modified":"2025-12-03T00:26:42","modified_gmt":"2025-12-02T23:26:42","slug":"secondo-chakra","status":"publish","type":"product","link":"https:\/\/www.stefaniazani.it\/es\/producto\/segundo-chakra\/","title":{"rendered":"SEGUNDO CHAKRA"},"content":{"rendered":"<p>ezione registrata &#8211; Secondo Chakra<\/p>\n<p>Il Secondo Chakra, Svadisthana, \u00e8 legato alle emozioni e al piacere.<br \/>\nLa nostra identit\u00e0 emotiva si forma in questo centro, permettendoci di riconoscere i nostri stati d\u2019animo e concederci il piacere e imparare a fluire con i cambiamenti, cos\u00ec come fa l\u2019acqua, che \u00e8 l\u2019elemento legato al questo secondo centro energetico spirituale.<\/p>\n<p><strong>Il link e la password per accedere alla registrazione della lezione li trovi all&#8217;interno del file pdf che arriva insieme alla mail automatica di conferma dell&#8217;ordine.<\/strong><\/p>\n","protected":false},"excerpt":{"rendered":"<p>Lecci\u00f3n grabada &#8211; Segundo Chakra<\/p>\n<p>El Segundo Chakra, Svadisthana, est\u00e1 relacionado con las emociones y el placer. En este centro se forma nuestra identidad emocional, lo que nos permite reconocer nuestros estados de \u00e1nimo y permitirnos el placer y aprender a fluir con los cambios, al igual que el agua, que es el elemento relacionado con este segundo centro de energ\u00eda espiritual.<\/p>\n<p><strong>Encontrar\u00e1s el enlace y la contrase\u00f1a para acceder al registro de la lecci\u00f3n en el archivo pdf que llega con el correo electr\u00f3nico de confirmaci\u00f3n autom\u00e1tica del pedido.<\/strong><\/p>\n","protected":false},"featured_media":15743,"template":"","meta":[],"product_brand":[],"product_cat":[27],"product_tag":[],"class_list":{"0":"post-3729","1":"product","2":"type-product","3":"status-publish","4":"has-post-thumbnail","6":"product_cat-lezioni","8":"first","9":"instock","10":"downloadable","11":"virtual","12":"taxable","13":"purchasable","14":"product-type-simple"},"yoast_head":"<!-- This site is optimized with the Yoast SEO plugin v27.5 - https:\/\/yoast.com\/product\/yoast-seo-wordpress\/ -->\n<title>SEGUNDO CHAKRA<\/title>\n<meta name=\"description\" content=\"Lecci\u00f3n grabada - Segundo Chakra  El Segundo Chakra, Svadisthana, est\u00e1 relacionado con las emociones y el placer. En este centro se forma nuestra identidad emocional, lo que nos permite reconocer nuestros estados de \u00e1nimo y permitirnos el placer y aprender a fluir con los cambios, al igual que el agua, que es el elemento relacionado con este segundo centro de energ\u00eda espiritual.  Encontrar\u00e1s el enlace y la contrase\u00f1a para acceder al registro de la lecci\u00f3n en el archivo pdf que llega con el correo electr\u00f3nico de confirmaci\u00f3n autom\u00e1tica del pedido.\" \/>\n<meta name=\"robots\" content=\"index, follow, max-snippet:-1, max-image-preview:large, max-video-preview:-1\" \/>\n<link rel=\"canonical\" href=\"http:\/\/Lecci\u00f3n%20grabada%20-%20Segundo%20Chakra%20%20El%20Segundo%20Chakra,%20Svadisthana,%20est\u00e1%20relacionado%20con%20las%20emociones%20y%20el%20placer.%20En%20este%20centro%20se%20forma%20nuestra%20identidad%20emocional,%20lo%20que%20nos%20permite%20reconocer%20nuestros%20estados%20de%20\u00e1nimo%20y%20permitirnos%20el%20placer%20y%20aprender%20a%20fluir%20con%20los%20cambios,%20al%20igual%20que%20el%20agua,%20que%20es%20el%20elemento%20relacionado%20con%20este%20segundo%20centro%20de%20energ\u00eda%20espiritual.%20%20Encontrar\u00e1s%20el%20enlace%20y%20la%20contrase\u00f1a%20para%20acceder%20al%20registro%20de%20la%20lecci\u00f3n%20en%20el%20archivo%20pdf%20que%20llega%20con%20el%20correo%20electr\u00f3nico%20de%20confirmaci\u00f3n%20autom\u00e1tica%20del%20pedido.\" \/>\n<meta property=\"og:locale\" content=\"es_ES\" \/>\n<meta property=\"og:type\" content=\"article\" \/>\n<meta property=\"og:title\" content=\"SEGUNDO CHAKRA\" \/>\n<meta property=\"og:description\" content=\"Lecci\u00f3n grabada - Segundo Chakra  El Segundo Chakra, Svadisthana, est\u00e1 relacionado con las emociones y el placer. En este centro se forma nuestra identidad emocional, lo que nos permite reconocer nuestros estados de \u00e1nimo y permitirnos el placer y aprender a fluir con los cambios, al igual que el agua, que es el elemento relacionado con este segundo centro de energ\u00eda espiritual.  Encontrar\u00e1s el enlace y la contrase\u00f1a para acceder al registro de la lecci\u00f3n en el archivo pdf que llega con el correo electr\u00f3nico de confirmaci\u00f3n autom\u00e1tica del pedido.\" \/>\n<meta property=\"og:url\" content=\"https:\/\/www.stefaniazani.it\/es\/producto\/segundo-chakra\/\" \/>\n<meta property=\"og:site_name\" content=\"Stefania Zani\" \/>\n<meta property=\"article:publisher\" content=\"https:\/\/www.facebook.com\/p\/Stefania-Zani-100087139977126\/\" \/>\n<meta property=\"article:modified_time\" content=\"2025-12-02T23:26:42+00:00\" \/>\n<meta property=\"og:image\" content=\"https:\/\/www.stefaniazani.it\/wp-content\/uploads\/2024\/12\/Secondo-Chakra.png\" \/>\n\t<meta property=\"og:image:width\" content=\"1080\" \/>\n\t<meta property=\"og:image:height\" content=\"1080\" \/>\n\t<meta property=\"og:image:type\" content=\"image\/png\" \/>\n<meta name=\"twitter:card\" content=\"summary_large_image\" \/>\n<meta name=\"twitter:label1\" content=\"Tiempo de lectura\" \/>\n\t<meta name=\"twitter:data1\" content=\"1 minuto\" \/>\n<script type=\"application\/ld+json\" class=\"yoast-schema-graph\">{\"@context\":\"https:\\\/\\\/schema.org\",\"@graph\":[{\"@type\":\"WebPage\",\"@id\":\"https:\\\/\\\/www.stefaniazani.it\\\/es\\\/producto\\\/segundo-chakra\\\/\",\"url\":\"https:\\\/\\\/www.stefaniazani.it\\\/es\\\/producto\\\/segundo-chakra\\\/\",\"name\":\"SECONDO CHAKRA - Stefania Zani\",\"isPartOf\":{\"@id\":\"https:\\\/\\\/www.stefaniazani.it\\\/#website\"},\"primaryImageOfPage\":{\"@id\":\"https:\\\/\\\/www.stefaniazani.it\\\/es\\\/producto\\\/segundo-chakra\\\/#primaryimage\"},\"image\":{\"@id\":\"https:\\\/\\\/www.stefaniazani.it\\\/es\\\/producto\\\/segundo-chakra\\\/#primaryimage\"},\"thumbnailUrl\":\"\",\"datePublished\":\"2024-05-28T13:05:12+00:00\",\"dateModified\":\"2025-12-02T23:26:42+00:00\",\"description\":\"Lezione sul Secondo Chakra, la sede delle emozioni e creativit\u00e0. Qui la nostra identit\u00e0 emotiva si forma permettendoci di fluire con i cambiamenti.\",\"breadcrumb\":{\"@id\":\"https:\\\/\\\/www.stefaniazani.it\\\/es\\\/producto\\\/segundo-chakra\\\/#breadcrumb\"},\"inLanguage\":\"es\",\"potentialAction\":[{\"@type\":\"ReadAction\",\"target\":[\"https:\\\/\\\/www.stefaniazani.it\\\/es\\\/producto\\\/segundo-chakra\\\/\"]}]},{\"@type\":\"ImageObject\",\"inLanguage\":\"es\",\"@id\":\"https:\\\/\\\/www.stefaniazani.it\\\/es\\\/producto\\\/segundo-chakra\\\/#primaryimage\",\"url\":\"\",\"contentUrl\":\"\",\"width\":1080,\"height\":1080},{\"@type\":\"BreadcrumbList\",\"@id\":\"https:\\\/\\\/www.stefaniazani.it\\\/es\\\/producto\\\/segundo-chakra\\\/#breadcrumb\",\"itemListElement\":[{\"@type\":\"ListItem\",\"position\":1,\"name\":\"Home\",\"item\":\"https:\\\/\\\/www.stefaniazani.it\\\/\"},{\"@type\":\"ListItem\",\"position\":2,\"name\":\"Shop\",\"item\":\"https:\\\/\\\/www.stefaniazani.it\\\/negozio\\\/\"},{\"@type\":\"ListItem\",\"position\":3,\"name\":\"SEGUNDO CHAKRA\"}]},{\"@type\":\"WebSite\",\"@id\":\"https:\\\/\\\/www.stefaniazani.it\\\/es\\\/#website\",\"url\":\"https:\\\/\\\/www.stefaniazani.it\\\/es\\\/\",\"name\":\"Stefania Zani\",\"description\":\"\",\"publisher\":{\"@id\":\"https:\\\/\\\/www.stefaniazani.it\\\/es\\\/#organization\"},\"potentialAction\":[{\"@type\":\"SearchAction\",\"target\":{\"@type\":\"EntryPoint\",\"urlTemplate\":\"https:\\\/\\\/www.stefaniazani.it\\\/es\\\/?s={search_term_string}\"},\"query-input\":{\"@type\":\"PropertyValueSpecification\",\"valueRequired\":true,\"valueName\":\"search_term_string\"}}],\"inLanguage\":\"es\"},{\"@type\":\"Organization\",\"@id\":\"https:\\\/\\\/www.stefaniazani.it\\\/es\\\/#organization\",\"name\":\"Stefania Zani Srl\",\"url\":\"https:\\\/\\\/www.stefaniazani.it\\\/es\\\/\",\"logo\":{\"@type\":\"ImageObject\",\"inLanguage\":\"es\",\"@id\":\"https:\\\/\\\/www.stefaniazani.it\\\/es\\\/#\\\/schema\\\/logo\\\/image\\\/\",\"url\":\"https:\\\/\\\/www.stefaniazani.it\\\/wp-content\\\/uploads\\\/2024\\\/03\\\/stefania_zani_logo_start.png\",\"contentUrl\":\"https:\\\/\\\/www.stefaniazani.it\\\/wp-content\\\/uploads\\\/2024\\\/03\\\/stefania_zani_logo_start.png\",\"width\":250,\"height\":50,\"caption\":\"Stefania Zani Srl\"},\"image\":{\"@id\":\"https:\\\/\\\/www.stefaniazani.it\\\/es\\\/#\\\/schema\\\/logo\\\/image\\\/\"},\"sameAs\":[\"https:\\\/\\\/www.facebook.com\\\/p\\\/Stefania-Zani-100087139977126\\\/\",\"https:\\\/\\\/www.instagram.com\\\/stefania__zani\\\/\"]}]}<\/script>\n<!-- \/ Yoast SEO plugin. -->","yoast_head_json":{"title":"SEGUNDO CHAKRA","description":"Lecci\u00f3n grabada - Segundo Chakra  El Segundo Chakra, Svadisthana, est\u00e1 relacionado con las emociones y el placer. En este centro se forma nuestra identidad emocional, lo que nos permite reconocer nuestros estados de \u00e1nimo y permitirnos el placer y aprender a fluir con los cambios, al igual que el agua, que es el elemento relacionado con este segundo centro de energ\u00eda espiritual.  Encontrar\u00e1s el enlace y la contrase\u00f1a para acceder al registro de la lecci\u00f3n en el archivo pdf que llega con el correo electr\u00f3nico de confirmaci\u00f3n autom\u00e1tica del pedido.","robots":{"index":"index","follow":"follow","max-snippet":"max-snippet:-1","max-image-preview":"max-image-preview:large","max-video-preview":"max-video-preview:-1"},"canonical":"Lecci\u00f3n grabada - Segundo Chakra  El Segundo Chakra, Svadisthana, est\u00e1 relacionado con las emociones y el placer. En este centro se forma nuestra identidad emocional, lo que nos permite reconocer nuestros estados de \u00e1nimo y permitirnos el placer y aprender a fluir con los cambios, al igual que el agua, que es el elemento relacionado con este segundo centro de energ\u00eda espiritual.  Encontrar\u00e1s el enlace y la contrase\u00f1a para acceder al registro de la lecci\u00f3n en el archivo pdf que llega con el correo electr\u00f3nico de confirmaci\u00f3n autom\u00e1tica del pedido.","og_locale":"es_ES","og_type":"article","og_title":"SEGUNDO CHAKRA","og_description":"Lecci\u00f3n grabada - Segundo Chakra  El Segundo Chakra, Svadisthana, est\u00e1 relacionado con las emociones y el placer. En este centro se forma nuestra identidad emocional, lo que nos permite reconocer nuestros estados de \u00e1nimo y permitirnos el placer y aprender a fluir con los cambios, al igual que el agua, que es el elemento relacionado con este segundo centro de energ\u00eda espiritual.  Encontrar\u00e1s el enlace y la contrase\u00f1a para acceder al registro de la lecci\u00f3n en el archivo pdf que llega con el correo electr\u00f3nico de confirmaci\u00f3n autom\u00e1tica del pedido.","og_url":"https:\/\/www.stefaniazani.it\/es\/producto\/segundo-chakra\/","og_site_name":"Stefania Zani","article_publisher":"https:\/\/www.facebook.com\/p\/Stefania-Zani-100087139977126\/","article_modified_time":"2025-12-02T23:26:42+00:00","og_image":[{"width":1080,"height":1080,"url":"https:\/\/www.stefaniazani.it\/wp-content\/uploads\/2024\/12\/Secondo-Chakra.png","type":"image\/png"}],"twitter_card":"summary_large_image","twitter_misc":{"Tiempo de lectura":"1 minuto"},"schema":{"@context":"https:\/\/schema.org","@graph":[{"@type":"WebPage","@id":"https:\/\/www.stefaniazani.it\/es\/producto\/segundo-chakra\/","url":"https:\/\/www.stefaniazani.it\/es\/producto\/segundo-chakra\/","name":"SECONDO CHAKRA - Stefania Zani","isPartOf":{"@id":"https:\/\/www.stefaniazani.it\/#website"},"primaryImageOfPage":{"@id":"https:\/\/www.stefaniazani.it\/es\/producto\/segundo-chakra\/#primaryimage"},"image":{"@id":"https:\/\/www.stefaniazani.it\/es\/producto\/segundo-chakra\/#primaryimage"},"thumbnailUrl":"","datePublished":"2024-05-28T13:05:12+00:00","dateModified":"2025-12-02T23:26:42+00:00","description":"Lezione sul Secondo Chakra, la sede delle emozioni e creativit\u00e0. Qui la nostra identit\u00e0 emotiva si forma permettendoci di fluire con i cambiamenti.","breadcrumb":{"@id":"https:\/\/www.stefaniazani.it\/es\/producto\/segundo-chakra\/#breadcrumb"},"inLanguage":"es","potentialAction":[{"@type":"ReadAction","target":["https:\/\/www.stefaniazani.it\/es\/producto\/segundo-chakra\/"]}]},{"@type":"ImageObject","inLanguage":"es","@id":"https:\/\/www.stefaniazani.it\/es\/producto\/segundo-chakra\/#primaryimage","url":"","contentUrl":"","width":1080,"height":1080},{"@type":"BreadcrumbList","@id":"https:\/\/www.stefaniazani.it\/es\/producto\/segundo-chakra\/#breadcrumb","itemListElement":[{"@type":"ListItem","position":1,"name":"Home","item":"https:\/\/www.stefaniazani.it\/"},{"@type":"ListItem","position":2,"name":"Shop","item":"https:\/\/www.stefaniazani.it\/negozio\/"},{"@type":"ListItem","position":3,"name":"SEGUNDO CHAKRA"}]},{"@type":"WebSite","@id":"https:\/\/www.stefaniazani.it\/es\/#website","url":"https:\/\/www.stefaniazani.it\/es\/","name":"Stefania Zani","description":"","publisher":{"@id":"https:\/\/www.stefaniazani.it\/es\/#organization"},"potentialAction":[{"@type":"SearchAction","target":{"@type":"EntryPoint","urlTemplate":"https:\/\/www.stefaniazani.it\/es\/?s={search_term_string}"},"query-input":{"@type":"PropertyValueSpecification","valueRequired":true,"valueName":"search_term_string"}}],"inLanguage":"es"},{"@type":"Organization","@id":"https:\/\/www.stefaniazani.it\/es\/#organization","name":"Stefania Zani Srl","url":"https:\/\/www.stefaniazani.it\/es\/","logo":{"@type":"ImageObject","inLanguage":"es","@id":"https:\/\/www.stefaniazani.it\/es\/#\/schema\/logo\/image\/","url":"https:\/\/www.stefaniazani.it\/wp-content\/uploads\/2024\/03\/stefania_zani_logo_start.png","contentUrl":"https:\/\/www.stefaniazani.it\/wp-content\/uploads\/2024\/03\/stefania_zani_logo_start.png","width":250,"height":50,"caption":"Stefania Zani Srl"},"image":{"@id":"https:\/\/www.stefaniazani.it\/es\/#\/schema\/logo\/image\/"},"sameAs":["https:\/\/www.facebook.com\/p\/Stefania-Zani-100087139977126\/","https:\/\/www.instagram.com\/stefania__zani\/"]}]}},"df_price":30,"df_sale_price":"","df_regular_price":30,"df_image_link":"https:\/\/www.stefaniazani.it\/wp-content\/uploads\/woocommerce-placeholder-300x300.png","_links":{"self":[{"href":"https:\/\/www.stefaniazani.it\/es\/wp-json\/wp\/v2\/product\/3729","targetHints":{"allow":["GET"]}}],"collection":[{"href":"https:\/\/www.stefaniazani.it\/es\/wp-json\/wp\/v2\/product"}],"about":[{"href":"https:\/\/www.stefaniazani.it\/es\/wp-json\/wp\/v2\/types\/product"}],"wp:featuredmedia":[{"embeddable":true,"href":"https:\/\/www.stefaniazani.it\/es\/wp-json\/"}],"wp:attachment":[{"href":"https:\/\/www.stefaniazani.it\/es\/wp-json\/wp\/v2\/media?parent=3729"}],"wp:term":[{"taxonomy":"product_brand","embeddable":true,"href":"https:\/\/www.stefaniazani.it\/es\/wp-json\/wp\/v2\/product_brand?post=3729"},{"taxonomy":"product_cat","embeddable":true,"href":"https:\/\/www.stefaniazani.it\/es\/wp-json\/wp\/v2\/product_cat?post=3729"},{"taxonomy":"product_tag","embeddable":true,"href":"https:\/\/www.stefaniazani.it\/es\/wp-json\/wp\/v2\/product_tag?post=3729"}],"curies":[{"name":"wp","href":"https:\/\/api.w.org\/{rel}","templated":true}]}}