{"id":3721,"date":"2024-05-28T13:57:46","date_gmt":"2024-05-28T12:57:46","guid":{"rendered":"https:\/\/stefaniazani.ilfondaco.it\/?post_type=product&#038;p=3721"},"modified":"2025-12-14T00:22:59","modified_gmt":"2025-12-13T23:22:59","slug":"lilith","status":"publish","type":"product","link":"https:\/\/www.stefaniazani.it\/es\/producto\/lilith\/","title":{"rendered":"LILITH"},"content":{"rendered":"<p>Conferencia grabada &#8211; Lilith<br \/>\nCon la participaci\u00f3n de <strong><em>Michela Mazzini<\/em><\/strong><\/p>\n<p><strong>El enlace y la contrase\u00f1a para acceder a la grabaci\u00f3n de la conferencia se encuentran en el archivo pdf que llega con el correo electr\u00f3nico de confirmaci\u00f3n autom\u00e1tica del pedido.<\/strong><\/p>\n","protected":false},"excerpt":{"rendered":"<p>Conferencia grabada &#8211; Lilith<br \/>\nCon la participaci\u00f3n de <strong><em>Michela Mazzini<\/em><\/strong><\/p>\n<p>En el inconsciente colectivo, Lilith es la mujer a la que hay que \u00abmatar\u00bb porque no se somete a la voluntad de lo masculino.<\/p>\n<p>Pero en la Era de Acuario, donde lo Masculino y lo Femenino se reunir\u00e1n, ser\u00e1 Lilith quien nos permita restablecer este equilibrio.<br \/>\nConocer este mito es fundamental para identificar las propias sombras, integrarlas y llegar a emanar la propia Luz interior sin miedo.<\/p>\n<p><strong>El enlace y la contrase\u00f1a para acceder a la grabaci\u00f3n de la lecci\u00f3n se encuentran en el archivo pdf que llega con el correo electr\u00f3nico de confirmaci\u00f3n autom\u00e1tica del pedido.<\/strong><\/p>\n","protected":false},"featured_media":15707,"template":"","meta":[],"product_brand":[],"product_cat":[27],"product_tag":[],"class_list":{"0":"post-3721","1":"product","2":"type-product","3":"status-publish","4":"has-post-thumbnail","6":"product_cat-lezioni","8":"first","9":"instock","10":"downloadable","11":"virtual","12":"taxable","13":"purchasable","14":"product-type-simple"},"yoast_head":"<!-- This site is optimized with the Yoast SEO plugin v27.5 - https:\/\/yoast.com\/product\/yoast-seo-wordpress\/ -->\n<title>LILITH<\/title>\n<meta name=\"description\" content=\"Conferencia grabada - Lilith Con la participaci\u00f3n de Michela Mazzini  En el inconsciente colectivo, Lilith es la mujer a la que hay que &quot;matar&quot; porque no se somete a la voluntad de lo masculino.  Pero en la Era de Acuario, donde lo Masculino y lo Femenino se reunir\u00e1n, ser\u00e1 Lilith quien nos permita restablecer este equilibrio. Conocer este mito es fundamental para identificar las propias sombras, integrarlas y llegar a emanar la propia Luz interior sin miedo.  El enlace y la contrase\u00f1a para acceder a la grabaci\u00f3n de la lecci\u00f3n se encuentran en el archivo pdf que llega con el correo electr\u00f3nico de confirmaci\u00f3n autom\u00e1tica del pedido.\" \/>\n<meta name=\"robots\" content=\"index, follow, max-snippet:-1, max-image-preview:large, max-video-preview:-1\" \/>\n<link rel=\"canonical\" href=\"http:\/\/Conferencia%20grabada%20-%20Lilith%20Con%20la%20participaci\u00f3n%20de%20Michela%20Mazzini%20%20En%20el%20inconsciente%20colectivo,%20Lilith%20es%20la%20mujer%20a%20la%20que%20hay%20que%20matar%20porque%20no%20se%20somete%20a%20la%20voluntad%20de%20lo%20masculino.%20%20Pero%20en%20la%20Era%20de%20Acuario,%20donde%20lo%20Masculino%20y%20lo%20Femenino%20se%20reunir\u00e1n,%20ser\u00e1%20Lilith%20quien%20nos%20permita%20restablecer%20este%20equilibrio.%20Conocer%20este%20mito%20es%20fundamental%20para%20identificar%20las%20propias%20sombras,%20integrarlas%20y%20llegar%20a%20emanar%20la%20propia%20Luz%20interior%20sin%20miedo.%20%20El%20enlace%20y%20la%20contrase\u00f1a%20para%20acceder%20a%20la%20grabaci\u00f3n%20de%20la%20lecci\u00f3n%20se%20encuentran%20en%20el%20archivo%20pdf%20que%20llega%20con%20el%20correo%20electr\u00f3nico%20de%20confirmaci\u00f3n%20autom\u00e1tica%20del%20pedido.\" \/>\n<meta property=\"og:locale\" content=\"es_ES\" \/>\n<meta property=\"og:type\" content=\"article\" \/>\n<meta property=\"og:title\" content=\"LILITH\" \/>\n<meta property=\"og:description\" content=\"Conferencia grabada - Lilith Con la participaci\u00f3n de Michela Mazzini  En el inconsciente colectivo, Lilith es la mujer a la que hay que &quot;matar&quot; porque no se somete a la voluntad de lo masculino.  Pero en la Era de Acuario, donde lo Masculino y lo Femenino se reunir\u00e1n, ser\u00e1 Lilith quien nos permita restablecer este equilibrio. Conocer este mito es fundamental para identificar las propias sombras, integrarlas y llegar a emanar la propia Luz interior sin miedo.  El enlace y la contrase\u00f1a para acceder a la grabaci\u00f3n de la lecci\u00f3n se encuentran en el archivo pdf que llega con el correo electr\u00f3nico de confirmaci\u00f3n autom\u00e1tica del pedido.\" \/>\n<meta property=\"og:url\" content=\"https:\/\/www.stefaniazani.it\/es\/producto\/lilith\/\" \/>\n<meta property=\"og:site_name\" content=\"Stefania Zani\" \/>\n<meta property=\"article:publisher\" content=\"https:\/\/www.facebook.com\/p\/Stefania-Zani-100087139977126\/\" \/>\n<meta property=\"article:modified_time\" content=\"2025-12-13T23:22:59+00:00\" \/>\n<meta property=\"og:image\" content=\"https:\/\/www.stefaniazani.it\/wp-content\/uploads\/2024\/12\/Lilith.png\" \/>\n\t<meta property=\"og:image:width\" content=\"1080\" \/>\n\t<meta property=\"og:image:height\" content=\"1080\" \/>\n\t<meta property=\"og:image:type\" content=\"image\/png\" \/>\n<meta name=\"twitter:card\" content=\"summary_large_image\" \/>\n<meta name=\"twitter:label1\" content=\"Tiempo de lectura\" \/>\n\t<meta name=\"twitter:data1\" content=\"1 minuto\" \/>\n<script type=\"application\/ld+json\" class=\"yoast-schema-graph\">{\"@context\":\"https:\\\/\\\/schema.org\",\"@graph\":[{\"@type\":\"WebPage\",\"@id\":\"https:\\\/\\\/www.stefaniazani.it\\\/es\\\/producto\\\/lilith\\\/\",\"url\":\"https:\\\/\\\/www.stefaniazani.it\\\/es\\\/producto\\\/lilith\\\/\",\"name\":\"LILITH - Stefania Zani\",\"isPartOf\":{\"@id\":\"https:\\\/\\\/www.stefaniazani.it\\\/#website\"},\"primaryImageOfPage\":{\"@id\":\"https:\\\/\\\/www.stefaniazani.it\\\/es\\\/producto\\\/lilith\\\/#primaryimage\"},\"image\":{\"@id\":\"https:\\\/\\\/www.stefaniazani.it\\\/es\\\/producto\\\/lilith\\\/#primaryimage\"},\"thumbnailUrl\":\"\",\"datePublished\":\"2024-05-28T12:57:46+00:00\",\"dateModified\":\"2025-12-13T23:22:59+00:00\",\"breadcrumb\":{\"@id\":\"https:\\\/\\\/www.stefaniazani.it\\\/es\\\/producto\\\/lilith\\\/#breadcrumb\"},\"inLanguage\":\"es\",\"potentialAction\":[{\"@type\":\"ReadAction\",\"target\":[\"https:\\\/\\\/www.stefaniazani.it\\\/es\\\/producto\\\/lilith\\\/\"]}]},{\"@type\":\"ImageObject\",\"inLanguage\":\"es\",\"@id\":\"https:\\\/\\\/www.stefaniazani.it\\\/es\\\/producto\\\/lilith\\\/#primaryimage\",\"url\":\"\",\"contentUrl\":\"\",\"width\":1080,\"height\":1080},{\"@type\":\"BreadcrumbList\",\"@id\":\"https:\\\/\\\/www.stefaniazani.it\\\/es\\\/producto\\\/lilith\\\/#breadcrumb\",\"itemListElement\":[{\"@type\":\"ListItem\",\"position\":1,\"name\":\"Home\",\"item\":\"https:\\\/\\\/www.stefaniazani.it\\\/\"},{\"@type\":\"ListItem\",\"position\":2,\"name\":\"Shop\",\"item\":\"https:\\\/\\\/www.stefaniazani.it\\\/negozio\\\/\"},{\"@type\":\"ListItem\",\"position\":3,\"name\":\"LILITH\"}]},{\"@type\":\"WebSite\",\"@id\":\"https:\\\/\\\/www.stefaniazani.it\\\/es\\\/#website\",\"url\":\"https:\\\/\\\/www.stefaniazani.it\\\/es\\\/\",\"name\":\"Stefania Zani\",\"description\":\"\",\"publisher\":{\"@id\":\"https:\\\/\\\/www.stefaniazani.it\\\/es\\\/#organization\"},\"potentialAction\":[{\"@type\":\"SearchAction\",\"target\":{\"@type\":\"EntryPoint\",\"urlTemplate\":\"https:\\\/\\\/www.stefaniazani.it\\\/es\\\/?s={search_term_string}\"},\"query-input\":{\"@type\":\"PropertyValueSpecification\",\"valueRequired\":true,\"valueName\":\"search_term_string\"}}],\"inLanguage\":\"es\"},{\"@type\":\"Organization\",\"@id\":\"https:\\\/\\\/www.stefaniazani.it\\\/es\\\/#organization\",\"name\":\"Stefania Zani Srl\",\"url\":\"https:\\\/\\\/www.stefaniazani.it\\\/es\\\/\",\"logo\":{\"@type\":\"ImageObject\",\"inLanguage\":\"es\",\"@id\":\"https:\\\/\\\/www.stefaniazani.it\\\/es\\\/#\\\/schema\\\/logo\\\/image\\\/\",\"url\":\"https:\\\/\\\/www.stefaniazani.it\\\/wp-content\\\/uploads\\\/2024\\\/03\\\/stefania_zani_logo_start.png\",\"contentUrl\":\"https:\\\/\\\/www.stefaniazani.it\\\/wp-content\\\/uploads\\\/2024\\\/03\\\/stefania_zani_logo_start.png\",\"width\":250,\"height\":50,\"caption\":\"Stefania Zani Srl\"},\"image\":{\"@id\":\"https:\\\/\\\/www.stefaniazani.it\\\/es\\\/#\\\/schema\\\/logo\\\/image\\\/\"},\"sameAs\":[\"https:\\\/\\\/www.facebook.com\\\/p\\\/Stefania-Zani-100087139977126\\\/\",\"https:\\\/\\\/www.instagram.com\\\/stefania__zani\\\/\"]}]}<\/script>\n<!-- \/ Yoast SEO plugin. -->","yoast_head_json":{"title":"LILITH","description":"Conferencia grabada - Lilith Con la participaci\u00f3n de Michela Mazzini  En el inconsciente colectivo, Lilith es la mujer a la que hay que \"matar\" porque no se somete a la voluntad de lo masculino.  Pero en la Era de Acuario, donde lo Masculino y lo Femenino se reunir\u00e1n, ser\u00e1 Lilith quien nos permita restablecer este equilibrio. Conocer este mito es fundamental para identificar las propias sombras, integrarlas y llegar a emanar la propia Luz interior sin miedo.  El enlace y la contrase\u00f1a para acceder a la grabaci\u00f3n de la lecci\u00f3n se encuentran en el archivo pdf que llega con el correo electr\u00f3nico de confirmaci\u00f3n autom\u00e1tica del pedido.","robots":{"index":"index","follow":"follow","max-snippet":"max-snippet:-1","max-image-preview":"max-image-preview:large","max-video-preview":"max-video-preview:-1"},"canonical":"Conferencia grabada - Lilith Con la participaci\u00f3n de Michela Mazzini  En el inconsciente colectivo, Lilith es la mujer a la que hay que \"matar\" porque no se somete a la voluntad de lo masculino.  Pero en la Era de Acuario, donde lo Masculino y lo Femenino se reunir\u00e1n, ser\u00e1 Lilith quien nos permita restablecer este equilibrio. Conocer este mito es fundamental para identificar las propias sombras, integrarlas y llegar a emanar la propia Luz interior sin miedo.  El enlace y la contrase\u00f1a para acceder a la grabaci\u00f3n de la lecci\u00f3n se encuentran en el archivo pdf que llega con el correo electr\u00f3nico de confirmaci\u00f3n autom\u00e1tica del pedido.","og_locale":"es_ES","og_type":"article","og_title":"LILITH","og_description":"Conferencia grabada - Lilith Con la participaci\u00f3n de Michela Mazzini  En el inconsciente colectivo, Lilith es la mujer a la que hay que \"matar\" porque no se somete a la voluntad de lo masculino.  Pero en la Era de Acuario, donde lo Masculino y lo Femenino se reunir\u00e1n, ser\u00e1 Lilith quien nos permita restablecer este equilibrio. Conocer este mito es fundamental para identificar las propias sombras, integrarlas y llegar a emanar la propia Luz interior sin miedo.  El enlace y la contrase\u00f1a para acceder a la grabaci\u00f3n de la lecci\u00f3n se encuentran en el archivo pdf que llega con el correo electr\u00f3nico de confirmaci\u00f3n autom\u00e1tica del pedido.","og_url":"https:\/\/www.stefaniazani.it\/es\/producto\/lilith\/","og_site_name":"Stefania Zani","article_publisher":"https:\/\/www.facebook.com\/p\/Stefania-Zani-100087139977126\/","article_modified_time":"2025-12-13T23:22:59+00:00","og_image":[{"width":1080,"height":1080,"url":"https:\/\/www.stefaniazani.it\/wp-content\/uploads\/2024\/12\/Lilith.png","type":"image\/png"}],"twitter_card":"summary_large_image","twitter_misc":{"Tiempo de lectura":"1 minuto"},"schema":{"@context":"https:\/\/schema.org","@graph":[{"@type":"WebPage","@id":"https:\/\/www.stefaniazani.it\/es\/producto\/lilith\/","url":"https:\/\/www.stefaniazani.it\/es\/producto\/lilith\/","name":"LILITH - Stefania Zani","isPartOf":{"@id":"https:\/\/www.stefaniazani.it\/#website"},"primaryImageOfPage":{"@id":"https:\/\/www.stefaniazani.it\/es\/producto\/lilith\/#primaryimage"},"image":{"@id":"https:\/\/www.stefaniazani.it\/es\/producto\/lilith\/#primaryimage"},"thumbnailUrl":"","datePublished":"2024-05-28T12:57:46+00:00","dateModified":"2025-12-13T23:22:59+00:00","breadcrumb":{"@id":"https:\/\/www.stefaniazani.it\/es\/producto\/lilith\/#breadcrumb"},"inLanguage":"es","potentialAction":[{"@type":"ReadAction","target":["https:\/\/www.stefaniazani.it\/es\/producto\/lilith\/"]}]},{"@type":"ImageObject","inLanguage":"es","@id":"https:\/\/www.stefaniazani.it\/es\/producto\/lilith\/#primaryimage","url":"","contentUrl":"","width":1080,"height":1080},{"@type":"BreadcrumbList","@id":"https:\/\/www.stefaniazani.it\/es\/producto\/lilith\/#breadcrumb","itemListElement":[{"@type":"ListItem","position":1,"name":"Home","item":"https:\/\/www.stefaniazani.it\/"},{"@type":"ListItem","position":2,"name":"Shop","item":"https:\/\/www.stefaniazani.it\/negozio\/"},{"@type":"ListItem","position":3,"name":"LILITH"}]},{"@type":"WebSite","@id":"https:\/\/www.stefaniazani.it\/es\/#website","url":"https:\/\/www.stefaniazani.it\/es\/","name":"Stefania Zani","description":"","publisher":{"@id":"https:\/\/www.stefaniazani.it\/es\/#organization"},"potentialAction":[{"@type":"SearchAction","target":{"@type":"EntryPoint","urlTemplate":"https:\/\/www.stefaniazani.it\/es\/?s={search_term_string}"},"query-input":{"@type":"PropertyValueSpecification","valueRequired":true,"valueName":"search_term_string"}}],"inLanguage":"es"},{"@type":"Organization","@id":"https:\/\/www.stefaniazani.it\/es\/#organization","name":"Stefania Zani Srl","url":"https:\/\/www.stefaniazani.it\/es\/","logo":{"@type":"ImageObject","inLanguage":"es","@id":"https:\/\/www.stefaniazani.it\/es\/#\/schema\/logo\/image\/","url":"https:\/\/www.stefaniazani.it\/wp-content\/uploads\/2024\/03\/stefania_zani_logo_start.png","contentUrl":"https:\/\/www.stefaniazani.it\/wp-content\/uploads\/2024\/03\/stefania_zani_logo_start.png","width":250,"height":50,"caption":"Stefania Zani Srl"},"image":{"@id":"https:\/\/www.stefaniazani.it\/es\/#\/schema\/logo\/image\/"},"sameAs":["https:\/\/www.facebook.com\/p\/Stefania-Zani-100087139977126\/","https:\/\/www.instagram.com\/stefania__zani\/"]}]}},"df_price":35,"df_sale_price":"","df_regular_price":35,"df_image_link":"https:\/\/www.stefaniazani.it\/wp-content\/uploads\/woocommerce-placeholder-300x300.png","_links":{"self":[{"href":"https:\/\/www.stefaniazani.it\/es\/wp-json\/wp\/v2\/product\/3721","targetHints":{"allow":["GET"]}}],"collection":[{"href":"https:\/\/www.stefaniazani.it\/es\/wp-json\/wp\/v2\/product"}],"about":[{"href":"https:\/\/www.stefaniazani.it\/es\/wp-json\/wp\/v2\/types\/product"}],"wp:featuredmedia":[{"embeddable":true,"href":"https:\/\/www.stefaniazani.it\/es\/wp-json\/"}],"wp:attachment":[{"href":"https:\/\/www.stefaniazani.it\/es\/wp-json\/wp\/v2\/media?parent=3721"}],"wp:term":[{"taxonomy":"product_brand","embeddable":true,"href":"https:\/\/www.stefaniazani.it\/es\/wp-json\/wp\/v2\/product_brand?post=3721"},{"taxonomy":"product_cat","embeddable":true,"href":"https:\/\/www.stefaniazani.it\/es\/wp-json\/wp\/v2\/product_cat?post=3721"},{"taxonomy":"product_tag","embeddable":true,"href":"https:\/\/www.stefaniazani.it\/es\/wp-json\/wp\/v2\/product_tag?post=3721"}],"curies":[{"name":"wp","href":"https:\/\/api.w.org\/{rel}","templated":true}]}}