{"id":3719,"date":"2024-05-28T13:56:10","date_gmt":"2024-05-28T12:56:10","guid":{"rendered":"https:\/\/stefaniazani.ilfondaco.it\/?post_type=product&#038;p=3719"},"modified":"2025-12-15T00:11:47","modified_gmt":"2025-12-14T23:11:47","slug":"quinto-chakra","status":"publish","type":"product","link":"https:\/\/www.stefaniazani.it\/es\/producto\/quinto-chakra\/","title":{"rendered":"QUINTO CHAKRA"},"content":{"rendered":"<p>Lezione registrata &#8211; Quinto Chakra<\/p>\n<p>A questo livello dei nostri Chakra iniziamo a porre la nostra attenzione ai piani sottili, allontanandoci dal piano fisico.<\/p>\n<p>Ognuno di noi esprime se stesso attraverso l\u2019aura, il nostro campo eterico che \u00e8 lo specchio dei nostri processi interni. Siamo energia, e le relazioni appaganti avvengono quando c&#8217;\u00e8 risonanza fra i rispettivi campi vibrazionali.<\/p>\n<p>Iniziamo ad indagare l\u2019invisibile.<\/p>\n<p><strong>Il link e la password per accedere alla registrazione della lezione li trovi all&#8217;interno del file pdf che arriva insieme alla mail automatica di conferma dell&#8217;ordine.<\/strong><\/p>\n","protected":false},"excerpt":{"rendered":"<p>Lecci\u00f3n grabada &#8211; Quinto Chakra<\/p>\n<p>En este nivel de nuestros Chakras comenzamos a poner nuestra atenci\u00f3n en los planos sutiles, alej\u00e1ndonos del plano f\u00edsico.<\/p>\n<p>Cada uno de nosotros se expresa a trav\u00e9s del aura, nuestro campo et\u00e9rico que es el espejo de nuestros procesos internos. Somos energ\u00eda, y las relaciones satisfactorias se producen cuando hay resonancia entre nuestros respectivos campos vibratorios.<\/p>\n<p>Empecemos a investigar lo invisible.<\/p>\n<p><strong>El enlace y la contrase\u00f1a para acceder a la grabaci\u00f3n de la lecci\u00f3n se encuentran en el archivo pdf que llega con el correo electr\u00f3nico de confirmaci\u00f3n autom\u00e1tica del pedido.<\/strong><\/p>\n","protected":false},"featured_media":15717,"template":"","meta":[],"product_brand":[],"product_cat":[27],"product_tag":[],"class_list":{"0":"post-3719","1":"product","2":"type-product","3":"status-publish","4":"has-post-thumbnail","6":"product_cat-lezioni","8":"first","9":"instock","10":"downloadable","11":"virtual","12":"taxable","13":"purchasable","14":"product-type-simple"},"yoast_head":"<!-- This site is optimized with the Yoast SEO plugin v27.4 - https:\/\/yoast.com\/product\/yoast-seo-wordpress\/ -->\n<title>QUINTO CHAKRA<\/title>\n<meta name=\"description\" content=\"Lecci\u00f3n grabada - Quinto Chakra  En este nivel de nuestros Chakras comenzamos a poner nuestra atenci\u00f3n en los planos sutiles, alej\u00e1ndonos del plano f\u00edsico. Cada uno de nosotros se expresa a trav\u00e9s del aura, nuestro campo et\u00e9rico que es el espejo de nuestros procesos internos. Somos energ\u00eda, y las relaciones satisfactorias se producen cuando hay resonancia entre nuestros respectivos campos vibratorios. Empecemos a investigar lo invisible.  El enlace y la contrase\u00f1a para acceder a la grabaci\u00f3n de la lecci\u00f3n se encuentran en el archivo pdf que llega con el correo electr\u00f3nico de confirmaci\u00f3n autom\u00e1tica del pedido.\" \/>\n<meta name=\"robots\" content=\"index, follow, max-snippet:-1, max-image-preview:large, max-video-preview:-1\" \/>\n<link rel=\"canonical\" href=\"http:\/\/Lecci\u00f3n%20grabada%20-%20Quinto%20Chakra%20%20En%20este%20nivel%20de%20nuestros%20Chakras%20comenzamos%20a%20poner%20nuestra%20atenci\u00f3n%20en%20los%20planos%20sutiles,%20alej\u00e1ndonos%20del%20plano%20f\u00edsico.%20Cada%20uno%20de%20nosotros%20se%20expresa%20a%20trav\u00e9s%20del%20aura,%20nuestro%20campo%20et\u00e9rico%20que%20es%20el%20espejo%20de%20nuestros%20procesos%20internos.%20Somos%20energ\u00eda,%20y%20las%20relaciones%20satisfactorias%20se%20producen%20cuando%20hay%20resonancia%20entre%20nuestros%20respectivos%20campos%20vibratorios.%20Empecemos%20a%20investigar%20lo%20invisible.%20%20El%20enlace%20y%20la%20contrase\u00f1a%20para%20acceder%20a%20la%20grabaci\u00f3n%20de%20la%20lecci\u00f3n%20se%20encuentran%20en%20el%20archivo%20pdf%20que%20llega%20con%20el%20correo%20electr\u00f3nico%20de%20confirmaci\u00f3n%20autom\u00e1tica%20del%20pedido.\" \/>\n<meta property=\"og:locale\" content=\"es_ES\" \/>\n<meta property=\"og:type\" content=\"article\" \/>\n<meta property=\"og:title\" content=\"QUINTO CHAKRA\" \/>\n<meta property=\"og:description\" content=\"Lecci\u00f3n grabada - Quinto Chakra  En este nivel de nuestros Chakras comenzamos a poner nuestra atenci\u00f3n en los planos sutiles, alej\u00e1ndonos del plano f\u00edsico. Cada uno de nosotros se expresa a trav\u00e9s del aura, nuestro campo et\u00e9rico que es el espejo de nuestros procesos internos. Somos energ\u00eda, y las relaciones satisfactorias se producen cuando hay resonancia entre nuestros respectivos campos vibratorios. Empecemos a investigar lo invisible.  El enlace y la contrase\u00f1a para acceder a la grabaci\u00f3n de la lecci\u00f3n se encuentran en el archivo pdf que llega con el correo electr\u00f3nico de confirmaci\u00f3n autom\u00e1tica del pedido.\" \/>\n<meta property=\"og:url\" content=\"https:\/\/www.stefaniazani.it\/es\/producto\/quinto-chakra\/\" \/>\n<meta property=\"og:site_name\" content=\"Stefania Zani\" \/>\n<meta property=\"article:publisher\" content=\"https:\/\/www.facebook.com\/p\/Stefania-Zani-100087139977126\/\" \/>\n<meta property=\"article:modified_time\" content=\"2025-12-14T23:11:47+00:00\" \/>\n<meta property=\"og:image\" content=\"https:\/\/www.stefaniazani.it\/wp-content\/uploads\/2024\/12\/Quinto-Chakra.png\" \/>\n\t<meta property=\"og:image:width\" content=\"1080\" \/>\n\t<meta property=\"og:image:height\" content=\"1080\" \/>\n\t<meta property=\"og:image:type\" content=\"image\/png\" \/>\n<meta name=\"twitter:card\" content=\"summary_large_image\" \/>\n<meta name=\"twitter:label1\" content=\"Tiempo de lectura\" \/>\n\t<meta name=\"twitter:data1\" content=\"1 minuto\" \/>\n<script type=\"application\/ld+json\" class=\"yoast-schema-graph\">{\"@context\":\"https:\\\/\\\/schema.org\",\"@graph\":[{\"@type\":\"WebPage\",\"@id\":\"https:\\\/\\\/www.stefaniazani.it\\\/es\\\/producto\\\/quinto-chakra\\\/\",\"url\":\"https:\\\/\\\/www.stefaniazani.it\\\/es\\\/producto\\\/quinto-chakra\\\/\",\"name\":\"QUINTO CHAKRA - Stefania Zani\",\"isPartOf\":{\"@id\":\"https:\\\/\\\/www.stefaniazani.it\\\/#website\"},\"primaryImageOfPage\":{\"@id\":\"https:\\\/\\\/www.stefaniazani.it\\\/es\\\/producto\\\/quinto-chakra\\\/#primaryimage\"},\"image\":{\"@id\":\"https:\\\/\\\/www.stefaniazani.it\\\/es\\\/producto\\\/quinto-chakra\\\/#primaryimage\"},\"thumbnailUrl\":\"https:\\\/\\\/www.stefaniazani.it\\\/wp-content\\\/uploads\\\/2025\\\/03\\\/Quinto-Chakra.png\",\"datePublished\":\"2024-05-28T12:56:10+00:00\",\"dateModified\":\"2025-12-14T23:11:47+00:00\",\"description\":\"Lezione sul Quinto Chakra: a questo livello dei nostri Chakra iniziamo a porre la nostra attenzione ai piani sottili, allontanandoci dal piano fisico.\",\"breadcrumb\":{\"@id\":\"https:\\\/\\\/www.stefaniazani.it\\\/es\\\/producto\\\/quinto-chakra\\\/#breadcrumb\"},\"inLanguage\":\"es\",\"potentialAction\":[{\"@type\":\"ReadAction\",\"target\":[\"https:\\\/\\\/www.stefaniazani.it\\\/es\\\/producto\\\/quinto-chakra\\\/\"]}]},{\"@type\":\"ImageObject\",\"inLanguage\":\"es\",\"@id\":\"https:\\\/\\\/www.stefaniazani.it\\\/es\\\/producto\\\/quinto-chakra\\\/#primaryimage\",\"url\":\"https:\\\/\\\/www.stefaniazani.it\\\/wp-content\\\/uploads\\\/2025\\\/03\\\/Quinto-Chakra.png\",\"contentUrl\":\"https:\\\/\\\/www.stefaniazani.it\\\/wp-content\\\/uploads\\\/2025\\\/03\\\/Quinto-Chakra.png\",\"width\":1080,\"height\":1080},{\"@type\":\"BreadcrumbList\",\"@id\":\"https:\\\/\\\/www.stefaniazani.it\\\/es\\\/producto\\\/quinto-chakra\\\/#breadcrumb\",\"itemListElement\":[{\"@type\":\"ListItem\",\"position\":1,\"name\":\"Home\",\"item\":\"https:\\\/\\\/www.stefaniazani.it\\\/\"},{\"@type\":\"ListItem\",\"position\":2,\"name\":\"Shop\",\"item\":\"https:\\\/\\\/www.stefaniazani.it\\\/negozio\\\/\"},{\"@type\":\"ListItem\",\"position\":3,\"name\":\"QUINTO CHAKRA\"}]},{\"@type\":\"WebSite\",\"@id\":\"https:\\\/\\\/www.stefaniazani.it\\\/es\\\/#website\",\"url\":\"https:\\\/\\\/www.stefaniazani.it\\\/es\\\/\",\"name\":\"Stefania Zani\",\"description\":\"\",\"publisher\":{\"@id\":\"https:\\\/\\\/www.stefaniazani.it\\\/es\\\/#organization\"},\"potentialAction\":[{\"@type\":\"SearchAction\",\"target\":{\"@type\":\"EntryPoint\",\"urlTemplate\":\"https:\\\/\\\/www.stefaniazani.it\\\/es\\\/?s={search_term_string}\"},\"query-input\":{\"@type\":\"PropertyValueSpecification\",\"valueRequired\":true,\"valueName\":\"search_term_string\"}}],\"inLanguage\":\"es\"},{\"@type\":\"Organization\",\"@id\":\"https:\\\/\\\/www.stefaniazani.it\\\/es\\\/#organization\",\"name\":\"Stefania Zani Srl\",\"url\":\"https:\\\/\\\/www.stefaniazani.it\\\/es\\\/\",\"logo\":{\"@type\":\"ImageObject\",\"inLanguage\":\"es\",\"@id\":\"https:\\\/\\\/www.stefaniazani.it\\\/es\\\/#\\\/schema\\\/logo\\\/image\\\/\",\"url\":\"https:\\\/\\\/www.stefaniazani.it\\\/wp-content\\\/uploads\\\/2024\\\/03\\\/stefania_zani_logo_start.png\",\"contentUrl\":\"https:\\\/\\\/www.stefaniazani.it\\\/wp-content\\\/uploads\\\/2024\\\/03\\\/stefania_zani_logo_start.png\",\"width\":250,\"height\":50,\"caption\":\"Stefania Zani Srl\"},\"image\":{\"@id\":\"https:\\\/\\\/www.stefaniazani.it\\\/es\\\/#\\\/schema\\\/logo\\\/image\\\/\"},\"sameAs\":[\"https:\\\/\\\/www.facebook.com\\\/p\\\/Stefania-Zani-100087139977126\\\/\",\"https:\\\/\\\/www.instagram.com\\\/stefania__zani\\\/\"]}]}<\/script>\n<!-- \/ Yoast SEO plugin. -->","yoast_head_json":{"title":"QUINTO CHAKRA","description":"Lecci\u00f3n grabada - Quinto Chakra  En este nivel de nuestros Chakras comenzamos a poner nuestra atenci\u00f3n en los planos sutiles, alej\u00e1ndonos del plano f\u00edsico. Cada uno de nosotros se expresa a trav\u00e9s del aura, nuestro campo et\u00e9rico que es el espejo de nuestros procesos internos. Somos energ\u00eda, y las relaciones satisfactorias se producen cuando hay resonancia entre nuestros respectivos campos vibratorios. Empecemos a investigar lo invisible.  El enlace y la contrase\u00f1a para acceder a la grabaci\u00f3n de la lecci\u00f3n se encuentran en el archivo pdf que llega con el correo electr\u00f3nico de confirmaci\u00f3n autom\u00e1tica del pedido.","robots":{"index":"index","follow":"follow","max-snippet":"max-snippet:-1","max-image-preview":"max-image-preview:large","max-video-preview":"max-video-preview:-1"},"canonical":"Lecci\u00f3n grabada - Quinto Chakra  En este nivel de nuestros Chakras comenzamos a poner nuestra atenci\u00f3n en los planos sutiles, alej\u00e1ndonos del plano f\u00edsico. Cada uno de nosotros se expresa a trav\u00e9s del aura, nuestro campo et\u00e9rico que es el espejo de nuestros procesos internos. Somos energ\u00eda, y las relaciones satisfactorias se producen cuando hay resonancia entre nuestros respectivos campos vibratorios. Empecemos a investigar lo invisible.  El enlace y la contrase\u00f1a para acceder a la grabaci\u00f3n de la lecci\u00f3n se encuentran en el archivo pdf que llega con el correo electr\u00f3nico de confirmaci\u00f3n autom\u00e1tica del pedido.","og_locale":"es_ES","og_type":"article","og_title":"QUINTO CHAKRA","og_description":"Lecci\u00f3n grabada - Quinto Chakra  En este nivel de nuestros Chakras comenzamos a poner nuestra atenci\u00f3n en los planos sutiles, alej\u00e1ndonos del plano f\u00edsico. Cada uno de nosotros se expresa a trav\u00e9s del aura, nuestro campo et\u00e9rico que es el espejo de nuestros procesos internos. Somos energ\u00eda, y las relaciones satisfactorias se producen cuando hay resonancia entre nuestros respectivos campos vibratorios. Empecemos a investigar lo invisible.  El enlace y la contrase\u00f1a para acceder a la grabaci\u00f3n de la lecci\u00f3n se encuentran en el archivo pdf que llega con el correo electr\u00f3nico de confirmaci\u00f3n autom\u00e1tica del pedido.","og_url":"https:\/\/www.stefaniazani.it\/es\/producto\/quinto-chakra\/","og_site_name":"Stefania Zani","article_publisher":"https:\/\/www.facebook.com\/p\/Stefania-Zani-100087139977126\/","article_modified_time":"2025-12-14T23:11:47+00:00","og_image":[{"width":1080,"height":1080,"url":"https:\/\/www.stefaniazani.it\/wp-content\/uploads\/2024\/12\/Quinto-Chakra.png","type":"image\/png"}],"twitter_card":"summary_large_image","twitter_misc":{"Tiempo de lectura":"1 minuto"},"schema":{"@context":"https:\/\/schema.org","@graph":[{"@type":"WebPage","@id":"https:\/\/www.stefaniazani.it\/es\/producto\/quinto-chakra\/","url":"https:\/\/www.stefaniazani.it\/es\/producto\/quinto-chakra\/","name":"QUINTO CHAKRA - Stefania Zani","isPartOf":{"@id":"https:\/\/www.stefaniazani.it\/#website"},"primaryImageOfPage":{"@id":"https:\/\/www.stefaniazani.it\/es\/producto\/quinto-chakra\/#primaryimage"},"image":{"@id":"https:\/\/www.stefaniazani.it\/es\/producto\/quinto-chakra\/#primaryimage"},"thumbnailUrl":"https:\/\/www.stefaniazani.it\/wp-content\/uploads\/2025\/03\/Quinto-Chakra.png","datePublished":"2024-05-28T12:56:10+00:00","dateModified":"2025-12-14T23:11:47+00:00","description":"Lezione sul Quinto Chakra: a questo livello dei nostri Chakra iniziamo a porre la nostra attenzione ai piani sottili, allontanandoci dal piano fisico.","breadcrumb":{"@id":"https:\/\/www.stefaniazani.it\/es\/producto\/quinto-chakra\/#breadcrumb"},"inLanguage":"es","potentialAction":[{"@type":"ReadAction","target":["https:\/\/www.stefaniazani.it\/es\/producto\/quinto-chakra\/"]}]},{"@type":"ImageObject","inLanguage":"es","@id":"https:\/\/www.stefaniazani.it\/es\/producto\/quinto-chakra\/#primaryimage","url":"https:\/\/www.stefaniazani.it\/wp-content\/uploads\/2025\/03\/Quinto-Chakra.png","contentUrl":"https:\/\/www.stefaniazani.it\/wp-content\/uploads\/2025\/03\/Quinto-Chakra.png","width":1080,"height":1080},{"@type":"BreadcrumbList","@id":"https:\/\/www.stefaniazani.it\/es\/producto\/quinto-chakra\/#breadcrumb","itemListElement":[{"@type":"ListItem","position":1,"name":"Home","item":"https:\/\/www.stefaniazani.it\/"},{"@type":"ListItem","position":2,"name":"Shop","item":"https:\/\/www.stefaniazani.it\/negozio\/"},{"@type":"ListItem","position":3,"name":"QUINTO CHAKRA"}]},{"@type":"WebSite","@id":"https:\/\/www.stefaniazani.it\/es\/#website","url":"https:\/\/www.stefaniazani.it\/es\/","name":"Stefania Zani","description":"","publisher":{"@id":"https:\/\/www.stefaniazani.it\/es\/#organization"},"potentialAction":[{"@type":"SearchAction","target":{"@type":"EntryPoint","urlTemplate":"https:\/\/www.stefaniazani.it\/es\/?s={search_term_string}"},"query-input":{"@type":"PropertyValueSpecification","valueRequired":true,"valueName":"search_term_string"}}],"inLanguage":"es"},{"@type":"Organization","@id":"https:\/\/www.stefaniazani.it\/es\/#organization","name":"Stefania Zani Srl","url":"https:\/\/www.stefaniazani.it\/es\/","logo":{"@type":"ImageObject","inLanguage":"es","@id":"https:\/\/www.stefaniazani.it\/es\/#\/schema\/logo\/image\/","url":"https:\/\/www.stefaniazani.it\/wp-content\/uploads\/2024\/03\/stefania_zani_logo_start.png","contentUrl":"https:\/\/www.stefaniazani.it\/wp-content\/uploads\/2024\/03\/stefania_zani_logo_start.png","width":250,"height":50,"caption":"Stefania Zani Srl"},"image":{"@id":"https:\/\/www.stefaniazani.it\/es\/#\/schema\/logo\/image\/"},"sameAs":["https:\/\/www.facebook.com\/p\/Stefania-Zani-100087139977126\/","https:\/\/www.instagram.com\/stefania__zani\/"]}]}},"df_price":30,"df_sale_price":"","df_regular_price":30,"df_image_link":"https:\/\/www.stefaniazani.it\/wp-content\/uploads\/2025\/03\/Quinto-Chakra-300x300.png","_links":{"self":[{"href":"https:\/\/www.stefaniazani.it\/es\/wp-json\/wp\/v2\/product\/3719","targetHints":{"allow":["GET"]}}],"collection":[{"href":"https:\/\/www.stefaniazani.it\/es\/wp-json\/wp\/v2\/product"}],"about":[{"href":"https:\/\/www.stefaniazani.it\/es\/wp-json\/wp\/v2\/types\/product"}],"wp:featuredmedia":[{"embeddable":true,"href":"https:\/\/www.stefaniazani.it\/es\/wp-json\/wp\/v2\/media\/15717"}],"wp:attachment":[{"href":"https:\/\/www.stefaniazani.it\/es\/wp-json\/wp\/v2\/media?parent=3719"}],"wp:term":[{"taxonomy":"product_brand","embeddable":true,"href":"https:\/\/www.stefaniazani.it\/es\/wp-json\/wp\/v2\/product_brand?post=3719"},{"taxonomy":"product_cat","embeddable":true,"href":"https:\/\/www.stefaniazani.it\/es\/wp-json\/wp\/v2\/product_cat?post=3719"},{"taxonomy":"product_tag","embeddable":true,"href":"https:\/\/www.stefaniazani.it\/es\/wp-json\/wp\/v2\/product_tag?post=3719"}],"curies":[{"name":"wp","href":"https:\/\/api.w.org\/{rel}","templated":true}]}}