{"id":3717,"date":"2024-05-28T13:54:18","date_gmt":"2024-05-28T12:54:18","guid":{"rendered":"https:\/\/stefaniazani.ilfondaco.it\/?post_type=product&#038;p=3717"},"modified":"2025-12-15T00:11:55","modified_gmt":"2025-12-14T23:11:55","slug":"sesto-chakra","status":"publish","type":"product","link":"https:\/\/www.stefaniazani.it\/es\/producto\/sexto-chakra\/","title":{"rendered":"SEXTO CHAKRA"},"content":{"rendered":"<p>Lezione registrata &#8211; Sesto Chakra<\/p>\n<p>Qui iniziamo a lavorare sull\u2019intuizione, in forte connessione con gli archetipi.<br \/>\nL\u2019intuizione \u00e8 dialogo con il proprio S\u00e9, con le guide. \u00c8 medianit\u00e0.<\/p>\n<p>\u00c8 a questo livello che i sogni hanno significato e si distinguono dai viaggi astrali.<br \/>\nCercheremo di fare chiarezza sulle capacit\u00e0 psichiche dell\u2019essere umano.<\/p>\n<p><strong>Il link e la password per accedere alla registrazione della lezione li trovi all&#8217;interno del file pdf che arriva insieme alla mail automatica di conferma dell&#8217;ordine.<\/strong><\/p>\n","protected":false},"excerpt":{"rendered":"<p>Lecci\u00f3n grabada &#8211; Sexto Chakra<\/p>\n<p>Aqu\u00ed empezamos a trabajar la intuici\u00f3n, en fuerte conexi\u00f3n con los arquetipos. La intuici\u00f3n es di\u00e1logo con el Ser, con los gu\u00edas. Es la mediumnidad.<\/p>\n<p>Es en este nivel donde los sue\u00f1os tienen sentido y se diferencian de los viajes astrales. Intentaremos arrojar luz sobre las capacidades ps\u00edquicas del ser humano.<\/p>\n<p><strong>Encontrar\u00e1 el enlace y la contrase\u00f1a para acceder a la grabaci\u00f3n de la conferencia en el archivo pdf que llega con el correo electr\u00f3nico de confirmaci\u00f3n autom\u00e1tica del pedido.<\/strong><\/p>\n","protected":false},"featured_media":15745,"template":"","meta":[],"product_brand":[],"product_cat":[27],"product_tag":[],"class_list":{"0":"post-3717","1":"product","2":"type-product","3":"status-publish","4":"has-post-thumbnail","6":"product_cat-lezioni","8":"first","9":"instock","10":"downloadable","11":"virtual","12":"taxable","13":"purchasable","14":"product-type-simple"},"yoast_head":"<!-- This site is optimized with the Yoast SEO plugin v27.4 - https:\/\/yoast.com\/product\/yoast-seo-wordpress\/ -->\n<title>SEXTO CHAKRA<\/title>\n<meta name=\"description\" content=\"Lecci\u00f3n grabada - Sexto Chakra  Aqu\u00ed empezamos a trabajar la intuici\u00f3n, en fuerte conexi\u00f3n con los arquetipos. La intuici\u00f3n es di\u00e1logo con el Ser, con los gu\u00edas. Es la mediumnidad.  Es en este nivel donde los sue\u00f1os tienen sentido y se diferencian de los viajes astrales. Intentaremos arrojar luz sobre las capacidades ps\u00edquicas del ser humano.  Encontrar\u00e1 el enlace y la contrase\u00f1a para acceder a la grabaci\u00f3n de la conferencia en el archivo pdf que llega con el correo electr\u00f3nico de confirmaci\u00f3n autom\u00e1tica del pedido.\" \/>\n<meta name=\"robots\" content=\"index, follow, max-snippet:-1, max-image-preview:large, max-video-preview:-1\" \/>\n<link rel=\"canonical\" href=\"http:\/\/Lecci\u00f3n%20grabada%20-%20Sexto%20Chakra%20%20Aqu\u00ed%20empezamos%20a%20trabajar%20la%20intuici\u00f3n,%20en%20fuerte%20conexi\u00f3n%20con%20los%20arquetipos.%20La%20intuici\u00f3n%20es%20di\u00e1logo%20con%20el%20Ser,%20con%20los%20gu\u00edas.%20Es%20la%20mediumnidad.%20%20Es%20en%20este%20nivel%20donde%20los%20sue\u00f1os%20tienen%20sentido%20y%20se%20diferencian%20de%20los%20viajes%20astrales.%20Intentaremos%20arrojar%20luz%20sobre%20las%20capacidades%20ps\u00edquicas%20del%20ser%20humano.%20%20Encontrar\u00e1%20el%20enlace%20y%20la%20contrase\u00f1a%20para%20acceder%20a%20la%20grabaci\u00f3n%20de%20la%20conferencia%20en%20el%20archivo%20pdf%20que%20llega%20con%20el%20correo%20electr\u00f3nico%20de%20confirmaci\u00f3n%20autom\u00e1tica%20del%20pedido.\" \/>\n<meta property=\"og:locale\" content=\"es_ES\" \/>\n<meta property=\"og:type\" content=\"article\" \/>\n<meta property=\"og:title\" content=\"SEXTO CHAKRA\" \/>\n<meta property=\"og:description\" content=\"Lecci\u00f3n grabada - Sexto Chakra  Aqu\u00ed empezamos a trabajar la intuici\u00f3n, en fuerte conexi\u00f3n con los arquetipos. La intuici\u00f3n es di\u00e1logo con el Ser, con los gu\u00edas. Es la mediumnidad.  Es en este nivel donde los sue\u00f1os tienen sentido y se diferencian de los viajes astrales. Intentaremos arrojar luz sobre las capacidades ps\u00edquicas del ser humano.  Encontrar\u00e1 el enlace y la contrase\u00f1a para acceder a la grabaci\u00f3n de la conferencia en el archivo pdf que llega con el correo electr\u00f3nico de confirmaci\u00f3n autom\u00e1tica del pedido.\" \/>\n<meta property=\"og:url\" content=\"https:\/\/www.stefaniazani.it\/es\/producto\/sexto-chakra\/\" \/>\n<meta property=\"og:site_name\" content=\"Stefania Zani\" \/>\n<meta property=\"article:publisher\" content=\"https:\/\/www.facebook.com\/p\/Stefania-Zani-100087139977126\/\" \/>\n<meta property=\"article:modified_time\" content=\"2025-12-14T23:11:55+00:00\" \/>\n<meta property=\"og:image\" content=\"https:\/\/www.stefaniazani.it\/wp-content\/uploads\/2024\/12\/Sesto-Chakra.png\" \/>\n\t<meta property=\"og:image:width\" content=\"1080\" \/>\n\t<meta property=\"og:image:height\" content=\"1080\" \/>\n\t<meta property=\"og:image:type\" content=\"image\/png\" \/>\n<meta name=\"twitter:card\" content=\"summary_large_image\" \/>\n<meta name=\"twitter:label1\" content=\"Tiempo de lectura\" \/>\n\t<meta name=\"twitter:data1\" content=\"1 minuto\" \/>\n<script type=\"application\/ld+json\" class=\"yoast-schema-graph\">{\"@context\":\"https:\\\/\\\/schema.org\",\"@graph\":[{\"@type\":\"WebPage\",\"@id\":\"https:\\\/\\\/www.stefaniazani.it\\\/es\\\/producto\\\/sexto-chakra\\\/\",\"url\":\"https:\\\/\\\/www.stefaniazani.it\\\/es\\\/producto\\\/sexto-chakra\\\/\",\"name\":\"SESTO CHAKRA - Stefania Zani\",\"isPartOf\":{\"@id\":\"https:\\\/\\\/www.stefaniazani.it\\\/#website\"},\"primaryImageOfPage\":{\"@id\":\"https:\\\/\\\/www.stefaniazani.it\\\/es\\\/producto\\\/sexto-chakra\\\/#primaryimage\"},\"image\":{\"@id\":\"https:\\\/\\\/www.stefaniazani.it\\\/es\\\/producto\\\/sexto-chakra\\\/#primaryimage\"},\"thumbnailUrl\":\"\",\"datePublished\":\"2024-05-28T12:54:18+00:00\",\"dateModified\":\"2025-12-14T23:11:55+00:00\",\"description\":\"Lezione online sul Sesto Chakra: apri il terzo occhio, sviluppa intuizione per dialogare con il proprio S\u00e9, con le guide.\",\"breadcrumb\":{\"@id\":\"https:\\\/\\\/www.stefaniazani.it\\\/es\\\/producto\\\/sexto-chakra\\\/#breadcrumb\"},\"inLanguage\":\"es\",\"potentialAction\":[{\"@type\":\"ReadAction\",\"target\":[\"https:\\\/\\\/www.stefaniazani.it\\\/es\\\/producto\\\/sexto-chakra\\\/\"]}]},{\"@type\":\"ImageObject\",\"inLanguage\":\"es\",\"@id\":\"https:\\\/\\\/www.stefaniazani.it\\\/es\\\/producto\\\/sexto-chakra\\\/#primaryimage\",\"url\":\"\",\"contentUrl\":\"\",\"width\":1080,\"height\":1080},{\"@type\":\"BreadcrumbList\",\"@id\":\"https:\\\/\\\/www.stefaniazani.it\\\/es\\\/producto\\\/sexto-chakra\\\/#breadcrumb\",\"itemListElement\":[{\"@type\":\"ListItem\",\"position\":1,\"name\":\"Home\",\"item\":\"https:\\\/\\\/www.stefaniazani.it\\\/\"},{\"@type\":\"ListItem\",\"position\":2,\"name\":\"Shop\",\"item\":\"https:\\\/\\\/www.stefaniazani.it\\\/negozio\\\/\"},{\"@type\":\"ListItem\",\"position\":3,\"name\":\"SEXTO CHAKRA\"}]},{\"@type\":\"WebSite\",\"@id\":\"https:\\\/\\\/www.stefaniazani.it\\\/es\\\/#website\",\"url\":\"https:\\\/\\\/www.stefaniazani.it\\\/es\\\/\",\"name\":\"Stefania Zani\",\"description\":\"\",\"publisher\":{\"@id\":\"https:\\\/\\\/www.stefaniazani.it\\\/es\\\/#organization\"},\"potentialAction\":[{\"@type\":\"SearchAction\",\"target\":{\"@type\":\"EntryPoint\",\"urlTemplate\":\"https:\\\/\\\/www.stefaniazani.it\\\/es\\\/?s={search_term_string}\"},\"query-input\":{\"@type\":\"PropertyValueSpecification\",\"valueRequired\":true,\"valueName\":\"search_term_string\"}}],\"inLanguage\":\"es\"},{\"@type\":\"Organization\",\"@id\":\"https:\\\/\\\/www.stefaniazani.it\\\/es\\\/#organization\",\"name\":\"Stefania Zani Srl\",\"url\":\"https:\\\/\\\/www.stefaniazani.it\\\/es\\\/\",\"logo\":{\"@type\":\"ImageObject\",\"inLanguage\":\"es\",\"@id\":\"https:\\\/\\\/www.stefaniazani.it\\\/es\\\/#\\\/schema\\\/logo\\\/image\\\/\",\"url\":\"https:\\\/\\\/www.stefaniazani.it\\\/wp-content\\\/uploads\\\/2024\\\/03\\\/stefania_zani_logo_start.png\",\"contentUrl\":\"https:\\\/\\\/www.stefaniazani.it\\\/wp-content\\\/uploads\\\/2024\\\/03\\\/stefania_zani_logo_start.png\",\"width\":250,\"height\":50,\"caption\":\"Stefania Zani Srl\"},\"image\":{\"@id\":\"https:\\\/\\\/www.stefaniazani.it\\\/es\\\/#\\\/schema\\\/logo\\\/image\\\/\"},\"sameAs\":[\"https:\\\/\\\/www.facebook.com\\\/p\\\/Stefania-Zani-100087139977126\\\/\",\"https:\\\/\\\/www.instagram.com\\\/stefania__zani\\\/\"]}]}<\/script>\n<!-- \/ Yoast SEO plugin. -->","yoast_head_json":{"title":"SEXTO CHAKRA","description":"Lecci\u00f3n grabada - Sexto Chakra  Aqu\u00ed empezamos a trabajar la intuici\u00f3n, en fuerte conexi\u00f3n con los arquetipos. La intuici\u00f3n es di\u00e1logo con el Ser, con los gu\u00edas. Es la mediumnidad.  Es en este nivel donde los sue\u00f1os tienen sentido y se diferencian de los viajes astrales. Intentaremos arrojar luz sobre las capacidades ps\u00edquicas del ser humano.  Encontrar\u00e1 el enlace y la contrase\u00f1a para acceder a la grabaci\u00f3n de la conferencia en el archivo pdf que llega con el correo electr\u00f3nico de confirmaci\u00f3n autom\u00e1tica del pedido.","robots":{"index":"index","follow":"follow","max-snippet":"max-snippet:-1","max-image-preview":"max-image-preview:large","max-video-preview":"max-video-preview:-1"},"canonical":"Lecci\u00f3n grabada - Sexto Chakra  Aqu\u00ed empezamos a trabajar la intuici\u00f3n, en fuerte conexi\u00f3n con los arquetipos. La intuici\u00f3n es di\u00e1logo con el Ser, con los gu\u00edas. Es la mediumnidad.  Es en este nivel donde los sue\u00f1os tienen sentido y se diferencian de los viajes astrales. Intentaremos arrojar luz sobre las capacidades ps\u00edquicas del ser humano.  Encontrar\u00e1 el enlace y la contrase\u00f1a para acceder a la grabaci\u00f3n de la conferencia en el archivo pdf que llega con el correo electr\u00f3nico de confirmaci\u00f3n autom\u00e1tica del pedido.","og_locale":"es_ES","og_type":"article","og_title":"SEXTO CHAKRA","og_description":"Lecci\u00f3n grabada - Sexto Chakra  Aqu\u00ed empezamos a trabajar la intuici\u00f3n, en fuerte conexi\u00f3n con los arquetipos. La intuici\u00f3n es di\u00e1logo con el Ser, con los gu\u00edas. Es la mediumnidad.  Es en este nivel donde los sue\u00f1os tienen sentido y se diferencian de los viajes astrales. Intentaremos arrojar luz sobre las capacidades ps\u00edquicas del ser humano.  Encontrar\u00e1 el enlace y la contrase\u00f1a para acceder a la grabaci\u00f3n de la conferencia en el archivo pdf que llega con el correo electr\u00f3nico de confirmaci\u00f3n autom\u00e1tica del pedido.","og_url":"https:\/\/www.stefaniazani.it\/es\/producto\/sexto-chakra\/","og_site_name":"Stefania Zani","article_publisher":"https:\/\/www.facebook.com\/p\/Stefania-Zani-100087139977126\/","article_modified_time":"2025-12-14T23:11:55+00:00","og_image":[{"width":1080,"height":1080,"url":"https:\/\/www.stefaniazani.it\/wp-content\/uploads\/2024\/12\/Sesto-Chakra.png","type":"image\/png"}],"twitter_card":"summary_large_image","twitter_misc":{"Tiempo de lectura":"1 minuto"},"schema":{"@context":"https:\/\/schema.org","@graph":[{"@type":"WebPage","@id":"https:\/\/www.stefaniazani.it\/es\/producto\/sexto-chakra\/","url":"https:\/\/www.stefaniazani.it\/es\/producto\/sexto-chakra\/","name":"SESTO CHAKRA - Stefania Zani","isPartOf":{"@id":"https:\/\/www.stefaniazani.it\/#website"},"primaryImageOfPage":{"@id":"https:\/\/www.stefaniazani.it\/es\/producto\/sexto-chakra\/#primaryimage"},"image":{"@id":"https:\/\/www.stefaniazani.it\/es\/producto\/sexto-chakra\/#primaryimage"},"thumbnailUrl":"","datePublished":"2024-05-28T12:54:18+00:00","dateModified":"2025-12-14T23:11:55+00:00","description":"Lezione online sul Sesto Chakra: apri il terzo occhio, sviluppa intuizione per dialogare con il proprio S\u00e9, con le guide.","breadcrumb":{"@id":"https:\/\/www.stefaniazani.it\/es\/producto\/sexto-chakra\/#breadcrumb"},"inLanguage":"es","potentialAction":[{"@type":"ReadAction","target":["https:\/\/www.stefaniazani.it\/es\/producto\/sexto-chakra\/"]}]},{"@type":"ImageObject","inLanguage":"es","@id":"https:\/\/www.stefaniazani.it\/es\/producto\/sexto-chakra\/#primaryimage","url":"","contentUrl":"","width":1080,"height":1080},{"@type":"BreadcrumbList","@id":"https:\/\/www.stefaniazani.it\/es\/producto\/sexto-chakra\/#breadcrumb","itemListElement":[{"@type":"ListItem","position":1,"name":"Home","item":"https:\/\/www.stefaniazani.it\/"},{"@type":"ListItem","position":2,"name":"Shop","item":"https:\/\/www.stefaniazani.it\/negozio\/"},{"@type":"ListItem","position":3,"name":"SEXTO CHAKRA"}]},{"@type":"WebSite","@id":"https:\/\/www.stefaniazani.it\/es\/#website","url":"https:\/\/www.stefaniazani.it\/es\/","name":"Stefania Zani","description":"","publisher":{"@id":"https:\/\/www.stefaniazani.it\/es\/#organization"},"potentialAction":[{"@type":"SearchAction","target":{"@type":"EntryPoint","urlTemplate":"https:\/\/www.stefaniazani.it\/es\/?s={search_term_string}"},"query-input":{"@type":"PropertyValueSpecification","valueRequired":true,"valueName":"search_term_string"}}],"inLanguage":"es"},{"@type":"Organization","@id":"https:\/\/www.stefaniazani.it\/es\/#organization","name":"Stefania Zani Srl","url":"https:\/\/www.stefaniazani.it\/es\/","logo":{"@type":"ImageObject","inLanguage":"es","@id":"https:\/\/www.stefaniazani.it\/es\/#\/schema\/logo\/image\/","url":"https:\/\/www.stefaniazani.it\/wp-content\/uploads\/2024\/03\/stefania_zani_logo_start.png","contentUrl":"https:\/\/www.stefaniazani.it\/wp-content\/uploads\/2024\/03\/stefania_zani_logo_start.png","width":250,"height":50,"caption":"Stefania Zani Srl"},"image":{"@id":"https:\/\/www.stefaniazani.it\/es\/#\/schema\/logo\/image\/"},"sameAs":["https:\/\/www.facebook.com\/p\/Stefania-Zani-100087139977126\/","https:\/\/www.instagram.com\/stefania__zani\/"]}]}},"df_price":30,"df_sale_price":"","df_regular_price":30,"df_image_link":"https:\/\/www.stefaniazani.it\/wp-content\/uploads\/woocommerce-placeholder-300x300.png","_links":{"self":[{"href":"https:\/\/www.stefaniazani.it\/es\/wp-json\/wp\/v2\/product\/3717","targetHints":{"allow":["GET"]}}],"collection":[{"href":"https:\/\/www.stefaniazani.it\/es\/wp-json\/wp\/v2\/product"}],"about":[{"href":"https:\/\/www.stefaniazani.it\/es\/wp-json\/wp\/v2\/types\/product"}],"wp:featuredmedia":[{"embeddable":true,"href":"https:\/\/www.stefaniazani.it\/es\/wp-json\/"}],"wp:attachment":[{"href":"https:\/\/www.stefaniazani.it\/es\/wp-json\/wp\/v2\/media?parent=3717"}],"wp:term":[{"taxonomy":"product_brand","embeddable":true,"href":"https:\/\/www.stefaniazani.it\/es\/wp-json\/wp\/v2\/product_brand?post=3717"},{"taxonomy":"product_cat","embeddable":true,"href":"https:\/\/www.stefaniazani.it\/es\/wp-json\/wp\/v2\/product_cat?post=3717"},{"taxonomy":"product_tag","embeddable":true,"href":"https:\/\/www.stefaniazani.it\/es\/wp-json\/wp\/v2\/product_tag?post=3717"}],"curies":[{"name":"wp","href":"https:\/\/api.w.org\/{rel}","templated":true}]}}