{"id":3714,"date":"2024-05-28T12:49:01","date_gmt":"2024-05-28T11:49:01","guid":{"rendered":"https:\/\/stefaniazani.ilfondaco.it\/?post_type=product&#038;p=3714"},"modified":"2025-12-20T02:02:52","modified_gmt":"2025-12-20T01:02:52","slug":"settimo-chakra","status":"publish","type":"product","link":"https:\/\/www.stefaniazani.it\/es\/producto\/septimo-chakra\/","title":{"rendered":"S\u00c9PTIMO CHAKRA"},"content":{"rendered":"<p>Lezione registrata &#8211; Settimo Chakra<\/p>\n<p>\u00c8 a questo livello che ci apriamo definitivamente alla nostra natura divina, superando i demoni della paura, colpa, vergogna, dolore, menzogna, illusione e attaccamento.<br \/>\nTrascendiamo il nostro Ego per identificarci con il S\u00e8 divino.<\/p>\n<p>Purtroppo per problemi tecnici la registrazione video di questo incontro \u00e8 andata persa ma siamo riusciti a salvare l&#8217;audio della lezione.<\/p>\n<p><strong>Il link e la password per accedere alla registrazione della lezione li trovi all&#8217;interno del file pdf che arriva insieme alla mail automatica di conferma dell&#8217;ordine.<\/strong><\/p>\n","protected":false},"excerpt":{"rendered":"<p>Lecci\u00f3n grabada &#8211; Sexto Chakra<\/p>\n<p>Es en este nivel donde nos abrimos definitivamente a nuestra naturaleza divina, superando los demonios del miedo, la culpa, la verg\u00fcenza, el dolor, la mentira, la ilusi\u00f3n y el apego. Trascendemos nuestro ego para identificarnos con el Ser divino.<\/p>\n<p>Lamentablemente, debido a problemas t\u00e9cnicos se perdi\u00f3 la grabaci\u00f3n en v\u00eddeo de este encuentro, pero conseguimos guardar el audio de la conferencia.<\/p>\n<p><strong>Encontrar\u00e1s el enlace y la contrase\u00f1a para acceder a la grabaci\u00f3n de la lecci\u00f3n en el archivo pdf que llega con el correo electr\u00f3nico de confirmaci\u00f3n autom\u00e1tica del pedido.<\/strong><\/p>\n","protected":false},"featured_media":15746,"template":"","meta":[],"product_brand":[],"product_cat":[27],"product_tag":[],"class_list":{"0":"post-3714","1":"product","2":"type-product","3":"status-publish","4":"has-post-thumbnail","6":"product_cat-lezioni","8":"first","9":"instock","10":"downloadable","11":"virtual","12":"taxable","13":"purchasable","14":"product-type-simple"},"yoast_head":"<!-- This site is optimized with the Yoast SEO plugin v27.4 - https:\/\/yoast.com\/product\/yoast-seo-wordpress\/ -->\n<title>S\u00c9PTIMO CHAKRA<\/title>\n<meta name=\"description\" content=\"Lecci\u00f3n grabada - Sexto Chakra  Es en este nivel donde nos abrimos definitivamente a nuestra naturaleza divina, superando los demonios del miedo, la culpa, la verg\u00fcenza, el dolor, la mentira, la ilusi\u00f3n y el apego. Trascendemos nuestro ego para identificarnos con el Ser divino.  Lamentablemente, debido a problemas t\u00e9cnicos se perdi\u00f3 la grabaci\u00f3n en v\u00eddeo de este encuentro, pero conseguimos guardar el audio de la conferencia.  Encontrar\u00e1s el enlace y la contrase\u00f1a para acceder a la grabaci\u00f3n de la lecci\u00f3n en el archivo pdf que llega con el correo electr\u00f3nico de confirmaci\u00f3n autom\u00e1tica del pedido.\" \/>\n<meta name=\"robots\" content=\"index, follow, max-snippet:-1, max-image-preview:large, max-video-preview:-1\" \/>\n<link rel=\"canonical\" href=\"http:\/\/Lecci\u00f3n%20grabada%20-%20Sexto%20Chakra%20%20Es%20en%20este%20nivel%20donde%20nos%20abrimos%20definitivamente%20a%20nuestra%20naturaleza%20divina,%20superando%20los%20demonios%20del%20miedo,%20la%20culpa,%20la%20verg\u00fcenza,%20el%20dolor,%20la%20mentira,%20la%20ilusi\u00f3n%20y%20el%20apego.%20Trascendemos%20nuestro%20ego%20para%20identificarnos%20con%20el%20Ser%20divino.%20%20Lamentablemente,%20debido%20a%20problemas%20t\u00e9cnicos%20se%20perdi\u00f3%20la%20grabaci\u00f3n%20en%20v\u00eddeo%20de%20este%20encuentro,%20pero%20conseguimos%20guardar%20el%20audio%20de%20la%20conferencia.%20%20Encontrar\u00e1s%20el%20enlace%20y%20la%20contrase\u00f1a%20para%20acceder%20a%20la%20grabaci\u00f3n%20de%20la%20lecci\u00f3n%20en%20el%20archivo%20pdf%20que%20llega%20con%20el%20correo%20electr\u00f3nico%20de%20confirmaci\u00f3n%20autom\u00e1tica%20del%20pedido.\" \/>\n<meta property=\"og:locale\" content=\"es_ES\" \/>\n<meta property=\"og:type\" content=\"article\" \/>\n<meta property=\"og:title\" content=\"S\u00c9PTIMO CHAKRA\" \/>\n<meta property=\"og:description\" content=\"Lecci\u00f3n grabada - Sexto Chakra  Es en este nivel donde nos abrimos definitivamente a nuestra naturaleza divina, superando los demonios del miedo, la culpa, la verg\u00fcenza, el dolor, la mentira, la ilusi\u00f3n y el apego. Trascendemos nuestro ego para identificarnos con el Ser divino.  Lamentablemente, debido a problemas t\u00e9cnicos se perdi\u00f3 la grabaci\u00f3n en v\u00eddeo de este encuentro, pero conseguimos guardar el audio de la conferencia.  Encontrar\u00e1s el enlace y la contrase\u00f1a para acceder a la grabaci\u00f3n de la lecci\u00f3n en el archivo pdf que llega con el correo electr\u00f3nico de confirmaci\u00f3n autom\u00e1tica del pedido.\" \/>\n<meta property=\"og:url\" content=\"https:\/\/www.stefaniazani.it\/es\/producto\/septimo-chakra\/\" \/>\n<meta property=\"og:site_name\" content=\"Stefania Zani\" \/>\n<meta property=\"article:publisher\" content=\"https:\/\/www.facebook.com\/p\/Stefania-Zani-100087139977126\/\" \/>\n<meta property=\"article:modified_time\" content=\"2025-12-20T01:02:52+00:00\" \/>\n<meta property=\"og:image\" content=\"https:\/\/www.stefaniazani.it\/wp-content\/uploads\/2024\/12\/Settimo-chakra.png\" \/>\n\t<meta property=\"og:image:width\" content=\"1080\" \/>\n\t<meta property=\"og:image:height\" content=\"1080\" \/>\n\t<meta property=\"og:image:type\" content=\"image\/png\" \/>\n<meta name=\"twitter:card\" content=\"summary_large_image\" \/>\n<meta name=\"twitter:label1\" content=\"Tiempo de lectura\" \/>\n\t<meta name=\"twitter:data1\" content=\"1 minuto\" \/>\n<script type=\"application\/ld+json\" class=\"yoast-schema-graph\">{\"@context\":\"https:\\\/\\\/schema.org\",\"@graph\":[{\"@type\":\"WebPage\",\"@id\":\"https:\\\/\\\/www.stefaniazani.it\\\/es\\\/producto\\\/septimo-chakra\\\/\",\"url\":\"https:\\\/\\\/www.stefaniazani.it\\\/es\\\/producto\\\/septimo-chakra\\\/\",\"name\":\"SETTIMO CHAKRA - Stefania Zani\",\"isPartOf\":{\"@id\":\"https:\\\/\\\/www.stefaniazani.it\\\/#website\"},\"primaryImageOfPage\":{\"@id\":\"https:\\\/\\\/www.stefaniazani.it\\\/es\\\/producto\\\/septimo-chakra\\\/#primaryimage\"},\"image\":{\"@id\":\"https:\\\/\\\/www.stefaniazani.it\\\/es\\\/producto\\\/septimo-chakra\\\/#primaryimage\"},\"thumbnailUrl\":\"\",\"datePublished\":\"2024-05-28T11:49:01+00:00\",\"dateModified\":\"2025-12-20T01:02:52+00:00\",\"description\":\"Lezione online sul Settimo Chakra: trascendiamo il nostro Ego per identificarci con il S\u00e8 divino. Clicca qui per scoprirne di pi\u00f9.\",\"breadcrumb\":{\"@id\":\"https:\\\/\\\/www.stefaniazani.it\\\/es\\\/producto\\\/septimo-chakra\\\/#breadcrumb\"},\"inLanguage\":\"es\",\"potentialAction\":[{\"@type\":\"ReadAction\",\"target\":[\"https:\\\/\\\/www.stefaniazani.it\\\/es\\\/producto\\\/septimo-chakra\\\/\"]}]},{\"@type\":\"ImageObject\",\"inLanguage\":\"es\",\"@id\":\"https:\\\/\\\/www.stefaniazani.it\\\/es\\\/producto\\\/septimo-chakra\\\/#primaryimage\",\"url\":\"\",\"contentUrl\":\"\",\"width\":1080,\"height\":1080},{\"@type\":\"BreadcrumbList\",\"@id\":\"https:\\\/\\\/www.stefaniazani.it\\\/es\\\/producto\\\/septimo-chakra\\\/#breadcrumb\",\"itemListElement\":[{\"@type\":\"ListItem\",\"position\":1,\"name\":\"Home\",\"item\":\"https:\\\/\\\/www.stefaniazani.it\\\/\"},{\"@type\":\"ListItem\",\"position\":2,\"name\":\"Shop\",\"item\":\"https:\\\/\\\/www.stefaniazani.it\\\/negozio\\\/\"},{\"@type\":\"ListItem\",\"position\":3,\"name\":\"S\u00c9PTIMO CHAKRA\"}]},{\"@type\":\"WebSite\",\"@id\":\"https:\\\/\\\/www.stefaniazani.it\\\/es\\\/#website\",\"url\":\"https:\\\/\\\/www.stefaniazani.it\\\/es\\\/\",\"name\":\"Stefania Zani\",\"description\":\"\",\"publisher\":{\"@id\":\"https:\\\/\\\/www.stefaniazani.it\\\/es\\\/#organization\"},\"potentialAction\":[{\"@type\":\"SearchAction\",\"target\":{\"@type\":\"EntryPoint\",\"urlTemplate\":\"https:\\\/\\\/www.stefaniazani.it\\\/es\\\/?s={search_term_string}\"},\"query-input\":{\"@type\":\"PropertyValueSpecification\",\"valueRequired\":true,\"valueName\":\"search_term_string\"}}],\"inLanguage\":\"es\"},{\"@type\":\"Organization\",\"@id\":\"https:\\\/\\\/www.stefaniazani.it\\\/es\\\/#organization\",\"name\":\"Stefania Zani Srl\",\"url\":\"https:\\\/\\\/www.stefaniazani.it\\\/es\\\/\",\"logo\":{\"@type\":\"ImageObject\",\"inLanguage\":\"es\",\"@id\":\"https:\\\/\\\/www.stefaniazani.it\\\/es\\\/#\\\/schema\\\/logo\\\/image\\\/\",\"url\":\"https:\\\/\\\/www.stefaniazani.it\\\/wp-content\\\/uploads\\\/2024\\\/03\\\/stefania_zani_logo_start.png\",\"contentUrl\":\"https:\\\/\\\/www.stefaniazani.it\\\/wp-content\\\/uploads\\\/2024\\\/03\\\/stefania_zani_logo_start.png\",\"width\":250,\"height\":50,\"caption\":\"Stefania Zani Srl\"},\"image\":{\"@id\":\"https:\\\/\\\/www.stefaniazani.it\\\/es\\\/#\\\/schema\\\/logo\\\/image\\\/\"},\"sameAs\":[\"https:\\\/\\\/www.facebook.com\\\/p\\\/Stefania-Zani-100087139977126\\\/\",\"https:\\\/\\\/www.instagram.com\\\/stefania__zani\\\/\"]}]}<\/script>\n<!-- \/ Yoast SEO plugin. -->","yoast_head_json":{"title":"S\u00c9PTIMO CHAKRA","description":"Lecci\u00f3n grabada - Sexto Chakra  Es en este nivel donde nos abrimos definitivamente a nuestra naturaleza divina, superando los demonios del miedo, la culpa, la verg\u00fcenza, el dolor, la mentira, la ilusi\u00f3n y el apego. Trascendemos nuestro ego para identificarnos con el Ser divino.  Lamentablemente, debido a problemas t\u00e9cnicos se perdi\u00f3 la grabaci\u00f3n en v\u00eddeo de este encuentro, pero conseguimos guardar el audio de la conferencia.  Encontrar\u00e1s el enlace y la contrase\u00f1a para acceder a la grabaci\u00f3n de la lecci\u00f3n en el archivo pdf que llega con el correo electr\u00f3nico de confirmaci\u00f3n autom\u00e1tica del pedido.","robots":{"index":"index","follow":"follow","max-snippet":"max-snippet:-1","max-image-preview":"max-image-preview:large","max-video-preview":"max-video-preview:-1"},"canonical":"Lecci\u00f3n grabada - Sexto Chakra  Es en este nivel donde nos abrimos definitivamente a nuestra naturaleza divina, superando los demonios del miedo, la culpa, la verg\u00fcenza, el dolor, la mentira, la ilusi\u00f3n y el apego. Trascendemos nuestro ego para identificarnos con el Ser divino.  Lamentablemente, debido a problemas t\u00e9cnicos se perdi\u00f3 la grabaci\u00f3n en v\u00eddeo de este encuentro, pero conseguimos guardar el audio de la conferencia.  Encontrar\u00e1s el enlace y la contrase\u00f1a para acceder a la grabaci\u00f3n de la lecci\u00f3n en el archivo pdf que llega con el correo electr\u00f3nico de confirmaci\u00f3n autom\u00e1tica del pedido.","og_locale":"es_ES","og_type":"article","og_title":"S\u00c9PTIMO CHAKRA","og_description":"Lecci\u00f3n grabada - Sexto Chakra  Es en este nivel donde nos abrimos definitivamente a nuestra naturaleza divina, superando los demonios del miedo, la culpa, la verg\u00fcenza, el dolor, la mentira, la ilusi\u00f3n y el apego. Trascendemos nuestro ego para identificarnos con el Ser divino.  Lamentablemente, debido a problemas t\u00e9cnicos se perdi\u00f3 la grabaci\u00f3n en v\u00eddeo de este encuentro, pero conseguimos guardar el audio de la conferencia.  Encontrar\u00e1s el enlace y la contrase\u00f1a para acceder a la grabaci\u00f3n de la lecci\u00f3n en el archivo pdf que llega con el correo electr\u00f3nico de confirmaci\u00f3n autom\u00e1tica del pedido.","og_url":"https:\/\/www.stefaniazani.it\/es\/producto\/septimo-chakra\/","og_site_name":"Stefania Zani","article_publisher":"https:\/\/www.facebook.com\/p\/Stefania-Zani-100087139977126\/","article_modified_time":"2025-12-20T01:02:52+00:00","og_image":[{"width":1080,"height":1080,"url":"https:\/\/www.stefaniazani.it\/wp-content\/uploads\/2024\/12\/Settimo-chakra.png","type":"image\/png"}],"twitter_card":"summary_large_image","twitter_misc":{"Tiempo de lectura":"1 minuto"},"schema":{"@context":"https:\/\/schema.org","@graph":[{"@type":"WebPage","@id":"https:\/\/www.stefaniazani.it\/es\/producto\/septimo-chakra\/","url":"https:\/\/www.stefaniazani.it\/es\/producto\/septimo-chakra\/","name":"SETTIMO CHAKRA - Stefania Zani","isPartOf":{"@id":"https:\/\/www.stefaniazani.it\/#website"},"primaryImageOfPage":{"@id":"https:\/\/www.stefaniazani.it\/es\/producto\/septimo-chakra\/#primaryimage"},"image":{"@id":"https:\/\/www.stefaniazani.it\/es\/producto\/septimo-chakra\/#primaryimage"},"thumbnailUrl":"","datePublished":"2024-05-28T11:49:01+00:00","dateModified":"2025-12-20T01:02:52+00:00","description":"Lezione online sul Settimo Chakra: trascendiamo il nostro Ego per identificarci con il S\u00e8 divino. Clicca qui per scoprirne di pi\u00f9.","breadcrumb":{"@id":"https:\/\/www.stefaniazani.it\/es\/producto\/septimo-chakra\/#breadcrumb"},"inLanguage":"es","potentialAction":[{"@type":"ReadAction","target":["https:\/\/www.stefaniazani.it\/es\/producto\/septimo-chakra\/"]}]},{"@type":"ImageObject","inLanguage":"es","@id":"https:\/\/www.stefaniazani.it\/es\/producto\/septimo-chakra\/#primaryimage","url":"","contentUrl":"","width":1080,"height":1080},{"@type":"BreadcrumbList","@id":"https:\/\/www.stefaniazani.it\/es\/producto\/septimo-chakra\/#breadcrumb","itemListElement":[{"@type":"ListItem","position":1,"name":"Home","item":"https:\/\/www.stefaniazani.it\/"},{"@type":"ListItem","position":2,"name":"Shop","item":"https:\/\/www.stefaniazani.it\/negozio\/"},{"@type":"ListItem","position":3,"name":"S\u00c9PTIMO CHAKRA"}]},{"@type":"WebSite","@id":"https:\/\/www.stefaniazani.it\/es\/#website","url":"https:\/\/www.stefaniazani.it\/es\/","name":"Stefania Zani","description":"","publisher":{"@id":"https:\/\/www.stefaniazani.it\/es\/#organization"},"potentialAction":[{"@type":"SearchAction","target":{"@type":"EntryPoint","urlTemplate":"https:\/\/www.stefaniazani.it\/es\/?s={search_term_string}"},"query-input":{"@type":"PropertyValueSpecification","valueRequired":true,"valueName":"search_term_string"}}],"inLanguage":"es"},{"@type":"Organization","@id":"https:\/\/www.stefaniazani.it\/es\/#organization","name":"Stefania Zani Srl","url":"https:\/\/www.stefaniazani.it\/es\/","logo":{"@type":"ImageObject","inLanguage":"es","@id":"https:\/\/www.stefaniazani.it\/es\/#\/schema\/logo\/image\/","url":"https:\/\/www.stefaniazani.it\/wp-content\/uploads\/2024\/03\/stefania_zani_logo_start.png","contentUrl":"https:\/\/www.stefaniazani.it\/wp-content\/uploads\/2024\/03\/stefania_zani_logo_start.png","width":250,"height":50,"caption":"Stefania Zani Srl"},"image":{"@id":"https:\/\/www.stefaniazani.it\/es\/#\/schema\/logo\/image\/"},"sameAs":["https:\/\/www.facebook.com\/p\/Stefania-Zani-100087139977126\/","https:\/\/www.instagram.com\/stefania__zani\/"]}]}},"df_price":30,"df_sale_price":"","df_regular_price":30,"df_image_link":"https:\/\/www.stefaniazani.it\/wp-content\/uploads\/woocommerce-placeholder-300x300.png","_links":{"self":[{"href":"https:\/\/www.stefaniazani.it\/es\/wp-json\/wp\/v2\/product\/3714","targetHints":{"allow":["GET"]}}],"collection":[{"href":"https:\/\/www.stefaniazani.it\/es\/wp-json\/wp\/v2\/product"}],"about":[{"href":"https:\/\/www.stefaniazani.it\/es\/wp-json\/wp\/v2\/types\/product"}],"wp:featuredmedia":[{"embeddable":true,"href":"https:\/\/www.stefaniazani.it\/es\/wp-json\/"}],"wp:attachment":[{"href":"https:\/\/www.stefaniazani.it\/es\/wp-json\/wp\/v2\/media?parent=3714"}],"wp:term":[{"taxonomy":"product_brand","embeddable":true,"href":"https:\/\/www.stefaniazani.it\/es\/wp-json\/wp\/v2\/product_brand?post=3714"},{"taxonomy":"product_cat","embeddable":true,"href":"https:\/\/www.stefaniazani.it\/es\/wp-json\/wp\/v2\/product_cat?post=3714"},{"taxonomy":"product_tag","embeddable":true,"href":"https:\/\/www.stefaniazani.it\/es\/wp-json\/wp\/v2\/product_tag?post=3714"}],"curies":[{"name":"wp","href":"https:\/\/api.w.org\/{rel}","templated":true}]}}