{"id":3701,"date":"2024-05-28T12:44:40","date_gmt":"2024-05-28T11:44:40","guid":{"rendered":"https:\/\/stefaniazani.ilfondaco.it\/?post_type=product&#038;p=3701"},"modified":"2025-12-12T15:59:13","modified_gmt":"2025-12-12T14:59:13","slug":"il-femminile-e-il-maschile","status":"publish","type":"product","link":"https:\/\/www.stefaniazani.it\/es\/producto\/lo-femenino-y-lo-masculino\/","title":{"rendered":"LO FEMENINO Y LO MASCULINO"},"content":{"rendered":"<p>Lecci\u00f3n grabada &#8211; Lo femenino y lo masculino<br \/>\nCon la participaci\u00f3n de <strong><em>Zuleika Fusco<\/em><\/strong><\/p>\n<p>Todo empez\u00f3 con una inspiraci\u00f3n y el coraje de seguirla.<br \/>\nEstaba preparando las lecciones sobre lo Masculino y lo Femenino y estaba muy cansada.<br \/>\nEn ese momento en Instagram me etiquetaron en un post, junto con Zuleika Fusco.<\/p>\n<p>\u00a1Ah\u00ed la sincronicidad!<\/p>\n<p>Ten\u00eda un libro en la mano que ella me hab\u00eda recomendado&#8230; as\u00ed que me puse en contacto con ella para proponerle una colaboraci\u00f3n, pregunt\u00e1ndole si le gustar\u00eda ser invitada en mi clase.<br \/>\nAs\u00ed naci\u00f3 un encuentro maravilloso<\/p>\n<p>\u00bfQui\u00e9n es <em>Zuleika Fusco<\/em>?<br \/>\nZuleika Fusco es Consejera Relacional Supervisora, formadora experta en Comunicaci\u00f3n y resoluci\u00f3n pac\u00edfica de conflictos, y escritora.<br \/>\nDirige una escuela de counselling que trabaja la integraci\u00f3n de los aspectos masculinos y femeninos en la persona.<br \/>\nAutora de numerosos libros, entre ellos \u00abViaje a las energ\u00edas de lo femenino\u00bb, que figura entre los libros que siempre recomiendo.<\/p>\n<p><strong>El enlace y la contrase\u00f1a para acceder a la grabaci\u00f3n de la lecci\u00f3n se encuentran en el archivo pdf que llega con el correo electr\u00f3nico de confirmaci\u00f3n autom\u00e1tica del pedido.<\/strong><\/p>\n","protected":false},"excerpt":{"rendered":"<p>Lecci\u00f3n grabada &#8211; Lo femenino y lo masculino<br \/>\nCon la participaci\u00f3n de <strong><em>Zuleika Fusco<\/em><\/strong><\/p>\n<p>Todo empez\u00f3 con una inspiraci\u00f3n y el coraje de seguirla.<br \/>\nEstaba preparando las lecciones sobre lo Masculino y lo Femenino y estaba muy cansada.<br \/>\nEn ese momento en Instagram me etiquetaron en un post, junto con Zuleika Fusco.<\/p>\n<p>\u00a1Ah\u00ed la sincronicidad!<\/p>\n<p>Ten\u00eda un libro en la mano que ella me hab\u00eda recomendado&#8230; as\u00ed que me puse en contacto con ella para proponerle una colaboraci\u00f3n, pregunt\u00e1ndole si le gustar\u00eda ser invitada en mi clase.<br \/>\nAs\u00ed naci\u00f3 un hermoso encuentro<\/p>\n<p><strong>Encontrar\u00e1s el enlace y la contrase\u00f1a para acceder a la grabaci\u00f3n de la lecci\u00f3n en el archivo pdf que llega con el correo electr\u00f3nico de confirmaci\u00f3n autom\u00e1tica del pedido.<\/strong><\/p>\n","protected":false},"featured_media":15691,"template":"","meta":[],"product_brand":[],"product_cat":[27],"product_tag":[],"class_list":{"0":"post-3701","1":"product","2":"type-product","3":"status-publish","4":"has-post-thumbnail","6":"product_cat-lezioni","8":"first","9":"instock","10":"downloadable","11":"virtual","12":"taxable","13":"purchasable","14":"product-type-simple"},"yoast_head":"<!-- This site is optimized with the Yoast SEO plugin v27.5 - https:\/\/yoast.com\/product\/yoast-seo-wordpress\/ -->\n<title>LO FEMENINO Y LO MASCULINO<\/title>\n<meta name=\"description\" content=\"Lecci\u00f3n grabada - Lo femenino y lo masculino Con la participaci\u00f3n de Zuleika Fusco  Todo empez\u00f3 con una inspiraci\u00f3n y el coraje de seguirla. Estaba preparando las lecciones sobre lo Masculino y lo Femenino y estaba muy cansada. En ese momento en Instagram me etiquetaron en un post, junto con Zuleika Fusco. \u00a1Ah\u00ed la sincronicidad! Ten\u00eda un libro en la mano que ella me hab\u00eda recomendado... as\u00ed que me puse en contacto con ella para proponerle una colaboraci\u00f3n, pregunt\u00e1ndole si le gustar\u00eda ser invitada en mi clase. As\u00ed naci\u00f3 un hermoso encuentro  Encontrar\u00e1s el enlace y la contrase\u00f1a para acceder a la grabaci\u00f3n de la lecci\u00f3n en el archivo pdf que llega con el correo electr\u00f3nico de confirmaci\u00f3n autom\u00e1tica del pedido.\" \/>\n<meta name=\"robots\" content=\"index, follow, max-snippet:-1, max-image-preview:large, max-video-preview:-1\" \/>\n<link rel=\"canonical\" href=\"http:\/\/Lecci\u00f3n%20grabada%20-%20Lo%20femenino%20y%20lo%20masculino%20Con%20la%20participaci\u00f3n%20de%20Zuleika%20Fusco%20%20Todo%20empez\u00f3%20con%20una%20inspiraci\u00f3n%20y%20el%20coraje%20de%20seguirla.%20Estaba%20preparando%20las%20lecciones%20sobre%20lo%20Masculino%20y%20lo%20Femenino%20y%20estaba%20muy%20cansada.%20En%20ese%20momento%20en%20Instagram%20me%20etiquetaron%20en%20un%20post,%20junto%20con%20Zuleika%20Fusco.%20\u00a1Ah\u00ed%20la%20sincronicidad!%20Ten\u00eda%20un%20libro%20en%20la%20mano%20que%20ella%20me%20hab\u00eda%20recomendado...%20as\u00ed%20que%20me%20puse%20en%20contacto%20con%20ella%20para%20proponerle%20una%20colaboraci\u00f3n,%20pregunt\u00e1ndole%20si%20le%20gustar\u00eda%20ser%20invitada%20en%20mi%20clase.%20As\u00ed%20naci\u00f3%20un%20hermoso%20encuentro%20%20Encontrar\u00e1s%20el%20enlace%20y%20la%20contrase\u00f1a%20para%20acceder%20a%20la%20grabaci\u00f3n%20de%20la%20lecci\u00f3n%20en%20el%20archivo%20pdf%20que%20llega%20con%20el%20correo%20electr\u00f3nico%20de%20confirmaci\u00f3n%20autom\u00e1tica%20del%20pedido.\" \/>\n<meta property=\"og:locale\" content=\"es_ES\" \/>\n<meta property=\"og:type\" content=\"article\" \/>\n<meta property=\"og:title\" content=\"LO FEMENINO Y LO MASCULINO\" \/>\n<meta property=\"og:description\" content=\"Lecci\u00f3n grabada - Lo femenino y lo masculino Con la participaci\u00f3n de Zuleika Fusco  Todo empez\u00f3 con una inspiraci\u00f3n y el coraje de seguirla. Estaba preparando las lecciones sobre lo Masculino y lo Femenino y estaba muy cansada. En ese momento en Instagram me etiquetaron en un post, junto con Zuleika Fusco. \u00a1Ah\u00ed la sincronicidad! Ten\u00eda un libro en la mano que ella me hab\u00eda recomendado... as\u00ed que me puse en contacto con ella para proponerle una colaboraci\u00f3n, pregunt\u00e1ndole si le gustar\u00eda ser invitada en mi clase. As\u00ed naci\u00f3 un hermoso encuentro  Encontrar\u00e1s el enlace y la contrase\u00f1a para acceder a la grabaci\u00f3n de la lecci\u00f3n en el archivo pdf que llega con el correo electr\u00f3nico de confirmaci\u00f3n autom\u00e1tica del pedido.\" \/>\n<meta property=\"og:url\" content=\"https:\/\/www.stefaniazani.it\/es\/producto\/lo-femenino-y-lo-masculino\/\" \/>\n<meta property=\"og:site_name\" content=\"Stefania Zani\" \/>\n<meta property=\"article:publisher\" content=\"https:\/\/www.facebook.com\/p\/Stefania-Zani-100087139977126\/\" \/>\n<meta property=\"article:modified_time\" content=\"2025-12-12T14:59:13+00:00\" \/>\n<meta property=\"og:image\" content=\"https:\/\/www.stefaniazani.it\/wp-content\/uploads\/2024\/12\/34.png\" \/>\n\t<meta property=\"og:image:width\" content=\"1080\" \/>\n\t<meta property=\"og:image:height\" content=\"1080\" \/>\n\t<meta property=\"og:image:type\" content=\"image\/png\" \/>\n<meta name=\"twitter:card\" content=\"summary_large_image\" \/>\n<meta name=\"twitter:label1\" content=\"Tiempo de lectura\" \/>\n\t<meta name=\"twitter:data1\" content=\"2 minutos\" \/>\n<script type=\"application\/ld+json\" class=\"yoast-schema-graph\">{\"@context\":\"https:\\\/\\\/schema.org\",\"@graph\":[{\"@type\":\"WebPage\",\"@id\":\"https:\\\/\\\/www.stefaniazani.it\\\/es\\\/producto\\\/lo-femenino-y-lo-masculino\\\/\",\"url\":\"https:\\\/\\\/www.stefaniazani.it\\\/es\\\/producto\\\/lo-femenino-y-lo-masculino\\\/\",\"name\":\"IL FEMMINILE E IL MASCHILE - Stefania Zani\",\"isPartOf\":{\"@id\":\"https:\\\/\\\/www.stefaniazani.it\\\/#website\"},\"primaryImageOfPage\":{\"@id\":\"https:\\\/\\\/www.stefaniazani.it\\\/es\\\/producto\\\/lo-femenino-y-lo-masculino\\\/#primaryimage\"},\"image\":{\"@id\":\"https:\\\/\\\/www.stefaniazani.it\\\/es\\\/producto\\\/lo-femenino-y-lo-masculino\\\/#primaryimage\"},\"thumbnailUrl\":\"\",\"datePublished\":\"2024-05-28T11:44:40+00:00\",\"dateModified\":\"2025-12-12T14:59:13+00:00\",\"description\":\"Il Femminile e il Maschile: lezione registrata con Zuleika Fusco e Stefania Zani. Clicca qui per saperne di pi\u00f9\",\"breadcrumb\":{\"@id\":\"https:\\\/\\\/www.stefaniazani.it\\\/es\\\/producto\\\/lo-femenino-y-lo-masculino\\\/#breadcrumb\"},\"inLanguage\":\"es\",\"potentialAction\":[{\"@type\":\"ReadAction\",\"target\":[\"https:\\\/\\\/www.stefaniazani.it\\\/es\\\/producto\\\/lo-femenino-y-lo-masculino\\\/\"]}]},{\"@type\":\"ImageObject\",\"inLanguage\":\"es\",\"@id\":\"https:\\\/\\\/www.stefaniazani.it\\\/es\\\/producto\\\/lo-femenino-y-lo-masculino\\\/#primaryimage\",\"url\":\"\",\"contentUrl\":\"\",\"width\":1080,\"height\":1080},{\"@type\":\"BreadcrumbList\",\"@id\":\"https:\\\/\\\/www.stefaniazani.it\\\/es\\\/producto\\\/lo-femenino-y-lo-masculino\\\/#breadcrumb\",\"itemListElement\":[{\"@type\":\"ListItem\",\"position\":1,\"name\":\"Home\",\"item\":\"https:\\\/\\\/www.stefaniazani.it\\\/\"},{\"@type\":\"ListItem\",\"position\":2,\"name\":\"Shop\",\"item\":\"https:\\\/\\\/www.stefaniazani.it\\\/negozio\\\/\"},{\"@type\":\"ListItem\",\"position\":3,\"name\":\"LO FEMENINO Y LO MASCULINO\"}]},{\"@type\":\"WebSite\",\"@id\":\"https:\\\/\\\/www.stefaniazani.it\\\/es\\\/#website\",\"url\":\"https:\\\/\\\/www.stefaniazani.it\\\/es\\\/\",\"name\":\"Stefania Zani\",\"description\":\"\",\"publisher\":{\"@id\":\"https:\\\/\\\/www.stefaniazani.it\\\/es\\\/#organization\"},\"potentialAction\":[{\"@type\":\"SearchAction\",\"target\":{\"@type\":\"EntryPoint\",\"urlTemplate\":\"https:\\\/\\\/www.stefaniazani.it\\\/es\\\/?s={search_term_string}\"},\"query-input\":{\"@type\":\"PropertyValueSpecification\",\"valueRequired\":true,\"valueName\":\"search_term_string\"}}],\"inLanguage\":\"es\"},{\"@type\":\"Organization\",\"@id\":\"https:\\\/\\\/www.stefaniazani.it\\\/es\\\/#organization\",\"name\":\"Stefania Zani Srl\",\"url\":\"https:\\\/\\\/www.stefaniazani.it\\\/es\\\/\",\"logo\":{\"@type\":\"ImageObject\",\"inLanguage\":\"es\",\"@id\":\"https:\\\/\\\/www.stefaniazani.it\\\/es\\\/#\\\/schema\\\/logo\\\/image\\\/\",\"url\":\"https:\\\/\\\/www.stefaniazani.it\\\/wp-content\\\/uploads\\\/2024\\\/03\\\/stefania_zani_logo_start.png\",\"contentUrl\":\"https:\\\/\\\/www.stefaniazani.it\\\/wp-content\\\/uploads\\\/2024\\\/03\\\/stefania_zani_logo_start.png\",\"width\":250,\"height\":50,\"caption\":\"Stefania Zani Srl\"},\"image\":{\"@id\":\"https:\\\/\\\/www.stefaniazani.it\\\/es\\\/#\\\/schema\\\/logo\\\/image\\\/\"},\"sameAs\":[\"https:\\\/\\\/www.facebook.com\\\/p\\\/Stefania-Zani-100087139977126\\\/\",\"https:\\\/\\\/www.instagram.com\\\/stefania__zani\\\/\"]}]}<\/script>\n<!-- \/ Yoast SEO plugin. -->","yoast_head_json":{"title":"LO FEMENINO Y LO MASCULINO","description":"Lecci\u00f3n grabada - Lo femenino y lo masculino Con la participaci\u00f3n de Zuleika Fusco  Todo empez\u00f3 con una inspiraci\u00f3n y el coraje de seguirla. Estaba preparando las lecciones sobre lo Masculino y lo Femenino y estaba muy cansada. En ese momento en Instagram me etiquetaron en un post, junto con Zuleika Fusco. \u00a1Ah\u00ed la sincronicidad! Ten\u00eda un libro en la mano que ella me hab\u00eda recomendado... as\u00ed que me puse en contacto con ella para proponerle una colaboraci\u00f3n, pregunt\u00e1ndole si le gustar\u00eda ser invitada en mi clase. As\u00ed naci\u00f3 un hermoso encuentro  Encontrar\u00e1s el enlace y la contrase\u00f1a para acceder a la grabaci\u00f3n de la lecci\u00f3n en el archivo pdf que llega con el correo electr\u00f3nico de confirmaci\u00f3n autom\u00e1tica del pedido.","robots":{"index":"index","follow":"follow","max-snippet":"max-snippet:-1","max-image-preview":"max-image-preview:large","max-video-preview":"max-video-preview:-1"},"canonical":"Lecci\u00f3n grabada - Lo femenino y lo masculino Con la participaci\u00f3n de Zuleika Fusco  Todo empez\u00f3 con una inspiraci\u00f3n y el coraje de seguirla. Estaba preparando las lecciones sobre lo Masculino y lo Femenino y estaba muy cansada. En ese momento en Instagram me etiquetaron en un post, junto con Zuleika Fusco. \u00a1Ah\u00ed la sincronicidad! Ten\u00eda un libro en la mano que ella me hab\u00eda recomendado... as\u00ed que me puse en contacto con ella para proponerle una colaboraci\u00f3n, pregunt\u00e1ndole si le gustar\u00eda ser invitada en mi clase. As\u00ed naci\u00f3 un hermoso encuentro  Encontrar\u00e1s el enlace y la contrase\u00f1a para acceder a la grabaci\u00f3n de la lecci\u00f3n en el archivo pdf que llega con el correo electr\u00f3nico de confirmaci\u00f3n autom\u00e1tica del pedido.","og_locale":"es_ES","og_type":"article","og_title":"LO FEMENINO Y LO MASCULINO","og_description":"Lecci\u00f3n grabada - Lo femenino y lo masculino Con la participaci\u00f3n de Zuleika Fusco  Todo empez\u00f3 con una inspiraci\u00f3n y el coraje de seguirla. Estaba preparando las lecciones sobre lo Masculino y lo Femenino y estaba muy cansada. En ese momento en Instagram me etiquetaron en un post, junto con Zuleika Fusco. \u00a1Ah\u00ed la sincronicidad! Ten\u00eda un libro en la mano que ella me hab\u00eda recomendado... as\u00ed que me puse en contacto con ella para proponerle una colaboraci\u00f3n, pregunt\u00e1ndole si le gustar\u00eda ser invitada en mi clase. As\u00ed naci\u00f3 un hermoso encuentro  Encontrar\u00e1s el enlace y la contrase\u00f1a para acceder a la grabaci\u00f3n de la lecci\u00f3n en el archivo pdf que llega con el correo electr\u00f3nico de confirmaci\u00f3n autom\u00e1tica del pedido.","og_url":"https:\/\/www.stefaniazani.it\/es\/producto\/lo-femenino-y-lo-masculino\/","og_site_name":"Stefania Zani","article_publisher":"https:\/\/www.facebook.com\/p\/Stefania-Zani-100087139977126\/","article_modified_time":"2025-12-12T14:59:13+00:00","og_image":[{"width":1080,"height":1080,"url":"https:\/\/www.stefaniazani.it\/wp-content\/uploads\/2024\/12\/34.png","type":"image\/png"}],"twitter_card":"summary_large_image","twitter_misc":{"Tiempo de lectura":"2 minutos"},"schema":{"@context":"https:\/\/schema.org","@graph":[{"@type":"WebPage","@id":"https:\/\/www.stefaniazani.it\/es\/producto\/lo-femenino-y-lo-masculino\/","url":"https:\/\/www.stefaniazani.it\/es\/producto\/lo-femenino-y-lo-masculino\/","name":"IL FEMMINILE E IL MASCHILE - Stefania Zani","isPartOf":{"@id":"https:\/\/www.stefaniazani.it\/#website"},"primaryImageOfPage":{"@id":"https:\/\/www.stefaniazani.it\/es\/producto\/lo-femenino-y-lo-masculino\/#primaryimage"},"image":{"@id":"https:\/\/www.stefaniazani.it\/es\/producto\/lo-femenino-y-lo-masculino\/#primaryimage"},"thumbnailUrl":"","datePublished":"2024-05-28T11:44:40+00:00","dateModified":"2025-12-12T14:59:13+00:00","description":"Il Femminile e il Maschile: lezione registrata con Zuleika Fusco e Stefania Zani. Clicca qui per saperne di pi\u00f9","breadcrumb":{"@id":"https:\/\/www.stefaniazani.it\/es\/producto\/lo-femenino-y-lo-masculino\/#breadcrumb"},"inLanguage":"es","potentialAction":[{"@type":"ReadAction","target":["https:\/\/www.stefaniazani.it\/es\/producto\/lo-femenino-y-lo-masculino\/"]}]},{"@type":"ImageObject","inLanguage":"es","@id":"https:\/\/www.stefaniazani.it\/es\/producto\/lo-femenino-y-lo-masculino\/#primaryimage","url":"","contentUrl":"","width":1080,"height":1080},{"@type":"BreadcrumbList","@id":"https:\/\/www.stefaniazani.it\/es\/producto\/lo-femenino-y-lo-masculino\/#breadcrumb","itemListElement":[{"@type":"ListItem","position":1,"name":"Home","item":"https:\/\/www.stefaniazani.it\/"},{"@type":"ListItem","position":2,"name":"Shop","item":"https:\/\/www.stefaniazani.it\/negozio\/"},{"@type":"ListItem","position":3,"name":"LO FEMENINO Y LO MASCULINO"}]},{"@type":"WebSite","@id":"https:\/\/www.stefaniazani.it\/es\/#website","url":"https:\/\/www.stefaniazani.it\/es\/","name":"Stefania Zani","description":"","publisher":{"@id":"https:\/\/www.stefaniazani.it\/es\/#organization"},"potentialAction":[{"@type":"SearchAction","target":{"@type":"EntryPoint","urlTemplate":"https:\/\/www.stefaniazani.it\/es\/?s={search_term_string}"},"query-input":{"@type":"PropertyValueSpecification","valueRequired":true,"valueName":"search_term_string"}}],"inLanguage":"es"},{"@type":"Organization","@id":"https:\/\/www.stefaniazani.it\/es\/#organization","name":"Stefania Zani Srl","url":"https:\/\/www.stefaniazani.it\/es\/","logo":{"@type":"ImageObject","inLanguage":"es","@id":"https:\/\/www.stefaniazani.it\/es\/#\/schema\/logo\/image\/","url":"https:\/\/www.stefaniazani.it\/wp-content\/uploads\/2024\/03\/stefania_zani_logo_start.png","contentUrl":"https:\/\/www.stefaniazani.it\/wp-content\/uploads\/2024\/03\/stefania_zani_logo_start.png","width":250,"height":50,"caption":"Stefania Zani Srl"},"image":{"@id":"https:\/\/www.stefaniazani.it\/es\/#\/schema\/logo\/image\/"},"sameAs":["https:\/\/www.facebook.com\/p\/Stefania-Zani-100087139977126\/","https:\/\/www.instagram.com\/stefania__zani\/"]}]}},"df_price":35,"df_sale_price":"","df_regular_price":35,"df_image_link":"https:\/\/www.stefaniazani.it\/wp-content\/uploads\/woocommerce-placeholder-300x300.png","_links":{"self":[{"href":"https:\/\/www.stefaniazani.it\/es\/wp-json\/wp\/v2\/product\/3701","targetHints":{"allow":["GET"]}}],"collection":[{"href":"https:\/\/www.stefaniazani.it\/es\/wp-json\/wp\/v2\/product"}],"about":[{"href":"https:\/\/www.stefaniazani.it\/es\/wp-json\/wp\/v2\/types\/product"}],"wp:featuredmedia":[{"embeddable":true,"href":"https:\/\/www.stefaniazani.it\/es\/wp-json\/"}],"wp:attachment":[{"href":"https:\/\/www.stefaniazani.it\/es\/wp-json\/wp\/v2\/media?parent=3701"}],"wp:term":[{"taxonomy":"product_brand","embeddable":true,"href":"https:\/\/www.stefaniazani.it\/es\/wp-json\/wp\/v2\/product_brand?post=3701"},{"taxonomy":"product_cat","embeddable":true,"href":"https:\/\/www.stefaniazani.it\/es\/wp-json\/wp\/v2\/product_cat?post=3701"},{"taxonomy":"product_tag","embeddable":true,"href":"https:\/\/www.stefaniazani.it\/es\/wp-json\/wp\/v2\/product_tag?post=3701"}],"curies":[{"name":"wp","href":"https:\/\/api.w.org\/{rel}","templated":true}]}}