{"id":3695,"date":"2024-05-28T12:42:02","date_gmt":"2024-05-28T11:42:02","guid":{"rendered":"https:\/\/stefaniazani.ilfondaco.it\/?post_type=product&#038;p=3695"},"modified":"2025-12-26T02:08:42","modified_gmt":"2025-12-26T01:08:42","slug":"la-coppia","status":"publish","type":"product","link":"https:\/\/www.stefaniazani.it\/es\/producto\/la-pareja\/","title":{"rendered":"LA PAREJA"},"content":{"rendered":"<p>Lecci\u00f3n grabada &#8211; La pareja<br \/>\nLo esencial que hay que saber<\/p>\n<p><strong>El enlace y la contrase\u00f1a para acceder a la lecci\u00f3n grabada se encuentran en el archivo pdf que llega con el correo electr\u00f3nico de confirmaci\u00f3n autom\u00e1tica del pedido.<\/strong><\/p>\n","protected":false},"excerpt":{"rendered":"<p data-start=\\\"59\\\" data-end=\\\"137\\\"><span style=\\\"color: #333333;\\\"><strong data-start=\\\"59\\\" data-end=\\\"137\\\">Este producto forma parte del proyecto solidario <a style=\\\"color: #333333;\\\" href=\\\"https:\/\/www.accademiaessenziale.it\/le-essenziali-con-pangea\\\" target=\\\"_blank\\\" rel=\\\"noopener\\\"><em data-start=\\\"108\\\" data-end=\\\"134\\\"><span style=\\\"color: #e2007b;\\\">de Le Essenziali con Pangea.<\/span><\/em><\/a><\/strong><\/span><\/p>\n<p data-start=\\\"139\\\" data-end=\\\"266\\\"><span style=\\\"color: #333333;\\\"> <strong data-start=\\\"142\\\" data-end=\\\"162\\\">El 10% de los beneficios<\/strong> se donar\u00e1 para apoyar a <strong>las mujeres necesitadas<\/strong> y a <strong data-start=\\\"210\\\" data-end=\\\"250\\\">las ni\u00f1as sordas de las escuelas de Pangea en<\/strong> Afganist\u00e1n.<\/span><\/p>\n<p data-start=\\\"268\\\" data-end=\\\"519\\\"><span style=\\\"color: #333333;\\\"><\/p>\n<p>Lecci\u00f3n grabada &#8211; La pareja<\/p>\n<p>Lo esencial para conocer<\/p>\n<p>El l\u00edmite para investigar una relaci\u00f3n de pareja con Le Essentials es sutil, porque el respeto del espacio interior del otro es sagrado.<br \/>\nPero como el otro es la proyecci\u00f3n de las partes interiores, una investigaci\u00f3n profunda y aut\u00e9ntica de la din\u00e1mica amorosa puede permitirnos comprendernos a nosotros mismos.<\/p>\n<p>Los encuentros k\u00e1rmicos se convierten as\u00ed en caminos evolutivos, y poder investigar sus significados m\u00e1s profundos es una preciosa oportunidad de crecimiento.<br \/>\nEn este 2024, los nudos k\u00e1rmicos colectivos nos exigen la verdad en la relaci\u00f3n de pareja, ya no ser\u00e1 posible fingir y no ser aut\u00e9ntico.<br \/>\nPero&#8230; \u00bfQu\u00e9 puedo preguntar a las cartas? \u00bfC\u00f3mo puedo preguntarles?<\/p>\n<p>En este nuevo curso, pretendo acompa\u00f1arte en la escucha de las heridas, los abandonos, las exclusiones y los significados que conllevan.<\/p>\n<p><strong>El enlace y la contrase\u00f1a para acceder a la grabaci\u00f3n de la lecci\u00f3n se encuentran dentro del archivo pdf que llega con el email de confirmaci\u00f3n autom\u00e1tica del pedido.<\/strong>                          <\/span><\/p>\n","protected":false},"featured_media":15701,"template":"","meta":[],"product_brand":[],"product_cat":[46],"product_tag":[],"class_list":{"0":"post-3695","1":"product","2":"type-product","3":"status-publish","4":"has-post-thumbnail","6":"product_cat-video-corsi","8":"first","9":"instock","10":"downloadable","11":"virtual","12":"taxable","13":"purchasable","14":"product-type-simple"},"yoast_head":"<!-- This site is optimized with the Yoast SEO plugin v27.4 - https:\/\/yoast.com\/product\/yoast-seo-wordpress\/ -->\n<title>LA PAREJA<\/title>\n<meta name=\"description\" content=\"Este producto forma parte del proyecto solidario de Le Essenziali con Pangea.  El 10% de los beneficios se donar\u00e1 para apoyar a las mujeres necesitadas y a las ni\u00f1as sordas de las escuelas de Pangea en Afganist\u00e1n.   Lecci\u00f3n grabada - La parejaLo esencial para conocerEl l\u00edmite para investigar una relaci\u00f3n de pareja con Le Essentials es sutil, porque el respeto del espacio interior del otro es sagrado. Pero como el otro es la proyecci\u00f3n de las partes interiores, una investigaci\u00f3n profunda y aut\u00e9ntica de la din\u00e1mica amorosa puede permitirnos comprendernos a nosotros mismos.  Los encuentros k\u00e1rmicos se convierten as\u00ed en caminos evolutivos, y poder investigar sus significados m\u00e1s profundos es una preciosa oportunidad de crecimiento. En este 2024, los nudos k\u00e1rmicos colectivos nos exigen la verdad en la relaci\u00f3n de pareja, ya no ser\u00e1 posible fingir y no ser aut\u00e9ntico. Pero... \u00bfQu\u00e9 puedo preguntar a las cartas? \u00bfC\u00f3mo puedo preguntarles?  En este nuevo curso, pretendo acompa\u00f1arte en la escucha de las heridas, los abandonos, las exclusiones y los significados que conllevan.  El enlace y la contrase\u00f1a para acceder a la grabaci\u00f3n de la lecci\u00f3n se encuentran dentro del archivo pdf que llega con el email de confirmaci\u00f3n autom\u00e1tica del pedido.\" \/>\n<meta name=\"robots\" content=\"index, follow, max-snippet:-1, max-image-preview:large, max-video-preview:-1\" \/>\n<link rel=\"canonical\" href=\"http:\/\/Este%20producto%20forma%20parte%20del%20proyecto%20solidario%20de%20Le%20Essenziali%20con%20Pangea.%20%20El%2010%%20de%20los%20beneficios%20se%20donar\u00e1%20para%20apoyar%20a%20las%20mujeres%20necesitadas%20y%20a%20las%20ni\u00f1as%20sordas%20de%20las%20escuelas%20de%20Pangea%20en%20Afganist\u00e1n.%20%20%20Lecci\u00f3n%20grabada%20-%20La%20parejaLo%20esencial%20para%20conocerEl%20l\u00edmite%20para%20investigar%20una%20relaci\u00f3n%20de%20pareja%20con%20Le%20Essentials%20es%20sutil,%20porque%20el%20respeto%20del%20espacio%20interior%20del%20otro%20es%20sagrado.%20Pero%20como%20el%20otro%20es%20la%20proyecci\u00f3n%20de%20las%20partes%20interiores,%20una%20investigaci\u00f3n%20profunda%20y%20aut\u00e9ntica%20de%20la%20din\u00e1mica%20amorosa%20puede%20permitirnos%20comprendernos%20a%20nosotros%20mismos.%20%20Los%20encuentros%20k\u00e1rmicos%20se%20convierten%20as\u00ed%20en%20caminos%20evolutivos,%20y%20poder%20investigar%20sus%20significados%20m\u00e1s%20profundos%20es%20una%20preciosa%20oportunidad%20de%20crecimiento.%20En%20este%202024,%20los%20nudos%20k\u00e1rmicos%20colectivos%20nos%20exigen%20la%20verdad%20en%20la%20relaci\u00f3n%20de%20pareja,%20ya%20no%20ser\u00e1%20posible%20fingir%20y%20no%20ser%20aut\u00e9ntico.%20Pero...%20\u00bfQu\u00e9%20puedo%20preguntar%20a%20las%20cartas?%20\u00bfC\u00f3mo%20puedo%20preguntarles?%20%20En%20este%20nuevo%20curso,%20pretendo%20acompa\u00f1arte%20en%20la%20escucha%20de%20las%20heridas,%20los%20abandonos,%20las%20exclusiones%20y%20los%20significados%20que%20conllevan.%20%20El%20enlace%20y%20la%20contrase\u00f1a%20para%20acceder%20a%20la%20grabaci\u00f3n%20de%20la%20lecci\u00f3n%20se%20encuentran%20dentro%20del%20archivo%20pdf%20que%20llega%20con%20el%20email%20de%20confirmaci\u00f3n%20autom\u00e1tica%20del%20pedido.\" \/>\n<meta property=\"og:locale\" content=\"es_ES\" \/>\n<meta property=\"og:type\" content=\"article\" \/>\n<meta property=\"og:title\" content=\"LA PAREJA\" \/>\n<meta property=\"og:description\" content=\"Este producto forma parte del proyecto solidario de Le Essenziali con Pangea.  El 10% de los beneficios se donar\u00e1 para apoyar a las mujeres necesitadas y a las ni\u00f1as sordas de las escuelas de Pangea en Afganist\u00e1n.   Lecci\u00f3n grabada - La parejaLo esencial para conocerEl l\u00edmite para investigar una relaci\u00f3n de pareja con Le Essentials es sutil, porque el respeto del espacio interior del otro es sagrado. Pero como el otro es la proyecci\u00f3n de las partes interiores, una investigaci\u00f3n profunda y aut\u00e9ntica de la din\u00e1mica amorosa puede permitirnos comprendernos a nosotros mismos.  Los encuentros k\u00e1rmicos se convierten as\u00ed en caminos evolutivos, y poder investigar sus significados m\u00e1s profundos es una preciosa oportunidad de crecimiento. En este 2024, los nudos k\u00e1rmicos colectivos nos exigen la verdad en la relaci\u00f3n de pareja, ya no ser\u00e1 posible fingir y no ser aut\u00e9ntico. Pero... \u00bfQu\u00e9 puedo preguntar a las cartas? \u00bfC\u00f3mo puedo preguntarles?  En este nuevo curso, pretendo acompa\u00f1arte en la escucha de las heridas, los abandonos, las exclusiones y los significados que conllevan.  El enlace y la contrase\u00f1a para acceder a la grabaci\u00f3n de la lecci\u00f3n se encuentran dentro del archivo pdf que llega con el email de confirmaci\u00f3n autom\u00e1tica del pedido.\" \/>\n<meta property=\"og:url\" content=\"https:\/\/www.stefaniazani.it\/es\/producto\/la-pareja\/\" \/>\n<meta property=\"og:site_name\" content=\"Stefania Zani\" \/>\n<meta property=\"article:publisher\" content=\"https:\/\/www.facebook.com\/p\/Stefania-Zani-100087139977126\/\" \/>\n<meta property=\"article:modified_time\" content=\"2025-12-26T01:08:42+00:00\" \/>\n<meta property=\"og:image\" content=\"https:\/\/www.stefaniazani.it\/wp-content\/uploads\/2024\/12\/La-Coppia.png\" \/>\n\t<meta property=\"og:image:width\" content=\"1080\" \/>\n\t<meta property=\"og:image:height\" content=\"1080\" \/>\n\t<meta property=\"og:image:type\" content=\"image\/png\" \/>\n<meta name=\"twitter:card\" content=\"summary_large_image\" \/>\n<meta name=\"twitter:label1\" content=\"Tiempo de lectura\" \/>\n\t<meta name=\"twitter:data1\" content=\"1 minuto\" \/>\n<script type=\"application\/ld+json\" class=\"yoast-schema-graph\">{\"@context\":\"https:\\\/\\\/schema.org\",\"@graph\":[{\"@type\":\"WebPage\",\"@id\":\"https:\\\/\\\/www.stefaniazani.it\\\/es\\\/producto\\\/la-pareja\\\/\",\"url\":\"https:\\\/\\\/www.stefaniazani.it\\\/es\\\/producto\\\/la-pareja\\\/\",\"name\":\"LA COPPIA - Stefania Zani\",\"isPartOf\":{\"@id\":\"https:\\\/\\\/www.stefaniazani.it\\\/#website\"},\"primaryImageOfPage\":{\"@id\":\"https:\\\/\\\/www.stefaniazani.it\\\/es\\\/producto\\\/la-pareja\\\/#primaryimage\"},\"image\":{\"@id\":\"https:\\\/\\\/www.stefaniazani.it\\\/es\\\/producto\\\/la-pareja\\\/#primaryimage\"},\"thumbnailUrl\":\"\",\"datePublished\":\"2024-05-28T11:42:02+00:00\",\"dateModified\":\"2025-12-26T01:08:42+00:00\",\"description\":\"Corso per esplorare La Coppia con Le Essenziali. Perch\u00e9 un indagine profonda e autentica delle dinamiche amorose pu\u00f2 permetterci di comprendere noi stessi.\",\"breadcrumb\":{\"@id\":\"https:\\\/\\\/www.stefaniazani.it\\\/es\\\/producto\\\/la-pareja\\\/#breadcrumb\"},\"inLanguage\":\"es\",\"potentialAction\":[{\"@type\":\"ReadAction\",\"target\":[\"https:\\\/\\\/www.stefaniazani.it\\\/es\\\/producto\\\/la-pareja\\\/\"]}]},{\"@type\":\"ImageObject\",\"inLanguage\":\"es\",\"@id\":\"https:\\\/\\\/www.stefaniazani.it\\\/es\\\/producto\\\/la-pareja\\\/#primaryimage\",\"url\":\"\",\"contentUrl\":\"\",\"width\":1080,\"height\":1080},{\"@type\":\"BreadcrumbList\",\"@id\":\"https:\\\/\\\/www.stefaniazani.it\\\/es\\\/producto\\\/la-pareja\\\/#breadcrumb\",\"itemListElement\":[{\"@type\":\"ListItem\",\"position\":1,\"name\":\"Home\",\"item\":\"https:\\\/\\\/www.stefaniazani.it\\\/\"},{\"@type\":\"ListItem\",\"position\":2,\"name\":\"Shop\",\"item\":\"https:\\\/\\\/www.stefaniazani.it\\\/negozio\\\/\"},{\"@type\":\"ListItem\",\"position\":3,\"name\":\"LA PAREJA\"}]},{\"@type\":\"WebSite\",\"@id\":\"https:\\\/\\\/www.stefaniazani.it\\\/es\\\/#website\",\"url\":\"https:\\\/\\\/www.stefaniazani.it\\\/es\\\/\",\"name\":\"Stefania Zani\",\"description\":\"\",\"publisher\":{\"@id\":\"https:\\\/\\\/www.stefaniazani.it\\\/es\\\/#organization\"},\"potentialAction\":[{\"@type\":\"SearchAction\",\"target\":{\"@type\":\"EntryPoint\",\"urlTemplate\":\"https:\\\/\\\/www.stefaniazani.it\\\/es\\\/?s={search_term_string}\"},\"query-input\":{\"@type\":\"PropertyValueSpecification\",\"valueRequired\":true,\"valueName\":\"search_term_string\"}}],\"inLanguage\":\"es\"},{\"@type\":\"Organization\",\"@id\":\"https:\\\/\\\/www.stefaniazani.it\\\/es\\\/#organization\",\"name\":\"Stefania Zani Srl\",\"url\":\"https:\\\/\\\/www.stefaniazani.it\\\/es\\\/\",\"logo\":{\"@type\":\"ImageObject\",\"inLanguage\":\"es\",\"@id\":\"https:\\\/\\\/www.stefaniazani.it\\\/es\\\/#\\\/schema\\\/logo\\\/image\\\/\",\"url\":\"https:\\\/\\\/www.stefaniazani.it\\\/wp-content\\\/uploads\\\/2024\\\/03\\\/stefania_zani_logo_start.png\",\"contentUrl\":\"https:\\\/\\\/www.stefaniazani.it\\\/wp-content\\\/uploads\\\/2024\\\/03\\\/stefania_zani_logo_start.png\",\"width\":250,\"height\":50,\"caption\":\"Stefania Zani Srl\"},\"image\":{\"@id\":\"https:\\\/\\\/www.stefaniazani.it\\\/es\\\/#\\\/schema\\\/logo\\\/image\\\/\"},\"sameAs\":[\"https:\\\/\\\/www.facebook.com\\\/p\\\/Stefania-Zani-100087139977126\\\/\",\"https:\\\/\\\/www.instagram.com\\\/stefania__zani\\\/\"]}]}<\/script>\n<!-- \/ Yoast SEO plugin. -->","yoast_head_json":{"title":"LA PAREJA","description":"Este producto forma parte del proyecto solidario de Le Essenziali con Pangea.  El 10% de los beneficios se donar\u00e1 para apoyar a las mujeres necesitadas y a las ni\u00f1as sordas de las escuelas de Pangea en Afganist\u00e1n.   Lecci\u00f3n grabada - La parejaLo esencial para conocerEl l\u00edmite para investigar una relaci\u00f3n de pareja con Le Essentials es sutil, porque el respeto del espacio interior del otro es sagrado. Pero como el otro es la proyecci\u00f3n de las partes interiores, una investigaci\u00f3n profunda y aut\u00e9ntica de la din\u00e1mica amorosa puede permitirnos comprendernos a nosotros mismos.  Los encuentros k\u00e1rmicos se convierten as\u00ed en caminos evolutivos, y poder investigar sus significados m\u00e1s profundos es una preciosa oportunidad de crecimiento. En este 2024, los nudos k\u00e1rmicos colectivos nos exigen la verdad en la relaci\u00f3n de pareja, ya no ser\u00e1 posible fingir y no ser aut\u00e9ntico. Pero... \u00bfQu\u00e9 puedo preguntar a las cartas? \u00bfC\u00f3mo puedo preguntarles?  En este nuevo curso, pretendo acompa\u00f1arte en la escucha de las heridas, los abandonos, las exclusiones y los significados que conllevan.  El enlace y la contrase\u00f1a para acceder a la grabaci\u00f3n de la lecci\u00f3n se encuentran dentro del archivo pdf que llega con el email de confirmaci\u00f3n autom\u00e1tica del pedido.","robots":{"index":"index","follow":"follow","max-snippet":"max-snippet:-1","max-image-preview":"max-image-preview:large","max-video-preview":"max-video-preview:-1"},"canonical":"Este producto forma parte del proyecto solidario de Le Essenziali con Pangea.  El 10% de los beneficios se donar\u00e1 para apoyar a las mujeres necesitadas y a las ni\u00f1as sordas de las escuelas de Pangea en Afganist\u00e1n.   Lecci\u00f3n grabada - La parejaLo esencial para conocerEl l\u00edmite para investigar una relaci\u00f3n de pareja con Le Essentials es sutil, porque el respeto del espacio interior del otro es sagrado. Pero como el otro es la proyecci\u00f3n de las partes interiores, una investigaci\u00f3n profunda y aut\u00e9ntica de la din\u00e1mica amorosa puede permitirnos comprendernos a nosotros mismos.  Los encuentros k\u00e1rmicos se convierten as\u00ed en caminos evolutivos, y poder investigar sus significados m\u00e1s profundos es una preciosa oportunidad de crecimiento. En este 2024, los nudos k\u00e1rmicos colectivos nos exigen la verdad en la relaci\u00f3n de pareja, ya no ser\u00e1 posible fingir y no ser aut\u00e9ntico. Pero... \u00bfQu\u00e9 puedo preguntar a las cartas? \u00bfC\u00f3mo puedo preguntarles?  En este nuevo curso, pretendo acompa\u00f1arte en la escucha de las heridas, los abandonos, las exclusiones y los significados que conllevan.  El enlace y la contrase\u00f1a para acceder a la grabaci\u00f3n de la lecci\u00f3n se encuentran dentro del archivo pdf que llega con el email de confirmaci\u00f3n autom\u00e1tica del pedido.","og_locale":"es_ES","og_type":"article","og_title":"LA PAREJA","og_description":"Este producto forma parte del proyecto solidario de Le Essenziali con Pangea.  El 10% de los beneficios se donar\u00e1 para apoyar a las mujeres necesitadas y a las ni\u00f1as sordas de las escuelas de Pangea en Afganist\u00e1n.   Lecci\u00f3n grabada - La parejaLo esencial para conocerEl l\u00edmite para investigar una relaci\u00f3n de pareja con Le Essentials es sutil, porque el respeto del espacio interior del otro es sagrado. Pero como el otro es la proyecci\u00f3n de las partes interiores, una investigaci\u00f3n profunda y aut\u00e9ntica de la din\u00e1mica amorosa puede permitirnos comprendernos a nosotros mismos.  Los encuentros k\u00e1rmicos se convierten as\u00ed en caminos evolutivos, y poder investigar sus significados m\u00e1s profundos es una preciosa oportunidad de crecimiento. En este 2024, los nudos k\u00e1rmicos colectivos nos exigen la verdad en la relaci\u00f3n de pareja, ya no ser\u00e1 posible fingir y no ser aut\u00e9ntico. Pero... \u00bfQu\u00e9 puedo preguntar a las cartas? \u00bfC\u00f3mo puedo preguntarles?  En este nuevo curso, pretendo acompa\u00f1arte en la escucha de las heridas, los abandonos, las exclusiones y los significados que conllevan.  El enlace y la contrase\u00f1a para acceder a la grabaci\u00f3n de la lecci\u00f3n se encuentran dentro del archivo pdf que llega con el email de confirmaci\u00f3n autom\u00e1tica del pedido.","og_url":"https:\/\/www.stefaniazani.it\/es\/producto\/la-pareja\/","og_site_name":"Stefania Zani","article_publisher":"https:\/\/www.facebook.com\/p\/Stefania-Zani-100087139977126\/","article_modified_time":"2025-12-26T01:08:42+00:00","og_image":[{"width":1080,"height":1080,"url":"https:\/\/www.stefaniazani.it\/wp-content\/uploads\/2024\/12\/La-Coppia.png","type":"image\/png"}],"twitter_card":"summary_large_image","twitter_misc":{"Tiempo de lectura":"1 minuto"},"schema":{"@context":"https:\/\/schema.org","@graph":[{"@type":"WebPage","@id":"https:\/\/www.stefaniazani.it\/es\/producto\/la-pareja\/","url":"https:\/\/www.stefaniazani.it\/es\/producto\/la-pareja\/","name":"LA COPPIA - Stefania Zani","isPartOf":{"@id":"https:\/\/www.stefaniazani.it\/#website"},"primaryImageOfPage":{"@id":"https:\/\/www.stefaniazani.it\/es\/producto\/la-pareja\/#primaryimage"},"image":{"@id":"https:\/\/www.stefaniazani.it\/es\/producto\/la-pareja\/#primaryimage"},"thumbnailUrl":"","datePublished":"2024-05-28T11:42:02+00:00","dateModified":"2025-12-26T01:08:42+00:00","description":"Corso per esplorare La Coppia con Le Essenziali. Perch\u00e9 un indagine profonda e autentica delle dinamiche amorose pu\u00f2 permetterci di comprendere noi stessi.","breadcrumb":{"@id":"https:\/\/www.stefaniazani.it\/es\/producto\/la-pareja\/#breadcrumb"},"inLanguage":"es","potentialAction":[{"@type":"ReadAction","target":["https:\/\/www.stefaniazani.it\/es\/producto\/la-pareja\/"]}]},{"@type":"ImageObject","inLanguage":"es","@id":"https:\/\/www.stefaniazani.it\/es\/producto\/la-pareja\/#primaryimage","url":"","contentUrl":"","width":1080,"height":1080},{"@type":"BreadcrumbList","@id":"https:\/\/www.stefaniazani.it\/es\/producto\/la-pareja\/#breadcrumb","itemListElement":[{"@type":"ListItem","position":1,"name":"Home","item":"https:\/\/www.stefaniazani.it\/"},{"@type":"ListItem","position":2,"name":"Shop","item":"https:\/\/www.stefaniazani.it\/negozio\/"},{"@type":"ListItem","position":3,"name":"LA PAREJA"}]},{"@type":"WebSite","@id":"https:\/\/www.stefaniazani.it\/es\/#website","url":"https:\/\/www.stefaniazani.it\/es\/","name":"Stefania Zani","description":"","publisher":{"@id":"https:\/\/www.stefaniazani.it\/es\/#organization"},"potentialAction":[{"@type":"SearchAction","target":{"@type":"EntryPoint","urlTemplate":"https:\/\/www.stefaniazani.it\/es\/?s={search_term_string}"},"query-input":{"@type":"PropertyValueSpecification","valueRequired":true,"valueName":"search_term_string"}}],"inLanguage":"es"},{"@type":"Organization","@id":"https:\/\/www.stefaniazani.it\/es\/#organization","name":"Stefania Zani Srl","url":"https:\/\/www.stefaniazani.it\/es\/","logo":{"@type":"ImageObject","inLanguage":"es","@id":"https:\/\/www.stefaniazani.it\/es\/#\/schema\/logo\/image\/","url":"https:\/\/www.stefaniazani.it\/wp-content\/uploads\/2024\/03\/stefania_zani_logo_start.png","contentUrl":"https:\/\/www.stefaniazani.it\/wp-content\/uploads\/2024\/03\/stefania_zani_logo_start.png","width":250,"height":50,"caption":"Stefania Zani Srl"},"image":{"@id":"https:\/\/www.stefaniazani.it\/es\/#\/schema\/logo\/image\/"},"sameAs":["https:\/\/www.facebook.com\/p\/Stefania-Zani-100087139977126\/","https:\/\/www.instagram.com\/stefania__zani\/"]}]}},"df_price":40,"df_sale_price":"","df_regular_price":40,"df_image_link":"https:\/\/www.stefaniazani.it\/wp-content\/uploads\/woocommerce-placeholder-300x300.png","_links":{"self":[{"href":"https:\/\/www.stefaniazani.it\/es\/wp-json\/wp\/v2\/product\/3695","targetHints":{"allow":["GET"]}}],"collection":[{"href":"https:\/\/www.stefaniazani.it\/es\/wp-json\/wp\/v2\/product"}],"about":[{"href":"https:\/\/www.stefaniazani.it\/es\/wp-json\/wp\/v2\/types\/product"}],"wp:featuredmedia":[{"embeddable":true,"href":"https:\/\/www.stefaniazani.it\/es\/wp-json\/"}],"wp:attachment":[{"href":"https:\/\/www.stefaniazani.it\/es\/wp-json\/wp\/v2\/media?parent=3695"}],"wp:term":[{"taxonomy":"product_brand","embeddable":true,"href":"https:\/\/www.stefaniazani.it\/es\/wp-json\/wp\/v2\/product_brand?post=3695"},{"taxonomy":"product_cat","embeddable":true,"href":"https:\/\/www.stefaniazani.it\/es\/wp-json\/wp\/v2\/product_cat?post=3695"},{"taxonomy":"product_tag","embeddable":true,"href":"https:\/\/www.stefaniazani.it\/es\/wp-json\/wp\/v2\/product_tag?post=3695"}],"curies":[{"name":"wp","href":"https:\/\/api.w.org\/{rel}","templated":true}]}}