{"id":3692,"date":"2024-05-28T12:38:37","date_gmt":"2024-05-28T11:38:37","guid":{"rendered":"https:\/\/stefaniazani.ilfondaco.it\/?post_type=product&#038;p=3692"},"modified":"2025-12-14T00:23:28","modified_gmt":"2025-12-13T23:23:28","slug":"luce-e-ombra","status":"publish","type":"product","link":"https:\/\/www.stefaniazani.it\/es\/producto\/luces-y-sombras\/","title":{"rendered":"LUCES Y SOMBRAS"},"content":{"rendered":"<p>Conferencia grabada &#8211; Luz y sombra<br \/>\nCon la participaci\u00f3n de <strong><em>Michela Mazzini<\/em><\/strong><\/p>\n<p>Conocer la propia sombra es una oportunidad \u00fanica para expresar la propia luz.<br \/>\nEnfrentarse a la propia sombra \u00bfpor qu\u00e9 es importante?<br \/>\nLa sombra es un arquetipo junguiano que engloba todas aquellas partes de nuestra personalidad que reprimimos y que permanecen relegadas al inconsciente.<\/p>\n<p>Conocerlas e integrarlas se hace indispensable en un camino de crecimiento personal y espiritual, porque s\u00f3lo as\u00ed podremos traerlas a la Luz y experimentar ambos aspectos de nosotros.<br \/>\nLuz y Sombra.<\/p>\n<p>Durante este Equinoccio de Primavera, hay un aspecto significativo en nuestro cielo: la oposici\u00f3n de Plut\u00f3n en Acuario con la Luna en Leo.<br \/>\nSe est\u00e1 produciendo un conflicto de poder y la Luna, que representa lo femenino, tendr\u00e1 la important\u00edsima tarea de sacar a la Luz con valent\u00eda y honestidad todos los contenidos inconscientes sumergidos.<\/p>\n<p>La Luna tiene la posibilidad de ser un espejo para Plut\u00f3n, que es el principio de la exploraci\u00f3n de la Sombra.<br \/>\nHablaremos de este delicado tema con Michela Mazzini, psic\u00f3loga y entusiasta de la astrolog\u00eda, para comprender qu\u00e9 es la Sombra para cada uno de nosotros y c\u00f3mo puede transformarse en un instrumento de autosabotaje.<\/p>\n<p>Donde reina el amor, no hay deseo de poder, y donde predomina el poder, falta el amor. El uno es la sombra del otro.<br \/>\n(Carl Gustav Jung)<\/p>\n<p><strong>El enlace y la contrase\u00f1a para acceder a la grabaci\u00f3n de la lecci\u00f3n se encuentran en el archivo pdf que llega con el correo electr\u00f3nico de confirmaci\u00f3n autom\u00e1tica del pedido.<\/strong><\/p>\n","protected":false},"excerpt":{"rendered":"<p>Conferencia grabada &#8211; Luces y Sombras<br \/>\nCon la participaci\u00f3n de <strong><em>Michela Mazzini<\/em><\/strong><\/p>\n<p>Conocer la propia Sombra es una oportunidad \u00fanica para expresar la propia Luz.<\/p>\n<p>Enfrentarse a la propia sombra \u00bfpor qu\u00e9 es importante?<\/p>\n<p>La sombra es un arquetipo junguiano que involucra todas aquellas partes de nuestra personalidad que reprimimos y que permanecen relegadas al inconsciente.<\/p>\n<p>Conocerlas e integrarlas se vuelve indispensable en un camino de crecimiento personal y espiritual, porque s\u00f3lo as\u00ed podemos traerlas a la Luz y experimentar ambos aspectos de nosotros.<\/p>\n<p><strong>El enlace y la contrase\u00f1a para acceder a la grabaci\u00f3n de la lecci\u00f3n se encuentran en el archivo pdf que llega con el correo electr\u00f3nico de confirmaci\u00f3n autom\u00e1tica del pedido.<\/strong><\/p>\n","protected":false},"featured_media":15708,"template":"","meta":[],"product_brand":[],"product_cat":[27],"product_tag":[],"class_list":{"0":"post-3692","1":"product","2":"type-product","3":"status-publish","4":"has-post-thumbnail","6":"product_cat-lezioni","8":"first","9":"instock","10":"downloadable","11":"virtual","12":"taxable","13":"purchasable","14":"product-type-simple"},"yoast_head":"<!-- This site is optimized with the Yoast SEO plugin v27.4 - https:\/\/yoast.com\/product\/yoast-seo-wordpress\/ -->\n<title>LUCES Y SOMBRAS<\/title>\n<meta name=\"description\" content=\"Conferencia grabada - Luces y Sombras Con la participaci\u00f3n de Michela Mazzini  Conocer la propia Sombra es una oportunidad \u00fanica para expresar la propia Luz.  Enfrentarse a la propia sombra \u00bfpor qu\u00e9 es importante?  La sombra es un arquetipo junguiano que involucra todas aquellas partes de nuestra personalidad que reprimimos y que permanecen relegadas al inconsciente.  Conocerlas e integrarlas se vuelve indispensable en un camino de crecimiento personal y espiritual, porque s\u00f3lo as\u00ed podemos traerlas a la Luz y experimentar ambos aspectos de nosotros.  El enlace y la contrase\u00f1a para acceder a la grabaci\u00f3n de la lecci\u00f3n se encuentran en el archivo pdf que llega con el correo electr\u00f3nico de confirmaci\u00f3n autom\u00e1tica del pedido.\" \/>\n<meta name=\"robots\" content=\"index, follow, max-snippet:-1, max-image-preview:large, max-video-preview:-1\" \/>\n<link rel=\"canonical\" href=\"http:\/\/Conferencia%20grabada%20-%20Luces%20y%20Sombras%20Con%20la%20participaci\u00f3n%20de%20Michela%20Mazzini%20%20Conocer%20la%20propia%20Sombra%20es%20una%20oportunidad%20\u00fanica%20para%20expresar%20la%20propia%20Luz.%20%20Enfrentarse%20a%20la%20propia%20sombra%20\u00bfpor%20qu\u00e9%20es%20importante?%20%20La%20sombra%20es%20un%20arquetipo%20junguiano%20que%20involucra%20todas%20aquellas%20partes%20de%20nuestra%20personalidad%20que%20reprimimos%20y%20que%20permanecen%20relegadas%20al%20inconsciente.%20%20Conocerlas%20e%20integrarlas%20se%20vuelve%20indispensable%20en%20un%20camino%20de%20crecimiento%20personal%20y%20espiritual,%20porque%20s\u00f3lo%20as\u00ed%20podemos%20traerlas%20a%20la%20Luz%20y%20experimentar%20ambos%20aspectos%20de%20nosotros.%20%20El%20enlace%20y%20la%20contrase\u00f1a%20para%20acceder%20a%20la%20grabaci\u00f3n%20de%20la%20lecci\u00f3n%20se%20encuentran%20en%20el%20archivo%20pdf%20que%20llega%20con%20el%20correo%20electr\u00f3nico%20de%20confirmaci\u00f3n%20autom\u00e1tica%20del%20pedido.\" \/>\n<meta property=\"og:locale\" content=\"es_ES\" \/>\n<meta property=\"og:type\" content=\"article\" \/>\n<meta property=\"og:title\" content=\"LUCES Y SOMBRAS\" \/>\n<meta property=\"og:description\" content=\"Conferencia grabada - Luces y Sombras Con la participaci\u00f3n de Michela Mazzini  Conocer la propia Sombra es una oportunidad \u00fanica para expresar la propia Luz.  Enfrentarse a la propia sombra \u00bfpor qu\u00e9 es importante?  La sombra es un arquetipo junguiano que involucra todas aquellas partes de nuestra personalidad que reprimimos y que permanecen relegadas al inconsciente.  Conocerlas e integrarlas se vuelve indispensable en un camino de crecimiento personal y espiritual, porque s\u00f3lo as\u00ed podemos traerlas a la Luz y experimentar ambos aspectos de nosotros.  El enlace y la contrase\u00f1a para acceder a la grabaci\u00f3n de la lecci\u00f3n se encuentran en el archivo pdf que llega con el correo electr\u00f3nico de confirmaci\u00f3n autom\u00e1tica del pedido.\" \/>\n<meta property=\"og:url\" content=\"https:\/\/www.stefaniazani.it\/es\/producto\/luces-y-sombras\/\" \/>\n<meta property=\"og:site_name\" content=\"Stefania Zani\" \/>\n<meta property=\"article:publisher\" content=\"https:\/\/www.facebook.com\/p\/Stefania-Zani-100087139977126\/\" \/>\n<meta property=\"article:modified_time\" content=\"2025-12-13T23:23:28+00:00\" \/>\n<meta property=\"og:image\" content=\"https:\/\/www.stefaniazani.it\/wp-content\/uploads\/2024\/12\/Luce-e-Ombra.png\" \/>\n\t<meta property=\"og:image:width\" content=\"1080\" \/>\n\t<meta property=\"og:image:height\" content=\"1080\" \/>\n\t<meta property=\"og:image:type\" content=\"image\/png\" \/>\n<meta name=\"twitter:card\" content=\"summary_large_image\" \/>\n<meta name=\"twitter:label1\" content=\"Tiempo de lectura\" \/>\n\t<meta name=\"twitter:data1\" content=\"2 minutos\" \/>\n<script type=\"application\/ld+json\" class=\"yoast-schema-graph\">{\"@context\":\"https:\\\/\\\/schema.org\",\"@graph\":[{\"@type\":\"WebPage\",\"@id\":\"https:\\\/\\\/www.stefaniazani.it\\\/es\\\/producto\\\/luces-y-sombras\\\/\",\"url\":\"https:\\\/\\\/www.stefaniazani.it\\\/es\\\/producto\\\/luces-y-sombras\\\/\",\"name\":\"LUCE E OMBRA - Stefania Zani\",\"isPartOf\":{\"@id\":\"https:\\\/\\\/www.stefaniazani.it\\\/#website\"},\"primaryImageOfPage\":{\"@id\":\"https:\\\/\\\/www.stefaniazani.it\\\/es\\\/producto\\\/luces-y-sombras\\\/#primaryimage\"},\"image\":{\"@id\":\"https:\\\/\\\/www.stefaniazani.it\\\/es\\\/producto\\\/luces-y-sombras\\\/#primaryimage\"},\"thumbnailUrl\":\"\",\"datePublished\":\"2024-05-28T11:38:37+00:00\",\"dateModified\":\"2025-12-13T23:23:28+00:00\",\"description\":\"Luce e Ombra, lezione online con Michela Mazzini e Stefania Zani: riconosci e integra le tue Ombre per esprimere la tua Luce.\",\"breadcrumb\":{\"@id\":\"https:\\\/\\\/www.stefaniazani.it\\\/es\\\/producto\\\/luces-y-sombras\\\/#breadcrumb\"},\"inLanguage\":\"es\",\"potentialAction\":[{\"@type\":\"ReadAction\",\"target\":[\"https:\\\/\\\/www.stefaniazani.it\\\/es\\\/producto\\\/luces-y-sombras\\\/\"]}]},{\"@type\":\"ImageObject\",\"inLanguage\":\"es\",\"@id\":\"https:\\\/\\\/www.stefaniazani.it\\\/es\\\/producto\\\/luces-y-sombras\\\/#primaryimage\",\"url\":\"\",\"contentUrl\":\"\",\"width\":1080,\"height\":1080},{\"@type\":\"BreadcrumbList\",\"@id\":\"https:\\\/\\\/www.stefaniazani.it\\\/es\\\/producto\\\/luces-y-sombras\\\/#breadcrumb\",\"itemListElement\":[{\"@type\":\"ListItem\",\"position\":1,\"name\":\"Home\",\"item\":\"https:\\\/\\\/www.stefaniazani.it\\\/\"},{\"@type\":\"ListItem\",\"position\":2,\"name\":\"Shop\",\"item\":\"https:\\\/\\\/www.stefaniazani.it\\\/negozio\\\/\"},{\"@type\":\"ListItem\",\"position\":3,\"name\":\"LUCES Y SOMBRAS\"}]},{\"@type\":\"WebSite\",\"@id\":\"https:\\\/\\\/www.stefaniazani.it\\\/es\\\/#website\",\"url\":\"https:\\\/\\\/www.stefaniazani.it\\\/es\\\/\",\"name\":\"Stefania Zani\",\"description\":\"\",\"publisher\":{\"@id\":\"https:\\\/\\\/www.stefaniazani.it\\\/es\\\/#organization\"},\"potentialAction\":[{\"@type\":\"SearchAction\",\"target\":{\"@type\":\"EntryPoint\",\"urlTemplate\":\"https:\\\/\\\/www.stefaniazani.it\\\/es\\\/?s={search_term_string}\"},\"query-input\":{\"@type\":\"PropertyValueSpecification\",\"valueRequired\":true,\"valueName\":\"search_term_string\"}}],\"inLanguage\":\"es\"},{\"@type\":\"Organization\",\"@id\":\"https:\\\/\\\/www.stefaniazani.it\\\/es\\\/#organization\",\"name\":\"Stefania Zani Srl\",\"url\":\"https:\\\/\\\/www.stefaniazani.it\\\/es\\\/\",\"logo\":{\"@type\":\"ImageObject\",\"inLanguage\":\"es\",\"@id\":\"https:\\\/\\\/www.stefaniazani.it\\\/es\\\/#\\\/schema\\\/logo\\\/image\\\/\",\"url\":\"https:\\\/\\\/www.stefaniazani.it\\\/wp-content\\\/uploads\\\/2024\\\/03\\\/stefania_zani_logo_start.png\",\"contentUrl\":\"https:\\\/\\\/www.stefaniazani.it\\\/wp-content\\\/uploads\\\/2024\\\/03\\\/stefania_zani_logo_start.png\",\"width\":250,\"height\":50,\"caption\":\"Stefania Zani Srl\"},\"image\":{\"@id\":\"https:\\\/\\\/www.stefaniazani.it\\\/es\\\/#\\\/schema\\\/logo\\\/image\\\/\"},\"sameAs\":[\"https:\\\/\\\/www.facebook.com\\\/p\\\/Stefania-Zani-100087139977126\\\/\",\"https:\\\/\\\/www.instagram.com\\\/stefania__zani\\\/\"]}]}<\/script>\n<!-- \/ Yoast SEO plugin. -->","yoast_head_json":{"title":"LUCES Y SOMBRAS","description":"Conferencia grabada - Luces y Sombras Con la participaci\u00f3n de Michela Mazzini  Conocer la propia Sombra es una oportunidad \u00fanica para expresar la propia Luz.  Enfrentarse a la propia sombra \u00bfpor qu\u00e9 es importante?  La sombra es un arquetipo junguiano que involucra todas aquellas partes de nuestra personalidad que reprimimos y que permanecen relegadas al inconsciente.  Conocerlas e integrarlas se vuelve indispensable en un camino de crecimiento personal y espiritual, porque s\u00f3lo as\u00ed podemos traerlas a la Luz y experimentar ambos aspectos de nosotros.  El enlace y la contrase\u00f1a para acceder a la grabaci\u00f3n de la lecci\u00f3n se encuentran en el archivo pdf que llega con el correo electr\u00f3nico de confirmaci\u00f3n autom\u00e1tica del pedido.","robots":{"index":"index","follow":"follow","max-snippet":"max-snippet:-1","max-image-preview":"max-image-preview:large","max-video-preview":"max-video-preview:-1"},"canonical":"Conferencia grabada - Luces y Sombras Con la participaci\u00f3n de Michela Mazzini  Conocer la propia Sombra es una oportunidad \u00fanica para expresar la propia Luz.  Enfrentarse a la propia sombra \u00bfpor qu\u00e9 es importante?  La sombra es un arquetipo junguiano que involucra todas aquellas partes de nuestra personalidad que reprimimos y que permanecen relegadas al inconsciente.  Conocerlas e integrarlas se vuelve indispensable en un camino de crecimiento personal y espiritual, porque s\u00f3lo as\u00ed podemos traerlas a la Luz y experimentar ambos aspectos de nosotros.  El enlace y la contrase\u00f1a para acceder a la grabaci\u00f3n de la lecci\u00f3n se encuentran en el archivo pdf que llega con el correo electr\u00f3nico de confirmaci\u00f3n autom\u00e1tica del pedido.","og_locale":"es_ES","og_type":"article","og_title":"LUCES Y SOMBRAS","og_description":"Conferencia grabada - Luces y Sombras Con la participaci\u00f3n de Michela Mazzini  Conocer la propia Sombra es una oportunidad \u00fanica para expresar la propia Luz.  Enfrentarse a la propia sombra \u00bfpor qu\u00e9 es importante?  La sombra es un arquetipo junguiano que involucra todas aquellas partes de nuestra personalidad que reprimimos y que permanecen relegadas al inconsciente.  Conocerlas e integrarlas se vuelve indispensable en un camino de crecimiento personal y espiritual, porque s\u00f3lo as\u00ed podemos traerlas a la Luz y experimentar ambos aspectos de nosotros.  El enlace y la contrase\u00f1a para acceder a la grabaci\u00f3n de la lecci\u00f3n se encuentran en el archivo pdf que llega con el correo electr\u00f3nico de confirmaci\u00f3n autom\u00e1tica del pedido.","og_url":"https:\/\/www.stefaniazani.it\/es\/producto\/luces-y-sombras\/","og_site_name":"Stefania Zani","article_publisher":"https:\/\/www.facebook.com\/p\/Stefania-Zani-100087139977126\/","article_modified_time":"2025-12-13T23:23:28+00:00","og_image":[{"width":1080,"height":1080,"url":"https:\/\/www.stefaniazani.it\/wp-content\/uploads\/2024\/12\/Luce-e-Ombra.png","type":"image\/png"}],"twitter_card":"summary_large_image","twitter_misc":{"Tiempo de lectura":"2 minutos"},"schema":{"@context":"https:\/\/schema.org","@graph":[{"@type":"WebPage","@id":"https:\/\/www.stefaniazani.it\/es\/producto\/luces-y-sombras\/","url":"https:\/\/www.stefaniazani.it\/es\/producto\/luces-y-sombras\/","name":"LUCE E OMBRA - Stefania Zani","isPartOf":{"@id":"https:\/\/www.stefaniazani.it\/#website"},"primaryImageOfPage":{"@id":"https:\/\/www.stefaniazani.it\/es\/producto\/luces-y-sombras\/#primaryimage"},"image":{"@id":"https:\/\/www.stefaniazani.it\/es\/producto\/luces-y-sombras\/#primaryimage"},"thumbnailUrl":"","datePublished":"2024-05-28T11:38:37+00:00","dateModified":"2025-12-13T23:23:28+00:00","description":"Luce e Ombra, lezione online con Michela Mazzini e Stefania Zani: riconosci e integra le tue Ombre per esprimere la tua Luce.","breadcrumb":{"@id":"https:\/\/www.stefaniazani.it\/es\/producto\/luces-y-sombras\/#breadcrumb"},"inLanguage":"es","potentialAction":[{"@type":"ReadAction","target":["https:\/\/www.stefaniazani.it\/es\/producto\/luces-y-sombras\/"]}]},{"@type":"ImageObject","inLanguage":"es","@id":"https:\/\/www.stefaniazani.it\/es\/producto\/luces-y-sombras\/#primaryimage","url":"","contentUrl":"","width":1080,"height":1080},{"@type":"BreadcrumbList","@id":"https:\/\/www.stefaniazani.it\/es\/producto\/luces-y-sombras\/#breadcrumb","itemListElement":[{"@type":"ListItem","position":1,"name":"Home","item":"https:\/\/www.stefaniazani.it\/"},{"@type":"ListItem","position":2,"name":"Shop","item":"https:\/\/www.stefaniazani.it\/negozio\/"},{"@type":"ListItem","position":3,"name":"LUCES Y SOMBRAS"}]},{"@type":"WebSite","@id":"https:\/\/www.stefaniazani.it\/es\/#website","url":"https:\/\/www.stefaniazani.it\/es\/","name":"Stefania Zani","description":"","publisher":{"@id":"https:\/\/www.stefaniazani.it\/es\/#organization"},"potentialAction":[{"@type":"SearchAction","target":{"@type":"EntryPoint","urlTemplate":"https:\/\/www.stefaniazani.it\/es\/?s={search_term_string}"},"query-input":{"@type":"PropertyValueSpecification","valueRequired":true,"valueName":"search_term_string"}}],"inLanguage":"es"},{"@type":"Organization","@id":"https:\/\/www.stefaniazani.it\/es\/#organization","name":"Stefania Zani Srl","url":"https:\/\/www.stefaniazani.it\/es\/","logo":{"@type":"ImageObject","inLanguage":"es","@id":"https:\/\/www.stefaniazani.it\/es\/#\/schema\/logo\/image\/","url":"https:\/\/www.stefaniazani.it\/wp-content\/uploads\/2024\/03\/stefania_zani_logo_start.png","contentUrl":"https:\/\/www.stefaniazani.it\/wp-content\/uploads\/2024\/03\/stefania_zani_logo_start.png","width":250,"height":50,"caption":"Stefania Zani Srl"},"image":{"@id":"https:\/\/www.stefaniazani.it\/es\/#\/schema\/logo\/image\/"},"sameAs":["https:\/\/www.facebook.com\/p\/Stefania-Zani-100087139977126\/","https:\/\/www.instagram.com\/stefania__zani\/"]}]}},"df_price":35,"df_sale_price":"","df_regular_price":35,"df_image_link":"https:\/\/www.stefaniazani.it\/wp-content\/uploads\/woocommerce-placeholder-300x300.png","_links":{"self":[{"href":"https:\/\/www.stefaniazani.it\/es\/wp-json\/wp\/v2\/product\/3692","targetHints":{"allow":["GET"]}}],"collection":[{"href":"https:\/\/www.stefaniazani.it\/es\/wp-json\/wp\/v2\/product"}],"about":[{"href":"https:\/\/www.stefaniazani.it\/es\/wp-json\/wp\/v2\/types\/product"}],"wp:featuredmedia":[{"embeddable":true,"href":"https:\/\/www.stefaniazani.it\/es\/wp-json\/"}],"wp:attachment":[{"href":"https:\/\/www.stefaniazani.it\/es\/wp-json\/wp\/v2\/media?parent=3692"}],"wp:term":[{"taxonomy":"product_brand","embeddable":true,"href":"https:\/\/www.stefaniazani.it\/es\/wp-json\/wp\/v2\/product_brand?post=3692"},{"taxonomy":"product_cat","embeddable":true,"href":"https:\/\/www.stefaniazani.it\/es\/wp-json\/wp\/v2\/product_cat?post=3692"},{"taxonomy":"product_tag","embeddable":true,"href":"https:\/\/www.stefaniazani.it\/es\/wp-json\/wp\/v2\/product_tag?post=3692"}],"curies":[{"name":"wp","href":"https:\/\/api.w.org\/{rel}","templated":true}]}}