{"id":23311,"date":"2026-04-19T00:27:55","date_gmt":"2026-04-18T22:27:55","guid":{"rendered":"https:\/\/www.stefaniazani.it\/prodotto\/\/"},"modified":"2026-04-20T16:13:47","modified_gmt":"2026-04-20T14:13:47","slug":"psicoaromaterapia-sciamanica","status":"publish","type":"product","link":"https:\/\/www.stefaniazani.it\/es\/producto\/psico-aromaterapia-chamanica\/","title":{"rendered":"PSICOAROMATERAPIA CHAM\u00c1NICA"},"content":{"rendered":"<p><strong>Psicoaromaterapia cham\u00e1nica<\/strong><br \/>\nCon la participaci\u00f3n de<em> <strong>Luca Fortuna<\/strong><\/em><\/p>\n<p><strong>Lecci\u00f3n en l\u00ednea &#8211; Lunes 13 de mayo, 20.00 horas <\/strong><\/p>\n<p>Esta lecci\u00f3n es una primera entrada en el mundo de la psicoaromaterapia, un espacio en el que la fragancia se convierte en lenguaje y en puente entre cuerpo, emoci\u00f3n y conciencia.<\/p>\n<p>Partiremos del sentido del olfato, el sentido m\u00e1s antiguo y directo, capaz de atravesar la mente y llegar inmediatamente a nuestro mundo interior.<br \/>\nLos aromas no se perciben simplemente: nos tocan, evocan recuerdos, abren im\u00e1genes, despiertan estados emocionales profundos. El sentido del olfato, de hecho, representa uno de los canales m\u00e1s directos y poderosos de conexi\u00f3n entre cuerpo y mente.<\/p>\n<p>Durante el encuentro exploraremos c\u00f3mo los est\u00edmulos olfativos se relacionan con el sistema l\u00edmbico, activando respuestas que a menudo escapan al control racional, pero que hablan claramente de nuestra experiencia emocional.<\/p>\n<p>A continuaci\u00f3n, nos adentraremos en el concepto de c\u00f3digos arom\u00e1ticos: patrones recurrentes que porta cada fragancia, capaces de evocar recuerdos, visiones interiores y movimientos ps\u00edquicos.<br \/>\nEn esta perspectiva, la fragancia se convierte en un arquetipo sensorial, una herramienta sutil que abre accesos a nuestro mundo simb\u00f3lico.<\/p>\n<p>Por \u00faltimo, se presentar\u00e1 el modelo Aroma-Type, dividido en ocho tipos fundamentales.<br \/>\nUna forma de leer las preferencias olfativas como expresi\u00f3n de lo que somos, de nuestras necesidades m\u00e1s profundas y de las direcciones evolutivas que estamos recorriendo.<\/p>\n<p>Un encuentro que combina conocimiento y escucha, dise\u00f1ado para ofrecer nuevas claves de comprensi\u00f3n y herramientas concretas para relacionarse con los aromas de una forma m\u00e1s consciente.<\/p>\n<p><strong>Encontrar\u00e1 el enlace zoom para acceder a la transmisi\u00f3n en directo en el archivo pdf que llega con el correo electr\u00f3nico de confirmaci\u00f3n autom\u00e1tica del pedido.<\/strong><\/p>\n<p><em>Durante las lecciones en l\u00ednea, el usuario puede elegir no activar la c\u00e1mara de v\u00eddeo ni el micr\u00f3fono. Si decide activarlos, autoriza a ZANI, gratuitamente y por tiempo ilimitado (salvo revocaci\u00f3n por escrito), tambi\u00e9n en virtud de los art\u00edculos 10 y siguientes del C\u00f3digo Civil italiano y de los art\u00edculos 96 y 97 de la ley n\u00ba 633 de 22.4.1941 sobre derechos de autor, a la publicaci\u00f3n y\/o circulaci\u00f3n y\/o posible explotaci\u00f3n econ\u00f3mica de su imagen, voz o rostro, en todo el mundo y a perpetuidad, por cualquier medio ya inventado o que se invente en el futuro, incluso con fines informativos, publicitarios o de marketing. El Usuario es responsable directo y exclusivo, eximiendo y garantizando a ZANI de toda responsabilidad frente a terceros, en caso de filmaci\u00f3n fono-visual de terceros.<\/em>        <\/p>\n","protected":false},"excerpt":{"rendered":"<p><strong>Psicoaromaterapia cham\u00e1nica<\/strong><br \/>\nCon la participaci\u00f3n de<em> <strong>Luca Fortuna<\/strong><\/em><\/p>\n<p><strong>Lecci\u00f3n en l\u00ednea &#8211; Lunes 13 de mayo, 20.00 horas <\/strong><\/p>\n<p>Esta lecci\u00f3n es una primera entrada en el mundo de la psicoaromaterapia, un espacio en el que la fragancia se convierte en lenguaje y en puente entre cuerpo, emoci\u00f3n y conciencia.<\/p>\n<p>Partiremos del sentido del olfato, el sentido m\u00e1s antiguo y directo, capaz de atravesar la mente y llegar inmediatamente a nuestro mundo interior.<br \/>\nLos aromas no se perciben simplemente: nos tocan, evocan recuerdos, abren im\u00e1genes, despiertan estados emocionales profundos. El sentido del olfato, de hecho, representa uno de los canales m\u00e1s directos y poderosos de conexi\u00f3n entre cuerpo y mente.<\/p>\n<p>Durante el encuentro exploraremos c\u00f3mo los est\u00edmulos olfativos se relacionan con el sistema l\u00edmbico, activando respuestas que a menudo escapan al control racional, pero que hablan claramente de nuestra experiencia emocional.<\/p>\n<p>A continuaci\u00f3n, nos adentraremos en el concepto de c\u00f3digos arom\u00e1ticos: patrones recurrentes que porta cada fragancia, capaces de evocar recuerdos, visiones interiores y movimientos ps\u00edquicos.<br \/>\nEn esta perspectiva, la fragancia se convierte en un arquetipo sensorial, una herramienta sutil que abre accesos a nuestro mundo simb\u00f3lico.<\/p>\n<p>Por \u00faltimo, se presentar\u00e1 el modelo Aroma-Type, dividido en ocho tipos fundamentales.<br \/>\nUna forma de leer las preferencias olfativas como expresi\u00f3n de lo que somos, de nuestras necesidades m\u00e1s profundas y de las direcciones evolutivas que estamos recorriendo.<\/p>\n<p>Un encuentro que combina conocimiento y escucha, dise\u00f1ado para ofrecer nuevas claves de comprensi\u00f3n y herramientas concretas para relacionarse con los aromas de una forma m\u00e1s consciente.<\/p>\n<p><strong>Encontrar\u00e1s el enlace zoom para acceder a la emisi\u00f3n en directo en el archivo pdf que llega con el e-mail de confirmaci\u00f3n autom\u00e1tica del pedido.<\/strong>                           <\/p>\n","protected":false},"featured_media":19910,"template":"","meta":[],"product_brand":[],"product_cat":[27],"product_tag":[],"class_list":{"0":"post-23311","1":"product","2":"type-product","3":"status-publish","4":"has-post-thumbnail","6":"product_cat-lezioni","8":"first","9":"instock","10":"downloadable","11":"virtual","12":"taxable","13":"purchasable","14":"product-type-simple"},"yoast_head":"<!-- This site is optimized with the Yoast SEO plugin v27.5 - https:\/\/yoast.com\/product\/yoast-seo-wordpress\/ -->\n<title>PSICOAROMATERAPIA CHAM\u00c1NICA<\/title>\n<meta name=\"description\" content=\"Psicoaromaterapia cham\u00e1nica Con la participaci\u00f3n de Luca Fortuna Lecci\u00f3n en l\u00ednea - Lunes 13 de mayo, 20.00 horas    Esta lecci\u00f3n es una primera entrada en el mundo de la psicoaromaterapia, un espacio en el que la fragancia se convierte en lenguaje y en puente entre cuerpo, emoci\u00f3n y conciencia.  Partiremos del sentido del olfato, el sentido m\u00e1s antiguo y directo, capaz de atravesar la mente y llegar inmediatamente a nuestro mundo interior. Los aromas no se perciben simplemente: nos tocan, evocan recuerdos, abren im\u00e1genes, despiertan estados emocionales profundos. El sentido del olfato, de hecho, representa uno de los canales m\u00e1s directos y poderosos de conexi\u00f3n entre cuerpo y mente.  Durante el encuentro exploraremos c\u00f3mo los est\u00edmulos olfativos se relacionan con el sistema l\u00edmbico, activando respuestas que a menudo escapan al control racional, pero que hablan claramente de nuestra experiencia emocional.  A continuaci\u00f3n, nos adentraremos en el concepto de c\u00f3digos arom\u00e1ticos: patrones recurrentes que porta cada fragancia, capaces de evocar recuerdos, visiones interiores y movimientos ps\u00edquicos. En esta perspectiva, la fragancia se convierte en un arquetipo sensorial, una herramienta sutil que abre accesos a nuestro mundo simb\u00f3lico.  Por \u00faltimo, se presentar\u00e1 el modelo Aroma-Type, dividido en ocho tipos fundamentales. Una forma de leer las preferencias olfativas como expresi\u00f3n de lo que somos, de nuestras necesidades m\u00e1s profundas y de las direcciones evolutivas que estamos recorriendo.  Un encuentro que combina conocimiento y escucha, dise\u00f1ado para ofrecer nuevas claves de comprensi\u00f3n y herramientas concretas para relacionarse con los aromas de una forma m\u00e1s consciente.  Encontrar\u00e1s el enlace zoom para acceder a la emisi\u00f3n en directo en el archivo pdf que llega con el e-mail de confirmaci\u00f3n autom\u00e1tica del pedido.\" \/>\n<meta name=\"robots\" content=\"index, follow, max-snippet:-1, max-image-preview:large, max-video-preview:-1\" \/>\n<link rel=\"canonical\" href=\"\" \/>\n<meta property=\"og:locale\" content=\"es_ES\" \/>\n<meta property=\"og:type\" content=\"article\" \/>\n<meta property=\"og:title\" content=\"PSICOAROMATERAPIA CHAM\u00c1NICA\" \/>\n<meta property=\"og:description\" content=\"Psicoaromaterapia cham\u00e1nica Con la participaci\u00f3n de Luca Fortuna Lecci\u00f3n en l\u00ednea - Lunes 13 de mayo, 20.00 horas    Esta lecci\u00f3n es una primera entrada en el mundo de la psicoaromaterapia, un espacio en el que la fragancia se convierte en lenguaje y en puente entre cuerpo, emoci\u00f3n y conciencia.  Partiremos del sentido del olfato, el sentido m\u00e1s antiguo y directo, capaz de atravesar la mente y llegar inmediatamente a nuestro mundo interior. Los aromas no se perciben simplemente: nos tocan, evocan recuerdos, abren im\u00e1genes, despiertan estados emocionales profundos. El sentido del olfato, de hecho, representa uno de los canales m\u00e1s directos y poderosos de conexi\u00f3n entre cuerpo y mente.  Durante el encuentro exploraremos c\u00f3mo los est\u00edmulos olfativos se relacionan con el sistema l\u00edmbico, activando respuestas que a menudo escapan al control racional, pero que hablan claramente de nuestra experiencia emocional.  A continuaci\u00f3n, nos adentraremos en el concepto de c\u00f3digos arom\u00e1ticos: patrones recurrentes que porta cada fragancia, capaces de evocar recuerdos, visiones interiores y movimientos ps\u00edquicos. En esta perspectiva, la fragancia se convierte en un arquetipo sensorial, una herramienta sutil que abre accesos a nuestro mundo simb\u00f3lico.  Por \u00faltimo, se presentar\u00e1 el modelo Aroma-Type, dividido en ocho tipos fundamentales. Una forma de leer las preferencias olfativas como expresi\u00f3n de lo que somos, de nuestras necesidades m\u00e1s profundas y de las direcciones evolutivas que estamos recorriendo.  Un encuentro que combina conocimiento y escucha, dise\u00f1ado para ofrecer nuevas claves de comprensi\u00f3n y herramientas concretas para relacionarse con los aromas de una forma m\u00e1s consciente.  Encontrar\u00e1s el enlace zoom para acceder a la emisi\u00f3n en directo en el archivo pdf que llega con el e-mail de confirmaci\u00f3n autom\u00e1tica del pedido.\" \/>\n<meta property=\"og:url\" content=\"https:\/\/www.stefaniazani.it\/es\/producto\/psico-aromaterapia-chamanica\/\" \/>\n<meta property=\"og:site_name\" content=\"Stefania Zani\" \/>\n<meta property=\"article:publisher\" content=\"https:\/\/www.facebook.com\/p\/Stefania-Zani-100087139977126\/\" \/>\n<meta property=\"article:modified_time\" content=\"2026-04-20T14:13:47+00:00\" \/>\n<meta property=\"og:image\" content=\"https:\/\/www.stefaniazani.it\/wp-content\/uploads\/2026\/04\/QUANDO-IL-SOGNO-DIVENTA-REALTA-NETTUNO-IL-MAESTRO-DELLEVOLUZIONE-COLLETTIVA-ENTRA-IN-ARIETE.png\" \/>\n\t<meta property=\"og:image:width\" content=\"1080\" \/>\n\t<meta property=\"og:image:height\" content=\"1080\" \/>\n\t<meta property=\"og:image:type\" content=\"image\/png\" \/>\n<meta name=\"twitter:card\" content=\"summary_large_image\" \/>\n<meta name=\"twitter:label1\" content=\"Tiempo de lectura\" \/>\n\t<meta name=\"twitter:data1\" content=\"3 minutos\" \/>\n<script type=\"application\/ld+json\" class=\"yoast-schema-graph\">{\"@context\":\"https:\\\/\\\/schema.org\",\"@graph\":[{\"@type\":\"WebPage\",\"@id\":\"https:\\\/\\\/www.stefaniazani.it\\\/es\\\/producto\\\/psico-aromaterapia-chamanica\\\/\",\"url\":\"https:\\\/\\\/www.stefaniazani.it\\\/es\\\/producto\\\/psico-aromaterapia-chamanica\\\/\",\"name\":\"PSICOAROMATERAPIA SCIAMANICA - Stefania Zani\",\"isPartOf\":{\"@id\":\"https:\\\/\\\/www.stefaniazani.it\\\/#website\"},\"primaryImageOfPage\":{\"@id\":\"https:\\\/\\\/www.stefaniazani.it\\\/es\\\/producto\\\/psico-aromaterapia-chamanica\\\/#primaryimage\"},\"image\":{\"@id\":\"https:\\\/\\\/www.stefaniazani.it\\\/es\\\/producto\\\/psico-aromaterapia-chamanica\\\/#primaryimage\"},\"thumbnailUrl\":\"\",\"datePublished\":\"2026-04-18T22:27:55+00:00\",\"dateModified\":\"2026-04-20T14:13:47+00:00\",\"breadcrumb\":{\"@id\":\"https:\\\/\\\/www.stefaniazani.it\\\/es\\\/producto\\\/psico-aromaterapia-chamanica\\\/#breadcrumb\"},\"inLanguage\":\"es\",\"potentialAction\":[{\"@type\":\"ReadAction\",\"target\":[\"https:\\\/\\\/www.stefaniazani.it\\\/es\\\/producto\\\/psico-aromaterapia-chamanica\\\/\"]}]},{\"@type\":\"ImageObject\",\"inLanguage\":\"es\",\"@id\":\"https:\\\/\\\/www.stefaniazani.it\\\/es\\\/producto\\\/psico-aromaterapia-chamanica\\\/#primaryimage\",\"url\":\"\",\"contentUrl\":\"\",\"width\":1080,\"height\":1080},{\"@type\":\"BreadcrumbList\",\"@id\":\"https:\\\/\\\/www.stefaniazani.it\\\/es\\\/producto\\\/psico-aromaterapia-chamanica\\\/#breadcrumb\",\"itemListElement\":[{\"@type\":\"ListItem\",\"position\":1,\"name\":\"Home\",\"item\":\"https:\\\/\\\/www.stefaniazani.it\\\/\"},{\"@type\":\"ListItem\",\"position\":2,\"name\":\"Shop\",\"item\":\"https:\\\/\\\/www.stefaniazani.it\\\/negozio\\\/\"},{\"@type\":\"ListItem\",\"position\":3,\"name\":\"PSICOAROMATERAPIA CHAM\u00c1NICA\"}]},{\"@type\":\"WebSite\",\"@id\":\"https:\\\/\\\/www.stefaniazani.it\\\/es\\\/#website\",\"url\":\"https:\\\/\\\/www.stefaniazani.it\\\/es\\\/\",\"name\":\"Stefania Zani\",\"description\":\"\",\"publisher\":{\"@id\":\"https:\\\/\\\/www.stefaniazani.it\\\/es\\\/#organization\"},\"potentialAction\":[{\"@type\":\"SearchAction\",\"target\":{\"@type\":\"EntryPoint\",\"urlTemplate\":\"https:\\\/\\\/www.stefaniazani.it\\\/es\\\/?s={search_term_string}\"},\"query-input\":{\"@type\":\"PropertyValueSpecification\",\"valueRequired\":true,\"valueName\":\"search_term_string\"}}],\"inLanguage\":\"es\"},{\"@type\":\"Organization\",\"@id\":\"https:\\\/\\\/www.stefaniazani.it\\\/es\\\/#organization\",\"name\":\"Stefania Zani Srl\",\"url\":\"https:\\\/\\\/www.stefaniazani.it\\\/es\\\/\",\"logo\":{\"@type\":\"ImageObject\",\"inLanguage\":\"es\",\"@id\":\"https:\\\/\\\/www.stefaniazani.it\\\/es\\\/#\\\/schema\\\/logo\\\/image\\\/\",\"url\":\"https:\\\/\\\/www.stefaniazani.it\\\/wp-content\\\/uploads\\\/2024\\\/03\\\/stefania_zani_logo_start.png\",\"contentUrl\":\"https:\\\/\\\/www.stefaniazani.it\\\/wp-content\\\/uploads\\\/2024\\\/03\\\/stefania_zani_logo_start.png\",\"width\":250,\"height\":50,\"caption\":\"Stefania Zani Srl\"},\"image\":{\"@id\":\"https:\\\/\\\/www.stefaniazani.it\\\/es\\\/#\\\/schema\\\/logo\\\/image\\\/\"},\"sameAs\":[\"https:\\\/\\\/www.facebook.com\\\/p\\\/Stefania-Zani-100087139977126\\\/\",\"https:\\\/\\\/www.instagram.com\\\/stefania__zani\\\/\"]}]}<\/script>\n<!-- \/ Yoast SEO plugin. -->","yoast_head_json":{"title":"PSICOAROMATERAPIA CHAM\u00c1NICA","description":"Psicoaromaterapia cham\u00e1nica Con la participaci\u00f3n de Luca Fortuna Lecci\u00f3n en l\u00ednea - Lunes 13 de mayo, 20.00 horas    Esta lecci\u00f3n es una primera entrada en el mundo de la psicoaromaterapia, un espacio en el que la fragancia se convierte en lenguaje y en puente entre cuerpo, emoci\u00f3n y conciencia.  Partiremos del sentido del olfato, el sentido m\u00e1s antiguo y directo, capaz de atravesar la mente y llegar inmediatamente a nuestro mundo interior. Los aromas no se perciben simplemente: nos tocan, evocan recuerdos, abren im\u00e1genes, despiertan estados emocionales profundos. El sentido del olfato, de hecho, representa uno de los canales m\u00e1s directos y poderosos de conexi\u00f3n entre cuerpo y mente.  Durante el encuentro exploraremos c\u00f3mo los est\u00edmulos olfativos se relacionan con el sistema l\u00edmbico, activando respuestas que a menudo escapan al control racional, pero que hablan claramente de nuestra experiencia emocional.  A continuaci\u00f3n, nos adentraremos en el concepto de c\u00f3digos arom\u00e1ticos: patrones recurrentes que porta cada fragancia, capaces de evocar recuerdos, visiones interiores y movimientos ps\u00edquicos. En esta perspectiva, la fragancia se convierte en un arquetipo sensorial, una herramienta sutil que abre accesos a nuestro mundo simb\u00f3lico.  Por \u00faltimo, se presentar\u00e1 el modelo Aroma-Type, dividido en ocho tipos fundamentales. Una forma de leer las preferencias olfativas como expresi\u00f3n de lo que somos, de nuestras necesidades m\u00e1s profundas y de las direcciones evolutivas que estamos recorriendo.  Un encuentro que combina conocimiento y escucha, dise\u00f1ado para ofrecer nuevas claves de comprensi\u00f3n y herramientas concretas para relacionarse con los aromas de una forma m\u00e1s consciente.  Encontrar\u00e1s el enlace zoom para acceder a la emisi\u00f3n en directo en el archivo pdf que llega con el e-mail de confirmaci\u00f3n autom\u00e1tica del pedido.","robots":{"index":"index","follow":"follow","max-snippet":"max-snippet:-1","max-image-preview":"max-image-preview:large","max-video-preview":"max-video-preview:-1"},"canonical":"Psicoaromaterapia cham\u00e1nica Con la participaci\u00f3n de Luca Fortuna Lecci\u00f3n en l\u00ednea - Lunes 13 de mayo, 20.00 horas    Esta lecci\u00f3n es una primera entrada en el mundo de la psicoaromaterapia, un espacio en el que la fragancia se convierte en lenguaje y en puente entre cuerpo, emoci\u00f3n y conciencia.  Partiremos del sentido del olfato, el sentido m\u00e1s antiguo y directo, capaz de atravesar la mente y llegar inmediatamente a nuestro mundo interior. Los aromas no se perciben simplemente: nos tocan, evocan recuerdos, abren im\u00e1genes, despiertan estados emocionales profundos. El sentido del olfato, de hecho, representa uno de los canales m\u00e1s directos y poderosos de conexi\u00f3n entre cuerpo y mente.  Durante el encuentro exploraremos c\u00f3mo los est\u00edmulos olfativos se relacionan con el sistema l\u00edmbico, activando respuestas que a menudo escapan al control racional, pero que hablan claramente de nuestra experiencia emocional.  A continuaci\u00f3n, nos adentraremos en el concepto de c\u00f3digos arom\u00e1ticos: patrones recurrentes que porta cada fragancia, capaces de evocar recuerdos, visiones interiores y movimientos ps\u00edquicos. En esta perspectiva, la fragancia se convierte en un arquetipo sensorial, una herramienta sutil que abre accesos a nuestro mundo simb\u00f3lico.  Por \u00faltimo, se presentar\u00e1 el modelo Aroma-Type, dividido en ocho tipos fundamentales. Una forma de leer las preferencias olfativas como expresi\u00f3n de lo que somos, de nuestras necesidades m\u00e1s profundas y de las direcciones evolutivas que estamos recorriendo.  Un encuentro que combina conocimiento y escucha, dise\u00f1ado para ofrecer nuevas claves de comprensi\u00f3n y herramientas concretas para relacionarse con los aromas de una forma m\u00e1s consciente.  Encontrar\u00e1s el enlace zoom para acceder a la emisi\u00f3n en directo en el archivo pdf que llega con el e-mail de confirmaci\u00f3n autom\u00e1tica del pedido.","og_locale":"es_ES","og_type":"article","og_title":"PSICOAROMATERAPIA CHAM\u00c1NICA","og_description":"Psicoaromaterapia cham\u00e1nica Con la participaci\u00f3n de Luca Fortuna Lecci\u00f3n en l\u00ednea - Lunes 13 de mayo, 20.00 horas    Esta lecci\u00f3n es una primera entrada en el mundo de la psicoaromaterapia, un espacio en el que la fragancia se convierte en lenguaje y en puente entre cuerpo, emoci\u00f3n y conciencia.  Partiremos del sentido del olfato, el sentido m\u00e1s antiguo y directo, capaz de atravesar la mente y llegar inmediatamente a nuestro mundo interior. Los aromas no se perciben simplemente: nos tocan, evocan recuerdos, abren im\u00e1genes, despiertan estados emocionales profundos. El sentido del olfato, de hecho, representa uno de los canales m\u00e1s directos y poderosos de conexi\u00f3n entre cuerpo y mente.  Durante el encuentro exploraremos c\u00f3mo los est\u00edmulos olfativos se relacionan con el sistema l\u00edmbico, activando respuestas que a menudo escapan al control racional, pero que hablan claramente de nuestra experiencia emocional.  A continuaci\u00f3n, nos adentraremos en el concepto de c\u00f3digos arom\u00e1ticos: patrones recurrentes que porta cada fragancia, capaces de evocar recuerdos, visiones interiores y movimientos ps\u00edquicos. En esta perspectiva, la fragancia se convierte en un arquetipo sensorial, una herramienta sutil que abre accesos a nuestro mundo simb\u00f3lico.  Por \u00faltimo, se presentar\u00e1 el modelo Aroma-Type, dividido en ocho tipos fundamentales. Una forma de leer las preferencias olfativas como expresi\u00f3n de lo que somos, de nuestras necesidades m\u00e1s profundas y de las direcciones evolutivas que estamos recorriendo.  Un encuentro que combina conocimiento y escucha, dise\u00f1ado para ofrecer nuevas claves de comprensi\u00f3n y herramientas concretas para relacionarse con los aromas de una forma m\u00e1s consciente.  Encontrar\u00e1s el enlace zoom para acceder a la emisi\u00f3n en directo en el archivo pdf que llega con el e-mail de confirmaci\u00f3n autom\u00e1tica del pedido.","og_url":"https:\/\/www.stefaniazani.it\/es\/producto\/psico-aromaterapia-chamanica\/","og_site_name":"Stefania Zani","article_publisher":"https:\/\/www.facebook.com\/p\/Stefania-Zani-100087139977126\/","article_modified_time":"2026-04-20T14:13:47+00:00","og_image":[{"width":1080,"height":1080,"url":"https:\/\/www.stefaniazani.it\/wp-content\/uploads\/2026\/04\/QUANDO-IL-SOGNO-DIVENTA-REALTA-NETTUNO-IL-MAESTRO-DELLEVOLUZIONE-COLLETTIVA-ENTRA-IN-ARIETE.png","type":"image\/png"}],"twitter_card":"summary_large_image","twitter_misc":{"Tiempo de lectura":"3 minutos"},"schema":{"@context":"https:\/\/schema.org","@graph":[{"@type":"WebPage","@id":"https:\/\/www.stefaniazani.it\/es\/producto\/psico-aromaterapia-chamanica\/","url":"https:\/\/www.stefaniazani.it\/es\/producto\/psico-aromaterapia-chamanica\/","name":"PSICOAROMATERAPIA SCIAMANICA - Stefania Zani","isPartOf":{"@id":"https:\/\/www.stefaniazani.it\/#website"},"primaryImageOfPage":{"@id":"https:\/\/www.stefaniazani.it\/es\/producto\/psico-aromaterapia-chamanica\/#primaryimage"},"image":{"@id":"https:\/\/www.stefaniazani.it\/es\/producto\/psico-aromaterapia-chamanica\/#primaryimage"},"thumbnailUrl":"","datePublished":"2026-04-18T22:27:55+00:00","dateModified":"2026-04-20T14:13:47+00:00","breadcrumb":{"@id":"https:\/\/www.stefaniazani.it\/es\/producto\/psico-aromaterapia-chamanica\/#breadcrumb"},"inLanguage":"es","potentialAction":[{"@type":"ReadAction","target":["https:\/\/www.stefaniazani.it\/es\/producto\/psico-aromaterapia-chamanica\/"]}]},{"@type":"ImageObject","inLanguage":"es","@id":"https:\/\/www.stefaniazani.it\/es\/producto\/psico-aromaterapia-chamanica\/#primaryimage","url":"","contentUrl":"","width":1080,"height":1080},{"@type":"BreadcrumbList","@id":"https:\/\/www.stefaniazani.it\/es\/producto\/psico-aromaterapia-chamanica\/#breadcrumb","itemListElement":[{"@type":"ListItem","position":1,"name":"Home","item":"https:\/\/www.stefaniazani.it\/"},{"@type":"ListItem","position":2,"name":"Shop","item":"https:\/\/www.stefaniazani.it\/negozio\/"},{"@type":"ListItem","position":3,"name":"PSICOAROMATERAPIA CHAM\u00c1NICA"}]},{"@type":"WebSite","@id":"https:\/\/www.stefaniazani.it\/es\/#website","url":"https:\/\/www.stefaniazani.it\/es\/","name":"Stefania Zani","description":"","publisher":{"@id":"https:\/\/www.stefaniazani.it\/es\/#organization"},"potentialAction":[{"@type":"SearchAction","target":{"@type":"EntryPoint","urlTemplate":"https:\/\/www.stefaniazani.it\/es\/?s={search_term_string}"},"query-input":{"@type":"PropertyValueSpecification","valueRequired":true,"valueName":"search_term_string"}}],"inLanguage":"es"},{"@type":"Organization","@id":"https:\/\/www.stefaniazani.it\/es\/#organization","name":"Stefania Zani Srl","url":"https:\/\/www.stefaniazani.it\/es\/","logo":{"@type":"ImageObject","inLanguage":"es","@id":"https:\/\/www.stefaniazani.it\/es\/#\/schema\/logo\/image\/","url":"https:\/\/www.stefaniazani.it\/wp-content\/uploads\/2024\/03\/stefania_zani_logo_start.png","contentUrl":"https:\/\/www.stefaniazani.it\/wp-content\/uploads\/2024\/03\/stefania_zani_logo_start.png","width":250,"height":50,"caption":"Stefania Zani Srl"},"image":{"@id":"https:\/\/www.stefaniazani.it\/es\/#\/schema\/logo\/image\/"},"sameAs":["https:\/\/www.facebook.com\/p\/Stefania-Zani-100087139977126\/","https:\/\/www.instagram.com\/stefania__zani\/"]}]}},"df_price":50,"df_sale_price":"","df_regular_price":50,"df_image_link":"https:\/\/www.stefaniazani.it\/wp-content\/uploads\/woocommerce-placeholder-300x300.png","_links":{"self":[{"href":"https:\/\/www.stefaniazani.it\/es\/wp-json\/wp\/v2\/product\/23311","targetHints":{"allow":["GET"]}}],"collection":[{"href":"https:\/\/www.stefaniazani.it\/es\/wp-json\/wp\/v2\/product"}],"about":[{"href":"https:\/\/www.stefaniazani.it\/es\/wp-json\/wp\/v2\/types\/product"}],"wp:featuredmedia":[{"embeddable":true,"href":"https:\/\/www.stefaniazani.it\/es\/wp-json\/"}],"wp:attachment":[{"href":"https:\/\/www.stefaniazani.it\/es\/wp-json\/wp\/v2\/media?parent=23311"}],"wp:term":[{"taxonomy":"product_brand","embeddable":true,"href":"https:\/\/www.stefaniazani.it\/es\/wp-json\/wp\/v2\/product_brand?post=23311"},{"taxonomy":"product_cat","embeddable":true,"href":"https:\/\/www.stefaniazani.it\/es\/wp-json\/wp\/v2\/product_cat?post=23311"},{"taxonomy":"product_tag","embeddable":true,"href":"https:\/\/www.stefaniazani.it\/es\/wp-json\/wp\/v2\/product_tag?post=23311"}],"curies":[{"name":"wp","href":"https:\/\/api.w.org\/{rel}","templated":true}]}}