{"id":22981,"date":"2026-03-23T12:27:26","date_gmt":"2026-03-23T11:27:26","guid":{"rendered":"https:\/\/www.stefaniazani.it\/prodotto\/\/"},"modified":"2026-04-26T14:23:13","modified_gmt":"2026-04-26T12:23:13","slug":"come-dialogare-con-il-tessitore-dei-sogni","status":"publish","type":"product","link":"https:\/\/www.stefaniazani.it\/es\/producto\/como-hablar-con-la-tejedora-de-suenos\/","title":{"rendered":"C\u00d3MO DIALOGAR CON EL TEJEDOR DE SUE\u00d1OS"},"content":{"rendered":"<p><strong>C\u00f3mo dialogar con la tejedora de sue\u00f1os<\/strong><br \/>\nCon la participaci\u00f3n de<em><strong> Zuleika Fusco<\/strong><\/em><\/p>\n<p><strong>Conferencia grabada <\/strong><\/p>\n<p>Este encuentro es una extensi\u00f3n natural de la lecci\u00f3n <a href=\"https:\/\/www.stefaniazani.it\/prodotto\/il-linguaggio-segreto-dei-sogni\/\">El lenguaje secreto de los sue\u00f1os<\/a>.<\/p>\n<p>En esta lecci\u00f3n, el enfoque ser\u00e1 principalmente vivencial: trabajaremos los sue\u00f1os de los participantes a trav\u00e9s de momentos de interpretaci\u00f3n directa, flanqueados por ejercicios pr\u00e1cticos que les permitir\u00e1n entrar en contacto vivo con su propio mundo on\u00edrico. Alternaremos breves momentos de explicaci\u00f3n con experiencias guiadas, de modo que la teor\u00eda pueda traducirse inmediatamente en la pr\u00e1ctica.<\/p>\n<p>El objetivo es ofrecer herramientas concretas para escuchar, comprender y utilizar el lenguaje de los sue\u00f1os, permitiendo que cada uno se lleve consigo no s\u00f3lo nuevos conocimientos, sino tambi\u00e9n una forma m\u00e1s profunda y consciente de relacionarse con su mundo interior.<\/p>\n<p><strong>El enlace y la contrase\u00f1a para acceder a la grabaci\u00f3n de la lecci\u00f3n se encuentran en el archivo pdf que llega con el correo electr\u00f3nico de confirmaci\u00f3n autom\u00e1tica del pedido.<\/strong><\/p>\n<p><em>Durante las lecciones en l\u00ednea, el usuario puede elegir no activar la c\u00e1mara de v\u00eddeo ni el micr\u00f3fono. Si decide activarlos, autoriza a ZANI, de forma gratuita y por tiempo ilimitado (salvo revocaci\u00f3n por escrito), tambi\u00e9n en virtud de los art\u00edculos 10 y siguientes del C\u00f3digo Civil italiano y de los art\u00edculos 96 y 97 de la ley n\u00ba 633 de 22.4.1941 sobre derechos de autor, a la publicaci\u00f3n y\/o circulaci\u00f3n y\/o posible explotaci\u00f3n econ\u00f3mica de su imagen, voz o rostro, en todo el mundo y a perpetuidad, por cualquier medio ya inventado o que se invente en el futuro, incluso con fines informativos, publicitarios o de marketing. El Usuario responde directa y exclusivamente, liberando y garantizando a ZANI de toda responsabilidad frente a terceros, en caso de filmaci\u00f3n fono-visual de terceros.<\/em>        <\/p>\n","protected":false},"excerpt":{"rendered":"<p><strong>C\u00f3mo dialogar con la tejedora de sue\u00f1os<\/strong><br \/>\nCon la participaci\u00f3n de<em><strong> Zuleika Fusco<\/strong><\/em><\/p>\n<p><strong>Conferencia grabada<\/strong><\/p>\n<p>Este encuentro es una extensi\u00f3n natural de la lecci\u00f3n <a href=\"https:\/\/www.stefaniazani.it\/prodotto\/il-linguaggio-segreto-dei-sogni\/\">El lenguaje secreto de los sue\u00f1os<\/a>.<\/p>\n<p>En esta lecci\u00f3n, el enfoque ser\u00e1 principalmente vivencial: trabajaremos los sue\u00f1os de los participantes a trav\u00e9s de momentos de interpretaci\u00f3n directa, flanqueados por ejercicios pr\u00e1cticos que les permitir\u00e1n entrar en contacto vivo con su propio mundo on\u00edrico. Alternaremos breves momentos de explicaci\u00f3n con experiencias guiadas, de modo que la teor\u00eda pueda traducirse inmediatamente en la pr\u00e1ctica.<\/p>\n<p>El objetivo es ofrecer herramientas concretas para escuchar, comprender y utilizar el lenguaje de los sue\u00f1os, permitiendo que cada uno se lleve consigo no s\u00f3lo nuevos conocimientos, sino tambi\u00e9n una forma m\u00e1s profunda y consciente de relacionarse con su mundo interior.<\/p>\n<p><strong>El enlace y la contrase\u00f1a para acceder a la grabaci\u00f3n de la lecci\u00f3n se encuentran en el archivo pdf que llega con el correo electr\u00f3nico de confirmaci\u00f3n autom\u00e1tica del pedido.<\/strong>\n                            <\/p>\n","protected":false},"featured_media":19910,"template":"","meta":[],"product_brand":[],"product_cat":[27],"product_tag":[],"class_list":{"0":"post-22981","1":"product","2":"type-product","3":"status-publish","4":"has-post-thumbnail","6":"product_cat-lezioni","8":"first","9":"instock","10":"downloadable","11":"virtual","12":"taxable","13":"purchasable","14":"product-type-simple"},"yoast_head":"<!-- This site is optimized with the Yoast SEO plugin v27.5 - https:\/\/yoast.com\/product\/yoast-seo-wordpress\/ -->\n<title>C\u00d3MO DIALOGAR CON EL TEJEDOR DE SUE\u00d1OS<\/title>\n<meta name=\"description\" content=\"C\u00f3mo dialogar con la tejedora de sue\u00f1os Con la participaci\u00f3n de Zuleika Fusco Conferencia grabada   Este encuentro es una extensi\u00f3n natural de la lecci\u00f3n El lenguaje secreto de los sue\u00f1os.  En esta lecci\u00f3n, el enfoque ser\u00e1 principalmente vivencial: trabajaremos los sue\u00f1os de los participantes a trav\u00e9s de momentos de interpretaci\u00f3n directa, flanqueados por ejercicios pr\u00e1cticos que les permitir\u00e1n entrar en contacto vivo con su propio mundo on\u00edrico. Alternaremos breves momentos de explicaci\u00f3n con experiencias guiadas, de modo que la teor\u00eda pueda traducirse inmediatamente en la pr\u00e1ctica.  El objetivo es ofrecer herramientas concretas para escuchar, comprender y utilizar el lenguaje de los sue\u00f1os, permitiendo que cada uno se lleve consigo no s\u00f3lo nuevos conocimientos, sino tambi\u00e9n una forma m\u00e1s profunda y consciente de relacionarse con su mundo interior.  El enlace y la contrase\u00f1a para acceder a la grabaci\u00f3n de la lecci\u00f3n se encuentran en el archivo pdf que llega con el correo electr\u00f3nico de confirmaci\u00f3n autom\u00e1tica del pedido.\" \/>\n<meta name=\"robots\" content=\"index, follow, max-snippet:-1, max-image-preview:large, max-video-preview:-1\" \/>\n<link rel=\"canonical\" href=\"\" \/>\n<meta property=\"og:locale\" content=\"es_ES\" \/>\n<meta property=\"og:type\" content=\"article\" \/>\n<meta property=\"og:title\" content=\"C\u00d3MO DIALOGAR CON EL TEJEDOR DE SUE\u00d1OS\" \/>\n<meta property=\"og:description\" content=\"C\u00f3mo dialogar con la tejedora de sue\u00f1os Con la participaci\u00f3n de Zuleika Fusco Conferencia grabada   Este encuentro es una extensi\u00f3n natural de la lecci\u00f3n El lenguaje secreto de los sue\u00f1os.  En esta lecci\u00f3n, el enfoque ser\u00e1 principalmente vivencial: trabajaremos los sue\u00f1os de los participantes a trav\u00e9s de momentos de interpretaci\u00f3n directa, flanqueados por ejercicios pr\u00e1cticos que les permitir\u00e1n entrar en contacto vivo con su propio mundo on\u00edrico. Alternaremos breves momentos de explicaci\u00f3n con experiencias guiadas, de modo que la teor\u00eda pueda traducirse inmediatamente en la pr\u00e1ctica.  El objetivo es ofrecer herramientas concretas para escuchar, comprender y utilizar el lenguaje de los sue\u00f1os, permitiendo que cada uno se lleve consigo no s\u00f3lo nuevos conocimientos, sino tambi\u00e9n una forma m\u00e1s profunda y consciente de relacionarse con su mundo interior.  El enlace y la contrase\u00f1a para acceder a la grabaci\u00f3n de la lecci\u00f3n se encuentran en el archivo pdf que llega con el correo electr\u00f3nico de confirmaci\u00f3n autom\u00e1tica del pedido.\" \/>\n<meta property=\"og:url\" content=\"https:\/\/www.stefaniazani.it\/es\/producto\/como-hablar-con-la-tejedora-de-suenos\/\" \/>\n<meta property=\"og:site_name\" content=\"Stefania Zani\" \/>\n<meta property=\"article:publisher\" content=\"https:\/\/www.facebook.com\/p\/Stefania-Zani-100087139977126\/\" \/>\n<meta property=\"article:modified_time\" content=\"2026-04-26T12:23:13+00:00\" \/>\n<meta property=\"og:image\" content=\"https:\/\/www.stefaniazani.it\/wp-content\/uploads\/2026\/04\/Il-Linguaggio-Segreto-dei-Sogni-seminario-2.png\" \/>\n\t<meta property=\"og:image:width\" content=\"1080\" \/>\n\t<meta property=\"og:image:height\" content=\"1080\" \/>\n\t<meta property=\"og:image:type\" content=\"image\/png\" \/>\n<meta name=\"twitter:card\" content=\"summary_large_image\" \/>\n<meta name=\"twitter:label1\" content=\"Tiempo de lectura\" \/>\n\t<meta name=\"twitter:data1\" content=\"2 minutos\" \/>\n<script type=\"application\/ld+json\" class=\"yoast-schema-graph\">{\"@context\":\"https:\\\/\\\/schema.org\",\"@graph\":[{\"@type\":\"WebPage\",\"@id\":\"https:\\\/\\\/www.stefaniazani.it\\\/es\\\/producto\\\/como-hablar-con-la-tejedora-de-suenos\\\/\",\"url\":\"https:\\\/\\\/www.stefaniazani.it\\\/es\\\/producto\\\/como-hablar-con-la-tejedora-de-suenos\\\/\",\"name\":\"COME DIALOGARE CON IL TESSITORE DEI SOGNI - Stefania Zani\",\"isPartOf\":{\"@id\":\"https:\\\/\\\/www.stefaniazani.it\\\/#website\"},\"primaryImageOfPage\":{\"@id\":\"https:\\\/\\\/www.stefaniazani.it\\\/es\\\/producto\\\/como-hablar-con-la-tejedora-de-suenos\\\/#primaryimage\"},\"image\":{\"@id\":\"https:\\\/\\\/www.stefaniazani.it\\\/es\\\/producto\\\/como-hablar-con-la-tejedora-de-suenos\\\/#primaryimage\"},\"thumbnailUrl\":\"\",\"datePublished\":\"2026-03-23T11:27:26+00:00\",\"dateModified\":\"2026-04-26T12:23:13+00:00\",\"breadcrumb\":{\"@id\":\"https:\\\/\\\/www.stefaniazani.it\\\/es\\\/producto\\\/como-hablar-con-la-tejedora-de-suenos\\\/#breadcrumb\"},\"inLanguage\":\"es\",\"potentialAction\":[{\"@type\":\"ReadAction\",\"target\":[\"https:\\\/\\\/www.stefaniazani.it\\\/es\\\/producto\\\/como-hablar-con-la-tejedora-de-suenos\\\/\"]}]},{\"@type\":\"ImageObject\",\"inLanguage\":\"es\",\"@id\":\"https:\\\/\\\/www.stefaniazani.it\\\/es\\\/producto\\\/como-hablar-con-la-tejedora-de-suenos\\\/#primaryimage\",\"url\":\"\",\"contentUrl\":\"\",\"width\":1080,\"height\":1080},{\"@type\":\"BreadcrumbList\",\"@id\":\"https:\\\/\\\/www.stefaniazani.it\\\/es\\\/producto\\\/como-hablar-con-la-tejedora-de-suenos\\\/#breadcrumb\",\"itemListElement\":[{\"@type\":\"ListItem\",\"position\":1,\"name\":\"Home\",\"item\":\"https:\\\/\\\/www.stefaniazani.it\\\/\"},{\"@type\":\"ListItem\",\"position\":2,\"name\":\"Shop\",\"item\":\"https:\\\/\\\/www.stefaniazani.it\\\/negozio\\\/\"},{\"@type\":\"ListItem\",\"position\":3,\"name\":\"C\u00d3MO DIALOGAR CON EL TEJEDOR DE SUE\u00d1OS\"}]},{\"@type\":\"WebSite\",\"@id\":\"https:\\\/\\\/www.stefaniazani.it\\\/es\\\/#website\",\"url\":\"https:\\\/\\\/www.stefaniazani.it\\\/es\\\/\",\"name\":\"Stefania Zani\",\"description\":\"\",\"publisher\":{\"@id\":\"https:\\\/\\\/www.stefaniazani.it\\\/es\\\/#organization\"},\"potentialAction\":[{\"@type\":\"SearchAction\",\"target\":{\"@type\":\"EntryPoint\",\"urlTemplate\":\"https:\\\/\\\/www.stefaniazani.it\\\/es\\\/?s={search_term_string}\"},\"query-input\":{\"@type\":\"PropertyValueSpecification\",\"valueRequired\":true,\"valueName\":\"search_term_string\"}}],\"inLanguage\":\"es\"},{\"@type\":\"Organization\",\"@id\":\"https:\\\/\\\/www.stefaniazani.it\\\/es\\\/#organization\",\"name\":\"Stefania Zani Srl\",\"url\":\"https:\\\/\\\/www.stefaniazani.it\\\/es\\\/\",\"logo\":{\"@type\":\"ImageObject\",\"inLanguage\":\"es\",\"@id\":\"https:\\\/\\\/www.stefaniazani.it\\\/es\\\/#\\\/schema\\\/logo\\\/image\\\/\",\"url\":\"https:\\\/\\\/www.stefaniazani.it\\\/wp-content\\\/uploads\\\/2024\\\/03\\\/stefania_zani_logo_start.png\",\"contentUrl\":\"https:\\\/\\\/www.stefaniazani.it\\\/wp-content\\\/uploads\\\/2024\\\/03\\\/stefania_zani_logo_start.png\",\"width\":250,\"height\":50,\"caption\":\"Stefania Zani Srl\"},\"image\":{\"@id\":\"https:\\\/\\\/www.stefaniazani.it\\\/es\\\/#\\\/schema\\\/logo\\\/image\\\/\"},\"sameAs\":[\"https:\\\/\\\/www.facebook.com\\\/p\\\/Stefania-Zani-100087139977126\\\/\",\"https:\\\/\\\/www.instagram.com\\\/stefania__zani\\\/\"]}]}<\/script>\n<!-- \/ Yoast SEO plugin. -->","yoast_head_json":{"title":"C\u00d3MO DIALOGAR CON EL TEJEDOR DE SUE\u00d1OS","description":"C\u00f3mo dialogar con la tejedora de sue\u00f1os Con la participaci\u00f3n de Zuleika Fusco Conferencia grabada   Este encuentro es una extensi\u00f3n natural de la lecci\u00f3n El lenguaje secreto de los sue\u00f1os.  En esta lecci\u00f3n, el enfoque ser\u00e1 principalmente vivencial: trabajaremos los sue\u00f1os de los participantes a trav\u00e9s de momentos de interpretaci\u00f3n directa, flanqueados por ejercicios pr\u00e1cticos que les permitir\u00e1n entrar en contacto vivo con su propio mundo on\u00edrico. Alternaremos breves momentos de explicaci\u00f3n con experiencias guiadas, de modo que la teor\u00eda pueda traducirse inmediatamente en la pr\u00e1ctica.  El objetivo es ofrecer herramientas concretas para escuchar, comprender y utilizar el lenguaje de los sue\u00f1os, permitiendo que cada uno se lleve consigo no s\u00f3lo nuevos conocimientos, sino tambi\u00e9n una forma m\u00e1s profunda y consciente de relacionarse con su mundo interior.  El enlace y la contrase\u00f1a para acceder a la grabaci\u00f3n de la lecci\u00f3n se encuentran en el archivo pdf que llega con el correo electr\u00f3nico de confirmaci\u00f3n autom\u00e1tica del pedido.","robots":{"index":"index","follow":"follow","max-snippet":"max-snippet:-1","max-image-preview":"max-image-preview:large","max-video-preview":"max-video-preview:-1"},"canonical":"C\u00f3mo dialogar con la tejedora de sue\u00f1os Con la participaci\u00f3n de Zuleika Fusco Conferencia grabada   Este encuentro es una extensi\u00f3n natural de la lecci\u00f3n El lenguaje secreto de los sue\u00f1os.  En esta lecci\u00f3n, el enfoque ser\u00e1 principalmente vivencial: trabajaremos los sue\u00f1os de los participantes a trav\u00e9s de momentos de interpretaci\u00f3n directa, flanqueados por ejercicios pr\u00e1cticos que les permitir\u00e1n entrar en contacto vivo con su propio mundo on\u00edrico. Alternaremos breves momentos de explicaci\u00f3n con experiencias guiadas, de modo que la teor\u00eda pueda traducirse inmediatamente en la pr\u00e1ctica.  El objetivo es ofrecer herramientas concretas para escuchar, comprender y utilizar el lenguaje de los sue\u00f1os, permitiendo que cada uno se lleve consigo no s\u00f3lo nuevos conocimientos, sino tambi\u00e9n una forma m\u00e1s profunda y consciente de relacionarse con su mundo interior.  El enlace y la contrase\u00f1a para acceder a la grabaci\u00f3n de la lecci\u00f3n se encuentran en el archivo pdf que llega con el correo electr\u00f3nico de confirmaci\u00f3n autom\u00e1tica del pedido.","og_locale":"es_ES","og_type":"article","og_title":"C\u00d3MO DIALOGAR CON EL TEJEDOR DE SUE\u00d1OS","og_description":"C\u00f3mo dialogar con la tejedora de sue\u00f1os Con la participaci\u00f3n de Zuleika Fusco Conferencia grabada   Este encuentro es una extensi\u00f3n natural de la lecci\u00f3n El lenguaje secreto de los sue\u00f1os.  En esta lecci\u00f3n, el enfoque ser\u00e1 principalmente vivencial: trabajaremos los sue\u00f1os de los participantes a trav\u00e9s de momentos de interpretaci\u00f3n directa, flanqueados por ejercicios pr\u00e1cticos que les permitir\u00e1n entrar en contacto vivo con su propio mundo on\u00edrico. Alternaremos breves momentos de explicaci\u00f3n con experiencias guiadas, de modo que la teor\u00eda pueda traducirse inmediatamente en la pr\u00e1ctica.  El objetivo es ofrecer herramientas concretas para escuchar, comprender y utilizar el lenguaje de los sue\u00f1os, permitiendo que cada uno se lleve consigo no s\u00f3lo nuevos conocimientos, sino tambi\u00e9n una forma m\u00e1s profunda y consciente de relacionarse con su mundo interior.  El enlace y la contrase\u00f1a para acceder a la grabaci\u00f3n de la lecci\u00f3n se encuentran en el archivo pdf que llega con el correo electr\u00f3nico de confirmaci\u00f3n autom\u00e1tica del pedido.","og_url":"https:\/\/www.stefaniazani.it\/es\/producto\/como-hablar-con-la-tejedora-de-suenos\/","og_site_name":"Stefania Zani","article_publisher":"https:\/\/www.facebook.com\/p\/Stefania-Zani-100087139977126\/","article_modified_time":"2026-04-26T12:23:13+00:00","og_image":[{"width":1080,"height":1080,"url":"https:\/\/www.stefaniazani.it\/wp-content\/uploads\/2026\/04\/Il-Linguaggio-Segreto-dei-Sogni-seminario-2.png","type":"image\/png"}],"twitter_card":"summary_large_image","twitter_misc":{"Tiempo de lectura":"2 minutos"},"schema":{"@context":"https:\/\/schema.org","@graph":[{"@type":"WebPage","@id":"https:\/\/www.stefaniazani.it\/es\/producto\/como-hablar-con-la-tejedora-de-suenos\/","url":"https:\/\/www.stefaniazani.it\/es\/producto\/como-hablar-con-la-tejedora-de-suenos\/","name":"COME DIALOGARE CON IL TESSITORE DEI SOGNI - Stefania Zani","isPartOf":{"@id":"https:\/\/www.stefaniazani.it\/#website"},"primaryImageOfPage":{"@id":"https:\/\/www.stefaniazani.it\/es\/producto\/como-hablar-con-la-tejedora-de-suenos\/#primaryimage"},"image":{"@id":"https:\/\/www.stefaniazani.it\/es\/producto\/como-hablar-con-la-tejedora-de-suenos\/#primaryimage"},"thumbnailUrl":"","datePublished":"2026-03-23T11:27:26+00:00","dateModified":"2026-04-26T12:23:13+00:00","breadcrumb":{"@id":"https:\/\/www.stefaniazani.it\/es\/producto\/como-hablar-con-la-tejedora-de-suenos\/#breadcrumb"},"inLanguage":"es","potentialAction":[{"@type":"ReadAction","target":["https:\/\/www.stefaniazani.it\/es\/producto\/como-hablar-con-la-tejedora-de-suenos\/"]}]},{"@type":"ImageObject","inLanguage":"es","@id":"https:\/\/www.stefaniazani.it\/es\/producto\/como-hablar-con-la-tejedora-de-suenos\/#primaryimage","url":"","contentUrl":"","width":1080,"height":1080},{"@type":"BreadcrumbList","@id":"https:\/\/www.stefaniazani.it\/es\/producto\/como-hablar-con-la-tejedora-de-suenos\/#breadcrumb","itemListElement":[{"@type":"ListItem","position":1,"name":"Home","item":"https:\/\/www.stefaniazani.it\/"},{"@type":"ListItem","position":2,"name":"Shop","item":"https:\/\/www.stefaniazani.it\/negozio\/"},{"@type":"ListItem","position":3,"name":"C\u00d3MO DIALOGAR CON EL TEJEDOR DE SUE\u00d1OS"}]},{"@type":"WebSite","@id":"https:\/\/www.stefaniazani.it\/es\/#website","url":"https:\/\/www.stefaniazani.it\/es\/","name":"Stefania Zani","description":"","publisher":{"@id":"https:\/\/www.stefaniazani.it\/es\/#organization"},"potentialAction":[{"@type":"SearchAction","target":{"@type":"EntryPoint","urlTemplate":"https:\/\/www.stefaniazani.it\/es\/?s={search_term_string}"},"query-input":{"@type":"PropertyValueSpecification","valueRequired":true,"valueName":"search_term_string"}}],"inLanguage":"es"},{"@type":"Organization","@id":"https:\/\/www.stefaniazani.it\/es\/#organization","name":"Stefania Zani Srl","url":"https:\/\/www.stefaniazani.it\/es\/","logo":{"@type":"ImageObject","inLanguage":"es","@id":"https:\/\/www.stefaniazani.it\/es\/#\/schema\/logo\/image\/","url":"https:\/\/www.stefaniazani.it\/wp-content\/uploads\/2024\/03\/stefania_zani_logo_start.png","contentUrl":"https:\/\/www.stefaniazani.it\/wp-content\/uploads\/2024\/03\/stefania_zani_logo_start.png","width":250,"height":50,"caption":"Stefania Zani Srl"},"image":{"@id":"https:\/\/www.stefaniazani.it\/es\/#\/schema\/logo\/image\/"},"sameAs":["https:\/\/www.facebook.com\/p\/Stefania-Zani-100087139977126\/","https:\/\/www.instagram.com\/stefania__zani\/"]}]}},"df_price":60,"df_sale_price":"","df_regular_price":60,"df_image_link":"https:\/\/www.stefaniazani.it\/wp-content\/uploads\/woocommerce-placeholder-300x300.png","_links":{"self":[{"href":"https:\/\/www.stefaniazani.it\/es\/wp-json\/wp\/v2\/product\/22981","targetHints":{"allow":["GET"]}}],"collection":[{"href":"https:\/\/www.stefaniazani.it\/es\/wp-json\/wp\/v2\/product"}],"about":[{"href":"https:\/\/www.stefaniazani.it\/es\/wp-json\/wp\/v2\/types\/product"}],"wp:featuredmedia":[{"embeddable":true,"href":"https:\/\/www.stefaniazani.it\/es\/wp-json\/"}],"wp:attachment":[{"href":"https:\/\/www.stefaniazani.it\/es\/wp-json\/wp\/v2\/media?parent=22981"}],"wp:term":[{"taxonomy":"product_brand","embeddable":true,"href":"https:\/\/www.stefaniazani.it\/es\/wp-json\/wp\/v2\/product_brand?post=22981"},{"taxonomy":"product_cat","embeddable":true,"href":"https:\/\/www.stefaniazani.it\/es\/wp-json\/wp\/v2\/product_cat?post=22981"},{"taxonomy":"product_tag","embeddable":true,"href":"https:\/\/www.stefaniazani.it\/es\/wp-json\/wp\/v2\/product_tag?post=22981"}],"curies":[{"name":"wp","href":"https:\/\/api.w.org\/{rel}","templated":true}]}}