{"id":22701,"date":"2026-03-03T20:00:33","date_gmt":"2026-03-03T19:00:33","guid":{"rendered":"https:\/\/www.stefaniazani.it\/prodotto\/\/"},"modified":"2026-04-29T23:04:59","modified_gmt":"2026-04-29T21:04:59","slug":"percorso-sulla-matrice-di-vita-tre-moduli-milano","status":"publish","type":"product","link":"https:\/\/www.stefaniazani.it\/es\/producto\/camino-sobre-la-matriz-de-la-vida-tres-modulos-milan\/","title":{"rendered":"CURSO LIFE MATRIX - MIL\u00c1N - TRES M\u00d3DULOS"},"content":{"rendered":"<p><strong> Ruta de formaci\u00f3n completa<br \/>Curso sobre la Matriz de la Vida\u00ae &#8211; Bioanalog\u00eda Esencial\u00ae &#8211; Mil\u00e1n<\/strong><\/p>\n<p>Si compra los tres m\u00f3dulos individualmente, el valor total es de 1.200 euros (IVA incluido). Con el curso completo, sin embargo, el precio es de 960 euros (IVA incluido),<br \/>benefici\u00e1ndose de un descuento del 20%. Los tres m\u00f3dulos del ciclo de formaci\u00f3n Bioanalog\u00eda Esencial\u00ae tendr\u00e1n lugar en Mil\u00e1n en las siguientes fechas:<\/p>\n<ul>\n<li>M\u00f3dulo 1: 19 y 20 de septiembre de 2026<\/li>\n<li>M\u00f3dulo 2: 17 y 18 de octubre de 2026<\/li>\n<li>M\u00f3dulo 3: 28 y 29 de noviembre de 2026<\/li>\n<\/ul>\n<p><strong>Condiciones de participaci\u00f3n y gesti\u00f3n flexible de las ausencias<\/strong><\/p>\n<ol>\n<li><strong>Validez de la oferta:<\/strong> El descuento del 20% se aplica exclusivamente a la compra anticipada y conjunta de los tres m\u00f3dulos arriba indicados. La oferta no es acumulable a otras promociones.<\/li>\n<li><strong>Gesti\u00f3n de las Ausencias y M\u00e9todos de Recuperaci\u00f3n:<\/strong>\n<ol>\n<li><strong>Principio de no reembolsabilidad:<\/strong> La cuota de inscripci\u00f3n abonada por el paquete garantiza la plaza para las fechas indicadas. Dado el car\u00e1cter promocional de la oferta, que incluye un descuento sobre el precio de lista, la cuota no es reembolsable en caso de no participaci\u00f3n, incluso en un solo m\u00f3dulo, por cualquier motivo.<\/li>\n<li><strong>Derecho de recuperaci\u00f3n:<\/strong> Con el fin de proteger la inversi\u00f3n en formaci\u00f3n, en caso de no poder participar en uno o varios m\u00f3dulos, no se perder\u00e1 la cuota correspondiente. El abonado devengar\u00e1 el derecho a participar gratuitamente en el mismo m\u00f3dulo en otra fecha y lugar, en las condiciones que se especifican a continuaci\u00f3n.<\/li>\n<li><strong>Condiciones para la recuperaci\u00f3n:<\/strong> <strong>a. Notificaci\u00f3n de ausencia (Regla general):<\/strong> Para beneficiarse del derecho de recuperaci\u00f3n, el inscrito est\u00e1 obligado a comunicar su ausencia por correo electr\u00f3nico a <a href=\"mailto:incontri@stefaniazani.it\">incontri@stefaniazani.it<\/a> al menos 7 d\u00edas antes de la hora de inicio del m\u00f3dulo.<strong> b. Excepciones (Imposibilidad Imprevista):<\/strong> Entendemos que pueden surgir impedimentos repentinos. Por ello, incluso en caso de retraso en la comunicaci\u00f3n o de no comunicaci\u00f3n por motivos graves y documentados de imposibilidad sobrevenida (por ejemplo, motivo familiar grave), se seguir\u00e1 garantizando el derecho a la recuperaci\u00f3n. En todos los dem\u00e1s casos de incumplimiento del plazo de preaviso mencionado en el punto a), por necesidades organizativas, se perder\u00e1 el derecho a la recuperaci\u00f3n. c. <strong> Elecci\u00f3n y Reserva de Recuperaci\u00f3n:<\/strong> La persona inscrita podr\u00e1 elegir una de las fechas y ciudades alternativas disponibles en el calendario oficial del curso, publicado y actualizado en la p\u00e1gina de <a href=\"https:\/\/www.stefaniazani.it\/la-bioanalogia-essenziale\/\">Bioanalog\u00eda Esencial<\/a>. Por favor, consulte el calendario para comprobar las opciones disponibles y hacer una elecci\u00f3n informada. La participaci\u00f3n en el m\u00f3dulo de recuperaci\u00f3n est\u00e1 sujeta a la disponibilidad de plazas y debe solicitarse por correo electr\u00f3nico al menos 10 d\u00edas antes de la fecha elegida. El afiliado deber\u00e1 especificar en la solicitud el m\u00f3dulo en el que no particip\u00f3, la fecha de recuperaci\u00f3n deseada y adjuntar el justificante de la compra original del paquete. La participaci\u00f3n ser\u00e1 confirmada por correo electr\u00f3nico por nuestra secretar\u00eda.<strong> d. Gesti\u00f3n de movimientos posteriores:<\/strong> La primera recuperaci\u00f3n de cada m\u00f3dulo, si se solicita de acuerdo con las condiciones anteriores, es gratuita. En caso de que el participante no pueda asistir a la fecha de reprogramaci\u00f3n y solicite una segunda reprogramaci\u00f3n para el mismo m\u00f3dulo, esta solicitud ser\u00e1 aceptada, previa comprobaci\u00f3n de disponibilidad, con la aplicaci\u00f3n de una tasa de 50 euros en concepto de gastos de secretar\u00eda. Para cualquier aplazamiento posterior al segundo, los gastos de secretar\u00eda ser\u00e1n de 100 euros.<\/li>\n<li><strong>Utilizaci\u00f3n de la tasa:<\/strong> La tasa abonada y no utilizada s\u00f3lo podr\u00e1 utilizarse para recuperar los m\u00f3dulos de Bioanalog\u00eda Esencial adquiridos con esta oferta. No podr\u00e1 convertirse en cr\u00e9dito para la compra de otros cursos o servicios o productos, ni podr\u00e1 monetizarse.<\/li>\n<li><strong>Aceptaci\u00f3n de las condiciones:<\/strong> La adquisici\u00f3n del \u00abCurso de Formaci\u00f3n Completo\u00bb implica el pleno conocimiento y aceptaci\u00f3n de las presentes condiciones.<\/li>\n<\/ol>\n<\/li>\n<\/ol>\n<p><strong>\u00bfYa ha adquirido y asistido al primer m\u00f3dulo y ha decidido completar el itinerario formativo? Le ofrecemos la posibilidad de adquirir los dos m\u00f3dulos restantes (M\u00f3dulo 2 y M\u00f3dulo 3) en un \u00fanico pago, benefici\u00e1ndose de un descuento de 100 euros.<\/strong><\/p>\n<p><strong>Condiciones de la Oferta de Actualizaci\u00f3n:<\/strong><\/p>\n<ol>\n<li><strong>Precio y Requisitos:<\/strong><\/li>\n<ul>\n<li><strong>Precio con descuento:<\/strong> Al adquirir conjuntamente el M\u00f3dulo 2 y el M\u00f3dulo 3, el coste ser\u00e1 de 700 euros (IVA incluido) en lugar de 800 euros (IVA incluido).<\/li>\n<li><strong>Requisitos:<\/strong> La oferta est\u00e1 reservada a quienes ya hayan adquirido el primer m\u00f3dulo del mismo ciclo formativo a precio completo (400\u20ac, IVA incluido).<\/li>\n<li><strong>Procedimiento de<\/strong> compra: La compra de los dos m\u00f3dulos debe realizarse en una \u00fanica operaci\u00f3n.<\/li>\n<\/ul>\n<li><strong>Gesti\u00f3n de las Ausencias y Modalidades Flexibles de Recuperaci\u00f3n:<\/strong><\/li>\n<p><\/p>\n<ul>\n<li><strong>Principio de No Reembolso:<\/strong> La cuota de inscripci\u00f3n abonada en la oferta Upgrade garantiza la plaza para las fechas indicadas. Dado el car\u00e1cter promocional de la oferta, que incluye un descuento sobre el precio de lista, la cuota no es reembolsable en caso de no participaci\u00f3n, incluso en un solo m\u00f3dulo, por cualquier motivo.<\/li>\n<li><strong>Derecho de recuperaci\u00f3n:<\/strong> Con el fin de proteger la inversi\u00f3n en formaci\u00f3n, en caso de no poder participar en uno o ambos m\u00f3dulos, no se perder\u00e1 la cuota correspondiente. El abonado devengar\u00e1 el derecho a participar gratuitamente en el mismo m\u00f3dulo en otra fecha y lugar, en las condiciones que se especifican a continuaci\u00f3n.<\/li>\n<li><strong>Condiciones para la recuperaci\u00f3n:<\/strong><strong> a. Notificaci\u00f3n de ausencia (Regla general):<\/strong> Para beneficiarse del derecho de recuperaci\u00f3n, el inscrito est\u00e1 obligado a comunicar su ausencia por correo electr\u00f3nico a <a href=\"mailto:incontri@stefaniazani.it\">incontri@stefaniazani.it<\/a> al menos 7 d\u00edas antes de la hora de inicio del m\u00f3dulo. <strong>b. Excepciones (Imposibilidad Imprevista):<\/strong> Entendemos que pueden surgir impedimentos repentinos. Por ello, incluso en caso de retraso en la comunicaci\u00f3n o de no comunicaci\u00f3n por motivos graves y documentados de imposibilidad sobrevenida (por ejemplo, motivo familiar grave), se seguir\u00e1 garantizando el derecho a la recuperaci\u00f3n. En todos los dem\u00e1s casos de incumplimiento del plazo de preaviso mencionado en la letra a), por razones organizativas, se perder\u00e1 el derecho al cobro. <strong>c. Elecci\u00f3n y reserva de la recuperaci\u00f3n:<\/strong> El inscrito podr\u00e1 elegir una de las fechas y ciudades alternativas disponibles en el calendario oficial del curso, publicado y actualizado en la p\u00e1gina de <a href=\"https:\/\/www.stefaniazani.it\/la-bioanalogia-essenziale\/\">Bioanalog\u00eda Esencial<\/a>. Por favor, consulte el calendario para comprobar las opciones disponibles y hacer una elecci\u00f3n informada. La participaci\u00f3n en el m\u00f3dulo de recuperaci\u00f3n est\u00e1 sujeta a la disponibilidad de plazas y debe solicitarse por correo electr\u00f3nico al menos 10 d\u00edas antes de la fecha elegida. El afiliado deber\u00e1 especificar en la solicitud el m\u00f3dulo en el que no particip\u00f3, la fecha de recuperaci\u00f3n deseada y adjuntar el justificante de la compra original del paquete. La participaci\u00f3n ser\u00e1 confirmada por correo electr\u00f3nico por nuestra secretar\u00eda.<strong> d. Gesti\u00f3n de movimientos posteriores:<\/strong> La primera recuperaci\u00f3n de cada m\u00f3dulo, si se solicita de acuerdo con las condiciones anteriores, es gratuita. En caso de que el participante no pueda asistir a la fecha de reprogramaci\u00f3n y solicite, de conformidad con las condiciones antes mencionadas, una segunda reprogramaci\u00f3n para el mismo m\u00f3dulo, esta solicitud ser\u00e1 aceptada, previa comprobaci\u00f3n de disponibilidad, con la aplicaci\u00f3n de una tasa de 50 euros en concepto de gastos de secretar\u00eda. Para cada traslado posterior al segundo, los gastos de secretar\u00eda ser\u00e1n de 100 euros.<\/li>\n<\/ul>\n<li><strong>Utilizaci\u00f3n de la tasa:<\/strong> La tasa abonada y no utilizada s\u00f3lo podr\u00e1 utilizarse para recuperar los m\u00f3dulos de Bioanalog\u00eda Esencial adquiridos con esta oferta. No es posible convertirla en cr\u00e9dito para la compra de otros cursos o servicios o productos ni solicitar su monetizaci\u00f3n.<\/li>\n<li><strong>Aceptaci\u00f3n de las Condiciones:<\/strong> La compra de la Oferta implica el pleno conocimiento y aceptaci\u00f3n de las presentes condiciones de venta.<\/li>\n<\/ol>\n","protected":false},"excerpt":{"rendered":"<p><strong> Trayecto completo de formaci\u00f3n<br \/>Curso sobre la Matriz de la Vida\u00ae &#8211; Bioanalog\u00eda Esencial\u00ae &#8211; Mil\u00e1n<\/strong><\/p>\n<p>Es posible adquirir el itinerario completo de Bioanalog\u00eda Esencial\u00ae, que incluye los tres m\u00f3dulos, con una reducci\u00f3n del 20% respecto a la compra de cursos individuales.<\/p>\n<p><strong>Fechas del curso (todos los encuentros tendr\u00e1n lugar en Mil\u00e1n):<\/strong><\/p>\n<ul>\n<li>M\u00f3dulo 1: 19 y 20 de septiembre de 2026<\/li>\n<li>M\u00f3dulo 2: 17 y 18 de octubre de 2026<\/li>\n<li>M\u00f3dulo 3: 28 y 29 de noviembre de 2026<\/li>\n<\/ul>\n<p>A continuaci\u00f3n figuran las condiciones generales de la propuesta: l\u00e9alas atentamente antes de proceder a la compra.<\/p>\n<p>Las condiciones tambi\u00e9n est\u00e1n incluidas en las condiciones generales del sitio, que usted aceptar\u00e1 al realizar su pedido.<\/p>\n<p>Si tiene alguna duda, escr\u00edbanos<a href=\"mailto:incontri@stefaniazani.it\">a<\/a> incontri@stefaniazani.it<\/p>\n","protected":false},"featured_media":19206,"template":"","meta":[],"product_brand":[],"product_cat":[45],"product_tag":[],"class_list":{"0":"post-22701","1":"product","2":"type-product","3":"status-publish","4":"has-post-thumbnail","6":"product_cat-seminari","8":"first","9":"instock","10":"sale","11":"downloadable","12":"virtual","13":"purchasable","14":"product-type-simple"},"yoast_head":"<!-- This site is optimized with the Yoast SEO plugin v27.5 - https:\/\/yoast.com\/product\/yoast-seo-wordpress\/ -->\n<title>CURSO LIFE MATRIX - MIL\u00c1N - TRES M\u00d3DULOS<\/title>\n<meta name=\"description\" content=\"Trayecto completo de formaci\u00f3nCurso sobre la Matriz de la Vida\u00ae - Bioanalog\u00eda Esencial\u00ae - Mil\u00e1n  Es posible adquirir el itinerario completo de Bioanalog\u00eda Esencial\u00ae, que incluye los tres m\u00f3dulos, con una reducci\u00f3n del 20% respecto a la compra de cursos individuales.  Fechas del curso (todos los encuentros tendr\u00e1n lugar en Mil\u00e1n):  M\u00f3dulo 1: 19 y 20 de septiembre de 2026 M\u00f3dulo 2: 17 y 18 de octubre de 2026 M\u00f3dulo 3: 28 y 29 de noviembre de 2026  A continuaci\u00f3n figuran las condiciones generales de la propuesta: l\u00e9alas atentamente antes de proceder a la compra.  Las condiciones tambi\u00e9n est\u00e1n incluidas en las condiciones generales del sitio, que usted aceptar\u00e1 al realizar su pedido.  Si tiene alguna duda, escr\u00edbanosa incontri@stefaniazani.it\" \/>\n<meta name=\"robots\" content=\"index, follow, max-snippet:-1, max-image-preview:large, max-video-preview:-1\" \/>\n<link rel=\"canonical\" href=\"\" \/>\n<meta property=\"og:locale\" content=\"es_ES\" \/>\n<meta property=\"og:type\" content=\"article\" \/>\n<meta property=\"og:title\" content=\"CURSO LIFE MATRIX - MIL\u00c1N - TRES M\u00d3DULOS\" \/>\n<meta property=\"og:description\" content=\"Trayecto completo de formaci\u00f3nCurso sobre la Matriz de la Vida\u00ae - Bioanalog\u00eda Esencial\u00ae - Mil\u00e1n  Es posible adquirir el itinerario completo de Bioanalog\u00eda Esencial\u00ae, que incluye los tres m\u00f3dulos, con una reducci\u00f3n del 20% respecto a la compra de cursos individuales.  Fechas del curso (todos los encuentros tendr\u00e1n lugar en Mil\u00e1n):  M\u00f3dulo 1: 19 y 20 de septiembre de 2026 M\u00f3dulo 2: 17 y 18 de octubre de 2026 M\u00f3dulo 3: 28 y 29 de noviembre de 2026  A continuaci\u00f3n figuran las condiciones generales de la propuesta: l\u00e9alas atentamente antes de proceder a la compra.  Las condiciones tambi\u00e9n est\u00e1n incluidas en las condiciones generales del sitio, que usted aceptar\u00e1 al realizar su pedido.  Si tiene alguna duda, escr\u00edbanosa incontri@stefaniazani.it\" \/>\n<meta property=\"og:url\" content=\"https:\/\/www.stefaniazani.it\/es\/producto\/camino-sobre-la-matriz-de-la-vida-tres-modulos-milan\/\" \/>\n<meta property=\"og:site_name\" content=\"Stefania Zani\" \/>\n<meta property=\"article:publisher\" content=\"https:\/\/www.facebook.com\/p\/Stefania-Zani-100087139977126\/\" \/>\n<meta property=\"article:modified_time\" content=\"2026-04-29T21:04:59+00:00\" \/>\n<meta property=\"og:image\" content=\"https:\/\/www.stefaniazani.it\/wp-content\/uploads\/2026\/03\/Bioanalogia-Secondo-livello-Torino.png\" \/>\n\t<meta property=\"og:image:width\" content=\"1080\" \/>\n\t<meta property=\"og:image:height\" content=\"1080\" \/>\n\t<meta property=\"og:image:type\" content=\"image\/png\" \/>\n<meta name=\"twitter:card\" content=\"summary_large_image\" \/>\n<meta name=\"twitter:label1\" content=\"Tiempo de lectura\" \/>\n\t<meta name=\"twitter:data1\" content=\"7 minutos\" \/>\n<script type=\"application\/ld+json\" class=\"yoast-schema-graph\">{\"@context\":\"https:\\\/\\\/schema.org\",\"@graph\":[{\"@type\":\"WebPage\",\"@id\":\"https:\\\/\\\/www.stefaniazani.it\\\/es\\\/producto\\\/camino-sobre-la-matriz-de-la-vida-tres-modulos-milan\\\/\",\"url\":\"https:\\\/\\\/www.stefaniazani.it\\\/es\\\/producto\\\/camino-sobre-la-matriz-de-la-vida-tres-modulos-milan\\\/\",\"name\":\"PERCORSO SULLA MATRICE DI VITA - MILANO - TRE MODULI - Stefania Zani\",\"isPartOf\":{\"@id\":\"https:\\\/\\\/www.stefaniazani.it\\\/#website\"},\"primaryImageOfPage\":{\"@id\":\"https:\\\/\\\/www.stefaniazani.it\\\/es\\\/producto\\\/camino-sobre-la-matriz-de-la-vida-tres-modulos-milan\\\/#primaryimage\"},\"image\":{\"@id\":\"https:\\\/\\\/www.stefaniazani.it\\\/es\\\/producto\\\/camino-sobre-la-matriz-de-la-vida-tres-modulos-milan\\\/#primaryimage\"},\"thumbnailUrl\":\"\",\"datePublished\":\"2026-03-03T19:00:33+00:00\",\"dateModified\":\"2026-04-29T21:04:59+00:00\",\"description\":\"Corso Matrice di Vita: iscriviti al Secondo Modulo a Padova il 5 e 6 settembre 2026. Vieni a scoprire la Bioanalogia Essenziale\u00ae\",\"breadcrumb\":{\"@id\":\"https:\\\/\\\/www.stefaniazani.it\\\/es\\\/producto\\\/camino-sobre-la-matriz-de-la-vida-tres-modulos-milan\\\/#breadcrumb\"},\"inLanguage\":\"es\",\"potentialAction\":[{\"@type\":\"ReadAction\",\"target\":[\"https:\\\/\\\/www.stefaniazani.it\\\/es\\\/producto\\\/camino-sobre-la-matriz-de-la-vida-tres-modulos-milan\\\/\"]}]},{\"@type\":\"ImageObject\",\"inLanguage\":\"es\",\"@id\":\"https:\\\/\\\/www.stefaniazani.it\\\/es\\\/producto\\\/camino-sobre-la-matriz-de-la-vida-tres-modulos-milan\\\/#primaryimage\",\"url\":\"\",\"contentUrl\":\"\",\"width\":1080,\"height\":1080},{\"@type\":\"BreadcrumbList\",\"@id\":\"https:\\\/\\\/www.stefaniazani.it\\\/es\\\/producto\\\/camino-sobre-la-matriz-de-la-vida-tres-modulos-milan\\\/#breadcrumb\",\"itemListElement\":[{\"@type\":\"ListItem\",\"position\":1,\"name\":\"Home\",\"item\":\"https:\\\/\\\/www.stefaniazani.it\\\/\"},{\"@type\":\"ListItem\",\"position\":2,\"name\":\"Shop\",\"item\":\"https:\\\/\\\/www.stefaniazani.it\\\/negozio\\\/\"},{\"@type\":\"ListItem\",\"position\":3,\"name\":\"CURSO LIFE MATRIX - MIL\u00c1N - TRES M\u00d3DULOS\"}]},{\"@type\":\"WebSite\",\"@id\":\"https:\\\/\\\/www.stefaniazani.it\\\/es\\\/#website\",\"url\":\"https:\\\/\\\/www.stefaniazani.it\\\/es\\\/\",\"name\":\"Stefania Zani\",\"description\":\"\",\"publisher\":{\"@id\":\"https:\\\/\\\/www.stefaniazani.it\\\/es\\\/#organization\"},\"potentialAction\":[{\"@type\":\"SearchAction\",\"target\":{\"@type\":\"EntryPoint\",\"urlTemplate\":\"https:\\\/\\\/www.stefaniazani.it\\\/es\\\/?s={search_term_string}\"},\"query-input\":{\"@type\":\"PropertyValueSpecification\",\"valueRequired\":true,\"valueName\":\"search_term_string\"}}],\"inLanguage\":\"es\"},{\"@type\":\"Organization\",\"@id\":\"https:\\\/\\\/www.stefaniazani.it\\\/es\\\/#organization\",\"name\":\"Stefania Zani Srl\",\"url\":\"https:\\\/\\\/www.stefaniazani.it\\\/es\\\/\",\"logo\":{\"@type\":\"ImageObject\",\"inLanguage\":\"es\",\"@id\":\"https:\\\/\\\/www.stefaniazani.it\\\/es\\\/#\\\/schema\\\/logo\\\/image\\\/\",\"url\":\"https:\\\/\\\/www.stefaniazani.it\\\/wp-content\\\/uploads\\\/2024\\\/03\\\/stefania_zani_logo_start.png\",\"contentUrl\":\"https:\\\/\\\/www.stefaniazani.it\\\/wp-content\\\/uploads\\\/2024\\\/03\\\/stefania_zani_logo_start.png\",\"width\":250,\"height\":50,\"caption\":\"Stefania Zani Srl\"},\"image\":{\"@id\":\"https:\\\/\\\/www.stefaniazani.it\\\/es\\\/#\\\/schema\\\/logo\\\/image\\\/\"},\"sameAs\":[\"https:\\\/\\\/www.facebook.com\\\/p\\\/Stefania-Zani-100087139977126\\\/\",\"https:\\\/\\\/www.instagram.com\\\/stefania__zani\\\/\"]}]}<\/script>\n<!-- \/ Yoast SEO plugin. -->","yoast_head_json":{"title":"CURSO LIFE MATRIX - MIL\u00c1N - TRES M\u00d3DULOS","description":"Trayecto completo de formaci\u00f3nCurso sobre la Matriz de la Vida\u00ae - Bioanalog\u00eda Esencial\u00ae - Mil\u00e1n  Es posible adquirir el itinerario completo de Bioanalog\u00eda Esencial\u00ae, que incluye los tres m\u00f3dulos, con una reducci\u00f3n del 20% respecto a la compra de cursos individuales.  Fechas del curso (todos los encuentros tendr\u00e1n lugar en Mil\u00e1n):  M\u00f3dulo 1: 19 y 20 de septiembre de 2026 M\u00f3dulo 2: 17 y 18 de octubre de 2026 M\u00f3dulo 3: 28 y 29 de noviembre de 2026  A continuaci\u00f3n figuran las condiciones generales de la propuesta: l\u00e9alas atentamente antes de proceder a la compra.  Las condiciones tambi\u00e9n est\u00e1n incluidas en las condiciones generales del sitio, que usted aceptar\u00e1 al realizar su pedido.  Si tiene alguna duda, escr\u00edbanosa incontri@stefaniazani.it","robots":{"index":"index","follow":"follow","max-snippet":"max-snippet:-1","max-image-preview":"max-image-preview:large","max-video-preview":"max-video-preview:-1"},"canonical":"Trayecto completo de formaci\u00f3nCurso sobre la Matriz de la Vida\u00ae - Bioanalog\u00eda Esencial\u00ae - Mil\u00e1n  Es posible adquirir el itinerario completo de Bioanalog\u00eda Esencial\u00ae, que incluye los tres m\u00f3dulos, con una reducci\u00f3n del 20% respecto a la compra de cursos individuales.  Fechas del curso (todos los encuentros tendr\u00e1n lugar en Mil\u00e1n):  M\u00f3dulo 1: 19 y 20 de septiembre de 2026 M\u00f3dulo 2: 17 y 18 de octubre de 2026 M\u00f3dulo 3: 28 y 29 de noviembre de 2026  A continuaci\u00f3n figuran las condiciones generales de la propuesta: l\u00e9alas atentamente antes de proceder a la compra.  Las condiciones tambi\u00e9n est\u00e1n incluidas en las condiciones generales del sitio, que usted aceptar\u00e1 al realizar su pedido.  Si tiene alguna duda, escr\u00edbanosa incontri@stefaniazani.it","og_locale":"es_ES","og_type":"article","og_title":"CURSO LIFE MATRIX - MIL\u00c1N - TRES M\u00d3DULOS","og_description":"Trayecto completo de formaci\u00f3nCurso sobre la Matriz de la Vida\u00ae - Bioanalog\u00eda Esencial\u00ae - Mil\u00e1n  Es posible adquirir el itinerario completo de Bioanalog\u00eda Esencial\u00ae, que incluye los tres m\u00f3dulos, con una reducci\u00f3n del 20% respecto a la compra de cursos individuales.  Fechas del curso (todos los encuentros tendr\u00e1n lugar en Mil\u00e1n):  M\u00f3dulo 1: 19 y 20 de septiembre de 2026 M\u00f3dulo 2: 17 y 18 de octubre de 2026 M\u00f3dulo 3: 28 y 29 de noviembre de 2026  A continuaci\u00f3n figuran las condiciones generales de la propuesta: l\u00e9alas atentamente antes de proceder a la compra.  Las condiciones tambi\u00e9n est\u00e1n incluidas en las condiciones generales del sitio, que usted aceptar\u00e1 al realizar su pedido.  Si tiene alguna duda, escr\u00edbanosa incontri@stefaniazani.it","og_url":"https:\/\/www.stefaniazani.it\/es\/producto\/camino-sobre-la-matriz-de-la-vida-tres-modulos-milan\/","og_site_name":"Stefania Zani","article_publisher":"https:\/\/www.facebook.com\/p\/Stefania-Zani-100087139977126\/","article_modified_time":"2026-04-29T21:04:59+00:00","og_image":[{"width":1080,"height":1080,"url":"https:\/\/www.stefaniazani.it\/wp-content\/uploads\/2026\/03\/Bioanalogia-Secondo-livello-Torino.png","type":"image\/png"}],"twitter_card":"summary_large_image","twitter_misc":{"Tiempo de lectura":"7 minutos"},"schema":{"@context":"https:\/\/schema.org","@graph":[{"@type":"WebPage","@id":"https:\/\/www.stefaniazani.it\/es\/producto\/camino-sobre-la-matriz-de-la-vida-tres-modulos-milan\/","url":"https:\/\/www.stefaniazani.it\/es\/producto\/camino-sobre-la-matriz-de-la-vida-tres-modulos-milan\/","name":"PERCORSO SULLA MATRICE DI VITA - MILANO - TRE MODULI - Stefania Zani","isPartOf":{"@id":"https:\/\/www.stefaniazani.it\/#website"},"primaryImageOfPage":{"@id":"https:\/\/www.stefaniazani.it\/es\/producto\/camino-sobre-la-matriz-de-la-vida-tres-modulos-milan\/#primaryimage"},"image":{"@id":"https:\/\/www.stefaniazani.it\/es\/producto\/camino-sobre-la-matriz-de-la-vida-tres-modulos-milan\/#primaryimage"},"thumbnailUrl":"","datePublished":"2026-03-03T19:00:33+00:00","dateModified":"2026-04-29T21:04:59+00:00","description":"Corso Matrice di Vita: iscriviti al Secondo Modulo a Padova il 5 e 6 settembre 2026. Vieni a scoprire la Bioanalogia Essenziale\u00ae","breadcrumb":{"@id":"https:\/\/www.stefaniazani.it\/es\/producto\/camino-sobre-la-matriz-de-la-vida-tres-modulos-milan\/#breadcrumb"},"inLanguage":"es","potentialAction":[{"@type":"ReadAction","target":["https:\/\/www.stefaniazani.it\/es\/producto\/camino-sobre-la-matriz-de-la-vida-tres-modulos-milan\/"]}]},{"@type":"ImageObject","inLanguage":"es","@id":"https:\/\/www.stefaniazani.it\/es\/producto\/camino-sobre-la-matriz-de-la-vida-tres-modulos-milan\/#primaryimage","url":"","contentUrl":"","width":1080,"height":1080},{"@type":"BreadcrumbList","@id":"https:\/\/www.stefaniazani.it\/es\/producto\/camino-sobre-la-matriz-de-la-vida-tres-modulos-milan\/#breadcrumb","itemListElement":[{"@type":"ListItem","position":1,"name":"Home","item":"https:\/\/www.stefaniazani.it\/"},{"@type":"ListItem","position":2,"name":"Shop","item":"https:\/\/www.stefaniazani.it\/negozio\/"},{"@type":"ListItem","position":3,"name":"CURSO LIFE MATRIX - MIL\u00c1N - TRES M\u00d3DULOS"}]},{"@type":"WebSite","@id":"https:\/\/www.stefaniazani.it\/es\/#website","url":"https:\/\/www.stefaniazani.it\/es\/","name":"Stefania Zani","description":"","publisher":{"@id":"https:\/\/www.stefaniazani.it\/es\/#organization"},"potentialAction":[{"@type":"SearchAction","target":{"@type":"EntryPoint","urlTemplate":"https:\/\/www.stefaniazani.it\/es\/?s={search_term_string}"},"query-input":{"@type":"PropertyValueSpecification","valueRequired":true,"valueName":"search_term_string"}}],"inLanguage":"es"},{"@type":"Organization","@id":"https:\/\/www.stefaniazani.it\/es\/#organization","name":"Stefania Zani Srl","url":"https:\/\/www.stefaniazani.it\/es\/","logo":{"@type":"ImageObject","inLanguage":"es","@id":"https:\/\/www.stefaniazani.it\/es\/#\/schema\/logo\/image\/","url":"https:\/\/www.stefaniazani.it\/wp-content\/uploads\/2024\/03\/stefania_zani_logo_start.png","contentUrl":"https:\/\/www.stefaniazani.it\/wp-content\/uploads\/2024\/03\/stefania_zani_logo_start.png","width":250,"height":50,"caption":"Stefania Zani Srl"},"image":{"@id":"https:\/\/www.stefaniazani.it\/es\/#\/schema\/logo\/image\/"},"sameAs":["https:\/\/www.facebook.com\/p\/Stefania-Zani-100087139977126\/","https:\/\/www.instagram.com\/stefania__zani\/"]}]}},"df_price":960,"df_sale_price":960,"df_regular_price":1200,"df_image_link":"https:\/\/www.stefaniazani.it\/wp-content\/uploads\/woocommerce-placeholder-300x300.png","_links":{"self":[{"href":"https:\/\/www.stefaniazani.it\/es\/wp-json\/wp\/v2\/product\/22701","targetHints":{"allow":["GET"]}}],"collection":[{"href":"https:\/\/www.stefaniazani.it\/es\/wp-json\/wp\/v2\/product"}],"about":[{"href":"https:\/\/www.stefaniazani.it\/es\/wp-json\/wp\/v2\/types\/product"}],"wp:featuredmedia":[{"embeddable":true,"href":"https:\/\/www.stefaniazani.it\/es\/wp-json\/"}],"wp:attachment":[{"href":"https:\/\/www.stefaniazani.it\/es\/wp-json\/wp\/v2\/media?parent=22701"}],"wp:term":[{"taxonomy":"product_brand","embeddable":true,"href":"https:\/\/www.stefaniazani.it\/es\/wp-json\/wp\/v2\/product_brand?post=22701"},{"taxonomy":"product_cat","embeddable":true,"href":"https:\/\/www.stefaniazani.it\/es\/wp-json\/wp\/v2\/product_cat?post=22701"},{"taxonomy":"product_tag","embeddable":true,"href":"https:\/\/www.stefaniazani.it\/es\/wp-json\/wp\/v2\/product_tag?post=22701"}],"curies":[{"name":"wp","href":"https:\/\/api.w.org\/{rel}","templated":true}]}}