{"id":22257,"date":"2026-02-04T02:37:29","date_gmt":"2026-02-04T01:37:29","guid":{"rendered":"https:\/\/www.stefaniazani.it\/prodotto\/\/"},"modified":"2026-04-29T23:14:07","modified_gmt":"2026-04-29T21:14:07","slug":"corso-sulla-matrice-di-vita-secondo-modulo-milano-17-18-ottobre","status":"publish","type":"product","link":"https:\/\/www.stefaniazani.it\/es\/producto\/curso-matriz-de-la-vida-segundo-modulo-milan-17-18-octubre\/","title":{"rendered":"CURSO LIFE MATRIX - SEGUNDO M\u00d3DULO - MIL\u00c1N - 17\/18 OCTUBRE"},"content":{"rendered":"<p><strong>Curso Matriz de Vida\u00ae &#8211; Bioanalog\u00eda Esencial\u00ae <br \/>Mil\u00e1n &#8211; 17\/18 Octubre 2026 &#8211; Curso Matriz de Vida Segundo M\u00f3dulo <\/strong><\/p>\n<p><strong>Horario:<\/strong><br \/>\nEl evento comenzar\u00e1 a las 9:30 horas y finalizar\u00e1 a las 18:00 horas. <br \/>\nHabr\u00e1 una pausa para comer de 13:00 a 14:30.<\/p>\n<p>Durante este Segundo M\u00f3dulo del Curso Matriz de Vida profundizaremos en la energ\u00eda Proyecto, Realizaci\u00f3n, Realizaci\u00f3n:<\/p>\n<ul>\n<li>Esencia<\/li>\n<li>Libre albedr\u00edo<\/li>\n<li>Acto de fe o ilusi\u00f3n<\/li>\n<li>Anhelo<\/li>\n<li>Valor absoluto<\/li>\n<\/ul>\n<p>Para participar en el curso Matriz de la Vida es obligatorio disponer de las Claves Esenciales, imprescindibles para seguir y comprender plenamente los contenidos. Los participantes en el curso tienen derecho a un descuento del 25% en la compra de las Llaves. Tras la inscripci\u00f3n, se enviar\u00e1 el c\u00f3digo de descuento por correo electr\u00f3nico.<\/p>\n<p><strong>El coste de los dos d\u00edas es de 400 euros. Si lo desea, puede abonar un dep\u00f3sito inicial de 100 euros y pagar el resto antes del 1 de octubre de 2026. Si desea pagar el importe total inmediatamente seleccione la opci\u00f3n \u00abPagar todo ahora\u00bb, si desea pagar primero un dep\u00f3sito y m\u00e1s tarde realizar el saldo elija la opci\u00f3n \u00abDep\u00f3sito &#8211; 100\u20ac\u00bb.<br \/>En caso de cancelaci\u00f3n, las cancelaciones comunicadas en un plazo de 15 d\u00edas desde el inicio del curso tendr\u00e1n derecho a la devoluci\u00f3n \u00edntegra del importe abonado, incluido el dep\u00f3sito. En caso de anulaci\u00f3n comunicada dentro de los 14 d\u00edas anteriores al inicio del curso, se retendr\u00e1 el dep\u00f3sito<\/strong>.<\/p>\n","protected":false},"excerpt":{"rendered":"<p><strong>Curso Matriz de Vida\u00ae <br \/>Mil\u00e1n &#8211; 17\/18 Octubre 2026 &#8211; Segundo M\u00f3dulo de Bioanalog\u00eda Esencial <\/strong><\/p>\n<p><strong>Horario:<\/strong><br \/>\nEl evento comenzar\u00e1 a las 9:30 y terminar\u00e1 a las 18:00. <br \/>\nde 13:00 a 14:30 habr\u00e1 una pausa para comer<\/p>\n<p>Durante este Segundo M\u00f3dulo del curso Matriz de Vida exploraremos la energ\u00eda Proyecto, Realizaci\u00f3n, Realizaci\u00f3n:<\/p>\n<ul>\n<li>Esencia<\/li>\n<li>Libre albedr\u00edo<\/li>\n<li>Acto de fe o ilusi\u00f3n<\/li>\n<li>Anhelo<\/li>\n<li>Valor absoluto<\/li>\n<\/ul>\n<p><\/p>\n<p>Para participar en el curso Matriz de la Vida es obligatorio disponer de las Claves Esenciales, imprescindibles para seguir y comprender plenamente los contenidos. Los participantes en el curso tienen derecho a un descuento del 25% en la compra de las Llaves. Tras la inscripci\u00f3n, se enviar\u00e1 el c\u00f3digo de descuento por correo electr\u00f3nico.<\/p>\n<p><strong>A\u00fan est\u00e1s a tiempo de adquirir conjuntamente el M\u00f3dulo 2 y el M\u00f3dulo 3, el coste se facilitar\u00e1 respecto a la inscripci\u00f3n en los m\u00f3dulos individuales, permiti\u00e9ndote continuar el curso con una reducci\u00f3n de 100\u20ac respecto a la compra de los cursos individuales. Para informaci\u00f3n e inscripci\u00f3n puedes escribirnos a <a href=\"mailto:incontri@stefaniazani.it\">incontri@stefaniazani.it <\/a><br \/><\/strong><strong>El coste de los dos d\u00edas es de 400\u20ac, para aquellos que deseen abonar un dep\u00f3sito inicial de 100\u20ac y pagar el resto antes del 1 de octubre de 2026. Si desea pagar el importe total inmediatamente seleccione la opci\u00f3n \u00abPagar todo ahora\u00bb, si desea pagar un dep\u00f3sito inicial y posteriormente realizar el resto elija la opci\u00f3n \u00abDep\u00f3sito &#8211; 100\u20ac\u00bb.<br \/>En caso de cancelaci\u00f3n, las cancelaciones realizadas en los 15 d\u00edas anteriores al inicio del curso tendr\u00e1n derecho a la devoluci\u00f3n \u00edntegra del importe pagado, incluido el dep\u00f3sito. En caso de anulaci\u00f3n dentro de los 14 d\u00edas anteriores al inicio del curso, se retendr\u00e1 el dep\u00f3sito<\/strong>.<\/p>\n","protected":false},"featured_media":19206,"template":"","meta":[],"product_brand":[],"product_cat":[45],"product_tag":[],"class_list":{"0":"post-22257","1":"product","2":"type-product","3":"status-publish","4":"has-post-thumbnail","6":"product_cat-seminari","8":"first","9":"instock","10":"taxable","11":"shipping-taxable","12":"purchasable","13":"product-type-variable"},"yoast_head":"<!-- This site is optimized with the Yoast SEO plugin v27.5 - https:\/\/yoast.com\/product\/yoast-seo-wordpress\/ -->\n<title>CURSO LIFE MATRIX - SEGUNDO M\u00d3DULO - MIL\u00c1N - 17\/18 OCTUBRE<\/title>\n<meta name=\"description\" content=\"Curso Matriz de Vida\u00ae Mil\u00e1n - 17\/18 Octubre 2026 - Segundo M\u00f3dulo de Bioanalog\u00eda Esencial   Horario: El evento comenzar\u00e1 a las 9:30 y terminar\u00e1 a las 18:00.  de 13:00 a 14:30 habr\u00e1 una pausa para comer  Durante este Segundo M\u00f3dulo del curso Matriz de Vida exploraremos la energ\u00eda Proyecto, Realizaci\u00f3n, Realizaci\u00f3n:   Esencia  Libre albedr\u00edo  Acto de fe o ilusi\u00f3n  Anhelo  Valor absoluto   Para participar en el curso Matriz de la Vida es obligatorio disponer de las Claves Esenciales, imprescindibles para seguir y comprender plenamente los contenidos. Los participantes en el curso tienen derecho a un descuento del 25% en la compra de las Llaves. Tras la inscripci\u00f3n, se enviar\u00e1 el c\u00f3digo de descuento por correo electr\u00f3nico.  A\u00fan est\u00e1s a tiempo de adquirir conjuntamente el M\u00f3dulo 2 y el M\u00f3dulo 3, el coste se facilitar\u00e1 respecto a la inscripci\u00f3n en los m\u00f3dulos individuales, permiti\u00e9ndote continuar el curso con una reducci\u00f3n de 100\u20ac respecto a la compra de los cursos individuales. Para informaci\u00f3n e inscripci\u00f3n puedes escribirnos a incontri@stefaniazani.it El coste de los dos d\u00edas es de 400\u20ac, para aquellos que deseen abonar un dep\u00f3sito inicial de 100\u20ac y pagar el resto antes del 1 de octubre de 2026. Si desea pagar el importe total inmediatamente seleccione la opci\u00f3n &quot;Pagar todo ahora&quot;, si desea pagar un dep\u00f3sito inicial y posteriormente realizar el resto elija la opci\u00f3n &quot;Dep\u00f3sito - 100\u20ac&quot;.En caso de cancelaci\u00f3n, las cancelaciones realizadas en los 15 d\u00edas anteriores al inicio del curso tendr\u00e1n derecho a la devoluci\u00f3n \u00edntegra del importe pagado, incluido el dep\u00f3sito. En caso de anulaci\u00f3n dentro de los 14 d\u00edas anteriores al inicio del curso, se retendr\u00e1 el dep\u00f3sito.\" \/>\n<meta name=\"robots\" content=\"index, follow, max-snippet:-1, max-image-preview:large, max-video-preview:-1\" \/>\n<link rel=\"canonical\" href=\"\" \/>\n<meta property=\"og:locale\" content=\"es_ES\" \/>\n<meta property=\"og:type\" content=\"article\" \/>\n<meta property=\"og:title\" content=\"CURSO LIFE MATRIX - SEGUNDO M\u00d3DULO - MIL\u00c1N - 17\/18 OCTUBRE\" \/>\n<meta property=\"og:description\" content=\"Curso Matriz de Vida\u00ae Mil\u00e1n - 17\/18 Octubre 2026 - Segundo M\u00f3dulo de Bioanalog\u00eda Esencial   Horario: El evento comenzar\u00e1 a las 9:30 y terminar\u00e1 a las 18:00.  de 13:00 a 14:30 habr\u00e1 una pausa para comer  Durante este Segundo M\u00f3dulo del curso Matriz de Vida exploraremos la energ\u00eda Proyecto, Realizaci\u00f3n, Realizaci\u00f3n:   Esencia  Libre albedr\u00edo  Acto de fe o ilusi\u00f3n  Anhelo  Valor absoluto   Para participar en el curso Matriz de la Vida es obligatorio disponer de las Claves Esenciales, imprescindibles para seguir y comprender plenamente los contenidos. Los participantes en el curso tienen derecho a un descuento del 25% en la compra de las Llaves. Tras la inscripci\u00f3n, se enviar\u00e1 el c\u00f3digo de descuento por correo electr\u00f3nico.  A\u00fan est\u00e1s a tiempo de adquirir conjuntamente el M\u00f3dulo 2 y el M\u00f3dulo 3, el coste se facilitar\u00e1 respecto a la inscripci\u00f3n en los m\u00f3dulos individuales, permiti\u00e9ndote continuar el curso con una reducci\u00f3n de 100\u20ac respecto a la compra de los cursos individuales. Para informaci\u00f3n e inscripci\u00f3n puedes escribirnos a incontri@stefaniazani.it El coste de los dos d\u00edas es de 400\u20ac, para aquellos que deseen abonar un dep\u00f3sito inicial de 100\u20ac y pagar el resto antes del 1 de octubre de 2026. Si desea pagar el importe total inmediatamente seleccione la opci\u00f3n &quot;Pagar todo ahora&quot;, si desea pagar un dep\u00f3sito inicial y posteriormente realizar el resto elija la opci\u00f3n &quot;Dep\u00f3sito - 100\u20ac&quot;.En caso de cancelaci\u00f3n, las cancelaciones realizadas en los 15 d\u00edas anteriores al inicio del curso tendr\u00e1n derecho a la devoluci\u00f3n \u00edntegra del importe pagado, incluido el dep\u00f3sito. En caso de anulaci\u00f3n dentro de los 14 d\u00edas anteriores al inicio del curso, se retendr\u00e1 el dep\u00f3sito.\" \/>\n<meta property=\"og:url\" content=\"https:\/\/www.stefaniazani.it\/es\/producto\/curso-matriz-de-la-vida-segundo-modulo-milan-17-18-octubre\/\" \/>\n<meta property=\"og:site_name\" content=\"Stefania Zani\" \/>\n<meta property=\"article:publisher\" content=\"https:\/\/www.facebook.com\/p\/Stefania-Zani-100087139977126\/\" \/>\n<meta property=\"article:modified_time\" content=\"2026-04-29T21:14:07+00:00\" \/>\n<meta property=\"og:image\" content=\"https:\/\/www.stefaniazani.it\/wp-content\/uploads\/2026\/02\/Bioanalogia-Secondo-livello-Milano.png\" \/>\n\t<meta property=\"og:image:width\" content=\"1080\" \/>\n\t<meta property=\"og:image:height\" content=\"1080\" \/>\n\t<meta property=\"og:image:type\" content=\"image\/png\" \/>\n<meta name=\"twitter:card\" content=\"summary_large_image\" \/>\n<meta name=\"twitter:label1\" content=\"Tiempo de lectura\" \/>\n\t<meta name=\"twitter:data1\" content=\"2 minutos\" \/>\n<script type=\"application\/ld+json\" class=\"yoast-schema-graph\">{\"@context\":\"https:\\\/\\\/schema.org\",\"@graph\":[{\"@type\":\"WebPage\",\"@id\":\"https:\\\/\\\/www.stefaniazani.it\\\/es\\\/producto\\\/curso-matriz-de-la-vida-segundo-modulo-milan-17-18-octubre\\\/\",\"url\":\"https:\\\/\\\/www.stefaniazani.it\\\/es\\\/producto\\\/curso-matriz-de-la-vida-segundo-modulo-milan-17-18-octubre\\\/\",\"name\":\"CORSO SULLA MATRICE DI VITA - SECONDO MODULO - MILANO - 17\\\/18 OTTOBRE - Stefania Zani\",\"isPartOf\":{\"@id\":\"https:\\\/\\\/www.stefaniazani.it\\\/#website\"},\"primaryImageOfPage\":{\"@id\":\"https:\\\/\\\/www.stefaniazani.it\\\/es\\\/producto\\\/curso-matriz-de-la-vida-segundo-modulo-milan-17-18-octubre\\\/#primaryimage\"},\"image\":{\"@id\":\"https:\\\/\\\/www.stefaniazani.it\\\/es\\\/producto\\\/curso-matriz-de-la-vida-segundo-modulo-milan-17-18-octubre\\\/#primaryimage\"},\"thumbnailUrl\":\"\",\"datePublished\":\"2026-02-04T01:37:29+00:00\",\"dateModified\":\"2026-04-29T21:14:07+00:00\",\"description\":\"Corso Matrice di Vita: iscriviti al Secondo Modulo a Padova il 5 e 6 settembre 2026. Vieni a scoprire la Bioanalogia Essenziale\u00ae\",\"breadcrumb\":{\"@id\":\"https:\\\/\\\/www.stefaniazani.it\\\/es\\\/producto\\\/curso-matriz-de-la-vida-segundo-modulo-milan-17-18-octubre\\\/#breadcrumb\"},\"inLanguage\":\"es\",\"potentialAction\":[{\"@type\":\"ReadAction\",\"target\":[\"https:\\\/\\\/www.stefaniazani.it\\\/es\\\/producto\\\/curso-matriz-de-la-vida-segundo-modulo-milan-17-18-octubre\\\/\"]}]},{\"@type\":\"ImageObject\",\"inLanguage\":\"es\",\"@id\":\"https:\\\/\\\/www.stefaniazani.it\\\/es\\\/producto\\\/curso-matriz-de-la-vida-segundo-modulo-milan-17-18-octubre\\\/#primaryimage\",\"url\":\"\",\"contentUrl\":\"\",\"width\":1080,\"height\":1080},{\"@type\":\"BreadcrumbList\",\"@id\":\"https:\\\/\\\/www.stefaniazani.it\\\/es\\\/producto\\\/curso-matriz-de-la-vida-segundo-modulo-milan-17-18-octubre\\\/#breadcrumb\",\"itemListElement\":[{\"@type\":\"ListItem\",\"position\":1,\"name\":\"Home\",\"item\":\"https:\\\/\\\/www.stefaniazani.it\\\/\"},{\"@type\":\"ListItem\",\"position\":2,\"name\":\"Shop\",\"item\":\"https:\\\/\\\/www.stefaniazani.it\\\/negozio\\\/\"},{\"@type\":\"ListItem\",\"position\":3,\"name\":\"CURSO LIFE MATRIX - SEGUNDO M\u00d3DULO - MIL\u00c1N - 17\\\/18 OCTUBRE\"}]},{\"@type\":\"WebSite\",\"@id\":\"https:\\\/\\\/www.stefaniazani.it\\\/es\\\/#website\",\"url\":\"https:\\\/\\\/www.stefaniazani.it\\\/es\\\/\",\"name\":\"Stefania Zani\",\"description\":\"\",\"publisher\":{\"@id\":\"https:\\\/\\\/www.stefaniazani.it\\\/es\\\/#organization\"},\"potentialAction\":[{\"@type\":\"SearchAction\",\"target\":{\"@type\":\"EntryPoint\",\"urlTemplate\":\"https:\\\/\\\/www.stefaniazani.it\\\/es\\\/?s={search_term_string}\"},\"query-input\":{\"@type\":\"PropertyValueSpecification\",\"valueRequired\":true,\"valueName\":\"search_term_string\"}}],\"inLanguage\":\"es\"},{\"@type\":\"Organization\",\"@id\":\"https:\\\/\\\/www.stefaniazani.it\\\/es\\\/#organization\",\"name\":\"Stefania Zani Srl\",\"url\":\"https:\\\/\\\/www.stefaniazani.it\\\/es\\\/\",\"logo\":{\"@type\":\"ImageObject\",\"inLanguage\":\"es\",\"@id\":\"https:\\\/\\\/www.stefaniazani.it\\\/es\\\/#\\\/schema\\\/logo\\\/image\\\/\",\"url\":\"https:\\\/\\\/www.stefaniazani.it\\\/wp-content\\\/uploads\\\/2024\\\/03\\\/stefania_zani_logo_start.png\",\"contentUrl\":\"https:\\\/\\\/www.stefaniazani.it\\\/wp-content\\\/uploads\\\/2024\\\/03\\\/stefania_zani_logo_start.png\",\"width\":250,\"height\":50,\"caption\":\"Stefania Zani Srl\"},\"image\":{\"@id\":\"https:\\\/\\\/www.stefaniazani.it\\\/es\\\/#\\\/schema\\\/logo\\\/image\\\/\"},\"sameAs\":[\"https:\\\/\\\/www.facebook.com\\\/p\\\/Stefania-Zani-100087139977126\\\/\",\"https:\\\/\\\/www.instagram.com\\\/stefania__zani\\\/\"]}]}<\/script>\n<!-- \/ Yoast SEO plugin. -->","yoast_head_json":{"title":"CURSO LIFE MATRIX - SEGUNDO M\u00d3DULO - MIL\u00c1N - 17\/18 OCTUBRE","description":"Curso Matriz de Vida\u00ae Mil\u00e1n - 17\/18 Octubre 2026 - Segundo M\u00f3dulo de Bioanalog\u00eda Esencial   Horario: El evento comenzar\u00e1 a las 9:30 y terminar\u00e1 a las 18:00.  de 13:00 a 14:30 habr\u00e1 una pausa para comer  Durante este Segundo M\u00f3dulo del curso Matriz de Vida exploraremos la energ\u00eda Proyecto, Realizaci\u00f3n, Realizaci\u00f3n:   Esencia  Libre albedr\u00edo  Acto de fe o ilusi\u00f3n  Anhelo  Valor absoluto   Para participar en el curso Matriz de la Vida es obligatorio disponer de las Claves Esenciales, imprescindibles para seguir y comprender plenamente los contenidos. Los participantes en el curso tienen derecho a un descuento del 25% en la compra de las Llaves. Tras la inscripci\u00f3n, se enviar\u00e1 el c\u00f3digo de descuento por correo electr\u00f3nico.  A\u00fan est\u00e1s a tiempo de adquirir conjuntamente el M\u00f3dulo 2 y el M\u00f3dulo 3, el coste se facilitar\u00e1 respecto a la inscripci\u00f3n en los m\u00f3dulos individuales, permiti\u00e9ndote continuar el curso con una reducci\u00f3n de 100\u20ac respecto a la compra de los cursos individuales. Para informaci\u00f3n e inscripci\u00f3n puedes escribirnos a incontri@stefaniazani.it El coste de los dos d\u00edas es de 400\u20ac, para aquellos que deseen abonar un dep\u00f3sito inicial de 100\u20ac y pagar el resto antes del 1 de octubre de 2026. Si desea pagar el importe total inmediatamente seleccione la opci\u00f3n \"Pagar todo ahora\", si desea pagar un dep\u00f3sito inicial y posteriormente realizar el resto elija la opci\u00f3n \"Dep\u00f3sito - 100\u20ac\".En caso de cancelaci\u00f3n, las cancelaciones realizadas en los 15 d\u00edas anteriores al inicio del curso tendr\u00e1n derecho a la devoluci\u00f3n \u00edntegra del importe pagado, incluido el dep\u00f3sito. En caso de anulaci\u00f3n dentro de los 14 d\u00edas anteriores al inicio del curso, se retendr\u00e1 el dep\u00f3sito.","robots":{"index":"index","follow":"follow","max-snippet":"max-snippet:-1","max-image-preview":"max-image-preview:large","max-video-preview":"max-video-preview:-1"},"canonical":"Curso Matriz de Vida\u00ae Mil\u00e1n - 17\/18 Octubre 2026 - Segundo M\u00f3dulo de Bioanalog\u00eda Esencial   Horario: El evento comenzar\u00e1 a las 9:30 y terminar\u00e1 a las 18:00.  de 13:00 a 14:30 habr\u00e1 una pausa para comer  Durante este Segundo M\u00f3dulo del curso Matriz de Vida exploraremos la energ\u00eda Proyecto, Realizaci\u00f3n, Realizaci\u00f3n:   Esencia  Libre albedr\u00edo  Acto de fe o ilusi\u00f3n  Anhelo  Valor absoluto   Para participar en el curso Matriz de la Vida es obligatorio disponer de las Claves Esenciales, imprescindibles para seguir y comprender plenamente los contenidos. Los participantes en el curso tienen derecho a un descuento del 25% en la compra de las Llaves. Tras la inscripci\u00f3n, se enviar\u00e1 el c\u00f3digo de descuento por correo electr\u00f3nico.  A\u00fan est\u00e1s a tiempo de adquirir conjuntamente el M\u00f3dulo 2 y el M\u00f3dulo 3, el coste se facilitar\u00e1 respecto a la inscripci\u00f3n en los m\u00f3dulos individuales, permiti\u00e9ndote continuar el curso con una reducci\u00f3n de 100\u20ac respecto a la compra de los cursos individuales. Para informaci\u00f3n e inscripci\u00f3n puedes escribirnos a incontri@stefaniazani.it El coste de los dos d\u00edas es de 400\u20ac, para aquellos que deseen abonar un dep\u00f3sito inicial de 100\u20ac y pagar el resto antes del 1 de octubre de 2026. Si desea pagar el importe total inmediatamente seleccione la opci\u00f3n \"Pagar todo ahora\", si desea pagar un dep\u00f3sito inicial y posteriormente realizar el resto elija la opci\u00f3n \"Dep\u00f3sito - 100\u20ac\".En caso de cancelaci\u00f3n, las cancelaciones realizadas en los 15 d\u00edas anteriores al inicio del curso tendr\u00e1n derecho a la devoluci\u00f3n \u00edntegra del importe pagado, incluido el dep\u00f3sito. En caso de anulaci\u00f3n dentro de los 14 d\u00edas anteriores al inicio del curso, se retendr\u00e1 el dep\u00f3sito.","og_locale":"es_ES","og_type":"article","og_title":"CURSO LIFE MATRIX - SEGUNDO M\u00d3DULO - MIL\u00c1N - 17\/18 OCTUBRE","og_description":"Curso Matriz de Vida\u00ae Mil\u00e1n - 17\/18 Octubre 2026 - Segundo M\u00f3dulo de Bioanalog\u00eda Esencial   Horario: El evento comenzar\u00e1 a las 9:30 y terminar\u00e1 a las 18:00.  de 13:00 a 14:30 habr\u00e1 una pausa para comer  Durante este Segundo M\u00f3dulo del curso Matriz de Vida exploraremos la energ\u00eda Proyecto, Realizaci\u00f3n, Realizaci\u00f3n:   Esencia  Libre albedr\u00edo  Acto de fe o ilusi\u00f3n  Anhelo  Valor absoluto   Para participar en el curso Matriz de la Vida es obligatorio disponer de las Claves Esenciales, imprescindibles para seguir y comprender plenamente los contenidos. Los participantes en el curso tienen derecho a un descuento del 25% en la compra de las Llaves. Tras la inscripci\u00f3n, se enviar\u00e1 el c\u00f3digo de descuento por correo electr\u00f3nico.  A\u00fan est\u00e1s a tiempo de adquirir conjuntamente el M\u00f3dulo 2 y el M\u00f3dulo 3, el coste se facilitar\u00e1 respecto a la inscripci\u00f3n en los m\u00f3dulos individuales, permiti\u00e9ndote continuar el curso con una reducci\u00f3n de 100\u20ac respecto a la compra de los cursos individuales. Para informaci\u00f3n e inscripci\u00f3n puedes escribirnos a incontri@stefaniazani.it El coste de los dos d\u00edas es de 400\u20ac, para aquellos que deseen abonar un dep\u00f3sito inicial de 100\u20ac y pagar el resto antes del 1 de octubre de 2026. Si desea pagar el importe total inmediatamente seleccione la opci\u00f3n \"Pagar todo ahora\", si desea pagar un dep\u00f3sito inicial y posteriormente realizar el resto elija la opci\u00f3n \"Dep\u00f3sito - 100\u20ac\".En caso de cancelaci\u00f3n, las cancelaciones realizadas en los 15 d\u00edas anteriores al inicio del curso tendr\u00e1n derecho a la devoluci\u00f3n \u00edntegra del importe pagado, incluido el dep\u00f3sito. En caso de anulaci\u00f3n dentro de los 14 d\u00edas anteriores al inicio del curso, se retendr\u00e1 el dep\u00f3sito.","og_url":"https:\/\/www.stefaniazani.it\/es\/producto\/curso-matriz-de-la-vida-segundo-modulo-milan-17-18-octubre\/","og_site_name":"Stefania Zani","article_publisher":"https:\/\/www.facebook.com\/p\/Stefania-Zani-100087139977126\/","article_modified_time":"2026-04-29T21:14:07+00:00","og_image":[{"width":1080,"height":1080,"url":"https:\/\/www.stefaniazani.it\/wp-content\/uploads\/2026\/02\/Bioanalogia-Secondo-livello-Milano.png","type":"image\/png"}],"twitter_card":"summary_large_image","twitter_misc":{"Tiempo de lectura":"2 minutos"},"schema":{"@context":"https:\/\/schema.org","@graph":[{"@type":"WebPage","@id":"https:\/\/www.stefaniazani.it\/es\/producto\/curso-matriz-de-la-vida-segundo-modulo-milan-17-18-octubre\/","url":"https:\/\/www.stefaniazani.it\/es\/producto\/curso-matriz-de-la-vida-segundo-modulo-milan-17-18-octubre\/","name":"CORSO SULLA MATRICE DI VITA - SECONDO MODULO - MILANO - 17\/18 OTTOBRE - Stefania Zani","isPartOf":{"@id":"https:\/\/www.stefaniazani.it\/#website"},"primaryImageOfPage":{"@id":"https:\/\/www.stefaniazani.it\/es\/producto\/curso-matriz-de-la-vida-segundo-modulo-milan-17-18-octubre\/#primaryimage"},"image":{"@id":"https:\/\/www.stefaniazani.it\/es\/producto\/curso-matriz-de-la-vida-segundo-modulo-milan-17-18-octubre\/#primaryimage"},"thumbnailUrl":"","datePublished":"2026-02-04T01:37:29+00:00","dateModified":"2026-04-29T21:14:07+00:00","description":"Corso Matrice di Vita: iscriviti al Secondo Modulo a Padova il 5 e 6 settembre 2026. Vieni a scoprire la Bioanalogia Essenziale\u00ae","breadcrumb":{"@id":"https:\/\/www.stefaniazani.it\/es\/producto\/curso-matriz-de-la-vida-segundo-modulo-milan-17-18-octubre\/#breadcrumb"},"inLanguage":"es","potentialAction":[{"@type":"ReadAction","target":["https:\/\/www.stefaniazani.it\/es\/producto\/curso-matriz-de-la-vida-segundo-modulo-milan-17-18-octubre\/"]}]},{"@type":"ImageObject","inLanguage":"es","@id":"https:\/\/www.stefaniazani.it\/es\/producto\/curso-matriz-de-la-vida-segundo-modulo-milan-17-18-octubre\/#primaryimage","url":"","contentUrl":"","width":1080,"height":1080},{"@type":"BreadcrumbList","@id":"https:\/\/www.stefaniazani.it\/es\/producto\/curso-matriz-de-la-vida-segundo-modulo-milan-17-18-octubre\/#breadcrumb","itemListElement":[{"@type":"ListItem","position":1,"name":"Home","item":"https:\/\/www.stefaniazani.it\/"},{"@type":"ListItem","position":2,"name":"Shop","item":"https:\/\/www.stefaniazani.it\/negozio\/"},{"@type":"ListItem","position":3,"name":"CURSO LIFE MATRIX - SEGUNDO M\u00d3DULO - MIL\u00c1N - 17\/18 OCTUBRE"}]},{"@type":"WebSite","@id":"https:\/\/www.stefaniazani.it\/es\/#website","url":"https:\/\/www.stefaniazani.it\/es\/","name":"Stefania Zani","description":"","publisher":{"@id":"https:\/\/www.stefaniazani.it\/es\/#organization"},"potentialAction":[{"@type":"SearchAction","target":{"@type":"EntryPoint","urlTemplate":"https:\/\/www.stefaniazani.it\/es\/?s={search_term_string}"},"query-input":{"@type":"PropertyValueSpecification","valueRequired":true,"valueName":"search_term_string"}}],"inLanguage":"es"},{"@type":"Organization","@id":"https:\/\/www.stefaniazani.it\/es\/#organization","name":"Stefania Zani Srl","url":"https:\/\/www.stefaniazani.it\/es\/","logo":{"@type":"ImageObject","inLanguage":"es","@id":"https:\/\/www.stefaniazani.it\/es\/#\/schema\/logo\/image\/","url":"https:\/\/www.stefaniazani.it\/wp-content\/uploads\/2024\/03\/stefania_zani_logo_start.png","contentUrl":"https:\/\/www.stefaniazani.it\/wp-content\/uploads\/2024\/03\/stefania_zani_logo_start.png","width":250,"height":50,"caption":"Stefania Zani Srl"},"image":{"@id":"https:\/\/www.stefaniazani.it\/es\/#\/schema\/logo\/image\/"},"sameAs":["https:\/\/www.facebook.com\/p\/Stefania-Zani-100087139977126\/","https:\/\/www.instagram.com\/stefania__zani\/"]}]}},"df_price":100,"df_sale_price":"","df_regular_price":100,"df_image_link":"https:\/\/www.stefaniazani.it\/wp-content\/uploads\/woocommerce-placeholder-300x300.png","_links":{"self":[{"href":"https:\/\/www.stefaniazani.it\/es\/wp-json\/wp\/v2\/product\/22257","targetHints":{"allow":["GET"]}}],"collection":[{"href":"https:\/\/www.stefaniazani.it\/es\/wp-json\/wp\/v2\/product"}],"about":[{"href":"https:\/\/www.stefaniazani.it\/es\/wp-json\/wp\/v2\/types\/product"}],"wp:featuredmedia":[{"embeddable":true,"href":"https:\/\/www.stefaniazani.it\/es\/wp-json\/"}],"wp:attachment":[{"href":"https:\/\/www.stefaniazani.it\/es\/wp-json\/wp\/v2\/media?parent=22257"}],"wp:term":[{"taxonomy":"product_brand","embeddable":true,"href":"https:\/\/www.stefaniazani.it\/es\/wp-json\/wp\/v2\/product_brand?post=22257"},{"taxonomy":"product_cat","embeddable":true,"href":"https:\/\/www.stefaniazani.it\/es\/wp-json\/wp\/v2\/product_cat?post=22257"},{"taxonomy":"product_tag","embeddable":true,"href":"https:\/\/www.stefaniazani.it\/es\/wp-json\/wp\/v2\/product_tag?post=22257"}],"curies":[{"name":"wp","href":"https:\/\/api.w.org\/{rel}","templated":true}]}}