{"id":21622,"date":"2025-12-25T01:05:25","date_gmt":"2025-12-25T00:05:25","guid":{"rendered":"https:\/\/www.stefaniazani.it\/prodotto\/\/"},"modified":"2026-04-01T16:13:32","modified_gmt":"2026-04-01T14:13:32","slug":"il-linguaggio-segreto-dei-sogni","status":"publish","type":"product","link":"https:\/\/www.stefaniazani.it\/es\/producto\/el-lenguaje-secreto-delos-suenos\/","title":{"rendered":"EL LENGUAJE SECRETO DE LOS SUE\u00d1OS - LECCI\u00d3N EN L\u00cdNEA"},"content":{"rendered":"<p><strong>El lenguaje secreto de los sue\u00f1os: reconocer las se\u00f1ales, hablar con el inconsciente<\/strong><br \/>\nCon la participaci\u00f3n de<em><strong> Zuleika Fusco<\/strong><\/em><\/p>\n<p><strong>Conferencia grabada <\/strong><\/p>\n<p>Los sue\u00f1os son mucho m\u00e1s que fantas\u00edas nocturnas: surgen como se\u00f1ales vivas que afloran desde lo m\u00e1s profundo de nosotros, desde ese vasto y sensible territorio que llamamos inconsciente. En ellos se recogen mensajes preciosos, trazos sutiles que pueden convertirse en verdaderas sugerencias para leer lo cotidiano con mayor claridad, elevando la calidad de nuestras vidas y abriendo una mirada a la naturaleza misteriosa de la existencia.<\/p>\n<p>Entrar en relaci\u00f3n con la dimensi\u00f3n on\u00edrica significa redescubrir la armon\u00eda con nosotros mismos, atravesar un mundo interior que ilumina nuestras din\u00e1micas m\u00e1s \u00edntimas y desvela tesoros ocultos en las sombras. Aprender a recordar los sue\u00f1os, acoger su lenguaje y dejar que su significado se instale poco a poco, seg\u00fan el ritmo de cada uno, conduce a una claridad profunda: una claridad que nos concierne a nosotros mismos y a los pasajes silenciosos que conforman nuestro modo de vida.<\/p>\n<p>Esta lecci\u00f3n en l\u00ednea fue creada con la intenci\u00f3n de acercar el poder del sue\u00f1o, ofreciendo herramientas concretas y sensibles para acercarse a su verdad subyacente.<br \/>\nJunto a <strong>Zuleika Fusco<\/strong> abriremos un espacio de escucha, magia y resonancia, donde el trabajo con los sue\u00f1os se convierte en una experiencia transformadora, capaz de despertar algo que cada uno ya lleva dentro.<\/p>\n<p>Dejarse llamar por los sue\u00f1os significa aceptar una invitaci\u00f3n antigua y siempre nueva. Quien escuche esta llamada encontrar\u00e1 en este camino un lugar f\u00e9rtil para reconocerla y profundizarla.<\/p>\n<p><strong>Encontrar\u00e1 el enlace zoom para acceder a la emisi\u00f3n en directo en el archivo pdf que llega con el correo electr\u00f3nico de confirmaci\u00f3n autom\u00e1tica del pedido.<\/strong><em>Durante las clases en l\u00ednea, puede elegir no activar la c\u00e1mara de v\u00eddeo ni el micr\u00f3fono<\/em><strong>.<\/strong><em>Si decide activarlos, autoriza a ZANI, gratuitamente y por tiempo ilimitado (salvo revocaci\u00f3n por escrito), tambi\u00e9n en virtud de los art\u00edculos 10 y siguientes del C\u00f3digo Civil italiano y de los art\u00edculos 96 y 97 de la ley n\u00ba 633 de 22.4.1941 sobre derechos de autor, a la publicaci\u00f3n y\/o circulaci\u00f3n y\/o posible explotaci\u00f3n econ\u00f3mica de su imagen, voz o rostro, en todo el mundo y a perpetuidad, por cualquier medio ya inventado o que se invente en el futuro, incluso con fines informativos, publicitarios o de marketing. El Usuario responde directa y exclusivamente, liberando y garantizando a ZANI de toda responsabilidad frente a terceros, en caso de filmaci\u00f3n fono-visual de terceros.<\/em><\/p>\n","protected":false},"excerpt":{"rendered":"<p><strong>El lenguaje secreto de los sue\u00f1os: reconocer las se\u00f1ales, hablar con el inconsciente<\/strong><br \/>\nCon la participaci\u00f3n de<em><strong> Zuleika Fusco<\/strong><\/em><br \/>\n<strong>Conferencia grabada <\/strong><\/p>\n<p>Los sue\u00f1os son mucho m\u00e1s que fantas\u00edas nocturnas: surgen como se\u00f1ales vivas que afloran desde lo m\u00e1s profundo de nosotros, desde ese vasto y sensible territorio que llamamos inconsciente. En ellos se recogen mensajes preciosos, trazos sutiles que pueden convertirse en verdaderas sugerencias para leer lo cotidiano con mayor claridad, elevando la calidad de nuestras vidas y abriendo una mirada a la naturaleza misteriosa de la existencia.<\/p>\n<p>Entrar en relaci\u00f3n con la dimensi\u00f3n on\u00edrica significa redescubrir la armon\u00eda con nosotros mismos, atravesar un mundo interior que ilumina nuestras din\u00e1micas m\u00e1s \u00edntimas y desvela tesoros ocultos en las sombras. Aprender a recordar los sue\u00f1os, acoger su lenguaje y dejar que su significado se instale poco a poco, seg\u00fan el ritmo de cada uno, conduce a una claridad profunda: una claridad que nos concierne a nosotros mismos y a los pasajes silenciosos que conforman nuestro modo de vida.<\/p>\n<p>Esta lecci\u00f3n en l\u00ednea se cre\u00f3 con la intenci\u00f3n de acercar el poder del sue\u00f1o, ofreciendo herramientas concretas y sensibles para acercarse a su verdad subyacente.<br \/>\nJunto a <strong>Zuleika Fusco<\/strong> abriremos un espacio de escucha, magia y resonancia, donde el trabajo con los sue\u00f1os se convierte en una experiencia transformadora, capaz de despertar algo que cada uno ya lleva dentro.<\/p>\n<p>Dejarse llamar por los sue\u00f1os significa aceptar una invitaci\u00f3n antigua y siempre nueva. Quien escuche esta llamada encontrar\u00e1 en este camino un lugar f\u00e9rtil para reconocerla y profundizarla.<\/p>\n<p><strong>Encontrar\u00e1 el enlace zoom para acceder a la emisi\u00f3n en directo en el archivo pdf que llega con el correo electr\u00f3nico de confirmaci\u00f3n autom\u00e1tica del pedido.<\/strong><\/p>\n","protected":false},"featured_media":20594,"template":"","meta":[],"product_brand":[],"product_cat":[27],"product_tag":[],"class_list":{"0":"post-21622","1":"product","2":"type-product","3":"status-publish","4":"has-post-thumbnail","6":"product_cat-lezioni","8":"first","9":"instock","10":"downloadable","11":"virtual","12":"taxable","13":"purchasable","14":"product-type-simple"},"yoast_head":"<!-- This site is optimized with the Yoast SEO plugin v27.4 - https:\/\/yoast.com\/product\/yoast-seo-wordpress\/ -->\n<title>EL LENGUAJE SECRETO DE LOS SUE\u00d1OS - LECCI\u00d3N EN L\u00cdNEA<\/title>\n<meta name=\"description\" content=\"El lenguaje secreto de los sue\u00f1os: reconocer las se\u00f1ales, hablar con el inconsciente Con la participaci\u00f3n de Zuleika Fusco Conferencia grabada   Los sue\u00f1os son mucho m\u00e1s que fantas\u00edas nocturnas: surgen como se\u00f1ales vivas que afloran desde lo m\u00e1s profundo de nosotros, desde ese vasto y sensible territorio que llamamos inconsciente. En ellos se recogen mensajes preciosos, trazos sutiles que pueden convertirse en verdaderas sugerencias para leer lo cotidiano con mayor claridad, elevando la calidad de nuestras vidas y abriendo una mirada a la naturaleza misteriosa de la existencia.  Entrar en relaci\u00f3n con la dimensi\u00f3n on\u00edrica significa redescubrir la armon\u00eda con nosotros mismos, atravesar un mundo interior que ilumina nuestras din\u00e1micas m\u00e1s \u00edntimas y desvela tesoros ocultos en las sombras. Aprender a recordar los sue\u00f1os, acoger su lenguaje y dejar que su significado se instale poco a poco, seg\u00fan el ritmo de cada uno, conduce a una claridad profunda: una claridad que nos concierne a nosotros mismos y a los pasajes silenciosos que conforman nuestro modo de vida.  Esta lecci\u00f3n en l\u00ednea se cre\u00f3 con la intenci\u00f3n de acercar el poder del sue\u00f1o, ofreciendo herramientas concretas y sensibles para acercarse a su verdad subyacente. Junto a Zuleika Fusco abriremos un espacio de escucha, magia y resonancia, donde el trabajo con los sue\u00f1os se convierte en una experiencia transformadora, capaz de despertar algo que cada uno ya lleva dentro.  Dejarse llamar por los sue\u00f1os significa aceptar una invitaci\u00f3n antigua y siempre nueva. Quien escuche esta llamada encontrar\u00e1 en este camino un lugar f\u00e9rtil para reconocerla y profundizarla.  Encontrar\u00e1 el enlace zoom para acceder a la emisi\u00f3n en directo en el archivo pdf que llega con el correo electr\u00f3nico de confirmaci\u00f3n autom\u00e1tica del pedido.\" \/>\n<meta name=\"robots\" content=\"index, follow, max-snippet:-1, max-image-preview:large, max-video-preview:-1\" \/>\n<link rel=\"canonical\" href=\"\" \/>\n<meta property=\"og:locale\" content=\"es_ES\" \/>\n<meta property=\"og:type\" content=\"article\" \/>\n<meta property=\"og:title\" content=\"EL LENGUAJE SECRETO DE LOS SUE\u00d1OS - LECCI\u00d3N EN L\u00cdNEA\" \/>\n<meta property=\"og:description\" content=\"El lenguaje secreto de los sue\u00f1os: reconocer las se\u00f1ales, hablar con el inconsciente Con la participaci\u00f3n de Zuleika Fusco Conferencia grabada   Los sue\u00f1os son mucho m\u00e1s que fantas\u00edas nocturnas: surgen como se\u00f1ales vivas que afloran desde lo m\u00e1s profundo de nosotros, desde ese vasto y sensible territorio que llamamos inconsciente. En ellos se recogen mensajes preciosos, trazos sutiles que pueden convertirse en verdaderas sugerencias para leer lo cotidiano con mayor claridad, elevando la calidad de nuestras vidas y abriendo una mirada a la naturaleza misteriosa de la existencia.  Entrar en relaci\u00f3n con la dimensi\u00f3n on\u00edrica significa redescubrir la armon\u00eda con nosotros mismos, atravesar un mundo interior que ilumina nuestras din\u00e1micas m\u00e1s \u00edntimas y desvela tesoros ocultos en las sombras. Aprender a recordar los sue\u00f1os, acoger su lenguaje y dejar que su significado se instale poco a poco, seg\u00fan el ritmo de cada uno, conduce a una claridad profunda: una claridad que nos concierne a nosotros mismos y a los pasajes silenciosos que conforman nuestro modo de vida.  Esta lecci\u00f3n en l\u00ednea se cre\u00f3 con la intenci\u00f3n de acercar el poder del sue\u00f1o, ofreciendo herramientas concretas y sensibles para acercarse a su verdad subyacente. Junto a Zuleika Fusco abriremos un espacio de escucha, magia y resonancia, donde el trabajo con los sue\u00f1os se convierte en una experiencia transformadora, capaz de despertar algo que cada uno ya lleva dentro.  Dejarse llamar por los sue\u00f1os significa aceptar una invitaci\u00f3n antigua y siempre nueva. Quien escuche esta llamada encontrar\u00e1 en este camino un lugar f\u00e9rtil para reconocerla y profundizarla.  Encontrar\u00e1 el enlace zoom para acceder a la emisi\u00f3n en directo en el archivo pdf que llega con el correo electr\u00f3nico de confirmaci\u00f3n autom\u00e1tica del pedido.\" \/>\n<meta property=\"og:url\" content=\"https:\/\/www.stefaniazani.it\/es\/producto\/el-lenguaje-secreto-delos-suenos\/\" \/>\n<meta property=\"og:site_name\" content=\"Stefania Zani\" \/>\n<meta property=\"article:publisher\" content=\"https:\/\/www.facebook.com\/p\/Stefania-Zani-100087139977126\/\" \/>\n<meta property=\"article:modified_time\" content=\"2026-04-01T14:13:32+00:00\" \/>\n<meta property=\"og:image\" content=\"https:\/\/www.stefaniazani.it\/wp-content\/uploads\/2025\/12\/Il-Linguaggio-Segreto-dei-Sogni-2.png\" \/>\n\t<meta property=\"og:image:width\" content=\"1080\" \/>\n\t<meta property=\"og:image:height\" content=\"1080\" \/>\n\t<meta property=\"og:image:type\" content=\"image\/png\" \/>\n<meta name=\"twitter:card\" content=\"summary_large_image\" \/>\n<meta name=\"twitter:label1\" content=\"Tiempo de lectura\" \/>\n\t<meta name=\"twitter:data1\" content=\"3 minutos\" \/>\n<script type=\"application\/ld+json\" class=\"yoast-schema-graph\">{\"@context\":\"https:\\\/\\\/schema.org\",\"@graph\":[{\"@type\":\"WebPage\",\"@id\":\"https:\\\/\\\/www.stefaniazani.it\\\/es\\\/producto\\\/el-lenguaje-secreto-delos-suenos\\\/\",\"url\":\"https:\\\/\\\/www.stefaniazani.it\\\/es\\\/producto\\\/el-lenguaje-secreto-delos-suenos\\\/\",\"name\":\"IL LINGUAGGIO SEGRETO DEI SOGNI - LEZIONE ONLINE - Stefania Zani\",\"isPartOf\":{\"@id\":\"https:\\\/\\\/www.stefaniazani.it\\\/#website\"},\"primaryImageOfPage\":{\"@id\":\"https:\\\/\\\/www.stefaniazani.it\\\/es\\\/producto\\\/el-lenguaje-secreto-delos-suenos\\\/#primaryimage\"},\"image\":{\"@id\":\"https:\\\/\\\/www.stefaniazani.it\\\/es\\\/producto\\\/el-lenguaje-secreto-delos-suenos\\\/#primaryimage\"},\"thumbnailUrl\":\"\",\"datePublished\":\"2025-12-25T00:05:25+00:00\",\"dateModified\":\"2026-04-01T14:13:32+00:00\",\"description\":\"Un'incontro per chi desidera comprendere pi\u00f9 a fondo l\u2019energia di questo momento e prepararsi con consapevolezza al nuovo ciclo che si aprir\u00e0 con il 2026.\",\"breadcrumb\":{\"@id\":\"https:\\\/\\\/www.stefaniazani.it\\\/es\\\/producto\\\/el-lenguaje-secreto-delos-suenos\\\/#breadcrumb\"},\"inLanguage\":\"es\",\"potentialAction\":[{\"@type\":\"ReadAction\",\"target\":[\"https:\\\/\\\/www.stefaniazani.it\\\/es\\\/producto\\\/el-lenguaje-secreto-delos-suenos\\\/\"]}]},{\"@type\":\"ImageObject\",\"inLanguage\":\"es\",\"@id\":\"https:\\\/\\\/www.stefaniazani.it\\\/es\\\/producto\\\/el-lenguaje-secreto-delos-suenos\\\/#primaryimage\",\"url\":\"\",\"contentUrl\":\"\",\"width\":1080,\"height\":1080},{\"@type\":\"BreadcrumbList\",\"@id\":\"https:\\\/\\\/www.stefaniazani.it\\\/es\\\/producto\\\/el-lenguaje-secreto-delos-suenos\\\/#breadcrumb\",\"itemListElement\":[{\"@type\":\"ListItem\",\"position\":1,\"name\":\"Home\",\"item\":\"https:\\\/\\\/www.stefaniazani.it\\\/\"},{\"@type\":\"ListItem\",\"position\":2,\"name\":\"Shop\",\"item\":\"https:\\\/\\\/www.stefaniazani.it\\\/negozio\\\/\"},{\"@type\":\"ListItem\",\"position\":3,\"name\":\"EL LENGUAJE SECRETO DE LOS SUE\u00d1OS - LECCI\u00d3N EN L\u00cdNEA\"}]},{\"@type\":\"WebSite\",\"@id\":\"https:\\\/\\\/www.stefaniazani.it\\\/es\\\/#website\",\"url\":\"https:\\\/\\\/www.stefaniazani.it\\\/es\\\/\",\"name\":\"Stefania Zani\",\"description\":\"\",\"publisher\":{\"@id\":\"https:\\\/\\\/www.stefaniazani.it\\\/es\\\/#organization\"},\"potentialAction\":[{\"@type\":\"SearchAction\",\"target\":{\"@type\":\"EntryPoint\",\"urlTemplate\":\"https:\\\/\\\/www.stefaniazani.it\\\/es\\\/?s={search_term_string}\"},\"query-input\":{\"@type\":\"PropertyValueSpecification\",\"valueRequired\":true,\"valueName\":\"search_term_string\"}}],\"inLanguage\":\"es\"},{\"@type\":\"Organization\",\"@id\":\"https:\\\/\\\/www.stefaniazani.it\\\/es\\\/#organization\",\"name\":\"Stefania Zani Srl\",\"url\":\"https:\\\/\\\/www.stefaniazani.it\\\/es\\\/\",\"logo\":{\"@type\":\"ImageObject\",\"inLanguage\":\"es\",\"@id\":\"https:\\\/\\\/www.stefaniazani.it\\\/es\\\/#\\\/schema\\\/logo\\\/image\\\/\",\"url\":\"https:\\\/\\\/www.stefaniazani.it\\\/wp-content\\\/uploads\\\/2024\\\/03\\\/stefania_zani_logo_start.png\",\"contentUrl\":\"https:\\\/\\\/www.stefaniazani.it\\\/wp-content\\\/uploads\\\/2024\\\/03\\\/stefania_zani_logo_start.png\",\"width\":250,\"height\":50,\"caption\":\"Stefania Zani Srl\"},\"image\":{\"@id\":\"https:\\\/\\\/www.stefaniazani.it\\\/es\\\/#\\\/schema\\\/logo\\\/image\\\/\"},\"sameAs\":[\"https:\\\/\\\/www.facebook.com\\\/p\\\/Stefania-Zani-100087139977126\\\/\",\"https:\\\/\\\/www.instagram.com\\\/stefania__zani\\\/\"]}]}<\/script>\n<!-- \/ Yoast SEO plugin. -->","yoast_head_json":{"title":"EL LENGUAJE SECRETO DE LOS SUE\u00d1OS - LECCI\u00d3N EN L\u00cdNEA","description":"El lenguaje secreto de los sue\u00f1os: reconocer las se\u00f1ales, hablar con el inconsciente Con la participaci\u00f3n de Zuleika Fusco Conferencia grabada   Los sue\u00f1os son mucho m\u00e1s que fantas\u00edas nocturnas: surgen como se\u00f1ales vivas que afloran desde lo m\u00e1s profundo de nosotros, desde ese vasto y sensible territorio que llamamos inconsciente. En ellos se recogen mensajes preciosos, trazos sutiles que pueden convertirse en verdaderas sugerencias para leer lo cotidiano con mayor claridad, elevando la calidad de nuestras vidas y abriendo una mirada a la naturaleza misteriosa de la existencia.  Entrar en relaci\u00f3n con la dimensi\u00f3n on\u00edrica significa redescubrir la armon\u00eda con nosotros mismos, atravesar un mundo interior que ilumina nuestras din\u00e1micas m\u00e1s \u00edntimas y desvela tesoros ocultos en las sombras. Aprender a recordar los sue\u00f1os, acoger su lenguaje y dejar que su significado se instale poco a poco, seg\u00fan el ritmo de cada uno, conduce a una claridad profunda: una claridad que nos concierne a nosotros mismos y a los pasajes silenciosos que conforman nuestro modo de vida.  Esta lecci\u00f3n en l\u00ednea se cre\u00f3 con la intenci\u00f3n de acercar el poder del sue\u00f1o, ofreciendo herramientas concretas y sensibles para acercarse a su verdad subyacente. Junto a Zuleika Fusco abriremos un espacio de escucha, magia y resonancia, donde el trabajo con los sue\u00f1os se convierte en una experiencia transformadora, capaz de despertar algo que cada uno ya lleva dentro.  Dejarse llamar por los sue\u00f1os significa aceptar una invitaci\u00f3n antigua y siempre nueva. Quien escuche esta llamada encontrar\u00e1 en este camino un lugar f\u00e9rtil para reconocerla y profundizarla.  Encontrar\u00e1 el enlace zoom para acceder a la emisi\u00f3n en directo en el archivo pdf que llega con el correo electr\u00f3nico de confirmaci\u00f3n autom\u00e1tica del pedido.","robots":{"index":"index","follow":"follow","max-snippet":"max-snippet:-1","max-image-preview":"max-image-preview:large","max-video-preview":"max-video-preview:-1"},"canonical":"El lenguaje secreto de los sue\u00f1os: reconocer las se\u00f1ales, hablar con el inconsciente Con la participaci\u00f3n de Zuleika Fusco Conferencia grabada   Los sue\u00f1os son mucho m\u00e1s que fantas\u00edas nocturnas: surgen como se\u00f1ales vivas que afloran desde lo m\u00e1s profundo de nosotros, desde ese vasto y sensible territorio que llamamos inconsciente. En ellos se recogen mensajes preciosos, trazos sutiles que pueden convertirse en verdaderas sugerencias para leer lo cotidiano con mayor claridad, elevando la calidad de nuestras vidas y abriendo una mirada a la naturaleza misteriosa de la existencia.  Entrar en relaci\u00f3n con la dimensi\u00f3n on\u00edrica significa redescubrir la armon\u00eda con nosotros mismos, atravesar un mundo interior que ilumina nuestras din\u00e1micas m\u00e1s \u00edntimas y desvela tesoros ocultos en las sombras. Aprender a recordar los sue\u00f1os, acoger su lenguaje y dejar que su significado se instale poco a poco, seg\u00fan el ritmo de cada uno, conduce a una claridad profunda: una claridad que nos concierne a nosotros mismos y a los pasajes silenciosos que conforman nuestro modo de vida.  Esta lecci\u00f3n en l\u00ednea se cre\u00f3 con la intenci\u00f3n de acercar el poder del sue\u00f1o, ofreciendo herramientas concretas y sensibles para acercarse a su verdad subyacente. Junto a Zuleika Fusco abriremos un espacio de escucha, magia y resonancia, donde el trabajo con los sue\u00f1os se convierte en una experiencia transformadora, capaz de despertar algo que cada uno ya lleva dentro.  Dejarse llamar por los sue\u00f1os significa aceptar una invitaci\u00f3n antigua y siempre nueva. Quien escuche esta llamada encontrar\u00e1 en este camino un lugar f\u00e9rtil para reconocerla y profundizarla.  Encontrar\u00e1 el enlace zoom para acceder a la emisi\u00f3n en directo en el archivo pdf que llega con el correo electr\u00f3nico de confirmaci\u00f3n autom\u00e1tica del pedido.","og_locale":"es_ES","og_type":"article","og_title":"EL LENGUAJE SECRETO DE LOS SUE\u00d1OS - LECCI\u00d3N EN L\u00cdNEA","og_description":"El lenguaje secreto de los sue\u00f1os: reconocer las se\u00f1ales, hablar con el inconsciente Con la participaci\u00f3n de Zuleika Fusco Conferencia grabada   Los sue\u00f1os son mucho m\u00e1s que fantas\u00edas nocturnas: surgen como se\u00f1ales vivas que afloran desde lo m\u00e1s profundo de nosotros, desde ese vasto y sensible territorio que llamamos inconsciente. En ellos se recogen mensajes preciosos, trazos sutiles que pueden convertirse en verdaderas sugerencias para leer lo cotidiano con mayor claridad, elevando la calidad de nuestras vidas y abriendo una mirada a la naturaleza misteriosa de la existencia.  Entrar en relaci\u00f3n con la dimensi\u00f3n on\u00edrica significa redescubrir la armon\u00eda con nosotros mismos, atravesar un mundo interior que ilumina nuestras din\u00e1micas m\u00e1s \u00edntimas y desvela tesoros ocultos en las sombras. Aprender a recordar los sue\u00f1os, acoger su lenguaje y dejar que su significado se instale poco a poco, seg\u00fan el ritmo de cada uno, conduce a una claridad profunda: una claridad que nos concierne a nosotros mismos y a los pasajes silenciosos que conforman nuestro modo de vida.  Esta lecci\u00f3n en l\u00ednea se cre\u00f3 con la intenci\u00f3n de acercar el poder del sue\u00f1o, ofreciendo herramientas concretas y sensibles para acercarse a su verdad subyacente. Junto a Zuleika Fusco abriremos un espacio de escucha, magia y resonancia, donde el trabajo con los sue\u00f1os se convierte en una experiencia transformadora, capaz de despertar algo que cada uno ya lleva dentro.  Dejarse llamar por los sue\u00f1os significa aceptar una invitaci\u00f3n antigua y siempre nueva. Quien escuche esta llamada encontrar\u00e1 en este camino un lugar f\u00e9rtil para reconocerla y profundizarla.  Encontrar\u00e1 el enlace zoom para acceder a la emisi\u00f3n en directo en el archivo pdf que llega con el correo electr\u00f3nico de confirmaci\u00f3n autom\u00e1tica del pedido.","og_url":"https:\/\/www.stefaniazani.it\/es\/producto\/el-lenguaje-secreto-delos-suenos\/","og_site_name":"Stefania Zani","article_publisher":"https:\/\/www.facebook.com\/p\/Stefania-Zani-100087139977126\/","article_modified_time":"2026-04-01T14:13:32+00:00","og_image":[{"width":1080,"height":1080,"url":"https:\/\/www.stefaniazani.it\/wp-content\/uploads\/2025\/12\/Il-Linguaggio-Segreto-dei-Sogni-2.png","type":"image\/png"}],"twitter_card":"summary_large_image","twitter_misc":{"Tiempo de lectura":"3 minutos"},"schema":{"@context":"https:\/\/schema.org","@graph":[{"@type":"WebPage","@id":"https:\/\/www.stefaniazani.it\/es\/producto\/el-lenguaje-secreto-delos-suenos\/","url":"https:\/\/www.stefaniazani.it\/es\/producto\/el-lenguaje-secreto-delos-suenos\/","name":"IL LINGUAGGIO SEGRETO DEI SOGNI - LEZIONE ONLINE - Stefania Zani","isPartOf":{"@id":"https:\/\/www.stefaniazani.it\/#website"},"primaryImageOfPage":{"@id":"https:\/\/www.stefaniazani.it\/es\/producto\/el-lenguaje-secreto-delos-suenos\/#primaryimage"},"image":{"@id":"https:\/\/www.stefaniazani.it\/es\/producto\/el-lenguaje-secreto-delos-suenos\/#primaryimage"},"thumbnailUrl":"","datePublished":"2025-12-25T00:05:25+00:00","dateModified":"2026-04-01T14:13:32+00:00","description":"Un'incontro per chi desidera comprendere pi\u00f9 a fondo l\u2019energia di questo momento e prepararsi con consapevolezza al nuovo ciclo che si aprir\u00e0 con il 2026.","breadcrumb":{"@id":"https:\/\/www.stefaniazani.it\/es\/producto\/el-lenguaje-secreto-delos-suenos\/#breadcrumb"},"inLanguage":"es","potentialAction":[{"@type":"ReadAction","target":["https:\/\/www.stefaniazani.it\/es\/producto\/el-lenguaje-secreto-delos-suenos\/"]}]},{"@type":"ImageObject","inLanguage":"es","@id":"https:\/\/www.stefaniazani.it\/es\/producto\/el-lenguaje-secreto-delos-suenos\/#primaryimage","url":"","contentUrl":"","width":1080,"height":1080},{"@type":"BreadcrumbList","@id":"https:\/\/www.stefaniazani.it\/es\/producto\/el-lenguaje-secreto-delos-suenos\/#breadcrumb","itemListElement":[{"@type":"ListItem","position":1,"name":"Home","item":"https:\/\/www.stefaniazani.it\/"},{"@type":"ListItem","position":2,"name":"Shop","item":"https:\/\/www.stefaniazani.it\/negozio\/"},{"@type":"ListItem","position":3,"name":"EL LENGUAJE SECRETO DE LOS SUE\u00d1OS - LECCI\u00d3N EN L\u00cdNEA"}]},{"@type":"WebSite","@id":"https:\/\/www.stefaniazani.it\/es\/#website","url":"https:\/\/www.stefaniazani.it\/es\/","name":"Stefania Zani","description":"","publisher":{"@id":"https:\/\/www.stefaniazani.it\/es\/#organization"},"potentialAction":[{"@type":"SearchAction","target":{"@type":"EntryPoint","urlTemplate":"https:\/\/www.stefaniazani.it\/es\/?s={search_term_string}"},"query-input":{"@type":"PropertyValueSpecification","valueRequired":true,"valueName":"search_term_string"}}],"inLanguage":"es"},{"@type":"Organization","@id":"https:\/\/www.stefaniazani.it\/es\/#organization","name":"Stefania Zani Srl","url":"https:\/\/www.stefaniazani.it\/es\/","logo":{"@type":"ImageObject","inLanguage":"es","@id":"https:\/\/www.stefaniazani.it\/es\/#\/schema\/logo\/image\/","url":"https:\/\/www.stefaniazani.it\/wp-content\/uploads\/2024\/03\/stefania_zani_logo_start.png","contentUrl":"https:\/\/www.stefaniazani.it\/wp-content\/uploads\/2024\/03\/stefania_zani_logo_start.png","width":250,"height":50,"caption":"Stefania Zani Srl"},"image":{"@id":"https:\/\/www.stefaniazani.it\/es\/#\/schema\/logo\/image\/"},"sameAs":["https:\/\/www.facebook.com\/p\/Stefania-Zani-100087139977126\/","https:\/\/www.instagram.com\/stefania__zani\/"]}]}},"df_price":60,"df_sale_price":"","df_regular_price":60,"df_image_link":"https:\/\/www.stefaniazani.it\/wp-content\/uploads\/woocommerce-placeholder-300x300.png","_links":{"self":[{"href":"https:\/\/www.stefaniazani.it\/es\/wp-json\/wp\/v2\/product\/21622","targetHints":{"allow":["GET"]}}],"collection":[{"href":"https:\/\/www.stefaniazani.it\/es\/wp-json\/wp\/v2\/product"}],"about":[{"href":"https:\/\/www.stefaniazani.it\/es\/wp-json\/wp\/v2\/types\/product"}],"wp:featuredmedia":[{"embeddable":true,"href":"https:\/\/www.stefaniazani.it\/es\/wp-json\/"}],"wp:attachment":[{"href":"https:\/\/www.stefaniazani.it\/es\/wp-json\/wp\/v2\/media?parent=21622"}],"wp:term":[{"taxonomy":"product_brand","embeddable":true,"href":"https:\/\/www.stefaniazani.it\/es\/wp-json\/wp\/v2\/product_brand?post=21622"},{"taxonomy":"product_cat","embeddable":true,"href":"https:\/\/www.stefaniazani.it\/es\/wp-json\/wp\/v2\/product_cat?post=21622"},{"taxonomy":"product_tag","embeddable":true,"href":"https:\/\/www.stefaniazani.it\/es\/wp-json\/wp\/v2\/product_tag?post=21622"}],"curies":[{"name":"wp","href":"https:\/\/api.w.org\/{rel}","templated":true}]}}