{"id":21030,"date":"2025-12-11T19:15:20","date_gmt":"2025-12-11T18:15:20","guid":{"rendered":"https:\/\/www.stefaniazani.it\/prodotto\/\/"},"modified":"2026-03-30T03:35:18","modified_gmt":"2026-03-30T01:35:18","slug":"le-essenziali-braille","status":"publish","type":"product","link":"https:\/\/www.stefaniazani.it\/es\/producto\/le-essentials-braille\/","title":{"rendered":"Lo esencial del braille"},"content":{"rendered":"<p>Lo esencial en <strong>braille<\/strong>Lo esencial en braille nace de un profundo deseo de hacer accesible a todos la escucha de lo invisible, incluso a quienes no pueden leer con los ojos pero perciben el mundo a trav\u00e9s de otros sentidos.<\/p>\n<p>Este proyecto toma forma bajo la protecci\u00f3n de Santa Luc\u00eda, portadora de luz en la \u00e9poca m\u00e1s oscura del a\u00f1o, y est\u00e1 dedicado a quienes dialogan con la oscuridad llevando luz en el coraz\u00f3n. Los Esenciales Braille est\u00e1n dise\u00f1ados para ser consultados a trav\u00e9s del tacto y la escucha, ofreciendo una experiencia de presencia, intuici\u00f3n y escucha profunda.<\/p>\n<p>La baraja ha sido producida en colaboraci\u00f3n con <strong>Virginio Cremona Edizioni<\/strong>, una editorial que se ocupa de publicaciones para ciegos, y <strong>la Associazione Progresso Ciechi Lucia Guderzo<\/strong>, combinando la escritura en braille de los nombres de los Esenciales con la dimensi\u00f3n sensorial de los dibujos originales de Manassero, dibujados para ser percibidos a trav\u00e9s del tacto. Cada baraja contiene una memoria USB con el librito de los Esenciales en formato audio, le\u00eddo por la voz de Stefania Zani, para hacer accesible el contenido a quienes no pueden leerlo.<\/p>\n<p>Los Braille Essentials no son s\u00f3lo una herramienta, sino un acto de inclusi\u00f3n y escucha. Una invitaci\u00f3n a cerrar los ojos y estar en contacto con lo que no se ve, pero se oye.<\/p>\n<p>La producci\u00f3n tipogr\u00e1fica en Braille implica un coste superior al de los paquetes est\u00e1ndar, una elecci\u00f3n consciente que nace del deseo de aportar al material un proyecto \u00fanico, pensado para quienes hasta ahora no ten\u00edan acceso a este tipo de herramienta.<\/p>\n<p>Los Braille Essentials son un gesto de presencia, cuidado y respeto. Un puente entre mundos que se encuentran en el silencio.<\/p>\n<p>Los gastos de env\u00edo son de 9 euros para Italia y 20 euros para Europa, y los plazos de entrega suelen ser de 5\/6 d\u00edas laborables. Si desea adquirir Le Essenziali desde un pa\u00eds no europeo, puede enviar un correo electr\u00f3nico a <a href=\"mailto:incontri@stefanizani.it\">incontri@stefanizani.it<\/a> y solicitar informaci\u00f3n.<br \/>\n<strong> Los gastos de env\u00edo son gratuitos para pedidos superiores a 140 euros.<\/strong><\/p>\n<p><img loading=\"lazy\" decoding=\"async\" src=\"https:\/\/www.stefaniazani.it\/wp-content\/uploads\/2025\/12\/logo-defB_trasparente-300x90.png\" alt=\"\" width=\"300\" height=\"90\" class=\"alignnone size-medium wp-image-21072\" srcset=\"https:\/\/www.stefaniazani.it\/wp-content\/uploads\/2025\/12\/logo-defB_trasparente-300x90.png 300w, https:\/\/www.stefaniazani.it\/wp-content\/uploads\/2025\/12\/logo-defB_trasparente-1024x306.png 1024w, https:\/\/www.stefaniazani.it\/wp-content\/uploads\/2025\/12\/logo-defB_trasparente-768x229.png 768w, https:\/\/www.stefaniazani.it\/wp-content\/uploads\/2025\/12\/logo-defB_trasparente-1536x459.png 1536w, https:\/\/www.stefaniazani.it\/wp-content\/uploads\/2025\/12\/logo-defB_trasparente-600x179.png 600w, https:\/\/www.stefaniazani.it\/wp-content\/uploads\/2025\/12\/logo-defB_trasparente.png 1949w\" sizes=\"(max-width: 300px) 100vw, 300px\" \/><\/p>\n","protected":false},"excerpt":{"rendered":"<p>Los Esenciales Braille se crearon para hacer visible lo invisible a trav\u00e9s del tacto y la escucha. Con escritura en braille, dibujos t\u00e1ctiles y un audiolibro le\u00eddo por Stefania Zani, invitan a cerrar los ojos y habitar el silencio, donde la intuici\u00f3n se convierte en presencia y la luz toma forma en sentimiento. Los gastos de env\u00edo son de 9 euros para Italia y 20 euros para Europa. Los plazos de env\u00edo suelen ser de 5\/6 d\u00edas laborables. Si desea comprar Le Essenziali Braille desde un pa\u00eds no europeo, puede enviar un correo electr\u00f3nico a <a href=\"mailto:incontri@stefanizani.it\">incontri@stefanizani.it<\/a> y solicitar informaci\u00f3n.<strong> Los gastos de env\u00edo son gratuitos para pedidos superiores a 140 euros<\/strong>.<\/p>\n","protected":false},"featured_media":1580,"template":"","meta":[],"product_brand":[],"product_cat":[20],"product_tag":[],"class_list":{"0":"post-21030","1":"product","2":"type-product","3":"status-publish","4":"has-post-thumbnail","6":"product_cat-le-carte","8":"first","9":"instock","10":"downloadable","11":"taxable","12":"shipping-taxable","13":"purchasable","14":"product-type-simple"},"yoast_head":"<!-- This site is optimized with the Yoast SEO plugin v27.4 - https:\/\/yoast.com\/product\/yoast-seo-wordpress\/ -->\n<title>Lo esencial del braille<\/title>\n<meta name=\"description\" content=\"Los Esenciales Braille se crearon para hacer visible lo invisible a trav\u00e9s del tacto y la escucha. Con escritura en braille, dibujos t\u00e1ctiles y un audiolibro le\u00eddo por Stefania Zani, invitan a cerrar los ojos y habitar el silencio, donde la intuici\u00f3n se convierte en presencia y la luz toma forma en sentimiento. Los gastos de env\u00edo son de 9 euros para Italia y 20 euros para Europa. Los plazos de env\u00edo suelen ser de 5\/6 d\u00edas laborables. Si desea comprar Le Essenziali Braille desde un pa\u00eds no europeo, puede enviar un correo electr\u00f3nico a incontri@stefanizani.it y solicitar informaci\u00f3n. Los gastos de env\u00edo son gratuitos para pedidos superiores a 140 euros.\" \/>\n<meta name=\"robots\" content=\"index, follow, max-snippet:-1, max-image-preview:large, max-video-preview:-1\" \/>\n<link rel=\"canonical\" href=\"http:\/\/Los%20Esenciales%20Braille%20se%20crearon%20para%20hacer%20visible%20lo%20invisible%20a%20trav\u00e9s%20del%20tacto%20y%20la%20escucha.%20Con%20escritura%20en%20braille,%20dibujos%20t\u00e1ctiles%20y%20un%20audiolibro%20le\u00eddo%20por%20Stefania%20Zani,%20invitan%20a%20cerrar%20los%20ojos%20y%20habitar%20el%20silencio,%20donde%20la%20intuici\u00f3n%20se%20convierte%20en%20presencia%20y%20la%20luz%20toma%20forma%20en%20sentimiento.%20Los%20gastos%20de%20env\u00edo%20son%20de%209%20euros%20para%20Italia%20y%2020%20euros%20para%20Europa.%20Los%20plazos%20de%20env\u00edo%20suelen%20ser%20de%205\/6%20d\u00edas%20laborables.%20Si%20desea%20comprar%20Le%20Essenziali%20Braille%20desde%20un%20pa\u00eds%20no%20europeo,%20puede%20enviar%20un%20correo%20electr\u00f3nico%20a%20incontri@stefanizani.it%20y%20solicitar%20informaci\u00f3n.%20Los%20gastos%20de%20env\u00edo%20son%20gratuitos%20para%20pedidos%20superiores%20a%20140%20euros.\" \/>\n<meta property=\"og:locale\" content=\"es_ES\" \/>\n<meta property=\"og:type\" content=\"article\" \/>\n<meta property=\"og:title\" content=\"Lo esencial del braille\" \/>\n<meta property=\"og:description\" content=\"Los Esenciales Braille se crearon para hacer visible lo invisible a trav\u00e9s del tacto y la escucha. Con escritura en braille, dibujos t\u00e1ctiles y un audiolibro le\u00eddo por Stefania Zani, invitan a cerrar los ojos y habitar el silencio, donde la intuici\u00f3n se convierte en presencia y la luz toma forma en sentimiento. Los gastos de env\u00edo son de 9 euros para Italia y 20 euros para Europa. Los plazos de env\u00edo suelen ser de 5\/6 d\u00edas laborables. Si desea comprar Le Essenziali Braille desde un pa\u00eds no europeo, puede enviar un correo electr\u00f3nico a incontri@stefanizani.it y solicitar informaci\u00f3n. Los gastos de env\u00edo son gratuitos para pedidos superiores a 140 euros.\" \/>\n<meta property=\"og:url\" content=\"https:\/\/www.stefaniazani.it\/es\/producto\/le-essentials-braille\/\" \/>\n<meta property=\"og:site_name\" content=\"Stefania Zani\" \/>\n<meta property=\"article:publisher\" content=\"https:\/\/www.facebook.com\/p\/Stefania-Zani-100087139977126\/\" \/>\n<meta property=\"article:modified_time\" content=\"2026-03-30T01:35:18+00:00\" \/>\n<meta property=\"og:image\" content=\"https:\/\/www.stefaniazani.it\/wp-content\/uploads\/2025\/12\/DSC7822-scaled.jpg\" \/>\n\t<meta property=\"og:image:width\" content=\"2560\" \/>\n\t<meta property=\"og:image:height\" content=\"1709\" \/>\n\t<meta property=\"og:image:type\" content=\"image\/jpeg\" \/>\n<meta name=\"twitter:card\" content=\"summary_large_image\" \/>\n<meta name=\"twitter:label1\" content=\"Tiempo de lectura\" \/>\n\t<meta name=\"twitter:data1\" content=\"3 minutos\" \/>\n<script type=\"application\/ld+json\" class=\"yoast-schema-graph\">{\"@context\":\"https:\\\/\\\/schema.org\",\"@graph\":[{\"@type\":\"WebPage\",\"@id\":\"https:\\\/\\\/www.stefaniazani.it\\\/es\\\/producto\\\/le-essentials-braille\\\/\",\"url\":\"https:\\\/\\\/www.stefaniazani.it\\\/es\\\/producto\\\/le-essentials-braille\\\/\",\"name\":\"Le Essenziali Braille - Stefania Zani\",\"isPartOf\":{\"@id\":\"https:\\\/\\\/www.stefaniazani.it\\\/#website\"},\"primaryImageOfPage\":{\"@id\":\"https:\\\/\\\/www.stefaniazani.it\\\/es\\\/producto\\\/le-essentials-braille\\\/#primaryimage\"},\"image\":{\"@id\":\"https:\\\/\\\/www.stefaniazani.it\\\/es\\\/producto\\\/le-essentials-braille\\\/#primaryimage\"},\"thumbnailUrl\":\"\",\"datePublished\":\"2025-12-11T18:15:20+00:00\",\"dateModified\":\"2026-03-30T01:35:18+00:00\",\"breadcrumb\":{\"@id\":\"https:\\\/\\\/www.stefaniazani.it\\\/es\\\/producto\\\/le-essentials-braille\\\/#breadcrumb\"},\"inLanguage\":\"es\",\"potentialAction\":[{\"@type\":\"ReadAction\",\"target\":[\"https:\\\/\\\/www.stefaniazani.it\\\/es\\\/producto\\\/le-essentials-braille\\\/\"]}]},{\"@type\":\"ImageObject\",\"inLanguage\":\"es\",\"@id\":\"https:\\\/\\\/www.stefaniazani.it\\\/es\\\/producto\\\/le-essentials-braille\\\/#primaryimage\",\"url\":\"\",\"contentUrl\":\"\",\"width\":1080,\"height\":1080,\"caption\":\"Le Essenziali 1\"},{\"@type\":\"BreadcrumbList\",\"@id\":\"https:\\\/\\\/www.stefaniazani.it\\\/es\\\/producto\\\/le-essentials-braille\\\/#breadcrumb\",\"itemListElement\":[{\"@type\":\"ListItem\",\"position\":1,\"name\":\"Home\",\"item\":\"https:\\\/\\\/www.stefaniazani.it\\\/\"},{\"@type\":\"ListItem\",\"position\":2,\"name\":\"Shop\",\"item\":\"https:\\\/\\\/www.stefaniazani.it\\\/negozio\\\/\"},{\"@type\":\"ListItem\",\"position\":3,\"name\":\"Lo esencial del braille\"}]},{\"@type\":\"WebSite\",\"@id\":\"https:\\\/\\\/www.stefaniazani.it\\\/es\\\/#website\",\"url\":\"https:\\\/\\\/www.stefaniazani.it\\\/es\\\/\",\"name\":\"Stefania Zani\",\"description\":\"\",\"publisher\":{\"@id\":\"https:\\\/\\\/www.stefaniazani.it\\\/es\\\/#organization\"},\"potentialAction\":[{\"@type\":\"SearchAction\",\"target\":{\"@type\":\"EntryPoint\",\"urlTemplate\":\"https:\\\/\\\/www.stefaniazani.it\\\/es\\\/?s={search_term_string}\"},\"query-input\":{\"@type\":\"PropertyValueSpecification\",\"valueRequired\":true,\"valueName\":\"search_term_string\"}}],\"inLanguage\":\"es\"},{\"@type\":\"Organization\",\"@id\":\"https:\\\/\\\/www.stefaniazani.it\\\/es\\\/#organization\",\"name\":\"Stefania Zani Srl\",\"url\":\"https:\\\/\\\/www.stefaniazani.it\\\/es\\\/\",\"logo\":{\"@type\":\"ImageObject\",\"inLanguage\":\"es\",\"@id\":\"https:\\\/\\\/www.stefaniazani.it\\\/es\\\/#\\\/schema\\\/logo\\\/image\\\/\",\"url\":\"https:\\\/\\\/www.stefaniazani.it\\\/wp-content\\\/uploads\\\/2024\\\/03\\\/stefania_zani_logo_start.png\",\"contentUrl\":\"https:\\\/\\\/www.stefaniazani.it\\\/wp-content\\\/uploads\\\/2024\\\/03\\\/stefania_zani_logo_start.png\",\"width\":250,\"height\":50,\"caption\":\"Stefania Zani Srl\"},\"image\":{\"@id\":\"https:\\\/\\\/www.stefaniazani.it\\\/es\\\/#\\\/schema\\\/logo\\\/image\\\/\"},\"sameAs\":[\"https:\\\/\\\/www.facebook.com\\\/p\\\/Stefania-Zani-100087139977126\\\/\",\"https:\\\/\\\/www.instagram.com\\\/stefania__zani\\\/\"]}]}<\/script>\n<!-- \/ Yoast SEO plugin. -->","yoast_head_json":{"title":"Lo esencial del braille","description":"Los Esenciales Braille se crearon para hacer visible lo invisible a trav\u00e9s del tacto y la escucha. Con escritura en braille, dibujos t\u00e1ctiles y un audiolibro le\u00eddo por Stefania Zani, invitan a cerrar los ojos y habitar el silencio, donde la intuici\u00f3n se convierte en presencia y la luz toma forma en sentimiento. Los gastos de env\u00edo son de 9 euros para Italia y 20 euros para Europa. Los plazos de env\u00edo suelen ser de 5\/6 d\u00edas laborables. Si desea comprar Le Essenziali Braille desde un pa\u00eds no europeo, puede enviar un correo electr\u00f3nico a incontri@stefanizani.it y solicitar informaci\u00f3n. Los gastos de env\u00edo son gratuitos para pedidos superiores a 140 euros.","robots":{"index":"index","follow":"follow","max-snippet":"max-snippet:-1","max-image-preview":"max-image-preview:large","max-video-preview":"max-video-preview:-1"},"canonical":"Los Esenciales Braille se crearon para hacer visible lo invisible a trav\u00e9s del tacto y la escucha. Con escritura en braille, dibujos t\u00e1ctiles y un audiolibro le\u00eddo por Stefania Zani, invitan a cerrar los ojos y habitar el silencio, donde la intuici\u00f3n se convierte en presencia y la luz toma forma en sentimiento. Los gastos de env\u00edo son de 9 euros para Italia y 20 euros para Europa. Los plazos de env\u00edo suelen ser de 5\/6 d\u00edas laborables. Si desea comprar Le Essenziali Braille desde un pa\u00eds no europeo, puede enviar un correo electr\u00f3nico a incontri@stefanizani.it y solicitar informaci\u00f3n. Los gastos de env\u00edo son gratuitos para pedidos superiores a 140 euros.","og_locale":"es_ES","og_type":"article","og_title":"Lo esencial del braille","og_description":"Los Esenciales Braille se crearon para hacer visible lo invisible a trav\u00e9s del tacto y la escucha. Con escritura en braille, dibujos t\u00e1ctiles y un audiolibro le\u00eddo por Stefania Zani, invitan a cerrar los ojos y habitar el silencio, donde la intuici\u00f3n se convierte en presencia y la luz toma forma en sentimiento. Los gastos de env\u00edo son de 9 euros para Italia y 20 euros para Europa. Los plazos de env\u00edo suelen ser de 5\/6 d\u00edas laborables. Si desea comprar Le Essenziali Braille desde un pa\u00eds no europeo, puede enviar un correo electr\u00f3nico a incontri@stefanizani.it y solicitar informaci\u00f3n. Los gastos de env\u00edo son gratuitos para pedidos superiores a 140 euros.","og_url":"https:\/\/www.stefaniazani.it\/es\/producto\/le-essentials-braille\/","og_site_name":"Stefania Zani","article_publisher":"https:\/\/www.facebook.com\/p\/Stefania-Zani-100087139977126\/","article_modified_time":"2026-03-30T01:35:18+00:00","og_image":[{"width":2560,"height":1709,"url":"https:\/\/www.stefaniazani.it\/wp-content\/uploads\/2025\/12\/DSC7822-scaled.jpg","type":"image\/jpeg"}],"twitter_card":"summary_large_image","twitter_misc":{"Tiempo de lectura":"3 minutos"},"schema":{"@context":"https:\/\/schema.org","@graph":[{"@type":"WebPage","@id":"https:\/\/www.stefaniazani.it\/es\/producto\/le-essentials-braille\/","url":"https:\/\/www.stefaniazani.it\/es\/producto\/le-essentials-braille\/","name":"Le Essenziali Braille - Stefania Zani","isPartOf":{"@id":"https:\/\/www.stefaniazani.it\/#website"},"primaryImageOfPage":{"@id":"https:\/\/www.stefaniazani.it\/es\/producto\/le-essentials-braille\/#primaryimage"},"image":{"@id":"https:\/\/www.stefaniazani.it\/es\/producto\/le-essentials-braille\/#primaryimage"},"thumbnailUrl":"","datePublished":"2025-12-11T18:15:20+00:00","dateModified":"2026-03-30T01:35:18+00:00","breadcrumb":{"@id":"https:\/\/www.stefaniazani.it\/es\/producto\/le-essentials-braille\/#breadcrumb"},"inLanguage":"es","potentialAction":[{"@type":"ReadAction","target":["https:\/\/www.stefaniazani.it\/es\/producto\/le-essentials-braille\/"]}]},{"@type":"ImageObject","inLanguage":"es","@id":"https:\/\/www.stefaniazani.it\/es\/producto\/le-essentials-braille\/#primaryimage","url":"","contentUrl":"","width":1080,"height":1080,"caption":"Le Essenziali 1"},{"@type":"BreadcrumbList","@id":"https:\/\/www.stefaniazani.it\/es\/producto\/le-essentials-braille\/#breadcrumb","itemListElement":[{"@type":"ListItem","position":1,"name":"Home","item":"https:\/\/www.stefaniazani.it\/"},{"@type":"ListItem","position":2,"name":"Shop","item":"https:\/\/www.stefaniazani.it\/negozio\/"},{"@type":"ListItem","position":3,"name":"Lo esencial del braille"}]},{"@type":"WebSite","@id":"https:\/\/www.stefaniazani.it\/es\/#website","url":"https:\/\/www.stefaniazani.it\/es\/","name":"Stefania Zani","description":"","publisher":{"@id":"https:\/\/www.stefaniazani.it\/es\/#organization"},"potentialAction":[{"@type":"SearchAction","target":{"@type":"EntryPoint","urlTemplate":"https:\/\/www.stefaniazani.it\/es\/?s={search_term_string}"},"query-input":{"@type":"PropertyValueSpecification","valueRequired":true,"valueName":"search_term_string"}}],"inLanguage":"es"},{"@type":"Organization","@id":"https:\/\/www.stefaniazani.it\/es\/#organization","name":"Stefania Zani Srl","url":"https:\/\/www.stefaniazani.it\/es\/","logo":{"@type":"ImageObject","inLanguage":"es","@id":"https:\/\/www.stefaniazani.it\/es\/#\/schema\/logo\/image\/","url":"https:\/\/www.stefaniazani.it\/wp-content\/uploads\/2024\/03\/stefania_zani_logo_start.png","contentUrl":"https:\/\/www.stefaniazani.it\/wp-content\/uploads\/2024\/03\/stefania_zani_logo_start.png","width":250,"height":50,"caption":"Stefania Zani Srl"},"image":{"@id":"https:\/\/www.stefaniazani.it\/es\/#\/schema\/logo\/image\/"},"sameAs":["https:\/\/www.facebook.com\/p\/Stefania-Zani-100087139977126\/","https:\/\/www.instagram.com\/stefania__zani\/"]}]}},"df_price":175,"df_sale_price":"","df_regular_price":175,"df_image_link":"https:\/\/www.stefaniazani.it\/wp-content\/uploads\/woocommerce-placeholder-300x300.png","_links":{"self":[{"href":"https:\/\/www.stefaniazani.it\/es\/wp-json\/wp\/v2\/product\/21030","targetHints":{"allow":["GET"]}}],"collection":[{"href":"https:\/\/www.stefaniazani.it\/es\/wp-json\/wp\/v2\/product"}],"about":[{"href":"https:\/\/www.stefaniazani.it\/es\/wp-json\/wp\/v2\/types\/product"}],"wp:featuredmedia":[{"embeddable":true,"href":"https:\/\/www.stefaniazani.it\/es\/wp-json\/"}],"wp:attachment":[{"href":"https:\/\/www.stefaniazani.it\/es\/wp-json\/wp\/v2\/media?parent=21030"}],"wp:term":[{"taxonomy":"product_brand","embeddable":true,"href":"https:\/\/www.stefaniazani.it\/es\/wp-json\/wp\/v2\/product_brand?post=21030"},{"taxonomy":"product_cat","embeddable":true,"href":"https:\/\/www.stefaniazani.it\/es\/wp-json\/wp\/v2\/product_cat?post=21030"},{"taxonomy":"product_tag","embeddable":true,"href":"https:\/\/www.stefaniazani.it\/es\/wp-json\/wp\/v2\/product_tag?post=21030"}],"curies":[{"name":"wp","href":"https:\/\/api.w.org\/{rel}","templated":true}]}}