{"id":20587,"date":"2025-11-28T00:46:37","date_gmt":"2025-11-27T23:46:37","guid":{"rendered":"https:\/\/www.stefaniazani.it\/prodotto\/\/"},"modified":"2025-12-18T20:18:23","modified_gmt":"2025-12-18T19:18:23","slug":"il-tempo-dellunita-interiore","status":"publish","type":"product","link":"https:\/\/www.stefaniazani.it\/es\/producto\/el-tiempo-de-la-unidad-interior\/","title":{"rendered":"EL TIEMPO DE LA UNIDAD INTERIOR"},"content":{"rendered":"<p><strong>El Tiempo de la Unidad Interior: la reconciliaci\u00f3n de lo Masculino y lo Femenino<\/strong><br \/>\nCon la participaci\u00f3n de<em><strong> Stefania Marinelli<\/strong><\/em><br \/><strong>Conferencia grabada<\/strong><\/p>\n<p>Un encuentro dedicado a quienes desean comprender m\u00e1s profundamente la energ\u00eda de este momento y prepararse con conciencia para el nuevo ciclo que se abrir\u00e1 con el 2026.<\/p>\n<p> Durante la conferencia exploraremos juntos<\/p>\n<ul>\n<li><strong> Los tr\u00e1nsitos astrol\u00f3gicos de fin de a\u00f1o<\/strong>Para comprender las din\u00e1micas que est\u00e1n moviendo el presente y prepararnos para la transici\u00f3n energ\u00e9tica hacia 2026.<\/li>\n<li><strong>La visi\u00f3n astrol\u00f3gica de 2026<\/strong>Una mirada clara e inspirada a los movimientos del cielo que caracterizar\u00e1n el a\u00f1o, y c\u00f3mo pueden influir en los diferentes aspectos de nuestras vidas.<\/li>\n<li>Canalizaciones<strong>para cada signo del zodiaco<\/strong>Como ya ocurri\u00f3 con mi libro \u00abHor\u00f3scopo Esencial\u00bb, canalizar\u00e9 un mensaje para cada signo del zodiaco para este 2026, llamando la atenci\u00f3n sobre el camino evolutivo de cada uno.<\/li>\n<\/ul>\n<p>Las canalizaciones se recoger\u00e1n en un documento PDF, que se enviar\u00e1 s\u00f3lo a los participantes, para que puedan releer, meditar e integrar los mensajes a lo largo de los meses. <\/p>\n<p>Esta lecci\u00f3n est\u00e1 dise\u00f1ada para quienes deseen orientarse, encontrar direcci\u00f3n y dar la bienvenida al A\u00f1o Nuevo con mayor presencia, apertura y enraizamiento interior.<\/p>\n<p><strong>El enlace y la contrase\u00f1a para acceder a la inscripci\u00f3n se encuentran en el archivo PDF que llega con el correo electr\u00f3nico de confirmaci\u00f3n autom\u00e1tica del pedido<\/strong>.<\/p>\n","protected":false},"excerpt":{"rendered":"<p><strong>El tiempo de la unidad interior: reconciliar lo masculino y lo femenino<\/strong><br \/>\nCon la participaci\u00f3n de<em><strong> Stefania Marinelli<\/strong><\/em><br \/>\n<strong>Lecci\u00f3n en l\u00ednea &#8211; Mi\u00e9rcoles 17 de diciembre a las 18:30 <\/strong><\/p>\n<p>Un encuentro dedicado a quienes desean comprender m\u00e1s profundamente la energ\u00eda de este momento y prepararse con conciencia para el nuevo ciclo que se abrir\u00e1 con el 2026.<\/p>\n<p>Durante la clase exploraremos juntos<\/p>\n<ul>\n<li><strong> Los tr\u00e1nsitos astrol\u00f3gicos de fin de a\u00f1o<\/strong><br \/>\nPara comprender las din\u00e1micas que est\u00e1n moviendo el presente y prepararnos para la transici\u00f3n energ\u00e9tica hacia 2026.<\/li>\n<li><strong>La visi\u00f3n astrol\u00f3gica de 2026<\/strong><br \/>\nUna mirada clara e inspirada sobre los movimientos del cielo que caracterizar\u00e1n el a\u00f1o y c\u00f3mo pueden influir en los diferentes aspectos de nuestra vida.<\/li>\n<li><strong>Canales para cada signo del zodiaco<\/strong><br \/>\nComo en el caso de mi libro \u00abHor\u00f3scopo Esencial\u00bb, canalizar\u00e9 un mensaje para cada signo del zodiaco para este a\u00f1o 2026, llamando la atenci\u00f3n sobre el camino evolutivo de cada uno.<\/li>\n<\/ul>\n<p>Las canalizaciones se recoger\u00e1n en un documento PDF, enviado s\u00f3lo a los participantes, para que los mensajes puedan ser rele\u00eddos, meditados e integrados a lo largo de los meses.<\/p>\n<p>Esta lecci\u00f3n est\u00e1 pensada para quienes deseen orientarse, encontrar direcci\u00f3n y dar la bienvenida al A\u00f1o Nuevo con mayor presencia, apertura y arraigo interior.<\/p>\n<p><strong>Encontrar\u00e1s el enlace para acceder a la transmisi\u00f3n en directo en el archivo pdf que llega con el correo electr\u00f3nico de confirmaci\u00f3n autom\u00e1tica del pedido.<\/strong><\/p>\n","protected":false},"featured_media":20594,"template":"","meta":[],"product_brand":[],"product_cat":[27],"product_tag":[],"class_list":{"0":"post-20587","1":"product","2":"type-product","3":"status-publish","4":"has-post-thumbnail","6":"product_cat-lezioni","8":"first","9":"instock","10":"downloadable","11":"virtual","12":"taxable","13":"purchasable","14":"product-type-simple"},"yoast_head":"<!-- This site is optimized with the Yoast SEO plugin v27.4 - https:\/\/yoast.com\/product\/yoast-seo-wordpress\/ -->\n<title>EL TIEMPO DE LA UNIDAD INTERIOR<\/title>\n<meta name=\"description\" content=\"El tiempo de la unidad interior: reconciliar lo masculino y lo femenino Con la participaci\u00f3n de Stefania Marinelli Lecci\u00f3n en l\u00ednea - Mi\u00e9rcoles 17 de diciembre a las 18:30   Un encuentro dedicado a quienes desean comprender m\u00e1s profundamente la energ\u00eda de este momento y prepararse con conciencia para el nuevo ciclo que se abrir\u00e1 con el 2026.  Durante la clase exploraremos juntos  Los tr\u00e1nsitos astrol\u00f3gicos de fin de a\u00f1o Para comprender las din\u00e1micas que est\u00e1n moviendo el presente y prepararnos para la transici\u00f3n energ\u00e9tica hacia 2026.  La visi\u00f3n astrol\u00f3gica de 2026 Una mirada clara e inspirada sobre los movimientos del cielo que caracterizar\u00e1n el a\u00f1o y c\u00f3mo pueden influir en los diferentes aspectos de nuestra vida.  Canales para cada signo del zodiaco Como en el caso de mi libro &quot;Hor\u00f3scopo Esencial&quot;, canalizar\u00e9 un mensaje para cada signo del zodiaco para este a\u00f1o 2026, llamando la atenci\u00f3n sobre el camino evolutivo de cada uno.  Las canalizaciones se recoger\u00e1n en un documento PDF, enviado s\u00f3lo a los participantes, para que los mensajes puedan ser rele\u00eddos, meditados e integrados a lo largo de los meses.  Esta lecci\u00f3n est\u00e1 pensada para quienes deseen orientarse, encontrar direcci\u00f3n y dar la bienvenida al A\u00f1o Nuevo con mayor presencia, apertura y arraigo interior.  Encontrar\u00e1s el enlace para acceder a la transmisi\u00f3n en directo en el archivo pdf que llega con el correo electr\u00f3nico de confirmaci\u00f3n autom\u00e1tica del pedido.\" \/>\n<meta name=\"robots\" content=\"index, follow, max-snippet:-1, max-image-preview:large, max-video-preview:-1\" \/>\n<link rel=\"canonical\" href=\"\" \/>\n<meta property=\"og:locale\" content=\"es_ES\" \/>\n<meta property=\"og:type\" content=\"article\" \/>\n<meta property=\"og:title\" content=\"EL TIEMPO DE LA UNIDAD INTERIOR\" \/>\n<meta property=\"og:description\" content=\"El tiempo de la unidad interior: reconciliar lo masculino y lo femenino Con la participaci\u00f3n de Stefania Marinelli Lecci\u00f3n en l\u00ednea - Mi\u00e9rcoles 17 de diciembre a las 18:30   Un encuentro dedicado a quienes desean comprender m\u00e1s profundamente la energ\u00eda de este momento y prepararse con conciencia para el nuevo ciclo que se abrir\u00e1 con el 2026.  Durante la clase exploraremos juntos  Los tr\u00e1nsitos astrol\u00f3gicos de fin de a\u00f1o Para comprender las din\u00e1micas que est\u00e1n moviendo el presente y prepararnos para la transici\u00f3n energ\u00e9tica hacia 2026.  La visi\u00f3n astrol\u00f3gica de 2026 Una mirada clara e inspirada sobre los movimientos del cielo que caracterizar\u00e1n el a\u00f1o y c\u00f3mo pueden influir en los diferentes aspectos de nuestra vida.  Canales para cada signo del zodiaco Como en el caso de mi libro &quot;Hor\u00f3scopo Esencial&quot;, canalizar\u00e9 un mensaje para cada signo del zodiaco para este a\u00f1o 2026, llamando la atenci\u00f3n sobre el camino evolutivo de cada uno.  Las canalizaciones se recoger\u00e1n en un documento PDF, enviado s\u00f3lo a los participantes, para que los mensajes puedan ser rele\u00eddos, meditados e integrados a lo largo de los meses.  Esta lecci\u00f3n est\u00e1 pensada para quienes deseen orientarse, encontrar direcci\u00f3n y dar la bienvenida al A\u00f1o Nuevo con mayor presencia, apertura y arraigo interior.  Encontrar\u00e1s el enlace para acceder a la transmisi\u00f3n en directo en el archivo pdf que llega con el correo electr\u00f3nico de confirmaci\u00f3n autom\u00e1tica del pedido.\" \/>\n<meta property=\"og:url\" content=\"https:\/\/www.stefaniazani.it\/es\/producto\/el-tiempo-de-la-unidad-interior\/\" \/>\n<meta property=\"og:site_name\" content=\"Stefania Zani\" \/>\n<meta property=\"article:publisher\" content=\"https:\/\/www.facebook.com\/p\/Stefania-Zani-100087139977126\/\" \/>\n<meta property=\"article:modified_time\" content=\"2025-12-18T19:18:23+00:00\" \/>\n<meta property=\"og:image\" content=\"https:\/\/www.stefaniazani.it\/wp-content\/uploads\/2025\/11\/La-sessualita-sacra-2.png\" \/>\n\t<meta property=\"og:image:width\" content=\"1080\" \/>\n\t<meta property=\"og:image:height\" content=\"1080\" \/>\n\t<meta property=\"og:image:type\" content=\"image\/png\" \/>\n<meta name=\"twitter:card\" content=\"summary_large_image\" \/>\n<meta name=\"twitter:label1\" content=\"Tiempo de lectura\" \/>\n\t<meta name=\"twitter:data1\" content=\"2 minutos\" \/>\n<script type=\"application\/ld+json\" class=\"yoast-schema-graph\">{\"@context\":\"https:\\\/\\\/schema.org\",\"@graph\":[{\"@type\":\"WebPage\",\"@id\":\"https:\\\/\\\/www.stefaniazani.it\\\/es\\\/producto\\\/el-tiempo-de-la-unidad-interior\\\/\",\"url\":\"https:\\\/\\\/www.stefaniazani.it\\\/es\\\/producto\\\/el-tiempo-de-la-unidad-interior\\\/\",\"name\":\"IL TEMPO DELL'UNIT\u00c0 INTERIORE - Stefania Zani\",\"isPartOf\":{\"@id\":\"https:\\\/\\\/www.stefaniazani.it\\\/#website\"},\"primaryImageOfPage\":{\"@id\":\"https:\\\/\\\/www.stefaniazani.it\\\/es\\\/producto\\\/el-tiempo-de-la-unidad-interior\\\/#primaryimage\"},\"image\":{\"@id\":\"https:\\\/\\\/www.stefaniazani.it\\\/es\\\/producto\\\/el-tiempo-de-la-unidad-interior\\\/#primaryimage\"},\"thumbnailUrl\":\"\",\"datePublished\":\"2025-11-27T23:46:37+00:00\",\"dateModified\":\"2025-12-18T19:18:23+00:00\",\"description\":\"Un'incontro per chi desidera comprendere pi\u00f9 a fondo l\u2019energia di questo momento e prepararsi con consapevolezza al nuovo ciclo che si aprir\u00e0 con il 2026.\",\"breadcrumb\":{\"@id\":\"https:\\\/\\\/www.stefaniazani.it\\\/es\\\/producto\\\/el-tiempo-de-la-unidad-interior\\\/#breadcrumb\"},\"inLanguage\":\"es\",\"potentialAction\":[{\"@type\":\"ReadAction\",\"target\":[\"https:\\\/\\\/www.stefaniazani.it\\\/es\\\/producto\\\/el-tiempo-de-la-unidad-interior\\\/\"]}]},{\"@type\":\"ImageObject\",\"inLanguage\":\"es\",\"@id\":\"https:\\\/\\\/www.stefaniazani.it\\\/es\\\/producto\\\/el-tiempo-de-la-unidad-interior\\\/#primaryimage\",\"url\":\"\",\"contentUrl\":\"\",\"width\":1080,\"height\":1080},{\"@type\":\"BreadcrumbList\",\"@id\":\"https:\\\/\\\/www.stefaniazani.it\\\/es\\\/producto\\\/el-tiempo-de-la-unidad-interior\\\/#breadcrumb\",\"itemListElement\":[{\"@type\":\"ListItem\",\"position\":1,\"name\":\"Home\",\"item\":\"https:\\\/\\\/www.stefaniazani.it\\\/\"},{\"@type\":\"ListItem\",\"position\":2,\"name\":\"Shop\",\"item\":\"https:\\\/\\\/www.stefaniazani.it\\\/negozio\\\/\"},{\"@type\":\"ListItem\",\"position\":3,\"name\":\"EL TIEMPO DE LA UNIDAD INTERIOR\"}]},{\"@type\":\"WebSite\",\"@id\":\"https:\\\/\\\/www.stefaniazani.it\\\/es\\\/#website\",\"url\":\"https:\\\/\\\/www.stefaniazani.it\\\/es\\\/\",\"name\":\"Stefania Zani\",\"description\":\"\",\"publisher\":{\"@id\":\"https:\\\/\\\/www.stefaniazani.it\\\/es\\\/#organization\"},\"potentialAction\":[{\"@type\":\"SearchAction\",\"target\":{\"@type\":\"EntryPoint\",\"urlTemplate\":\"https:\\\/\\\/www.stefaniazani.it\\\/es\\\/?s={search_term_string}\"},\"query-input\":{\"@type\":\"PropertyValueSpecification\",\"valueRequired\":true,\"valueName\":\"search_term_string\"}}],\"inLanguage\":\"es\"},{\"@type\":\"Organization\",\"@id\":\"https:\\\/\\\/www.stefaniazani.it\\\/es\\\/#organization\",\"name\":\"Stefania Zani Srl\",\"url\":\"https:\\\/\\\/www.stefaniazani.it\\\/es\\\/\",\"logo\":{\"@type\":\"ImageObject\",\"inLanguage\":\"es\",\"@id\":\"https:\\\/\\\/www.stefaniazani.it\\\/es\\\/#\\\/schema\\\/logo\\\/image\\\/\",\"url\":\"https:\\\/\\\/www.stefaniazani.it\\\/wp-content\\\/uploads\\\/2024\\\/03\\\/stefania_zani_logo_start.png\",\"contentUrl\":\"https:\\\/\\\/www.stefaniazani.it\\\/wp-content\\\/uploads\\\/2024\\\/03\\\/stefania_zani_logo_start.png\",\"width\":250,\"height\":50,\"caption\":\"Stefania Zani Srl\"},\"image\":{\"@id\":\"https:\\\/\\\/www.stefaniazani.it\\\/es\\\/#\\\/schema\\\/logo\\\/image\\\/\"},\"sameAs\":[\"https:\\\/\\\/www.facebook.com\\\/p\\\/Stefania-Zani-100087139977126\\\/\",\"https:\\\/\\\/www.instagram.com\\\/stefania__zani\\\/\"]}]}<\/script>\n<!-- \/ Yoast SEO plugin. -->","yoast_head_json":{"title":"EL TIEMPO DE LA UNIDAD INTERIOR","description":"El tiempo de la unidad interior: reconciliar lo masculino y lo femenino Con la participaci\u00f3n de Stefania Marinelli Lecci\u00f3n en l\u00ednea - Mi\u00e9rcoles 17 de diciembre a las 18:30   Un encuentro dedicado a quienes desean comprender m\u00e1s profundamente la energ\u00eda de este momento y prepararse con conciencia para el nuevo ciclo que se abrir\u00e1 con el 2026.  Durante la clase exploraremos juntos  Los tr\u00e1nsitos astrol\u00f3gicos de fin de a\u00f1o Para comprender las din\u00e1micas que est\u00e1n moviendo el presente y prepararnos para la transici\u00f3n energ\u00e9tica hacia 2026.  La visi\u00f3n astrol\u00f3gica de 2026 Una mirada clara e inspirada sobre los movimientos del cielo que caracterizar\u00e1n el a\u00f1o y c\u00f3mo pueden influir en los diferentes aspectos de nuestra vida.  Canales para cada signo del zodiaco Como en el caso de mi libro \"Hor\u00f3scopo Esencial\", canalizar\u00e9 un mensaje para cada signo del zodiaco para este a\u00f1o 2026, llamando la atenci\u00f3n sobre el camino evolutivo de cada uno.  Las canalizaciones se recoger\u00e1n en un documento PDF, enviado s\u00f3lo a los participantes, para que los mensajes puedan ser rele\u00eddos, meditados e integrados a lo largo de los meses.  Esta lecci\u00f3n est\u00e1 pensada para quienes deseen orientarse, encontrar direcci\u00f3n y dar la bienvenida al A\u00f1o Nuevo con mayor presencia, apertura y arraigo interior.  Encontrar\u00e1s el enlace para acceder a la transmisi\u00f3n en directo en el archivo pdf que llega con el correo electr\u00f3nico de confirmaci\u00f3n autom\u00e1tica del pedido.","robots":{"index":"index","follow":"follow","max-snippet":"max-snippet:-1","max-image-preview":"max-image-preview:large","max-video-preview":"max-video-preview:-1"},"canonical":"El tiempo de la unidad interior: reconciliar lo masculino y lo femenino Con la participaci\u00f3n de Stefania Marinelli Lecci\u00f3n en l\u00ednea - Mi\u00e9rcoles 17 de diciembre a las 18:30   Un encuentro dedicado a quienes desean comprender m\u00e1s profundamente la energ\u00eda de este momento y prepararse con conciencia para el nuevo ciclo que se abrir\u00e1 con el 2026.  Durante la clase exploraremos juntos  Los tr\u00e1nsitos astrol\u00f3gicos de fin de a\u00f1o Para comprender las din\u00e1micas que est\u00e1n moviendo el presente y prepararnos para la transici\u00f3n energ\u00e9tica hacia 2026.  La visi\u00f3n astrol\u00f3gica de 2026 Una mirada clara e inspirada sobre los movimientos del cielo que caracterizar\u00e1n el a\u00f1o y c\u00f3mo pueden influir en los diferentes aspectos de nuestra vida.  Canales para cada signo del zodiaco Como en el caso de mi libro \"Hor\u00f3scopo Esencial\", canalizar\u00e9 un mensaje para cada signo del zodiaco para este a\u00f1o 2026, llamando la atenci\u00f3n sobre el camino evolutivo de cada uno.  Las canalizaciones se recoger\u00e1n en un documento PDF, enviado s\u00f3lo a los participantes, para que los mensajes puedan ser rele\u00eddos, meditados e integrados a lo largo de los meses.  Esta lecci\u00f3n est\u00e1 pensada para quienes deseen orientarse, encontrar direcci\u00f3n y dar la bienvenida al A\u00f1o Nuevo con mayor presencia, apertura y arraigo interior.  Encontrar\u00e1s el enlace para acceder a la transmisi\u00f3n en directo en el archivo pdf que llega con el correo electr\u00f3nico de confirmaci\u00f3n autom\u00e1tica del pedido.","og_locale":"es_ES","og_type":"article","og_title":"EL TIEMPO DE LA UNIDAD INTERIOR","og_description":"El tiempo de la unidad interior: reconciliar lo masculino y lo femenino Con la participaci\u00f3n de Stefania Marinelli Lecci\u00f3n en l\u00ednea - Mi\u00e9rcoles 17 de diciembre a las 18:30   Un encuentro dedicado a quienes desean comprender m\u00e1s profundamente la energ\u00eda de este momento y prepararse con conciencia para el nuevo ciclo que se abrir\u00e1 con el 2026.  Durante la clase exploraremos juntos  Los tr\u00e1nsitos astrol\u00f3gicos de fin de a\u00f1o Para comprender las din\u00e1micas que est\u00e1n moviendo el presente y prepararnos para la transici\u00f3n energ\u00e9tica hacia 2026.  La visi\u00f3n astrol\u00f3gica de 2026 Una mirada clara e inspirada sobre los movimientos del cielo que caracterizar\u00e1n el a\u00f1o y c\u00f3mo pueden influir en los diferentes aspectos de nuestra vida.  Canales para cada signo del zodiaco Como en el caso de mi libro \"Hor\u00f3scopo Esencial\", canalizar\u00e9 un mensaje para cada signo del zodiaco para este a\u00f1o 2026, llamando la atenci\u00f3n sobre el camino evolutivo de cada uno.  Las canalizaciones se recoger\u00e1n en un documento PDF, enviado s\u00f3lo a los participantes, para que los mensajes puedan ser rele\u00eddos, meditados e integrados a lo largo de los meses.  Esta lecci\u00f3n est\u00e1 pensada para quienes deseen orientarse, encontrar direcci\u00f3n y dar la bienvenida al A\u00f1o Nuevo con mayor presencia, apertura y arraigo interior.  Encontrar\u00e1s el enlace para acceder a la transmisi\u00f3n en directo en el archivo pdf que llega con el correo electr\u00f3nico de confirmaci\u00f3n autom\u00e1tica del pedido.","og_url":"https:\/\/www.stefaniazani.it\/es\/producto\/el-tiempo-de-la-unidad-interior\/","og_site_name":"Stefania Zani","article_publisher":"https:\/\/www.facebook.com\/p\/Stefania-Zani-100087139977126\/","article_modified_time":"2025-12-18T19:18:23+00:00","og_image":[{"width":1080,"height":1080,"url":"https:\/\/www.stefaniazani.it\/wp-content\/uploads\/2025\/11\/La-sessualita-sacra-2.png","type":"image\/png"}],"twitter_card":"summary_large_image","twitter_misc":{"Tiempo de lectura":"2 minutos"},"schema":{"@context":"https:\/\/schema.org","@graph":[{"@type":"WebPage","@id":"https:\/\/www.stefaniazani.it\/es\/producto\/el-tiempo-de-la-unidad-interior\/","url":"https:\/\/www.stefaniazani.it\/es\/producto\/el-tiempo-de-la-unidad-interior\/","name":"IL TEMPO DELL'UNIT\u00c0 INTERIORE - Stefania Zani","isPartOf":{"@id":"https:\/\/www.stefaniazani.it\/#website"},"primaryImageOfPage":{"@id":"https:\/\/www.stefaniazani.it\/es\/producto\/el-tiempo-de-la-unidad-interior\/#primaryimage"},"image":{"@id":"https:\/\/www.stefaniazani.it\/es\/producto\/el-tiempo-de-la-unidad-interior\/#primaryimage"},"thumbnailUrl":"","datePublished":"2025-11-27T23:46:37+00:00","dateModified":"2025-12-18T19:18:23+00:00","description":"Un'incontro per chi desidera comprendere pi\u00f9 a fondo l\u2019energia di questo momento e prepararsi con consapevolezza al nuovo ciclo che si aprir\u00e0 con il 2026.","breadcrumb":{"@id":"https:\/\/www.stefaniazani.it\/es\/producto\/el-tiempo-de-la-unidad-interior\/#breadcrumb"},"inLanguage":"es","potentialAction":[{"@type":"ReadAction","target":["https:\/\/www.stefaniazani.it\/es\/producto\/el-tiempo-de-la-unidad-interior\/"]}]},{"@type":"ImageObject","inLanguage":"es","@id":"https:\/\/www.stefaniazani.it\/es\/producto\/el-tiempo-de-la-unidad-interior\/#primaryimage","url":"","contentUrl":"","width":1080,"height":1080},{"@type":"BreadcrumbList","@id":"https:\/\/www.stefaniazani.it\/es\/producto\/el-tiempo-de-la-unidad-interior\/#breadcrumb","itemListElement":[{"@type":"ListItem","position":1,"name":"Home","item":"https:\/\/www.stefaniazani.it\/"},{"@type":"ListItem","position":2,"name":"Shop","item":"https:\/\/www.stefaniazani.it\/negozio\/"},{"@type":"ListItem","position":3,"name":"EL TIEMPO DE LA UNIDAD INTERIOR"}]},{"@type":"WebSite","@id":"https:\/\/www.stefaniazani.it\/es\/#website","url":"https:\/\/www.stefaniazani.it\/es\/","name":"Stefania Zani","description":"","publisher":{"@id":"https:\/\/www.stefaniazani.it\/es\/#organization"},"potentialAction":[{"@type":"SearchAction","target":{"@type":"EntryPoint","urlTemplate":"https:\/\/www.stefaniazani.it\/es\/?s={search_term_string}"},"query-input":{"@type":"PropertyValueSpecification","valueRequired":true,"valueName":"search_term_string"}}],"inLanguage":"es"},{"@type":"Organization","@id":"https:\/\/www.stefaniazani.it\/es\/#organization","name":"Stefania Zani Srl","url":"https:\/\/www.stefaniazani.it\/es\/","logo":{"@type":"ImageObject","inLanguage":"es","@id":"https:\/\/www.stefaniazani.it\/es\/#\/schema\/logo\/image\/","url":"https:\/\/www.stefaniazani.it\/wp-content\/uploads\/2024\/03\/stefania_zani_logo_start.png","contentUrl":"https:\/\/www.stefaniazani.it\/wp-content\/uploads\/2024\/03\/stefania_zani_logo_start.png","width":250,"height":50,"caption":"Stefania Zani Srl"},"image":{"@id":"https:\/\/www.stefaniazani.it\/es\/#\/schema\/logo\/image\/"},"sameAs":["https:\/\/www.facebook.com\/p\/Stefania-Zani-100087139977126\/","https:\/\/www.instagram.com\/stefania__zani\/"]}]}},"df_price":50,"df_sale_price":"","df_regular_price":50,"df_image_link":"https:\/\/www.stefaniazani.it\/wp-content\/uploads\/woocommerce-placeholder-300x300.png","_links":{"self":[{"href":"https:\/\/www.stefaniazani.it\/es\/wp-json\/wp\/v2\/product\/20587","targetHints":{"allow":["GET"]}}],"collection":[{"href":"https:\/\/www.stefaniazani.it\/es\/wp-json\/wp\/v2\/product"}],"about":[{"href":"https:\/\/www.stefaniazani.it\/es\/wp-json\/wp\/v2\/types\/product"}],"wp:featuredmedia":[{"embeddable":true,"href":"https:\/\/www.stefaniazani.it\/es\/wp-json\/"}],"wp:attachment":[{"href":"https:\/\/www.stefaniazani.it\/es\/wp-json\/wp\/v2\/media?parent=20587"}],"wp:term":[{"taxonomy":"product_brand","embeddable":true,"href":"https:\/\/www.stefaniazani.it\/es\/wp-json\/wp\/v2\/product_brand?post=20587"},{"taxonomy":"product_cat","embeddable":true,"href":"https:\/\/www.stefaniazani.it\/es\/wp-json\/wp\/v2\/product_cat?post=20587"},{"taxonomy":"product_tag","embeddable":true,"href":"https:\/\/www.stefaniazani.it\/es\/wp-json\/wp\/v2\/product_tag?post=20587"}],"curies":[{"name":"wp","href":"https:\/\/api.w.org\/{rel}","templated":true}]}}