{"id":19964,"date":"2025-10-09T19:25:51","date_gmt":"2025-10-09T17:25:51","guid":{"rendered":"https:\/\/www.stefaniazani.it\/prodotto\/\/"},"modified":"2026-02-14T03:26:14","modified_gmt":"2026-02-14T02:26:14","slug":"chiudere-cicli-di-vita-per-consacrarsi-al-sentiero-dellanima","status":"publish","type":"product","link":"https:\/\/www.stefaniazani.it\/es\/producto\/cierre-de-ciclos-de-vida-para-consagrar-sentimiento-alma\/","title":{"rendered":"CERRAR CICLOS DE VIDA PARA CONSAGRARSE AL CAMINO DEL ALMA"},"content":{"rendered":"<p><strong>Cerrar ciclos vitales para dedicarse al camino del Alma<\/strong><br \/>\n<strong>Lecci\u00f3n grabada<\/strong><\/p>\n<p>Entre el oto\u00f1o de 2025 y la primavera de 2026 atravesaremos una \u00e9poca de profundos cambios astrol\u00f3gicos, que nos invitar\u00e1n a cerrar ciclos pasados y abrirnos a nuevos rumbos vitales.<\/p>\n<p>El protagonista ser\u00e1 Saturno, Maestro del Alma, que cierra todo un ciclo zodiacal, devolvi\u00e9ndonos a la pregunta esencial: \u00ab\u00bfQui\u00e9n eres?\u00bb Un pasaje que puede desorientar pero que, si se comprende, abre el camino a un renacimiento interior.<\/p>\n<p>Durante la lecci\u00f3n, junto con Stefania Marinelli, te guiaremos en un viaje para reconocer en tu propia carta natal los recursos escondidos detr\u00e1s de cada desaf\u00edo, aprendiendo a transformar los l\u00edmites en herramientas de consciencia.<\/p>\n<p>Tambi\u00e9n exploraremos la acci\u00f3n de Urano, s\u00edmbolo del despertar y la renovaci\u00f3n, que con su entrada en G\u00e9minis anuncia una expansi\u00f3n de la conciencia colectiva y personal.<\/p>\n<p>No ser\u00e1 una clase t\u00e9cnica de astrolog\u00eda, sino un encuentro vivencial para comprender, a trav\u00e9s de un lenguaje accesible, c\u00f3mo los arquetipos planetarios pueden iluminar nuestro camino del Alma y acompa\u00f1arnos en el cierre de lo realizado, para renacer a lo nuevo.<\/p>\n<p><strong>TE INVITAMOS A INTRODUCIR LOS DATOS SOLICITADOS (FECHA, LUGAR Y HORA DE NACIMIENTO) PARA QUE PODAMOS CALCULAR TU CARTA ASTRAL Y ENVI\u00c1RTELA PARA QUE PUEDAS SEGUIR CON PRECISI\u00d3N C\u00d3MO SE MUEVEN LAS ENERG\u00cdAS EN TU CARTA.<\/strong><\/p>\n<p><strong>Encontrar\u00e1s el enlace y la contrase\u00f1a para acceder al registro en el archivo pdf que llega con el correo electr\u00f3nico de confirmaci\u00f3n autom\u00e1tica del pedido.<\/strong><\/p>\n","protected":false},"excerpt":{"rendered":"<p><strong>Cerrar ciclos vitales para dedicarse al camino del Alma<\/strong><br \/>\n<strong>Lecci\u00f3n grabada<\/strong><\/p>\n<p>Entre el oto\u00f1o de 2025 y la primavera de 2026 atravesaremos una \u00e9poca de profundos cambios astrol\u00f3gicos, que nos invitar\u00e1n a cerrar ciclos pasados y abrirnos a nuevos rumbos vitales.<\/p>\n<p>El protagonista ser\u00e1 Saturno, Maestro del Alma, que cierra todo un ciclo zodiacal, devolvi\u00e9ndonos a la pregunta esencial: \u00ab\u00bfQui\u00e9n eres?\u00bb Un pasaje que puede desorientar pero que, si se comprende, abre el camino a un renacimiento interior.<\/p>\n<p>Durante la lecci\u00f3n, junto con Stefania Marinelli, te guiaremos en un viaje para reconocer en tu propia carta natal los recursos escondidos detr\u00e1s de cada desaf\u00edo, aprendiendo a transformar los l\u00edmites en herramientas de consciencia.<\/p>\n<p>Tambi\u00e9n exploraremos la acci\u00f3n de Urano, s\u00edmbolo del despertar y la renovaci\u00f3n, que con su entrada en G\u00e9minis anuncia una expansi\u00f3n de la conciencia colectiva y personal.<\/p>\n<p>No ser\u00e1 una lecci\u00f3n t\u00e9cnica de astrolog\u00eda, sino un encuentro vivencial para comprender, a trav\u00e9s de un lenguaje accesible, c\u00f3mo los arquetipos planetarios pueden iluminar nuestro camino y acompa\u00f1arnos en el cierre de lo realizado, para renacer a lo nuevo.<\/p>\n<p><strong>TE INVITAMOS A INTRODUCIR LOS DATOS SOLICITADOS (FECHA, LUGAR Y HORA DE NACIMIENTO) PARA QUE PODAMOS CALCULAR TU CARTA ASTRAL Y ENVI\u00c1RTELA PARA QUE PUEDAS SEGUIR CON PRECISI\u00d3N C\u00d3MO SE MUEVEN LAS ENERG\u00cdAS EN TU CARTA.<\/strong><\/p>\n<p><strong>Encontrar\u00e1s el enlace y la contrase\u00f1a para acceder al registro en el archivo pdf que llega con el correo electr\u00f3nico de confirmaci\u00f3n autom\u00e1tica del pedido.<\/strong><\/p>\n","protected":false},"featured_media":20241,"template":"","meta":[],"product_brand":[],"product_cat":[27],"product_tag":[],"class_list":{"0":"post-19964","1":"product","2":"type-product","3":"status-publish","4":"has-post-thumbnail","6":"product_cat-lezioni","8":"first","9":"instock","10":"downloadable","11":"virtual","12":"taxable","13":"purchasable","14":"product-type-simple"},"yoast_head":"<!-- This site is optimized with the Yoast SEO plugin v27.5 - https:\/\/yoast.com\/product\/yoast-seo-wordpress\/ -->\n<title>CERRAR CICLOS DE VIDA PARA CONSAGRARSE AL CAMINO DEL ALMA<\/title>\n<meta name=\"description\" content=\"Cerrar ciclos vitales para dedicarse al camino del Alma Lecci\u00f3n grabada   Entre el oto\u00f1o de 2025 y la primavera de 2026 atravesaremos una \u00e9poca de profundos cambios astrol\u00f3gicos, que nos invitar\u00e1n a cerrar ciclos pasados y abrirnos a nuevos rumbos vitales.  El protagonista ser\u00e1 Saturno, Maestro del Alma, que cierra todo un ciclo zodiacal, devolvi\u00e9ndonos a la pregunta esencial: &quot;\u00bfQui\u00e9n eres?&quot; Un pasaje que puede desorientar pero que, si se comprende, abre el camino a un renacimiento interior.  Durante la lecci\u00f3n, junto con Stefania Marinelli, te guiaremos en un viaje para reconocer en tu propia carta natal los recursos escondidos detr\u00e1s de cada desaf\u00edo, aprendiendo a transformar los l\u00edmites en herramientas de consciencia.  Tambi\u00e9n exploraremos la acci\u00f3n de Urano, s\u00edmbolo del despertar y la renovaci\u00f3n, que con su entrada en G\u00e9minis anuncia una expansi\u00f3n de la conciencia colectiva y personal.  No ser\u00e1 una lecci\u00f3n t\u00e9cnica de astrolog\u00eda, sino un encuentro vivencial para comprender, a trav\u00e9s de un lenguaje accesible, c\u00f3mo los arquetipos planetarios pueden iluminar nuestro camino y acompa\u00f1arnos en el cierre de lo realizado, para renacer a lo nuevo.  TE INVITAMOS A INTRODUCIR LOS DATOS SOLICITADOS (FECHA, LUGAR Y HORA DE NACIMIENTO) PARA QUE PODAMOS CALCULAR TU CARTA ASTRAL Y ENVI\u00c1RTELA PARA QUE PUEDAS SEGUIR CON PRECISI\u00d3N C\u00d3MO SE MUEVEN LAS ENERG\u00cdAS EN TU CARTA.  Encontrar\u00e1s el enlace y la contrase\u00f1a para acceder al registro en el archivo pdf que llega con el correo electr\u00f3nico de confirmaci\u00f3n autom\u00e1tica del pedido.\" \/>\n<meta name=\"robots\" content=\"index, follow, max-snippet:-1, max-image-preview:large, max-video-preview:-1\" \/>\n<link rel=\"canonical\" href=\"\" \/>\n<meta property=\"og:locale\" content=\"es_ES\" \/>\n<meta property=\"og:type\" content=\"article\" \/>\n<meta property=\"og:title\" content=\"CERRAR CICLOS DE VIDA PARA CONSAGRARSE AL CAMINO DEL ALMA\" \/>\n<meta property=\"og:description\" content=\"Cerrar ciclos vitales para dedicarse al camino del Alma Lecci\u00f3n grabada   Entre el oto\u00f1o de 2025 y la primavera de 2026 atravesaremos una \u00e9poca de profundos cambios astrol\u00f3gicos, que nos invitar\u00e1n a cerrar ciclos pasados y abrirnos a nuevos rumbos vitales.  El protagonista ser\u00e1 Saturno, Maestro del Alma, que cierra todo un ciclo zodiacal, devolvi\u00e9ndonos a la pregunta esencial: &quot;\u00bfQui\u00e9n eres?&quot; Un pasaje que puede desorientar pero que, si se comprende, abre el camino a un renacimiento interior.  Durante la lecci\u00f3n, junto con Stefania Marinelli, te guiaremos en un viaje para reconocer en tu propia carta natal los recursos escondidos detr\u00e1s de cada desaf\u00edo, aprendiendo a transformar los l\u00edmites en herramientas de consciencia.  Tambi\u00e9n exploraremos la acci\u00f3n de Urano, s\u00edmbolo del despertar y la renovaci\u00f3n, que con su entrada en G\u00e9minis anuncia una expansi\u00f3n de la conciencia colectiva y personal.  No ser\u00e1 una lecci\u00f3n t\u00e9cnica de astrolog\u00eda, sino un encuentro vivencial para comprender, a trav\u00e9s de un lenguaje accesible, c\u00f3mo los arquetipos planetarios pueden iluminar nuestro camino y acompa\u00f1arnos en el cierre de lo realizado, para renacer a lo nuevo.  TE INVITAMOS A INTRODUCIR LOS DATOS SOLICITADOS (FECHA, LUGAR Y HORA DE NACIMIENTO) PARA QUE PODAMOS CALCULAR TU CARTA ASTRAL Y ENVI\u00c1RTELA PARA QUE PUEDAS SEGUIR CON PRECISI\u00d3N C\u00d3MO SE MUEVEN LAS ENERG\u00cdAS EN TU CARTA.  Encontrar\u00e1s el enlace y la contrase\u00f1a para acceder al registro en el archivo pdf que llega con el correo electr\u00f3nico de confirmaci\u00f3n autom\u00e1tica del pedido.\" \/>\n<meta property=\"og:url\" content=\"https:\/\/www.stefaniazani.it\/es\/producto\/cierre-de-ciclos-de-vida-para-consagrar-sentimiento-alma\/\" \/>\n<meta property=\"og:site_name\" content=\"Stefania Zani\" \/>\n<meta property=\"article:publisher\" content=\"https:\/\/www.facebook.com\/p\/Stefania-Zani-100087139977126\/\" \/>\n<meta property=\"article:modified_time\" content=\"2026-02-14T02:26:14+00:00\" \/>\n<meta property=\"og:image\" content=\"https:\/\/www.stefaniazani.it\/wp-content\/uploads\/2025\/10\/I-Talenti-1.png\" \/>\n\t<meta property=\"og:image:width\" content=\"1080\" \/>\n\t<meta property=\"og:image:height\" content=\"1080\" \/>\n\t<meta property=\"og:image:type\" content=\"image\/png\" \/>\n<meta name=\"twitter:card\" content=\"summary_large_image\" \/>\n<meta name=\"twitter:label1\" content=\"Tiempo de lectura\" \/>\n\t<meta name=\"twitter:data1\" content=\"2 minutos\" \/>\n<script type=\"application\/ld+json\" class=\"yoast-schema-graph\">{\"@context\":\"https:\\\/\\\/schema.org\",\"@graph\":[{\"@type\":\"WebPage\",\"@id\":\"https:\\\/\\\/www.stefaniazani.it\\\/es\\\/producto\\\/cierre-de-ciclos-de-vida-para-consagrar-sentimiento-alma\\\/\",\"url\":\"https:\\\/\\\/www.stefaniazani.it\\\/es\\\/producto\\\/cierre-de-ciclos-de-vida-para-consagrar-sentimiento-alma\\\/\",\"name\":\"CHIUDERE CICLI DI VITA PER CONSACRARSI AL SENTIERO DELL'ANIMA - Stefania Zani\",\"isPartOf\":{\"@id\":\"https:\\\/\\\/www.stefaniazani.it\\\/#website\"},\"primaryImageOfPage\":{\"@id\":\"https:\\\/\\\/www.stefaniazani.it\\\/es\\\/producto\\\/cierre-de-ciclos-de-vida-para-consagrar-sentimiento-alma\\\/#primaryimage\"},\"image\":{\"@id\":\"https:\\\/\\\/www.stefaniazani.it\\\/es\\\/producto\\\/cierre-de-ciclos-de-vida-para-consagrar-sentimiento-alma\\\/#primaryimage\"},\"thumbnailUrl\":\"\",\"datePublished\":\"2025-10-09T17:25:51+00:00\",\"dateModified\":\"2026-02-14T02:26:14+00:00\",\"description\":\"Lezione online per comprendere come gli archetipi planetari possano illuminare il nostro sentiero dell'Anima e accompagnarci nel chiudere ci\u00f2 che \u00e8 compiuto\",\"breadcrumb\":{\"@id\":\"https:\\\/\\\/www.stefaniazani.it\\\/es\\\/producto\\\/cierre-de-ciclos-de-vida-para-consagrar-sentimiento-alma\\\/#breadcrumb\"},\"inLanguage\":\"es\",\"potentialAction\":[{\"@type\":\"ReadAction\",\"target\":[\"https:\\\/\\\/www.stefaniazani.it\\\/es\\\/producto\\\/cierre-de-ciclos-de-vida-para-consagrar-sentimiento-alma\\\/\"]}]},{\"@type\":\"ImageObject\",\"inLanguage\":\"es\",\"@id\":\"https:\\\/\\\/www.stefaniazani.it\\\/es\\\/producto\\\/cierre-de-ciclos-de-vida-para-consagrar-sentimiento-alma\\\/#primaryimage\",\"url\":\"\",\"contentUrl\":\"\",\"width\":1080,\"height\":1080},{\"@type\":\"BreadcrumbList\",\"@id\":\"https:\\\/\\\/www.stefaniazani.it\\\/es\\\/producto\\\/cierre-de-ciclos-de-vida-para-consagrar-sentimiento-alma\\\/#breadcrumb\",\"itemListElement\":[{\"@type\":\"ListItem\",\"position\":1,\"name\":\"Home\",\"item\":\"https:\\\/\\\/www.stefaniazani.it\\\/\"},{\"@type\":\"ListItem\",\"position\":2,\"name\":\"Shop\",\"item\":\"https:\\\/\\\/www.stefaniazani.it\\\/negozio\\\/\"},{\"@type\":\"ListItem\",\"position\":3,\"name\":\"CERRAR CICLOS DE VIDA PARA CONSAGRARSE AL CAMINO DEL ALMA\"}]},{\"@type\":\"WebSite\",\"@id\":\"https:\\\/\\\/www.stefaniazani.it\\\/es\\\/#website\",\"url\":\"https:\\\/\\\/www.stefaniazani.it\\\/es\\\/\",\"name\":\"Stefania Zani\",\"description\":\"\",\"publisher\":{\"@id\":\"https:\\\/\\\/www.stefaniazani.it\\\/es\\\/#organization\"},\"potentialAction\":[{\"@type\":\"SearchAction\",\"target\":{\"@type\":\"EntryPoint\",\"urlTemplate\":\"https:\\\/\\\/www.stefaniazani.it\\\/es\\\/?s={search_term_string}\"},\"query-input\":{\"@type\":\"PropertyValueSpecification\",\"valueRequired\":true,\"valueName\":\"search_term_string\"}}],\"inLanguage\":\"es\"},{\"@type\":\"Organization\",\"@id\":\"https:\\\/\\\/www.stefaniazani.it\\\/es\\\/#organization\",\"name\":\"Stefania Zani Srl\",\"url\":\"https:\\\/\\\/www.stefaniazani.it\\\/es\\\/\",\"logo\":{\"@type\":\"ImageObject\",\"inLanguage\":\"es\",\"@id\":\"https:\\\/\\\/www.stefaniazani.it\\\/es\\\/#\\\/schema\\\/logo\\\/image\\\/\",\"url\":\"https:\\\/\\\/www.stefaniazani.it\\\/wp-content\\\/uploads\\\/2024\\\/03\\\/stefania_zani_logo_start.png\",\"contentUrl\":\"https:\\\/\\\/www.stefaniazani.it\\\/wp-content\\\/uploads\\\/2024\\\/03\\\/stefania_zani_logo_start.png\",\"width\":250,\"height\":50,\"caption\":\"Stefania Zani Srl\"},\"image\":{\"@id\":\"https:\\\/\\\/www.stefaniazani.it\\\/es\\\/#\\\/schema\\\/logo\\\/image\\\/\"},\"sameAs\":[\"https:\\\/\\\/www.facebook.com\\\/p\\\/Stefania-Zani-100087139977126\\\/\",\"https:\\\/\\\/www.instagram.com\\\/stefania__zani\\\/\"]}]}<\/script>\n<!-- \/ Yoast SEO plugin. -->","yoast_head_json":{"title":"CERRAR CICLOS DE VIDA PARA CONSAGRARSE AL CAMINO DEL ALMA","description":"Cerrar ciclos vitales para dedicarse al camino del Alma Lecci\u00f3n grabada   Entre el oto\u00f1o de 2025 y la primavera de 2026 atravesaremos una \u00e9poca de profundos cambios astrol\u00f3gicos, que nos invitar\u00e1n a cerrar ciclos pasados y abrirnos a nuevos rumbos vitales.  El protagonista ser\u00e1 Saturno, Maestro del Alma, que cierra todo un ciclo zodiacal, devolvi\u00e9ndonos a la pregunta esencial: \"\u00bfQui\u00e9n eres?\" Un pasaje que puede desorientar pero que, si se comprende, abre el camino a un renacimiento interior.  Durante la lecci\u00f3n, junto con Stefania Marinelli, te guiaremos en un viaje para reconocer en tu propia carta natal los recursos escondidos detr\u00e1s de cada desaf\u00edo, aprendiendo a transformar los l\u00edmites en herramientas de consciencia.  Tambi\u00e9n exploraremos la acci\u00f3n de Urano, s\u00edmbolo del despertar y la renovaci\u00f3n, que con su entrada en G\u00e9minis anuncia una expansi\u00f3n de la conciencia colectiva y personal.  No ser\u00e1 una lecci\u00f3n t\u00e9cnica de astrolog\u00eda, sino un encuentro vivencial para comprender, a trav\u00e9s de un lenguaje accesible, c\u00f3mo los arquetipos planetarios pueden iluminar nuestro camino y acompa\u00f1arnos en el cierre de lo realizado, para renacer a lo nuevo.  TE INVITAMOS A INTRODUCIR LOS DATOS SOLICITADOS (FECHA, LUGAR Y HORA DE NACIMIENTO) PARA QUE PODAMOS CALCULAR TU CARTA ASTRAL Y ENVI\u00c1RTELA PARA QUE PUEDAS SEGUIR CON PRECISI\u00d3N C\u00d3MO SE MUEVEN LAS ENERG\u00cdAS EN TU CARTA.  Encontrar\u00e1s el enlace y la contrase\u00f1a para acceder al registro en el archivo pdf que llega con el correo electr\u00f3nico de confirmaci\u00f3n autom\u00e1tica del pedido.","robots":{"index":"index","follow":"follow","max-snippet":"max-snippet:-1","max-image-preview":"max-image-preview:large","max-video-preview":"max-video-preview:-1"},"canonical":"Cerrar ciclos vitales para dedicarse al camino del Alma Lecci\u00f3n grabada   Entre el oto\u00f1o de 2025 y la primavera de 2026 atravesaremos una \u00e9poca de profundos cambios astrol\u00f3gicos, que nos invitar\u00e1n a cerrar ciclos pasados y abrirnos a nuevos rumbos vitales.  El protagonista ser\u00e1 Saturno, Maestro del Alma, que cierra todo un ciclo zodiacal, devolvi\u00e9ndonos a la pregunta esencial: \"\u00bfQui\u00e9n eres?\" Un pasaje que puede desorientar pero que, si se comprende, abre el camino a un renacimiento interior.  Durante la lecci\u00f3n, junto con Stefania Marinelli, te guiaremos en un viaje para reconocer en tu propia carta natal los recursos escondidos detr\u00e1s de cada desaf\u00edo, aprendiendo a transformar los l\u00edmites en herramientas de consciencia.  Tambi\u00e9n exploraremos la acci\u00f3n de Urano, s\u00edmbolo del despertar y la renovaci\u00f3n, que con su entrada en G\u00e9minis anuncia una expansi\u00f3n de la conciencia colectiva y personal.  No ser\u00e1 una lecci\u00f3n t\u00e9cnica de astrolog\u00eda, sino un encuentro vivencial para comprender, a trav\u00e9s de un lenguaje accesible, c\u00f3mo los arquetipos planetarios pueden iluminar nuestro camino y acompa\u00f1arnos en el cierre de lo realizado, para renacer a lo nuevo.  TE INVITAMOS A INTRODUCIR LOS DATOS SOLICITADOS (FECHA, LUGAR Y HORA DE NACIMIENTO) PARA QUE PODAMOS CALCULAR TU CARTA ASTRAL Y ENVI\u00c1RTELA PARA QUE PUEDAS SEGUIR CON PRECISI\u00d3N C\u00d3MO SE MUEVEN LAS ENERG\u00cdAS EN TU CARTA.  Encontrar\u00e1s el enlace y la contrase\u00f1a para acceder al registro en el archivo pdf que llega con el correo electr\u00f3nico de confirmaci\u00f3n autom\u00e1tica del pedido.","og_locale":"es_ES","og_type":"article","og_title":"CERRAR CICLOS DE VIDA PARA CONSAGRARSE AL CAMINO DEL ALMA","og_description":"Cerrar ciclos vitales para dedicarse al camino del Alma Lecci\u00f3n grabada   Entre el oto\u00f1o de 2025 y la primavera de 2026 atravesaremos una \u00e9poca de profundos cambios astrol\u00f3gicos, que nos invitar\u00e1n a cerrar ciclos pasados y abrirnos a nuevos rumbos vitales.  El protagonista ser\u00e1 Saturno, Maestro del Alma, que cierra todo un ciclo zodiacal, devolvi\u00e9ndonos a la pregunta esencial: \"\u00bfQui\u00e9n eres?\" Un pasaje que puede desorientar pero que, si se comprende, abre el camino a un renacimiento interior.  Durante la lecci\u00f3n, junto con Stefania Marinelli, te guiaremos en un viaje para reconocer en tu propia carta natal los recursos escondidos detr\u00e1s de cada desaf\u00edo, aprendiendo a transformar los l\u00edmites en herramientas de consciencia.  Tambi\u00e9n exploraremos la acci\u00f3n de Urano, s\u00edmbolo del despertar y la renovaci\u00f3n, que con su entrada en G\u00e9minis anuncia una expansi\u00f3n de la conciencia colectiva y personal.  No ser\u00e1 una lecci\u00f3n t\u00e9cnica de astrolog\u00eda, sino un encuentro vivencial para comprender, a trav\u00e9s de un lenguaje accesible, c\u00f3mo los arquetipos planetarios pueden iluminar nuestro camino y acompa\u00f1arnos en el cierre de lo realizado, para renacer a lo nuevo.  TE INVITAMOS A INTRODUCIR LOS DATOS SOLICITADOS (FECHA, LUGAR Y HORA DE NACIMIENTO) PARA QUE PODAMOS CALCULAR TU CARTA ASTRAL Y ENVI\u00c1RTELA PARA QUE PUEDAS SEGUIR CON PRECISI\u00d3N C\u00d3MO SE MUEVEN LAS ENERG\u00cdAS EN TU CARTA.  Encontrar\u00e1s el enlace y la contrase\u00f1a para acceder al registro en el archivo pdf que llega con el correo electr\u00f3nico de confirmaci\u00f3n autom\u00e1tica del pedido.","og_url":"https:\/\/www.stefaniazani.it\/es\/producto\/cierre-de-ciclos-de-vida-para-consagrar-sentimiento-alma\/","og_site_name":"Stefania Zani","article_publisher":"https:\/\/www.facebook.com\/p\/Stefania-Zani-100087139977126\/","article_modified_time":"2026-02-14T02:26:14+00:00","og_image":[{"width":1080,"height":1080,"url":"https:\/\/www.stefaniazani.it\/wp-content\/uploads\/2025\/10\/I-Talenti-1.png","type":"image\/png"}],"twitter_card":"summary_large_image","twitter_misc":{"Tiempo de lectura":"2 minutos"},"schema":{"@context":"https:\/\/schema.org","@graph":[{"@type":"WebPage","@id":"https:\/\/www.stefaniazani.it\/es\/producto\/cierre-de-ciclos-de-vida-para-consagrar-sentimiento-alma\/","url":"https:\/\/www.stefaniazani.it\/es\/producto\/cierre-de-ciclos-de-vida-para-consagrar-sentimiento-alma\/","name":"CHIUDERE CICLI DI VITA PER CONSACRARSI AL SENTIERO DELL'ANIMA - Stefania Zani","isPartOf":{"@id":"https:\/\/www.stefaniazani.it\/#website"},"primaryImageOfPage":{"@id":"https:\/\/www.stefaniazani.it\/es\/producto\/cierre-de-ciclos-de-vida-para-consagrar-sentimiento-alma\/#primaryimage"},"image":{"@id":"https:\/\/www.stefaniazani.it\/es\/producto\/cierre-de-ciclos-de-vida-para-consagrar-sentimiento-alma\/#primaryimage"},"thumbnailUrl":"","datePublished":"2025-10-09T17:25:51+00:00","dateModified":"2026-02-14T02:26:14+00:00","description":"Lezione online per comprendere come gli archetipi planetari possano illuminare il nostro sentiero dell'Anima e accompagnarci nel chiudere ci\u00f2 che \u00e8 compiuto","breadcrumb":{"@id":"https:\/\/www.stefaniazani.it\/es\/producto\/cierre-de-ciclos-de-vida-para-consagrar-sentimiento-alma\/#breadcrumb"},"inLanguage":"es","potentialAction":[{"@type":"ReadAction","target":["https:\/\/www.stefaniazani.it\/es\/producto\/cierre-de-ciclos-de-vida-para-consagrar-sentimiento-alma\/"]}]},{"@type":"ImageObject","inLanguage":"es","@id":"https:\/\/www.stefaniazani.it\/es\/producto\/cierre-de-ciclos-de-vida-para-consagrar-sentimiento-alma\/#primaryimage","url":"","contentUrl":"","width":1080,"height":1080},{"@type":"BreadcrumbList","@id":"https:\/\/www.stefaniazani.it\/es\/producto\/cierre-de-ciclos-de-vida-para-consagrar-sentimiento-alma\/#breadcrumb","itemListElement":[{"@type":"ListItem","position":1,"name":"Home","item":"https:\/\/www.stefaniazani.it\/"},{"@type":"ListItem","position":2,"name":"Shop","item":"https:\/\/www.stefaniazani.it\/negozio\/"},{"@type":"ListItem","position":3,"name":"CERRAR CICLOS DE VIDA PARA CONSAGRARSE AL CAMINO DEL ALMA"}]},{"@type":"WebSite","@id":"https:\/\/www.stefaniazani.it\/es\/#website","url":"https:\/\/www.stefaniazani.it\/es\/","name":"Stefania Zani","description":"","publisher":{"@id":"https:\/\/www.stefaniazani.it\/es\/#organization"},"potentialAction":[{"@type":"SearchAction","target":{"@type":"EntryPoint","urlTemplate":"https:\/\/www.stefaniazani.it\/es\/?s={search_term_string}"},"query-input":{"@type":"PropertyValueSpecification","valueRequired":true,"valueName":"search_term_string"}}],"inLanguage":"es"},{"@type":"Organization","@id":"https:\/\/www.stefaniazani.it\/es\/#organization","name":"Stefania Zani Srl","url":"https:\/\/www.stefaniazani.it\/es\/","logo":{"@type":"ImageObject","inLanguage":"es","@id":"https:\/\/www.stefaniazani.it\/es\/#\/schema\/logo\/image\/","url":"https:\/\/www.stefaniazani.it\/wp-content\/uploads\/2024\/03\/stefania_zani_logo_start.png","contentUrl":"https:\/\/www.stefaniazani.it\/wp-content\/uploads\/2024\/03\/stefania_zani_logo_start.png","width":250,"height":50,"caption":"Stefania Zani Srl"},"image":{"@id":"https:\/\/www.stefaniazani.it\/es\/#\/schema\/logo\/image\/"},"sameAs":["https:\/\/www.facebook.com\/p\/Stefania-Zani-100087139977126\/","https:\/\/www.instagram.com\/stefania__zani\/"]}]}},"df_price":40,"df_sale_price":"","df_regular_price":40,"df_image_link":"https:\/\/www.stefaniazani.it\/wp-content\/uploads\/woocommerce-placeholder-300x300.png","_links":{"self":[{"href":"https:\/\/www.stefaniazani.it\/es\/wp-json\/wp\/v2\/product\/19964","targetHints":{"allow":["GET"]}}],"collection":[{"href":"https:\/\/www.stefaniazani.it\/es\/wp-json\/wp\/v2\/product"}],"about":[{"href":"https:\/\/www.stefaniazani.it\/es\/wp-json\/wp\/v2\/types\/product"}],"wp:featuredmedia":[{"embeddable":true,"href":"https:\/\/www.stefaniazani.it\/es\/wp-json\/"}],"wp:attachment":[{"href":"https:\/\/www.stefaniazani.it\/es\/wp-json\/wp\/v2\/media?parent=19964"}],"wp:term":[{"taxonomy":"product_brand","embeddable":true,"href":"https:\/\/www.stefaniazani.it\/es\/wp-json\/wp\/v2\/product_brand?post=19964"},{"taxonomy":"product_cat","embeddable":true,"href":"https:\/\/www.stefaniazani.it\/es\/wp-json\/wp\/v2\/product_cat?post=19964"},{"taxonomy":"product_tag","embeddable":true,"href":"https:\/\/www.stefaniazani.it\/es\/wp-json\/wp\/v2\/product_tag?post=19964"}],"curies":[{"name":"wp","href":"https:\/\/api.w.org\/{rel}","templated":true}]}}