{"id":18948,"date":"2025-07-18T18:26:41","date_gmt":"2025-07-18T16:26:41","guid":{"rendered":"https:\/\/www.stefaniazani.it\/prodotto\/\/"},"modified":"2025-08-07T12:13:12","modified_gmt":"2025-08-07T10:13:12","slug":"corso-sulla-matrice-di-vita-terzo-modulo-vicenza-24-25-gennaio-2026","status":"publish","type":"product","link":"https:\/\/www.stefaniazani.it\/es\/producto\/course-on-life-matrix-third-module-vicenza-24-25-january-2026\/","title":{"rendered":"CURSO LIFE MATRIX - TERCER M\u00d3DULO - VICENZA - 24\/25 ENERO 2026"},"content":{"rendered":"<p><strong>Vicenza &#8211; 24\/25 de enero de 2026 &#8211; Bioanalog\u00eda Esencial\u00ae Tercer<\/strong><strong>M\u00f3dulo Horario:<\/strong>El evento empezar\u00e1 a las 9.30 y terminar\u00e1 a las 18.00. De 13.00 a 14.30 habr\u00e1 una pausa para comer Este es el programa para la conclusi\u00f3n del Curso Matriz de Vida<\/p>\n<ul>\n<li>Breve repaso del programa y espacio para preguntas y dudas &#8211; Esencia del alma<\/li>\n<li>Libre albedr\u00edo acto de fe y anhelo como elementos constitutivos del proceso y sus aplicaciones<\/li>\n<li>La encarnaci\u00f3n y sus implicaciones en la genealog\u00eda y la frase curativa<\/li>\n<li>El demandante &#8211; Correlaciones entre la conciencia y lo incondicional de la encarnaci\u00f3n<\/li>\n<li>El \u00e1rbol clave como expresi\u00f3n de las 4 nobles verdades del budismo y el Merkaba<\/li>\n<li>La llave divina Ejercicios te\u00f3rico-pr\u00e1cticos y utilizaci\u00f3n del \u00e1rbol de llaves como instrumento de presencia en el encuentro<\/li>\n<\/ul>\n<p>Para participar en el curso Matriz de Vida, es obligatorio disponer de las Llaves Esenciales, indispensables para seguir y comprender plenamente los contenidos. Los participantes en el curso tienen derecho a un descuento del 25% en la compra de las Llaves. Tras la inscripci\u00f3n, se le enviar\u00e1 por correo electr\u00f3nico el c\u00f3digo de descuento.<strong>El coste del curso Life Matrix de dos d\u00edas es de 400 euros. Si lo desea, puede pagar un dep\u00f3sito inicial de 100 euros y abonar el resto antes del 12 de enero de 2026 <\/strong>.<strong>Si desea pagar el importe total ahora seleccione la opci\u00f3n \u00abPagar todo ahora\u00bb, si desea pagar primero un dep\u00f3sito y m\u00e1s tarde realizar el resto elija la opci\u00f3n \u00abDep\u00f3sito &#8211; 100\u20ac\u00bb. En caso de cancelaci\u00f3n, las cancelaciones realizadas en los 15 d\u00edas anteriores al inicio del curso tendr\u00e1n derecho a la devoluci\u00f3n \u00edntegra del importe pagado, incluido el dep\u00f3sito. Para las anulaciones comunicadas dentro de los 14 d\u00edas anteriores al inicio del curso, se retendr\u00e1 el dep\u00f3sito<\/strong>.<\/p>\n","protected":false},"excerpt":{"rendered":"<p><strong>Vicenza &#8211; 24\/25 de enero de 2026 &#8211; Bioanalog\u00eda Esencial\u00ae Tercer<\/strong><strong>M\u00f3dulo Horario:<\/strong>El acto comenzar\u00e1 a las 9.30 h. y finalizar\u00e1 a las 18 h. De 13 h. a 14.30 h. habr\u00e1 una pausa para comer Este es el programa para el final del Curso<\/p>\n<ul>\n<li>Breve repaso del programa y espacio para preguntas y dudas -Esencia del alma<\/li>\n<li>Libre albedr\u00edo acto de fe y ansia como elementos constitutivos del proceso y sus aplicaciones<\/li>\n<li>La encarnaci\u00f3n y sus implicaciones en la genealog\u00eda y la frase curativa<\/li>\n<li>El recurrente &#8211; Correlaciones entre la conciencia y lo incondicional de la encarnaci\u00f3n<\/li>\n<li>El \u00e1rbol clave como expresi\u00f3n de las 4 nobles verdades del budismo y el Merkaba<\/li>\n<li>La llave divina Ejercicios te\u00f3rico-pr\u00e1cticos y utilizaci\u00f3n del \u00e1rbol de llaves como instrumento de presencia en el encuentro<\/li>\n<\/ul>\n<p>Para participar en el curso Matriz de Vida, es obligatorio disponer de las Llaves Esenciales, indispensables para seguir y comprender plenamente los contenidos. Los participantes en el curso tienen derecho a un descuento del 25% en la compra de las Llaves. Tras la inscripci\u00f3n, se le enviar\u00e1 por correo electr\u00f3nico el c\u00f3digo de descuento.<strong>El coste del curso Life Matrix de dos d\u00edas es de 400 euros. Si lo desea, puede pagar un dep\u00f3sito inicial de 100 euros y abonar el resto antes del 12 de enero de 2026 <\/strong>.<strong>Si desea pagar el importe total ahora seleccione la opci\u00f3n \u00abPagar todo ahora\u00bb, si desea pagar primero un dep\u00f3sito y m\u00e1s tarde realizar el resto elija la opci\u00f3n \u00abDep\u00f3sito &#8211; 100\u20ac\u00bb. En caso de cancelaci\u00f3n, las cancelaciones realizadas en los 15 d\u00edas anteriores al inicio del curso tendr\u00e1n derecho a la devoluci\u00f3n \u00edntegra del importe pagado, incluido el dep\u00f3sito. Para las anulaciones comunicadas dentro de los 14 d\u00edas anteriores al inicio del curso, se retendr\u00e1 el dep\u00f3sito<\/strong>.<\/p>\n","protected":false},"featured_media":19205,"template":"","meta":[],"product_brand":[],"product_cat":[45],"product_tag":[],"class_list":{"0":"post-18948","1":"product","2":"type-product","3":"status-publish","4":"has-post-thumbnail","6":"product_cat-seminari","8":"first","9":"instock","10":"taxable","11":"shipping-taxable","12":"purchasable","13":"product-type-variable"},"yoast_head":"<!-- This site is optimized with the Yoast SEO plugin v27.5 - https:\/\/yoast.com\/product\/yoast-seo-wordpress\/ -->\n<title>CURSO LIFE MATRIX - TERCER M\u00d3DULO - VICENZA - 24\/25 ENERO 2026<\/title>\n<meta name=\"description\" content=\"Vicenza - 24\/25 de enero de 2026 - Bioanalog\u00eda Esencial\u00ae TercerM\u00f3dulo Horario:El acto comenzar\u00e1 a las 9.30 h. y finalizar\u00e1 a las 18 h. De 13 h. a 14.30 h. habr\u00e1 una pausa para comer Este es el programa para el final del Curso  Breve repaso del programa y espacio para preguntas y dudas -Esencia del alma  Libre albedr\u00edo acto de fe y ansia como elementos constitutivos del proceso y sus aplicaciones  La encarnaci\u00f3n y sus implicaciones en la genealog\u00eda y la frase curativa  El recurrente - Correlaciones entre la conciencia y lo incondicional de la encarnaci\u00f3n  El \u00e1rbol clave como expresi\u00f3n de las 4 nobles verdades del budismo y el Merkaba  La llave divina Ejercicios te\u00f3rico-pr\u00e1cticos y utilizaci\u00f3n del \u00e1rbol de llaves como instrumento de presencia en el encuentro  Para participar en el curso Matriz de Vida, es obligatorio disponer de las Llaves Esenciales, indispensables para seguir y comprender plenamente los contenidos. Los participantes en el curso tienen derecho a un descuento del 25% en la compra de las Llaves. Tras la inscripci\u00f3n, se le enviar\u00e1 por correo electr\u00f3nico el c\u00f3digo de descuento.El coste del curso Life Matrix de dos d\u00edas es de 400 euros. Si lo desea, puede pagar un dep\u00f3sito inicial de 100 euros y abonar el resto antes del 12 de enero de 2026 .Si desea pagar el importe total ahora seleccione la opci\u00f3n &quot;Pagar todo ahora&quot;, si desea pagar primero un dep\u00f3sito y m\u00e1s tarde realizar el resto elija la opci\u00f3n &quot;Dep\u00f3sito - 100\u20ac&quot;. En caso de cancelaci\u00f3n, las cancelaciones realizadas en los 15 d\u00edas anteriores al inicio del curso tendr\u00e1n derecho a la devoluci\u00f3n \u00edntegra del importe pagado, incluido el dep\u00f3sito. Para las anulaciones comunicadas dentro de los 14 d\u00edas anteriores al inicio del curso, se retendr\u00e1 el dep\u00f3sito.\" \/>\n<meta name=\"robots\" content=\"index, follow, max-snippet:-1, max-image-preview:large, max-video-preview:-1\" \/>\n<link rel=\"canonical\" href=\"\" \/>\n<meta property=\"og:locale\" content=\"es_ES\" \/>\n<meta property=\"og:type\" content=\"article\" \/>\n<meta property=\"og:title\" content=\"CURSO LIFE MATRIX - TERCER M\u00d3DULO - VICENZA - 24\/25 ENERO 2026\" \/>\n<meta property=\"og:description\" content=\"Vicenza - 24\/25 de enero de 2026 - Bioanalog\u00eda Esencial\u00ae TercerM\u00f3dulo Horario:El acto comenzar\u00e1 a las 9.30 h. y finalizar\u00e1 a las 18 h. De 13 h. a 14.30 h. habr\u00e1 una pausa para comer Este es el programa para el final del Curso  Breve repaso del programa y espacio para preguntas y dudas -Esencia del alma  Libre albedr\u00edo acto de fe y ansia como elementos constitutivos del proceso y sus aplicaciones  La encarnaci\u00f3n y sus implicaciones en la genealog\u00eda y la frase curativa  El recurrente - Correlaciones entre la conciencia y lo incondicional de la encarnaci\u00f3n  El \u00e1rbol clave como expresi\u00f3n de las 4 nobles verdades del budismo y el Merkaba  La llave divina Ejercicios te\u00f3rico-pr\u00e1cticos y utilizaci\u00f3n del \u00e1rbol de llaves como instrumento de presencia en el encuentro  Para participar en el curso Matriz de Vida, es obligatorio disponer de las Llaves Esenciales, indispensables para seguir y comprender plenamente los contenidos. Los participantes en el curso tienen derecho a un descuento del 25% en la compra de las Llaves. Tras la inscripci\u00f3n, se le enviar\u00e1 por correo electr\u00f3nico el c\u00f3digo de descuento.El coste del curso Life Matrix de dos d\u00edas es de 400 euros. Si lo desea, puede pagar un dep\u00f3sito inicial de 100 euros y abonar el resto antes del 12 de enero de 2026 .Si desea pagar el importe total ahora seleccione la opci\u00f3n &quot;Pagar todo ahora&quot;, si desea pagar primero un dep\u00f3sito y m\u00e1s tarde realizar el resto elija la opci\u00f3n &quot;Dep\u00f3sito - 100\u20ac&quot;. En caso de cancelaci\u00f3n, las cancelaciones realizadas en los 15 d\u00edas anteriores al inicio del curso tendr\u00e1n derecho a la devoluci\u00f3n \u00edntegra del importe pagado, incluido el dep\u00f3sito. Para las anulaciones comunicadas dentro de los 14 d\u00edas anteriores al inicio del curso, se retendr\u00e1 el dep\u00f3sito.\" \/>\n<meta property=\"og:url\" content=\"https:\/\/www.stefaniazani.it\/es\/producto\/course-on-life-matrix-third-module-vicenza-24-25-january-2026\/\" \/>\n<meta property=\"og:site_name\" content=\"Stefania Zani\" \/>\n<meta property=\"article:publisher\" content=\"https:\/\/www.facebook.com\/p\/Stefania-Zani-100087139977126\/\" \/>\n<meta property=\"article:modified_time\" content=\"2025-08-07T10:13:12+00:00\" \/>\n<meta property=\"og:image\" content=\"https:\/\/www.stefaniazani.it\/wp-content\/uploads\/2025\/07\/Bioanalogia-Secondo-livello-Torino-31.png\" \/>\n\t<meta property=\"og:image:width\" content=\"1080\" \/>\n\t<meta property=\"og:image:height\" content=\"1080\" \/>\n\t<meta property=\"og:image:type\" content=\"image\/png\" \/>\n<meta name=\"twitter:card\" content=\"summary_large_image\" \/>\n<meta name=\"twitter:label1\" content=\"Tiempo de lectura\" \/>\n\t<meta name=\"twitter:data1\" content=\"2 minutos\" \/>\n<script type=\"application\/ld+json\" class=\"yoast-schema-graph\">{\"@context\":\"https:\\\/\\\/schema.org\",\"@graph\":[{\"@type\":\"WebPage\",\"@id\":\"https:\\\/\\\/www.stefaniazani.it\\\/es\\\/producto\\\/course-on-life-matrix-third-module-vicenza-24-25-january-2026\\\/\",\"url\":\"https:\\\/\\\/www.stefaniazani.it\\\/es\\\/producto\\\/course-on-life-matrix-third-module-vicenza-24-25-january-2026\\\/\",\"name\":\"CORSO SULLA MATRICE DI VITA - TERZO MODULO - VICENZA - 24\\\/25 GENNAIO 2026 - Stefania Zani\",\"isPartOf\":{\"@id\":\"https:\\\/\\\/www.stefaniazani.it\\\/#website\"},\"primaryImageOfPage\":{\"@id\":\"https:\\\/\\\/www.stefaniazani.it\\\/es\\\/producto\\\/course-on-life-matrix-third-module-vicenza-24-25-january-2026\\\/#primaryimage\"},\"image\":{\"@id\":\"https:\\\/\\\/www.stefaniazani.it\\\/es\\\/producto\\\/course-on-life-matrix-third-module-vicenza-24-25-january-2026\\\/#primaryimage\"},\"thumbnailUrl\":\"\",\"datePublished\":\"2025-07-18T16:26:41+00:00\",\"dateModified\":\"2025-08-07T10:13:12+00:00\",\"description\":\"Corso Matrice di Vita Vicenza. Vieni a scoprire il Corso Matrice di Vita a Vicenza 24 e 25 Gennaio 26. Bioanalogia Essenziale. Clicca sul link per info.\",\"breadcrumb\":{\"@id\":\"https:\\\/\\\/www.stefaniazani.it\\\/es\\\/producto\\\/course-on-life-matrix-third-module-vicenza-24-25-january-2026\\\/#breadcrumb\"},\"inLanguage\":\"es\",\"potentialAction\":[{\"@type\":\"ReadAction\",\"target\":[\"https:\\\/\\\/www.stefaniazani.it\\\/es\\\/producto\\\/course-on-life-matrix-third-module-vicenza-24-25-january-2026\\\/\"]}]},{\"@type\":\"ImageObject\",\"inLanguage\":\"es\",\"@id\":\"https:\\\/\\\/www.stefaniazani.it\\\/es\\\/producto\\\/course-on-life-matrix-third-module-vicenza-24-25-january-2026\\\/#primaryimage\",\"url\":\"\",\"contentUrl\":\"\",\"width\":1080,\"height\":1080},{\"@type\":\"BreadcrumbList\",\"@id\":\"https:\\\/\\\/www.stefaniazani.it\\\/es\\\/producto\\\/course-on-life-matrix-third-module-vicenza-24-25-january-2026\\\/#breadcrumb\",\"itemListElement\":[{\"@type\":\"ListItem\",\"position\":1,\"name\":\"Home\",\"item\":\"https:\\\/\\\/www.stefaniazani.it\\\/\"},{\"@type\":\"ListItem\",\"position\":2,\"name\":\"Shop\",\"item\":\"https:\\\/\\\/www.stefaniazani.it\\\/negozio\\\/\"},{\"@type\":\"ListItem\",\"position\":3,\"name\":\"CURSO LIFE MATRIX - TERCER M\u00d3DULO - VICENZA - 24\\\/25 ENERO 2026\"}]},{\"@type\":\"WebSite\",\"@id\":\"https:\\\/\\\/www.stefaniazani.it\\\/es\\\/#website\",\"url\":\"https:\\\/\\\/www.stefaniazani.it\\\/es\\\/\",\"name\":\"Stefania Zani\",\"description\":\"\",\"publisher\":{\"@id\":\"https:\\\/\\\/www.stefaniazani.it\\\/es\\\/#organization\"},\"potentialAction\":[{\"@type\":\"SearchAction\",\"target\":{\"@type\":\"EntryPoint\",\"urlTemplate\":\"https:\\\/\\\/www.stefaniazani.it\\\/es\\\/?s={search_term_string}\"},\"query-input\":{\"@type\":\"PropertyValueSpecification\",\"valueRequired\":true,\"valueName\":\"search_term_string\"}}],\"inLanguage\":\"es\"},{\"@type\":\"Organization\",\"@id\":\"https:\\\/\\\/www.stefaniazani.it\\\/es\\\/#organization\",\"name\":\"Stefania Zani Srl\",\"url\":\"https:\\\/\\\/www.stefaniazani.it\\\/es\\\/\",\"logo\":{\"@type\":\"ImageObject\",\"inLanguage\":\"es\",\"@id\":\"https:\\\/\\\/www.stefaniazani.it\\\/es\\\/#\\\/schema\\\/logo\\\/image\\\/\",\"url\":\"https:\\\/\\\/www.stefaniazani.it\\\/wp-content\\\/uploads\\\/2024\\\/03\\\/stefania_zani_logo_start.png\",\"contentUrl\":\"https:\\\/\\\/www.stefaniazani.it\\\/wp-content\\\/uploads\\\/2024\\\/03\\\/stefania_zani_logo_start.png\",\"width\":250,\"height\":50,\"caption\":\"Stefania Zani Srl\"},\"image\":{\"@id\":\"https:\\\/\\\/www.stefaniazani.it\\\/es\\\/#\\\/schema\\\/logo\\\/image\\\/\"},\"sameAs\":[\"https:\\\/\\\/www.facebook.com\\\/p\\\/Stefania-Zani-100087139977126\\\/\",\"https:\\\/\\\/www.instagram.com\\\/stefania__zani\\\/\"]}]}<\/script>\n<!-- \/ Yoast SEO plugin. -->","yoast_head_json":{"title":"CURSO LIFE MATRIX - TERCER M\u00d3DULO - VICENZA - 24\/25 ENERO 2026","description":"Vicenza - 24\/25 de enero de 2026 - Bioanalog\u00eda Esencial\u00ae TercerM\u00f3dulo Horario:El acto comenzar\u00e1 a las 9.30 h. y finalizar\u00e1 a las 18 h. De 13 h. a 14.30 h. habr\u00e1 una pausa para comer Este es el programa para el final del Curso  Breve repaso del programa y espacio para preguntas y dudas -Esencia del alma  Libre albedr\u00edo acto de fe y ansia como elementos constitutivos del proceso y sus aplicaciones  La encarnaci\u00f3n y sus implicaciones en la genealog\u00eda y la frase curativa  El recurrente - Correlaciones entre la conciencia y lo incondicional de la encarnaci\u00f3n  El \u00e1rbol clave como expresi\u00f3n de las 4 nobles verdades del budismo y el Merkaba  La llave divina Ejercicios te\u00f3rico-pr\u00e1cticos y utilizaci\u00f3n del \u00e1rbol de llaves como instrumento de presencia en el encuentro  Para participar en el curso Matriz de Vida, es obligatorio disponer de las Llaves Esenciales, indispensables para seguir y comprender plenamente los contenidos. Los participantes en el curso tienen derecho a un descuento del 25% en la compra de las Llaves. Tras la inscripci\u00f3n, se le enviar\u00e1 por correo electr\u00f3nico el c\u00f3digo de descuento.El coste del curso Life Matrix de dos d\u00edas es de 400 euros. Si lo desea, puede pagar un dep\u00f3sito inicial de 100 euros y abonar el resto antes del 12 de enero de 2026 .Si desea pagar el importe total ahora seleccione la opci\u00f3n \"Pagar todo ahora\", si desea pagar primero un dep\u00f3sito y m\u00e1s tarde realizar el resto elija la opci\u00f3n \"Dep\u00f3sito - 100\u20ac\". En caso de cancelaci\u00f3n, las cancelaciones realizadas en los 15 d\u00edas anteriores al inicio del curso tendr\u00e1n derecho a la devoluci\u00f3n \u00edntegra del importe pagado, incluido el dep\u00f3sito. Para las anulaciones comunicadas dentro de los 14 d\u00edas anteriores al inicio del curso, se retendr\u00e1 el dep\u00f3sito.","robots":{"index":"index","follow":"follow","max-snippet":"max-snippet:-1","max-image-preview":"max-image-preview:large","max-video-preview":"max-video-preview:-1"},"canonical":"Vicenza - 24\/25 de enero de 2026 - Bioanalog\u00eda Esencial\u00ae TercerM\u00f3dulo Horario:El acto comenzar\u00e1 a las 9.30 h. y finalizar\u00e1 a las 18 h. De 13 h. a 14.30 h. habr\u00e1 una pausa para comer Este es el programa para el final del Curso  Breve repaso del programa y espacio para preguntas y dudas -Esencia del alma  Libre albedr\u00edo acto de fe y ansia como elementos constitutivos del proceso y sus aplicaciones  La encarnaci\u00f3n y sus implicaciones en la genealog\u00eda y la frase curativa  El recurrente - Correlaciones entre la conciencia y lo incondicional de la encarnaci\u00f3n  El \u00e1rbol clave como expresi\u00f3n de las 4 nobles verdades del budismo y el Merkaba  La llave divina Ejercicios te\u00f3rico-pr\u00e1cticos y utilizaci\u00f3n del \u00e1rbol de llaves como instrumento de presencia en el encuentro  Para participar en el curso Matriz de Vida, es obligatorio disponer de las Llaves Esenciales, indispensables para seguir y comprender plenamente los contenidos. Los participantes en el curso tienen derecho a un descuento del 25% en la compra de las Llaves. Tras la inscripci\u00f3n, se le enviar\u00e1 por correo electr\u00f3nico el c\u00f3digo de descuento.El coste del curso Life Matrix de dos d\u00edas es de 400 euros. Si lo desea, puede pagar un dep\u00f3sito inicial de 100 euros y abonar el resto antes del 12 de enero de 2026 .Si desea pagar el importe total ahora seleccione la opci\u00f3n \"Pagar todo ahora\", si desea pagar primero un dep\u00f3sito y m\u00e1s tarde realizar el resto elija la opci\u00f3n \"Dep\u00f3sito - 100\u20ac\". En caso de cancelaci\u00f3n, las cancelaciones realizadas en los 15 d\u00edas anteriores al inicio del curso tendr\u00e1n derecho a la devoluci\u00f3n \u00edntegra del importe pagado, incluido el dep\u00f3sito. Para las anulaciones comunicadas dentro de los 14 d\u00edas anteriores al inicio del curso, se retendr\u00e1 el dep\u00f3sito.","og_locale":"es_ES","og_type":"article","og_title":"CURSO LIFE MATRIX - TERCER M\u00d3DULO - VICENZA - 24\/25 ENERO 2026","og_description":"Vicenza - 24\/25 de enero de 2026 - Bioanalog\u00eda Esencial\u00ae TercerM\u00f3dulo Horario:El acto comenzar\u00e1 a las 9.30 h. y finalizar\u00e1 a las 18 h. De 13 h. a 14.30 h. habr\u00e1 una pausa para comer Este es el programa para el final del Curso  Breve repaso del programa y espacio para preguntas y dudas -Esencia del alma  Libre albedr\u00edo acto de fe y ansia como elementos constitutivos del proceso y sus aplicaciones  La encarnaci\u00f3n y sus implicaciones en la genealog\u00eda y la frase curativa  El recurrente - Correlaciones entre la conciencia y lo incondicional de la encarnaci\u00f3n  El \u00e1rbol clave como expresi\u00f3n de las 4 nobles verdades del budismo y el Merkaba  La llave divina Ejercicios te\u00f3rico-pr\u00e1cticos y utilizaci\u00f3n del \u00e1rbol de llaves como instrumento de presencia en el encuentro  Para participar en el curso Matriz de Vida, es obligatorio disponer de las Llaves Esenciales, indispensables para seguir y comprender plenamente los contenidos. Los participantes en el curso tienen derecho a un descuento del 25% en la compra de las Llaves. Tras la inscripci\u00f3n, se le enviar\u00e1 por correo electr\u00f3nico el c\u00f3digo de descuento.El coste del curso Life Matrix de dos d\u00edas es de 400 euros. Si lo desea, puede pagar un dep\u00f3sito inicial de 100 euros y abonar el resto antes del 12 de enero de 2026 .Si desea pagar el importe total ahora seleccione la opci\u00f3n \"Pagar todo ahora\", si desea pagar primero un dep\u00f3sito y m\u00e1s tarde realizar el resto elija la opci\u00f3n \"Dep\u00f3sito - 100\u20ac\". En caso de cancelaci\u00f3n, las cancelaciones realizadas en los 15 d\u00edas anteriores al inicio del curso tendr\u00e1n derecho a la devoluci\u00f3n \u00edntegra del importe pagado, incluido el dep\u00f3sito. Para las anulaciones comunicadas dentro de los 14 d\u00edas anteriores al inicio del curso, se retendr\u00e1 el dep\u00f3sito.","og_url":"https:\/\/www.stefaniazani.it\/es\/producto\/course-on-life-matrix-third-module-vicenza-24-25-january-2026\/","og_site_name":"Stefania Zani","article_publisher":"https:\/\/www.facebook.com\/p\/Stefania-Zani-100087139977126\/","article_modified_time":"2025-08-07T10:13:12+00:00","og_image":[{"width":1080,"height":1080,"url":"https:\/\/www.stefaniazani.it\/wp-content\/uploads\/2025\/07\/Bioanalogia-Secondo-livello-Torino-31.png","type":"image\/png"}],"twitter_card":"summary_large_image","twitter_misc":{"Tiempo de lectura":"2 minutos"},"schema":{"@context":"https:\/\/schema.org","@graph":[{"@type":"WebPage","@id":"https:\/\/www.stefaniazani.it\/es\/producto\/course-on-life-matrix-third-module-vicenza-24-25-january-2026\/","url":"https:\/\/www.stefaniazani.it\/es\/producto\/course-on-life-matrix-third-module-vicenza-24-25-january-2026\/","name":"CORSO SULLA MATRICE DI VITA - TERZO MODULO - VICENZA - 24\/25 GENNAIO 2026 - Stefania Zani","isPartOf":{"@id":"https:\/\/www.stefaniazani.it\/#website"},"primaryImageOfPage":{"@id":"https:\/\/www.stefaniazani.it\/es\/producto\/course-on-life-matrix-third-module-vicenza-24-25-january-2026\/#primaryimage"},"image":{"@id":"https:\/\/www.stefaniazani.it\/es\/producto\/course-on-life-matrix-third-module-vicenza-24-25-january-2026\/#primaryimage"},"thumbnailUrl":"","datePublished":"2025-07-18T16:26:41+00:00","dateModified":"2025-08-07T10:13:12+00:00","description":"Corso Matrice di Vita Vicenza. Vieni a scoprire il Corso Matrice di Vita a Vicenza 24 e 25 Gennaio 26. Bioanalogia Essenziale. Clicca sul link per info.","breadcrumb":{"@id":"https:\/\/www.stefaniazani.it\/es\/producto\/course-on-life-matrix-third-module-vicenza-24-25-january-2026\/#breadcrumb"},"inLanguage":"es","potentialAction":[{"@type":"ReadAction","target":["https:\/\/www.stefaniazani.it\/es\/producto\/course-on-life-matrix-third-module-vicenza-24-25-january-2026\/"]}]},{"@type":"ImageObject","inLanguage":"es","@id":"https:\/\/www.stefaniazani.it\/es\/producto\/course-on-life-matrix-third-module-vicenza-24-25-january-2026\/#primaryimage","url":"","contentUrl":"","width":1080,"height":1080},{"@type":"BreadcrumbList","@id":"https:\/\/www.stefaniazani.it\/es\/producto\/course-on-life-matrix-third-module-vicenza-24-25-january-2026\/#breadcrumb","itemListElement":[{"@type":"ListItem","position":1,"name":"Home","item":"https:\/\/www.stefaniazani.it\/"},{"@type":"ListItem","position":2,"name":"Shop","item":"https:\/\/www.stefaniazani.it\/negozio\/"},{"@type":"ListItem","position":3,"name":"CURSO LIFE MATRIX - TERCER M\u00d3DULO - VICENZA - 24\/25 ENERO 2026"}]},{"@type":"WebSite","@id":"https:\/\/www.stefaniazani.it\/es\/#website","url":"https:\/\/www.stefaniazani.it\/es\/","name":"Stefania Zani","description":"","publisher":{"@id":"https:\/\/www.stefaniazani.it\/es\/#organization"},"potentialAction":[{"@type":"SearchAction","target":{"@type":"EntryPoint","urlTemplate":"https:\/\/www.stefaniazani.it\/es\/?s={search_term_string}"},"query-input":{"@type":"PropertyValueSpecification","valueRequired":true,"valueName":"search_term_string"}}],"inLanguage":"es"},{"@type":"Organization","@id":"https:\/\/www.stefaniazani.it\/es\/#organization","name":"Stefania Zani Srl","url":"https:\/\/www.stefaniazani.it\/es\/","logo":{"@type":"ImageObject","inLanguage":"es","@id":"https:\/\/www.stefaniazani.it\/es\/#\/schema\/logo\/image\/","url":"https:\/\/www.stefaniazani.it\/wp-content\/uploads\/2024\/03\/stefania_zani_logo_start.png","contentUrl":"https:\/\/www.stefaniazani.it\/wp-content\/uploads\/2024\/03\/stefania_zani_logo_start.png","width":250,"height":50,"caption":"Stefania Zani Srl"},"image":{"@id":"https:\/\/www.stefaniazani.it\/es\/#\/schema\/logo\/image\/"},"sameAs":["https:\/\/www.facebook.com\/p\/Stefania-Zani-100087139977126\/","https:\/\/www.instagram.com\/stefania__zani\/"]}]}},"df_price":100,"df_sale_price":"","df_regular_price":100,"df_image_link":"https:\/\/www.stefaniazani.it\/wp-content\/uploads\/woocommerce-placeholder-300x300.png","_links":{"self":[{"href":"https:\/\/www.stefaniazani.it\/es\/wp-json\/wp\/v2\/product\/18948","targetHints":{"allow":["GET"]}}],"collection":[{"href":"https:\/\/www.stefaniazani.it\/es\/wp-json\/wp\/v2\/product"}],"about":[{"href":"https:\/\/www.stefaniazani.it\/es\/wp-json\/wp\/v2\/types\/product"}],"wp:featuredmedia":[{"embeddable":true,"href":"https:\/\/www.stefaniazani.it\/es\/wp-json\/"}],"wp:attachment":[{"href":"https:\/\/www.stefaniazani.it\/es\/wp-json\/wp\/v2\/media?parent=18948"}],"wp:term":[{"taxonomy":"product_brand","embeddable":true,"href":"https:\/\/www.stefaniazani.it\/es\/wp-json\/wp\/v2\/product_brand?post=18948"},{"taxonomy":"product_cat","embeddable":true,"href":"https:\/\/www.stefaniazani.it\/es\/wp-json\/wp\/v2\/product_cat?post=18948"},{"taxonomy":"product_tag","embeddable":true,"href":"https:\/\/www.stefaniazani.it\/es\/wp-json\/wp\/v2\/product_tag?post=18948"}],"curies":[{"name":"wp","href":"https:\/\/api.w.org\/{rel}","templated":true}]}}