{"id":18796,"date":"2025-07-02T23:17:32","date_gmt":"2025-07-02T21:17:32","guid":{"rendered":"https:\/\/www.stefaniazani.it\/prodotto\/\/"},"modified":"2025-12-20T02:38:25","modified_gmt":"2025-12-20T01:38:25","slug":"la-leggerezza-dellanima-riconoscere-il-divino-che-parla","status":"publish","type":"product","link":"https:\/\/www.stefaniazani.it\/es\/producto\/el-alma-luz-reconociendo-a-la-divinidad-que-habla\/","title":{"rendered":"LA LIGEREZA DEL ALMA: RECONOCER EL HABLA DIVINA"},"content":{"rendered":"<p><strong>La ligereza del alma: reconocer el habla divina<\/strong><br \/>\nCon la participaci\u00f3n de<em><strong> Gabriela Raquel de Paz<\/strong><\/em><br \/>\n<strong>Conferencia en l\u00ednea &#8211; Jueves 17 de julio a las 19:00 <\/strong><\/p>\n<p>Esta conferencia online es una invitaci\u00f3n a dejar de lado la necesidad de comprender y despertar ese sentido invisible que puede captar, sin prisa, la vibraci\u00f3n de las cosas verdaderas. <\/p>\n<p>La ligereza de alma de la que vamos a hablar no es escapismo, no es ligereza de \u00e1nimo, sino de Ser.<br \/>\nEs la cualidad de quien ha dejado de resistirse a la vida y ha aprendido a danzar con ella confiadamente.<br \/>\nEs una expresi\u00f3n del Alma. <\/p>\n<p>La ligereza es una nostalgia que siempre hemos llevado dentro.<br \/>\nEs el deseo de volver a ser como \u00e9ramos antes del juicio, antes de la culpa, antes de la falta de aliento.<br \/>\nEs el deseo del Alma de volver a casa, sin hacer ruido.<br \/>\nEsta lecci\u00f3n es un regreso.<br \/>\nPero no a algo nuevo, a algo original.<br \/>\nA lo que ya eres cuando dejas de intentar ser otra cosa.<br \/>\nA esa parte de ti que no necesita hacer, sino s\u00f3lo soltar.<br \/>\nPorque lo Divino, para hablar, no necesita esfuerzo.<br \/>\nS\u00f3lo espacio.<\/p>\n<p><strong>El enlace y la contrase\u00f1a para acceder a la lecci\u00f3n se encuentran en el archivo pdf que llega con el correo electr\u00f3nico de confirmaci\u00f3n autom\u00e1tica del pedido.<\/strong><\/p>\n","protected":false},"excerpt":{"rendered":"<p><strong>La Ligereza del Alma: Reconocer el Hablar Divino<\/strong><br \/>\nCon la participaci\u00f3n de<em><strong> Gabriela Raquel de Paz<\/strong><\/em><br \/>\n<strong>Conferencia en l\u00ednea &#8211; Jueves 17 de julio a las 19:00 <\/strong><\/p>\n<p>Esta conferencia online es una invitaci\u00f3n a dejar de lado la necesidad de comprender y despertar ese sentido invisible que puede captar, sin prisa, la vibraci\u00f3n de las cosas verdaderas. <\/p>\n<p>La ligereza de alma de la que vamos a hablar no es escapismo, no es ligereza de \u00e1nimo, sino de Ser.<br \/>\nEs la cualidad de quien ha dejado de resistirse a la vida y ha aprendido a danzar con ella confiadamente.<br \/>\nEs una expresi\u00f3n del Alma. <\/p>\n<p>La ligereza es una nostalgia que siempre hemos llevado dentro.<br \/>\nEs el deseo de volver a ser como \u00e9ramos antes del juicio, antes de la culpa, antes de la falta de aliento.<br \/>\nEs el deseo del Alma de volver a casa, sin hacer ruido.<br \/>\nEsta lecci\u00f3n es un regreso.<br \/>\nPero no a algo nuevo, a algo original.<br \/>\nA lo que ya eres cuando dejas de intentar ser otra cosa.<br \/>\nA esa parte de ti que no necesita hacer, sino s\u00f3lo soltar.<br \/>\nPorque lo Divino, para hablar, no necesita esfuerzo.<br \/>\nS\u00f3lo espacio.<\/p>\n<p><strong>El enlace y la contrase\u00f1a para acceder a la lecci\u00f3n se encuentran en el archivo pdf que llega con el correo electr\u00f3nico de confirmaci\u00f3n autom\u00e1tica del pedido.<\/strong><\/p>\n","protected":false},"featured_media":19975,"template":"","meta":[],"product_brand":[],"product_cat":[27],"product_tag":[],"class_list":{"0":"post-18796","1":"product","2":"type-product","3":"status-publish","4":"has-post-thumbnail","6":"product_cat-lezioni","8":"first","9":"instock","10":"downloadable","11":"virtual","12":"taxable","13":"purchasable","14":"product-type-simple"},"yoast_head":"<!-- This site is optimized with the Yoast SEO plugin v27.5 - https:\/\/yoast.com\/product\/yoast-seo-wordpress\/ -->\n<title>LA LIGEREZA DEL ALMA: RECONOCER EL HABLA DIVINA<\/title>\n<meta name=\"description\" content=\"La Ligereza del Alma: Reconocer el Hablar Divino Con la participaci\u00f3n de Gabriela Raquel de Paz Conferencia en l\u00ednea - Jueves 17 de julio a las 19:00   Esta conferencia online es una invitaci\u00f3n a dejar de lado la necesidad de comprender y despertar ese sentido invisible que puede captar, sin prisa, la vibraci\u00f3n de las cosas verdaderas.   La ligereza de alma de la que vamos a hablar no es escapismo, no es ligereza de \u00e1nimo, sino de Ser. Es la cualidad de quien ha dejado de resistirse a la vida y ha aprendido a danzar con ella confiadamente. Es una expresi\u00f3n del Alma.   La ligereza es una nostalgia que siempre hemos llevado dentro. Es el deseo de volver a ser como \u00e9ramos antes del juicio, antes de la culpa, antes de la falta de aliento. Es el deseo del Alma de volver a casa, sin hacer ruido. Esta lecci\u00f3n es un regreso. Pero no a algo nuevo, a algo original. A lo que ya eres cuando dejas de intentar ser otra cosa. A esa parte de ti que no necesita hacer, sino s\u00f3lo soltar. Porque lo Divino, para hablar, no necesita esfuerzo. S\u00f3lo espacio.  El enlace y la contrase\u00f1a para acceder a la lecci\u00f3n se encuentran en el archivo pdf que llega con el correo electr\u00f3nico de confirmaci\u00f3n autom\u00e1tica del pedido.\" \/>\n<meta name=\"robots\" content=\"index, follow, max-snippet:-1, max-image-preview:large, max-video-preview:-1\" \/>\n<link rel=\"canonical\" href=\"\" \/>\n<meta property=\"og:locale\" content=\"es_ES\" \/>\n<meta property=\"og:type\" content=\"article\" \/>\n<meta property=\"og:title\" content=\"LA LIGEREZA DEL ALMA: RECONOCER EL HABLA DIVINA\" \/>\n<meta property=\"og:description\" content=\"La Ligereza del Alma: Reconocer el Hablar Divino Con la participaci\u00f3n de Gabriela Raquel de Paz Conferencia en l\u00ednea - Jueves 17 de julio a las 19:00   Esta conferencia online es una invitaci\u00f3n a dejar de lado la necesidad de comprender y despertar ese sentido invisible que puede captar, sin prisa, la vibraci\u00f3n de las cosas verdaderas.   La ligereza de alma de la que vamos a hablar no es escapismo, no es ligereza de \u00e1nimo, sino de Ser. Es la cualidad de quien ha dejado de resistirse a la vida y ha aprendido a danzar con ella confiadamente. Es una expresi\u00f3n del Alma.   La ligereza es una nostalgia que siempre hemos llevado dentro. Es el deseo de volver a ser como \u00e9ramos antes del juicio, antes de la culpa, antes de la falta de aliento. Es el deseo del Alma de volver a casa, sin hacer ruido. Esta lecci\u00f3n es un regreso. Pero no a algo nuevo, a algo original. A lo que ya eres cuando dejas de intentar ser otra cosa. A esa parte de ti que no necesita hacer, sino s\u00f3lo soltar. Porque lo Divino, para hablar, no necesita esfuerzo. S\u00f3lo espacio.  El enlace y la contrase\u00f1a para acceder a la lecci\u00f3n se encuentran en el archivo pdf que llega con el correo electr\u00f3nico de confirmaci\u00f3n autom\u00e1tica del pedido.\" \/>\n<meta property=\"og:url\" content=\"https:\/\/www.stefaniazani.it\/es\/producto\/el-alma-luz-reconociendo-a-la-divinidad-que-habla\/\" \/>\n<meta property=\"og:site_name\" content=\"Stefania Zani\" \/>\n<meta property=\"article:publisher\" content=\"https:\/\/www.facebook.com\/p\/Stefania-Zani-100087139977126\/\" \/>\n<meta property=\"article:modified_time\" content=\"2025-12-20T01:38:25+00:00\" \/>\n<meta property=\"og:image\" content=\"https:\/\/www.stefaniazani.it\/wp-content\/uploads\/2025\/07\/La-Missione-dellAnima-3.png\" \/>\n\t<meta property=\"og:image:width\" content=\"1080\" \/>\n\t<meta property=\"og:image:height\" content=\"1080\" \/>\n\t<meta property=\"og:image:type\" content=\"image\/png\" \/>\n<meta name=\"twitter:card\" content=\"summary_large_image\" \/>\n<meta name=\"twitter:label1\" content=\"Tiempo de lectura\" \/>\n\t<meta name=\"twitter:data1\" content=\"2 minutos\" \/>\n<script type=\"application\/ld+json\" class=\"yoast-schema-graph\">{\"@context\":\"https:\\\/\\\/schema.org\",\"@graph\":[{\"@type\":\"WebPage\",\"@id\":\"https:\\\/\\\/www.stefaniazani.it\\\/es\\\/producto\\\/el-alma-luz-reconociendo-a-la-divinidad-que-habla\\\/\",\"url\":\"https:\\\/\\\/www.stefaniazani.it\\\/es\\\/producto\\\/el-alma-luz-reconociendo-a-la-divinidad-que-habla\\\/\",\"name\":\"LA LEGGEREZZA DELL'ANIMA: RICONOSCERE IL DIVINO CHE PARLA - Stefania Zani\",\"isPartOf\":{\"@id\":\"https:\\\/\\\/www.stefaniazani.it\\\/#website\"},\"primaryImageOfPage\":{\"@id\":\"https:\\\/\\\/www.stefaniazani.it\\\/es\\\/producto\\\/el-alma-luz-reconociendo-a-la-divinidad-que-habla\\\/#primaryimage\"},\"image\":{\"@id\":\"https:\\\/\\\/www.stefaniazani.it\\\/es\\\/producto\\\/el-alma-luz-reconociendo-a-la-divinidad-que-habla\\\/#primaryimage\"},\"thumbnailUrl\":\"\",\"datePublished\":\"2025-07-02T21:17:32+00:00\",\"dateModified\":\"2025-12-20T01:38:25+00:00\",\"description\":\"Scopri come risvegliare la \u201cleggerezza dell\u2019Anima\u201d nella lezione online con Gabriela Raquel de Paz: lascia andare, ascolta il Divino e danza con la vita.\",\"breadcrumb\":{\"@id\":\"https:\\\/\\\/www.stefaniazani.it\\\/es\\\/producto\\\/el-alma-luz-reconociendo-a-la-divinidad-que-habla\\\/#breadcrumb\"},\"inLanguage\":\"es\",\"potentialAction\":[{\"@type\":\"ReadAction\",\"target\":[\"https:\\\/\\\/www.stefaniazani.it\\\/es\\\/producto\\\/el-alma-luz-reconociendo-a-la-divinidad-que-habla\\\/\"]}]},{\"@type\":\"ImageObject\",\"inLanguage\":\"es\",\"@id\":\"https:\\\/\\\/www.stefaniazani.it\\\/es\\\/producto\\\/el-alma-luz-reconociendo-a-la-divinidad-que-habla\\\/#primaryimage\",\"url\":\"\",\"contentUrl\":\"\",\"width\":1080,\"height\":1080},{\"@type\":\"BreadcrumbList\",\"@id\":\"https:\\\/\\\/www.stefaniazani.it\\\/es\\\/producto\\\/el-alma-luz-reconociendo-a-la-divinidad-que-habla\\\/#breadcrumb\",\"itemListElement\":[{\"@type\":\"ListItem\",\"position\":1,\"name\":\"Home\",\"item\":\"https:\\\/\\\/www.stefaniazani.it\\\/\"},{\"@type\":\"ListItem\",\"position\":2,\"name\":\"Shop\",\"item\":\"https:\\\/\\\/www.stefaniazani.it\\\/negozio\\\/\"},{\"@type\":\"ListItem\",\"position\":3,\"name\":\"LA LIGEREZA DEL ALMA: RECONOCER EL HABLA DIVINA\"}]},{\"@type\":\"WebSite\",\"@id\":\"https:\\\/\\\/www.stefaniazani.it\\\/es\\\/#website\",\"url\":\"https:\\\/\\\/www.stefaniazani.it\\\/es\\\/\",\"name\":\"Stefania Zani\",\"description\":\"\",\"publisher\":{\"@id\":\"https:\\\/\\\/www.stefaniazani.it\\\/es\\\/#organization\"},\"potentialAction\":[{\"@type\":\"SearchAction\",\"target\":{\"@type\":\"EntryPoint\",\"urlTemplate\":\"https:\\\/\\\/www.stefaniazani.it\\\/es\\\/?s={search_term_string}\"},\"query-input\":{\"@type\":\"PropertyValueSpecification\",\"valueRequired\":true,\"valueName\":\"search_term_string\"}}],\"inLanguage\":\"es\"},{\"@type\":\"Organization\",\"@id\":\"https:\\\/\\\/www.stefaniazani.it\\\/es\\\/#organization\",\"name\":\"Stefania Zani Srl\",\"url\":\"https:\\\/\\\/www.stefaniazani.it\\\/es\\\/\",\"logo\":{\"@type\":\"ImageObject\",\"inLanguage\":\"es\",\"@id\":\"https:\\\/\\\/www.stefaniazani.it\\\/es\\\/#\\\/schema\\\/logo\\\/image\\\/\",\"url\":\"https:\\\/\\\/www.stefaniazani.it\\\/wp-content\\\/uploads\\\/2024\\\/03\\\/stefania_zani_logo_start.png\",\"contentUrl\":\"https:\\\/\\\/www.stefaniazani.it\\\/wp-content\\\/uploads\\\/2024\\\/03\\\/stefania_zani_logo_start.png\",\"width\":250,\"height\":50,\"caption\":\"Stefania Zani Srl\"},\"image\":{\"@id\":\"https:\\\/\\\/www.stefaniazani.it\\\/es\\\/#\\\/schema\\\/logo\\\/image\\\/\"},\"sameAs\":[\"https:\\\/\\\/www.facebook.com\\\/p\\\/Stefania-Zani-100087139977126\\\/\",\"https:\\\/\\\/www.instagram.com\\\/stefania__zani\\\/\"]}]}<\/script>\n<!-- \/ Yoast SEO plugin. -->","yoast_head_json":{"title":"LA LIGEREZA DEL ALMA: RECONOCER EL HABLA DIVINA","description":"La Ligereza del Alma: Reconocer el Hablar Divino Con la participaci\u00f3n de Gabriela Raquel de Paz Conferencia en l\u00ednea - Jueves 17 de julio a las 19:00   Esta conferencia online es una invitaci\u00f3n a dejar de lado la necesidad de comprender y despertar ese sentido invisible que puede captar, sin prisa, la vibraci\u00f3n de las cosas verdaderas.   La ligereza de alma de la que vamos a hablar no es escapismo, no es ligereza de \u00e1nimo, sino de Ser. Es la cualidad de quien ha dejado de resistirse a la vida y ha aprendido a danzar con ella confiadamente. Es una expresi\u00f3n del Alma.   La ligereza es una nostalgia que siempre hemos llevado dentro. Es el deseo de volver a ser como \u00e9ramos antes del juicio, antes de la culpa, antes de la falta de aliento. Es el deseo del Alma de volver a casa, sin hacer ruido. Esta lecci\u00f3n es un regreso. Pero no a algo nuevo, a algo original. A lo que ya eres cuando dejas de intentar ser otra cosa. A esa parte de ti que no necesita hacer, sino s\u00f3lo soltar. Porque lo Divino, para hablar, no necesita esfuerzo. S\u00f3lo espacio.  El enlace y la contrase\u00f1a para acceder a la lecci\u00f3n se encuentran en el archivo pdf que llega con el correo electr\u00f3nico de confirmaci\u00f3n autom\u00e1tica del pedido.","robots":{"index":"index","follow":"follow","max-snippet":"max-snippet:-1","max-image-preview":"max-image-preview:large","max-video-preview":"max-video-preview:-1"},"canonical":"La Ligereza del Alma: Reconocer el Hablar Divino Con la participaci\u00f3n de Gabriela Raquel de Paz Conferencia en l\u00ednea - Jueves 17 de julio a las 19:00   Esta conferencia online es una invitaci\u00f3n a dejar de lado la necesidad de comprender y despertar ese sentido invisible que puede captar, sin prisa, la vibraci\u00f3n de las cosas verdaderas.   La ligereza de alma de la que vamos a hablar no es escapismo, no es ligereza de \u00e1nimo, sino de Ser. Es la cualidad de quien ha dejado de resistirse a la vida y ha aprendido a danzar con ella confiadamente. Es una expresi\u00f3n del Alma.   La ligereza es una nostalgia que siempre hemos llevado dentro. Es el deseo de volver a ser como \u00e9ramos antes del juicio, antes de la culpa, antes de la falta de aliento. Es el deseo del Alma de volver a casa, sin hacer ruido. Esta lecci\u00f3n es un regreso. Pero no a algo nuevo, a algo original. A lo que ya eres cuando dejas de intentar ser otra cosa. A esa parte de ti que no necesita hacer, sino s\u00f3lo soltar. Porque lo Divino, para hablar, no necesita esfuerzo. S\u00f3lo espacio.  El enlace y la contrase\u00f1a para acceder a la lecci\u00f3n se encuentran en el archivo pdf que llega con el correo electr\u00f3nico de confirmaci\u00f3n autom\u00e1tica del pedido.","og_locale":"es_ES","og_type":"article","og_title":"LA LIGEREZA DEL ALMA: RECONOCER EL HABLA DIVINA","og_description":"La Ligereza del Alma: Reconocer el Hablar Divino Con la participaci\u00f3n de Gabriela Raquel de Paz Conferencia en l\u00ednea - Jueves 17 de julio a las 19:00   Esta conferencia online es una invitaci\u00f3n a dejar de lado la necesidad de comprender y despertar ese sentido invisible que puede captar, sin prisa, la vibraci\u00f3n de las cosas verdaderas.   La ligereza de alma de la que vamos a hablar no es escapismo, no es ligereza de \u00e1nimo, sino de Ser. Es la cualidad de quien ha dejado de resistirse a la vida y ha aprendido a danzar con ella confiadamente. Es una expresi\u00f3n del Alma.   La ligereza es una nostalgia que siempre hemos llevado dentro. Es el deseo de volver a ser como \u00e9ramos antes del juicio, antes de la culpa, antes de la falta de aliento. Es el deseo del Alma de volver a casa, sin hacer ruido. Esta lecci\u00f3n es un regreso. Pero no a algo nuevo, a algo original. A lo que ya eres cuando dejas de intentar ser otra cosa. A esa parte de ti que no necesita hacer, sino s\u00f3lo soltar. Porque lo Divino, para hablar, no necesita esfuerzo. S\u00f3lo espacio.  El enlace y la contrase\u00f1a para acceder a la lecci\u00f3n se encuentran en el archivo pdf que llega con el correo electr\u00f3nico de confirmaci\u00f3n autom\u00e1tica del pedido.","og_url":"https:\/\/www.stefaniazani.it\/es\/producto\/el-alma-luz-reconociendo-a-la-divinidad-que-habla\/","og_site_name":"Stefania Zani","article_publisher":"https:\/\/www.facebook.com\/p\/Stefania-Zani-100087139977126\/","article_modified_time":"2025-12-20T01:38:25+00:00","og_image":[{"width":1080,"height":1080,"url":"https:\/\/www.stefaniazani.it\/wp-content\/uploads\/2025\/07\/La-Missione-dellAnima-3.png","type":"image\/png"}],"twitter_card":"summary_large_image","twitter_misc":{"Tiempo de lectura":"2 minutos"},"schema":{"@context":"https:\/\/schema.org","@graph":[{"@type":"WebPage","@id":"https:\/\/www.stefaniazani.it\/es\/producto\/el-alma-luz-reconociendo-a-la-divinidad-que-habla\/","url":"https:\/\/www.stefaniazani.it\/es\/producto\/el-alma-luz-reconociendo-a-la-divinidad-que-habla\/","name":"LA LEGGEREZZA DELL'ANIMA: RICONOSCERE IL DIVINO CHE PARLA - Stefania Zani","isPartOf":{"@id":"https:\/\/www.stefaniazani.it\/#website"},"primaryImageOfPage":{"@id":"https:\/\/www.stefaniazani.it\/es\/producto\/el-alma-luz-reconociendo-a-la-divinidad-que-habla\/#primaryimage"},"image":{"@id":"https:\/\/www.stefaniazani.it\/es\/producto\/el-alma-luz-reconociendo-a-la-divinidad-que-habla\/#primaryimage"},"thumbnailUrl":"","datePublished":"2025-07-02T21:17:32+00:00","dateModified":"2025-12-20T01:38:25+00:00","description":"Scopri come risvegliare la \u201cleggerezza dell\u2019Anima\u201d nella lezione online con Gabriela Raquel de Paz: lascia andare, ascolta il Divino e danza con la vita.","breadcrumb":{"@id":"https:\/\/www.stefaniazani.it\/es\/producto\/el-alma-luz-reconociendo-a-la-divinidad-que-habla\/#breadcrumb"},"inLanguage":"es","potentialAction":[{"@type":"ReadAction","target":["https:\/\/www.stefaniazani.it\/es\/producto\/el-alma-luz-reconociendo-a-la-divinidad-que-habla\/"]}]},{"@type":"ImageObject","inLanguage":"es","@id":"https:\/\/www.stefaniazani.it\/es\/producto\/el-alma-luz-reconociendo-a-la-divinidad-que-habla\/#primaryimage","url":"","contentUrl":"","width":1080,"height":1080},{"@type":"BreadcrumbList","@id":"https:\/\/www.stefaniazani.it\/es\/producto\/el-alma-luz-reconociendo-a-la-divinidad-que-habla\/#breadcrumb","itemListElement":[{"@type":"ListItem","position":1,"name":"Home","item":"https:\/\/www.stefaniazani.it\/"},{"@type":"ListItem","position":2,"name":"Shop","item":"https:\/\/www.stefaniazani.it\/negozio\/"},{"@type":"ListItem","position":3,"name":"LA LIGEREZA DEL ALMA: RECONOCER EL HABLA DIVINA"}]},{"@type":"WebSite","@id":"https:\/\/www.stefaniazani.it\/es\/#website","url":"https:\/\/www.stefaniazani.it\/es\/","name":"Stefania Zani","description":"","publisher":{"@id":"https:\/\/www.stefaniazani.it\/es\/#organization"},"potentialAction":[{"@type":"SearchAction","target":{"@type":"EntryPoint","urlTemplate":"https:\/\/www.stefaniazani.it\/es\/?s={search_term_string}"},"query-input":{"@type":"PropertyValueSpecification","valueRequired":true,"valueName":"search_term_string"}}],"inLanguage":"es"},{"@type":"Organization","@id":"https:\/\/www.stefaniazani.it\/es\/#organization","name":"Stefania Zani Srl","url":"https:\/\/www.stefaniazani.it\/es\/","logo":{"@type":"ImageObject","inLanguage":"es","@id":"https:\/\/www.stefaniazani.it\/es\/#\/schema\/logo\/image\/","url":"https:\/\/www.stefaniazani.it\/wp-content\/uploads\/2024\/03\/stefania_zani_logo_start.png","contentUrl":"https:\/\/www.stefaniazani.it\/wp-content\/uploads\/2024\/03\/stefania_zani_logo_start.png","width":250,"height":50,"caption":"Stefania Zani Srl"},"image":{"@id":"https:\/\/www.stefaniazani.it\/es\/#\/schema\/logo\/image\/"},"sameAs":["https:\/\/www.facebook.com\/p\/Stefania-Zani-100087139977126\/","https:\/\/www.instagram.com\/stefania__zani\/"]}]}},"df_price":50,"df_sale_price":"","df_regular_price":50,"df_image_link":"https:\/\/www.stefaniazani.it\/wp-content\/uploads\/woocommerce-placeholder-300x300.png","_links":{"self":[{"href":"https:\/\/www.stefaniazani.it\/es\/wp-json\/wp\/v2\/product\/18796","targetHints":{"allow":["GET"]}}],"collection":[{"href":"https:\/\/www.stefaniazani.it\/es\/wp-json\/wp\/v2\/product"}],"about":[{"href":"https:\/\/www.stefaniazani.it\/es\/wp-json\/wp\/v2\/types\/product"}],"wp:featuredmedia":[{"embeddable":true,"href":"https:\/\/www.stefaniazani.it\/es\/wp-json\/"}],"wp:attachment":[{"href":"https:\/\/www.stefaniazani.it\/es\/wp-json\/wp\/v2\/media?parent=18796"}],"wp:term":[{"taxonomy":"product_brand","embeddable":true,"href":"https:\/\/www.stefaniazani.it\/es\/wp-json\/wp\/v2\/product_brand?post=18796"},{"taxonomy":"product_cat","embeddable":true,"href":"https:\/\/www.stefaniazani.it\/es\/wp-json\/wp\/v2\/product_cat?post=18796"},{"taxonomy":"product_tag","embeddable":true,"href":"https:\/\/www.stefaniazani.it\/es\/wp-json\/wp\/v2\/product_tag?post=18796"}],"curies":[{"name":"wp","href":"https:\/\/api.w.org\/{rel}","templated":true}]}}