{"id":17869,"date":"2025-05-29T17:27:55","date_gmt":"2025-05-29T15:27:55","guid":{"rendered":"https:\/\/www.stefaniazani.it\/prodotto\/\/"},"modified":"2026-04-05T19:56:14","modified_gmt":"2026-04-05T17:56:14","slug":"le-chiavi-essenziali-mini","status":"publish","type":"product","link":"https:\/\/www.stefaniazani.it\/es\/producto\/las-claves-mini\/","title":{"rendered":"Las Claves Mini"},"content":{"rendered":"","protected":false},"excerpt":{"rendered":"<p><strong>AL MOMENTO, LAS MINI ESENCIALES EST\u00c1N DISPONIBLES EXCLUSIVAMENTE EN IDIOMA ITALIANO.<br \/>Las Mini Claves Esenciales son una edici\u00f3n limitada disponible hasta el 30 de junio<\/strong><\/p>\n<p>Las Mini Essential<strong>Keys<\/strong>, junto con las Mini Essentials, nacieron del deseo de tener siempre contigo una herramienta de conexi\u00f3n, dondequiera que te lleve la vida. Un manojo m\u00e1s peque\u00f1o y ligero que tambi\u00e9n puede deslizarse en los bolsos sin perder su profundidad y poder.<\/p>\n<p>Cada detalle ha sido pensado con cari\u00f1o: el formato compacto, el estuche delicado, el tacto ligero entre los dedos. Estas tarjetas son una invitaci\u00f3n a llevar siempre consigo la belleza y la conciencia.<\/p>\n<p>Alojadas en una pochette personalizable con su nombre, las Mini Llaves son un gesto de Amor hacia uno mismo. Llamar por su nombre a lo que nos gu\u00eda hace que cada viaje sea \u00fanico, especial, aut\u00e9ntico.<\/p>\n<p><strong>Detalles \u00fatiles:<\/strong><br \/>\n<strong>Tama\u00f1o mini:<\/strong> compacto y f\u00e1cil de llevar a todas partes (6x9cm).<br \/>\n<strong>Bolsa de mano personalizable:<\/strong> introduzca el nombre que desee en el campo de arriba antes de completar su pedido.<br \/>\n<strong>Env\u00edo:<\/strong> El plazo de entrega es de 10 d\u00edas laborables.<\/p>\n<p>Incluido con la compra de Las Llaves Esenciales, recibir\u00e1s el curso en v\u00eddeo en el que Stefania ilustra el significado de cada Llave, gui\u00e1ndote paso a paso sobre c\u00f3mo aprovechar al m\u00e1ximo su potencial<strong>. Durante todo el mes de junio, si compras Las Mini Llaves, tendr\u00e1s derecho a env\u00edo gratuito y recibir\u00e1s la lecci\u00f3n La Pareja de regalo. Las credenciales para acceder a la lecci\u00f3n se incluir\u00e1n en el archivo PDF adjunto al correo electr\u00f3nico de confirmaci\u00f3n autom\u00e1tica del pedido.<\/strong><\/p>\n","protected":false},"featured_media":16723,"template":"","meta":[],"product_brand":[],"product_cat":[20],"product_tag":[],"class_list":{"0":"post-17869","1":"product","2":"type-product","3":"status-publish","4":"has-post-thumbnail","6":"product_cat-le-carte","8":"first","9":"outofstock","10":"downloadable","11":"taxable","12":"shipping-taxable","13":"purchasable","14":"product-type-simple"},"yoast_head":"<!-- This site is optimized with the Yoast SEO plugin v27.4 - https:\/\/yoast.com\/product\/yoast-seo-wordpress\/ -->\n<title>Las Claves Mini<\/title>\n<meta name=\"description\" content=\"AL MOMENTO, LAS MINI ESENCIALES EST\u00c1N DISPONIBLES EXCLUSIVAMENTE EN IDIOMA ITALIANO.Las Mini Claves Esenciales son una edici\u00f3n limitada disponible hasta el 30 de junio  Las Mini EssentialKeys, junto con las Mini Essentials, nacieron del deseo de tener siempre contigo una herramienta de conexi\u00f3n, dondequiera que te lleve la vida. Un manojo m\u00e1s peque\u00f1o y ligero que tambi\u00e9n puede deslizarse en los bolsos sin perder su profundidad y poder.  Cada detalle ha sido pensado con cari\u00f1o: el formato compacto, el estuche delicado, el tacto ligero entre los dedos. Estas tarjetas son una invitaci\u00f3n a llevar siempre consigo la belleza y la conciencia.  Alojadas en una pochette personalizable con su nombre, las Mini Llaves son un gesto de Amor hacia uno mismo. Llamar por su nombre a lo que nos gu\u00eda hace que cada viaje sea \u00fanico, especial, aut\u00e9ntico.  Detalles \u00fatiles: Tama\u00f1o mini: compacto y f\u00e1cil de llevar a todas partes (6x9cm). Bolsa de mano personalizable: introduzca el nombre que desee en el campo de arriba antes de completar su pedido. Env\u00edo: El plazo de entrega es de 10 d\u00edas laborables.  Incluido con la compra de Las Llaves Esenciales, recibir\u00e1s el curso en v\u00eddeo en el que Stefania ilustra el significado de cada Llave, gui\u00e1ndote paso a paso sobre c\u00f3mo aprovechar al m\u00e1ximo su potencial. Durante todo el mes de junio, si compras Las Mini Llaves, tendr\u00e1s derecho a env\u00edo gratuito y recibir\u00e1s la lecci\u00f3n La Pareja de regalo. Las credenciales para acceder a la lecci\u00f3n se incluir\u00e1n en el archivo PDF adjunto al correo electr\u00f3nico de confirmaci\u00f3n autom\u00e1tica del pedido.\" \/>\n<meta name=\"robots\" content=\"index, follow, max-snippet:-1, max-image-preview:large, max-video-preview:-1\" \/>\n<link rel=\"canonical\" href=\"\" \/>\n<meta property=\"og:locale\" content=\"es_ES\" \/>\n<meta property=\"og:type\" content=\"article\" \/>\n<meta property=\"og:title\" content=\"Las Claves Mini\" \/>\n<meta property=\"og:description\" content=\"AL MOMENTO, LAS MINI ESENCIALES EST\u00c1N DISPONIBLES EXCLUSIVAMENTE EN IDIOMA ITALIANO.Las Mini Claves Esenciales son una edici\u00f3n limitada disponible hasta el 30 de junio  Las Mini EssentialKeys, junto con las Mini Essentials, nacieron del deseo de tener siempre contigo una herramienta de conexi\u00f3n, dondequiera que te lleve la vida. Un manojo m\u00e1s peque\u00f1o y ligero que tambi\u00e9n puede deslizarse en los bolsos sin perder su profundidad y poder.  Cada detalle ha sido pensado con cari\u00f1o: el formato compacto, el estuche delicado, el tacto ligero entre los dedos. Estas tarjetas son una invitaci\u00f3n a llevar siempre consigo la belleza y la conciencia.  Alojadas en una pochette personalizable con su nombre, las Mini Llaves son un gesto de Amor hacia uno mismo. Llamar por su nombre a lo que nos gu\u00eda hace que cada viaje sea \u00fanico, especial, aut\u00e9ntico.  Detalles \u00fatiles: Tama\u00f1o mini: compacto y f\u00e1cil de llevar a todas partes (6x9cm). Bolsa de mano personalizable: introduzca el nombre que desee en el campo de arriba antes de completar su pedido. Env\u00edo: El plazo de entrega es de 10 d\u00edas laborables.  Incluido con la compra de Las Llaves Esenciales, recibir\u00e1s el curso en v\u00eddeo en el que Stefania ilustra el significado de cada Llave, gui\u00e1ndote paso a paso sobre c\u00f3mo aprovechar al m\u00e1ximo su potencial. Durante todo el mes de junio, si compras Las Mini Llaves, tendr\u00e1s derecho a env\u00edo gratuito y recibir\u00e1s la lecci\u00f3n La Pareja de regalo. Las credenciales para acceder a la lecci\u00f3n se incluir\u00e1n en el archivo PDF adjunto al correo electr\u00f3nico de confirmaci\u00f3n autom\u00e1tica del pedido.\" \/>\n<meta property=\"og:url\" content=\"https:\/\/www.stefaniazani.it\/es\/producto\/las-claves-mini\/\" \/>\n<meta property=\"og:site_name\" content=\"Stefania Zani\" \/>\n<meta property=\"article:publisher\" content=\"https:\/\/www.facebook.com\/p\/Stefania-Zani-100087139977126\/\" \/>\n<meta property=\"article:modified_time\" content=\"2026-04-05T17:56:14+00:00\" \/>\n<meta property=\"og:image\" content=\"https:\/\/www.stefaniazani.it\/wp-content\/uploads\/2025\/05\/WhatsApp-Image-2025-05-30-at-18.35.25.jpeg\" \/>\n\t<meta property=\"og:image:width\" content=\"1080\" \/>\n\t<meta property=\"og:image:height\" content=\"1080\" \/>\n\t<meta property=\"og:image:type\" content=\"image\/jpeg\" \/>\n<meta name=\"twitter:card\" content=\"summary_large_image\" \/>\n<meta name=\"twitter:label1\" content=\"Tiempo de lectura\" \/>\n\t<meta name=\"twitter:data1\" content=\"1 minuto\" \/>\n<script type=\"application\/ld+json\" class=\"yoast-schema-graph\">{\"@context\":\"https:\\\/\\\/schema.org\",\"@graph\":[{\"@type\":\"WebPage\",\"@id\":\"https:\\\/\\\/www.stefaniazani.it\\\/es\\\/producto\\\/las-claves-mini\\\/\",\"url\":\"https:\\\/\\\/www.stefaniazani.it\\\/es\\\/producto\\\/las-claves-mini\\\/\",\"name\":\"Le Chiavi Essenziali Mini - OMAGGIO - Stefania Zani\",\"isPartOf\":{\"@id\":\"https:\\\/\\\/www.stefaniazani.it\\\/#website\"},\"primaryImageOfPage\":{\"@id\":\"https:\\\/\\\/www.stefaniazani.it\\\/es\\\/producto\\\/las-claves-mini\\\/#primaryimage\"},\"image\":{\"@id\":\"https:\\\/\\\/www.stefaniazani.it\\\/es\\\/producto\\\/las-claves-mini\\\/#primaryimage\"},\"thumbnailUrl\":\"https:\\\/\\\/www.stefaniazani.it\\\/wp-content\\\/uploads\\\/2025\\\/03\\\/WhatsApp-Image-2025-04-10-at-18.51.56-1.jpeg\",\"datePublished\":\"2025-05-29T15:27:55+00:00\",\"dateModified\":\"2026-04-05T17:56:14+00:00\",\"breadcrumb\":{\"@id\":\"https:\\\/\\\/www.stefaniazani.it\\\/es\\\/producto\\\/las-claves-mini\\\/#breadcrumb\"},\"inLanguage\":\"es\",\"potentialAction\":[{\"@type\":\"ReadAction\",\"target\":[\"https:\\\/\\\/www.stefaniazani.it\\\/es\\\/producto\\\/las-claves-mini\\\/\"]}]},{\"@type\":\"ImageObject\",\"inLanguage\":\"es\",\"@id\":\"https:\\\/\\\/www.stefaniazani.it\\\/es\\\/producto\\\/las-claves-mini\\\/#primaryimage\",\"url\":\"https:\\\/\\\/www.stefaniazani.it\\\/wp-content\\\/uploads\\\/2025\\\/03\\\/WhatsApp-Image-2025-04-10-at-18.51.56-1.jpeg\",\"contentUrl\":\"https:\\\/\\\/www.stefaniazani.it\\\/wp-content\\\/uploads\\\/2025\\\/03\\\/WhatsApp-Image-2025-04-10-at-18.51.56-1.jpeg\",\"width\":1080,\"height\":1080},{\"@type\":\"BreadcrumbList\",\"@id\":\"https:\\\/\\\/www.stefaniazani.it\\\/es\\\/producto\\\/las-claves-mini\\\/#breadcrumb\",\"itemListElement\":[{\"@type\":\"ListItem\",\"position\":1,\"name\":\"Home\",\"item\":\"https:\\\/\\\/www.stefaniazani.it\\\/\"},{\"@type\":\"ListItem\",\"position\":2,\"name\":\"Shop\",\"item\":\"https:\\\/\\\/www.stefaniazani.it\\\/negozio\\\/\"},{\"@type\":\"ListItem\",\"position\":3,\"name\":\"Las Claves Mini\"}]},{\"@type\":\"WebSite\",\"@id\":\"https:\\\/\\\/www.stefaniazani.it\\\/es\\\/#website\",\"url\":\"https:\\\/\\\/www.stefaniazani.it\\\/es\\\/\",\"name\":\"Stefania Zani\",\"description\":\"\",\"publisher\":{\"@id\":\"https:\\\/\\\/www.stefaniazani.it\\\/es\\\/#organization\"},\"potentialAction\":[{\"@type\":\"SearchAction\",\"target\":{\"@type\":\"EntryPoint\",\"urlTemplate\":\"https:\\\/\\\/www.stefaniazani.it\\\/es\\\/?s={search_term_string}\"},\"query-input\":{\"@type\":\"PropertyValueSpecification\",\"valueRequired\":true,\"valueName\":\"search_term_string\"}}],\"inLanguage\":\"es\"},{\"@type\":\"Organization\",\"@id\":\"https:\\\/\\\/www.stefaniazani.it\\\/es\\\/#organization\",\"name\":\"Stefania Zani Srl\",\"url\":\"https:\\\/\\\/www.stefaniazani.it\\\/es\\\/\",\"logo\":{\"@type\":\"ImageObject\",\"inLanguage\":\"es\",\"@id\":\"https:\\\/\\\/www.stefaniazani.it\\\/es\\\/#\\\/schema\\\/logo\\\/image\\\/\",\"url\":\"https:\\\/\\\/www.stefaniazani.it\\\/wp-content\\\/uploads\\\/2024\\\/03\\\/stefania_zani_logo_start.png\",\"contentUrl\":\"https:\\\/\\\/www.stefaniazani.it\\\/wp-content\\\/uploads\\\/2024\\\/03\\\/stefania_zani_logo_start.png\",\"width\":250,\"height\":50,\"caption\":\"Stefania Zani Srl\"},\"image\":{\"@id\":\"https:\\\/\\\/www.stefaniazani.it\\\/es\\\/#\\\/schema\\\/logo\\\/image\\\/\"},\"sameAs\":[\"https:\\\/\\\/www.facebook.com\\\/p\\\/Stefania-Zani-100087139977126\\\/\",\"https:\\\/\\\/www.instagram.com\\\/stefania__zani\\\/\"]}]}<\/script>\n<!-- \/ Yoast SEO plugin. -->","yoast_head_json":{"title":"Las Claves Mini","description":"AL MOMENTO, LAS MINI ESENCIALES EST\u00c1N DISPONIBLES EXCLUSIVAMENTE EN IDIOMA ITALIANO.Las Mini Claves Esenciales son una edici\u00f3n limitada disponible hasta el 30 de junio  Las Mini EssentialKeys, junto con las Mini Essentials, nacieron del deseo de tener siempre contigo una herramienta de conexi\u00f3n, dondequiera que te lleve la vida. Un manojo m\u00e1s peque\u00f1o y ligero que tambi\u00e9n puede deslizarse en los bolsos sin perder su profundidad y poder.  Cada detalle ha sido pensado con cari\u00f1o: el formato compacto, el estuche delicado, el tacto ligero entre los dedos. Estas tarjetas son una invitaci\u00f3n a llevar siempre consigo la belleza y la conciencia.  Alojadas en una pochette personalizable con su nombre, las Mini Llaves son un gesto de Amor hacia uno mismo. Llamar por su nombre a lo que nos gu\u00eda hace que cada viaje sea \u00fanico, especial, aut\u00e9ntico.  Detalles \u00fatiles: Tama\u00f1o mini: compacto y f\u00e1cil de llevar a todas partes (6x9cm). Bolsa de mano personalizable: introduzca el nombre que desee en el campo de arriba antes de completar su pedido. Env\u00edo: El plazo de entrega es de 10 d\u00edas laborables.  Incluido con la compra de Las Llaves Esenciales, recibir\u00e1s el curso en v\u00eddeo en el que Stefania ilustra el significado de cada Llave, gui\u00e1ndote paso a paso sobre c\u00f3mo aprovechar al m\u00e1ximo su potencial. Durante todo el mes de junio, si compras Las Mini Llaves, tendr\u00e1s derecho a env\u00edo gratuito y recibir\u00e1s la lecci\u00f3n La Pareja de regalo. Las credenciales para acceder a la lecci\u00f3n se incluir\u00e1n en el archivo PDF adjunto al correo electr\u00f3nico de confirmaci\u00f3n autom\u00e1tica del pedido.","robots":{"index":"index","follow":"follow","max-snippet":"max-snippet:-1","max-image-preview":"max-image-preview:large","max-video-preview":"max-video-preview:-1"},"canonical":"AL MOMENTO, LAS MINI ESENCIALES EST\u00c1N DISPONIBLES EXCLUSIVAMENTE EN IDIOMA ITALIANO.Las Mini Claves Esenciales son una edici\u00f3n limitada disponible hasta el 30 de junio  Las Mini EssentialKeys, junto con las Mini Essentials, nacieron del deseo de tener siempre contigo una herramienta de conexi\u00f3n, dondequiera que te lleve la vida. Un manojo m\u00e1s peque\u00f1o y ligero que tambi\u00e9n puede deslizarse en los bolsos sin perder su profundidad y poder.  Cada detalle ha sido pensado con cari\u00f1o: el formato compacto, el estuche delicado, el tacto ligero entre los dedos. Estas tarjetas son una invitaci\u00f3n a llevar siempre consigo la belleza y la conciencia.  Alojadas en una pochette personalizable con su nombre, las Mini Llaves son un gesto de Amor hacia uno mismo. Llamar por su nombre a lo que nos gu\u00eda hace que cada viaje sea \u00fanico, especial, aut\u00e9ntico.  Detalles \u00fatiles: Tama\u00f1o mini: compacto y f\u00e1cil de llevar a todas partes (6x9cm). Bolsa de mano personalizable: introduzca el nombre que desee en el campo de arriba antes de completar su pedido. Env\u00edo: El plazo de entrega es de 10 d\u00edas laborables.  Incluido con la compra de Las Llaves Esenciales, recibir\u00e1s el curso en v\u00eddeo en el que Stefania ilustra el significado de cada Llave, gui\u00e1ndote paso a paso sobre c\u00f3mo aprovechar al m\u00e1ximo su potencial. Durante todo el mes de junio, si compras Las Mini Llaves, tendr\u00e1s derecho a env\u00edo gratuito y recibir\u00e1s la lecci\u00f3n La Pareja de regalo. Las credenciales para acceder a la lecci\u00f3n se incluir\u00e1n en el archivo PDF adjunto al correo electr\u00f3nico de confirmaci\u00f3n autom\u00e1tica del pedido.","og_locale":"es_ES","og_type":"article","og_title":"Las Claves Mini","og_description":"AL MOMENTO, LAS MINI ESENCIALES EST\u00c1N DISPONIBLES EXCLUSIVAMENTE EN IDIOMA ITALIANO.Las Mini Claves Esenciales son una edici\u00f3n limitada disponible hasta el 30 de junio  Las Mini EssentialKeys, junto con las Mini Essentials, nacieron del deseo de tener siempre contigo una herramienta de conexi\u00f3n, dondequiera que te lleve la vida. Un manojo m\u00e1s peque\u00f1o y ligero que tambi\u00e9n puede deslizarse en los bolsos sin perder su profundidad y poder.  Cada detalle ha sido pensado con cari\u00f1o: el formato compacto, el estuche delicado, el tacto ligero entre los dedos. Estas tarjetas son una invitaci\u00f3n a llevar siempre consigo la belleza y la conciencia.  Alojadas en una pochette personalizable con su nombre, las Mini Llaves son un gesto de Amor hacia uno mismo. Llamar por su nombre a lo que nos gu\u00eda hace que cada viaje sea \u00fanico, especial, aut\u00e9ntico.  Detalles \u00fatiles: Tama\u00f1o mini: compacto y f\u00e1cil de llevar a todas partes (6x9cm). Bolsa de mano personalizable: introduzca el nombre que desee en el campo de arriba antes de completar su pedido. Env\u00edo: El plazo de entrega es de 10 d\u00edas laborables.  Incluido con la compra de Las Llaves Esenciales, recibir\u00e1s el curso en v\u00eddeo en el que Stefania ilustra el significado de cada Llave, gui\u00e1ndote paso a paso sobre c\u00f3mo aprovechar al m\u00e1ximo su potencial. Durante todo el mes de junio, si compras Las Mini Llaves, tendr\u00e1s derecho a env\u00edo gratuito y recibir\u00e1s la lecci\u00f3n La Pareja de regalo. Las credenciales para acceder a la lecci\u00f3n se incluir\u00e1n en el archivo PDF adjunto al correo electr\u00f3nico de confirmaci\u00f3n autom\u00e1tica del pedido.","og_url":"https:\/\/www.stefaniazani.it\/es\/producto\/las-claves-mini\/","og_site_name":"Stefania Zani","article_publisher":"https:\/\/www.facebook.com\/p\/Stefania-Zani-100087139977126\/","article_modified_time":"2026-04-05T17:56:14+00:00","og_image":[{"width":1080,"height":1080,"url":"https:\/\/www.stefaniazani.it\/wp-content\/uploads\/2025\/05\/WhatsApp-Image-2025-05-30-at-18.35.25.jpeg","type":"image\/jpeg"}],"twitter_card":"summary_large_image","twitter_misc":{"Tiempo de lectura":"1 minuto"},"schema":{"@context":"https:\/\/schema.org","@graph":[{"@type":"WebPage","@id":"https:\/\/www.stefaniazani.it\/es\/producto\/las-claves-mini\/","url":"https:\/\/www.stefaniazani.it\/es\/producto\/las-claves-mini\/","name":"Le Chiavi Essenziali Mini - OMAGGIO - Stefania Zani","isPartOf":{"@id":"https:\/\/www.stefaniazani.it\/#website"},"primaryImageOfPage":{"@id":"https:\/\/www.stefaniazani.it\/es\/producto\/las-claves-mini\/#primaryimage"},"image":{"@id":"https:\/\/www.stefaniazani.it\/es\/producto\/las-claves-mini\/#primaryimage"},"thumbnailUrl":"https:\/\/www.stefaniazani.it\/wp-content\/uploads\/2025\/03\/WhatsApp-Image-2025-04-10-at-18.51.56-1.jpeg","datePublished":"2025-05-29T15:27:55+00:00","dateModified":"2026-04-05T17:56:14+00:00","breadcrumb":{"@id":"https:\/\/www.stefaniazani.it\/es\/producto\/las-claves-mini\/#breadcrumb"},"inLanguage":"es","potentialAction":[{"@type":"ReadAction","target":["https:\/\/www.stefaniazani.it\/es\/producto\/las-claves-mini\/"]}]},{"@type":"ImageObject","inLanguage":"es","@id":"https:\/\/www.stefaniazani.it\/es\/producto\/las-claves-mini\/#primaryimage","url":"https:\/\/www.stefaniazani.it\/wp-content\/uploads\/2025\/03\/WhatsApp-Image-2025-04-10-at-18.51.56-1.jpeg","contentUrl":"https:\/\/www.stefaniazani.it\/wp-content\/uploads\/2025\/03\/WhatsApp-Image-2025-04-10-at-18.51.56-1.jpeg","width":1080,"height":1080},{"@type":"BreadcrumbList","@id":"https:\/\/www.stefaniazani.it\/es\/producto\/las-claves-mini\/#breadcrumb","itemListElement":[{"@type":"ListItem","position":1,"name":"Home","item":"https:\/\/www.stefaniazani.it\/"},{"@type":"ListItem","position":2,"name":"Shop","item":"https:\/\/www.stefaniazani.it\/negozio\/"},{"@type":"ListItem","position":3,"name":"Las Claves Mini"}]},{"@type":"WebSite","@id":"https:\/\/www.stefaniazani.it\/es\/#website","url":"https:\/\/www.stefaniazani.it\/es\/","name":"Stefania Zani","description":"","publisher":{"@id":"https:\/\/www.stefaniazani.it\/es\/#organization"},"potentialAction":[{"@type":"SearchAction","target":{"@type":"EntryPoint","urlTemplate":"https:\/\/www.stefaniazani.it\/es\/?s={search_term_string}"},"query-input":{"@type":"PropertyValueSpecification","valueRequired":true,"valueName":"search_term_string"}}],"inLanguage":"es"},{"@type":"Organization","@id":"https:\/\/www.stefaniazani.it\/es\/#organization","name":"Stefania Zani Srl","url":"https:\/\/www.stefaniazani.it\/es\/","logo":{"@type":"ImageObject","inLanguage":"es","@id":"https:\/\/www.stefaniazani.it\/es\/#\/schema\/logo\/image\/","url":"https:\/\/www.stefaniazani.it\/wp-content\/uploads\/2024\/03\/stefania_zani_logo_start.png","contentUrl":"https:\/\/www.stefaniazani.it\/wp-content\/uploads\/2024\/03\/stefania_zani_logo_start.png","width":250,"height":50,"caption":"Stefania Zani Srl"},"image":{"@id":"https:\/\/www.stefaniazani.it\/es\/#\/schema\/logo\/image\/"},"sameAs":["https:\/\/www.facebook.com\/p\/Stefania-Zani-100087139977126\/","https:\/\/www.instagram.com\/stefania__zani\/"]}]}},"df_price":40,"df_sale_price":"","df_regular_price":40,"df_image_link":"https:\/\/www.stefaniazani.it\/wp-content\/uploads\/2025\/03\/WhatsApp-Image-2025-04-10-at-18.51.56-1-300x300.jpeg","_links":{"self":[{"href":"https:\/\/www.stefaniazani.it\/es\/wp-json\/wp\/v2\/product\/17869","targetHints":{"allow":["GET"]}}],"collection":[{"href":"https:\/\/www.stefaniazani.it\/es\/wp-json\/wp\/v2\/product"}],"about":[{"href":"https:\/\/www.stefaniazani.it\/es\/wp-json\/wp\/v2\/types\/product"}],"wp:featuredmedia":[{"embeddable":true,"href":"https:\/\/www.stefaniazani.it\/es\/wp-json\/wp\/v2\/media\/16723"}],"wp:attachment":[{"href":"https:\/\/www.stefaniazani.it\/es\/wp-json\/wp\/v2\/media?parent=17869"}],"wp:term":[{"taxonomy":"product_brand","embeddable":true,"href":"https:\/\/www.stefaniazani.it\/es\/wp-json\/wp\/v2\/product_brand?post=17869"},{"taxonomy":"product_cat","embeddable":true,"href":"https:\/\/www.stefaniazani.it\/es\/wp-json\/wp\/v2\/product_cat?post=17869"},{"taxonomy":"product_tag","embeddable":true,"href":"https:\/\/www.stefaniazani.it\/es\/wp-json\/wp\/v2\/product_tag?post=17869"}],"curies":[{"name":"wp","href":"https:\/\/api.w.org\/{rel}","templated":true}]}}