{"id":17765,"date":"2025-05-20T11:50:32","date_gmt":"2025-05-20T09:50:32","guid":{"rendered":"https:\/\/www.stefaniazani.it\/prodotto\/\/"},"modified":"2025-12-12T01:09:20","modified_gmt":"2025-12-12T00:09:20","slug":"karma-e-legami-danima","status":"publish","type":"product","link":"https:\/\/www.stefaniazani.it\/es\/producto\/karma-y-vinculos-alma\/","title":{"rendered":"KARMA Y LAZOS DEL ALMA"},"content":{"rendered":"<p><strong>Karma e Legami d\u2019Anima: Il senso profondo degli incontri che ci trasformano<\/strong><br \/>\n<strong>Lezione registrata<\/strong><\/p>\n<p>Ci sono incontri che ci scuotono nel profondo.<br \/>\nPersone che arrivano e sembrano conoscerci da sempre.<br \/>\nRelazioni che si accendono con una forza inspiegabile, o che ci mettono in crisi come se toccassero nervi antichi.<br \/>\nE poi ci sono addii che sembrano troppo dolorosi per appartenere a una sola vita.<\/p>\n<p>Questa lezione nasce per chi, almeno una volta, si \u00e8 fatto la domanda:<br \/>\n\u201cPerch\u00e9 proprio questa persona?\u201d<\/p>\n<p>Nel cuore di questo incontro esploreremo i legami karmici, i patti d\u2019Anima che attraversano le nostre esistenze.<br \/>\nParleremo del modo in cui l\u2019Anima tesse fili invisibili tra le vite, e di come riconoscere i segnali di un incontro che non \u00e8 solo di questa vita, ma che ci chiama a guarire, evolvere, completare un disegno.<\/p>\n<p>Non si tratta di una verit\u00e0 assoluta, ma di una possibilit\u00e0 da ascoltare con il cuore:<br \/>\nche certi incontri siano appuntamenti sacri segnati dalla memoria spirituale.<\/p>\n<p>Ti racconter\u00f2 come riconoscerli, come onorarli e soprattutto come comprendere cosa ci chiedono di trasformare in noi.<br \/>\nPerch\u00e9 ogni incontro significativo \u00e8 un invito a diventare pi\u00f9 pienamente ci\u00f2 che siamo, Anima in cammino.<\/p>\n<p>Ti aspetto, con amorevolezza, per attraversare insieme il disegno invisibile che ci unisce.<\/p>\n<p><strong>Il link e la password per accedere alla lezione li trovi all&#8217;interno del file pdf che arriva insieme alla mail automatica di conferma dell&#8217;ordine.<\/strong><\/p>\n","protected":false},"excerpt":{"rendered":"<p><strong>Karma y v\u00ednculos con el alma: el significado profundo de los encuentros que nos transforman<\/strong><br \/>\n<strong>Lecci\u00f3n grabada<\/strong><\/p>\n<p>Hay encuentros que nos sacuden hasta la m\u00e9dula.<br \/>\nPersonas que llegan y parecen conocernos de toda la vida.<br \/>\nRelaciones que se encienden con una fuerza inexplicable, o que nos ponen en vilo como si tocaran nervios ancestrales.<br \/>\nY luego est\u00e1n las despedidas que parecen demasiado dolorosas para pertenecer a una sola vida.<\/p>\n<p>Esta lecci\u00f3n naci\u00f3 para quienes, al menos una vez, se han hecho la pregunta:<br \/>\n\u00ab\u00bfPor qu\u00e9 esta persona?\u00bb<\/p>\n<p>En el centro de este encuentro exploraremos los lazos k\u00e1rmicos, los pactos del alma que atraviesan nuestras existencias.<br \/>\nHablaremos del modo en que el Alma teje hilos invisibles entre vidas, y de c\u00f3mo reconocer las se\u00f1ales de un encuentro que no es s\u00f3lo de esta vida, sino que nos llama a sanar, a evolucionar, a completar un dise\u00f1o.<\/p>\n<p>No se trata de una verdad absoluta, sino de una posibilidad que hay que escuchar con el coraz\u00f3n:<br \/>\nque ciertos encuentros son citas sagradas marcadas por la memoria espiritual.<\/p>\n<p>Te dir\u00e9 c\u00f3mo reconocerlos, c\u00f3mo honrarlos y, sobre todo, c\u00f3mo comprender lo que nos piden transformar en nosotros. Porque todo encuentro significativo es una invitaci\u00f3n a convertirnos m\u00e1s plenamente en lo que somos, Alma en camino.<\/p>\n<p>Te espero, amorosamente, para caminar juntos a trav\u00e9s del dise\u00f1o invisible que nos une.<\/p>\n<p><strong>Encontrar\u00e1s el enlace y la contrase\u00f1a para acceder a la lecci\u00f3n en el archivo pdf que llega con el correo electr\u00f3nico de confirmaci\u00f3n autom\u00e1tica del pedido.<\/strong><\/p>\n","protected":false},"featured_media":17769,"template":"","meta":[],"product_brand":[],"product_cat":[27],"product_tag":[],"class_list":{"0":"post-17765","1":"product","2":"type-product","3":"status-publish","4":"has-post-thumbnail","6":"product_cat-lezioni","8":"first","9":"instock","10":"downloadable","11":"virtual","12":"taxable","13":"purchasable","14":"product-type-simple"},"yoast_head":"<!-- This site is optimized with the Yoast SEO plugin v27.4 - https:\/\/yoast.com\/product\/yoast-seo-wordpress\/ -->\n<title>KARMA Y LAZOS DEL ALMA<\/title>\n<meta name=\"description\" content=\"Karma y v\u00ednculos con el alma: el significado profundo de los encuentros que nos transforman Lecci\u00f3n grabada  Hay encuentros que nos sacuden hasta la m\u00e9dula. Personas que llegan y parecen conocernos de toda la vida. Relaciones que se encienden con una fuerza inexplicable, o que nos ponen en vilo como si tocaran nervios ancestrales. Y luego est\u00e1n las despedidas que parecen demasiado dolorosas para pertenecer a una sola vida.  Esta lecci\u00f3n naci\u00f3 para quienes, al menos una vez, se han hecho la pregunta: &quot;\u00bfPor qu\u00e9 esta persona?&quot;  En el centro de este encuentro exploraremos los lazos k\u00e1rmicos, los pactos del alma que atraviesan nuestras existencias. Hablaremos del modo en que el Alma teje hilos invisibles entre vidas, y de c\u00f3mo reconocer las se\u00f1ales de un encuentro que no es s\u00f3lo de esta vida, sino que nos llama a sanar, a evolucionar, a completar un dise\u00f1o.  No se trata de una verdad absoluta, sino de una posibilidad que hay que escuchar con el coraz\u00f3n: que ciertos encuentros son citas sagradas marcadas por la memoria espiritual.  Te dir\u00e9 c\u00f3mo reconocerlos, c\u00f3mo honrarlos y, sobre todo, c\u00f3mo comprender lo que nos piden transformar en nosotros. Porque todo encuentro significativo es una invitaci\u00f3n a convertirnos m\u00e1s plenamente en lo que somos, Alma en camino.  Te espero, amorosamente, para caminar juntos a trav\u00e9s del dise\u00f1o invisible que nos une.  Encontrar\u00e1s el enlace y la contrase\u00f1a para acceder a la lecci\u00f3n en el archivo pdf que llega con el correo electr\u00f3nico de confirmaci\u00f3n autom\u00e1tica del pedido.\" \/>\n<meta name=\"robots\" content=\"index, follow, max-snippet:-1, max-image-preview:large, max-video-preview:-1\" \/>\n<link rel=\"canonical\" href=\"\" \/>\n<meta property=\"og:locale\" content=\"es_ES\" \/>\n<meta property=\"og:type\" content=\"article\" \/>\n<meta property=\"og:title\" content=\"KARMA Y LAZOS DEL ALMA\" \/>\n<meta property=\"og:description\" content=\"Karma y v\u00ednculos con el alma: el significado profundo de los encuentros que nos transforman Lecci\u00f3n grabada  Hay encuentros que nos sacuden hasta la m\u00e9dula. Personas que llegan y parecen conocernos de toda la vida. Relaciones que se encienden con una fuerza inexplicable, o que nos ponen en vilo como si tocaran nervios ancestrales. Y luego est\u00e1n las despedidas que parecen demasiado dolorosas para pertenecer a una sola vida.  Esta lecci\u00f3n naci\u00f3 para quienes, al menos una vez, se han hecho la pregunta: &quot;\u00bfPor qu\u00e9 esta persona?&quot;  En el centro de este encuentro exploraremos los lazos k\u00e1rmicos, los pactos del alma que atraviesan nuestras existencias. Hablaremos del modo en que el Alma teje hilos invisibles entre vidas, y de c\u00f3mo reconocer las se\u00f1ales de un encuentro que no es s\u00f3lo de esta vida, sino que nos llama a sanar, a evolucionar, a completar un dise\u00f1o.  No se trata de una verdad absoluta, sino de una posibilidad que hay que escuchar con el coraz\u00f3n: que ciertos encuentros son citas sagradas marcadas por la memoria espiritual.  Te dir\u00e9 c\u00f3mo reconocerlos, c\u00f3mo honrarlos y, sobre todo, c\u00f3mo comprender lo que nos piden transformar en nosotros. Porque todo encuentro significativo es una invitaci\u00f3n a convertirnos m\u00e1s plenamente en lo que somos, Alma en camino.  Te espero, amorosamente, para caminar juntos a trav\u00e9s del dise\u00f1o invisible que nos une.  Encontrar\u00e1s el enlace y la contrase\u00f1a para acceder a la lecci\u00f3n en el archivo pdf que llega con el correo electr\u00f3nico de confirmaci\u00f3n autom\u00e1tica del pedido.\" \/>\n<meta property=\"og:url\" content=\"https:\/\/www.stefaniazani.it\/es\/producto\/karma-y-vinculos-alma\/\" \/>\n<meta property=\"og:site_name\" content=\"Stefania Zani\" \/>\n<meta property=\"article:publisher\" content=\"https:\/\/www.facebook.com\/p\/Stefania-Zani-100087139977126\/\" \/>\n<meta property=\"article:modified_time\" content=\"2025-12-12T00:09:20+00:00\" \/>\n<meta property=\"og:image\" content=\"https:\/\/www.stefaniazani.it\/wp-content\/uploads\/2025\/05\/Karma-e-legami-danima-copertina.png\" \/>\n\t<meta property=\"og:image:width\" content=\"1080\" \/>\n\t<meta property=\"og:image:height\" content=\"1080\" \/>\n\t<meta property=\"og:image:type\" content=\"image\/png\" \/>\n<meta name=\"twitter:card\" content=\"summary_large_image\" \/>\n<meta name=\"twitter:label1\" content=\"Tiempo de lectura\" \/>\n\t<meta name=\"twitter:data1\" content=\"2 minutos\" \/>\n<script type=\"application\/ld+json\" class=\"yoast-schema-graph\">{\"@context\":\"https:\\\/\\\/schema.org\",\"@graph\":[{\"@type\":\"WebPage\",\"@id\":\"https:\\\/\\\/www.stefaniazani.it\\\/es\\\/producto\\\/karma-y-vinculos-alma\\\/\",\"url\":\"https:\\\/\\\/www.stefaniazani.it\\\/es\\\/producto\\\/karma-y-vinculos-alma\\\/\",\"name\":\"KARMA E LEGAMI D'ANIMA - Stefania Zani\",\"isPartOf\":{\"@id\":\"https:\\\/\\\/www.stefaniazani.it\\\/#website\"},\"primaryImageOfPage\":{\"@id\":\"https:\\\/\\\/www.stefaniazani.it\\\/es\\\/producto\\\/karma-y-vinculos-alma\\\/#primaryimage\"},\"image\":{\"@id\":\"https:\\\/\\\/www.stefaniazani.it\\\/es\\\/producto\\\/karma-y-vinculos-alma\\\/#primaryimage\"},\"thumbnailUrl\":\"\",\"datePublished\":\"2025-05-20T09:50:32+00:00\",\"dateModified\":\"2025-12-12T00:09:20+00:00\",\"description\":\"Karma e legami d'Anima: in questa lezione esploriamo le relazioni profonde che ci trasformano, ci chiamano a guarire, evolvere e completare un disegno\",\"breadcrumb\":{\"@id\":\"https:\\\/\\\/www.stefaniazani.it\\\/es\\\/producto\\\/karma-y-vinculos-alma\\\/#breadcrumb\"},\"inLanguage\":\"es\",\"potentialAction\":[{\"@type\":\"ReadAction\",\"target\":[\"https:\\\/\\\/www.stefaniazani.it\\\/es\\\/producto\\\/karma-y-vinculos-alma\\\/\"]}]},{\"@type\":\"ImageObject\",\"inLanguage\":\"es\",\"@id\":\"https:\\\/\\\/www.stefaniazani.it\\\/es\\\/producto\\\/karma-y-vinculos-alma\\\/#primaryimage\",\"url\":\"\",\"contentUrl\":\"\",\"width\":1080,\"height\":1080},{\"@type\":\"BreadcrumbList\",\"@id\":\"https:\\\/\\\/www.stefaniazani.it\\\/es\\\/producto\\\/karma-y-vinculos-alma\\\/#breadcrumb\",\"itemListElement\":[{\"@type\":\"ListItem\",\"position\":1,\"name\":\"Home\",\"item\":\"https:\\\/\\\/www.stefaniazani.it\\\/\"},{\"@type\":\"ListItem\",\"position\":2,\"name\":\"Shop\",\"item\":\"https:\\\/\\\/www.stefaniazani.it\\\/negozio\\\/\"},{\"@type\":\"ListItem\",\"position\":3,\"name\":\"KARMA Y LAZOS DEL ALMA\"}]},{\"@type\":\"WebSite\",\"@id\":\"https:\\\/\\\/www.stefaniazani.it\\\/es\\\/#website\",\"url\":\"https:\\\/\\\/www.stefaniazani.it\\\/es\\\/\",\"name\":\"Stefania Zani\",\"description\":\"\",\"publisher\":{\"@id\":\"https:\\\/\\\/www.stefaniazani.it\\\/es\\\/#organization\"},\"potentialAction\":[{\"@type\":\"SearchAction\",\"target\":{\"@type\":\"EntryPoint\",\"urlTemplate\":\"https:\\\/\\\/www.stefaniazani.it\\\/es\\\/?s={search_term_string}\"},\"query-input\":{\"@type\":\"PropertyValueSpecification\",\"valueRequired\":true,\"valueName\":\"search_term_string\"}}],\"inLanguage\":\"es\"},{\"@type\":\"Organization\",\"@id\":\"https:\\\/\\\/www.stefaniazani.it\\\/es\\\/#organization\",\"name\":\"Stefania Zani Srl\",\"url\":\"https:\\\/\\\/www.stefaniazani.it\\\/es\\\/\",\"logo\":{\"@type\":\"ImageObject\",\"inLanguage\":\"es\",\"@id\":\"https:\\\/\\\/www.stefaniazani.it\\\/es\\\/#\\\/schema\\\/logo\\\/image\\\/\",\"url\":\"https:\\\/\\\/www.stefaniazani.it\\\/wp-content\\\/uploads\\\/2024\\\/03\\\/stefania_zani_logo_start.png\",\"contentUrl\":\"https:\\\/\\\/www.stefaniazani.it\\\/wp-content\\\/uploads\\\/2024\\\/03\\\/stefania_zani_logo_start.png\",\"width\":250,\"height\":50,\"caption\":\"Stefania Zani Srl\"},\"image\":{\"@id\":\"https:\\\/\\\/www.stefaniazani.it\\\/es\\\/#\\\/schema\\\/logo\\\/image\\\/\"},\"sameAs\":[\"https:\\\/\\\/www.facebook.com\\\/p\\\/Stefania-Zani-100087139977126\\\/\",\"https:\\\/\\\/www.instagram.com\\\/stefania__zani\\\/\"]}]}<\/script>\n<!-- \/ Yoast SEO plugin. -->","yoast_head_json":{"title":"KARMA Y LAZOS DEL ALMA","description":"Karma y v\u00ednculos con el alma: el significado profundo de los encuentros que nos transforman Lecci\u00f3n grabada  Hay encuentros que nos sacuden hasta la m\u00e9dula. Personas que llegan y parecen conocernos de toda la vida. Relaciones que se encienden con una fuerza inexplicable, o que nos ponen en vilo como si tocaran nervios ancestrales. Y luego est\u00e1n las despedidas que parecen demasiado dolorosas para pertenecer a una sola vida.  Esta lecci\u00f3n naci\u00f3 para quienes, al menos una vez, se han hecho la pregunta: \"\u00bfPor qu\u00e9 esta persona?\"  En el centro de este encuentro exploraremos los lazos k\u00e1rmicos, los pactos del alma que atraviesan nuestras existencias. Hablaremos del modo en que el Alma teje hilos invisibles entre vidas, y de c\u00f3mo reconocer las se\u00f1ales de un encuentro que no es s\u00f3lo de esta vida, sino que nos llama a sanar, a evolucionar, a completar un dise\u00f1o.  No se trata de una verdad absoluta, sino de una posibilidad que hay que escuchar con el coraz\u00f3n: que ciertos encuentros son citas sagradas marcadas por la memoria espiritual.  Te dir\u00e9 c\u00f3mo reconocerlos, c\u00f3mo honrarlos y, sobre todo, c\u00f3mo comprender lo que nos piden transformar en nosotros. Porque todo encuentro significativo es una invitaci\u00f3n a convertirnos m\u00e1s plenamente en lo que somos, Alma en camino.  Te espero, amorosamente, para caminar juntos a trav\u00e9s del dise\u00f1o invisible que nos une.  Encontrar\u00e1s el enlace y la contrase\u00f1a para acceder a la lecci\u00f3n en el archivo pdf que llega con el correo electr\u00f3nico de confirmaci\u00f3n autom\u00e1tica del pedido.","robots":{"index":"index","follow":"follow","max-snippet":"max-snippet:-1","max-image-preview":"max-image-preview:large","max-video-preview":"max-video-preview:-1"},"canonical":"Karma y v\u00ednculos con el alma: el significado profundo de los encuentros que nos transforman Lecci\u00f3n grabada  Hay encuentros que nos sacuden hasta la m\u00e9dula. Personas que llegan y parecen conocernos de toda la vida. Relaciones que se encienden con una fuerza inexplicable, o que nos ponen en vilo como si tocaran nervios ancestrales. Y luego est\u00e1n las despedidas que parecen demasiado dolorosas para pertenecer a una sola vida.  Esta lecci\u00f3n naci\u00f3 para quienes, al menos una vez, se han hecho la pregunta: \"\u00bfPor qu\u00e9 esta persona?\"  En el centro de este encuentro exploraremos los lazos k\u00e1rmicos, los pactos del alma que atraviesan nuestras existencias. Hablaremos del modo en que el Alma teje hilos invisibles entre vidas, y de c\u00f3mo reconocer las se\u00f1ales de un encuentro que no es s\u00f3lo de esta vida, sino que nos llama a sanar, a evolucionar, a completar un dise\u00f1o.  No se trata de una verdad absoluta, sino de una posibilidad que hay que escuchar con el coraz\u00f3n: que ciertos encuentros son citas sagradas marcadas por la memoria espiritual.  Te dir\u00e9 c\u00f3mo reconocerlos, c\u00f3mo honrarlos y, sobre todo, c\u00f3mo comprender lo que nos piden transformar en nosotros. Porque todo encuentro significativo es una invitaci\u00f3n a convertirnos m\u00e1s plenamente en lo que somos, Alma en camino.  Te espero, amorosamente, para caminar juntos a trav\u00e9s del dise\u00f1o invisible que nos une.  Encontrar\u00e1s el enlace y la contrase\u00f1a para acceder a la lecci\u00f3n en el archivo pdf que llega con el correo electr\u00f3nico de confirmaci\u00f3n autom\u00e1tica del pedido.","og_locale":"es_ES","og_type":"article","og_title":"KARMA Y LAZOS DEL ALMA","og_description":"Karma y v\u00ednculos con el alma: el significado profundo de los encuentros que nos transforman Lecci\u00f3n grabada  Hay encuentros que nos sacuden hasta la m\u00e9dula. Personas que llegan y parecen conocernos de toda la vida. Relaciones que se encienden con una fuerza inexplicable, o que nos ponen en vilo como si tocaran nervios ancestrales. Y luego est\u00e1n las despedidas que parecen demasiado dolorosas para pertenecer a una sola vida.  Esta lecci\u00f3n naci\u00f3 para quienes, al menos una vez, se han hecho la pregunta: \"\u00bfPor qu\u00e9 esta persona?\"  En el centro de este encuentro exploraremos los lazos k\u00e1rmicos, los pactos del alma que atraviesan nuestras existencias. Hablaremos del modo en que el Alma teje hilos invisibles entre vidas, y de c\u00f3mo reconocer las se\u00f1ales de un encuentro que no es s\u00f3lo de esta vida, sino que nos llama a sanar, a evolucionar, a completar un dise\u00f1o.  No se trata de una verdad absoluta, sino de una posibilidad que hay que escuchar con el coraz\u00f3n: que ciertos encuentros son citas sagradas marcadas por la memoria espiritual.  Te dir\u00e9 c\u00f3mo reconocerlos, c\u00f3mo honrarlos y, sobre todo, c\u00f3mo comprender lo que nos piden transformar en nosotros. Porque todo encuentro significativo es una invitaci\u00f3n a convertirnos m\u00e1s plenamente en lo que somos, Alma en camino.  Te espero, amorosamente, para caminar juntos a trav\u00e9s del dise\u00f1o invisible que nos une.  Encontrar\u00e1s el enlace y la contrase\u00f1a para acceder a la lecci\u00f3n en el archivo pdf que llega con el correo electr\u00f3nico de confirmaci\u00f3n autom\u00e1tica del pedido.","og_url":"https:\/\/www.stefaniazani.it\/es\/producto\/karma-y-vinculos-alma\/","og_site_name":"Stefania Zani","article_publisher":"https:\/\/www.facebook.com\/p\/Stefania-Zani-100087139977126\/","article_modified_time":"2025-12-12T00:09:20+00:00","og_image":[{"width":1080,"height":1080,"url":"https:\/\/www.stefaniazani.it\/wp-content\/uploads\/2025\/05\/Karma-e-legami-danima-copertina.png","type":"image\/png"}],"twitter_card":"summary_large_image","twitter_misc":{"Tiempo de lectura":"2 minutos"},"schema":{"@context":"https:\/\/schema.org","@graph":[{"@type":"WebPage","@id":"https:\/\/www.stefaniazani.it\/es\/producto\/karma-y-vinculos-alma\/","url":"https:\/\/www.stefaniazani.it\/es\/producto\/karma-y-vinculos-alma\/","name":"KARMA E LEGAMI D'ANIMA - Stefania Zani","isPartOf":{"@id":"https:\/\/www.stefaniazani.it\/#website"},"primaryImageOfPage":{"@id":"https:\/\/www.stefaniazani.it\/es\/producto\/karma-y-vinculos-alma\/#primaryimage"},"image":{"@id":"https:\/\/www.stefaniazani.it\/es\/producto\/karma-y-vinculos-alma\/#primaryimage"},"thumbnailUrl":"","datePublished":"2025-05-20T09:50:32+00:00","dateModified":"2025-12-12T00:09:20+00:00","description":"Karma e legami d'Anima: in questa lezione esploriamo le relazioni profonde che ci trasformano, ci chiamano a guarire, evolvere e completare un disegno","breadcrumb":{"@id":"https:\/\/www.stefaniazani.it\/es\/producto\/karma-y-vinculos-alma\/#breadcrumb"},"inLanguage":"es","potentialAction":[{"@type":"ReadAction","target":["https:\/\/www.stefaniazani.it\/es\/producto\/karma-y-vinculos-alma\/"]}]},{"@type":"ImageObject","inLanguage":"es","@id":"https:\/\/www.stefaniazani.it\/es\/producto\/karma-y-vinculos-alma\/#primaryimage","url":"","contentUrl":"","width":1080,"height":1080},{"@type":"BreadcrumbList","@id":"https:\/\/www.stefaniazani.it\/es\/producto\/karma-y-vinculos-alma\/#breadcrumb","itemListElement":[{"@type":"ListItem","position":1,"name":"Home","item":"https:\/\/www.stefaniazani.it\/"},{"@type":"ListItem","position":2,"name":"Shop","item":"https:\/\/www.stefaniazani.it\/negozio\/"},{"@type":"ListItem","position":3,"name":"KARMA Y LAZOS DEL ALMA"}]},{"@type":"WebSite","@id":"https:\/\/www.stefaniazani.it\/es\/#website","url":"https:\/\/www.stefaniazani.it\/es\/","name":"Stefania Zani","description":"","publisher":{"@id":"https:\/\/www.stefaniazani.it\/es\/#organization"},"potentialAction":[{"@type":"SearchAction","target":{"@type":"EntryPoint","urlTemplate":"https:\/\/www.stefaniazani.it\/es\/?s={search_term_string}"},"query-input":{"@type":"PropertyValueSpecification","valueRequired":true,"valueName":"search_term_string"}}],"inLanguage":"es"},{"@type":"Organization","@id":"https:\/\/www.stefaniazani.it\/es\/#organization","name":"Stefania Zani Srl","url":"https:\/\/www.stefaniazani.it\/es\/","logo":{"@type":"ImageObject","inLanguage":"es","@id":"https:\/\/www.stefaniazani.it\/es\/#\/schema\/logo\/image\/","url":"https:\/\/www.stefaniazani.it\/wp-content\/uploads\/2024\/03\/stefania_zani_logo_start.png","contentUrl":"https:\/\/www.stefaniazani.it\/wp-content\/uploads\/2024\/03\/stefania_zani_logo_start.png","width":250,"height":50,"caption":"Stefania Zani Srl"},"image":{"@id":"https:\/\/www.stefaniazani.it\/es\/#\/schema\/logo\/image\/"},"sameAs":["https:\/\/www.facebook.com\/p\/Stefania-Zani-100087139977126\/","https:\/\/www.instagram.com\/stefania__zani\/"]}]}},"df_price":50,"df_sale_price":"","df_regular_price":50,"df_image_link":"https:\/\/www.stefaniazani.it\/wp-content\/uploads\/woocommerce-placeholder-300x300.png","_links":{"self":[{"href":"https:\/\/www.stefaniazani.it\/es\/wp-json\/wp\/v2\/product\/17765","targetHints":{"allow":["GET"]}}],"collection":[{"href":"https:\/\/www.stefaniazani.it\/es\/wp-json\/wp\/v2\/product"}],"about":[{"href":"https:\/\/www.stefaniazani.it\/es\/wp-json\/wp\/v2\/types\/product"}],"wp:featuredmedia":[{"embeddable":true,"href":"https:\/\/www.stefaniazani.it\/es\/wp-json\/"}],"wp:attachment":[{"href":"https:\/\/www.stefaniazani.it\/es\/wp-json\/wp\/v2\/media?parent=17765"}],"wp:term":[{"taxonomy":"product_brand","embeddable":true,"href":"https:\/\/www.stefaniazani.it\/es\/wp-json\/wp\/v2\/product_brand?post=17765"},{"taxonomy":"product_cat","embeddable":true,"href":"https:\/\/www.stefaniazani.it\/es\/wp-json\/wp\/v2\/product_cat?post=17765"},{"taxonomy":"product_tag","embeddable":true,"href":"https:\/\/www.stefaniazani.it\/es\/wp-json\/wp\/v2\/product_tag?post=17765"}],"curies":[{"name":"wp","href":"https:\/\/api.w.org\/{rel}","templated":true}]}}