{"id":1727,"date":"2024-04-02T10:08:24","date_gmt":"2024-04-02T08:08:24","guid":{"rendered":"https:\/\/stefaniazani.ilfondaco.it\/?post_type=product&#038;p=1727"},"modified":"2026-05-07T14:15:48","modified_gmt":"2026-05-07T12:15:48","slug":"hom","status":"publish","type":"product","link":"https:\/\/www.stefaniazani.it\/es\/producto\/hom\/","title":{"rendered":"H\u014cM "},"content":{"rendered":"<p><em><strong>Dentro de la caja<br \/>\n<\/strong><\/em>Esencia H\u00f5m 15ml<br \/>\nPlatillo de cer\u00e1mica<br \/>\nBolsa de piedra de lava<\/p>\n<p>La bolsa que contiene la piedra de lava ha sido elaborada por las mujeres de la Asociaci\u00f3n Oncol\u00f3gica San Bassiano, una organizaci\u00f3n sin \u00e1nimo de lucro que protege y apoya a las personas que padecen c\u00e1ncer y a sus familias. Las mujeres que forman parte de ella expresan esta energ\u00eda femenina en su esencia m\u00e1s aut\u00e9ntica.<\/p>\n<p>Para el platillo, colabor\u00e9 con Mihaela Suman, una chica maravillosa que naci\u00f3 en la antigua Yugoslavia y que, tras el estallido de la guerra entre las rep\u00fablicas, tuvo que abandonar su pa\u00eds en 1993 y huir a un lugar seguro en Trentino. Ahora estudia la t\u00e9cnica de la cer\u00e1mica en Tur\u00edn.<\/p>\n<p><em><strong>Sugerencia de <\/strong><\/em><strong>uso<\/p>\n<p><\/strong>Coloca la piedra de lava dentro de la bolsa de tela en el platillo y activa el popurr\u00ed mineral con una o dos gotas de Esencia.<\/p>\n<p>Como se caracteriza principalmente por aceites esenciales puros y sin diluir, es muy intenso y te aconsejo que seas muy parco con la cantidad que utilizas.<\/p>\n<p>H\u014cM es un producto cosm\u00e9tico y tambi\u00e9n puedes utilizarlo por v\u00eda t\u00f3pica, pero \u00a1ten cuidado!<br \/>\nLos aceites esenciales pueden provocar ligeras irritaciones en la piel; te aconsejo que hagas antes una prueba de tolerancia en la piel con una cantidad muy peque\u00f1a del producto.<\/p>\n<p>Te aconsejo que lo utilices antes de una meditaci\u00f3n o de una lectura de Lo esencial, cuando sientas que necesitas desahogar tu coraz\u00f3n o simplemente para disfrutar de su aroma.<\/p>\n<p><em><strong>Composici\u00f3n<\/strong><\/em><\/p>\n<p><strong>La<\/strong> <strong>Rosa<\/strong><em><strong>de <\/strong><\/em><strong>y el Geranio<br \/>\n<\/strong>nos acompa\u00f1an hacia la compasi\u00f3n, en la conciencia del Amor que somos.<\/p>\n<p><strong>La Pimienta Rosa y la Pimienta Negra<br \/>\n<\/strong>nos invitan a despojarnos de nuestras vestiduras egoicas, para reconocernos con nuestro Yo superior.<\/p>\n<p><strong>El S\u00e1ndalo<br \/>\n<\/strong>nos une con lo Divino, en una comunicaci\u00f3n inspirada.<\/p>\n<p><strong>El Oud<br \/>\n<\/strong>acompa\u00f1a el momento de la meditaci\u00f3n, y permite una relajaci\u00f3n profunda.<\/p>\n<p><em><strong>ADVERTENCIAS:<\/p>\n<p><\/strong><\/em>S\u00d3LO PARA USO EXTERNO.<br \/>\nAPLICAR SOBRE LA PIEL INTEGRADA.<br \/>\nEVITAR EL CONTACTO CON LOS OJOS EMBARA\u00d1ADOS. NO INGERIR.<\/p>\n<p>INGREDIENTES\/INGREDIENTES: PARFUM (FRAGANCIA), TOCOFEROL, CITRONELOL, LIMONENO, GERANIOL ALCOHOL BENC\u00cdLICO, LINALOOL.<\/p>\n<p><strong>15 ML 0.51 FL. OZ.<br \/>\n<\/strong><strong>MADE IN ITALY<\/strong><\/p>\n","protected":false},"excerpt":{"rendered":"<p>La palabra H\u014cM proviene de la sincron\u00eda de hogar, casa, y Om, el mantra hind\u00fa m\u00e1s sagrado.<\/p>\n<p>El Cuerpo es el Templo del Alma, su Hogar, y es fundamental encontrar momentos de silencio interior para reconectar con Ella.<\/p>\n<p>H\u014cM nos invita a abrir nuestro Coraz\u00f3n, a escuchar, y nos permite habitar profundamente nuestra interioridad, en di\u00e1logo con lo Divino.<\/p>\n<p>Es una Esencia creada con aceites preciosos, mezclados en un equilibrio perfecto para encontrar el Camino a casa.<\/p>\n<p>H\u014cM nace con la intenci\u00f3n de acompa\u00f1arte en un viaje interior, escuchando tu Alma y a la Divinidad.<\/p>\n<p>Los gastos de env\u00edo son de 10,50 euros para Espa\u00f1a y 20 euros para Europa, El plazo de env\u00edo suele ser de 6\/8 d\u00edas laborables. <\/p>\n<p>No enviamos H\u014cM a pa\u00edses no europeos<\/p>\n<p><strong> Los gastos de env\u00edo son gratuitos para pedidos superiores a 140 \u20ac.<\/strong><\/p>\n","protected":false},"featured_media":5364,"template":"","meta":[],"product_brand":[],"product_cat":[23],"product_tag":[],"class_list":{"0":"post-1727","1":"product","2":"type-product","3":"status-publish","4":"has-post-thumbnail","6":"product_cat-essenza","8":"first","9":"instock","10":"downloadable","11":"taxable","12":"shipping-taxable","13":"purchasable","14":"product-type-simple"},"yoast_head":"<!-- This site is optimized with the Yoast SEO plugin v27.5 - https:\/\/yoast.com\/product\/yoast-seo-wordpress\/ -->\n<title>H\u014cM<\/title>\n<meta name=\"description\" content=\"La palabra H\u014cM proviene de la sincron\u00eda de hogar, casa, y Om, el mantra hind\u00fa m\u00e1s sagrado.  El Cuerpo es el Templo del Alma, su Hogar, y es fundamental encontrar momentos de silencio interior para reconectar con Ella.  H\u014cM nos invita a abrir nuestro Coraz\u00f3n, a escuchar, y nos permite habitar profundamente nuestra interioridad, en di\u00e1logo con lo Divino.  Es una Esencia creada con aceites preciosos, mezclados en un equilibrio perfecto para encontrar el Camino a casa.  H\u014cM nace con la intenci\u00f3n de acompa\u00f1arte en un viaje interior, escuchando tu Alma y a la Divinidad.  Los gastos de env\u00edo son de 10,50 euros para Espa\u00f1a y 20 euros para Europa, El plazo de env\u00edo suele ser de 6\/8 d\u00edas laborables.    No enviamos H\u014cM a pa\u00edses no europeos   Los gastos de env\u00edo son gratuitos para pedidos superiores a 140 \u20ac.\" \/>\n<meta name=\"robots\" content=\"index, follow, max-snippet:-1, max-image-preview:large, max-video-preview:-1\" \/>\n<link rel=\"canonical\" href=\"http:\/\/La%20palabra%20H\u014cM%20proviene%20de%20la%20sincron\u00eda%20de%20hogar,%20casa,%20y%20Om,%20el%20mantra%20hind\u00fa%20m\u00e1s%20sagrado.%20%20El%20Cuerpo%20es%20el%20Templo%20del%20Alma,%20su%20Hogar,%20y%20es%20fundamental%20encontrar%20momentos%20de%20silencio%20interior%20para%20reconectar%20con%20Ella.%20%20H\u014cM%20nos%20invita%20a%20abrir%20nuestro%20Coraz\u00f3n,%20a%20escuchar,%20y%20nos%20permite%20habitar%20profundamente%20nuestra%20interioridad,%20en%20di\u00e1logo%20con%20lo%20Divino.%20%20Es%20una%20Esencia%20creada%20con%20aceites%20preciosos,%20mezclados%20en%20un%20equilibrio%20perfecto%20para%20encontrar%20el%20Camino%20a%20casa.%20%20H\u014cM%20nace%20con%20la%20intenci\u00f3n%20de%20acompa\u00f1arte%20en%20un%20viaje%20interior,%20escuchando%20tu%20Alma%20y%20a%20la%20Divinidad.%20%20Los%20gastos%20de%20env\u00edo%20son%20de%2010,50%20euros%20para%20Espa\u00f1a%20y%2020%20euros%20para%20Europa,%20El%20plazo%20de%20env\u00edo%20suele%20ser%20de%206\/8%20d\u00edas%20laborables.%20%20%20%20No%20enviamos%20H\u014cM%20a%20pa\u00edses%20no%20europeos%20%20%20Los%20gastos%20de%20env\u00edo%20son%20gratuitos%20para%20pedidos%20superiores%20a%20140%20\u20ac.\" \/>\n<meta property=\"og:locale\" content=\"es_ES\" \/>\n<meta property=\"og:type\" content=\"article\" \/>\n<meta property=\"og:title\" content=\"H\u014cM\" \/>\n<meta property=\"og:description\" content=\"La palabra H\u014cM proviene de la sincron\u00eda de hogar, casa, y Om, el mantra hind\u00fa m\u00e1s sagrado.  El Cuerpo es el Templo del Alma, su Hogar, y es fundamental encontrar momentos de silencio interior para reconectar con Ella.  H\u014cM nos invita a abrir nuestro Coraz\u00f3n, a escuchar, y nos permite habitar profundamente nuestra interioridad, en di\u00e1logo con lo Divino.  Es una Esencia creada con aceites preciosos, mezclados en un equilibrio perfecto para encontrar el Camino a casa.  H\u014cM nace con la intenci\u00f3n de acompa\u00f1arte en un viaje interior, escuchando tu Alma y a la Divinidad.  Los gastos de env\u00edo son de 10,50 euros para Espa\u00f1a y 20 euros para Europa, El plazo de env\u00edo suele ser de 6\/8 d\u00edas laborables.    No enviamos H\u014cM a pa\u00edses no europeos   Los gastos de env\u00edo son gratuitos para pedidos superiores a 140 \u20ac.\" \/>\n<meta property=\"og:url\" content=\"https:\/\/www.stefaniazani.it\/es\/producto\/hom\/\" \/>\n<meta property=\"og:site_name\" content=\"Stefania Zani\" \/>\n<meta property=\"article:publisher\" content=\"https:\/\/www.facebook.com\/p\/Stefania-Zani-100087139977126\/\" \/>\n<meta property=\"article:modified_time\" content=\"2026-05-07T12:15:48+00:00\" \/>\n<meta property=\"og:image\" content=\"https:\/\/www.stefaniazani.it\/wp-content\/uploads\/2024\/04\/HOM_Foto_3-1.jpg\" \/>\n\t<meta property=\"og:image:width\" content=\"1365\" \/>\n\t<meta property=\"og:image:height\" content=\"2048\" \/>\n\t<meta property=\"og:image:type\" content=\"image\/jpeg\" \/>\n<meta name=\"twitter:card\" content=\"summary_large_image\" \/>\n<meta name=\"twitter:label1\" content=\"Tiempo de lectura\" \/>\n\t<meta name=\"twitter:data1\" content=\"2 minutos\" \/>\n<script type=\"application\/ld+json\" class=\"yoast-schema-graph\">{\"@context\":\"https:\\\/\\\/schema.org\",\"@graph\":[{\"@type\":\"WebPage\",\"@id\":\"https:\\\/\\\/www.stefaniazani.it\\\/es\\\/producto\\\/hom\\\/\",\"url\":\"https:\\\/\\\/www.stefaniazani.it\\\/es\\\/producto\\\/hom\\\/\",\"name\":\"H\u014cM - set completo - Stefania Zani\",\"isPartOf\":{\"@id\":\"https:\\\/\\\/www.stefaniazani.it\\\/#website\"},\"primaryImageOfPage\":{\"@id\":\"https:\\\/\\\/www.stefaniazani.it\\\/es\\\/producto\\\/hom\\\/#primaryimage\"},\"image\":{\"@id\":\"https:\\\/\\\/www.stefaniazani.it\\\/es\\\/producto\\\/hom\\\/#primaryimage\"},\"thumbnailUrl\":\"https:\\\/\\\/www.stefaniazani.it\\\/wp-content\\\/uploads\\\/2024\\\/04\\\/HOM_Foto_3-1.jpg\",\"datePublished\":\"2024-04-02T08:08:24+00:00\",\"dateModified\":\"2026-05-07T12:15:48+00:00\",\"description\":\"Scopri H\u014cM, l\u2019Essenza creata da Stefania Zani con preziosissimi oli, miscelati in equilibrio perfetto per ritrovare la Via di Casa.\",\"breadcrumb\":{\"@id\":\"https:\\\/\\\/www.stefaniazani.it\\\/es\\\/producto\\\/hom\\\/#breadcrumb\"},\"inLanguage\":\"es\",\"potentialAction\":[{\"@type\":\"ReadAction\",\"target\":[\"https:\\\/\\\/www.stefaniazani.it\\\/es\\\/producto\\\/hom\\\/\"]}]},{\"@type\":\"ImageObject\",\"inLanguage\":\"es\",\"@id\":\"https:\\\/\\\/www.stefaniazani.it\\\/es\\\/producto\\\/hom\\\/#primaryimage\",\"url\":\"https:\\\/\\\/www.stefaniazani.it\\\/wp-content\\\/uploads\\\/2024\\\/04\\\/HOM_Foto_3-1.jpg\",\"contentUrl\":\"https:\\\/\\\/www.stefaniazani.it\\\/wp-content\\\/uploads\\\/2024\\\/04\\\/HOM_Foto_3-1.jpg\",\"width\":1365,\"height\":2048,\"caption\":\"H\u014cM\"},{\"@type\":\"BreadcrumbList\",\"@id\":\"https:\\\/\\\/www.stefaniazani.it\\\/es\\\/producto\\\/hom\\\/#breadcrumb\",\"itemListElement\":[{\"@type\":\"ListItem\",\"position\":1,\"name\":\"Home\",\"item\":\"https:\\\/\\\/www.stefaniazani.it\\\/\"},{\"@type\":\"ListItem\",\"position\":2,\"name\":\"Shop\",\"item\":\"https:\\\/\\\/www.stefaniazani.it\\\/negozio\\\/\"},{\"@type\":\"ListItem\",\"position\":3,\"name\":\"H\u014cM\"}]},{\"@type\":\"WebSite\",\"@id\":\"https:\\\/\\\/www.stefaniazani.it\\\/es\\\/#website\",\"url\":\"https:\\\/\\\/www.stefaniazani.it\\\/es\\\/\",\"name\":\"Stefania Zani\",\"description\":\"\",\"publisher\":{\"@id\":\"https:\\\/\\\/www.stefaniazani.it\\\/es\\\/#organization\"},\"potentialAction\":[{\"@type\":\"SearchAction\",\"target\":{\"@type\":\"EntryPoint\",\"urlTemplate\":\"https:\\\/\\\/www.stefaniazani.it\\\/es\\\/?s={search_term_string}\"},\"query-input\":{\"@type\":\"PropertyValueSpecification\",\"valueRequired\":true,\"valueName\":\"search_term_string\"}}],\"inLanguage\":\"es\"},{\"@type\":\"Organization\",\"@id\":\"https:\\\/\\\/www.stefaniazani.it\\\/es\\\/#organization\",\"name\":\"Stefania Zani Srl\",\"url\":\"https:\\\/\\\/www.stefaniazani.it\\\/es\\\/\",\"logo\":{\"@type\":\"ImageObject\",\"inLanguage\":\"es\",\"@id\":\"https:\\\/\\\/www.stefaniazani.it\\\/es\\\/#\\\/schema\\\/logo\\\/image\\\/\",\"url\":\"https:\\\/\\\/www.stefaniazani.it\\\/wp-content\\\/uploads\\\/2024\\\/03\\\/stefania_zani_logo_start.png\",\"contentUrl\":\"https:\\\/\\\/www.stefaniazani.it\\\/wp-content\\\/uploads\\\/2024\\\/03\\\/stefania_zani_logo_start.png\",\"width\":250,\"height\":50,\"caption\":\"Stefania Zani Srl\"},\"image\":{\"@id\":\"https:\\\/\\\/www.stefaniazani.it\\\/es\\\/#\\\/schema\\\/logo\\\/image\\\/\"},\"sameAs\":[\"https:\\\/\\\/www.facebook.com\\\/p\\\/Stefania-Zani-100087139977126\\\/\",\"https:\\\/\\\/www.instagram.com\\\/stefania__zani\\\/\"]}]}<\/script>\n<!-- \/ Yoast SEO plugin. -->","yoast_head_json":{"title":"H\u014cM","description":"La palabra H\u014cM proviene de la sincron\u00eda de hogar, casa, y Om, el mantra hind\u00fa m\u00e1s sagrado.  El Cuerpo es el Templo del Alma, su Hogar, y es fundamental encontrar momentos de silencio interior para reconectar con Ella.  H\u014cM nos invita a abrir nuestro Coraz\u00f3n, a escuchar, y nos permite habitar profundamente nuestra interioridad, en di\u00e1logo con lo Divino.  Es una Esencia creada con aceites preciosos, mezclados en un equilibrio perfecto para encontrar el Camino a casa.  H\u014cM nace con la intenci\u00f3n de acompa\u00f1arte en un viaje interior, escuchando tu Alma y a la Divinidad.  Los gastos de env\u00edo son de 10,50 euros para Espa\u00f1a y 20 euros para Europa, El plazo de env\u00edo suele ser de 6\/8 d\u00edas laborables.    No enviamos H\u014cM a pa\u00edses no europeos   Los gastos de env\u00edo son gratuitos para pedidos superiores a 140 \u20ac.","robots":{"index":"index","follow":"follow","max-snippet":"max-snippet:-1","max-image-preview":"max-image-preview:large","max-video-preview":"max-video-preview:-1"},"canonical":"La palabra H\u014cM proviene de la sincron\u00eda de hogar, casa, y Om, el mantra hind\u00fa m\u00e1s sagrado.  El Cuerpo es el Templo del Alma, su Hogar, y es fundamental encontrar momentos de silencio interior para reconectar con Ella.  H\u014cM nos invita a abrir nuestro Coraz\u00f3n, a escuchar, y nos permite habitar profundamente nuestra interioridad, en di\u00e1logo con lo Divino.  Es una Esencia creada con aceites preciosos, mezclados en un equilibrio perfecto para encontrar el Camino a casa.  H\u014cM nace con la intenci\u00f3n de acompa\u00f1arte en un viaje interior, escuchando tu Alma y a la Divinidad.  Los gastos de env\u00edo son de 10,50 euros para Espa\u00f1a y 20 euros para Europa, El plazo de env\u00edo suele ser de 6\/8 d\u00edas laborables.    No enviamos H\u014cM a pa\u00edses no europeos   Los gastos de env\u00edo son gratuitos para pedidos superiores a 140 \u20ac.","og_locale":"es_ES","og_type":"article","og_title":"H\u014cM","og_description":"La palabra H\u014cM proviene de la sincron\u00eda de hogar, casa, y Om, el mantra hind\u00fa m\u00e1s sagrado.  El Cuerpo es el Templo del Alma, su Hogar, y es fundamental encontrar momentos de silencio interior para reconectar con Ella.  H\u014cM nos invita a abrir nuestro Coraz\u00f3n, a escuchar, y nos permite habitar profundamente nuestra interioridad, en di\u00e1logo con lo Divino.  Es una Esencia creada con aceites preciosos, mezclados en un equilibrio perfecto para encontrar el Camino a casa.  H\u014cM nace con la intenci\u00f3n de acompa\u00f1arte en un viaje interior, escuchando tu Alma y a la Divinidad.  Los gastos de env\u00edo son de 10,50 euros para Espa\u00f1a y 20 euros para Europa, El plazo de env\u00edo suele ser de 6\/8 d\u00edas laborables.    No enviamos H\u014cM a pa\u00edses no europeos   Los gastos de env\u00edo son gratuitos para pedidos superiores a 140 \u20ac.","og_url":"https:\/\/www.stefaniazani.it\/es\/producto\/hom\/","og_site_name":"Stefania Zani","article_publisher":"https:\/\/www.facebook.com\/p\/Stefania-Zani-100087139977126\/","article_modified_time":"2026-05-07T12:15:48+00:00","og_image":[{"width":1365,"height":2048,"url":"https:\/\/www.stefaniazani.it\/wp-content\/uploads\/2024\/04\/HOM_Foto_3-1.jpg","type":"image\/jpeg"}],"twitter_card":"summary_large_image","twitter_misc":{"Tiempo de lectura":"2 minutos"},"schema":{"@context":"https:\/\/schema.org","@graph":[{"@type":"WebPage","@id":"https:\/\/www.stefaniazani.it\/es\/producto\/hom\/","url":"https:\/\/www.stefaniazani.it\/es\/producto\/hom\/","name":"H\u014cM - set completo - Stefania Zani","isPartOf":{"@id":"https:\/\/www.stefaniazani.it\/#website"},"primaryImageOfPage":{"@id":"https:\/\/www.stefaniazani.it\/es\/producto\/hom\/#primaryimage"},"image":{"@id":"https:\/\/www.stefaniazani.it\/es\/producto\/hom\/#primaryimage"},"thumbnailUrl":"https:\/\/www.stefaniazani.it\/wp-content\/uploads\/2024\/04\/HOM_Foto_3-1.jpg","datePublished":"2024-04-02T08:08:24+00:00","dateModified":"2026-05-07T12:15:48+00:00","description":"Scopri H\u014cM, l\u2019Essenza creata da Stefania Zani con preziosissimi oli, miscelati in equilibrio perfetto per ritrovare la Via di Casa.","breadcrumb":{"@id":"https:\/\/www.stefaniazani.it\/es\/producto\/hom\/#breadcrumb"},"inLanguage":"es","potentialAction":[{"@type":"ReadAction","target":["https:\/\/www.stefaniazani.it\/es\/producto\/hom\/"]}]},{"@type":"ImageObject","inLanguage":"es","@id":"https:\/\/www.stefaniazani.it\/es\/producto\/hom\/#primaryimage","url":"https:\/\/www.stefaniazani.it\/wp-content\/uploads\/2024\/04\/HOM_Foto_3-1.jpg","contentUrl":"https:\/\/www.stefaniazani.it\/wp-content\/uploads\/2024\/04\/HOM_Foto_3-1.jpg","width":1365,"height":2048,"caption":"H\u014cM"},{"@type":"BreadcrumbList","@id":"https:\/\/www.stefaniazani.it\/es\/producto\/hom\/#breadcrumb","itemListElement":[{"@type":"ListItem","position":1,"name":"Home","item":"https:\/\/www.stefaniazani.it\/"},{"@type":"ListItem","position":2,"name":"Shop","item":"https:\/\/www.stefaniazani.it\/negozio\/"},{"@type":"ListItem","position":3,"name":"H\u014cM"}]},{"@type":"WebSite","@id":"https:\/\/www.stefaniazani.it\/es\/#website","url":"https:\/\/www.stefaniazani.it\/es\/","name":"Stefania Zani","description":"","publisher":{"@id":"https:\/\/www.stefaniazani.it\/es\/#organization"},"potentialAction":[{"@type":"SearchAction","target":{"@type":"EntryPoint","urlTemplate":"https:\/\/www.stefaniazani.it\/es\/?s={search_term_string}"},"query-input":{"@type":"PropertyValueSpecification","valueRequired":true,"valueName":"search_term_string"}}],"inLanguage":"es"},{"@type":"Organization","@id":"https:\/\/www.stefaniazani.it\/es\/#organization","name":"Stefania Zani Srl","url":"https:\/\/www.stefaniazani.it\/es\/","logo":{"@type":"ImageObject","inLanguage":"es","@id":"https:\/\/www.stefaniazani.it\/es\/#\/schema\/logo\/image\/","url":"https:\/\/www.stefaniazani.it\/wp-content\/uploads\/2024\/03\/stefania_zani_logo_start.png","contentUrl":"https:\/\/www.stefaniazani.it\/wp-content\/uploads\/2024\/03\/stefania_zani_logo_start.png","width":250,"height":50,"caption":"Stefania Zani Srl"},"image":{"@id":"https:\/\/www.stefaniazani.it\/es\/#\/schema\/logo\/image\/"},"sameAs":["https:\/\/www.facebook.com\/p\/Stefania-Zani-100087139977126\/","https:\/\/www.instagram.com\/stefania__zani\/"]}]}},"df_price":110,"df_sale_price":"","df_regular_price":110,"df_image_link":"https:\/\/www.stefaniazani.it\/wp-content\/uploads\/2024\/04\/HOM_Foto_3-1-200x300.jpg","_links":{"self":[{"href":"https:\/\/www.stefaniazani.it\/es\/wp-json\/wp\/v2\/product\/1727","targetHints":{"allow":["GET"]}}],"collection":[{"href":"https:\/\/www.stefaniazani.it\/es\/wp-json\/wp\/v2\/product"}],"about":[{"href":"https:\/\/www.stefaniazani.it\/es\/wp-json\/wp\/v2\/types\/product"}],"wp:featuredmedia":[{"embeddable":true,"href":"https:\/\/www.stefaniazani.it\/es\/wp-json\/wp\/v2\/media\/5364"}],"wp:attachment":[{"href":"https:\/\/www.stefaniazani.it\/es\/wp-json\/wp\/v2\/media?parent=1727"}],"wp:term":[{"taxonomy":"product_brand","embeddable":true,"href":"https:\/\/www.stefaniazani.it\/es\/wp-json\/wp\/v2\/product_brand?post=1727"},{"taxonomy":"product_cat","embeddable":true,"href":"https:\/\/www.stefaniazani.it\/es\/wp-json\/wp\/v2\/product_cat?post=1727"},{"taxonomy":"product_tag","embeddable":true,"href":"https:\/\/www.stefaniazani.it\/es\/wp-json\/wp\/v2\/product_tag?post=1727"}],"curies":[{"name":"wp","href":"https:\/\/api.w.org\/{rel}","templated":true}]}}