{"id":17104,"date":"2025-04-17T13:08:28","date_gmt":"2025-04-17T11:08:28","guid":{"rendered":"https:\/\/www.stefaniazani.it\/prodotto\/\/"},"modified":"2025-12-21T02:27:19","modified_gmt":"2025-12-21T01:27:19","slug":"astrosofia-e-destino","status":"publish","type":"product","link":"https:\/\/www.stefaniazani.it\/es\/producto\/astrosofia-y-destino\/","title":{"rendered":"ASTROSOF\u00cdA Y DESTINO"},"content":{"rendered":"<p><strong>Astrosofia e Destino: una chiacchierata sotto le stelle <\/strong><br \/>\n<strong>Lezione registrata <\/strong><\/p>\n<p>Con la partecipazione della <strong><em>Fabrizio Mariotti<\/em><\/strong><\/p>\n<p>Dopo la lezione dedicata a Nettuno e al suo imminente passaggio in Ariete, abbiamo sentito che qualcosa di pi\u00f9 voleva emergere. Che non bastava spiegare, interpretare, inquadrare. C\u2019era bisogno di ascoltare. Di lasciar parlare l\u2019Anima. E cos\u00ec, senza strutture rigide, abbiamo scelto di metterci in cerchio  e di lasciare che Fabrizio si aprisse, senza resistenze, senza limiti, per condividere con noi tutto il suo sentire.<\/p>\n<p>\u00c8 nata cos\u00ec questa \u00abChiacchierata sotto le stelle\u00bb, un incontro intimo, vibrante, che tocca temi profondi: il destino, l\u2019Astrosofia, il tempo che cambia, le domande che ci abitano quando lo sguardo si solleva e cerca nel Cielo un senso pi\u00f9 grande. Non \u00e8 una lezione, non \u00e8 un incontro intimo. \u00c8 uno spazio vivo, un dialogo che invita a riconoscere il disegno pi\u00f9 ampio di cui facciamo parte.<\/p>\n<p><strong>Chi acquista questa lezione insieme alla lezione speciale \u00abQuando il sogno diventa realt\u00e0\u00bb tenuta da Fabrizio Mariotti ricever\u00e0 uno sconto automatico del 20% nel carrello.<\/p>\n<p>Il link e la password per accedere alla lezione li trovi all&#8217;interno del file pdf che arriva insieme alla mail automatica di conferma dell&#8217;ordine.<\/strong><\/p>\n","protected":false},"excerpt":{"rendered":"<p><strong>Astrosof\u00eda y destino: una charla bajo las estrellas <\/strong><br \/>\n<strong>Conferencia grabada <\/strong><\/p>\n<p>Con la participaci\u00f3n de <strong><em>Fabrizio Mariotti<\/em><\/strong><\/p>\n<p>Tras la conferencia dedicada a Neptuno y su inminente paso a Aries, sentimos que algo m\u00e1s quer\u00eda emerger. Que no bastaba con explicar, interpretar, encuadrar. Era necesario escuchar. Dejar hablar al Alma. Y as\u00ed, sin estructuras r\u00edgidas, optamos por ponernos en c\u00edrculo y dejar que Fabrizio se abriera, sin resistencias, sin l\u00edmites, para compartir con nosotros todos sus sentimientos.<\/p>\n<p>As\u00ed naci\u00f3 este \u00d2Chat bajo las estrellas,\u00d3 un encuentro \u00edntimo y vibrante que toca temas profundos: el destino, la astrof\u00edsica, el tiempo que cambia, las preguntas que nos habitan cuando nuestra mirada se eleva y busca un sentido mayor en los cielos. No es una conferencia, no es un encuentro \u00edntimo. Es un espacio vivo, un di\u00e1logo que nos invita a reconocer el panorama mayor del que formamos parte.&lt;br&lt;<\/p>\n<p><strong>Aquellos que adquieran esta lecci\u00f3n junto con la lecci\u00f3n especial \u00abCuando el sue\u00f1o se hace realidad\u00bb de Fabrizio Mariotti recibir\u00e1n un descuento autom\u00e1tico del 20% en su cesta de la compra.<br \/>El enlace y la contrase\u00f1a para acceder a la lecci\u00f3n se encuentran dentro del archivo pdf que llega junto con el correo electr\u00f3nico de confirmaci\u00f3n autom\u00e1tica del pedido.<\/strong><\/p>\n","protected":false},"featured_media":17467,"template":"","meta":[],"product_brand":[],"product_cat":[27],"product_tag":[],"class_list":{"0":"post-17104","1":"product","2":"type-product","3":"status-publish","4":"has-post-thumbnail","6":"product_cat-lezioni","8":"first","9":"instock","10":"downloadable","11":"virtual","12":"taxable","13":"purchasable","14":"product-type-simple"},"yoast_head":"<!-- This site is optimized with the Yoast SEO plugin v27.5 - https:\/\/yoast.com\/product\/yoast-seo-wordpress\/ -->\n<title>ASTROSOF\u00cdA Y DESTINO<\/title>\n<meta name=\"description\" content=\"Astrosof\u00eda y destino: una charla bajo las estrellas  Conferencia grabada   Con la participaci\u00f3n de Fabrizio Mariotti  Tras la conferencia dedicada a Neptuno y su inminente paso a Aries, sentimos que algo m\u00e1s quer\u00eda emerger. Que no bastaba con explicar, interpretar, encuadrar. Era necesario escuchar. Dejar hablar al Alma. Y as\u00ed, sin estructuras r\u00edgidas, optamos por ponernos en c\u00edrculo y dejar que Fabrizio se abriera, sin resistencias, sin l\u00edmites, para compartir con nosotros todos sus sentimientos.  As\u00ed naci\u00f3 este \u00d2Chat bajo las estrellas,\u00d3 un encuentro \u00edntimo y vibrante que toca temas profundos: el destino, la astrof\u00edsica, el tiempo que cambia, las preguntas que nos habitan cuando nuestra mirada se eleva y busca un sentido mayor en los cielos. No es una conferencia, no es un encuentro \u00edntimo. Es un espacio vivo, un di\u00e1logo que nos invita a reconocer el panorama mayor del que formamos parte.&lt;br&lt;  Aquellos que adquieran esta lecci\u00f3n junto con la lecci\u00f3n especial &quot;Cuando el sue\u00f1o se hace realidad&quot; de Fabrizio Mariotti recibir\u00e1n un descuento autom\u00e1tico del 20% en su cesta de la compra.El enlace y la contrase\u00f1a para acceder a la lecci\u00f3n se encuentran dentro del archivo pdf que llega junto con el correo electr\u00f3nico de confirmaci\u00f3n autom\u00e1tica del pedido.\" \/>\n<meta name=\"robots\" content=\"index, follow, max-snippet:-1, max-image-preview:large, max-video-preview:-1\" \/>\n<link rel=\"canonical\" href=\"\" \/>\n<meta property=\"og:locale\" content=\"es_ES\" \/>\n<meta property=\"og:type\" content=\"article\" \/>\n<meta property=\"og:title\" content=\"ASTROSOF\u00cdA Y DESTINO\" \/>\n<meta property=\"og:description\" content=\"Astrosof\u00eda y destino: una charla bajo las estrellas  Conferencia grabada   Con la participaci\u00f3n de Fabrizio Mariotti  Tras la conferencia dedicada a Neptuno y su inminente paso a Aries, sentimos que algo m\u00e1s quer\u00eda emerger. Que no bastaba con explicar, interpretar, encuadrar. Era necesario escuchar. Dejar hablar al Alma. Y as\u00ed, sin estructuras r\u00edgidas, optamos por ponernos en c\u00edrculo y dejar que Fabrizio se abriera, sin resistencias, sin l\u00edmites, para compartir con nosotros todos sus sentimientos.  As\u00ed naci\u00f3 este \u00d2Chat bajo las estrellas,\u00d3 un encuentro \u00edntimo y vibrante que toca temas profundos: el destino, la astrof\u00edsica, el tiempo que cambia, las preguntas que nos habitan cuando nuestra mirada se eleva y busca un sentido mayor en los cielos. No es una conferencia, no es un encuentro \u00edntimo. Es un espacio vivo, un di\u00e1logo que nos invita a reconocer el panorama mayor del que formamos parte.&lt;br&lt;  Aquellos que adquieran esta lecci\u00f3n junto con la lecci\u00f3n especial &quot;Cuando el sue\u00f1o se hace realidad&quot; de Fabrizio Mariotti recibir\u00e1n un descuento autom\u00e1tico del 20% en su cesta de la compra.El enlace y la contrase\u00f1a para acceder a la lecci\u00f3n se encuentran dentro del archivo pdf que llega junto con el correo electr\u00f3nico de confirmaci\u00f3n autom\u00e1tica del pedido.\" \/>\n<meta property=\"og:url\" content=\"https:\/\/www.stefaniazani.it\/es\/producto\/astrosofia-y-destino\/\" \/>\n<meta property=\"og:site_name\" content=\"Stefania Zani\" \/>\n<meta property=\"article:publisher\" content=\"https:\/\/www.facebook.com\/p\/Stefania-Zani-100087139977126\/\" \/>\n<meta property=\"article:modified_time\" content=\"2025-12-21T01:27:19+00:00\" \/>\n<meta property=\"og:image\" content=\"https:\/\/www.stefaniazani.it\/wp-content\/uploads\/2025\/04\/Astrosofia-e-Destino.png\" \/>\n\t<meta property=\"og:image:width\" content=\"1080\" \/>\n\t<meta property=\"og:image:height\" content=\"1080\" \/>\n\t<meta property=\"og:image:type\" content=\"image\/png\" \/>\n<meta name=\"twitter:card\" content=\"summary_large_image\" \/>\n<meta name=\"twitter:label1\" content=\"Tiempo de lectura\" \/>\n\t<meta name=\"twitter:data1\" content=\"2 minutos\" \/>\n<script type=\"application\/ld+json\" class=\"yoast-schema-graph\">{\"@context\":\"https:\\\/\\\/schema.org\",\"@graph\":[{\"@type\":\"WebPage\",\"@id\":\"https:\\\/\\\/www.stefaniazani.it\\\/es\\\/producto\\\/astrosofia-y-destino\\\/\",\"url\":\"https:\\\/\\\/www.stefaniazani.it\\\/es\\\/producto\\\/astrosofia-y-destino\\\/\",\"name\":\"ASTROSOFIA E DESTINO - Stefania Zani\",\"isPartOf\":{\"@id\":\"https:\\\/\\\/www.stefaniazani.it\\\/#website\"},\"primaryImageOfPage\":{\"@id\":\"https:\\\/\\\/www.stefaniazani.it\\\/es\\\/producto\\\/astrosofia-y-destino\\\/#primaryimage\"},\"image\":{\"@id\":\"https:\\\/\\\/www.stefaniazani.it\\\/es\\\/producto\\\/astrosofia-y-destino\\\/#primaryimage\"},\"thumbnailUrl\":\"\",\"datePublished\":\"2025-04-17T11:08:28+00:00\",\"dateModified\":\"2025-12-21T01:27:19+00:00\",\"description\":\"Un incontro intimo sotto le stelle: riflessioni sul destino, Astrosofia e il fluire del tempo in una conversazione che illumina l\u2019Anima.\",\"breadcrumb\":{\"@id\":\"https:\\\/\\\/www.stefaniazani.it\\\/es\\\/producto\\\/astrosofia-y-destino\\\/#breadcrumb\"},\"inLanguage\":\"es\",\"potentialAction\":[{\"@type\":\"ReadAction\",\"target\":[\"https:\\\/\\\/www.stefaniazani.it\\\/es\\\/producto\\\/astrosofia-y-destino\\\/\"]}]},{\"@type\":\"ImageObject\",\"inLanguage\":\"es\",\"@id\":\"https:\\\/\\\/www.stefaniazani.it\\\/es\\\/producto\\\/astrosofia-y-destino\\\/#primaryimage\",\"url\":\"\",\"contentUrl\":\"\",\"width\":1080,\"height\":1080},{\"@type\":\"BreadcrumbList\",\"@id\":\"https:\\\/\\\/www.stefaniazani.it\\\/es\\\/producto\\\/astrosofia-y-destino\\\/#breadcrumb\",\"itemListElement\":[{\"@type\":\"ListItem\",\"position\":1,\"name\":\"Home\",\"item\":\"https:\\\/\\\/www.stefaniazani.it\\\/\"},{\"@type\":\"ListItem\",\"position\":2,\"name\":\"Shop\",\"item\":\"https:\\\/\\\/www.stefaniazani.it\\\/negozio\\\/\"},{\"@type\":\"ListItem\",\"position\":3,\"name\":\"ASTROSOF\u00cdA Y DESTINO\"}]},{\"@type\":\"WebSite\",\"@id\":\"https:\\\/\\\/www.stefaniazani.it\\\/es\\\/#website\",\"url\":\"https:\\\/\\\/www.stefaniazani.it\\\/es\\\/\",\"name\":\"Stefania Zani\",\"description\":\"\",\"publisher\":{\"@id\":\"https:\\\/\\\/www.stefaniazani.it\\\/es\\\/#organization\"},\"potentialAction\":[{\"@type\":\"SearchAction\",\"target\":{\"@type\":\"EntryPoint\",\"urlTemplate\":\"https:\\\/\\\/www.stefaniazani.it\\\/es\\\/?s={search_term_string}\"},\"query-input\":{\"@type\":\"PropertyValueSpecification\",\"valueRequired\":true,\"valueName\":\"search_term_string\"}}],\"inLanguage\":\"es\"},{\"@type\":\"Organization\",\"@id\":\"https:\\\/\\\/www.stefaniazani.it\\\/es\\\/#organization\",\"name\":\"Stefania Zani Srl\",\"url\":\"https:\\\/\\\/www.stefaniazani.it\\\/es\\\/\",\"logo\":{\"@type\":\"ImageObject\",\"inLanguage\":\"es\",\"@id\":\"https:\\\/\\\/www.stefaniazani.it\\\/es\\\/#\\\/schema\\\/logo\\\/image\\\/\",\"url\":\"https:\\\/\\\/www.stefaniazani.it\\\/wp-content\\\/uploads\\\/2024\\\/03\\\/stefania_zani_logo_start.png\",\"contentUrl\":\"https:\\\/\\\/www.stefaniazani.it\\\/wp-content\\\/uploads\\\/2024\\\/03\\\/stefania_zani_logo_start.png\",\"width\":250,\"height\":50,\"caption\":\"Stefania Zani Srl\"},\"image\":{\"@id\":\"https:\\\/\\\/www.stefaniazani.it\\\/es\\\/#\\\/schema\\\/logo\\\/image\\\/\"},\"sameAs\":[\"https:\\\/\\\/www.facebook.com\\\/p\\\/Stefania-Zani-100087139977126\\\/\",\"https:\\\/\\\/www.instagram.com\\\/stefania__zani\\\/\"]}]}<\/script>\n<!-- \/ Yoast SEO plugin. -->","yoast_head_json":{"title":"ASTROSOF\u00cdA Y DESTINO","description":"Astrosof\u00eda y destino: una charla bajo las estrellas  Conferencia grabada   Con la participaci\u00f3n de Fabrizio Mariotti  Tras la conferencia dedicada a Neptuno y su inminente paso a Aries, sentimos que algo m\u00e1s quer\u00eda emerger. Que no bastaba con explicar, interpretar, encuadrar. Era necesario escuchar. Dejar hablar al Alma. Y as\u00ed, sin estructuras r\u00edgidas, optamos por ponernos en c\u00edrculo y dejar que Fabrizio se abriera, sin resistencias, sin l\u00edmites, para compartir con nosotros todos sus sentimientos.  As\u00ed naci\u00f3 este \u00d2Chat bajo las estrellas,\u00d3 un encuentro \u00edntimo y vibrante que toca temas profundos: el destino, la astrof\u00edsica, el tiempo que cambia, las preguntas que nos habitan cuando nuestra mirada se eleva y busca un sentido mayor en los cielos. No es una conferencia, no es un encuentro \u00edntimo. Es un espacio vivo, un di\u00e1logo que nos invita a reconocer el panorama mayor del que formamos parte.&lt;br&lt;  Aquellos que adquieran esta lecci\u00f3n junto con la lecci\u00f3n especial \"Cuando el sue\u00f1o se hace realidad\" de Fabrizio Mariotti recibir\u00e1n un descuento autom\u00e1tico del 20% en su cesta de la compra.El enlace y la contrase\u00f1a para acceder a la lecci\u00f3n se encuentran dentro del archivo pdf que llega junto con el correo electr\u00f3nico de confirmaci\u00f3n autom\u00e1tica del pedido.","robots":{"index":"index","follow":"follow","max-snippet":"max-snippet:-1","max-image-preview":"max-image-preview:large","max-video-preview":"max-video-preview:-1"},"canonical":"Astrosof\u00eda y destino: una charla bajo las estrellas  Conferencia grabada   Con la participaci\u00f3n de Fabrizio Mariotti  Tras la conferencia dedicada a Neptuno y su inminente paso a Aries, sentimos que algo m\u00e1s quer\u00eda emerger. Que no bastaba con explicar, interpretar, encuadrar. Era necesario escuchar. Dejar hablar al Alma. Y as\u00ed, sin estructuras r\u00edgidas, optamos por ponernos en c\u00edrculo y dejar que Fabrizio se abriera, sin resistencias, sin l\u00edmites, para compartir con nosotros todos sus sentimientos.  As\u00ed naci\u00f3 este \u00d2Chat bajo las estrellas,\u00d3 un encuentro \u00edntimo y vibrante que toca temas profundos: el destino, la astrof\u00edsica, el tiempo que cambia, las preguntas que nos habitan cuando nuestra mirada se eleva y busca un sentido mayor en los cielos. No es una conferencia, no es un encuentro \u00edntimo. Es un espacio vivo, un di\u00e1logo que nos invita a reconocer el panorama mayor del que formamos parte.&lt;br&lt;  Aquellos que adquieran esta lecci\u00f3n junto con la lecci\u00f3n especial \"Cuando el sue\u00f1o se hace realidad\" de Fabrizio Mariotti recibir\u00e1n un descuento autom\u00e1tico del 20% en su cesta de la compra.El enlace y la contrase\u00f1a para acceder a la lecci\u00f3n se encuentran dentro del archivo pdf que llega junto con el correo electr\u00f3nico de confirmaci\u00f3n autom\u00e1tica del pedido.","og_locale":"es_ES","og_type":"article","og_title":"ASTROSOF\u00cdA Y DESTINO","og_description":"Astrosof\u00eda y destino: una charla bajo las estrellas  Conferencia grabada   Con la participaci\u00f3n de Fabrizio Mariotti  Tras la conferencia dedicada a Neptuno y su inminente paso a Aries, sentimos que algo m\u00e1s quer\u00eda emerger. Que no bastaba con explicar, interpretar, encuadrar. Era necesario escuchar. Dejar hablar al Alma. Y as\u00ed, sin estructuras r\u00edgidas, optamos por ponernos en c\u00edrculo y dejar que Fabrizio se abriera, sin resistencias, sin l\u00edmites, para compartir con nosotros todos sus sentimientos.  As\u00ed naci\u00f3 este \u00d2Chat bajo las estrellas,\u00d3 un encuentro \u00edntimo y vibrante que toca temas profundos: el destino, la astrof\u00edsica, el tiempo que cambia, las preguntas que nos habitan cuando nuestra mirada se eleva y busca un sentido mayor en los cielos. No es una conferencia, no es un encuentro \u00edntimo. Es un espacio vivo, un di\u00e1logo que nos invita a reconocer el panorama mayor del que formamos parte.&lt;br&lt;  Aquellos que adquieran esta lecci\u00f3n junto con la lecci\u00f3n especial \"Cuando el sue\u00f1o se hace realidad\" de Fabrizio Mariotti recibir\u00e1n un descuento autom\u00e1tico del 20% en su cesta de la compra.El enlace y la contrase\u00f1a para acceder a la lecci\u00f3n se encuentran dentro del archivo pdf que llega junto con el correo electr\u00f3nico de confirmaci\u00f3n autom\u00e1tica del pedido.","og_url":"https:\/\/www.stefaniazani.it\/es\/producto\/astrosofia-y-destino\/","og_site_name":"Stefania Zani","article_publisher":"https:\/\/www.facebook.com\/p\/Stefania-Zani-100087139977126\/","article_modified_time":"2025-12-21T01:27:19+00:00","og_image":[{"width":1080,"height":1080,"url":"https:\/\/www.stefaniazani.it\/wp-content\/uploads\/2025\/04\/Astrosofia-e-Destino.png","type":"image\/png"}],"twitter_card":"summary_large_image","twitter_misc":{"Tiempo de lectura":"2 minutos"},"schema":{"@context":"https:\/\/schema.org","@graph":[{"@type":"WebPage","@id":"https:\/\/www.stefaniazani.it\/es\/producto\/astrosofia-y-destino\/","url":"https:\/\/www.stefaniazani.it\/es\/producto\/astrosofia-y-destino\/","name":"ASTROSOFIA E DESTINO - Stefania Zani","isPartOf":{"@id":"https:\/\/www.stefaniazani.it\/#website"},"primaryImageOfPage":{"@id":"https:\/\/www.stefaniazani.it\/es\/producto\/astrosofia-y-destino\/#primaryimage"},"image":{"@id":"https:\/\/www.stefaniazani.it\/es\/producto\/astrosofia-y-destino\/#primaryimage"},"thumbnailUrl":"","datePublished":"2025-04-17T11:08:28+00:00","dateModified":"2025-12-21T01:27:19+00:00","description":"Un incontro intimo sotto le stelle: riflessioni sul destino, Astrosofia e il fluire del tempo in una conversazione che illumina l\u2019Anima.","breadcrumb":{"@id":"https:\/\/www.stefaniazani.it\/es\/producto\/astrosofia-y-destino\/#breadcrumb"},"inLanguage":"es","potentialAction":[{"@type":"ReadAction","target":["https:\/\/www.stefaniazani.it\/es\/producto\/astrosofia-y-destino\/"]}]},{"@type":"ImageObject","inLanguage":"es","@id":"https:\/\/www.stefaniazani.it\/es\/producto\/astrosofia-y-destino\/#primaryimage","url":"","contentUrl":"","width":1080,"height":1080},{"@type":"BreadcrumbList","@id":"https:\/\/www.stefaniazani.it\/es\/producto\/astrosofia-y-destino\/#breadcrumb","itemListElement":[{"@type":"ListItem","position":1,"name":"Home","item":"https:\/\/www.stefaniazani.it\/"},{"@type":"ListItem","position":2,"name":"Shop","item":"https:\/\/www.stefaniazani.it\/negozio\/"},{"@type":"ListItem","position":3,"name":"ASTROSOF\u00cdA Y DESTINO"}]},{"@type":"WebSite","@id":"https:\/\/www.stefaniazani.it\/es\/#website","url":"https:\/\/www.stefaniazani.it\/es\/","name":"Stefania Zani","description":"","publisher":{"@id":"https:\/\/www.stefaniazani.it\/es\/#organization"},"potentialAction":[{"@type":"SearchAction","target":{"@type":"EntryPoint","urlTemplate":"https:\/\/www.stefaniazani.it\/es\/?s={search_term_string}"},"query-input":{"@type":"PropertyValueSpecification","valueRequired":true,"valueName":"search_term_string"}}],"inLanguage":"es"},{"@type":"Organization","@id":"https:\/\/www.stefaniazani.it\/es\/#organization","name":"Stefania Zani Srl","url":"https:\/\/www.stefaniazani.it\/es\/","logo":{"@type":"ImageObject","inLanguage":"es","@id":"https:\/\/www.stefaniazani.it\/es\/#\/schema\/logo\/image\/","url":"https:\/\/www.stefaniazani.it\/wp-content\/uploads\/2024\/03\/stefania_zani_logo_start.png","contentUrl":"https:\/\/www.stefaniazani.it\/wp-content\/uploads\/2024\/03\/stefania_zani_logo_start.png","width":250,"height":50,"caption":"Stefania Zani Srl"},"image":{"@id":"https:\/\/www.stefaniazani.it\/es\/#\/schema\/logo\/image\/"},"sameAs":["https:\/\/www.facebook.com\/p\/Stefania-Zani-100087139977126\/","https:\/\/www.instagram.com\/stefania__zani\/"]}]}},"df_price":50,"df_sale_price":"","df_regular_price":50,"df_image_link":"https:\/\/www.stefaniazani.it\/wp-content\/uploads\/woocommerce-placeholder-300x300.png","_links":{"self":[{"href":"https:\/\/www.stefaniazani.it\/es\/wp-json\/wp\/v2\/product\/17104","targetHints":{"allow":["GET"]}}],"collection":[{"href":"https:\/\/www.stefaniazani.it\/es\/wp-json\/wp\/v2\/product"}],"about":[{"href":"https:\/\/www.stefaniazani.it\/es\/wp-json\/wp\/v2\/types\/product"}],"wp:featuredmedia":[{"embeddable":true,"href":"https:\/\/www.stefaniazani.it\/es\/wp-json\/"}],"wp:attachment":[{"href":"https:\/\/www.stefaniazani.it\/es\/wp-json\/wp\/v2\/media?parent=17104"}],"wp:term":[{"taxonomy":"product_brand","embeddable":true,"href":"https:\/\/www.stefaniazani.it\/es\/wp-json\/wp\/v2\/product_brand?post=17104"},{"taxonomy":"product_cat","embeddable":true,"href":"https:\/\/www.stefaniazani.it\/es\/wp-json\/wp\/v2\/product_cat?post=17104"},{"taxonomy":"product_tag","embeddable":true,"href":"https:\/\/www.stefaniazani.it\/es\/wp-json\/wp\/v2\/product_tag?post=17104"}],"curies":[{"name":"wp","href":"https:\/\/api.w.org\/{rel}","templated":true}]}}