{"id":1699,"date":"2024-03-29T17:16:00","date_gmt":"2024-03-29T16:16:00","guid":{"rendered":"https:\/\/stefaniazani.ilfondaco.it\/?post_type=product&#038;p=1699"},"modified":"2025-12-26T02:08:50","modified_gmt":"2025-12-26T01:08:50","slug":"video-corso-online","status":"publish","type":"product","link":"https:\/\/www.stefaniazani.it\/es\/producto\/video-curso-online\/","title":{"rendered":"Video Curso online"},"content":{"rendered":"<p>Duraci\u00f3n 70 minutos<\/p>\n<p>Videocurso en el que explico el significado esot\u00e9rico de cada carta, ense\u00f1o a hacer preguntas correctamente y conozco los diferentes tipos de tiradas.<\/p>\n","protected":false},"excerpt":{"rendered":"<p data-start=\\\"59\\\" data-end=\\\"137\\\"><span style=\\\"color: #333333;\\\"><strong data-start=\\\"59\\\" data-end=\\\"137\\\">Este producto forma parte del proyecto solidario <a style=\\\"color: #333333;\\\" href=\\\"https:\/\/www.accademiaessenziale.it\/le-essenziali-con-pangea\\\" target=\\\"_blank\\\" rel=\\\"noopener\\\"><em data-start=\\\"108\\\" data-end=\\\"134\\\"><span style=\\\"color: #e2007b;\\\">Lo esencial con Pangea<\/span><\/em><\/a>.<\/strong><\/span><\/p>\n<p data-start=\\\"139\\\" data-end=\\\"266\\\"><span style=\\\"color: #333333;\\\"> <strong data-start=\\\"142\\\" data-end=\\\"162\\\">El 10% de los beneficios<\/strong> se donar\u00e1 para apoyar a <strong>las mujeres necesitadas<\/strong> y a <strong data-start=\\\"210\\\" data-end=\\\"250\\\">las ni\u00f1as sordas de las escuelas de Pangea en<\/strong> Afganist\u00e1n.<\/span><\/p>\n<p data-start=\\\"268\\\" data-end=\\\"519\\\"><span style=\\\"color: #333333;\\\"><\/p>\n<p>Duraci\u00f3n 70 \u20442&#8242; <\/p>\n<p>Videocurso, en el que te explico el significado esot\u00e9rico de cada carta, te ense\u00f1o a hacer las preguntas correctamente y a conocer diferentes tipos de tiradas.<\/p>\n","protected":false},"featured_media":1996,"template":"","meta":[],"product_brand":[],"product_cat":[46],"product_tag":[],"class_list":{"0":"post-1699","1":"product","2":"type-product","3":"status-publish","4":"has-post-thumbnail","6":"product_cat-video-corsi","8":"first","9":"instock","10":"downloadable","11":"virtual","12":"taxable","13":"purchasable","14":"product-type-simple"},"yoast_head":"<!-- This site is optimized with the Yoast SEO plugin v27.5 - https:\/\/yoast.com\/product\/yoast-seo-wordpress\/ -->\n<title>Video Curso online<\/title>\n<meta name=\"description\" content=\"Este producto forma parte del proyecto solidario Lo esencial con Pangea.  El 10% de los beneficios se donar\u00e1 para apoyar a las mujeres necesitadas y a las ni\u00f1as sordas de las escuelas de Pangea en Afganist\u00e1n.    Duraci\u00f3n 70 \u20442&#039;   Videocurso, en el que te explico el significado esot\u00e9rico de cada carta, te ense\u00f1o a hacer las preguntas correctamente y a conocer diferentes tipos de tiradas.\" \/>\n<meta name=\"robots\" content=\"index, follow, max-snippet:-1, max-image-preview:large, max-video-preview:-1\" \/>\n<link rel=\"canonical\" href=\"http:\/\/Este%20producto%20forma%20parte%20del%20proyecto%20solidario%20Lo%20esencial%20con%20Pangea.%20%20El%2010%%20de%20los%20beneficios%20se%20donar\u00e1%20para%20apoyar%20a%20las%20mujeres%20necesitadas%20y%20a%20las%20ni\u00f1as%20sordas%20de%20las%20escuelas%20de%20Pangea%20en%20Afganist\u00e1n.%20%20%20%20Duraci\u00f3n%2070%20\u20442'%20%20%20Videocurso,%20en%20el%20que%20te%20explico%20el%20significado%20esot\u00e9rico%20de%20cada%20carta,%20te%20ense\u00f1o%20a%20hacer%20las%20preguntas%20correctamente%20y%20a%20conocer%20diferentes%20tipos%20de%20tiradas.\" \/>\n<meta property=\"og:locale\" content=\"es_ES\" \/>\n<meta property=\"og:type\" content=\"article\" \/>\n<meta property=\"og:title\" content=\"Video Curso online\" \/>\n<meta property=\"og:description\" content=\"Este producto forma parte del proyecto solidario Lo esencial con Pangea.  El 10% de los beneficios se donar\u00e1 para apoyar a las mujeres necesitadas y a las ni\u00f1as sordas de las escuelas de Pangea en Afganist\u00e1n.    Duraci\u00f3n 70 \u20442&#039;   Videocurso, en el que te explico el significado esot\u00e9rico de cada carta, te ense\u00f1o a hacer las preguntas correctamente y a conocer diferentes tipos de tiradas.\" \/>\n<meta property=\"og:url\" content=\"https:\/\/www.stefaniazani.it\/es\/producto\/video-curso-online\/\" \/>\n<meta property=\"og:site_name\" content=\"Stefania Zani\" \/>\n<meta property=\"article:publisher\" content=\"https:\/\/www.facebook.com\/p\/Stefania-Zani-100087139977126\/\" \/>\n<meta property=\"article:modified_time\" content=\"2025-12-26T01:08:50+00:00\" \/>\n<meta property=\"og:image\" content=\"https:\/\/www.stefaniazani.it\/wp-content\/uploads\/2024\/04\/corso_essenziali.png\" \/>\n\t<meta property=\"og:image:width\" content=\"800\" \/>\n\t<meta property=\"og:image:height\" content=\"1198\" \/>\n\t<meta property=\"og:image:type\" content=\"image\/png\" \/>\n<meta name=\"twitter:card\" content=\"summary_large_image\" \/>\n<meta name=\"twitter:label1\" content=\"Tiempo de lectura\" \/>\n\t<meta name=\"twitter:data1\" content=\"1 minuto\" \/>\n<script type=\"application\/ld+json\" class=\"yoast-schema-graph\">{\"@context\":\"https:\\\/\\\/schema.org\",\"@graph\":[{\"@type\":\"WebPage\",\"@id\":\"https:\\\/\\\/www.stefaniazani.it\\\/es\\\/producto\\\/video-curso-online\\\/\",\"url\":\"https:\\\/\\\/www.stefaniazani.it\\\/es\\\/producto\\\/video-curso-online\\\/\",\"name\":\"VIDEO CORSO ONLINE - Stefania Zani\",\"isPartOf\":{\"@id\":\"https:\\\/\\\/www.stefaniazani.it\\\/#website\"},\"primaryImageOfPage\":{\"@id\":\"https:\\\/\\\/www.stefaniazani.it\\\/es\\\/producto\\\/video-curso-online\\\/#primaryimage\"},\"image\":{\"@id\":\"https:\\\/\\\/www.stefaniazani.it\\\/es\\\/producto\\\/video-curso-online\\\/#primaryimage\"},\"thumbnailUrl\":\"https:\\\/\\\/www.stefaniazani.it\\\/wp-content\\\/uploads\\\/2024\\\/04\\\/corso_essenziali.png\",\"datePublished\":\"2024-03-29T16:16:00+00:00\",\"dateModified\":\"2025-12-26T01:08:50+00:00\",\"breadcrumb\":{\"@id\":\"https:\\\/\\\/www.stefaniazani.it\\\/es\\\/producto\\\/video-curso-online\\\/#breadcrumb\"},\"inLanguage\":\"es\",\"potentialAction\":[{\"@type\":\"ReadAction\",\"target\":[\"https:\\\/\\\/www.stefaniazani.it\\\/es\\\/producto\\\/video-curso-online\\\/\"]}]},{\"@type\":\"ImageObject\",\"inLanguage\":\"es\",\"@id\":\"https:\\\/\\\/www.stefaniazani.it\\\/es\\\/producto\\\/video-curso-online\\\/#primaryimage\",\"url\":\"https:\\\/\\\/www.stefaniazani.it\\\/wp-content\\\/uploads\\\/2024\\\/04\\\/corso_essenziali.png\",\"contentUrl\":\"https:\\\/\\\/www.stefaniazani.it\\\/wp-content\\\/uploads\\\/2024\\\/04\\\/corso_essenziali.png\",\"width\":800,\"height\":1198,\"caption\":\"corso_essenziali\"},{\"@type\":\"BreadcrumbList\",\"@id\":\"https:\\\/\\\/www.stefaniazani.it\\\/es\\\/producto\\\/video-curso-online\\\/#breadcrumb\",\"itemListElement\":[{\"@type\":\"ListItem\",\"position\":1,\"name\":\"Home\",\"item\":\"https:\\\/\\\/www.stefaniazani.it\\\/\"},{\"@type\":\"ListItem\",\"position\":2,\"name\":\"Shop\",\"item\":\"https:\\\/\\\/www.stefaniazani.it\\\/negozio\\\/\"},{\"@type\":\"ListItem\",\"position\":3,\"name\":\"Video Curso online\"}]},{\"@type\":\"WebSite\",\"@id\":\"https:\\\/\\\/www.stefaniazani.it\\\/es\\\/#website\",\"url\":\"https:\\\/\\\/www.stefaniazani.it\\\/es\\\/\",\"name\":\"Stefania Zani\",\"description\":\"\",\"publisher\":{\"@id\":\"https:\\\/\\\/www.stefaniazani.it\\\/es\\\/#organization\"},\"potentialAction\":[{\"@type\":\"SearchAction\",\"target\":{\"@type\":\"EntryPoint\",\"urlTemplate\":\"https:\\\/\\\/www.stefaniazani.it\\\/es\\\/?s={search_term_string}\"},\"query-input\":{\"@type\":\"PropertyValueSpecification\",\"valueRequired\":true,\"valueName\":\"search_term_string\"}}],\"inLanguage\":\"es\"},{\"@type\":\"Organization\",\"@id\":\"https:\\\/\\\/www.stefaniazani.it\\\/es\\\/#organization\",\"name\":\"Stefania Zani Srl\",\"url\":\"https:\\\/\\\/www.stefaniazani.it\\\/es\\\/\",\"logo\":{\"@type\":\"ImageObject\",\"inLanguage\":\"es\",\"@id\":\"https:\\\/\\\/www.stefaniazani.it\\\/es\\\/#\\\/schema\\\/logo\\\/image\\\/\",\"url\":\"https:\\\/\\\/www.stefaniazani.it\\\/wp-content\\\/uploads\\\/2024\\\/03\\\/stefania_zani_logo_start.png\",\"contentUrl\":\"https:\\\/\\\/www.stefaniazani.it\\\/wp-content\\\/uploads\\\/2024\\\/03\\\/stefania_zani_logo_start.png\",\"width\":250,\"height\":50,\"caption\":\"Stefania Zani Srl\"},\"image\":{\"@id\":\"https:\\\/\\\/www.stefaniazani.it\\\/es\\\/#\\\/schema\\\/logo\\\/image\\\/\"},\"sameAs\":[\"https:\\\/\\\/www.facebook.com\\\/p\\\/Stefania-Zani-100087139977126\\\/\",\"https:\\\/\\\/www.instagram.com\\\/stefania__zani\\\/\"]}]}<\/script>\n<!-- \/ Yoast SEO plugin. -->","yoast_head_json":{"title":"Video Curso online","description":"Este producto forma parte del proyecto solidario Lo esencial con Pangea.  El 10% de los beneficios se donar\u00e1 para apoyar a las mujeres necesitadas y a las ni\u00f1as sordas de las escuelas de Pangea en Afganist\u00e1n.    Duraci\u00f3n 70 \u20442'   Videocurso, en el que te explico el significado esot\u00e9rico de cada carta, te ense\u00f1o a hacer las preguntas correctamente y a conocer diferentes tipos de tiradas.","robots":{"index":"index","follow":"follow","max-snippet":"max-snippet:-1","max-image-preview":"max-image-preview:large","max-video-preview":"max-video-preview:-1"},"canonical":"Este producto forma parte del proyecto solidario Lo esencial con Pangea.  El 10% de los beneficios se donar\u00e1 para apoyar a las mujeres necesitadas y a las ni\u00f1as sordas de las escuelas de Pangea en Afganist\u00e1n.    Duraci\u00f3n 70 \u20442'   Videocurso, en el que te explico el significado esot\u00e9rico de cada carta, te ense\u00f1o a hacer las preguntas correctamente y a conocer diferentes tipos de tiradas.","og_locale":"es_ES","og_type":"article","og_title":"Video Curso online","og_description":"Este producto forma parte del proyecto solidario Lo esencial con Pangea.  El 10% de los beneficios se donar\u00e1 para apoyar a las mujeres necesitadas y a las ni\u00f1as sordas de las escuelas de Pangea en Afganist\u00e1n.    Duraci\u00f3n 70 \u20442'   Videocurso, en el que te explico el significado esot\u00e9rico de cada carta, te ense\u00f1o a hacer las preguntas correctamente y a conocer diferentes tipos de tiradas.","og_url":"https:\/\/www.stefaniazani.it\/es\/producto\/video-curso-online\/","og_site_name":"Stefania Zani","article_publisher":"https:\/\/www.facebook.com\/p\/Stefania-Zani-100087139977126\/","article_modified_time":"2025-12-26T01:08:50+00:00","og_image":[{"width":800,"height":1198,"url":"https:\/\/www.stefaniazani.it\/wp-content\/uploads\/2024\/04\/corso_essenziali.png","type":"image\/png"}],"twitter_card":"summary_large_image","twitter_misc":{"Tiempo de lectura":"1 minuto"},"schema":{"@context":"https:\/\/schema.org","@graph":[{"@type":"WebPage","@id":"https:\/\/www.stefaniazani.it\/es\/producto\/video-curso-online\/","url":"https:\/\/www.stefaniazani.it\/es\/producto\/video-curso-online\/","name":"VIDEO CORSO ONLINE - Stefania Zani","isPartOf":{"@id":"https:\/\/www.stefaniazani.it\/#website"},"primaryImageOfPage":{"@id":"https:\/\/www.stefaniazani.it\/es\/producto\/video-curso-online\/#primaryimage"},"image":{"@id":"https:\/\/www.stefaniazani.it\/es\/producto\/video-curso-online\/#primaryimage"},"thumbnailUrl":"https:\/\/www.stefaniazani.it\/wp-content\/uploads\/2024\/04\/corso_essenziali.png","datePublished":"2024-03-29T16:16:00+00:00","dateModified":"2025-12-26T01:08:50+00:00","breadcrumb":{"@id":"https:\/\/www.stefaniazani.it\/es\/producto\/video-curso-online\/#breadcrumb"},"inLanguage":"es","potentialAction":[{"@type":"ReadAction","target":["https:\/\/www.stefaniazani.it\/es\/producto\/video-curso-online\/"]}]},{"@type":"ImageObject","inLanguage":"es","@id":"https:\/\/www.stefaniazani.it\/es\/producto\/video-curso-online\/#primaryimage","url":"https:\/\/www.stefaniazani.it\/wp-content\/uploads\/2024\/04\/corso_essenziali.png","contentUrl":"https:\/\/www.stefaniazani.it\/wp-content\/uploads\/2024\/04\/corso_essenziali.png","width":800,"height":1198,"caption":"corso_essenziali"},{"@type":"BreadcrumbList","@id":"https:\/\/www.stefaniazani.it\/es\/producto\/video-curso-online\/#breadcrumb","itemListElement":[{"@type":"ListItem","position":1,"name":"Home","item":"https:\/\/www.stefaniazani.it\/"},{"@type":"ListItem","position":2,"name":"Shop","item":"https:\/\/www.stefaniazani.it\/negozio\/"},{"@type":"ListItem","position":3,"name":"Video Curso online"}]},{"@type":"WebSite","@id":"https:\/\/www.stefaniazani.it\/es\/#website","url":"https:\/\/www.stefaniazani.it\/es\/","name":"Stefania Zani","description":"","publisher":{"@id":"https:\/\/www.stefaniazani.it\/es\/#organization"},"potentialAction":[{"@type":"SearchAction","target":{"@type":"EntryPoint","urlTemplate":"https:\/\/www.stefaniazani.it\/es\/?s={search_term_string}"},"query-input":{"@type":"PropertyValueSpecification","valueRequired":true,"valueName":"search_term_string"}}],"inLanguage":"es"},{"@type":"Organization","@id":"https:\/\/www.stefaniazani.it\/es\/#organization","name":"Stefania Zani Srl","url":"https:\/\/www.stefaniazani.it\/es\/","logo":{"@type":"ImageObject","inLanguage":"es","@id":"https:\/\/www.stefaniazani.it\/es\/#\/schema\/logo\/image\/","url":"https:\/\/www.stefaniazani.it\/wp-content\/uploads\/2024\/03\/stefania_zani_logo_start.png","contentUrl":"https:\/\/www.stefaniazani.it\/wp-content\/uploads\/2024\/03\/stefania_zani_logo_start.png","width":250,"height":50,"caption":"Stefania Zani Srl"},"image":{"@id":"https:\/\/www.stefaniazani.it\/es\/#\/schema\/logo\/image\/"},"sameAs":["https:\/\/www.facebook.com\/p\/Stefania-Zani-100087139977126\/","https:\/\/www.instagram.com\/stefania__zani\/"]}]}},"df_price":60,"df_sale_price":"","df_regular_price":60,"df_image_link":"https:\/\/www.stefaniazani.it\/wp-content\/uploads\/2024\/04\/corso_essenziali-200x300.png","_links":{"self":[{"href":"https:\/\/www.stefaniazani.it\/es\/wp-json\/wp\/v2\/product\/1699","targetHints":{"allow":["GET"]}}],"collection":[{"href":"https:\/\/www.stefaniazani.it\/es\/wp-json\/wp\/v2\/product"}],"about":[{"href":"https:\/\/www.stefaniazani.it\/es\/wp-json\/wp\/v2\/types\/product"}],"wp:featuredmedia":[{"embeddable":true,"href":"https:\/\/www.stefaniazani.it\/es\/wp-json\/wp\/v2\/media\/1996"}],"wp:attachment":[{"href":"https:\/\/www.stefaniazani.it\/es\/wp-json\/wp\/v2\/media?parent=1699"}],"wp:term":[{"taxonomy":"product_brand","embeddable":true,"href":"https:\/\/www.stefaniazani.it\/es\/wp-json\/wp\/v2\/product_brand?post=1699"},{"taxonomy":"product_cat","embeddable":true,"href":"https:\/\/www.stefaniazani.it\/es\/wp-json\/wp\/v2\/product_cat?post=1699"},{"taxonomy":"product_tag","embeddable":true,"href":"https:\/\/www.stefaniazani.it\/es\/wp-json\/wp\/v2\/product_tag?post=1699"}],"curies":[{"name":"wp","href":"https:\/\/api.w.org\/{rel}","templated":true}]}}