{"id":16360,"date":"2025-04-01T17:01:45","date_gmt":"2025-04-01T15:01:45","guid":{"rendered":"https:\/\/www.stefaniazani.it\/prodotto\/\/"},"modified":"2025-12-26T02:08:14","modified_gmt":"2025-12-26T01:08:14","slug":"le-essenziali-come-strumento-evolutivo-lezione-online","status":"publish","type":"product","link":"https:\/\/www.stefaniazani.it\/es\/producto\/las-esenciales-como-herramientas-evolutiva\/","title":{"rendered":"LAS ESENCIALES COMO HERRAMIENTAS EVOLUTIVA"},"content":{"rendered":"<p><strong>Lecci\u00f3n grabada &#8211; Lo esencial como herramienta evolutiva<\/strong><\/p>\n<p>Los elementos esenciales no son s\u00f3lo cartas para consultar, sino claves para nuestra evoluci\u00f3n. A menudo nos detenemos en su significado inmediato, buscando respuestas r\u00e1pidas, sin darnos cuenta de que el verdadero cambio se produce cuando aprendemos a formular las preguntas adecuadas y a captar el hilo de nuestra experiencia.<\/p>\n<p>Esta lecci\u00f3n est\u00e1 pensada para quienes desean profundizar en el uso de lo Esencial como herramienta de crecimiento interior, aprendiendo a leer con m\u00e1s conciencia los bloqueos que dificultan la evoluci\u00f3n y las oportunidades que la vida nos ofrece. Iremos m\u00e1s all\u00e1 de la interpretaci\u00f3n de cartas individuales, para desarrollar una lectura m\u00e1s amplia y transformadora.<\/p>\n<p><strong>Trabajaremos tres aspectos fundamentales:<\/strong><\/p>\n<li>\n<ul>1. La formulaci\u00f3n de preguntas evolutivas: entender c\u00f3mo hacer preguntas que abran la transformaci\u00f3n y no nos mantengan estancados en el control o el victimismo.<\/ul>\n<ul>2. Lectura profunda de las cartas &#8211; reconocer las conexiones entre el simbolismo de lo Esencial y nuestra historia personal, captando el significado m\u00e1s amplio de lo que estamos viviendo.<\/ul>\n<ul>3. 3. Arquetipos, elementos y planetas: explorar c\u00f3mo estos lenguajes se entrelazan con lo Esencial, enriqueciendo nuestra capacidad de interpretar y comprender los procesos internos.<\/ul>\n<\/li>\n<p>Si quieres llevar lo Esencial a tu vida diaria con m\u00e1s conciencia, comprender el significado m\u00e1s profundo de los acontecimientos y agudizar tu mirada interior, este es el camino adecuado para ti.<\/p>\n<p><strong>Junto con la grabaci\u00f3n de la conferencia recibir\u00e1s m\u00e1s material en formato PDF con pistas y reflexiones sobre los temas tratados<br \/>. El enlace y la contrase\u00f1a para acceder a la grabaci\u00f3n de la conferencia se encuentran en el archivo PDF que llega con el correo electr\u00f3nico de confirmaci\u00f3n autom\u00e1tica del pedido.<\/strong><\/p>\n","protected":false},"excerpt":{"rendered":"<p data-start=\\\"59\\\" data-end=\\\"137\\\"><span style=\\\"color: #333333;\\\"><strong data-start=\\\"59\\\" data-end=\\\"137\\\">Este producto forma parte del proyecto solidario <a style=\\\"color: #333333;\\\" href=\\\"https:\/\/www.accademiaessenziale.it\/le-essenziali-con-pangea\\\" target=\\\"_blank\\\" rel=\\\"noopener\\\"><em data-start=\\\"108\\\" data-end=\\\"134\\\"><span style=\\\"color: #e2007b;\\\">Lo esencial con Pangea<\/span><\/em><\/a>.<\/strong><\/span><\/p>\n<p data-start=\\\"139\\\" data-end=\\\"266\\\"><span style=\\\"color: #333333;\\\"> <strong data-start=\\\"142\\\" data-end=\\\"162\\\">El 10% de los beneficios<\/strong> se donar\u00e1 para apoyar a <strong>las mujeres necesitadas<\/strong> y a <strong data-start=\\\"210\\\" data-end=\\\"250\\\">las ni\u00f1as sordas de las escuelas de Pangea en<\/strong> Afganist\u00e1n.<\/span><\/p>\n<p data-start=\\\"268\\\" data-end=\\\"519\\\"><strong>Lo esencial como herramienta evolutiva<\/strong><br \/>\n<strong>Lecci\u00f3n grabada<\/strong><\/p>\n<p>Los elementos esenciales no son s\u00f3lo cartas para consultar, sino claves para nuestra evoluci\u00f3n. A menudo nos detenemos en su significado inmediato, buscando respuestas r\u00e1pidas, sin darnos cuenta de que el verdadero cambio se produce cuando aprendemos a formular las preguntas adecuadas y a captar el hilo de nuestra experiencia.<\/p>\n<p>Esta lecci\u00f3n est\u00e1 pensada para quienes desean profundizar en el uso de lo Esencial como herramienta de crecimiento interior, aprendiendo a leer con m\u00e1s conciencia los bloqueos que dificultan la evoluci\u00f3n y las oportunidades que la vida nos ofrece. Iremos m\u00e1s all\u00e1 de la interpretaci\u00f3n de cartas individuales, para desarrollar una lectura m\u00e1s amplia y transformadora.<\/p>\n<p><strong>Trabajaremos tres aspectos fundamentales:<\/strong><\/p>\n<li>\n<ul>1. La formulaci\u00f3n de preguntas evolutivas: entender c\u00f3mo hacer preguntas que abran la transformaci\u00f3n y no nos mantengan estancados en el control o el victimismo.<\/ul>\n<ul>2. Lectura profunda de las cartas &#8211; reconocer las conexiones entre el simbolismo de lo Esencial y nuestra historia personal, captando el significado m\u00e1s amplio de lo que estamos viviendo.<\/ul>\n<ul>3. 3. Arquetipos, elementos y planetas: explorar c\u00f3mo estos lenguajes se entrelazan con lo Esencial, enriqueciendo nuestra capacidad de interpretar y comprender los procesos internos.<\/ul>\n<\/li>\n<p>Si quieres llevar lo Esencial a tu vida diaria con m\u00e1s conciencia, comprender el significado m\u00e1s profundo de los acontecimientos y agudizar tu mirada interior, este es el camino adecuado para ti.<\/p>\n<p><strong>Junto con la grabaci\u00f3n de la conferencia recibir\u00e1s m\u00e1s material en formato PDF con pistas y reflexiones sobre los temas tratados<br \/>. El enlace y la contrase\u00f1a para acceder a la grabaci\u00f3n de la conferencia se encuentran en el archivo PDF que llega con el correo electr\u00f3nico de confirmaci\u00f3n autom\u00e1tica del pedido.<\/strong><\/p>\n","protected":false},"featured_media":18528,"template":"","meta":[],"product_brand":[],"product_cat":[46],"product_tag":[],"class_list":{"0":"post-16360","1":"product","2":"type-product","3":"status-publish","4":"has-post-thumbnail","6":"product_cat-video-corsi","8":"first","9":"instock","10":"downloadable","11":"virtual","12":"taxable","13":"purchasable","14":"product-type-simple"},"yoast_head":"<!-- This site is optimized with the Yoast SEO plugin v27.4 - https:\/\/yoast.com\/product\/yoast-seo-wordpress\/ -->\n<title>LAS ESENCIALES COMO HERRAMIENTAS EVOLUTIVA<\/title>\n<meta name=\"description\" content=\"Este producto forma parte del proyecto solidario Lo esencial con Pangea.  El 10% de los beneficios se donar\u00e1 para apoyar a las mujeres necesitadas y a las ni\u00f1as sordas de las escuelas de Pangea en Afganist\u00e1n.  Lo esencial como herramienta evolutiva Lecci\u00f3n grabada Los elementos esenciales no son s\u00f3lo cartas para consultar, sino claves para nuestra evoluci\u00f3n. A menudo nos detenemos en su significado inmediato, buscando respuestas r\u00e1pidas, sin darnos cuenta de que el verdadero cambio se produce cuando aprendemos a formular las preguntas adecuadas y a captar el hilo de nuestra experiencia.  Esta lecci\u00f3n est\u00e1 pensada para quienes desean profundizar en el uso de lo Esencial como herramienta de crecimiento interior, aprendiendo a leer con m\u00e1s conciencia los bloqueos que dificultan la evoluci\u00f3n y las oportunidades que la vida nos ofrece. Iremos m\u00e1s all\u00e1 de la interpretaci\u00f3n de cartas individuales, para desarrollar una lectura m\u00e1s amplia y transformadora.  Trabajaremos tres aspectos fundamentales:   1. La formulaci\u00f3n de preguntas evolutivas: entender c\u00f3mo hacer preguntas que abran la transformaci\u00f3n y no nos mantengan estancados en el control o el victimismo.   2. Lectura profunda de las cartas - reconocer las conexiones entre el simbolismo de lo Esencial y nuestra historia personal, captando el significado m\u00e1s amplio de lo que estamos viviendo.   3. 3. Arquetipos, elementos y planetas: explorar c\u00f3mo estos lenguajes se entrelazan con lo Esencial, enriqueciendo nuestra capacidad de interpretar y comprender los procesos internos.   Si quieres llevar lo Esencial a tu vida diaria con m\u00e1s conciencia, comprender el significado m\u00e1s profundo de los acontecimientos y agudizar tu mirada interior, este es el camino adecuado para ti.  Junto con la grabaci\u00f3n de la conferencia recibir\u00e1s m\u00e1s material en formato PDF con pistas y reflexiones sobre los temas tratados. El enlace y la contrase\u00f1a para acceder a la grabaci\u00f3n de la conferencia se encuentran en el archivo PDF que llega con el correo electr\u00f3nico de confirmaci\u00f3n autom\u00e1tica del pedido.\" \/>\n<meta name=\"robots\" content=\"index, follow, max-snippet:-1, max-image-preview:large, max-video-preview:-1\" \/>\n<link rel=\"canonical\" href=\"\" \/>\n<meta property=\"og:locale\" content=\"es_ES\" \/>\n<meta property=\"og:type\" content=\"article\" \/>\n<meta property=\"og:title\" content=\"LAS ESENCIALES COMO HERRAMIENTAS EVOLUTIVA\" \/>\n<meta property=\"og:description\" content=\"Este producto forma parte del proyecto solidario Lo esencial con Pangea.  El 10% de los beneficios se donar\u00e1 para apoyar a las mujeres necesitadas y a las ni\u00f1as sordas de las escuelas de Pangea en Afganist\u00e1n.  Lo esencial como herramienta evolutiva Lecci\u00f3n grabada Los elementos esenciales no son s\u00f3lo cartas para consultar, sino claves para nuestra evoluci\u00f3n. A menudo nos detenemos en su significado inmediato, buscando respuestas r\u00e1pidas, sin darnos cuenta de que el verdadero cambio se produce cuando aprendemos a formular las preguntas adecuadas y a captar el hilo de nuestra experiencia.  Esta lecci\u00f3n est\u00e1 pensada para quienes desean profundizar en el uso de lo Esencial como herramienta de crecimiento interior, aprendiendo a leer con m\u00e1s conciencia los bloqueos que dificultan la evoluci\u00f3n y las oportunidades que la vida nos ofrece. Iremos m\u00e1s all\u00e1 de la interpretaci\u00f3n de cartas individuales, para desarrollar una lectura m\u00e1s amplia y transformadora.  Trabajaremos tres aspectos fundamentales:   1. La formulaci\u00f3n de preguntas evolutivas: entender c\u00f3mo hacer preguntas que abran la transformaci\u00f3n y no nos mantengan estancados en el control o el victimismo.   2. Lectura profunda de las cartas - reconocer las conexiones entre el simbolismo de lo Esencial y nuestra historia personal, captando el significado m\u00e1s amplio de lo que estamos viviendo.   3. 3. Arquetipos, elementos y planetas: explorar c\u00f3mo estos lenguajes se entrelazan con lo Esencial, enriqueciendo nuestra capacidad de interpretar y comprender los procesos internos.   Si quieres llevar lo Esencial a tu vida diaria con m\u00e1s conciencia, comprender el significado m\u00e1s profundo de los acontecimientos y agudizar tu mirada interior, este es el camino adecuado para ti.  Junto con la grabaci\u00f3n de la conferencia recibir\u00e1s m\u00e1s material en formato PDF con pistas y reflexiones sobre los temas tratados. El enlace y la contrase\u00f1a para acceder a la grabaci\u00f3n de la conferencia se encuentran en el archivo PDF que llega con el correo electr\u00f3nico de confirmaci\u00f3n autom\u00e1tica del pedido.\" \/>\n<meta property=\"og:url\" content=\"https:\/\/www.stefaniazani.it\/es\/producto\/las-esenciales-como-herramientas-evolutiva\/\" \/>\n<meta property=\"og:site_name\" content=\"Stefania Zani\" \/>\n<meta property=\"article:publisher\" content=\"https:\/\/www.facebook.com\/p\/Stefania-Zani-100087139977126\/\" \/>\n<meta property=\"article:modified_time\" content=\"2025-12-26T01:08:14+00:00\" \/>\n<meta property=\"og:image\" content=\"https:\/\/www.stefaniazani.it\/wp-content\/uploads\/2025\/04\/iM-PRONTAo-1080-x-1080-px-15.png\" \/>\n\t<meta property=\"og:image:width\" content=\"1080\" \/>\n\t<meta property=\"og:image:height\" content=\"1080\" \/>\n\t<meta property=\"og:image:type\" content=\"image\/png\" \/>\n<meta name=\"twitter:card\" content=\"summary_large_image\" \/>\n<meta name=\"twitter:label1\" content=\"Tiempo de lectura\" \/>\n\t<meta name=\"twitter:data1\" content=\"2 minutos\" \/>\n<script type=\"application\/ld+json\" class=\"yoast-schema-graph\">{\"@context\":\"https:\\\/\\\/schema.org\",\"@graph\":[{\"@type\":\"WebPage\",\"@id\":\"https:\\\/\\\/www.stefaniazani.it\\\/es\\\/producto\\\/las-esenciales-como-herramientas-evolutiva\\\/\",\"url\":\"https:\\\/\\\/www.stefaniazani.it\\\/es\\\/producto\\\/las-esenciales-como-herramientas-evolutiva\\\/\",\"name\":\"LE ESSENZIALI COME STRUMENTO EVOLUTIVO - LEZIONE ONLINE - Stefania Zani\",\"isPartOf\":{\"@id\":\"https:\\\/\\\/www.stefaniazani.it\\\/#website\"},\"primaryImageOfPage\":{\"@id\":\"https:\\\/\\\/www.stefaniazani.it\\\/es\\\/producto\\\/las-esenciales-como-herramientas-evolutiva\\\/#primaryimage\"},\"image\":{\"@id\":\"https:\\\/\\\/www.stefaniazani.it\\\/es\\\/producto\\\/las-esenciales-como-herramientas-evolutiva\\\/#primaryimage\"},\"thumbnailUrl\":\"\",\"datePublished\":\"2025-04-01T15:01:45+00:00\",\"dateModified\":\"2025-12-26T01:08:14+00:00\",\"description\":\"Lezione online per chi desidera approfondire l\u2019uso delle Essenziali come strumento evolutivo di crescita interiore\",\"breadcrumb\":{\"@id\":\"https:\\\/\\\/www.stefaniazani.it\\\/es\\\/producto\\\/las-esenciales-como-herramientas-evolutiva\\\/#breadcrumb\"},\"inLanguage\":\"es\",\"potentialAction\":[{\"@type\":\"ReadAction\",\"target\":[\"https:\\\/\\\/www.stefaniazani.it\\\/es\\\/producto\\\/las-esenciales-como-herramientas-evolutiva\\\/\"]}]},{\"@type\":\"ImageObject\",\"inLanguage\":\"es\",\"@id\":\"https:\\\/\\\/www.stefaniazani.it\\\/es\\\/producto\\\/las-esenciales-como-herramientas-evolutiva\\\/#primaryimage\",\"url\":\"\",\"contentUrl\":\"\",\"width\":1080,\"height\":1080},{\"@type\":\"BreadcrumbList\",\"@id\":\"https:\\\/\\\/www.stefaniazani.it\\\/es\\\/producto\\\/las-esenciales-como-herramientas-evolutiva\\\/#breadcrumb\",\"itemListElement\":[{\"@type\":\"ListItem\",\"position\":1,\"name\":\"Home\",\"item\":\"https:\\\/\\\/www.stefaniazani.it\\\/\"},{\"@type\":\"ListItem\",\"position\":2,\"name\":\"Shop\",\"item\":\"https:\\\/\\\/www.stefaniazani.it\\\/negozio\\\/\"},{\"@type\":\"ListItem\",\"position\":3,\"name\":\"LAS ESENCIALES COMO HERRAMIENTAS EVOLUTIVA\"}]},{\"@type\":\"WebSite\",\"@id\":\"https:\\\/\\\/www.stefaniazani.it\\\/es\\\/#website\",\"url\":\"https:\\\/\\\/www.stefaniazani.it\\\/es\\\/\",\"name\":\"Stefania Zani\",\"description\":\"\",\"publisher\":{\"@id\":\"https:\\\/\\\/www.stefaniazani.it\\\/es\\\/#organization\"},\"potentialAction\":[{\"@type\":\"SearchAction\",\"target\":{\"@type\":\"EntryPoint\",\"urlTemplate\":\"https:\\\/\\\/www.stefaniazani.it\\\/es\\\/?s={search_term_string}\"},\"query-input\":{\"@type\":\"PropertyValueSpecification\",\"valueRequired\":true,\"valueName\":\"search_term_string\"}}],\"inLanguage\":\"es\"},{\"@type\":\"Organization\",\"@id\":\"https:\\\/\\\/www.stefaniazani.it\\\/es\\\/#organization\",\"name\":\"Stefania Zani Srl\",\"url\":\"https:\\\/\\\/www.stefaniazani.it\\\/es\\\/\",\"logo\":{\"@type\":\"ImageObject\",\"inLanguage\":\"es\",\"@id\":\"https:\\\/\\\/www.stefaniazani.it\\\/es\\\/#\\\/schema\\\/logo\\\/image\\\/\",\"url\":\"https:\\\/\\\/www.stefaniazani.it\\\/wp-content\\\/uploads\\\/2024\\\/03\\\/stefania_zani_logo_start.png\",\"contentUrl\":\"https:\\\/\\\/www.stefaniazani.it\\\/wp-content\\\/uploads\\\/2024\\\/03\\\/stefania_zani_logo_start.png\",\"width\":250,\"height\":50,\"caption\":\"Stefania Zani Srl\"},\"image\":{\"@id\":\"https:\\\/\\\/www.stefaniazani.it\\\/es\\\/#\\\/schema\\\/logo\\\/image\\\/\"},\"sameAs\":[\"https:\\\/\\\/www.facebook.com\\\/p\\\/Stefania-Zani-100087139977126\\\/\",\"https:\\\/\\\/www.instagram.com\\\/stefania__zani\\\/\"]}]}<\/script>\n<!-- \/ Yoast SEO plugin. -->","yoast_head_json":{"title":"LAS ESENCIALES COMO HERRAMIENTAS EVOLUTIVA","description":"Este producto forma parte del proyecto solidario Lo esencial con Pangea.  El 10% de los beneficios se donar\u00e1 para apoyar a las mujeres necesitadas y a las ni\u00f1as sordas de las escuelas de Pangea en Afganist\u00e1n.  Lo esencial como herramienta evolutiva Lecci\u00f3n grabada Los elementos esenciales no son s\u00f3lo cartas para consultar, sino claves para nuestra evoluci\u00f3n. A menudo nos detenemos en su significado inmediato, buscando respuestas r\u00e1pidas, sin darnos cuenta de que el verdadero cambio se produce cuando aprendemos a formular las preguntas adecuadas y a captar el hilo de nuestra experiencia.  Esta lecci\u00f3n est\u00e1 pensada para quienes desean profundizar en el uso de lo Esencial como herramienta de crecimiento interior, aprendiendo a leer con m\u00e1s conciencia los bloqueos que dificultan la evoluci\u00f3n y las oportunidades que la vida nos ofrece. Iremos m\u00e1s all\u00e1 de la interpretaci\u00f3n de cartas individuales, para desarrollar una lectura m\u00e1s amplia y transformadora.  Trabajaremos tres aspectos fundamentales:   1. La formulaci\u00f3n de preguntas evolutivas: entender c\u00f3mo hacer preguntas que abran la transformaci\u00f3n y no nos mantengan estancados en el control o el victimismo.   2. Lectura profunda de las cartas - reconocer las conexiones entre el simbolismo de lo Esencial y nuestra historia personal, captando el significado m\u00e1s amplio de lo que estamos viviendo.   3. 3. Arquetipos, elementos y planetas: explorar c\u00f3mo estos lenguajes se entrelazan con lo Esencial, enriqueciendo nuestra capacidad de interpretar y comprender los procesos internos.   Si quieres llevar lo Esencial a tu vida diaria con m\u00e1s conciencia, comprender el significado m\u00e1s profundo de los acontecimientos y agudizar tu mirada interior, este es el camino adecuado para ti.  Junto con la grabaci\u00f3n de la conferencia recibir\u00e1s m\u00e1s material en formato PDF con pistas y reflexiones sobre los temas tratados. El enlace y la contrase\u00f1a para acceder a la grabaci\u00f3n de la conferencia se encuentran en el archivo PDF que llega con el correo electr\u00f3nico de confirmaci\u00f3n autom\u00e1tica del pedido.","robots":{"index":"index","follow":"follow","max-snippet":"max-snippet:-1","max-image-preview":"max-image-preview:large","max-video-preview":"max-video-preview:-1"},"canonical":"Este producto forma parte del proyecto solidario Lo esencial con Pangea.  El 10% de los beneficios se donar\u00e1 para apoyar a las mujeres necesitadas y a las ni\u00f1as sordas de las escuelas de Pangea en Afganist\u00e1n.  Lo esencial como herramienta evolutiva Lecci\u00f3n grabada Los elementos esenciales no son s\u00f3lo cartas para consultar, sino claves para nuestra evoluci\u00f3n. A menudo nos detenemos en su significado inmediato, buscando respuestas r\u00e1pidas, sin darnos cuenta de que el verdadero cambio se produce cuando aprendemos a formular las preguntas adecuadas y a captar el hilo de nuestra experiencia.  Esta lecci\u00f3n est\u00e1 pensada para quienes desean profundizar en el uso de lo Esencial como herramienta de crecimiento interior, aprendiendo a leer con m\u00e1s conciencia los bloqueos que dificultan la evoluci\u00f3n y las oportunidades que la vida nos ofrece. Iremos m\u00e1s all\u00e1 de la interpretaci\u00f3n de cartas individuales, para desarrollar una lectura m\u00e1s amplia y transformadora.  Trabajaremos tres aspectos fundamentales:   1. La formulaci\u00f3n de preguntas evolutivas: entender c\u00f3mo hacer preguntas que abran la transformaci\u00f3n y no nos mantengan estancados en el control o el victimismo.   2. Lectura profunda de las cartas - reconocer las conexiones entre el simbolismo de lo Esencial y nuestra historia personal, captando el significado m\u00e1s amplio de lo que estamos viviendo.   3. 3. Arquetipos, elementos y planetas: explorar c\u00f3mo estos lenguajes se entrelazan con lo Esencial, enriqueciendo nuestra capacidad de interpretar y comprender los procesos internos.   Si quieres llevar lo Esencial a tu vida diaria con m\u00e1s conciencia, comprender el significado m\u00e1s profundo de los acontecimientos y agudizar tu mirada interior, este es el camino adecuado para ti.  Junto con la grabaci\u00f3n de la conferencia recibir\u00e1s m\u00e1s material en formato PDF con pistas y reflexiones sobre los temas tratados. El enlace y la contrase\u00f1a para acceder a la grabaci\u00f3n de la conferencia se encuentran en el archivo PDF que llega con el correo electr\u00f3nico de confirmaci\u00f3n autom\u00e1tica del pedido.","og_locale":"es_ES","og_type":"article","og_title":"LAS ESENCIALES COMO HERRAMIENTAS EVOLUTIVA","og_description":"Este producto forma parte del proyecto solidario Lo esencial con Pangea.  El 10% de los beneficios se donar\u00e1 para apoyar a las mujeres necesitadas y a las ni\u00f1as sordas de las escuelas de Pangea en Afganist\u00e1n.  Lo esencial como herramienta evolutiva Lecci\u00f3n grabada Los elementos esenciales no son s\u00f3lo cartas para consultar, sino claves para nuestra evoluci\u00f3n. A menudo nos detenemos en su significado inmediato, buscando respuestas r\u00e1pidas, sin darnos cuenta de que el verdadero cambio se produce cuando aprendemos a formular las preguntas adecuadas y a captar el hilo de nuestra experiencia.  Esta lecci\u00f3n est\u00e1 pensada para quienes desean profundizar en el uso de lo Esencial como herramienta de crecimiento interior, aprendiendo a leer con m\u00e1s conciencia los bloqueos que dificultan la evoluci\u00f3n y las oportunidades que la vida nos ofrece. Iremos m\u00e1s all\u00e1 de la interpretaci\u00f3n de cartas individuales, para desarrollar una lectura m\u00e1s amplia y transformadora.  Trabajaremos tres aspectos fundamentales:   1. La formulaci\u00f3n de preguntas evolutivas: entender c\u00f3mo hacer preguntas que abran la transformaci\u00f3n y no nos mantengan estancados en el control o el victimismo.   2. Lectura profunda de las cartas - reconocer las conexiones entre el simbolismo de lo Esencial y nuestra historia personal, captando el significado m\u00e1s amplio de lo que estamos viviendo.   3. 3. Arquetipos, elementos y planetas: explorar c\u00f3mo estos lenguajes se entrelazan con lo Esencial, enriqueciendo nuestra capacidad de interpretar y comprender los procesos internos.   Si quieres llevar lo Esencial a tu vida diaria con m\u00e1s conciencia, comprender el significado m\u00e1s profundo de los acontecimientos y agudizar tu mirada interior, este es el camino adecuado para ti.  Junto con la grabaci\u00f3n de la conferencia recibir\u00e1s m\u00e1s material en formato PDF con pistas y reflexiones sobre los temas tratados. El enlace y la contrase\u00f1a para acceder a la grabaci\u00f3n de la conferencia se encuentran en el archivo PDF que llega con el correo electr\u00f3nico de confirmaci\u00f3n autom\u00e1tica del pedido.","og_url":"https:\/\/www.stefaniazani.it\/es\/producto\/las-esenciales-como-herramientas-evolutiva\/","og_site_name":"Stefania Zani","article_publisher":"https:\/\/www.facebook.com\/p\/Stefania-Zani-100087139977126\/","article_modified_time":"2025-12-26T01:08:14+00:00","og_image":[{"width":1080,"height":1080,"url":"https:\/\/www.stefaniazani.it\/wp-content\/uploads\/2025\/04\/iM-PRONTAo-1080-x-1080-px-15.png","type":"image\/png"}],"twitter_card":"summary_large_image","twitter_misc":{"Tiempo de lectura":"2 minutos"},"schema":{"@context":"https:\/\/schema.org","@graph":[{"@type":"WebPage","@id":"https:\/\/www.stefaniazani.it\/es\/producto\/las-esenciales-como-herramientas-evolutiva\/","url":"https:\/\/www.stefaniazani.it\/es\/producto\/las-esenciales-como-herramientas-evolutiva\/","name":"LE ESSENZIALI COME STRUMENTO EVOLUTIVO - LEZIONE ONLINE - Stefania Zani","isPartOf":{"@id":"https:\/\/www.stefaniazani.it\/#website"},"primaryImageOfPage":{"@id":"https:\/\/www.stefaniazani.it\/es\/producto\/las-esenciales-como-herramientas-evolutiva\/#primaryimage"},"image":{"@id":"https:\/\/www.stefaniazani.it\/es\/producto\/las-esenciales-como-herramientas-evolutiva\/#primaryimage"},"thumbnailUrl":"","datePublished":"2025-04-01T15:01:45+00:00","dateModified":"2025-12-26T01:08:14+00:00","description":"Lezione online per chi desidera approfondire l\u2019uso delle Essenziali come strumento evolutivo di crescita interiore","breadcrumb":{"@id":"https:\/\/www.stefaniazani.it\/es\/producto\/las-esenciales-como-herramientas-evolutiva\/#breadcrumb"},"inLanguage":"es","potentialAction":[{"@type":"ReadAction","target":["https:\/\/www.stefaniazani.it\/es\/producto\/las-esenciales-como-herramientas-evolutiva\/"]}]},{"@type":"ImageObject","inLanguage":"es","@id":"https:\/\/www.stefaniazani.it\/es\/producto\/las-esenciales-como-herramientas-evolutiva\/#primaryimage","url":"","contentUrl":"","width":1080,"height":1080},{"@type":"BreadcrumbList","@id":"https:\/\/www.stefaniazani.it\/es\/producto\/las-esenciales-como-herramientas-evolutiva\/#breadcrumb","itemListElement":[{"@type":"ListItem","position":1,"name":"Home","item":"https:\/\/www.stefaniazani.it\/"},{"@type":"ListItem","position":2,"name":"Shop","item":"https:\/\/www.stefaniazani.it\/negozio\/"},{"@type":"ListItem","position":3,"name":"LAS ESENCIALES COMO HERRAMIENTAS EVOLUTIVA"}]},{"@type":"WebSite","@id":"https:\/\/www.stefaniazani.it\/es\/#website","url":"https:\/\/www.stefaniazani.it\/es\/","name":"Stefania Zani","description":"","publisher":{"@id":"https:\/\/www.stefaniazani.it\/es\/#organization"},"potentialAction":[{"@type":"SearchAction","target":{"@type":"EntryPoint","urlTemplate":"https:\/\/www.stefaniazani.it\/es\/?s={search_term_string}"},"query-input":{"@type":"PropertyValueSpecification","valueRequired":true,"valueName":"search_term_string"}}],"inLanguage":"es"},{"@type":"Organization","@id":"https:\/\/www.stefaniazani.it\/es\/#organization","name":"Stefania Zani Srl","url":"https:\/\/www.stefaniazani.it\/es\/","logo":{"@type":"ImageObject","inLanguage":"es","@id":"https:\/\/www.stefaniazani.it\/es\/#\/schema\/logo\/image\/","url":"https:\/\/www.stefaniazani.it\/wp-content\/uploads\/2024\/03\/stefania_zani_logo_start.png","contentUrl":"https:\/\/www.stefaniazani.it\/wp-content\/uploads\/2024\/03\/stefania_zani_logo_start.png","width":250,"height":50,"caption":"Stefania Zani Srl"},"image":{"@id":"https:\/\/www.stefaniazani.it\/es\/#\/schema\/logo\/image\/"},"sameAs":["https:\/\/www.facebook.com\/p\/Stefania-Zani-100087139977126\/","https:\/\/www.instagram.com\/stefania__zani\/"]}]}},"df_price":50,"df_sale_price":"","df_regular_price":50,"df_image_link":"https:\/\/www.stefaniazani.it\/wp-content\/uploads\/woocommerce-placeholder-300x300.png","_links":{"self":[{"href":"https:\/\/www.stefaniazani.it\/es\/wp-json\/wp\/v2\/product\/16360","targetHints":{"allow":["GET"]}}],"collection":[{"href":"https:\/\/www.stefaniazani.it\/es\/wp-json\/wp\/v2\/product"}],"about":[{"href":"https:\/\/www.stefaniazani.it\/es\/wp-json\/wp\/v2\/types\/product"}],"wp:featuredmedia":[{"embeddable":true,"href":"https:\/\/www.stefaniazani.it\/es\/wp-json\/"}],"wp:attachment":[{"href":"https:\/\/www.stefaniazani.it\/es\/wp-json\/wp\/v2\/media?parent=16360"}],"wp:term":[{"taxonomy":"product_brand","embeddable":true,"href":"https:\/\/www.stefaniazani.it\/es\/wp-json\/wp\/v2\/product_brand?post=16360"},{"taxonomy":"product_cat","embeddable":true,"href":"https:\/\/www.stefaniazani.it\/es\/wp-json\/wp\/v2\/product_cat?post=16360"},{"taxonomy":"product_tag","embeddable":true,"href":"https:\/\/www.stefaniazani.it\/es\/wp-json\/wp\/v2\/product_tag?post=16360"}],"curies":[{"name":"wp","href":"https:\/\/api.w.org\/{rel}","templated":true}]}}