{"id":16180,"date":"2025-03-28T09:59:52","date_gmt":"2025-03-28T08:59:52","guid":{"rendered":"https:\/\/www.stefaniazani.it\/prodotto\/\/"},"modified":"2026-04-05T19:56:17","modified_gmt":"2026-04-05T17:56:17","slug":"carte-mini","status":"publish","type":"product","link":"https:\/\/www.stefaniazani.it\/es\/producto\/las-esenciales-mini\/","title":{"rendered":"Las Esenciales Mini"},"content":{"rendered":"","protected":false},"excerpt":{"rendered":"<p><strong>AL MOMENTO, LOS ESSENTIALS MINI EST\u00c1N DISPONIBLES EXCLUSIVAMENTE EN IDIOMA ITALIANO.<\/strong><br \/>\nEssentials Mini es una edici\u00f3n limitada disponible hasta el 30 de junio<\/p>\n<p><strong>Los Essentials Mini<\/strong> nacieron del deseo de tener siempre un medio de conexi\u00f3n con nosotros, all\u00e1 donde la vida nos lleve. Un manojo m\u00e1s peque\u00f1o y ligero que tambi\u00e9n puede deslizarse en los bolsos sin perder la profundidad y el poder de Essentials.<\/p>\n<p>Cada detalle ha sido pensado con cari\u00f1o: el formato compacto, el estuche delicado, el tacto ligero entre los dedos. Estas tarjetas son una invitaci\u00f3n a llevar siempre consigo la belleza y la conciencia.<\/p>\n<p>Alojadas en una pochette personalizable con su nombre, Le Essenziali Mini son un gesto de Amor hacia uno mismo. Llamar por su nombre a lo que nos gu\u00eda hace que cada viaje sea \u00fanico, especial, aut\u00e9ntico.<\/p>\n<p><strong>Detalles \u00fatiles:<\/strong><br \/>\n<strong>Tama\u00f1o mini:<\/strong> compacto y f\u00e1cil de llevar a todas partes (6x9cm).<br \/>\n<strong>Bolsa de mano personalizable:<\/strong> introduzca el nombre que desee en el campo de arriba antes de completar su pedido.<br \/>\n<strong>Env\u00edo:<\/strong> El plazo de entrega es de 10 d\u00edas laborables.<\/p>\n<p>Durante todo el mes de junio, si compras Le Essenziali Mini, recibir\u00e1s los gastos de env\u00edo gratis y una lecci\u00f3n La Coppia gratis. Las credenciales para acceder a la lecci\u00f3n se incluir\u00e1n en el archivo PDF adjunto al correo electr\u00f3nico de confirmaci\u00f3n autom\u00e1tica del pedido.<\/p>\n","protected":false},"featured_media":16723,"template":"","meta":[],"product_brand":[],"product_cat":[20],"product_tag":[],"class_list":{"0":"post-16180","1":"product","2":"type-product","3":"status-publish","4":"has-post-thumbnail","6":"product_cat-le-carte","8":"first","9":"outofstock","10":"downloadable","11":"taxable","12":"shipping-taxable","13":"purchasable","14":"product-type-simple"},"yoast_head":"<!-- This site is optimized with the Yoast SEO plugin v27.4 - https:\/\/yoast.com\/product\/yoast-seo-wordpress\/ -->\n<title>Las Esenciales Mini<\/title>\n<meta name=\"description\" content=\"AL MOMENTO, LOS ESSENTIALS MINI EST\u00c1N DISPONIBLES EXCLUSIVAMENTE EN IDIOMA ITALIANO. Essentials Mini es una edici\u00f3n limitada disponible hasta el 30 de junio  Los Essentials Mini nacieron del deseo de tener siempre un medio de conexi\u00f3n con nosotros, all\u00e1 donde la vida nos lleve. Un manojo m\u00e1s peque\u00f1o y ligero que tambi\u00e9n puede deslizarse en los bolsos sin perder la profundidad y el poder de Essentials.  Cada detalle ha sido pensado con cari\u00f1o: el formato compacto, el estuche delicado, el tacto ligero entre los dedos. Estas tarjetas son una invitaci\u00f3n a llevar siempre consigo la belleza y la conciencia.  Alojadas en una pochette personalizable con su nombre, Le Essenziali Mini son un gesto de Amor hacia uno mismo. Llamar por su nombre a lo que nos gu\u00eda hace que cada viaje sea \u00fanico, especial, aut\u00e9ntico.  Detalles \u00fatiles: Tama\u00f1o mini: compacto y f\u00e1cil de llevar a todas partes (6x9cm). Bolsa de mano personalizable: introduzca el nombre que desee en el campo de arriba antes de completar su pedido. Env\u00edo: El plazo de entrega es de 10 d\u00edas laborables.  Durante todo el mes de junio, si compras Le Essenziali Mini, recibir\u00e1s los gastos de env\u00edo gratis y una lecci\u00f3n La Coppia gratis. Las credenciales para acceder a la lecci\u00f3n se incluir\u00e1n en el archivo PDF adjunto al correo electr\u00f3nico de confirmaci\u00f3n autom\u00e1tica del pedido.\" \/>\n<meta name=\"robots\" content=\"index, follow, max-snippet:-1, max-image-preview:large, max-video-preview:-1\" \/>\n<link rel=\"canonical\" href=\"\" \/>\n<meta property=\"og:locale\" content=\"es_ES\" \/>\n<meta property=\"og:type\" content=\"article\" \/>\n<meta property=\"og:title\" content=\"Las Esenciales Mini\" \/>\n<meta property=\"og:description\" content=\"AL MOMENTO, LOS ESSENTIALS MINI EST\u00c1N DISPONIBLES EXCLUSIVAMENTE EN IDIOMA ITALIANO. Essentials Mini es una edici\u00f3n limitada disponible hasta el 30 de junio  Los Essentials Mini nacieron del deseo de tener siempre un medio de conexi\u00f3n con nosotros, all\u00e1 donde la vida nos lleve. Un manojo m\u00e1s peque\u00f1o y ligero que tambi\u00e9n puede deslizarse en los bolsos sin perder la profundidad y el poder de Essentials.  Cada detalle ha sido pensado con cari\u00f1o: el formato compacto, el estuche delicado, el tacto ligero entre los dedos. Estas tarjetas son una invitaci\u00f3n a llevar siempre consigo la belleza y la conciencia.  Alojadas en una pochette personalizable con su nombre, Le Essenziali Mini son un gesto de Amor hacia uno mismo. Llamar por su nombre a lo que nos gu\u00eda hace que cada viaje sea \u00fanico, especial, aut\u00e9ntico.  Detalles \u00fatiles: Tama\u00f1o mini: compacto y f\u00e1cil de llevar a todas partes (6x9cm). Bolsa de mano personalizable: introduzca el nombre que desee en el campo de arriba antes de completar su pedido. Env\u00edo: El plazo de entrega es de 10 d\u00edas laborables.  Durante todo el mes de junio, si compras Le Essenziali Mini, recibir\u00e1s los gastos de env\u00edo gratis y una lecci\u00f3n La Coppia gratis. Las credenciales para acceder a la lecci\u00f3n se incluir\u00e1n en el archivo PDF adjunto al correo electr\u00f3nico de confirmaci\u00f3n autom\u00e1tica del pedido.\" \/>\n<meta property=\"og:url\" content=\"https:\/\/www.stefaniazani.it\/es\/producto\/las-esenciales-mini\/\" \/>\n<meta property=\"og:site_name\" content=\"Stefania Zani\" \/>\n<meta property=\"article:publisher\" content=\"https:\/\/www.facebook.com\/p\/Stefania-Zani-100087139977126\/\" \/>\n<meta property=\"article:modified_time\" content=\"2026-04-05T17:56:17+00:00\" \/>\n<meta property=\"og:image\" content=\"https:\/\/www.stefaniazani.it\/wp-content\/uploads\/2025\/03\/WhatsApp-Image-2025-04-10-at-18.51.56-1.jpeg\" \/>\n\t<meta property=\"og:image:width\" content=\"1080\" \/>\n\t<meta property=\"og:image:height\" content=\"1080\" \/>\n\t<meta property=\"og:image:type\" content=\"image\/jpeg\" \/>\n<meta name=\"twitter:card\" content=\"summary_large_image\" \/>\n<meta name=\"twitter:label1\" content=\"Tiempo de lectura\" \/>\n\t<meta name=\"twitter:data1\" content=\"1 minuto\" \/>\n<script type=\"application\/ld+json\" class=\"yoast-schema-graph\">{\"@context\":\"https:\\\/\\\/schema.org\",\"@graph\":[{\"@type\":\"WebPage\",\"@id\":\"https:\\\/\\\/www.stefaniazani.it\\\/es\\\/producto\\\/las-esenciales-mini\\\/\",\"url\":\"https:\\\/\\\/www.stefaniazani.it\\\/es\\\/producto\\\/las-esenciales-mini\\\/\",\"name\":\"Le Essenziali Mini - OMAGGIO - Stefania Zani\",\"isPartOf\":{\"@id\":\"https:\\\/\\\/www.stefaniazani.it\\\/#website\"},\"primaryImageOfPage\":{\"@id\":\"https:\\\/\\\/www.stefaniazani.it\\\/es\\\/producto\\\/las-esenciales-mini\\\/#primaryimage\"},\"image\":{\"@id\":\"https:\\\/\\\/www.stefaniazani.it\\\/es\\\/producto\\\/las-esenciales-mini\\\/#primaryimage\"},\"thumbnailUrl\":\"https:\\\/\\\/www.stefaniazani.it\\\/wp-content\\\/uploads\\\/2025\\\/03\\\/WhatsApp-Image-2025-04-10-at-18.51.56-1.jpeg\",\"datePublished\":\"2025-03-28T08:59:52+00:00\",\"dateModified\":\"2026-04-05T17:56:17+00:00\",\"breadcrumb\":{\"@id\":\"https:\\\/\\\/www.stefaniazani.it\\\/es\\\/producto\\\/las-esenciales-mini\\\/#breadcrumb\"},\"inLanguage\":\"es\",\"potentialAction\":[{\"@type\":\"ReadAction\",\"target\":[\"https:\\\/\\\/www.stefaniazani.it\\\/es\\\/producto\\\/las-esenciales-mini\\\/\"]}]},{\"@type\":\"ImageObject\",\"inLanguage\":\"es\",\"@id\":\"https:\\\/\\\/www.stefaniazani.it\\\/es\\\/producto\\\/las-esenciales-mini\\\/#primaryimage\",\"url\":\"https:\\\/\\\/www.stefaniazani.it\\\/wp-content\\\/uploads\\\/2025\\\/03\\\/WhatsApp-Image-2025-04-10-at-18.51.56-1.jpeg\",\"contentUrl\":\"https:\\\/\\\/www.stefaniazani.it\\\/wp-content\\\/uploads\\\/2025\\\/03\\\/WhatsApp-Image-2025-04-10-at-18.51.56-1.jpeg\",\"width\":1080,\"height\":1080},{\"@type\":\"BreadcrumbList\",\"@id\":\"https:\\\/\\\/www.stefaniazani.it\\\/es\\\/producto\\\/las-esenciales-mini\\\/#breadcrumb\",\"itemListElement\":[{\"@type\":\"ListItem\",\"position\":1,\"name\":\"Home\",\"item\":\"https:\\\/\\\/www.stefaniazani.it\\\/\"},{\"@type\":\"ListItem\",\"position\":2,\"name\":\"Shop\",\"item\":\"https:\\\/\\\/www.stefaniazani.it\\\/negozio\\\/\"},{\"@type\":\"ListItem\",\"position\":3,\"name\":\"Las Esenciales Mini\"}]},{\"@type\":\"WebSite\",\"@id\":\"https:\\\/\\\/www.stefaniazani.it\\\/es\\\/#website\",\"url\":\"https:\\\/\\\/www.stefaniazani.it\\\/es\\\/\",\"name\":\"Stefania Zani\",\"description\":\"\",\"publisher\":{\"@id\":\"https:\\\/\\\/www.stefaniazani.it\\\/es\\\/#organization\"},\"potentialAction\":[{\"@type\":\"SearchAction\",\"target\":{\"@type\":\"EntryPoint\",\"urlTemplate\":\"https:\\\/\\\/www.stefaniazani.it\\\/es\\\/?s={search_term_string}\"},\"query-input\":{\"@type\":\"PropertyValueSpecification\",\"valueRequired\":true,\"valueName\":\"search_term_string\"}}],\"inLanguage\":\"es\"},{\"@type\":\"Organization\",\"@id\":\"https:\\\/\\\/www.stefaniazani.it\\\/es\\\/#organization\",\"name\":\"Stefania Zani Srl\",\"url\":\"https:\\\/\\\/www.stefaniazani.it\\\/es\\\/\",\"logo\":{\"@type\":\"ImageObject\",\"inLanguage\":\"es\",\"@id\":\"https:\\\/\\\/www.stefaniazani.it\\\/es\\\/#\\\/schema\\\/logo\\\/image\\\/\",\"url\":\"https:\\\/\\\/www.stefaniazani.it\\\/wp-content\\\/uploads\\\/2024\\\/03\\\/stefania_zani_logo_start.png\",\"contentUrl\":\"https:\\\/\\\/www.stefaniazani.it\\\/wp-content\\\/uploads\\\/2024\\\/03\\\/stefania_zani_logo_start.png\",\"width\":250,\"height\":50,\"caption\":\"Stefania Zani Srl\"},\"image\":{\"@id\":\"https:\\\/\\\/www.stefaniazani.it\\\/es\\\/#\\\/schema\\\/logo\\\/image\\\/\"},\"sameAs\":[\"https:\\\/\\\/www.facebook.com\\\/p\\\/Stefania-Zani-100087139977126\\\/\",\"https:\\\/\\\/www.instagram.com\\\/stefania__zani\\\/\"]}]}<\/script>\n<!-- \/ Yoast SEO plugin. -->","yoast_head_json":{"title":"Las Esenciales Mini","description":"AL MOMENTO, LOS ESSENTIALS MINI EST\u00c1N DISPONIBLES EXCLUSIVAMENTE EN IDIOMA ITALIANO. Essentials Mini es una edici\u00f3n limitada disponible hasta el 30 de junio  Los Essentials Mini nacieron del deseo de tener siempre un medio de conexi\u00f3n con nosotros, all\u00e1 donde la vida nos lleve. Un manojo m\u00e1s peque\u00f1o y ligero que tambi\u00e9n puede deslizarse en los bolsos sin perder la profundidad y el poder de Essentials.  Cada detalle ha sido pensado con cari\u00f1o: el formato compacto, el estuche delicado, el tacto ligero entre los dedos. Estas tarjetas son una invitaci\u00f3n a llevar siempre consigo la belleza y la conciencia.  Alojadas en una pochette personalizable con su nombre, Le Essenziali Mini son un gesto de Amor hacia uno mismo. Llamar por su nombre a lo que nos gu\u00eda hace que cada viaje sea \u00fanico, especial, aut\u00e9ntico.  Detalles \u00fatiles: Tama\u00f1o mini: compacto y f\u00e1cil de llevar a todas partes (6x9cm). Bolsa de mano personalizable: introduzca el nombre que desee en el campo de arriba antes de completar su pedido. Env\u00edo: El plazo de entrega es de 10 d\u00edas laborables.  Durante todo el mes de junio, si compras Le Essenziali Mini, recibir\u00e1s los gastos de env\u00edo gratis y una lecci\u00f3n La Coppia gratis. Las credenciales para acceder a la lecci\u00f3n se incluir\u00e1n en el archivo PDF adjunto al correo electr\u00f3nico de confirmaci\u00f3n autom\u00e1tica del pedido.","robots":{"index":"index","follow":"follow","max-snippet":"max-snippet:-1","max-image-preview":"max-image-preview:large","max-video-preview":"max-video-preview:-1"},"canonical":"AL MOMENTO, LOS ESSENTIALS MINI EST\u00c1N DISPONIBLES EXCLUSIVAMENTE EN IDIOMA ITALIANO. Essentials Mini es una edici\u00f3n limitada disponible hasta el 30 de junio  Los Essentials Mini nacieron del deseo de tener siempre un medio de conexi\u00f3n con nosotros, all\u00e1 donde la vida nos lleve. Un manojo m\u00e1s peque\u00f1o y ligero que tambi\u00e9n puede deslizarse en los bolsos sin perder la profundidad y el poder de Essentials.  Cada detalle ha sido pensado con cari\u00f1o: el formato compacto, el estuche delicado, el tacto ligero entre los dedos. Estas tarjetas son una invitaci\u00f3n a llevar siempre consigo la belleza y la conciencia.  Alojadas en una pochette personalizable con su nombre, Le Essenziali Mini son un gesto de Amor hacia uno mismo. Llamar por su nombre a lo que nos gu\u00eda hace que cada viaje sea \u00fanico, especial, aut\u00e9ntico.  Detalles \u00fatiles: Tama\u00f1o mini: compacto y f\u00e1cil de llevar a todas partes (6x9cm). Bolsa de mano personalizable: introduzca el nombre que desee en el campo de arriba antes de completar su pedido. Env\u00edo: El plazo de entrega es de 10 d\u00edas laborables.  Durante todo el mes de junio, si compras Le Essenziali Mini, recibir\u00e1s los gastos de env\u00edo gratis y una lecci\u00f3n La Coppia gratis. Las credenciales para acceder a la lecci\u00f3n se incluir\u00e1n en el archivo PDF adjunto al correo electr\u00f3nico de confirmaci\u00f3n autom\u00e1tica del pedido.","og_locale":"es_ES","og_type":"article","og_title":"Las Esenciales Mini","og_description":"AL MOMENTO, LOS ESSENTIALS MINI EST\u00c1N DISPONIBLES EXCLUSIVAMENTE EN IDIOMA ITALIANO. Essentials Mini es una edici\u00f3n limitada disponible hasta el 30 de junio  Los Essentials Mini nacieron del deseo de tener siempre un medio de conexi\u00f3n con nosotros, all\u00e1 donde la vida nos lleve. Un manojo m\u00e1s peque\u00f1o y ligero que tambi\u00e9n puede deslizarse en los bolsos sin perder la profundidad y el poder de Essentials.  Cada detalle ha sido pensado con cari\u00f1o: el formato compacto, el estuche delicado, el tacto ligero entre los dedos. Estas tarjetas son una invitaci\u00f3n a llevar siempre consigo la belleza y la conciencia.  Alojadas en una pochette personalizable con su nombre, Le Essenziali Mini son un gesto de Amor hacia uno mismo. Llamar por su nombre a lo que nos gu\u00eda hace que cada viaje sea \u00fanico, especial, aut\u00e9ntico.  Detalles \u00fatiles: Tama\u00f1o mini: compacto y f\u00e1cil de llevar a todas partes (6x9cm). Bolsa de mano personalizable: introduzca el nombre que desee en el campo de arriba antes de completar su pedido. Env\u00edo: El plazo de entrega es de 10 d\u00edas laborables.  Durante todo el mes de junio, si compras Le Essenziali Mini, recibir\u00e1s los gastos de env\u00edo gratis y una lecci\u00f3n La Coppia gratis. Las credenciales para acceder a la lecci\u00f3n se incluir\u00e1n en el archivo PDF adjunto al correo electr\u00f3nico de confirmaci\u00f3n autom\u00e1tica del pedido.","og_url":"https:\/\/www.stefaniazani.it\/es\/producto\/las-esenciales-mini\/","og_site_name":"Stefania Zani","article_publisher":"https:\/\/www.facebook.com\/p\/Stefania-Zani-100087139977126\/","article_modified_time":"2026-04-05T17:56:17+00:00","og_image":[{"width":1080,"height":1080,"url":"https:\/\/www.stefaniazani.it\/wp-content\/uploads\/2025\/03\/WhatsApp-Image-2025-04-10-at-18.51.56-1.jpeg","type":"image\/jpeg"}],"twitter_card":"summary_large_image","twitter_misc":{"Tiempo de lectura":"1 minuto"},"schema":{"@context":"https:\/\/schema.org","@graph":[{"@type":"WebPage","@id":"https:\/\/www.stefaniazani.it\/es\/producto\/las-esenciales-mini\/","url":"https:\/\/www.stefaniazani.it\/es\/producto\/las-esenciales-mini\/","name":"Le Essenziali Mini - OMAGGIO - Stefania Zani","isPartOf":{"@id":"https:\/\/www.stefaniazani.it\/#website"},"primaryImageOfPage":{"@id":"https:\/\/www.stefaniazani.it\/es\/producto\/las-esenciales-mini\/#primaryimage"},"image":{"@id":"https:\/\/www.stefaniazani.it\/es\/producto\/las-esenciales-mini\/#primaryimage"},"thumbnailUrl":"https:\/\/www.stefaniazani.it\/wp-content\/uploads\/2025\/03\/WhatsApp-Image-2025-04-10-at-18.51.56-1.jpeg","datePublished":"2025-03-28T08:59:52+00:00","dateModified":"2026-04-05T17:56:17+00:00","breadcrumb":{"@id":"https:\/\/www.stefaniazani.it\/es\/producto\/las-esenciales-mini\/#breadcrumb"},"inLanguage":"es","potentialAction":[{"@type":"ReadAction","target":["https:\/\/www.stefaniazani.it\/es\/producto\/las-esenciales-mini\/"]}]},{"@type":"ImageObject","inLanguage":"es","@id":"https:\/\/www.stefaniazani.it\/es\/producto\/las-esenciales-mini\/#primaryimage","url":"https:\/\/www.stefaniazani.it\/wp-content\/uploads\/2025\/03\/WhatsApp-Image-2025-04-10-at-18.51.56-1.jpeg","contentUrl":"https:\/\/www.stefaniazani.it\/wp-content\/uploads\/2025\/03\/WhatsApp-Image-2025-04-10-at-18.51.56-1.jpeg","width":1080,"height":1080},{"@type":"BreadcrumbList","@id":"https:\/\/www.stefaniazani.it\/es\/producto\/las-esenciales-mini\/#breadcrumb","itemListElement":[{"@type":"ListItem","position":1,"name":"Home","item":"https:\/\/www.stefaniazani.it\/"},{"@type":"ListItem","position":2,"name":"Shop","item":"https:\/\/www.stefaniazani.it\/negozio\/"},{"@type":"ListItem","position":3,"name":"Las Esenciales Mini"}]},{"@type":"WebSite","@id":"https:\/\/www.stefaniazani.it\/es\/#website","url":"https:\/\/www.stefaniazani.it\/es\/","name":"Stefania Zani","description":"","publisher":{"@id":"https:\/\/www.stefaniazani.it\/es\/#organization"},"potentialAction":[{"@type":"SearchAction","target":{"@type":"EntryPoint","urlTemplate":"https:\/\/www.stefaniazani.it\/es\/?s={search_term_string}"},"query-input":{"@type":"PropertyValueSpecification","valueRequired":true,"valueName":"search_term_string"}}],"inLanguage":"es"},{"@type":"Organization","@id":"https:\/\/www.stefaniazani.it\/es\/#organization","name":"Stefania Zani Srl","url":"https:\/\/www.stefaniazani.it\/es\/","logo":{"@type":"ImageObject","inLanguage":"es","@id":"https:\/\/www.stefaniazani.it\/es\/#\/schema\/logo\/image\/","url":"https:\/\/www.stefaniazani.it\/wp-content\/uploads\/2024\/03\/stefania_zani_logo_start.png","contentUrl":"https:\/\/www.stefaniazani.it\/wp-content\/uploads\/2024\/03\/stefania_zani_logo_start.png","width":250,"height":50,"caption":"Stefania Zani Srl"},"image":{"@id":"https:\/\/www.stefaniazani.it\/es\/#\/schema\/logo\/image\/"},"sameAs":["https:\/\/www.facebook.com\/p\/Stefania-Zani-100087139977126\/","https:\/\/www.instagram.com\/stefania__zani\/"]}]}},"df_price":55,"df_sale_price":"","df_regular_price":55,"df_image_link":"https:\/\/www.stefaniazani.it\/wp-content\/uploads\/2025\/03\/WhatsApp-Image-2025-04-10-at-18.51.56-1-300x300.jpeg","_links":{"self":[{"href":"https:\/\/www.stefaniazani.it\/es\/wp-json\/wp\/v2\/product\/16180","targetHints":{"allow":["GET"]}}],"collection":[{"href":"https:\/\/www.stefaniazani.it\/es\/wp-json\/wp\/v2\/product"}],"about":[{"href":"https:\/\/www.stefaniazani.it\/es\/wp-json\/wp\/v2\/types\/product"}],"wp:featuredmedia":[{"embeddable":true,"href":"https:\/\/www.stefaniazani.it\/es\/wp-json\/wp\/v2\/media\/16723"}],"wp:attachment":[{"href":"https:\/\/www.stefaniazani.it\/es\/wp-json\/wp\/v2\/media?parent=16180"}],"wp:term":[{"taxonomy":"product_brand","embeddable":true,"href":"https:\/\/www.stefaniazani.it\/es\/wp-json\/wp\/v2\/product_brand?post=16180"},{"taxonomy":"product_cat","embeddable":true,"href":"https:\/\/www.stefaniazani.it\/es\/wp-json\/wp\/v2\/product_cat?post=16180"},{"taxonomy":"product_tag","embeddable":true,"href":"https:\/\/www.stefaniazani.it\/es\/wp-json\/wp\/v2\/product_tag?post=16180"}],"curies":[{"name":"wp","href":"https:\/\/api.w.org\/{rel}","templated":true}]}}