{"id":16164,"date":"2025-03-27T18:08:11","date_gmt":"2025-03-27T17:08:11","guid":{"rendered":"https:\/\/www.stefaniazani.it\/prodotto\/\/"},"modified":"2025-12-21T02:26:33","modified_gmt":"2025-12-21T01:26:33","slug":"quando-il-sogno-diventa-realta-diventa-realta-nettuno-il-maestro-dellevoluzione-collettiva-entra-in-ariete","status":"publish","type":"product","link":"https:\/\/www.stefaniazani.it\/es\/producto\/cuando-el-sueno-se-hace-alto-neptuno-el-maestro-de-las-voluciones-colectivas-entra-en-el-aire\/","title":{"rendered":"CUANDO EL SUE\u00d1O SE HACE REALIDAD"},"content":{"rendered":"<p><strong>Cuando el sue\u00f1o se hace realidad &#8211; Neptuno, el Maestro de la Evoluci\u00f3n Colectiva, entra en Aries <\/strong><br \/>\n<strong>Conferencia grabada<\/strong><\/p>\n<p>Con la participaci\u00f3n de <strong><em>Fabrizio Mariotti<\/em><\/strong><\/p>\n<p>Tras a\u00f1os en el signo de Piscis, Neptuno cambia de casa y se prepara para entrar en Aries. Es un paso que marca un profundo punto de inflexi\u00f3n: si en Piscis disolv\u00eda ilusiones, certezas y l\u00edmites, en Aries se convierte en la chispa de un nuevo comienzo, llam\u00e1ndonos a una transformaci\u00f3n m\u00e1s personal y concreta.<\/p>\n<p>Anta\u00f1o conocido como el Pr\u00edncipe de las Mareas, hoy Neptuno es visto como el Maestro de la evoluci\u00f3n colectiva, el planeta que trabaja sobre las conciencias, acompa\u00f1\u00e1ndolas m\u00e1s all\u00e1 de lo que ya conocen. En los \u00faltimos a\u00f1os ha trabajado en profundidad, desmantelando viejas estructuras interiores y abriendo espacios de nueva sensibilidad. Ahora, con su entrada en Aries, lleva esta transformaci\u00f3n a otro nivel: ya no es s\u00f3lo disoluci\u00f3n, sino el nacimiento de una nueva identidad, m\u00e1s aut\u00e9ntica y acorde con el cambio que estamos viviendo.<\/p>\n<p>En esta lecci\u00f3n exploraremos el significado de este pasaje, escuchando lo que nos pide y c\u00f3mo podemos prepararnos para acogerlo. Un encuentro para comprender mejor el tiempo que estamos viviendo y encontrar herramientas para atravesarlo con m\u00e1s conciencia&#8230;<\/p>\n<p><strong>TE INVITAMOS A INTRODUCIR LOS DATOS REQUERIDOS (FECHA, LUGAR Y HORA DE NACIMIENTO) PARA CALCULAR TU TEMA DE NAVIDAD<br \/><strong>Aquellos que adquieran esta lecci\u00f3n junto con la lecci\u00f3n especial \u00abAstrosof\u00eda y Destino\u00bb de Fabrizio Mariotti recibir\u00e1n un descuento autom\u00e1tico del 20% en su cesta de la compra.<br \/>El enlace y la contrase\u00f1a para acceder a la lecci\u00f3n se encuentran en el archivo pdf que llega con el e-mail autom\u00e1tico de confirmaci\u00f3n del pedido.<\/strong>     <\/strong><\/p>\n","protected":false},"excerpt":{"rendered":"<p><strong>Cuando el sue\u00f1o se hace realidad &#8211; Neptuno, el Maestro de la Evoluci\u00f3n Colectiva, entra en Aries <\/strong><br \/>\n<strong>Conferencia grabada<\/strong><\/p>\n<p>Con la participaci\u00f3n de <strong><em>Fabrizio Mariotti<\/em><\/strong><\/p>\n<p>Tras a\u00f1os en el signo de Piscis, Neptuno cambia de casa y se prepara para entrar en Aries. Es un paso que marca un profundo punto de inflexi\u00f3n: si en Piscis disolv\u00eda ilusiones, certezas y l\u00edmites, en Aries se convierte en la chispa de un nuevo comienzo, llam\u00e1ndonos a una transformaci\u00f3n m\u00e1s personal y concreta.<\/p>\n<p>Anta\u00f1o conocido como el Pr\u00edncipe de las Mareas, hoy Neptuno es visto como el Maestro de la evoluci\u00f3n colectiva, el planeta que trabaja sobre las conciencias, acompa\u00f1\u00e1ndolas m\u00e1s all\u00e1 de lo que ya conocen. En los \u00faltimos a\u00f1os ha trabajado en profundidad, desmantelando viejas estructuras interiores y abriendo espacios de nueva sensibilidad. Ahora, con su entrada en Aries, lleva esta transformaci\u00f3n a otro nivel: ya no es s\u00f3lo disoluci\u00f3n, sino el nacimiento de una nueva identidad, m\u00e1s aut\u00e9ntica y acorde con el cambio que estamos viviendo.<\/p>\n<p>En esta lecci\u00f3n exploraremos el significado de este pasaje, escuchando lo que nos pide y c\u00f3mo podemos prepararnos para acogerlo. Un encuentro para comprender mejor el tiempo que estamos viviendo y encontrar herramientas para atravesarlo con m\u00e1s conciencia&#8230;<\/p>\n<p><strong>TE INVITAMOS A INTRODUCIR LOS DATOS REQUERIDOS (FECHA, LUGAR Y HORA DE NACIMIENTO) PARA CALCULAR TU TEMA DE NAVIDAD<br \/><strong>Aquellos que compren esta lecci\u00f3n junto con la lecci\u00f3n especial \u00abAstrosof\u00eda y Destino\u00bb de Fabrizio Mariotti recibir\u00e1n un descuento autom\u00e1tico del 20% en su cesta de la compra.<br \/>El enlace y la contrase\u00f1a para acceder a la lecci\u00f3n se encuentran en el archivo pdf que llega con el e-mail autom\u00e1tico de confirmaci\u00f3n del pedido.<\/strong>     <\/strong><\/p>\n","protected":false},"featured_media":17512,"template":"","meta":[],"product_brand":[],"product_cat":[27],"product_tag":[],"class_list":{"0":"post-16164","1":"product","2":"type-product","3":"status-publish","4":"has-post-thumbnail","6":"product_cat-lezioni","8":"first","9":"instock","10":"downloadable","11":"virtual","12":"taxable","13":"purchasable","14":"product-type-simple"},"yoast_head":"<!-- This site is optimized with the Yoast SEO plugin v27.5 - https:\/\/yoast.com\/product\/yoast-seo-wordpress\/ -->\n<title>CUANDO EL SUE\u00d1O SE HACE REALIDAD<\/title>\n<meta name=\"description\" content=\"Cuando el sue\u00f1o se hace realidad - Neptuno, el Maestro de la Evoluci\u00f3n Colectiva, entra en Aries  Conferencia grabada  Con la participaci\u00f3n de Fabrizio Mariotti  Tras a\u00f1os en el signo de Piscis, Neptuno cambia de casa y se prepara para entrar en Aries. Es un paso que marca un profundo punto de inflexi\u00f3n: si en Piscis disolv\u00eda ilusiones, certezas y l\u00edmites, en Aries se convierte en la chispa de un nuevo comienzo, llam\u00e1ndonos a una transformaci\u00f3n m\u00e1s personal y concreta.  Anta\u00f1o conocido como el Pr\u00edncipe de las Mareas, hoy Neptuno es visto como el Maestro de la evoluci\u00f3n colectiva, el planeta que trabaja sobre las conciencias, acompa\u00f1\u00e1ndolas m\u00e1s all\u00e1 de lo que ya conocen. En los \u00faltimos a\u00f1os ha trabajado en profundidad, desmantelando viejas estructuras interiores y abriendo espacios de nueva sensibilidad. Ahora, con su entrada en Aries, lleva esta transformaci\u00f3n a otro nivel: ya no es s\u00f3lo disoluci\u00f3n, sino el nacimiento de una nueva identidad, m\u00e1s aut\u00e9ntica y acorde con el cambio que estamos viviendo.  En esta lecci\u00f3n exploraremos el significado de este pasaje, escuchando lo que nos pide y c\u00f3mo podemos prepararnos para acogerlo. Un encuentro para comprender mejor el tiempo que estamos viviendo y encontrar herramientas para atravesarlo con m\u00e1s conciencia...  TE INVITAMOS A INTRODUCIR LOS DATOS REQUERIDOS (FECHA, LUGAR Y HORA DE NACIMIENTO) PARA CALCULAR TU TEMA DE NAVIDADAquellos que compren esta lecci\u00f3n junto con la lecci\u00f3n especial &quot;Astrosof\u00eda y Destino&quot; de Fabrizio Mariotti recibir\u00e1n un descuento autom\u00e1tico del 20% en su cesta de la compra.El enlace y la contrase\u00f1a para acceder a la lecci\u00f3n se encuentran en el archivo pdf que llega con el e-mail autom\u00e1tico de confirmaci\u00f3n del pedido.\" \/>\n<meta name=\"robots\" content=\"index, follow, max-snippet:-1, max-image-preview:large, max-video-preview:-1\" \/>\n<link rel=\"canonical\" href=\"\" \/>\n<meta property=\"og:locale\" content=\"es_ES\" \/>\n<meta property=\"og:type\" content=\"article\" \/>\n<meta property=\"og:title\" content=\"CUANDO EL SUE\u00d1O SE HACE REALIDAD\" \/>\n<meta property=\"og:description\" content=\"Cuando el sue\u00f1o se hace realidad - Neptuno, el Maestro de la Evoluci\u00f3n Colectiva, entra en Aries  Conferencia grabada  Con la participaci\u00f3n de Fabrizio Mariotti  Tras a\u00f1os en el signo de Piscis, Neptuno cambia de casa y se prepara para entrar en Aries. Es un paso que marca un profundo punto de inflexi\u00f3n: si en Piscis disolv\u00eda ilusiones, certezas y l\u00edmites, en Aries se convierte en la chispa de un nuevo comienzo, llam\u00e1ndonos a una transformaci\u00f3n m\u00e1s personal y concreta.  Anta\u00f1o conocido como el Pr\u00edncipe de las Mareas, hoy Neptuno es visto como el Maestro de la evoluci\u00f3n colectiva, el planeta que trabaja sobre las conciencias, acompa\u00f1\u00e1ndolas m\u00e1s all\u00e1 de lo que ya conocen. En los \u00faltimos a\u00f1os ha trabajado en profundidad, desmantelando viejas estructuras interiores y abriendo espacios de nueva sensibilidad. Ahora, con su entrada en Aries, lleva esta transformaci\u00f3n a otro nivel: ya no es s\u00f3lo disoluci\u00f3n, sino el nacimiento de una nueva identidad, m\u00e1s aut\u00e9ntica y acorde con el cambio que estamos viviendo.  En esta lecci\u00f3n exploraremos el significado de este pasaje, escuchando lo que nos pide y c\u00f3mo podemos prepararnos para acogerlo. Un encuentro para comprender mejor el tiempo que estamos viviendo y encontrar herramientas para atravesarlo con m\u00e1s conciencia...  TE INVITAMOS A INTRODUCIR LOS DATOS REQUERIDOS (FECHA, LUGAR Y HORA DE NACIMIENTO) PARA CALCULAR TU TEMA DE NAVIDADAquellos que compren esta lecci\u00f3n junto con la lecci\u00f3n especial &quot;Astrosof\u00eda y Destino&quot; de Fabrizio Mariotti recibir\u00e1n un descuento autom\u00e1tico del 20% en su cesta de la compra.El enlace y la contrase\u00f1a para acceder a la lecci\u00f3n se encuentran en el archivo pdf que llega con el e-mail autom\u00e1tico de confirmaci\u00f3n del pedido.\" \/>\n<meta property=\"og:url\" content=\"https:\/\/www.stefaniazani.it\/es\/producto\/cuando-el-sueno-se-hace-alto-neptuno-el-maestro-de-las-voluciones-colectivas-entra-en-el-aire\/\" \/>\n<meta property=\"og:site_name\" content=\"Stefania Zani\" \/>\n<meta property=\"article:publisher\" content=\"https:\/\/www.facebook.com\/p\/Stefania-Zani-100087139977126\/\" \/>\n<meta property=\"article:modified_time\" content=\"2025-12-21T01:26:33+00:00\" \/>\n<meta property=\"og:image\" content=\"https:\/\/www.stefaniazani.it\/wp-content\/uploads\/2025\/03\/QUANDO-IL-SOGNO-DIVENTA-REALTA-NETTUNO-IL-MAESTRO-DELLEVOLUZIONE-COLLETTIVA-ENTRA-IN-ARIETE-2.png\" \/>\n\t<meta property=\"og:image:width\" content=\"1080\" \/>\n\t<meta property=\"og:image:height\" content=\"1080\" \/>\n\t<meta property=\"og:image:type\" content=\"image\/png\" \/>\n<meta name=\"twitter:card\" content=\"summary_large_image\" \/>\n<meta name=\"twitter:label1\" content=\"Tiempo de lectura\" \/>\n\t<meta name=\"twitter:data1\" content=\"2 minutos\" \/>\n<script type=\"application\/ld+json\" class=\"yoast-schema-graph\">{\"@context\":\"https:\\\/\\\/schema.org\",\"@graph\":[{\"@type\":\"WebPage\",\"@id\":\"https:\\\/\\\/www.stefaniazani.it\\\/es\\\/producto\\\/cuando-el-sueno-se-hace-alto-neptuno-el-maestro-de-las-voluciones-colectivas-entra-en-el-aire\\\/\",\"url\":\"https:\\\/\\\/www.stefaniazani.it\\\/es\\\/producto\\\/cuando-el-sueno-se-hace-alto-neptuno-el-maestro-de-las-voluciones-colectivas-entra-en-el-aire\\\/\",\"name\":\"QUANDO IL SOGNO DIVENTA REALT\u00c0 - Stefania Zani\",\"isPartOf\":{\"@id\":\"https:\\\/\\\/www.stefaniazani.it\\\/#website\"},\"primaryImageOfPage\":{\"@id\":\"https:\\\/\\\/www.stefaniazani.it\\\/es\\\/producto\\\/cuando-el-sueno-se-hace-alto-neptuno-el-maestro-de-las-voluciones-colectivas-entra-en-el-aire\\\/#primaryimage\"},\"image\":{\"@id\":\"https:\\\/\\\/www.stefaniazani.it\\\/es\\\/producto\\\/cuando-el-sueno-se-hace-alto-neptuno-el-maestro-de-las-voluciones-colectivas-entra-en-el-aire\\\/#primaryimage\"},\"thumbnailUrl\":\"\",\"datePublished\":\"2025-03-27T17:08:11+00:00\",\"dateModified\":\"2025-12-21T01:26:33+00:00\",\"description\":\"Lezione con Fabrizio Mariotti: Nettuno entra in Ariete, nascita di una nuova identit\u00e0, pi\u00f9 autentica e in linea con il cambiamento che stiamo attraversando.\",\"breadcrumb\":{\"@id\":\"https:\\\/\\\/www.stefaniazani.it\\\/es\\\/producto\\\/cuando-el-sueno-se-hace-alto-neptuno-el-maestro-de-las-voluciones-colectivas-entra-en-el-aire\\\/#breadcrumb\"},\"inLanguage\":\"es\",\"potentialAction\":[{\"@type\":\"ReadAction\",\"target\":[\"https:\\\/\\\/www.stefaniazani.it\\\/es\\\/producto\\\/cuando-el-sueno-se-hace-alto-neptuno-el-maestro-de-las-voluciones-colectivas-entra-en-el-aire\\\/\"]}]},{\"@type\":\"ImageObject\",\"inLanguage\":\"es\",\"@id\":\"https:\\\/\\\/www.stefaniazani.it\\\/es\\\/producto\\\/cuando-el-sueno-se-hace-alto-neptuno-el-maestro-de-las-voluciones-colectivas-entra-en-el-aire\\\/#primaryimage\",\"url\":\"\",\"contentUrl\":\"\",\"width\":1080,\"height\":1080},{\"@type\":\"BreadcrumbList\",\"@id\":\"https:\\\/\\\/www.stefaniazani.it\\\/es\\\/producto\\\/cuando-el-sueno-se-hace-alto-neptuno-el-maestro-de-las-voluciones-colectivas-entra-en-el-aire\\\/#breadcrumb\",\"itemListElement\":[{\"@type\":\"ListItem\",\"position\":1,\"name\":\"Home\",\"item\":\"https:\\\/\\\/www.stefaniazani.it\\\/\"},{\"@type\":\"ListItem\",\"position\":2,\"name\":\"Shop\",\"item\":\"https:\\\/\\\/www.stefaniazani.it\\\/negozio\\\/\"},{\"@type\":\"ListItem\",\"position\":3,\"name\":\"CUANDO EL SUE\u00d1O SE HACE REALIDAD\"}]},{\"@type\":\"WebSite\",\"@id\":\"https:\\\/\\\/www.stefaniazani.it\\\/es\\\/#website\",\"url\":\"https:\\\/\\\/www.stefaniazani.it\\\/es\\\/\",\"name\":\"Stefania Zani\",\"description\":\"\",\"publisher\":{\"@id\":\"https:\\\/\\\/www.stefaniazani.it\\\/es\\\/#organization\"},\"potentialAction\":[{\"@type\":\"SearchAction\",\"target\":{\"@type\":\"EntryPoint\",\"urlTemplate\":\"https:\\\/\\\/www.stefaniazani.it\\\/es\\\/?s={search_term_string}\"},\"query-input\":{\"@type\":\"PropertyValueSpecification\",\"valueRequired\":true,\"valueName\":\"search_term_string\"}}],\"inLanguage\":\"es\"},{\"@type\":\"Organization\",\"@id\":\"https:\\\/\\\/www.stefaniazani.it\\\/es\\\/#organization\",\"name\":\"Stefania Zani Srl\",\"url\":\"https:\\\/\\\/www.stefaniazani.it\\\/es\\\/\",\"logo\":{\"@type\":\"ImageObject\",\"inLanguage\":\"es\",\"@id\":\"https:\\\/\\\/www.stefaniazani.it\\\/es\\\/#\\\/schema\\\/logo\\\/image\\\/\",\"url\":\"https:\\\/\\\/www.stefaniazani.it\\\/wp-content\\\/uploads\\\/2024\\\/03\\\/stefania_zani_logo_start.png\",\"contentUrl\":\"https:\\\/\\\/www.stefaniazani.it\\\/wp-content\\\/uploads\\\/2024\\\/03\\\/stefania_zani_logo_start.png\",\"width\":250,\"height\":50,\"caption\":\"Stefania Zani Srl\"},\"image\":{\"@id\":\"https:\\\/\\\/www.stefaniazani.it\\\/es\\\/#\\\/schema\\\/logo\\\/image\\\/\"},\"sameAs\":[\"https:\\\/\\\/www.facebook.com\\\/p\\\/Stefania-Zani-100087139977126\\\/\",\"https:\\\/\\\/www.instagram.com\\\/stefania__zani\\\/\"]}]}<\/script>\n<!-- \/ Yoast SEO plugin. -->","yoast_head_json":{"title":"CUANDO EL SUE\u00d1O SE HACE REALIDAD","description":"Cuando el sue\u00f1o se hace realidad - Neptuno, el Maestro de la Evoluci\u00f3n Colectiva, entra en Aries  Conferencia grabada  Con la participaci\u00f3n de Fabrizio Mariotti  Tras a\u00f1os en el signo de Piscis, Neptuno cambia de casa y se prepara para entrar en Aries. Es un paso que marca un profundo punto de inflexi\u00f3n: si en Piscis disolv\u00eda ilusiones, certezas y l\u00edmites, en Aries se convierte en la chispa de un nuevo comienzo, llam\u00e1ndonos a una transformaci\u00f3n m\u00e1s personal y concreta.  Anta\u00f1o conocido como el Pr\u00edncipe de las Mareas, hoy Neptuno es visto como el Maestro de la evoluci\u00f3n colectiva, el planeta que trabaja sobre las conciencias, acompa\u00f1\u00e1ndolas m\u00e1s all\u00e1 de lo que ya conocen. En los \u00faltimos a\u00f1os ha trabajado en profundidad, desmantelando viejas estructuras interiores y abriendo espacios de nueva sensibilidad. Ahora, con su entrada en Aries, lleva esta transformaci\u00f3n a otro nivel: ya no es s\u00f3lo disoluci\u00f3n, sino el nacimiento de una nueva identidad, m\u00e1s aut\u00e9ntica y acorde con el cambio que estamos viviendo.  En esta lecci\u00f3n exploraremos el significado de este pasaje, escuchando lo que nos pide y c\u00f3mo podemos prepararnos para acogerlo. Un encuentro para comprender mejor el tiempo que estamos viviendo y encontrar herramientas para atravesarlo con m\u00e1s conciencia...  TE INVITAMOS A INTRODUCIR LOS DATOS REQUERIDOS (FECHA, LUGAR Y HORA DE NACIMIENTO) PARA CALCULAR TU TEMA DE NAVIDADAquellos que compren esta lecci\u00f3n junto con la lecci\u00f3n especial \"Astrosof\u00eda y Destino\" de Fabrizio Mariotti recibir\u00e1n un descuento autom\u00e1tico del 20% en su cesta de la compra.El enlace y la contrase\u00f1a para acceder a la lecci\u00f3n se encuentran en el archivo pdf que llega con el e-mail autom\u00e1tico de confirmaci\u00f3n del pedido.","robots":{"index":"index","follow":"follow","max-snippet":"max-snippet:-1","max-image-preview":"max-image-preview:large","max-video-preview":"max-video-preview:-1"},"canonical":"Cuando el sue\u00f1o se hace realidad - Neptuno, el Maestro de la Evoluci\u00f3n Colectiva, entra en Aries  Conferencia grabada  Con la participaci\u00f3n de Fabrizio Mariotti  Tras a\u00f1os en el signo de Piscis, Neptuno cambia de casa y se prepara para entrar en Aries. Es un paso que marca un profundo punto de inflexi\u00f3n: si en Piscis disolv\u00eda ilusiones, certezas y l\u00edmites, en Aries se convierte en la chispa de un nuevo comienzo, llam\u00e1ndonos a una transformaci\u00f3n m\u00e1s personal y concreta.  Anta\u00f1o conocido como el Pr\u00edncipe de las Mareas, hoy Neptuno es visto como el Maestro de la evoluci\u00f3n colectiva, el planeta que trabaja sobre las conciencias, acompa\u00f1\u00e1ndolas m\u00e1s all\u00e1 de lo que ya conocen. En los \u00faltimos a\u00f1os ha trabajado en profundidad, desmantelando viejas estructuras interiores y abriendo espacios de nueva sensibilidad. Ahora, con su entrada en Aries, lleva esta transformaci\u00f3n a otro nivel: ya no es s\u00f3lo disoluci\u00f3n, sino el nacimiento de una nueva identidad, m\u00e1s aut\u00e9ntica y acorde con el cambio que estamos viviendo.  En esta lecci\u00f3n exploraremos el significado de este pasaje, escuchando lo que nos pide y c\u00f3mo podemos prepararnos para acogerlo. Un encuentro para comprender mejor el tiempo que estamos viviendo y encontrar herramientas para atravesarlo con m\u00e1s conciencia...  TE INVITAMOS A INTRODUCIR LOS DATOS REQUERIDOS (FECHA, LUGAR Y HORA DE NACIMIENTO) PARA CALCULAR TU TEMA DE NAVIDADAquellos que compren esta lecci\u00f3n junto con la lecci\u00f3n especial \"Astrosof\u00eda y Destino\" de Fabrizio Mariotti recibir\u00e1n un descuento autom\u00e1tico del 20% en su cesta de la compra.El enlace y la contrase\u00f1a para acceder a la lecci\u00f3n se encuentran en el archivo pdf que llega con el e-mail autom\u00e1tico de confirmaci\u00f3n del pedido.","og_locale":"es_ES","og_type":"article","og_title":"CUANDO EL SUE\u00d1O SE HACE REALIDAD","og_description":"Cuando el sue\u00f1o se hace realidad - Neptuno, el Maestro de la Evoluci\u00f3n Colectiva, entra en Aries  Conferencia grabada  Con la participaci\u00f3n de Fabrizio Mariotti  Tras a\u00f1os en el signo de Piscis, Neptuno cambia de casa y se prepara para entrar en Aries. Es un paso que marca un profundo punto de inflexi\u00f3n: si en Piscis disolv\u00eda ilusiones, certezas y l\u00edmites, en Aries se convierte en la chispa de un nuevo comienzo, llam\u00e1ndonos a una transformaci\u00f3n m\u00e1s personal y concreta.  Anta\u00f1o conocido como el Pr\u00edncipe de las Mareas, hoy Neptuno es visto como el Maestro de la evoluci\u00f3n colectiva, el planeta que trabaja sobre las conciencias, acompa\u00f1\u00e1ndolas m\u00e1s all\u00e1 de lo que ya conocen. En los \u00faltimos a\u00f1os ha trabajado en profundidad, desmantelando viejas estructuras interiores y abriendo espacios de nueva sensibilidad. Ahora, con su entrada en Aries, lleva esta transformaci\u00f3n a otro nivel: ya no es s\u00f3lo disoluci\u00f3n, sino el nacimiento de una nueva identidad, m\u00e1s aut\u00e9ntica y acorde con el cambio que estamos viviendo.  En esta lecci\u00f3n exploraremos el significado de este pasaje, escuchando lo que nos pide y c\u00f3mo podemos prepararnos para acogerlo. Un encuentro para comprender mejor el tiempo que estamos viviendo y encontrar herramientas para atravesarlo con m\u00e1s conciencia...  TE INVITAMOS A INTRODUCIR LOS DATOS REQUERIDOS (FECHA, LUGAR Y HORA DE NACIMIENTO) PARA CALCULAR TU TEMA DE NAVIDADAquellos que compren esta lecci\u00f3n junto con la lecci\u00f3n especial \"Astrosof\u00eda y Destino\" de Fabrizio Mariotti recibir\u00e1n un descuento autom\u00e1tico del 20% en su cesta de la compra.El enlace y la contrase\u00f1a para acceder a la lecci\u00f3n se encuentran en el archivo pdf que llega con el e-mail autom\u00e1tico de confirmaci\u00f3n del pedido.","og_url":"https:\/\/www.stefaniazani.it\/es\/producto\/cuando-el-sueno-se-hace-alto-neptuno-el-maestro-de-las-voluciones-colectivas-entra-en-el-aire\/","og_site_name":"Stefania Zani","article_publisher":"https:\/\/www.facebook.com\/p\/Stefania-Zani-100087139977126\/","article_modified_time":"2025-12-21T01:26:33+00:00","og_image":[{"width":1080,"height":1080,"url":"https:\/\/www.stefaniazani.it\/wp-content\/uploads\/2025\/03\/QUANDO-IL-SOGNO-DIVENTA-REALTA-NETTUNO-IL-MAESTRO-DELLEVOLUZIONE-COLLETTIVA-ENTRA-IN-ARIETE-2.png","type":"image\/png"}],"twitter_card":"summary_large_image","twitter_misc":{"Tiempo de lectura":"2 minutos"},"schema":{"@context":"https:\/\/schema.org","@graph":[{"@type":"WebPage","@id":"https:\/\/www.stefaniazani.it\/es\/producto\/cuando-el-sueno-se-hace-alto-neptuno-el-maestro-de-las-voluciones-colectivas-entra-en-el-aire\/","url":"https:\/\/www.stefaniazani.it\/es\/producto\/cuando-el-sueno-se-hace-alto-neptuno-el-maestro-de-las-voluciones-colectivas-entra-en-el-aire\/","name":"QUANDO IL SOGNO DIVENTA REALT\u00c0 - Stefania Zani","isPartOf":{"@id":"https:\/\/www.stefaniazani.it\/#website"},"primaryImageOfPage":{"@id":"https:\/\/www.stefaniazani.it\/es\/producto\/cuando-el-sueno-se-hace-alto-neptuno-el-maestro-de-las-voluciones-colectivas-entra-en-el-aire\/#primaryimage"},"image":{"@id":"https:\/\/www.stefaniazani.it\/es\/producto\/cuando-el-sueno-se-hace-alto-neptuno-el-maestro-de-las-voluciones-colectivas-entra-en-el-aire\/#primaryimage"},"thumbnailUrl":"","datePublished":"2025-03-27T17:08:11+00:00","dateModified":"2025-12-21T01:26:33+00:00","description":"Lezione con Fabrizio Mariotti: Nettuno entra in Ariete, nascita di una nuova identit\u00e0, pi\u00f9 autentica e in linea con il cambiamento che stiamo attraversando.","breadcrumb":{"@id":"https:\/\/www.stefaniazani.it\/es\/producto\/cuando-el-sueno-se-hace-alto-neptuno-el-maestro-de-las-voluciones-colectivas-entra-en-el-aire\/#breadcrumb"},"inLanguage":"es","potentialAction":[{"@type":"ReadAction","target":["https:\/\/www.stefaniazani.it\/es\/producto\/cuando-el-sueno-se-hace-alto-neptuno-el-maestro-de-las-voluciones-colectivas-entra-en-el-aire\/"]}]},{"@type":"ImageObject","inLanguage":"es","@id":"https:\/\/www.stefaniazani.it\/es\/producto\/cuando-el-sueno-se-hace-alto-neptuno-el-maestro-de-las-voluciones-colectivas-entra-en-el-aire\/#primaryimage","url":"","contentUrl":"","width":1080,"height":1080},{"@type":"BreadcrumbList","@id":"https:\/\/www.stefaniazani.it\/es\/producto\/cuando-el-sueno-se-hace-alto-neptuno-el-maestro-de-las-voluciones-colectivas-entra-en-el-aire\/#breadcrumb","itemListElement":[{"@type":"ListItem","position":1,"name":"Home","item":"https:\/\/www.stefaniazani.it\/"},{"@type":"ListItem","position":2,"name":"Shop","item":"https:\/\/www.stefaniazani.it\/negozio\/"},{"@type":"ListItem","position":3,"name":"CUANDO EL SUE\u00d1O SE HACE REALIDAD"}]},{"@type":"WebSite","@id":"https:\/\/www.stefaniazani.it\/es\/#website","url":"https:\/\/www.stefaniazani.it\/es\/","name":"Stefania Zani","description":"","publisher":{"@id":"https:\/\/www.stefaniazani.it\/es\/#organization"},"potentialAction":[{"@type":"SearchAction","target":{"@type":"EntryPoint","urlTemplate":"https:\/\/www.stefaniazani.it\/es\/?s={search_term_string}"},"query-input":{"@type":"PropertyValueSpecification","valueRequired":true,"valueName":"search_term_string"}}],"inLanguage":"es"},{"@type":"Organization","@id":"https:\/\/www.stefaniazani.it\/es\/#organization","name":"Stefania Zani Srl","url":"https:\/\/www.stefaniazani.it\/es\/","logo":{"@type":"ImageObject","inLanguage":"es","@id":"https:\/\/www.stefaniazani.it\/es\/#\/schema\/logo\/image\/","url":"https:\/\/www.stefaniazani.it\/wp-content\/uploads\/2024\/03\/stefania_zani_logo_start.png","contentUrl":"https:\/\/www.stefaniazani.it\/wp-content\/uploads\/2024\/03\/stefania_zani_logo_start.png","width":250,"height":50,"caption":"Stefania Zani Srl"},"image":{"@id":"https:\/\/www.stefaniazani.it\/es\/#\/schema\/logo\/image\/"},"sameAs":["https:\/\/www.facebook.com\/p\/Stefania-Zani-100087139977126\/","https:\/\/www.instagram.com\/stefania__zani\/"]}]}},"df_price":50,"df_sale_price":"","df_regular_price":50,"df_image_link":"https:\/\/www.stefaniazani.it\/wp-content\/uploads\/woocommerce-placeholder-300x300.png","_links":{"self":[{"href":"https:\/\/www.stefaniazani.it\/es\/wp-json\/wp\/v2\/product\/16164","targetHints":{"allow":["GET"]}}],"collection":[{"href":"https:\/\/www.stefaniazani.it\/es\/wp-json\/wp\/v2\/product"}],"about":[{"href":"https:\/\/www.stefaniazani.it\/es\/wp-json\/wp\/v2\/types\/product"}],"wp:featuredmedia":[{"embeddable":true,"href":"https:\/\/www.stefaniazani.it\/es\/wp-json\/"}],"wp:attachment":[{"href":"https:\/\/www.stefaniazani.it\/es\/wp-json\/wp\/v2\/media?parent=16164"}],"wp:term":[{"taxonomy":"product_brand","embeddable":true,"href":"https:\/\/www.stefaniazani.it\/es\/wp-json\/wp\/v2\/product_brand?post=16164"},{"taxonomy":"product_cat","embeddable":true,"href":"https:\/\/www.stefaniazani.it\/es\/wp-json\/wp\/v2\/product_cat?post=16164"},{"taxonomy":"product_tag","embeddable":true,"href":"https:\/\/www.stefaniazani.it\/es\/wp-json\/wp\/v2\/product_tag?post=16164"}],"curies":[{"name":"wp","href":"https:\/\/api.w.org\/{rel}","templated":true}]}}