{"id":15971,"date":"2025-03-24T14:30:26","date_gmt":"2025-03-24T13:30:26","guid":{"rendered":"https:\/\/www.stefaniazani.it\/prodotto\/\/"},"modified":"2025-12-16T00:40:11","modified_gmt":"2025-12-15T23:40:11","slug":"geometrie-dellanima","status":"publish","type":"product","link":"https:\/\/www.stefaniazani.it\/es\/producto\/peritos\/","title":{"rendered":"GEOMETR\u00cdAS DEL ALMA: EL LENGUAJE SUTIL ENTRE CRISTALES Y CARTAS ESENCIALES"},"content":{"rendered":"<p><strong>Lezione registrata<\/strong><br \/>\nGeometrie dell&#8217;Anima: il linguaggio sottile tra cristalli e carte Essenziali<\/strong><br \/>\nCon la partecipazione di <strong><em>Francesco Valentini<\/em><\/strong><\/p>\n<p>Ogni forma \u00e8 un richiamo.<br \/>\nOgni cristallo, con la sua geometria sacra, parla una lingua antica che l\u2019Anima riconosce senza bisogno di parole.<br \/>\nAllo stesso modo, ogni Carta Essenziale \u00e8 un portale, un simbolo vivo che vibra in risonanza con ci\u00f2 che dentro di noi vuole essere visto, integrato, liberato.<\/p>\n<p>Questa lezione \u00e8 un viaggio dentro le trame invisibili che uniscono il regno minerale al mondo simbolico. Non per imparare in maniera sterile, ma per ricordare qualcosa che ci appartiene.<br \/>\nCome insegnava Paracelso, tutto in Natura porta impressa una firma: ogni pianta, ogni cristallo, ogni forma manifesta esteriormente ci\u00f2 che guarisce interiormente. \u00c8 la legge delle signature, secondo cui il simile riconosce il simile, e ci\u00f2 che ti attrae \u00e8 gi\u00e0 scritto dentro di te.<br \/>\nI cristalli non li scegliamo: li ricordiamo. <br \/>\nCos\u00ec come le Carte Essenziali non ci insegnano nulla di nuovo, ma ci aiutano a ritrovare un sapere che l\u2019Anima custodisce da sempre.<\/p>\n<p>Scopriremo insieme come le frequenze dei cristalli e l\u2019energia delle Carte possano intrecciarsi in una danza di guarigione, rivelazione e alleanza interiore.<br \/>\nSar\u00e0 un\u2019esperienza sensoriale e spirituale, in cui imparerai ad ascoltare ci\u00f2 che una pietra ti sussurra e ci\u00f2 che una carta ti specchia, lasciando che le due energie si incontrino proprio dove l\u2019Anima \u00e8 pronta ad aprirsi.<\/p>\n<p>In fondo, \u00e8 sempre una questione di risonanza: quando il simbolo ti parla e il cristallo ti chiama, significa che una nuova geometria interiore sta cercando di nascere.<\/p>\n<p><strong>Geometrie dell&#8217;Anima. Il link e la password per accedere alla lezione li trovi all&#8217;interno del file pdf che arriva insieme alla mail automatica di conferma dell&#8217;ordine.<\/strong><\/p>\n","protected":false},"excerpt":{"rendered":"<p><strong>Conferencia grabada<\/strong><br \/>\nGeometr\u00edas del Alma: El Lenguaje Sutil entre Cristales y Cartas Esenciales<br \/>\nCon la participaci\u00f3n de <strong><em>Francesco Valentini<\/em><\/strong><\/p>\n<p>Cada forma es una llamada.<br \/>\nCada cristal, con su geometr\u00eda sagrada, habla un lenguaje ancestral que el Alma reconoce sin necesidad de palabras.<br \/>\nDel mismo modo, cada Carta Esencial es un portal, un s\u00edmbolo vivo que vibra en resonancia con lo que dentro de nosotros quiere ser visto, integrado, liberado.<\/p>\n<p>Esta lecci\u00f3n es un viaje por las redes invisibles que unen el reino mineral con el mundo simb\u00f3lico. No para aprender de forma est\u00e9ril, sino para recordar algo que nos pertenece.<br \/>\nComo ense\u00f1\u00f3 Paracelso, todo en la Naturaleza lleva una firma: cada planta, cada cristal, cada forma manifiesta exteriormente lo que cura interiormente. Es la ley de las firmas, seg\u00fan la cual lo semejante reconoce lo semejante, y lo que te atrae ya est\u00e1 escrito en ti.<br \/>\nNo elegimos los cristales: los recordamos. <br \/>\nAs\u00ed como las Cartas Esenciales no nos ense\u00f1an nada nuevo, nos ayudan a redescubrir un conocimiento que el Alma siempre ha guardado.<\/p>\n<p>Juntos descubriremos c\u00f3mo las frecuencias de los cristales y la energ\u00eda de las Cartas pueden entrelazarse en una danza de sanaci\u00f3n, revelaci\u00f3n y alianza interior.<br \/>\nSer\u00e1 una experiencia sensorial y espiritual, en la que aprender\u00e1s a escuchar lo que te susurra una piedra y lo que te refleja una carta, dejando que las dos energ\u00edas se encuentren justo donde el Alma est\u00e1 dispuesta a abrirse.<\/p>\n<p>Al fin y al cabo, siempre es una cuesti\u00f3n de resonancia: cuando el s\u00edmbolo te habla y el cristal te llama, significa que una nueva geometr\u00eda interior est\u00e1 intentando nacer.<\/p>\n<p><strong>Encontrar\u00e1s el enlace y la contrase\u00f1a para acceder a la lecci\u00f3n en el archivo pdf que llega con el correo electr\u00f3nico de confirmaci\u00f3n autom\u00e1tica del pedido.<\/strong><\/p>\n","protected":false},"featured_media":18520,"template":"","meta":[],"product_brand":[],"product_cat":[27],"product_tag":[],"class_list":{"0":"post-15971","1":"product","2":"type-product","3":"status-publish","4":"has-post-thumbnail","6":"product_cat-lezioni","8":"first","9":"instock","10":"downloadable","11":"virtual","12":"taxable","13":"purchasable","14":"product-type-simple"},"yoast_head":"<!-- This site is optimized with the Yoast SEO plugin v27.4 - https:\/\/yoast.com\/product\/yoast-seo-wordpress\/ -->\n<title>GEOMETR\u00cdAS DEL ALMA: EL LENGUAJE SUTIL ENTRE CRISTALES Y CARTAS ESENCIALES<\/title>\n<meta name=\"description\" content=\"Conferencia grabada Geometr\u00edas del Alma: El Lenguaje Sutil entre Cristales y Cartas Esenciales Con la participaci\u00f3n de Francesco Valentini  Cada forma es una llamada. Cada cristal, con su geometr\u00eda sagrada, habla un lenguaje ancestral que el Alma reconoce sin necesidad de palabras. Del mismo modo, cada Carta Esencial es un portal, un s\u00edmbolo vivo que vibra en resonancia con lo que dentro de nosotros quiere ser visto, integrado, liberado.  Esta lecci\u00f3n es un viaje por las redes invisibles que unen el reino mineral con el mundo simb\u00f3lico. No para aprender de forma est\u00e9ril, sino para recordar algo que nos pertenece. Como ense\u00f1\u00f3 Paracelso, todo en la Naturaleza lleva una firma: cada planta, cada cristal, cada forma manifiesta exteriormente lo que cura interiormente. Es la ley de las firmas, seg\u00fan la cual lo semejante reconoce lo semejante, y lo que te atrae ya est\u00e1 escrito en ti. No elegimos los cristales: los recordamos.  As\u00ed como las Cartas Esenciales no nos ense\u00f1an nada nuevo, nos ayudan a redescubrir un conocimiento que el Alma siempre ha guardado.   Juntos descubriremos c\u00f3mo las frecuencias de los cristales y la energ\u00eda de las Cartas pueden entrelazarse en una danza de sanaci\u00f3n, revelaci\u00f3n y alianza interior. Ser\u00e1 una experiencia sensorial y espiritual, en la que aprender\u00e1s a escuchar lo que te susurra una piedra y lo que te refleja una carta, dejando que las dos energ\u00edas se encuentren justo donde el Alma est\u00e1 dispuesta a abrirse.  Al fin y al cabo, siempre es una cuesti\u00f3n de resonancia: cuando el s\u00edmbolo te habla y el cristal te llama, significa que una nueva geometr\u00eda interior est\u00e1 intentando nacer.   Encontrar\u00e1s el enlace y la contrase\u00f1a para acceder a la lecci\u00f3n en el archivo pdf que llega con el correo electr\u00f3nico de confirmaci\u00f3n autom\u00e1tica del pedido.\" \/>\n<meta name=\"robots\" content=\"index, follow, max-snippet:-1, max-image-preview:large, max-video-preview:-1\" \/>\n<link rel=\"canonical\" href=\"\" \/>\n<meta property=\"og:locale\" content=\"es_ES\" \/>\n<meta property=\"og:type\" content=\"article\" \/>\n<meta property=\"og:title\" content=\"GEOMETR\u00cdAS DEL ALMA: EL LENGUAJE SUTIL ENTRE CRISTALES Y CARTAS ESENCIALES\" \/>\n<meta property=\"og:description\" content=\"Conferencia grabada Geometr\u00edas del Alma: El Lenguaje Sutil entre Cristales y Cartas Esenciales Con la participaci\u00f3n de Francesco Valentini  Cada forma es una llamada. Cada cristal, con su geometr\u00eda sagrada, habla un lenguaje ancestral que el Alma reconoce sin necesidad de palabras. Del mismo modo, cada Carta Esencial es un portal, un s\u00edmbolo vivo que vibra en resonancia con lo que dentro de nosotros quiere ser visto, integrado, liberado.  Esta lecci\u00f3n es un viaje por las redes invisibles que unen el reino mineral con el mundo simb\u00f3lico. No para aprender de forma est\u00e9ril, sino para recordar algo que nos pertenece. Como ense\u00f1\u00f3 Paracelso, todo en la Naturaleza lleva una firma: cada planta, cada cristal, cada forma manifiesta exteriormente lo que cura interiormente. Es la ley de las firmas, seg\u00fan la cual lo semejante reconoce lo semejante, y lo que te atrae ya est\u00e1 escrito en ti. No elegimos los cristales: los recordamos.  As\u00ed como las Cartas Esenciales no nos ense\u00f1an nada nuevo, nos ayudan a redescubrir un conocimiento que el Alma siempre ha guardado.   Juntos descubriremos c\u00f3mo las frecuencias de los cristales y la energ\u00eda de las Cartas pueden entrelazarse en una danza de sanaci\u00f3n, revelaci\u00f3n y alianza interior. Ser\u00e1 una experiencia sensorial y espiritual, en la que aprender\u00e1s a escuchar lo que te susurra una piedra y lo que te refleja una carta, dejando que las dos energ\u00edas se encuentren justo donde el Alma est\u00e1 dispuesta a abrirse.  Al fin y al cabo, siempre es una cuesti\u00f3n de resonancia: cuando el s\u00edmbolo te habla y el cristal te llama, significa que una nueva geometr\u00eda interior est\u00e1 intentando nacer.   Encontrar\u00e1s el enlace y la contrase\u00f1a para acceder a la lecci\u00f3n en el archivo pdf que llega con el correo electr\u00f3nico de confirmaci\u00f3n autom\u00e1tica del pedido.\" \/>\n<meta property=\"og:url\" content=\"https:\/\/www.stefaniazani.it\/es\/producto\/peritos\/\" \/>\n<meta property=\"og:site_name\" content=\"Stefania Zani\" \/>\n<meta property=\"article:publisher\" content=\"https:\/\/www.facebook.com\/p\/Stefania-Zani-100087139977126\/\" \/>\n<meta property=\"article:modified_time\" content=\"2025-12-15T23:40:11+00:00\" \/>\n<meta property=\"og:image\" content=\"https:\/\/www.stefaniazani.it\/wp-content\/uploads\/2025\/04\/Geometrie-dellAnima-2.png\" \/>\n\t<meta property=\"og:image:width\" content=\"1080\" \/>\n\t<meta property=\"og:image:height\" content=\"1080\" \/>\n\t<meta property=\"og:image:type\" content=\"image\/png\" \/>\n<meta name=\"twitter:card\" content=\"summary_large_image\" \/>\n<meta name=\"twitter:label1\" content=\"Tiempo de lectura\" \/>\n\t<meta name=\"twitter:data1\" content=\"2 minutos\" \/>\n<script type=\"application\/ld+json\" class=\"yoast-schema-graph\">{\"@context\":\"https:\\\/\\\/schema.org\",\"@graph\":[{\"@type\":\"WebPage\",\"@id\":\"https:\\\/\\\/www.stefaniazani.it\\\/es\\\/producto\\\/peritos\\\/\",\"url\":\"https:\\\/\\\/www.stefaniazani.it\\\/es\\\/producto\\\/peritos\\\/\",\"name\":\"GEOMETRIE DELL'ANIMA: IL LINGUAGGIO SOTTILE TRA CRISTALLI E CARTE ESSENZIALI - Stefania Zani\",\"isPartOf\":{\"@id\":\"https:\\\/\\\/www.stefaniazani.it\\\/#website\"},\"primaryImageOfPage\":{\"@id\":\"https:\\\/\\\/www.stefaniazani.it\\\/es\\\/producto\\\/peritos\\\/#primaryimage\"},\"image\":{\"@id\":\"https:\\\/\\\/www.stefaniazani.it\\\/es\\\/producto\\\/peritos\\\/#primaryimage\"},\"thumbnailUrl\":\"\",\"datePublished\":\"2025-03-24T13:30:26+00:00\",\"dateModified\":\"2025-12-15T23:40:11+00:00\",\"description\":\"Con Francesco Valentini esploriamo la connessione tra cristalli e Le Essenziali, un viaggio simbolico e sensoriale che risveglia le geometrie dell\u2019Anima.\",\"breadcrumb\":{\"@id\":\"https:\\\/\\\/www.stefaniazani.it\\\/es\\\/producto\\\/peritos\\\/#breadcrumb\"},\"inLanguage\":\"es\",\"potentialAction\":[{\"@type\":\"ReadAction\",\"target\":[\"https:\\\/\\\/www.stefaniazani.it\\\/es\\\/producto\\\/peritos\\\/\"]}]},{\"@type\":\"ImageObject\",\"inLanguage\":\"es\",\"@id\":\"https:\\\/\\\/www.stefaniazani.it\\\/es\\\/producto\\\/peritos\\\/#primaryimage\",\"url\":\"\",\"contentUrl\":\"\",\"width\":1080,\"height\":1080},{\"@type\":\"BreadcrumbList\",\"@id\":\"https:\\\/\\\/www.stefaniazani.it\\\/es\\\/producto\\\/peritos\\\/#breadcrumb\",\"itemListElement\":[{\"@type\":\"ListItem\",\"position\":1,\"name\":\"Home\",\"item\":\"https:\\\/\\\/www.stefaniazani.it\\\/\"},{\"@type\":\"ListItem\",\"position\":2,\"name\":\"Shop\",\"item\":\"https:\\\/\\\/www.stefaniazani.it\\\/negozio\\\/\"},{\"@type\":\"ListItem\",\"position\":3,\"name\":\"GEOMETR\u00cdAS DEL ALMA: EL LENGUAJE SUTIL ENTRE CRISTALES Y CARTAS ESENCIALES\"}]},{\"@type\":\"WebSite\",\"@id\":\"https:\\\/\\\/www.stefaniazani.it\\\/es\\\/#website\",\"url\":\"https:\\\/\\\/www.stefaniazani.it\\\/es\\\/\",\"name\":\"Stefania Zani\",\"description\":\"\",\"publisher\":{\"@id\":\"https:\\\/\\\/www.stefaniazani.it\\\/es\\\/#organization\"},\"potentialAction\":[{\"@type\":\"SearchAction\",\"target\":{\"@type\":\"EntryPoint\",\"urlTemplate\":\"https:\\\/\\\/www.stefaniazani.it\\\/es\\\/?s={search_term_string}\"},\"query-input\":{\"@type\":\"PropertyValueSpecification\",\"valueRequired\":true,\"valueName\":\"search_term_string\"}}],\"inLanguage\":\"es\"},{\"@type\":\"Organization\",\"@id\":\"https:\\\/\\\/www.stefaniazani.it\\\/es\\\/#organization\",\"name\":\"Stefania Zani Srl\",\"url\":\"https:\\\/\\\/www.stefaniazani.it\\\/es\\\/\",\"logo\":{\"@type\":\"ImageObject\",\"inLanguage\":\"es\",\"@id\":\"https:\\\/\\\/www.stefaniazani.it\\\/es\\\/#\\\/schema\\\/logo\\\/image\\\/\",\"url\":\"https:\\\/\\\/www.stefaniazani.it\\\/wp-content\\\/uploads\\\/2024\\\/03\\\/stefania_zani_logo_start.png\",\"contentUrl\":\"https:\\\/\\\/www.stefaniazani.it\\\/wp-content\\\/uploads\\\/2024\\\/03\\\/stefania_zani_logo_start.png\",\"width\":250,\"height\":50,\"caption\":\"Stefania Zani Srl\"},\"image\":{\"@id\":\"https:\\\/\\\/www.stefaniazani.it\\\/es\\\/#\\\/schema\\\/logo\\\/image\\\/\"},\"sameAs\":[\"https:\\\/\\\/www.facebook.com\\\/p\\\/Stefania-Zani-100087139977126\\\/\",\"https:\\\/\\\/www.instagram.com\\\/stefania__zani\\\/\"]}]}<\/script>\n<!-- \/ Yoast SEO plugin. -->","yoast_head_json":{"title":"GEOMETR\u00cdAS DEL ALMA: EL LENGUAJE SUTIL ENTRE CRISTALES Y CARTAS ESENCIALES","description":"Conferencia grabada Geometr\u00edas del Alma: El Lenguaje Sutil entre Cristales y Cartas Esenciales Con la participaci\u00f3n de Francesco Valentini  Cada forma es una llamada. Cada cristal, con su geometr\u00eda sagrada, habla un lenguaje ancestral que el Alma reconoce sin necesidad de palabras. Del mismo modo, cada Carta Esencial es un portal, un s\u00edmbolo vivo que vibra en resonancia con lo que dentro de nosotros quiere ser visto, integrado, liberado.  Esta lecci\u00f3n es un viaje por las redes invisibles que unen el reino mineral con el mundo simb\u00f3lico. No para aprender de forma est\u00e9ril, sino para recordar algo que nos pertenece. Como ense\u00f1\u00f3 Paracelso, todo en la Naturaleza lleva una firma: cada planta, cada cristal, cada forma manifiesta exteriormente lo que cura interiormente. Es la ley de las firmas, seg\u00fan la cual lo semejante reconoce lo semejante, y lo que te atrae ya est\u00e1 escrito en ti. No elegimos los cristales: los recordamos.  As\u00ed como las Cartas Esenciales no nos ense\u00f1an nada nuevo, nos ayudan a redescubrir un conocimiento que el Alma siempre ha guardado.   Juntos descubriremos c\u00f3mo las frecuencias de los cristales y la energ\u00eda de las Cartas pueden entrelazarse en una danza de sanaci\u00f3n, revelaci\u00f3n y alianza interior. Ser\u00e1 una experiencia sensorial y espiritual, en la que aprender\u00e1s a escuchar lo que te susurra una piedra y lo que te refleja una carta, dejando que las dos energ\u00edas se encuentren justo donde el Alma est\u00e1 dispuesta a abrirse.  Al fin y al cabo, siempre es una cuesti\u00f3n de resonancia: cuando el s\u00edmbolo te habla y el cristal te llama, significa que una nueva geometr\u00eda interior est\u00e1 intentando nacer.   Encontrar\u00e1s el enlace y la contrase\u00f1a para acceder a la lecci\u00f3n en el archivo pdf que llega con el correo electr\u00f3nico de confirmaci\u00f3n autom\u00e1tica del pedido.","robots":{"index":"index","follow":"follow","max-snippet":"max-snippet:-1","max-image-preview":"max-image-preview:large","max-video-preview":"max-video-preview:-1"},"canonical":"Conferencia grabada Geometr\u00edas del Alma: El Lenguaje Sutil entre Cristales y Cartas Esenciales Con la participaci\u00f3n de Francesco Valentini  Cada forma es una llamada. Cada cristal, con su geometr\u00eda sagrada, habla un lenguaje ancestral que el Alma reconoce sin necesidad de palabras. Del mismo modo, cada Carta Esencial es un portal, un s\u00edmbolo vivo que vibra en resonancia con lo que dentro de nosotros quiere ser visto, integrado, liberado.  Esta lecci\u00f3n es un viaje por las redes invisibles que unen el reino mineral con el mundo simb\u00f3lico. No para aprender de forma est\u00e9ril, sino para recordar algo que nos pertenece. Como ense\u00f1\u00f3 Paracelso, todo en la Naturaleza lleva una firma: cada planta, cada cristal, cada forma manifiesta exteriormente lo que cura interiormente. Es la ley de las firmas, seg\u00fan la cual lo semejante reconoce lo semejante, y lo que te atrae ya est\u00e1 escrito en ti. No elegimos los cristales: los recordamos.  As\u00ed como las Cartas Esenciales no nos ense\u00f1an nada nuevo, nos ayudan a redescubrir un conocimiento que el Alma siempre ha guardado.   Juntos descubriremos c\u00f3mo las frecuencias de los cristales y la energ\u00eda de las Cartas pueden entrelazarse en una danza de sanaci\u00f3n, revelaci\u00f3n y alianza interior. Ser\u00e1 una experiencia sensorial y espiritual, en la que aprender\u00e1s a escuchar lo que te susurra una piedra y lo que te refleja una carta, dejando que las dos energ\u00edas se encuentren justo donde el Alma est\u00e1 dispuesta a abrirse.  Al fin y al cabo, siempre es una cuesti\u00f3n de resonancia: cuando el s\u00edmbolo te habla y el cristal te llama, significa que una nueva geometr\u00eda interior est\u00e1 intentando nacer.   Encontrar\u00e1s el enlace y la contrase\u00f1a para acceder a la lecci\u00f3n en el archivo pdf que llega con el correo electr\u00f3nico de confirmaci\u00f3n autom\u00e1tica del pedido.","og_locale":"es_ES","og_type":"article","og_title":"GEOMETR\u00cdAS DEL ALMA: EL LENGUAJE SUTIL ENTRE CRISTALES Y CARTAS ESENCIALES","og_description":"Conferencia grabada Geometr\u00edas del Alma: El Lenguaje Sutil entre Cristales y Cartas Esenciales Con la participaci\u00f3n de Francesco Valentini  Cada forma es una llamada. Cada cristal, con su geometr\u00eda sagrada, habla un lenguaje ancestral que el Alma reconoce sin necesidad de palabras. Del mismo modo, cada Carta Esencial es un portal, un s\u00edmbolo vivo que vibra en resonancia con lo que dentro de nosotros quiere ser visto, integrado, liberado.  Esta lecci\u00f3n es un viaje por las redes invisibles que unen el reino mineral con el mundo simb\u00f3lico. No para aprender de forma est\u00e9ril, sino para recordar algo que nos pertenece. Como ense\u00f1\u00f3 Paracelso, todo en la Naturaleza lleva una firma: cada planta, cada cristal, cada forma manifiesta exteriormente lo que cura interiormente. Es la ley de las firmas, seg\u00fan la cual lo semejante reconoce lo semejante, y lo que te atrae ya est\u00e1 escrito en ti. No elegimos los cristales: los recordamos.  As\u00ed como las Cartas Esenciales no nos ense\u00f1an nada nuevo, nos ayudan a redescubrir un conocimiento que el Alma siempre ha guardado.   Juntos descubriremos c\u00f3mo las frecuencias de los cristales y la energ\u00eda de las Cartas pueden entrelazarse en una danza de sanaci\u00f3n, revelaci\u00f3n y alianza interior. Ser\u00e1 una experiencia sensorial y espiritual, en la que aprender\u00e1s a escuchar lo que te susurra una piedra y lo que te refleja una carta, dejando que las dos energ\u00edas se encuentren justo donde el Alma est\u00e1 dispuesta a abrirse.  Al fin y al cabo, siempre es una cuesti\u00f3n de resonancia: cuando el s\u00edmbolo te habla y el cristal te llama, significa que una nueva geometr\u00eda interior est\u00e1 intentando nacer.   Encontrar\u00e1s el enlace y la contrase\u00f1a para acceder a la lecci\u00f3n en el archivo pdf que llega con el correo electr\u00f3nico de confirmaci\u00f3n autom\u00e1tica del pedido.","og_url":"https:\/\/www.stefaniazani.it\/es\/producto\/peritos\/","og_site_name":"Stefania Zani","article_publisher":"https:\/\/www.facebook.com\/p\/Stefania-Zani-100087139977126\/","article_modified_time":"2025-12-15T23:40:11+00:00","og_image":[{"width":1080,"height":1080,"url":"https:\/\/www.stefaniazani.it\/wp-content\/uploads\/2025\/04\/Geometrie-dellAnima-2.png","type":"image\/png"}],"twitter_card":"summary_large_image","twitter_misc":{"Tiempo de lectura":"2 minutos"},"schema":{"@context":"https:\/\/schema.org","@graph":[{"@type":"WebPage","@id":"https:\/\/www.stefaniazani.it\/es\/producto\/peritos\/","url":"https:\/\/www.stefaniazani.it\/es\/producto\/peritos\/","name":"GEOMETRIE DELL'ANIMA: IL LINGUAGGIO SOTTILE TRA CRISTALLI E CARTE ESSENZIALI - Stefania Zani","isPartOf":{"@id":"https:\/\/www.stefaniazani.it\/#website"},"primaryImageOfPage":{"@id":"https:\/\/www.stefaniazani.it\/es\/producto\/peritos\/#primaryimage"},"image":{"@id":"https:\/\/www.stefaniazani.it\/es\/producto\/peritos\/#primaryimage"},"thumbnailUrl":"","datePublished":"2025-03-24T13:30:26+00:00","dateModified":"2025-12-15T23:40:11+00:00","description":"Con Francesco Valentini esploriamo la connessione tra cristalli e Le Essenziali, un viaggio simbolico e sensoriale che risveglia le geometrie dell\u2019Anima.","breadcrumb":{"@id":"https:\/\/www.stefaniazani.it\/es\/producto\/peritos\/#breadcrumb"},"inLanguage":"es","potentialAction":[{"@type":"ReadAction","target":["https:\/\/www.stefaniazani.it\/es\/producto\/peritos\/"]}]},{"@type":"ImageObject","inLanguage":"es","@id":"https:\/\/www.stefaniazani.it\/es\/producto\/peritos\/#primaryimage","url":"","contentUrl":"","width":1080,"height":1080},{"@type":"BreadcrumbList","@id":"https:\/\/www.stefaniazani.it\/es\/producto\/peritos\/#breadcrumb","itemListElement":[{"@type":"ListItem","position":1,"name":"Home","item":"https:\/\/www.stefaniazani.it\/"},{"@type":"ListItem","position":2,"name":"Shop","item":"https:\/\/www.stefaniazani.it\/negozio\/"},{"@type":"ListItem","position":3,"name":"GEOMETR\u00cdAS DEL ALMA: EL LENGUAJE SUTIL ENTRE CRISTALES Y CARTAS ESENCIALES"}]},{"@type":"WebSite","@id":"https:\/\/www.stefaniazani.it\/es\/#website","url":"https:\/\/www.stefaniazani.it\/es\/","name":"Stefania Zani","description":"","publisher":{"@id":"https:\/\/www.stefaniazani.it\/es\/#organization"},"potentialAction":[{"@type":"SearchAction","target":{"@type":"EntryPoint","urlTemplate":"https:\/\/www.stefaniazani.it\/es\/?s={search_term_string}"},"query-input":{"@type":"PropertyValueSpecification","valueRequired":true,"valueName":"search_term_string"}}],"inLanguage":"es"},{"@type":"Organization","@id":"https:\/\/www.stefaniazani.it\/es\/#organization","name":"Stefania Zani Srl","url":"https:\/\/www.stefaniazani.it\/es\/","logo":{"@type":"ImageObject","inLanguage":"es","@id":"https:\/\/www.stefaniazani.it\/es\/#\/schema\/logo\/image\/","url":"https:\/\/www.stefaniazani.it\/wp-content\/uploads\/2024\/03\/stefania_zani_logo_start.png","contentUrl":"https:\/\/www.stefaniazani.it\/wp-content\/uploads\/2024\/03\/stefania_zani_logo_start.png","width":250,"height":50,"caption":"Stefania Zani Srl"},"image":{"@id":"https:\/\/www.stefaniazani.it\/es\/#\/schema\/logo\/image\/"},"sameAs":["https:\/\/www.facebook.com\/p\/Stefania-Zani-100087139977126\/","https:\/\/www.instagram.com\/stefania__zani\/"]}]}},"df_price":35,"df_sale_price":"","df_regular_price":35,"df_image_link":"https:\/\/www.stefaniazani.it\/wp-content\/uploads\/woocommerce-placeholder-300x300.png","_links":{"self":[{"href":"https:\/\/www.stefaniazani.it\/es\/wp-json\/wp\/v2\/product\/15971","targetHints":{"allow":["GET"]}}],"collection":[{"href":"https:\/\/www.stefaniazani.it\/es\/wp-json\/wp\/v2\/product"}],"about":[{"href":"https:\/\/www.stefaniazani.it\/es\/wp-json\/wp\/v2\/types\/product"}],"wp:featuredmedia":[{"embeddable":true,"href":"https:\/\/www.stefaniazani.it\/es\/wp-json\/"}],"wp:attachment":[{"href":"https:\/\/www.stefaniazani.it\/es\/wp-json\/wp\/v2\/media?parent=15971"}],"wp:term":[{"taxonomy":"product_brand","embeddable":true,"href":"https:\/\/www.stefaniazani.it\/es\/wp-json\/wp\/v2\/product_brand?post=15971"},{"taxonomy":"product_cat","embeddable":true,"href":"https:\/\/www.stefaniazani.it\/es\/wp-json\/wp\/v2\/product_cat?post=15971"},{"taxonomy":"product_tag","embeddable":true,"href":"https:\/\/www.stefaniazani.it\/es\/wp-json\/wp\/v2\/product_tag?post=15971"}],"curies":[{"name":"wp","href":"https:\/\/api.w.org\/{rel}","templated":true}]}}