{"id":13588,"date":"2025-02-18T11:32:36","date_gmt":"2025-02-18T10:32:36","guid":{"rendered":"https:\/\/www.stefaniazani.it\/?post_type=product&#038;p=13588"},"modified":"2025-12-20T02:02:14","modified_gmt":"2025-12-20T01:02:14","slug":"dialogo-con-l-anima","status":"publish","type":"product","link":"https:\/\/www.stefaniazani.it\/es\/producto\/dialogo-con-el-alma\/","title":{"rendered":"DI\u00c1LOGO CON EL ALMA"},"content":{"rendered":"<p><strong>Dialogo con l&#8217;Anima: Come riconoscere la voce autentica dell\u2019Anima e distinguerla dal chiacchiericcio mentale<\/strong><br \/>\n<strong>&#8211; Lezione registrata &#8211;<\/strong><\/p>\n<p>L\u2019Anima comunica con noi costantemente, ma il suo linguaggio \u00e8 sottile e spesso viene sovrastato dai pensieri, dai condizionamenti e dai desideri della mente. Questa lezione ti aiuter\u00e0 a comprendere quando \u00e8 davvero l\u2019Anima a parlare e quando, invece, \u00e8 solo il rumore del pensiero a confonderti.<\/p>\n<p>Scoprirai cos\u2019\u00e8 l\u2019Anima e come si manifesta nella tua vita. Approfondiremo la differenza tra intuizione autentica e pensieri condizionati, imparando a distinguere i segnali interiori.<\/p>\n<p>Esploreremo strumenti pratici per affinare l\u2019ascolto interiore. Attraverso esercizi guidati, scoprirai come creare uno spazio di silenzio dentro di te per permettere alla voce dell\u2019Anima di emergere con chiarezza.<\/p>\n<p>Ci addentreremo nel tema delle sincronicit\u00e0 e dei segni che la Vita ci invia come risposte al nostro cammino. Imparerai a riconoscere quando un evento, una frase o un incontro \u00e8 pi\u00f9 di una semplice casualit\u00e0.<\/p>\n<p>Concluderemo con una meditazione guidata che ti aiuter\u00e0 a sperimentare in modo diretto il dialogo con la tua Anima.<\/p>\n<p>Se hai dubbi su quale sia il sussurro che l\u2019Anima pronuncia al tuo orecchio, questa lezione \u00e8 per te.<\/p>\n<p><strong>Il link e la password per accedere alla registrazione li trovi all&#8217;interno del file pdf che arriva insieme alla mail automatica di conferma dell&#8217;ordine.<\/strong><\/p>\n","protected":false},"excerpt":{"rendered":"<p><strong>Di\u00e1logo con el Alma: C\u00f3mo reconocer la aut\u00e9ntica voz del Alma y distinguirla de la ch\u00e1chara mental<\/strong><br \/>\n<strong>&#8211; Lecci\u00f3n grabada &#8211;<\/strong><\/p>\n<p>El Alma se comunica con nosotros constantemente, pero su lenguaje es sutil y a menudo se ve dominado por los pensamientos, los condicionamientos y los deseos de la mente. Esta lecci\u00f3n te ayudar\u00e1 a entender cu\u00e1ndo es realmente el Alma la que habla y cu\u00e1ndo es s\u00f3lo el ruido del pensamiento que te confunde.<\/p>\n<p>Descubrir\u00e1s qu\u00e9 es el Alma y c\u00f3mo se manifiesta en tu vida. Profundizaremos en la diferencia entre la intuici\u00f3n genuina y los pensamientos condicionados y aprenderemos a distinguir las se\u00f1ales internas.<\/p>\n<p>Exploraremos herramientas pr\u00e1cticas para agudizar la escucha interior. A trav\u00e9s de ejercicios guiados, descubrir\u00e1s c\u00f3mo crear un espacio de silencio dentro de ti para permitir que la voz del Alma emerja con claridad.<\/p>\n<p>Profundizaremos en el tema de las sincronicidades y las se\u00f1ales que la Vida nos env\u00eda como respuestas a nuestro camino. Aprender\u00e1s a reconocer cu\u00e1ndo un acontecimiento, una frase o un encuentro es algo m\u00e1s que mera casualidad.<\/p>\n<p>Concluiremos con una meditaci\u00f3n guiada que te ayudar\u00e1 a experimentar el di\u00e1logo con tu Alma de forma directa.<\/p>\n<p>Si tienes dudas sobre qu\u00e9 susurro est\u00e1 pronunciando el Alma en tu o\u00eddo, esta lecci\u00f3n es para ti.<\/p>\n<p><strong>Encontrar\u00e1s el enlace y la contrase\u00f1a para acceder a la inscripci\u00f3n en el archivo pdf que llega con el correo electr\u00f3nico de confirmaci\u00f3n autom\u00e1tica del pedido.<\/strong><\/p>\n","protected":false},"featured_media":15662,"template":"","meta":[],"product_brand":[],"product_cat":[27],"product_tag":[],"class_list":{"0":"post-13588","1":"product","2":"type-product","3":"status-publish","4":"has-post-thumbnail","6":"product_cat-lezioni","8":"first","9":"instock","10":"downloadable","11":"virtual","12":"taxable","13":"purchasable","14":"product-type-simple"},"yoast_head":"<!-- This site is optimized with the Yoast SEO plugin v27.5 - https:\/\/yoast.com\/product\/yoast-seo-wordpress\/ -->\n<title>DI\u00c1LOGO CON EL ALMA<\/title>\n<meta name=\"description\" content=\"Di\u00e1logo con el Alma: C\u00f3mo reconocer la aut\u00e9ntica voz del Alma y distinguirla de la ch\u00e1chara mental - Lecci\u00f3n grabada -  El Alma se comunica con nosotros constantemente, pero su lenguaje es sutil y a menudo se ve dominado por los pensamientos, los condicionamientos y los deseos de la mente. Esta lecci\u00f3n te ayudar\u00e1 a entender cu\u00e1ndo es realmente el Alma la que habla y cu\u00e1ndo es s\u00f3lo el ruido del pensamiento que te confunde.  Descubrir\u00e1s qu\u00e9 es el Alma y c\u00f3mo se manifiesta en tu vida. Profundizaremos en la diferencia entre la intuici\u00f3n genuina y los pensamientos condicionados y aprenderemos a distinguir las se\u00f1ales internas.  Exploraremos herramientas pr\u00e1cticas para agudizar la escucha interior. A trav\u00e9s de ejercicios guiados, descubrir\u00e1s c\u00f3mo crear un espacio de silencio dentro de ti para permitir que la voz del Alma emerja con claridad.  Profundizaremos en el tema de las sincronicidades y las se\u00f1ales que la Vida nos env\u00eda como respuestas a nuestro camino. Aprender\u00e1s a reconocer cu\u00e1ndo un acontecimiento, una frase o un encuentro es algo m\u00e1s que mera casualidad.  Concluiremos con una meditaci\u00f3n guiada que te ayudar\u00e1 a experimentar el di\u00e1logo con tu Alma de forma directa.  Si tienes dudas sobre qu\u00e9 susurro est\u00e1 pronunciando el Alma en tu o\u00eddo, esta lecci\u00f3n es para ti.  Encontrar\u00e1s el enlace y la contrase\u00f1a para acceder a la inscripci\u00f3n en el archivo pdf que llega con el correo electr\u00f3nico de confirmaci\u00f3n autom\u00e1tica del pedido.\" \/>\n<meta name=\"robots\" content=\"index, follow, max-snippet:-1, max-image-preview:large, max-video-preview:-1\" \/>\n<link rel=\"canonical\" href=\"\" \/>\n<meta property=\"og:locale\" content=\"es_ES\" \/>\n<meta property=\"og:type\" content=\"article\" \/>\n<meta property=\"og:title\" content=\"DI\u00c1LOGO CON EL ALMA\" \/>\n<meta property=\"og:description\" content=\"Di\u00e1logo con el Alma: C\u00f3mo reconocer la aut\u00e9ntica voz del Alma y distinguirla de la ch\u00e1chara mental - Lecci\u00f3n grabada -  El Alma se comunica con nosotros constantemente, pero su lenguaje es sutil y a menudo se ve dominado por los pensamientos, los condicionamientos y los deseos de la mente. Esta lecci\u00f3n te ayudar\u00e1 a entender cu\u00e1ndo es realmente el Alma la que habla y cu\u00e1ndo es s\u00f3lo el ruido del pensamiento que te confunde.  Descubrir\u00e1s qu\u00e9 es el Alma y c\u00f3mo se manifiesta en tu vida. Profundizaremos en la diferencia entre la intuici\u00f3n genuina y los pensamientos condicionados y aprenderemos a distinguir las se\u00f1ales internas.  Exploraremos herramientas pr\u00e1cticas para agudizar la escucha interior. A trav\u00e9s de ejercicios guiados, descubrir\u00e1s c\u00f3mo crear un espacio de silencio dentro de ti para permitir que la voz del Alma emerja con claridad.  Profundizaremos en el tema de las sincronicidades y las se\u00f1ales que la Vida nos env\u00eda como respuestas a nuestro camino. Aprender\u00e1s a reconocer cu\u00e1ndo un acontecimiento, una frase o un encuentro es algo m\u00e1s que mera casualidad.  Concluiremos con una meditaci\u00f3n guiada que te ayudar\u00e1 a experimentar el di\u00e1logo con tu Alma de forma directa.  Si tienes dudas sobre qu\u00e9 susurro est\u00e1 pronunciando el Alma en tu o\u00eddo, esta lecci\u00f3n es para ti.  Encontrar\u00e1s el enlace y la contrase\u00f1a para acceder a la inscripci\u00f3n en el archivo pdf que llega con el correo electr\u00f3nico de confirmaci\u00f3n autom\u00e1tica del pedido.\" \/>\n<meta property=\"og:url\" content=\"https:\/\/www.stefaniazani.it\/es\/producto\/dialogo-con-el-alma\/\" \/>\n<meta property=\"og:site_name\" content=\"Stefania Zani\" \/>\n<meta property=\"article:publisher\" content=\"https:\/\/www.facebook.com\/p\/Stefania-Zani-100087139977126\/\" \/>\n<meta property=\"article:modified_time\" content=\"2025-12-20T01:02:14+00:00\" \/>\n<meta property=\"og:image\" content=\"https:\/\/www.stefaniazani.it\/wp-content\/uploads\/2025\/03\/La-Missione-dellAnima-3.png\" \/>\n\t<meta property=\"og:image:width\" content=\"1080\" \/>\n\t<meta property=\"og:image:height\" content=\"1080\" \/>\n\t<meta property=\"og:image:type\" content=\"image\/png\" \/>\n<meta name=\"twitter:card\" content=\"summary_large_image\" \/>\n<meta name=\"twitter:label1\" content=\"Tiempo de lectura\" \/>\n\t<meta name=\"twitter:data1\" content=\"2 minutos\" \/>\n<script type=\"application\/ld+json\" class=\"yoast-schema-graph\">{\"@context\":\"https:\\\/\\\/schema.org\",\"@graph\":[{\"@type\":\"WebPage\",\"@id\":\"https:\\\/\\\/www.stefaniazani.it\\\/es\\\/producto\\\/dialogo-con-el-alma\\\/\",\"url\":\"https:\\\/\\\/www.stefaniazani.it\\\/es\\\/producto\\\/dialogo-con-el-alma\\\/\",\"name\":\"DIALOGO CON L\u2019ANIMA - Stefania Zani\",\"isPartOf\":{\"@id\":\"https:\\\/\\\/www.stefaniazani.it\\\/#website\"},\"primaryImageOfPage\":{\"@id\":\"https:\\\/\\\/www.stefaniazani.it\\\/es\\\/producto\\\/dialogo-con-el-alma\\\/#primaryimage\"},\"image\":{\"@id\":\"https:\\\/\\\/www.stefaniazani.it\\\/es\\\/producto\\\/dialogo-con-el-alma\\\/#primaryimage\"},\"thumbnailUrl\":\"\",\"datePublished\":\"2025-02-18T10:32:36+00:00\",\"dateModified\":\"2025-12-20T01:02:14+00:00\",\"description\":\"Lezione online Dialogo con l\u2019Anima: impara a distinguere l\u2019intuizione dell\u2019Anima dal rumore mentale, con esercizi, meditazione guidata e strumenti per l\u2019ascolto interiore.\",\"breadcrumb\":{\"@id\":\"https:\\\/\\\/www.stefaniazani.it\\\/es\\\/producto\\\/dialogo-con-el-alma\\\/#breadcrumb\"},\"inLanguage\":\"es\",\"potentialAction\":[{\"@type\":\"ReadAction\",\"target\":[\"https:\\\/\\\/www.stefaniazani.it\\\/es\\\/producto\\\/dialogo-con-el-alma\\\/\"]}]},{\"@type\":\"ImageObject\",\"inLanguage\":\"es\",\"@id\":\"https:\\\/\\\/www.stefaniazani.it\\\/es\\\/producto\\\/dialogo-con-el-alma\\\/#primaryimage\",\"url\":\"\",\"contentUrl\":\"\",\"width\":1080,\"height\":1080},{\"@type\":\"BreadcrumbList\",\"@id\":\"https:\\\/\\\/www.stefaniazani.it\\\/es\\\/producto\\\/dialogo-con-el-alma\\\/#breadcrumb\",\"itemListElement\":[{\"@type\":\"ListItem\",\"position\":1,\"name\":\"Home\",\"item\":\"https:\\\/\\\/www.stefaniazani.it\\\/\"},{\"@type\":\"ListItem\",\"position\":2,\"name\":\"Shop\",\"item\":\"https:\\\/\\\/www.stefaniazani.it\\\/negozio\\\/\"},{\"@type\":\"ListItem\",\"position\":3,\"name\":\"DI\u00c1LOGO CON EL ALMA\"}]},{\"@type\":\"WebSite\",\"@id\":\"https:\\\/\\\/www.stefaniazani.it\\\/es\\\/#website\",\"url\":\"https:\\\/\\\/www.stefaniazani.it\\\/es\\\/\",\"name\":\"Stefania Zani\",\"description\":\"\",\"publisher\":{\"@id\":\"https:\\\/\\\/www.stefaniazani.it\\\/es\\\/#organization\"},\"potentialAction\":[{\"@type\":\"SearchAction\",\"target\":{\"@type\":\"EntryPoint\",\"urlTemplate\":\"https:\\\/\\\/www.stefaniazani.it\\\/es\\\/?s={search_term_string}\"},\"query-input\":{\"@type\":\"PropertyValueSpecification\",\"valueRequired\":true,\"valueName\":\"search_term_string\"}}],\"inLanguage\":\"es\"},{\"@type\":\"Organization\",\"@id\":\"https:\\\/\\\/www.stefaniazani.it\\\/es\\\/#organization\",\"name\":\"Stefania Zani Srl\",\"url\":\"https:\\\/\\\/www.stefaniazani.it\\\/es\\\/\",\"logo\":{\"@type\":\"ImageObject\",\"inLanguage\":\"es\",\"@id\":\"https:\\\/\\\/www.stefaniazani.it\\\/es\\\/#\\\/schema\\\/logo\\\/image\\\/\",\"url\":\"https:\\\/\\\/www.stefaniazani.it\\\/wp-content\\\/uploads\\\/2024\\\/03\\\/stefania_zani_logo_start.png\",\"contentUrl\":\"https:\\\/\\\/www.stefaniazani.it\\\/wp-content\\\/uploads\\\/2024\\\/03\\\/stefania_zani_logo_start.png\",\"width\":250,\"height\":50,\"caption\":\"Stefania Zani Srl\"},\"image\":{\"@id\":\"https:\\\/\\\/www.stefaniazani.it\\\/es\\\/#\\\/schema\\\/logo\\\/image\\\/\"},\"sameAs\":[\"https:\\\/\\\/www.facebook.com\\\/p\\\/Stefania-Zani-100087139977126\\\/\",\"https:\\\/\\\/www.instagram.com\\\/stefania__zani\\\/\"]}]}<\/script>\n<!-- \/ Yoast SEO plugin. -->","yoast_head_json":{"title":"DI\u00c1LOGO CON EL ALMA","description":"Di\u00e1logo con el Alma: C\u00f3mo reconocer la aut\u00e9ntica voz del Alma y distinguirla de la ch\u00e1chara mental - Lecci\u00f3n grabada -  El Alma se comunica con nosotros constantemente, pero su lenguaje es sutil y a menudo se ve dominado por los pensamientos, los condicionamientos y los deseos de la mente. Esta lecci\u00f3n te ayudar\u00e1 a entender cu\u00e1ndo es realmente el Alma la que habla y cu\u00e1ndo es s\u00f3lo el ruido del pensamiento que te confunde.  Descubrir\u00e1s qu\u00e9 es el Alma y c\u00f3mo se manifiesta en tu vida. Profundizaremos en la diferencia entre la intuici\u00f3n genuina y los pensamientos condicionados y aprenderemos a distinguir las se\u00f1ales internas.  Exploraremos herramientas pr\u00e1cticas para agudizar la escucha interior. A trav\u00e9s de ejercicios guiados, descubrir\u00e1s c\u00f3mo crear un espacio de silencio dentro de ti para permitir que la voz del Alma emerja con claridad.  Profundizaremos en el tema de las sincronicidades y las se\u00f1ales que la Vida nos env\u00eda como respuestas a nuestro camino. Aprender\u00e1s a reconocer cu\u00e1ndo un acontecimiento, una frase o un encuentro es algo m\u00e1s que mera casualidad.  Concluiremos con una meditaci\u00f3n guiada que te ayudar\u00e1 a experimentar el di\u00e1logo con tu Alma de forma directa.  Si tienes dudas sobre qu\u00e9 susurro est\u00e1 pronunciando el Alma en tu o\u00eddo, esta lecci\u00f3n es para ti.  Encontrar\u00e1s el enlace y la contrase\u00f1a para acceder a la inscripci\u00f3n en el archivo pdf que llega con el correo electr\u00f3nico de confirmaci\u00f3n autom\u00e1tica del pedido.","robots":{"index":"index","follow":"follow","max-snippet":"max-snippet:-1","max-image-preview":"max-image-preview:large","max-video-preview":"max-video-preview:-1"},"canonical":"Di\u00e1logo con el Alma: C\u00f3mo reconocer la aut\u00e9ntica voz del Alma y distinguirla de la ch\u00e1chara mental - Lecci\u00f3n grabada -  El Alma se comunica con nosotros constantemente, pero su lenguaje es sutil y a menudo se ve dominado por los pensamientos, los condicionamientos y los deseos de la mente. Esta lecci\u00f3n te ayudar\u00e1 a entender cu\u00e1ndo es realmente el Alma la que habla y cu\u00e1ndo es s\u00f3lo el ruido del pensamiento que te confunde.  Descubrir\u00e1s qu\u00e9 es el Alma y c\u00f3mo se manifiesta en tu vida. Profundizaremos en la diferencia entre la intuici\u00f3n genuina y los pensamientos condicionados y aprenderemos a distinguir las se\u00f1ales internas.  Exploraremos herramientas pr\u00e1cticas para agudizar la escucha interior. A trav\u00e9s de ejercicios guiados, descubrir\u00e1s c\u00f3mo crear un espacio de silencio dentro de ti para permitir que la voz del Alma emerja con claridad.  Profundizaremos en el tema de las sincronicidades y las se\u00f1ales que la Vida nos env\u00eda como respuestas a nuestro camino. Aprender\u00e1s a reconocer cu\u00e1ndo un acontecimiento, una frase o un encuentro es algo m\u00e1s que mera casualidad.  Concluiremos con una meditaci\u00f3n guiada que te ayudar\u00e1 a experimentar el di\u00e1logo con tu Alma de forma directa.  Si tienes dudas sobre qu\u00e9 susurro est\u00e1 pronunciando el Alma en tu o\u00eddo, esta lecci\u00f3n es para ti.  Encontrar\u00e1s el enlace y la contrase\u00f1a para acceder a la inscripci\u00f3n en el archivo pdf que llega con el correo electr\u00f3nico de confirmaci\u00f3n autom\u00e1tica del pedido.","og_locale":"es_ES","og_type":"article","og_title":"DI\u00c1LOGO CON EL ALMA","og_description":"Di\u00e1logo con el Alma: C\u00f3mo reconocer la aut\u00e9ntica voz del Alma y distinguirla de la ch\u00e1chara mental - Lecci\u00f3n grabada -  El Alma se comunica con nosotros constantemente, pero su lenguaje es sutil y a menudo se ve dominado por los pensamientos, los condicionamientos y los deseos de la mente. Esta lecci\u00f3n te ayudar\u00e1 a entender cu\u00e1ndo es realmente el Alma la que habla y cu\u00e1ndo es s\u00f3lo el ruido del pensamiento que te confunde.  Descubrir\u00e1s qu\u00e9 es el Alma y c\u00f3mo se manifiesta en tu vida. Profundizaremos en la diferencia entre la intuici\u00f3n genuina y los pensamientos condicionados y aprenderemos a distinguir las se\u00f1ales internas.  Exploraremos herramientas pr\u00e1cticas para agudizar la escucha interior. A trav\u00e9s de ejercicios guiados, descubrir\u00e1s c\u00f3mo crear un espacio de silencio dentro de ti para permitir que la voz del Alma emerja con claridad.  Profundizaremos en el tema de las sincronicidades y las se\u00f1ales que la Vida nos env\u00eda como respuestas a nuestro camino. Aprender\u00e1s a reconocer cu\u00e1ndo un acontecimiento, una frase o un encuentro es algo m\u00e1s que mera casualidad.  Concluiremos con una meditaci\u00f3n guiada que te ayudar\u00e1 a experimentar el di\u00e1logo con tu Alma de forma directa.  Si tienes dudas sobre qu\u00e9 susurro est\u00e1 pronunciando el Alma en tu o\u00eddo, esta lecci\u00f3n es para ti.  Encontrar\u00e1s el enlace y la contrase\u00f1a para acceder a la inscripci\u00f3n en el archivo pdf que llega con el correo electr\u00f3nico de confirmaci\u00f3n autom\u00e1tica del pedido.","og_url":"https:\/\/www.stefaniazani.it\/es\/producto\/dialogo-con-el-alma\/","og_site_name":"Stefania Zani","article_publisher":"https:\/\/www.facebook.com\/p\/Stefania-Zani-100087139977126\/","article_modified_time":"2025-12-20T01:02:14+00:00","og_image":[{"width":1080,"height":1080,"url":"https:\/\/www.stefaniazani.it\/wp-content\/uploads\/2025\/03\/La-Missione-dellAnima-3.png","type":"image\/png"}],"twitter_card":"summary_large_image","twitter_misc":{"Tiempo de lectura":"2 minutos"},"schema":{"@context":"https:\/\/schema.org","@graph":[{"@type":"WebPage","@id":"https:\/\/www.stefaniazani.it\/es\/producto\/dialogo-con-el-alma\/","url":"https:\/\/www.stefaniazani.it\/es\/producto\/dialogo-con-el-alma\/","name":"DIALOGO CON L\u2019ANIMA - Stefania Zani","isPartOf":{"@id":"https:\/\/www.stefaniazani.it\/#website"},"primaryImageOfPage":{"@id":"https:\/\/www.stefaniazani.it\/es\/producto\/dialogo-con-el-alma\/#primaryimage"},"image":{"@id":"https:\/\/www.stefaniazani.it\/es\/producto\/dialogo-con-el-alma\/#primaryimage"},"thumbnailUrl":"","datePublished":"2025-02-18T10:32:36+00:00","dateModified":"2025-12-20T01:02:14+00:00","description":"Lezione online Dialogo con l\u2019Anima: impara a distinguere l\u2019intuizione dell\u2019Anima dal rumore mentale, con esercizi, meditazione guidata e strumenti per l\u2019ascolto interiore.","breadcrumb":{"@id":"https:\/\/www.stefaniazani.it\/es\/producto\/dialogo-con-el-alma\/#breadcrumb"},"inLanguage":"es","potentialAction":[{"@type":"ReadAction","target":["https:\/\/www.stefaniazani.it\/es\/producto\/dialogo-con-el-alma\/"]}]},{"@type":"ImageObject","inLanguage":"es","@id":"https:\/\/www.stefaniazani.it\/es\/producto\/dialogo-con-el-alma\/#primaryimage","url":"","contentUrl":"","width":1080,"height":1080},{"@type":"BreadcrumbList","@id":"https:\/\/www.stefaniazani.it\/es\/producto\/dialogo-con-el-alma\/#breadcrumb","itemListElement":[{"@type":"ListItem","position":1,"name":"Home","item":"https:\/\/www.stefaniazani.it\/"},{"@type":"ListItem","position":2,"name":"Shop","item":"https:\/\/www.stefaniazani.it\/negozio\/"},{"@type":"ListItem","position":3,"name":"DI\u00c1LOGO CON EL ALMA"}]},{"@type":"WebSite","@id":"https:\/\/www.stefaniazani.it\/es\/#website","url":"https:\/\/www.stefaniazani.it\/es\/","name":"Stefania Zani","description":"","publisher":{"@id":"https:\/\/www.stefaniazani.it\/es\/#organization"},"potentialAction":[{"@type":"SearchAction","target":{"@type":"EntryPoint","urlTemplate":"https:\/\/www.stefaniazani.it\/es\/?s={search_term_string}"},"query-input":{"@type":"PropertyValueSpecification","valueRequired":true,"valueName":"search_term_string"}}],"inLanguage":"es"},{"@type":"Organization","@id":"https:\/\/www.stefaniazani.it\/es\/#organization","name":"Stefania Zani Srl","url":"https:\/\/www.stefaniazani.it\/es\/","logo":{"@type":"ImageObject","inLanguage":"es","@id":"https:\/\/www.stefaniazani.it\/es\/#\/schema\/logo\/image\/","url":"https:\/\/www.stefaniazani.it\/wp-content\/uploads\/2024\/03\/stefania_zani_logo_start.png","contentUrl":"https:\/\/www.stefaniazani.it\/wp-content\/uploads\/2024\/03\/stefania_zani_logo_start.png","width":250,"height":50,"caption":"Stefania Zani Srl"},"image":{"@id":"https:\/\/www.stefaniazani.it\/es\/#\/schema\/logo\/image\/"},"sameAs":["https:\/\/www.facebook.com\/p\/Stefania-Zani-100087139977126\/","https:\/\/www.instagram.com\/stefania__zani\/"]}]}},"df_price":35,"df_sale_price":"","df_regular_price":35,"df_image_link":"https:\/\/www.stefaniazani.it\/wp-content\/uploads\/woocommerce-placeholder-300x300.png","_links":{"self":[{"href":"https:\/\/www.stefaniazani.it\/es\/wp-json\/wp\/v2\/product\/13588","targetHints":{"allow":["GET"]}}],"collection":[{"href":"https:\/\/www.stefaniazani.it\/es\/wp-json\/wp\/v2\/product"}],"about":[{"href":"https:\/\/www.stefaniazani.it\/es\/wp-json\/wp\/v2\/types\/product"}],"wp:featuredmedia":[{"embeddable":true,"href":"https:\/\/www.stefaniazani.it\/es\/wp-json\/"}],"wp:attachment":[{"href":"https:\/\/www.stefaniazani.it\/es\/wp-json\/wp\/v2\/media?parent=13588"}],"wp:term":[{"taxonomy":"product_brand","embeddable":true,"href":"https:\/\/www.stefaniazani.it\/es\/wp-json\/wp\/v2\/product_brand?post=13588"},{"taxonomy":"product_cat","embeddable":true,"href":"https:\/\/www.stefaniazani.it\/es\/wp-json\/wp\/v2\/product_cat?post=13588"},{"taxonomy":"product_tag","embeddable":true,"href":"https:\/\/www.stefaniazani.it\/es\/wp-json\/wp\/v2\/product_tag?post=13588"}],"curies":[{"name":"wp","href":"https:\/\/api.w.org\/{rel}","templated":true}]}}