{"id":1235,"date":"2024-03-18T17:53:35","date_gmt":"2024-03-18T16:53:35","guid":{"rendered":"https:\/\/stefaniazani.ilfondaco.it\/?post_type=product&#038;p=1235"},"modified":"2026-04-28T02:07:07","modified_gmt":"2026-04-28T00:07:07","slug":"carte-essenziali","status":"publish","type":"product","link":"https:\/\/www.stefaniazani.it\/es\/producto\/las-cartas-esenciales\/","title":{"rendered":"Las Cartas Esenciales"},"content":{"rendered":"<p><strong>Le Essenziali<\/strong><\/p>\n<p>Ho creato questo mazzo di carte scegliendo i 41 oli essenziali che, per quello che \u00e8 il mio sentire, permettono di cogliere le sostanziali sfumature dell\u2019animo umano.<\/p>\n<p>Ogni pianta porta una firma divina che ne determina la forma, la struttura e le caratteristiche curative.<\/p>\n<p>I costi di spedizione sono:<\/p>\n<ul>\n<li>9 \u20ac per l\u2019Italia (spedizioni nazionali)<\/li>\n<li>10 \u20ac per la Spagna<\/li>\n<li>25 \u20ac per l\u2019Europa<\/li>\n<li>30 \u20ac per Svizzera e Regno Unito<\/li>\n<\/ul>\n<p>I tempi di spedizione sono generalmente di 5\/6 giorni lavorativi.<\/p>\n<p>Se desideri acquistare Le Essenziali da un paese extra europeo, puoi scrivere a <a href=\"mailto:incontri@stefanizani.it\">incontri@stefanizani.it<\/a><br \/>\nper ricevere maggiori informazioni e calcolare i costi di spedizione.<\/p>\n<p><strong> La spedizione \u00e8 gratuita per gli ordini superiori a 140 \u20ac, valida solo per l\u2019Italia.<\/strong><\/p>\n","protected":false},"excerpt":{"rendered":"<p data-start=\\\"59\\\" data-end=\\\"137\\\"><span style=\\\"color: #333333;\\\"><strong data-start=\\\"59\\\" data-end=\\\"137\\\">Este producto forma parte del proyecto solidario <a style=\\\"color: #333333;\\\" href=\\\"https:\/\/www.accademiaessenziale.it\/le-essenziali-con-pangea\\\" target=\\\"_blank\\\" rel=\\\"noopener\\\"><em data-start=\\\"108\\\" data-end=\\\"134\\\"><span style=\\\"color: #e2007b;\\\">Las Esenciales con Pangea<\/span><\/em><\/a>.<\/strong><\/span><\/p>\n<p data-start=\\\"139\\\" data-end=\\\"266\\\"><span style=\\\"color: #333333;\\\"> <strong data-start=\\\"142\\\" data-end=\\\"162\\\">El 10% de los beneficios<\/strong> se donar\u00e1 para apoyar a <strong>las mujeres necesitadas<\/strong> y a <strong data-start=\\\"210\\\" data-end=\\\"250\\\">las ni\u00f1as sordas de las escuelas de Pangea en<\/strong> Afganist\u00e1n.<\/span><\/p>\n<p>He creado esta baraja eligiendo los 41 aceites esenciales que, en mi opini\u00f3n, nos permiten captar los matices sustanciales del alma humana. <br \/>Cada planta lleva una firma divina que determina su forma, estructura y caracter\u00edsticas curativas. <\/p>\n<p>Los gastos de env\u00edo son de 10 euros para Espa\u00f1a y 20 euros para Europa, El plazo de env\u00edo suele ser de 6\/8 d\u00edas laborables. <\/p>\n<p>Si desea comprar Le Essenziali desde un pa\u00eds no europeo puede enviar un correo electr\u00f3nico a <a href=\\\"mailto:incontri@stefanizani.it\\\">incontri@stefanizani.it<\/a> y solicitar informaci\u00f3n<\/p>\n<p>.<strong> El env\u00edo es gratuito para pedidos superiores a 140 euros<\/strong>.<\/p>\n","protected":false},"featured_media":1580,"template":"","meta":[],"product_brand":[],"product_cat":[20],"product_tag":[],"class_list":{"0":"post-1235","1":"product","2":"type-product","3":"status-publish","4":"has-post-thumbnail","6":"product_cat-le-carte","8":"first","9":"instock","10":"downloadable","11":"taxable","12":"shipping-taxable","13":"purchasable","14":"product-type-simple"},"yoast_head":"<!-- This site is optimized with the Yoast SEO plugin v27.5 - https:\/\/yoast.com\/product\/yoast-seo-wordpress\/ -->\n<title>Las Cartas Esenciales<\/title>\n<meta name=\"description\" content=\"Este producto forma parte del proyecto solidario Las Esenciales con Pangea.  El 10% de los beneficios se donar\u00e1 para apoyar a las mujeres necesitadas y a las ni\u00f1as sordas de las escuelas de Pangea en Afganist\u00e1n.  He creado esta baraja eligiendo los 41 aceites esenciales que, en mi opini\u00f3n, nos permiten captar los matices sustanciales del alma humana. Cada planta lleva una firma divina que determina su forma, estructura y caracter\u00edsticas curativas.   Los gastos de env\u00edo son de 10 euros para Espa\u00f1a y 20 euros para Europa, El plazo de env\u00edo suele ser de 6\/8 d\u00edas laborables.   Si desea comprar Le Essenziali desde un pa\u00eds no europeo puede enviar un correo electr\u00f3nico a incontri@stefanizani.it y solicitar informaci\u00f3n  . El env\u00edo es gratuito para pedidos superiores a 140 euros.\" \/>\n<meta name=\"robots\" content=\"index, follow, max-snippet:-1, max-image-preview:large, max-video-preview:-1\" \/>\n<link rel=\"canonical\" href=\"http:\/\/Este%20producto%20forma%20parte%20del%20proyecto%20solidario%20Las%20Esenciales%20con%20Pangea.%20%20El%2010%%20de%20los%20beneficios%20se%20donar\u00e1%20para%20apoyar%20a%20las%20mujeres%20necesitadas%20y%20a%20las%20ni\u00f1as%20sordas%20de%20las%20escuelas%20de%20Pangea%20en%20Afganist\u00e1n.%20%20He%20creado%20esta%20baraja%20eligiendo%20los%2041%20aceites%20esenciales%20que,%20en%20mi%20opini\u00f3n,%20nos%20permiten%20captar%20los%20matices%20sustanciales%20del%20alma%20humana.%20Cada%20planta%20lleva%20una%20firma%20divina%20que%20determina%20su%20forma,%20estructura%20y%20caracter\u00edsticas%20curativas.%20%20%20Los%20gastos%20de%20env\u00edo%20son%20de%2010%20euros%20para%20Espa\u00f1a%20y%2020%20euros%20para%20Europa,%20El%20plazo%20de%20env\u00edo%20suele%20ser%20de%206\/8%20d\u00edas%20laborables.%20%20%20Si%20desea%20comprar%20Le%20Essenziali%20desde%20un%20pa\u00eds%20no%20europeo%20puede%20enviar%20un%20correo%20electr\u00f3nico%20a%20incontri@stefanizani.it%20y%20solicitar%20informaci\u00f3n%20%20.%20El%20env\u00edo%20es%20gratuito%20para%20pedidos%20superiores%20a%20140%20euros.\" \/>\n<meta property=\"og:locale\" content=\"es_ES\" \/>\n<meta property=\"og:type\" content=\"article\" \/>\n<meta property=\"og:title\" content=\"Las Cartas Esenciales\" \/>\n<meta property=\"og:description\" content=\"Este producto forma parte del proyecto solidario Las Esenciales con Pangea.  El 10% de los beneficios se donar\u00e1 para apoyar a las mujeres necesitadas y a las ni\u00f1as sordas de las escuelas de Pangea en Afganist\u00e1n.  He creado esta baraja eligiendo los 41 aceites esenciales que, en mi opini\u00f3n, nos permiten captar los matices sustanciales del alma humana. Cada planta lleva una firma divina que determina su forma, estructura y caracter\u00edsticas curativas.   Los gastos de env\u00edo son de 10 euros para Espa\u00f1a y 20 euros para Europa, El plazo de env\u00edo suele ser de 6\/8 d\u00edas laborables.   Si desea comprar Le Essenziali desde un pa\u00eds no europeo puede enviar un correo electr\u00f3nico a incontri@stefanizani.it y solicitar informaci\u00f3n  . El env\u00edo es gratuito para pedidos superiores a 140 euros.\" \/>\n<meta property=\"og:url\" content=\"https:\/\/www.stefaniazani.it\/es\/producto\/las-cartas-esenciales\/\" \/>\n<meta property=\"og:site_name\" content=\"Stefania Zani\" \/>\n<meta property=\"article:publisher\" content=\"https:\/\/www.facebook.com\/p\/Stefania-Zani-100087139977126\/\" \/>\n<meta property=\"article:modified_time\" content=\"2026-04-28T00:07:07+00:00\" \/>\n<meta property=\"og:image\" content=\"https:\/\/www.stefaniazani.it\/wp-content\/uploads\/2024\/05\/DSC03176-scaled.jpg\" \/>\n\t<meta property=\"og:image:width\" content=\"1710\" \/>\n\t<meta property=\"og:image:height\" content=\"2560\" \/>\n\t<meta property=\"og:image:type\" content=\"image\/jpeg\" \/>\n<meta name=\"twitter:card\" content=\"summary_large_image\" \/>\n<meta name=\"twitter:label1\" content=\"Tiempo de lectura\" \/>\n\t<meta name=\"twitter:data1\" content=\"1 minuto\" \/>\n<script type=\"application\/ld+json\" class=\"yoast-schema-graph\">{\"@context\":\"https:\\\/\\\/schema.org\",\"@graph\":[{\"@type\":\"WebPage\",\"@id\":\"https:\\\/\\\/www.stefaniazani.it\\\/es\\\/producto\\\/las-cartas-esenciales\\\/\",\"url\":\"https:\\\/\\\/www.stefaniazani.it\\\/es\\\/producto\\\/las-cartas-esenciales\\\/\",\"name\":\"Le Essenziali - Stefania Zani\",\"isPartOf\":{\"@id\":\"https:\\\/\\\/www.stefaniazani.it\\\/#website\"},\"primaryImageOfPage\":{\"@id\":\"https:\\\/\\\/www.stefaniazani.it\\\/es\\\/producto\\\/las-cartas-esenciales\\\/#primaryimage\"},\"image\":{\"@id\":\"https:\\\/\\\/www.stefaniazani.it\\\/es\\\/producto\\\/las-cartas-esenciales\\\/#primaryimage\"},\"thumbnailUrl\":\"\",\"datePublished\":\"2024-03-18T16:53:35+00:00\",\"dateModified\":\"2026-04-28T00:07:07+00:00\",\"breadcrumb\":{\"@id\":\"https:\\\/\\\/www.stefaniazani.it\\\/es\\\/producto\\\/las-cartas-esenciales\\\/#breadcrumb\"},\"inLanguage\":\"es\",\"potentialAction\":[{\"@type\":\"ReadAction\",\"target\":[\"https:\\\/\\\/www.stefaniazani.it\\\/es\\\/producto\\\/las-cartas-esenciales\\\/\"]}]},{\"@type\":\"ImageObject\",\"inLanguage\":\"es\",\"@id\":\"https:\\\/\\\/www.stefaniazani.it\\\/es\\\/producto\\\/las-cartas-esenciales\\\/#primaryimage\",\"url\":\"\",\"contentUrl\":\"\",\"width\":1080,\"height\":1080,\"caption\":\"Le Essenziali 1\"},{\"@type\":\"BreadcrumbList\",\"@id\":\"https:\\\/\\\/www.stefaniazani.it\\\/es\\\/producto\\\/las-cartas-esenciales\\\/#breadcrumb\",\"itemListElement\":[{\"@type\":\"ListItem\",\"position\":1,\"name\":\"Home\",\"item\":\"https:\\\/\\\/www.stefaniazani.it\\\/\"},{\"@type\":\"ListItem\",\"position\":2,\"name\":\"Shop\",\"item\":\"https:\\\/\\\/www.stefaniazani.it\\\/negozio\\\/\"},{\"@type\":\"ListItem\",\"position\":3,\"name\":\"Las Cartas Esenciales\"}]},{\"@type\":\"WebSite\",\"@id\":\"https:\\\/\\\/www.stefaniazani.it\\\/es\\\/#website\",\"url\":\"https:\\\/\\\/www.stefaniazani.it\\\/es\\\/\",\"name\":\"Stefania Zani\",\"description\":\"\",\"publisher\":{\"@id\":\"https:\\\/\\\/www.stefaniazani.it\\\/es\\\/#organization\"},\"potentialAction\":[{\"@type\":\"SearchAction\",\"target\":{\"@type\":\"EntryPoint\",\"urlTemplate\":\"https:\\\/\\\/www.stefaniazani.it\\\/es\\\/?s={search_term_string}\"},\"query-input\":{\"@type\":\"PropertyValueSpecification\",\"valueRequired\":true,\"valueName\":\"search_term_string\"}}],\"inLanguage\":\"es\"},{\"@type\":\"Organization\",\"@id\":\"https:\\\/\\\/www.stefaniazani.it\\\/es\\\/#organization\",\"name\":\"Stefania Zani Srl\",\"url\":\"https:\\\/\\\/www.stefaniazani.it\\\/es\\\/\",\"logo\":{\"@type\":\"ImageObject\",\"inLanguage\":\"es\",\"@id\":\"https:\\\/\\\/www.stefaniazani.it\\\/es\\\/#\\\/schema\\\/logo\\\/image\\\/\",\"url\":\"https:\\\/\\\/www.stefaniazani.it\\\/wp-content\\\/uploads\\\/2024\\\/03\\\/stefania_zani_logo_start.png\",\"contentUrl\":\"https:\\\/\\\/www.stefaniazani.it\\\/wp-content\\\/uploads\\\/2024\\\/03\\\/stefania_zani_logo_start.png\",\"width\":250,\"height\":50,\"caption\":\"Stefania Zani Srl\"},\"image\":{\"@id\":\"https:\\\/\\\/www.stefaniazani.it\\\/es\\\/#\\\/schema\\\/logo\\\/image\\\/\"},\"sameAs\":[\"https:\\\/\\\/www.facebook.com\\\/p\\\/Stefania-Zani-100087139977126\\\/\",\"https:\\\/\\\/www.instagram.com\\\/stefania__zani\\\/\"]}]}<\/script>\n<!-- \/ Yoast SEO plugin. -->","yoast_head_json":{"title":"Las Cartas Esenciales","description":"Este producto forma parte del proyecto solidario Las Esenciales con Pangea.  El 10% de los beneficios se donar\u00e1 para apoyar a las mujeres necesitadas y a las ni\u00f1as sordas de las escuelas de Pangea en Afganist\u00e1n.  He creado esta baraja eligiendo los 41 aceites esenciales que, en mi opini\u00f3n, nos permiten captar los matices sustanciales del alma humana. Cada planta lleva una firma divina que determina su forma, estructura y caracter\u00edsticas curativas.   Los gastos de env\u00edo son de 10 euros para Espa\u00f1a y 20 euros para Europa, El plazo de env\u00edo suele ser de 6\/8 d\u00edas laborables.   Si desea comprar Le Essenziali desde un pa\u00eds no europeo puede enviar un correo electr\u00f3nico a incontri@stefanizani.it y solicitar informaci\u00f3n  . El env\u00edo es gratuito para pedidos superiores a 140 euros.","robots":{"index":"index","follow":"follow","max-snippet":"max-snippet:-1","max-image-preview":"max-image-preview:large","max-video-preview":"max-video-preview:-1"},"canonical":"Este producto forma parte del proyecto solidario Las Esenciales con Pangea.  El 10% de los beneficios se donar\u00e1 para apoyar a las mujeres necesitadas y a las ni\u00f1as sordas de las escuelas de Pangea en Afganist\u00e1n.  He creado esta baraja eligiendo los 41 aceites esenciales que, en mi opini\u00f3n, nos permiten captar los matices sustanciales del alma humana. Cada planta lleva una firma divina que determina su forma, estructura y caracter\u00edsticas curativas.   Los gastos de env\u00edo son de 10 euros para Espa\u00f1a y 20 euros para Europa, El plazo de env\u00edo suele ser de 6\/8 d\u00edas laborables.   Si desea comprar Le Essenziali desde un pa\u00eds no europeo puede enviar un correo electr\u00f3nico a incontri@stefanizani.it y solicitar informaci\u00f3n  . El env\u00edo es gratuito para pedidos superiores a 140 euros.","og_locale":"es_ES","og_type":"article","og_title":"Las Cartas Esenciales","og_description":"Este producto forma parte del proyecto solidario Las Esenciales con Pangea.  El 10% de los beneficios se donar\u00e1 para apoyar a las mujeres necesitadas y a las ni\u00f1as sordas de las escuelas de Pangea en Afganist\u00e1n.  He creado esta baraja eligiendo los 41 aceites esenciales que, en mi opini\u00f3n, nos permiten captar los matices sustanciales del alma humana. Cada planta lleva una firma divina que determina su forma, estructura y caracter\u00edsticas curativas.   Los gastos de env\u00edo son de 10 euros para Espa\u00f1a y 20 euros para Europa, El plazo de env\u00edo suele ser de 6\/8 d\u00edas laborables.   Si desea comprar Le Essenziali desde un pa\u00eds no europeo puede enviar un correo electr\u00f3nico a incontri@stefanizani.it y solicitar informaci\u00f3n  . El env\u00edo es gratuito para pedidos superiores a 140 euros.","og_url":"https:\/\/www.stefaniazani.it\/es\/producto\/las-cartas-esenciales\/","og_site_name":"Stefania Zani","article_publisher":"https:\/\/www.facebook.com\/p\/Stefania-Zani-100087139977126\/","article_modified_time":"2026-04-28T00:07:07+00:00","og_image":[{"width":1710,"height":2560,"url":"https:\/\/www.stefaniazani.it\/wp-content\/uploads\/2024\/05\/DSC03176-scaled.jpg","type":"image\/jpeg"}],"twitter_card":"summary_large_image","twitter_misc":{"Tiempo de lectura":"1 minuto"},"schema":{"@context":"https:\/\/schema.org","@graph":[{"@type":"WebPage","@id":"https:\/\/www.stefaniazani.it\/es\/producto\/las-cartas-esenciales\/","url":"https:\/\/www.stefaniazani.it\/es\/producto\/las-cartas-esenciales\/","name":"Le Essenziali - Stefania Zani","isPartOf":{"@id":"https:\/\/www.stefaniazani.it\/#website"},"primaryImageOfPage":{"@id":"https:\/\/www.stefaniazani.it\/es\/producto\/las-cartas-esenciales\/#primaryimage"},"image":{"@id":"https:\/\/www.stefaniazani.it\/es\/producto\/las-cartas-esenciales\/#primaryimage"},"thumbnailUrl":"","datePublished":"2024-03-18T16:53:35+00:00","dateModified":"2026-04-28T00:07:07+00:00","breadcrumb":{"@id":"https:\/\/www.stefaniazani.it\/es\/producto\/las-cartas-esenciales\/#breadcrumb"},"inLanguage":"es","potentialAction":[{"@type":"ReadAction","target":["https:\/\/www.stefaniazani.it\/es\/producto\/las-cartas-esenciales\/"]}]},{"@type":"ImageObject","inLanguage":"es","@id":"https:\/\/www.stefaniazani.it\/es\/producto\/las-cartas-esenciales\/#primaryimage","url":"","contentUrl":"","width":1080,"height":1080,"caption":"Le Essenziali 1"},{"@type":"BreadcrumbList","@id":"https:\/\/www.stefaniazani.it\/es\/producto\/las-cartas-esenciales\/#breadcrumb","itemListElement":[{"@type":"ListItem","position":1,"name":"Home","item":"https:\/\/www.stefaniazani.it\/"},{"@type":"ListItem","position":2,"name":"Shop","item":"https:\/\/www.stefaniazani.it\/negozio\/"},{"@type":"ListItem","position":3,"name":"Las Cartas Esenciales"}]},{"@type":"WebSite","@id":"https:\/\/www.stefaniazani.it\/es\/#website","url":"https:\/\/www.stefaniazani.it\/es\/","name":"Stefania Zani","description":"","publisher":{"@id":"https:\/\/www.stefaniazani.it\/es\/#organization"},"potentialAction":[{"@type":"SearchAction","target":{"@type":"EntryPoint","urlTemplate":"https:\/\/www.stefaniazani.it\/es\/?s={search_term_string}"},"query-input":{"@type":"PropertyValueSpecification","valueRequired":true,"valueName":"search_term_string"}}],"inLanguage":"es"},{"@type":"Organization","@id":"https:\/\/www.stefaniazani.it\/es\/#organization","name":"Stefania Zani Srl","url":"https:\/\/www.stefaniazani.it\/es\/","logo":{"@type":"ImageObject","inLanguage":"es","@id":"https:\/\/www.stefaniazani.it\/es\/#\/schema\/logo\/image\/","url":"https:\/\/www.stefaniazani.it\/wp-content\/uploads\/2024\/03\/stefania_zani_logo_start.png","contentUrl":"https:\/\/www.stefaniazani.it\/wp-content\/uploads\/2024\/03\/stefania_zani_logo_start.png","width":250,"height":50,"caption":"Stefania Zani Srl"},"image":{"@id":"https:\/\/www.stefaniazani.it\/es\/#\/schema\/logo\/image\/"},"sameAs":["https:\/\/www.facebook.com\/p\/Stefania-Zani-100087139977126\/","https:\/\/www.instagram.com\/stefania__zani\/"]}]}},"df_price":60,"df_sale_price":"","df_regular_price":60,"df_image_link":"https:\/\/www.stefaniazani.it\/wp-content\/uploads\/woocommerce-placeholder-300x300.png","_links":{"self":[{"href":"https:\/\/www.stefaniazani.it\/es\/wp-json\/wp\/v2\/product\/1235","targetHints":{"allow":["GET"]}}],"collection":[{"href":"https:\/\/www.stefaniazani.it\/es\/wp-json\/wp\/v2\/product"}],"about":[{"href":"https:\/\/www.stefaniazani.it\/es\/wp-json\/wp\/v2\/types\/product"}],"wp:featuredmedia":[{"embeddable":true,"href":"https:\/\/www.stefaniazani.it\/es\/wp-json\/"}],"wp:attachment":[{"href":"https:\/\/www.stefaniazani.it\/es\/wp-json\/wp\/v2\/media?parent=1235"}],"wp:term":[{"taxonomy":"product_brand","embeddable":true,"href":"https:\/\/www.stefaniazani.it\/es\/wp-json\/wp\/v2\/product_brand?post=1235"},{"taxonomy":"product_cat","embeddable":true,"href":"https:\/\/www.stefaniazani.it\/es\/wp-json\/wp\/v2\/product_cat?post=1235"},{"taxonomy":"product_tag","embeddable":true,"href":"https:\/\/www.stefaniazani.it\/es\/wp-json\/wp\/v2\/product_tag?post=1235"}],"curies":[{"name":"wp","href":"https:\/\/api.w.org\/{rel}","templated":true}]}}