{"id":11573,"date":"2024-12-16T18:29:22","date_gmt":"2024-12-16T17:29:22","guid":{"rendered":"https:\/\/www.stefaniazani.it\/?post_type=product&#038;p=11573"},"modified":"2025-12-05T00:14:29","modified_gmt":"2025-12-04T23:14:29","slug":"dalla-mente-al-cuore-il-nuovo-percorso-evolutivo-dei-nodi-lunari-dalla-vergine-ai-pesci","status":"publish","type":"product","link":"https:\/\/www.stefaniazani.it\/es\/producto\/de-la-mente-al-corazon-el-nuevo-patron-evolutivo-de-los-nodos-lunares-de-la-vergena-al-pez\/","title":{"rendered":"DE LA MENTE AL CORAZ\u00d3N: EL NUEVO CAMINO EVOLUTIVO DE LOS NODOS LUNARES DE VIRGO A PISCIS"},"content":{"rendered":"<p><strong>De la Mente al Coraz\u00f3n: El Nuevo Camino Evolutivo de los Nodos Lunares de Virgo a Piscis<\/strong><br \/>\n<strong>Conferencia grabada<\/strong><br \/>\nCon la participaci\u00f3n de <strong><em>Stefania Marinelli<\/em><\/strong><\/p>\n<p>Hay un movimiento en el cielo que nos llama a todos: en enero los Nodos Lunares se mueven hacia el eje Virgo-Piscis, abriendo un nuevo ciclo de transformaci\u00f3n que durar\u00e1 un a\u00f1o y medio. Este viaje nos invita a soltar la necesidad de control de la mente anal\u00edtica, encarnada por Virgo, para abrazar la sabidur\u00eda intuitiva y compasiva del coraz\u00f3n, representada por Piscis.<\/p>\n<p>Virgo, con su orden y discernimiento, nos ha ense\u00f1ado a estructurar y comprender, pero ahora Piscis nos pide que confiemos, que fluyamos, que percibamos el mundo con una mirada m\u00e1s amplia, abierta y espiritual. Es el cambio del an\u00e1lisis a la fe, del control a la conexi\u00f3n, del ego a la unidad.<\/p>\n<p>Con Stefania Marinelli, exploraremos el significado m\u00e1s profundo de este cambio, descubriendo c\u00f3mo se refleja en nuestro interior y en nuestra vida cotidiana. Investigaremos juntos c\u00f3mo cada signo experimenta esta transici\u00f3n, centr\u00e1ndonos en las caracter\u00edsticas de cada uno. Es una oportunidad para ralentizar, escuchar y transformar: dejar que el coraz\u00f3n se abra y la respiraci\u00f3n se alinee con el ritmo del universo.<\/p>\n<p>Adem\u00e1s, Saturno har\u00e1 los honores en Piscis durante aproximadamente un a\u00f1o m\u00e1s. Ser\u00e1 un tr\u00e1nsito muy poderoso. Te esperamos para cruzar juntos este puente sutil, de la mente al coraz\u00f3n, hacia una nueva armon\u00eda interior.<\/p>\n<p><strong>TE INVITAMOS A QUE INTRODUZCAS LOS DATOS REQUERIDOS (FECHA, LUGAR Y HORA DE NACIMIENTO) PARA QUE PUEDAS CALCULAR TU TEMA DE NAVIDAD Y NOS LO ENV\u00cdES PARA QUE PUEDAS SEGUIR CON PRECISI\u00d3N C\u00d3MO SE MUEVE LA ENERG\u00cdA EN TU MAPA<\/strong>.<\/p>\n<p><strong>Al comprar esta lecci\u00f3n, recibir\u00e1s la lecci\u00f3n gratuita \u00abPlut\u00f3n, el Fertilizador y Saturno, el Gran Maestro<\/strong> \u00ab.<\/p>\n<p><strong>El enlace y la contrase\u00f1a para acceder al registro se encuentran en el archivo pdf que llega junto con el correo electr\u00f3nico de confirmaci\u00f3n autom\u00e1tica del pedido.<\/strong><\/p>\n","protected":false},"excerpt":{"rendered":"<p><strong>De la Mente al Coraz\u00f3n: El Nuevo Camino Evolutivo de los Nodos Lunares de Virgo a Piscis<\/strong><br \/>\n<strong>Conferencia grabada<\/strong><br \/>\nCon la participaci\u00f3n de <strong><em>Stefania Marinelli<\/em><\/strong><\/p>\n<p><strong>TE INVITAMOS A QUE INTRODUZCAS LOS DATOS REQUERIDOS (FECHA, LUGAR Y HORA DE NACIMIENTO) PARA QUE PUEDAS CALCULAR TU TEMA DE NAVIDAD Y NOS LO ENV\u00cdES PARA QUE PUEDAS SEGUIR CON PRECISI\u00d3N C\u00d3MO SE MUEVE LA ENERG\u00cdA EN TU MAPA<\/strong>.<\/p>\n<p><strong>Al comprar esta lecci\u00f3n, recibir\u00e1s la lecci\u00f3n gratuita \u00abPlut\u00f3n, el Fertilizador y Saturno, el Gran Maestro<\/strong> \u00ab.<\/p>\n<p><strong>El enlace y la contrase\u00f1a para acceder al registro se encuentran en el archivo pdf que llega junto con el correo electr\u00f3nico de confirmaci\u00f3n autom\u00e1tica del pedido.<\/strong><\/p>\n","protected":false},"featured_media":15695,"template":"","meta":[],"product_brand":[],"product_cat":[27],"product_tag":[],"class_list":{"0":"post-11573","1":"product","2":"type-product","3":"status-publish","4":"has-post-thumbnail","6":"product_cat-lezioni","8":"first","9":"instock","10":"downloadable","11":"virtual","12":"taxable","13":"purchasable","14":"product-type-simple"},"yoast_head":"<!-- This site is optimized with the Yoast SEO plugin v27.5 - https:\/\/yoast.com\/product\/yoast-seo-wordpress\/ -->\n<title>DE LA MENTE AL CORAZ\u00d3N: EL NUEVO CAMINO EVOLUTIVO DE LOS NODOS LUNARES DE VIRGO A PISCIS<\/title>\n<meta name=\"description\" content=\"De la Mente al Coraz\u00f3n: El Nuevo Camino Evolutivo de los Nodos Lunares de Virgo a Piscis Conferencia grabada Con la participaci\u00f3n de Stefania Marinelli   TE INVITAMOS A QUE INTRODUZCAS LOS DATOS REQUERIDOS (FECHA, LUGAR Y HORA DE NACIMIENTO) PARA QUE PUEDAS CALCULAR TU TEMA DE NAVIDAD Y NOS LO ENV\u00cdES PARA QUE PUEDAS SEGUIR CON PRECISI\u00d3N C\u00d3MO SE MUEVE LA ENERG\u00cdA EN TU MAPA.  Al comprar esta lecci\u00f3n, recibir\u00e1s la lecci\u00f3n gratuita &quot;Plut\u00f3n, el Fertilizador y Saturno, el Gran Maestro &quot;.  El enlace y la contrase\u00f1a para acceder al registro se encuentran en el archivo pdf que llega junto con el correo electr\u00f3nico de confirmaci\u00f3n autom\u00e1tica del pedido.\" \/>\n<meta name=\"robots\" content=\"index, follow, max-snippet:-1, max-image-preview:large, max-video-preview:-1\" \/>\n<link rel=\"canonical\" href=\"\" \/>\n<meta property=\"og:locale\" content=\"es_ES\" \/>\n<meta property=\"og:type\" content=\"article\" \/>\n<meta property=\"og:title\" content=\"DE LA MENTE AL CORAZ\u00d3N: EL NUEVO CAMINO EVOLUTIVO DE LOS NODOS LUNARES DE VIRGO A PISCIS\" \/>\n<meta property=\"og:description\" content=\"De la Mente al Coraz\u00f3n: El Nuevo Camino Evolutivo de los Nodos Lunares de Virgo a Piscis Conferencia grabada Con la participaci\u00f3n de Stefania Marinelli   TE INVITAMOS A QUE INTRODUZCAS LOS DATOS REQUERIDOS (FECHA, LUGAR Y HORA DE NACIMIENTO) PARA QUE PUEDAS CALCULAR TU TEMA DE NAVIDAD Y NOS LO ENV\u00cdES PARA QUE PUEDAS SEGUIR CON PRECISI\u00d3N C\u00d3MO SE MUEVE LA ENERG\u00cdA EN TU MAPA.  Al comprar esta lecci\u00f3n, recibir\u00e1s la lecci\u00f3n gratuita &quot;Plut\u00f3n, el Fertilizador y Saturno, el Gran Maestro &quot;.  El enlace y la contrase\u00f1a para acceder al registro se encuentran en el archivo pdf que llega junto con el correo electr\u00f3nico de confirmaci\u00f3n autom\u00e1tica del pedido.\" \/>\n<meta property=\"og:url\" content=\"https:\/\/www.stefaniazani.it\/es\/producto\/de-la-mente-al-corazon-el-nuevo-patron-evolutivo-de-los-nodos-lunares-de-la-vergena-al-pez\/\" \/>\n<meta property=\"og:site_name\" content=\"Stefania Zani\" \/>\n<meta property=\"article:publisher\" content=\"https:\/\/www.facebook.com\/p\/Stefania-Zani-100087139977126\/\" \/>\n<meta property=\"article:modified_time\" content=\"2025-12-04T23:14:29+00:00\" \/>\n<meta property=\"og:image\" content=\"https:\/\/www.stefaniazani.it\/wp-content\/uploads\/2025\/02\/WhatsApp-Image-2025-02-18-at-15.48.19.jpeg\" \/>\n\t<meta property=\"og:image:width\" content=\"1080\" \/>\n\t<meta property=\"og:image:height\" content=\"1080\" \/>\n\t<meta property=\"og:image:type\" content=\"image\/jpeg\" \/>\n<meta name=\"twitter:card\" content=\"summary_large_image\" \/>\n<meta name=\"twitter:label1\" content=\"Tiempo de lectura\" \/>\n\t<meta name=\"twitter:data1\" content=\"2 minutos\" \/>\n<script type=\"application\/ld+json\" class=\"yoast-schema-graph\">{\"@context\":\"https:\\\/\\\/schema.org\",\"@graph\":[{\"@type\":\"WebPage\",\"@id\":\"https:\\\/\\\/www.stefaniazani.it\\\/es\\\/producto\\\/de-la-mente-al-corazon-el-nuevo-patron-evolutivo-de-los-nodos-lunares-de-la-vergena-al-pez\\\/\",\"url\":\"https:\\\/\\\/www.stefaniazani.it\\\/es\\\/producto\\\/de-la-mente-al-corazon-el-nuevo-patron-evolutivo-de-los-nodos-lunares-de-la-vergena-al-pez\\\/\",\"name\":\"DALLA MENTE AL CUORE: IL NUOVO PERCORSO EVOLUTIVO DEI NODI LUNARI DALLA VERGINE AI PESCI - Stefania Zani\",\"isPartOf\":{\"@id\":\"https:\\\/\\\/www.stefaniazani.it\\\/#website\"},\"primaryImageOfPage\":{\"@id\":\"https:\\\/\\\/www.stefaniazani.it\\\/es\\\/producto\\\/de-la-mente-al-corazon-el-nuevo-patron-evolutivo-de-los-nodos-lunares-de-la-vergena-al-pez\\\/#primaryimage\"},\"image\":{\"@id\":\"https:\\\/\\\/www.stefaniazani.it\\\/es\\\/producto\\\/de-la-mente-al-corazon-el-nuevo-patron-evolutivo-de-los-nodos-lunares-de-la-vergena-al-pez\\\/#primaryimage\"},\"thumbnailUrl\":\"\",\"datePublished\":\"2024-12-16T17:29:22+00:00\",\"dateModified\":\"2025-12-04T23:14:29+00:00\",\"description\":\"Lezione registrata con Stefania Marinelli: scopri il nuovo ciclo evolutivo dei Nodi Lunari Vergine\u2013Pesci. Dal controllo mentale all\u2019intuizione compassionevole del cuore.\",\"breadcrumb\":{\"@id\":\"https:\\\/\\\/www.stefaniazani.it\\\/es\\\/producto\\\/de-la-mente-al-corazon-el-nuevo-patron-evolutivo-de-los-nodos-lunares-de-la-vergena-al-pez\\\/#breadcrumb\"},\"inLanguage\":\"es\",\"potentialAction\":[{\"@type\":\"ReadAction\",\"target\":[\"https:\\\/\\\/www.stefaniazani.it\\\/es\\\/producto\\\/de-la-mente-al-corazon-el-nuevo-patron-evolutivo-de-los-nodos-lunares-de-la-vergena-al-pez\\\/\"]}]},{\"@type\":\"ImageObject\",\"inLanguage\":\"es\",\"@id\":\"https:\\\/\\\/www.stefaniazani.it\\\/es\\\/producto\\\/de-la-mente-al-corazon-el-nuevo-patron-evolutivo-de-los-nodos-lunares-de-la-vergena-al-pez\\\/#primaryimage\",\"url\":\"\",\"contentUrl\":\"\",\"width\":1080,\"height\":1080},{\"@type\":\"BreadcrumbList\",\"@id\":\"https:\\\/\\\/www.stefaniazani.it\\\/es\\\/producto\\\/de-la-mente-al-corazon-el-nuevo-patron-evolutivo-de-los-nodos-lunares-de-la-vergena-al-pez\\\/#breadcrumb\",\"itemListElement\":[{\"@type\":\"ListItem\",\"position\":1,\"name\":\"Home\",\"item\":\"https:\\\/\\\/www.stefaniazani.it\\\/\"},{\"@type\":\"ListItem\",\"position\":2,\"name\":\"Shop\",\"item\":\"https:\\\/\\\/www.stefaniazani.it\\\/negozio\\\/\"},{\"@type\":\"ListItem\",\"position\":3,\"name\":\"DE LA MENTE AL CORAZ\u00d3N: EL NUEVO CAMINO EVOLUTIVO DE LOS NODOS LUNARES DE VIRGO A PISCIS\"}]},{\"@type\":\"WebSite\",\"@id\":\"https:\\\/\\\/www.stefaniazani.it\\\/es\\\/#website\",\"url\":\"https:\\\/\\\/www.stefaniazani.it\\\/es\\\/\",\"name\":\"Stefania Zani\",\"description\":\"\",\"publisher\":{\"@id\":\"https:\\\/\\\/www.stefaniazani.it\\\/es\\\/#organization\"},\"potentialAction\":[{\"@type\":\"SearchAction\",\"target\":{\"@type\":\"EntryPoint\",\"urlTemplate\":\"https:\\\/\\\/www.stefaniazani.it\\\/es\\\/?s={search_term_string}\"},\"query-input\":{\"@type\":\"PropertyValueSpecification\",\"valueRequired\":true,\"valueName\":\"search_term_string\"}}],\"inLanguage\":\"es\"},{\"@type\":\"Organization\",\"@id\":\"https:\\\/\\\/www.stefaniazani.it\\\/es\\\/#organization\",\"name\":\"Stefania Zani Srl\",\"url\":\"https:\\\/\\\/www.stefaniazani.it\\\/es\\\/\",\"logo\":{\"@type\":\"ImageObject\",\"inLanguage\":\"es\",\"@id\":\"https:\\\/\\\/www.stefaniazani.it\\\/es\\\/#\\\/schema\\\/logo\\\/image\\\/\",\"url\":\"https:\\\/\\\/www.stefaniazani.it\\\/wp-content\\\/uploads\\\/2024\\\/03\\\/stefania_zani_logo_start.png\",\"contentUrl\":\"https:\\\/\\\/www.stefaniazani.it\\\/wp-content\\\/uploads\\\/2024\\\/03\\\/stefania_zani_logo_start.png\",\"width\":250,\"height\":50,\"caption\":\"Stefania Zani Srl\"},\"image\":{\"@id\":\"https:\\\/\\\/www.stefaniazani.it\\\/es\\\/#\\\/schema\\\/logo\\\/image\\\/\"},\"sameAs\":[\"https:\\\/\\\/www.facebook.com\\\/p\\\/Stefania-Zani-100087139977126\\\/\",\"https:\\\/\\\/www.instagram.com\\\/stefania__zani\\\/\"]}]}<\/script>\n<!-- \/ Yoast SEO plugin. -->","yoast_head_json":{"title":"DE LA MENTE AL CORAZ\u00d3N: EL NUEVO CAMINO EVOLUTIVO DE LOS NODOS LUNARES DE VIRGO A PISCIS","description":"De la Mente al Coraz\u00f3n: El Nuevo Camino Evolutivo de los Nodos Lunares de Virgo a Piscis Conferencia grabada Con la participaci\u00f3n de Stefania Marinelli   TE INVITAMOS A QUE INTRODUZCAS LOS DATOS REQUERIDOS (FECHA, LUGAR Y HORA DE NACIMIENTO) PARA QUE PUEDAS CALCULAR TU TEMA DE NAVIDAD Y NOS LO ENV\u00cdES PARA QUE PUEDAS SEGUIR CON PRECISI\u00d3N C\u00d3MO SE MUEVE LA ENERG\u00cdA EN TU MAPA.  Al comprar esta lecci\u00f3n, recibir\u00e1s la lecci\u00f3n gratuita \"Plut\u00f3n, el Fertilizador y Saturno, el Gran Maestro \".  El enlace y la contrase\u00f1a para acceder al registro se encuentran en el archivo pdf que llega junto con el correo electr\u00f3nico de confirmaci\u00f3n autom\u00e1tica del pedido.","robots":{"index":"index","follow":"follow","max-snippet":"max-snippet:-1","max-image-preview":"max-image-preview:large","max-video-preview":"max-video-preview:-1"},"canonical":"De la Mente al Coraz\u00f3n: El Nuevo Camino Evolutivo de los Nodos Lunares de Virgo a Piscis Conferencia grabada Con la participaci\u00f3n de Stefania Marinelli   TE INVITAMOS A QUE INTRODUZCAS LOS DATOS REQUERIDOS (FECHA, LUGAR Y HORA DE NACIMIENTO) PARA QUE PUEDAS CALCULAR TU TEMA DE NAVIDAD Y NOS LO ENV\u00cdES PARA QUE PUEDAS SEGUIR CON PRECISI\u00d3N C\u00d3MO SE MUEVE LA ENERG\u00cdA EN TU MAPA.  Al comprar esta lecci\u00f3n, recibir\u00e1s la lecci\u00f3n gratuita \"Plut\u00f3n, el Fertilizador y Saturno, el Gran Maestro \".  El enlace y la contrase\u00f1a para acceder al registro se encuentran en el archivo pdf que llega junto con el correo electr\u00f3nico de confirmaci\u00f3n autom\u00e1tica del pedido.","og_locale":"es_ES","og_type":"article","og_title":"DE LA MENTE AL CORAZ\u00d3N: EL NUEVO CAMINO EVOLUTIVO DE LOS NODOS LUNARES DE VIRGO A PISCIS","og_description":"De la Mente al Coraz\u00f3n: El Nuevo Camino Evolutivo de los Nodos Lunares de Virgo a Piscis Conferencia grabada Con la participaci\u00f3n de Stefania Marinelli   TE INVITAMOS A QUE INTRODUZCAS LOS DATOS REQUERIDOS (FECHA, LUGAR Y HORA DE NACIMIENTO) PARA QUE PUEDAS CALCULAR TU TEMA DE NAVIDAD Y NOS LO ENV\u00cdES PARA QUE PUEDAS SEGUIR CON PRECISI\u00d3N C\u00d3MO SE MUEVE LA ENERG\u00cdA EN TU MAPA.  Al comprar esta lecci\u00f3n, recibir\u00e1s la lecci\u00f3n gratuita \"Plut\u00f3n, el Fertilizador y Saturno, el Gran Maestro \".  El enlace y la contrase\u00f1a para acceder al registro se encuentran en el archivo pdf que llega junto con el correo electr\u00f3nico de confirmaci\u00f3n autom\u00e1tica del pedido.","og_url":"https:\/\/www.stefaniazani.it\/es\/producto\/de-la-mente-al-corazon-el-nuevo-patron-evolutivo-de-los-nodos-lunares-de-la-vergena-al-pez\/","og_site_name":"Stefania Zani","article_publisher":"https:\/\/www.facebook.com\/p\/Stefania-Zani-100087139977126\/","article_modified_time":"2025-12-04T23:14:29+00:00","og_image":[{"width":1080,"height":1080,"url":"https:\/\/www.stefaniazani.it\/wp-content\/uploads\/2025\/02\/WhatsApp-Image-2025-02-18-at-15.48.19.jpeg","type":"image\/jpeg"}],"twitter_card":"summary_large_image","twitter_misc":{"Tiempo de lectura":"2 minutos"},"schema":{"@context":"https:\/\/schema.org","@graph":[{"@type":"WebPage","@id":"https:\/\/www.stefaniazani.it\/es\/producto\/de-la-mente-al-corazon-el-nuevo-patron-evolutivo-de-los-nodos-lunares-de-la-vergena-al-pez\/","url":"https:\/\/www.stefaniazani.it\/es\/producto\/de-la-mente-al-corazon-el-nuevo-patron-evolutivo-de-los-nodos-lunares-de-la-vergena-al-pez\/","name":"DALLA MENTE AL CUORE: IL NUOVO PERCORSO EVOLUTIVO DEI NODI LUNARI DALLA VERGINE AI PESCI - Stefania Zani","isPartOf":{"@id":"https:\/\/www.stefaniazani.it\/#website"},"primaryImageOfPage":{"@id":"https:\/\/www.stefaniazani.it\/es\/producto\/de-la-mente-al-corazon-el-nuevo-patron-evolutivo-de-los-nodos-lunares-de-la-vergena-al-pez\/#primaryimage"},"image":{"@id":"https:\/\/www.stefaniazani.it\/es\/producto\/de-la-mente-al-corazon-el-nuevo-patron-evolutivo-de-los-nodos-lunares-de-la-vergena-al-pez\/#primaryimage"},"thumbnailUrl":"","datePublished":"2024-12-16T17:29:22+00:00","dateModified":"2025-12-04T23:14:29+00:00","description":"Lezione registrata con Stefania Marinelli: scopri il nuovo ciclo evolutivo dei Nodi Lunari Vergine\u2013Pesci. Dal controllo mentale all\u2019intuizione compassionevole del cuore.","breadcrumb":{"@id":"https:\/\/www.stefaniazani.it\/es\/producto\/de-la-mente-al-corazon-el-nuevo-patron-evolutivo-de-los-nodos-lunares-de-la-vergena-al-pez\/#breadcrumb"},"inLanguage":"es","potentialAction":[{"@type":"ReadAction","target":["https:\/\/www.stefaniazani.it\/es\/producto\/de-la-mente-al-corazon-el-nuevo-patron-evolutivo-de-los-nodos-lunares-de-la-vergena-al-pez\/"]}]},{"@type":"ImageObject","inLanguage":"es","@id":"https:\/\/www.stefaniazani.it\/es\/producto\/de-la-mente-al-corazon-el-nuevo-patron-evolutivo-de-los-nodos-lunares-de-la-vergena-al-pez\/#primaryimage","url":"","contentUrl":"","width":1080,"height":1080},{"@type":"BreadcrumbList","@id":"https:\/\/www.stefaniazani.it\/es\/producto\/de-la-mente-al-corazon-el-nuevo-patron-evolutivo-de-los-nodos-lunares-de-la-vergena-al-pez\/#breadcrumb","itemListElement":[{"@type":"ListItem","position":1,"name":"Home","item":"https:\/\/www.stefaniazani.it\/"},{"@type":"ListItem","position":2,"name":"Shop","item":"https:\/\/www.stefaniazani.it\/negozio\/"},{"@type":"ListItem","position":3,"name":"DE LA MENTE AL CORAZ\u00d3N: EL NUEVO CAMINO EVOLUTIVO DE LOS NODOS LUNARES DE VIRGO A PISCIS"}]},{"@type":"WebSite","@id":"https:\/\/www.stefaniazani.it\/es\/#website","url":"https:\/\/www.stefaniazani.it\/es\/","name":"Stefania Zani","description":"","publisher":{"@id":"https:\/\/www.stefaniazani.it\/es\/#organization"},"potentialAction":[{"@type":"SearchAction","target":{"@type":"EntryPoint","urlTemplate":"https:\/\/www.stefaniazani.it\/es\/?s={search_term_string}"},"query-input":{"@type":"PropertyValueSpecification","valueRequired":true,"valueName":"search_term_string"}}],"inLanguage":"es"},{"@type":"Organization","@id":"https:\/\/www.stefaniazani.it\/es\/#organization","name":"Stefania Zani Srl","url":"https:\/\/www.stefaniazani.it\/es\/","logo":{"@type":"ImageObject","inLanguage":"es","@id":"https:\/\/www.stefaniazani.it\/es\/#\/schema\/logo\/image\/","url":"https:\/\/www.stefaniazani.it\/wp-content\/uploads\/2024\/03\/stefania_zani_logo_start.png","contentUrl":"https:\/\/www.stefaniazani.it\/wp-content\/uploads\/2024\/03\/stefania_zani_logo_start.png","width":250,"height":50,"caption":"Stefania Zani Srl"},"image":{"@id":"https:\/\/www.stefaniazani.it\/es\/#\/schema\/logo\/image\/"},"sameAs":["https:\/\/www.facebook.com\/p\/Stefania-Zani-100087139977126\/","https:\/\/www.instagram.com\/stefania__zani\/"]}]}},"df_price":50,"df_sale_price":"","df_regular_price":50,"df_image_link":"https:\/\/www.stefaniazani.it\/wp-content\/uploads\/woocommerce-placeholder-300x300.png","_links":{"self":[{"href":"https:\/\/www.stefaniazani.it\/es\/wp-json\/wp\/v2\/product\/11573","targetHints":{"allow":["GET"]}}],"collection":[{"href":"https:\/\/www.stefaniazani.it\/es\/wp-json\/wp\/v2\/product"}],"about":[{"href":"https:\/\/www.stefaniazani.it\/es\/wp-json\/wp\/v2\/types\/product"}],"wp:featuredmedia":[{"embeddable":true,"href":"https:\/\/www.stefaniazani.it\/es\/wp-json\/"}],"wp:attachment":[{"href":"https:\/\/www.stefaniazani.it\/es\/wp-json\/wp\/v2\/media?parent=11573"}],"wp:term":[{"taxonomy":"product_brand","embeddable":true,"href":"https:\/\/www.stefaniazani.it\/es\/wp-json\/wp\/v2\/product_brand?post=11573"},{"taxonomy":"product_cat","embeddable":true,"href":"https:\/\/www.stefaniazani.it\/es\/wp-json\/wp\/v2\/product_cat?post=11573"},{"taxonomy":"product_tag","embeddable":true,"href":"https:\/\/www.stefaniazani.it\/es\/wp-json\/wp\/v2\/product_tag?post=11573"}],"curies":[{"name":"wp","href":"https:\/\/api.w.org\/{rel}","templated":true}]}}