{"id":8924,"date":"2024-09-25T15:08:29","date_gmt":"2024-09-25T13:08:29","guid":{"rendered":"https:\/\/www.stefaniazani.it\/?page_id=8924"},"modified":"2025-12-11T13:16:46","modified_gmt":"2025-12-11T12:16:46","slug":"costellazioni-familiari","status":"publish","type":"page","link":"https:\/\/www.stefaniazani.it\/es\/constelaciones-familiares\/","title":{"rendered":"Constelaciones familiares"},"content":{"rendered":"<h1>COSTELLAZIONI FAMILIARI<\/h1>\n<hr>\n<div>\n<p>Le Costellazioni Familiari sono un metodo di esplorazione e risoluzione dei conflitti e delle disarmonie che viviamo nella nostra esistenza.\u2028\u2028<\/p>\n<p>L\u2019approccio sistemico portato alla luce da <em>Bert Hellinger<\/em> permette di guardare le dinamiche acquisite dal nostro nucleo familiare, rendendoci pi\u00f9 consapevoli.<\/p>\n<p>Ogni famiglia custodisce dei segreti e delle lealt\u00e0 inconsce, il fine delle Costellazioni \u00e8 rendere libero e consapevole ogni singolo essere umano, donandoci la grande responsabilit\u00e0 di sciogliere i nodi genealogici anche per chi verr\u00e0 dopo di noi, sia che abbiamo figli oppure no.\u2028\u2028<\/p>\n<p>Facciamo tutti parte di una famiglia umana che mai come ora richiede chiarezza di intenti e libert\u00e0.<\/p>\n<\/div>\n<p><img decoding=\"async\" src=\"\/wp-content\/uploads\/2024\/05\/CIA_7621.jpg\" alt=\"Costellazioni Familiari\"><\/p>\n<h2>INCONTRI IN PROGRAMMA<\/h2>\n<hr>\n<div>\n<p>        <img decoding=\"async\" src=\"\/wp-content\/uploads\/2025\/10\/Costellazioni-Famigliari-21-e-22-febbraio-1.png\" alt=\"\"><\/p>\n<h3>14 e 15 Marzo<br \/>Torino<\/h3>\n<p><a href=\"\/costellazioni-familiari-14-e-15-marzo-2026\/\">Acquista Ora <img loading=\"lazy\" decoding=\"async\" src=\"https:\/\/www.stefaniazani.it\/wp-content\/uploads\/2024\/05\/freccia_stefania_zani.svg\"      width=\"20\" height=\"20\"      alt=\"freccia stile grafico Stefania Zani utilizzata per i pulsanti\"><\/a><\/p>\n<\/div>\n<p><!--more--><br \/>\n<!-- {\"type\":\"layout\",\"children\":[{\"type\":\"section\",\"props\":{\"image_position\":\"center-center\",\"style\":\"default\",\"title_breakpoint\":\"xl\",\"title_position\":\"top-left\",\"title_rotation\":\"left\",\"vertical_align\":\"middle\",\"width\":\"default\"},\"children\":[{\"type\":\"row\",\"children\":[{\"type\":\"column\",\"props\":{\"image_position\":\"center-center\",\"position_sticky_breakpoint\":\"m\"},\"children\":[{\"type\":\"headline\",\"props\":{\"content\":\"COSTELLAZIONI FAMILIARI\",\"content_es_es\":\"CONSTELACIONES FAMILIARES\",\"margin\":\"remove-vertical\",\"margin_remove_bottom\":true,\"margin_remove_top\":true,\"text_align\":\"center\",\"title_element\":\"h1\",\"title_style\":\"h1\"},\"name\":\"HEADLINE TITOLO\"},{\"type\":\"divider\",\"props\":{\"divider_align\":\"center\",\"divider_element\":\"hr\",\"divider_style\":\"icon\",\"margin\":\"remove-vertical\",\"margin_remove_top\":true},\"name\":\"divider con stella\"},{\"type\":\"fragment\",\"props\":{\"margin\":\"default\"},\"children\":[{\"type\":\"row\",\"props\":{\"layout\":\"1-2,1-2\"},\"children\":[{\"type\":\"column\",\"props\":{\"image_position\":\"center-center\",\"position_sticky_breakpoint\":\"m\",\"width_medium\":\"1-2\"},\"children\":[{\"type\":\"text\",\"props\":{\"column_breakpoint\":\"m\",\"content\":\"\n\n<p>Le Costellazioni Familiari sono un metodo di esplorazione e risoluzione dei conflitti e delle disarmonie che viviamo nella nostra esistenza.\\u2028\\u2028<br \\\/><br \\\/>L\\u2019approccio sistemico portato alla luce da <em>Bert Hellinger<\\\/em> permette di guardare le dinamiche acquisite dal nostro nucleo familiare, rendendoci pi\\u00f9 consapevoli.<\\\/p>\\n\n\n<p>Ogni famiglia custodisce dei segreti e delle lealt\\u00e0 inconsce, il fine delle Costellazioni \\u00e8 rendere libero e consapevole ogni singolo essere umano, donandoci la grande responsabilit\\u00e0 di sciogliere i nodi genealogici anche per chi verr\\u00e0 dopo di noi, sia che abbiamo figli oppure no.\\u2028\\u2028<br \\\/><br \\\/>Facciamo tutti parte di una famiglia umana che mai come ora richiede chiarezza di intenti e libert\\u00e0.<\\\/p>\",\"content_es_es\":\"\n\n<p>Las Constelaciones Familiares son un m\\u00e9todo para explorar y resolver los conflictos y desarmon\\u00edas que experimentamos en nuestra existencia.\\u2028\\u2028<\\\/p>\\n\n\n<p>El enfoque sist\\u00e9mico aportado por Bert Hellinger nos permite observar la din\\u00e1mica adquirida de nuestra unidad familiar, haci\\u00e9ndonos m\\u00e1s conscientes.<\\\/p>\\n\n\n<p>Toda familia guarda secretos y lealtades inconscientes, el prop\\u00f3sito de Constelaciones es hacer a cada ser humano libre y consciente, d\\u00e1ndonos la gran responsabilidad de desatar los nudos geneal\\u00f3gicos tambi\\u00e9n para los que vendr\\u00e1n despu\\u00e9s de nosotros, tengamos hijos o no.\\u2028\\u2028<\\\/p>\\n\n\n<p>Todos formamos parte de una familia humana que nunca como ahora requiere claridad de prop\\u00f3sito y libertad.<\\\/p>\",\"margin\":\"default\"}}]},{\"type\":\"column\",\"props\":{\"image_position\":\"center-center\",\"position_sticky_breakpoint\":\"m\",\"width_medium\":\"1-2\"},\"children\":[{\"type\":\"image\",\"props\":{\"image\":\"wp-content\\\/uploads\\\/2024\\\/05\\\/CIA_7621.jpg\",\"image_alt\":\"Costellazioni Familiari\",\"image_alt_es_es\":\"CIA_7621\",\"image_es_es\":\"wp-content\\\/uploads\\\/2024\\\/05\\\/CIA_7621.jpg\",\"image_svg_color\":\"emphasis\",\"margin\":\"default\"}}]}]}]}]}]}],\"name\":\"Costellazioni Familiari\"},{\"type\":\"section\",\"props\":{\"image_position\":\"center-center\",\"style\":\"default\",\"title_breakpoint\":\"xl\",\"title_position\":\"top-left\",\"title_rotation\":\"left\",\"vertical_align\":\"middle\",\"width\":\"default\"},\"children\":[{\"type\":\"row\",\"children\":[{\"type\":\"column\",\"props\":{\"image_position\":\"center-center\",\"position_sticky_breakpoint\":\"m\"},\"children\":[{\"type\":\"headline\",\"props\":{\"content\":\"INCONTRI IN PROGRAMMA\",\"content_es_es\":\"REUNIONES PROGRAMADAS\",\"margin\":\"remove-vertical\",\"margin_remove_bottom\":true,\"margin_remove_top\":true,\"text_align\":\"center\",\"title_element\":\"h2\",\"title_style\":\"h2\"},\"name\":\"HEADLINE TITOLO\"},{\"type\":\"divider\",\"props\":{\"divider_align\":\"center\",\"divider_element\":\"hr\",\"divider_style\":\"icon\",\"margin\":\"remove-vertical\",\"margin_remove_top\":true},\"name\":\"divider con stella\"}]}]},{\"type\":\"row\",\"props\":{\"layout\":\"1-3,1-3,1-3\"},\"children\":[{\"type\":\"column\",\"props\":{\"image_position\":\"center-center\",\"position_sticky_breakpoint\":\"m\",\"width_medium\":\"1-3\"},\"children\":[{\"type\":\"overlay\",\"props\":{\"image\":\"wp-content\\\/uploads\\\/2025\\\/10\\\/Costellazioni-Famigliari-21-e-22-febbraio-1.png\",\"image_es_es\":\"wp-content\\\/uploads\\\/2025\\\/10\\\/Constelaciones-Familiares.png\",\"link\":\"costellazioni-familiari-14-e-15-marzo-2026\\\/\",\"link_es_es\":\"es\\\/costellazioni-familiari-14-e-15-marzo-2026\\\/\",\"link_style\":\"text\",\"link_text\":\"Acquista Ora <img src=\\\"https:\\\/\\\/www.stefaniazani.it\\\/wp-content\\\/uploads\\\/2024\\\/05\\\/freccia_stefania_zani.svg\\\"      width=\\\"20\\\" height=\\\"20\\\"      alt=\\\"freccia stile grafico Stefania Zani utilizzata per i pulsanti\\\">\",\"link_text_es_es\":\"Comprar ahora <img src=\\\"https:\\\/\\\/www.stefaniazani.it\\\/wp-content\\\/uploads\\\/2024\\\/05\\\/freccia_stefania_zani.svg\\\" width=\\\"20\\\" height=\\\"20\\\">\",\"margin\":\"default\",\"meta\":\"\",\"meta_align\":\"below-title\",\"meta_element\":\"div\",\"meta_style\":\"text-meta\",\"overlay_hover\":true,\"overlay_link\":true,\"overlay_mode\":\"cover\",\"overlay_position\":\"center\",\"overlay_style\":\"tile-default\",\"overlay_transition\":\"fade\",\"text_align\":\"center\",\"text_color\":\"light\",\"title\":\"14 e 15 Marzo<br \/>Torino\",\"title_element\":\"h3\",\"title_es_es\":\"14 y 15 Marzo - Tur\\u00edn\",\"title_hover_style\":\"reset\"}}]},{\"type\":\"column\",\"props\":{\"image_position\":\"center-center\",\"position_sticky_breakpoint\":\"m\",\"width_medium\":\"1-3\"}},{\"type\":\"column\",\"props\":{\"image_position\":\"center-center\",\"position_sticky_breakpoint\":\"m\",\"width_medium\":\"1-3\"}}]}]}],\"version\":\"4.5.31\"} --><\/p>\n","protected":false},"excerpt":{"rendered":"<p>COSTELLAZIONI FAMILIARI Le Costellazioni Familiari sono un metodo di esplorazione e risoluzione dei conflitti e delle disarmonie che viviamo nella nostra esistenza.\u2028\u2028 L\u2019approccio sistemico portato alla luce da Bert Hellinger permette di guardare le dinamiche acquisite dal nostro nucleo familiare, rendendoci pi\u00f9 consapevoli. Ogni famiglia custodisce dei segreti e delle lealt\u00e0 inconsce, il fine delle [&hellip;]<\/p>\n","protected":false},"author":74,"featured_media":0,"parent":0,"menu_order":0,"comment_status":"closed","ping_status":"closed","template":"","meta":{"footnotes":""},"class_list":["post-8924","page","type-page","status-publish","hentry"],"yoast_head":"<!-- This site is optimized with the Yoast SEO plugin v27.4 - https:\/\/yoast.com\/product\/yoast-seo-wordpress\/ -->\n<title>Constelaciones familiares<\/title>\n<meta name=\"robots\" content=\"index, follow, max-snippet:-1, max-image-preview:large, max-video-preview:-1\" \/>\n<meta property=\"og:locale\" content=\"es_ES\" \/>\n<meta property=\"og:type\" content=\"article\" \/>\n<meta property=\"og:title\" content=\"Constelaciones familiares\" \/>\n<meta property=\"og:url\" content=\"https:\/\/www.stefaniazani.it\/es\/constelaciones-familiares\/\" \/>\n<meta property=\"og:site_name\" content=\"Stefania Zani\" \/>\n<meta property=\"article:publisher\" content=\"https:\/\/www.facebook.com\/p\/Stefania-Zani-100087139977126\/\" \/>\n<meta property=\"article:modified_time\" content=\"2025-12-11T12:16:46+00:00\" \/>\n<meta property=\"og:image\" content=\"https:\/\/www.stefaniazani.it\/wp-content\/uploads\/2024\/05\/freccia_stefania_zani.svg\" \/>\n<meta name=\"twitter:card\" content=\"summary_large_image\" \/>\n<meta name=\"twitter:label1\" content=\"Tiempo de lectura\" \/>\n\t<meta name=\"twitter:data1\" content=\"2 minutos\" \/>\n<script type=\"application\/ld+json\" class=\"yoast-schema-graph\">{\"@context\":\"https:\\\/\\\/schema.org\",\"@graph\":[{\"@type\":\"WebPage\",\"@id\":\"https:\\\/\\\/www.stefaniazani.it\\\/es\\\/constelaciones-familiares\\\/\",\"url\":\"https:\\\/\\\/www.stefaniazani.it\\\/es\\\/constelaciones-familiares\\\/\",\"name\":\"Costellazioni Familiari - Stefania Zani\",\"isPartOf\":{\"@id\":\"https:\\\/\\\/www.stefaniazani.it\\\/#website\"},\"primaryImageOfPage\":{\"@id\":\"https:\\\/\\\/www.stefaniazani.it\\\/es\\\/constelaciones-familiares\\\/#primaryimage\"},\"image\":{\"@id\":\"https:\\\/\\\/www.stefaniazani.it\\\/es\\\/constelaciones-familiares\\\/#primaryimage\"},\"thumbnailUrl\":\"https:\\\/\\\/www.stefaniazani.it\\\/wp-content\\\/uploads\\\/2024\\\/05\\\/freccia_stefania_zani.svg\",\"datePublished\":\"2024-09-25T13:08:29+00:00\",\"dateModified\":\"2025-12-11T12:16:46+00:00\",\"description\":\"Partecipa alle Costellazioni Familiari guidate da Michela d'Inca. Un metodo di esplorazione e risoluzione dei conflitti che viviamo nella nostra esistenza.\\u2028\",\"breadcrumb\":{\"@id\":\"https:\\\/\\\/www.stefaniazani.it\\\/es\\\/constelaciones-familiares\\\/#breadcrumb\"},\"inLanguage\":\"es\",\"potentialAction\":[{\"@type\":\"ReadAction\",\"target\":[\"https:\\\/\\\/www.stefaniazani.it\\\/es\\\/constelaciones-familiares\\\/\"]}]},{\"@type\":\"ImageObject\",\"inLanguage\":\"es\",\"@id\":\"https:\\\/\\\/www.stefaniazani.it\\\/es\\\/constelaciones-familiares\\\/#primaryimage\",\"url\":\"https:\\\/\\\/www.stefaniazani.it\\\/wp-content\\\/uploads\\\/2024\\\/05\\\/freccia_stefania_zani.svg\",\"contentUrl\":\"https:\\\/\\\/www.stefaniazani.it\\\/wp-content\\\/uploads\\\/2024\\\/05\\\/freccia_stefania_zani.svg\"},{\"@type\":\"BreadcrumbList\",\"@id\":\"https:\\\/\\\/www.stefaniazani.it\\\/es\\\/constelaciones-familiares\\\/#breadcrumb\",\"itemListElement\":[{\"@type\":\"ListItem\",\"position\":1,\"name\":\"Home\",\"item\":\"https:\\\/\\\/www.stefaniazani.it\\\/\"},{\"@type\":\"ListItem\",\"position\":2,\"name\":\"Constelaciones familiares\"}]},{\"@type\":\"WebSite\",\"@id\":\"https:\\\/\\\/www.stefaniazani.it\\\/es\\\/#website\",\"url\":\"https:\\\/\\\/www.stefaniazani.it\\\/es\\\/\",\"name\":\"Stefania Zani\",\"description\":\"\",\"publisher\":{\"@id\":\"https:\\\/\\\/www.stefaniazani.it\\\/es\\\/#organization\"},\"potentialAction\":[{\"@type\":\"SearchAction\",\"target\":{\"@type\":\"EntryPoint\",\"urlTemplate\":\"https:\\\/\\\/www.stefaniazani.it\\\/es\\\/?s={search_term_string}\"},\"query-input\":{\"@type\":\"PropertyValueSpecification\",\"valueRequired\":true,\"valueName\":\"search_term_string\"}}],\"inLanguage\":\"es\"},{\"@type\":\"Organization\",\"@id\":\"https:\\\/\\\/www.stefaniazani.it\\\/es\\\/#organization\",\"name\":\"Stefania Zani Srl\",\"url\":\"https:\\\/\\\/www.stefaniazani.it\\\/es\\\/\",\"logo\":{\"@type\":\"ImageObject\",\"inLanguage\":\"es\",\"@id\":\"https:\\\/\\\/www.stefaniazani.it\\\/es\\\/#\\\/schema\\\/logo\\\/image\\\/\",\"url\":\"https:\\\/\\\/www.stefaniazani.it\\\/wp-content\\\/uploads\\\/2024\\\/03\\\/stefania_zani_logo_start.png\",\"contentUrl\":\"https:\\\/\\\/www.stefaniazani.it\\\/wp-content\\\/uploads\\\/2024\\\/03\\\/stefania_zani_logo_start.png\",\"width\":250,\"height\":50,\"caption\":\"Stefania Zani Srl\"},\"image\":{\"@id\":\"https:\\\/\\\/www.stefaniazani.it\\\/es\\\/#\\\/schema\\\/logo\\\/image\\\/\"},\"sameAs\":[\"https:\\\/\\\/www.facebook.com\\\/p\\\/Stefania-Zani-100087139977126\\\/\",\"https:\\\/\\\/www.instagram.com\\\/stefania__zani\\\/\"]}]}<\/script>\n<!-- \/ Yoast SEO plugin. -->","yoast_head_json":{"title":"Constelaciones familiares","robots":{"index":"index","follow":"follow","max-snippet":"max-snippet:-1","max-image-preview":"max-image-preview:large","max-video-preview":"max-video-preview:-1"},"og_locale":"es_ES","og_type":"article","og_title":"Constelaciones familiares","og_url":"https:\/\/www.stefaniazani.it\/es\/constelaciones-familiares\/","og_site_name":"Stefania Zani","article_publisher":"https:\/\/www.facebook.com\/p\/Stefania-Zani-100087139977126\/","article_modified_time":"2025-12-11T12:16:46+00:00","og_image":[{"url":"https:\/\/www.stefaniazani.it\/wp-content\/uploads\/2024\/05\/freccia_stefania_zani.svg","type":"","width":"","height":""}],"twitter_card":"summary_large_image","twitter_misc":{"Tiempo de lectura":"2 minutos"},"schema":{"@context":"https:\/\/schema.org","@graph":[{"@type":"WebPage","@id":"https:\/\/www.stefaniazani.it\/es\/constelaciones-familiares\/","url":"https:\/\/www.stefaniazani.it\/es\/constelaciones-familiares\/","name":"Costellazioni Familiari - Stefania Zani","isPartOf":{"@id":"https:\/\/www.stefaniazani.it\/#website"},"primaryImageOfPage":{"@id":"https:\/\/www.stefaniazani.it\/es\/constelaciones-familiares\/#primaryimage"},"image":{"@id":"https:\/\/www.stefaniazani.it\/es\/constelaciones-familiares\/#primaryimage"},"thumbnailUrl":"https:\/\/www.stefaniazani.it\/wp-content\/uploads\/2024\/05\/freccia_stefania_zani.svg","datePublished":"2024-09-25T13:08:29+00:00","dateModified":"2025-12-11T12:16:46+00:00","description":"Partecipa alle Costellazioni Familiari guidate da Michela d'Inca. Un metodo di esplorazione e risoluzione dei conflitti che viviamo nella nostra esistenza.\u2028","breadcrumb":{"@id":"https:\/\/www.stefaniazani.it\/es\/constelaciones-familiares\/#breadcrumb"},"inLanguage":"es","potentialAction":[{"@type":"ReadAction","target":["https:\/\/www.stefaniazani.it\/es\/constelaciones-familiares\/"]}]},{"@type":"ImageObject","inLanguage":"es","@id":"https:\/\/www.stefaniazani.it\/es\/constelaciones-familiares\/#primaryimage","url":"https:\/\/www.stefaniazani.it\/wp-content\/uploads\/2024\/05\/freccia_stefania_zani.svg","contentUrl":"https:\/\/www.stefaniazani.it\/wp-content\/uploads\/2024\/05\/freccia_stefania_zani.svg"},{"@type":"BreadcrumbList","@id":"https:\/\/www.stefaniazani.it\/es\/constelaciones-familiares\/#breadcrumb","itemListElement":[{"@type":"ListItem","position":1,"name":"Home","item":"https:\/\/www.stefaniazani.it\/"},{"@type":"ListItem","position":2,"name":"Constelaciones familiares"}]},{"@type":"WebSite","@id":"https:\/\/www.stefaniazani.it\/es\/#website","url":"https:\/\/www.stefaniazani.it\/es\/","name":"Stefania Zani","description":"","publisher":{"@id":"https:\/\/www.stefaniazani.it\/es\/#organization"},"potentialAction":[{"@type":"SearchAction","target":{"@type":"EntryPoint","urlTemplate":"https:\/\/www.stefaniazani.it\/es\/?s={search_term_string}"},"query-input":{"@type":"PropertyValueSpecification","valueRequired":true,"valueName":"search_term_string"}}],"inLanguage":"es"},{"@type":"Organization","@id":"https:\/\/www.stefaniazani.it\/es\/#organization","name":"Stefania Zani Srl","url":"https:\/\/www.stefaniazani.it\/es\/","logo":{"@type":"ImageObject","inLanguage":"es","@id":"https:\/\/www.stefaniazani.it\/es\/#\/schema\/logo\/image\/","url":"https:\/\/www.stefaniazani.it\/wp-content\/uploads\/2024\/03\/stefania_zani_logo_start.png","contentUrl":"https:\/\/www.stefaniazani.it\/wp-content\/uploads\/2024\/03\/stefania_zani_logo_start.png","width":250,"height":50,"caption":"Stefania Zani Srl"},"image":{"@id":"https:\/\/www.stefaniazani.it\/es\/#\/schema\/logo\/image\/"},"sameAs":["https:\/\/www.facebook.com\/p\/Stefania-Zani-100087139977126\/","https:\/\/www.instagram.com\/stefania__zani\/"]}]}},"_links":{"self":[{"href":"https:\/\/www.stefaniazani.it\/es\/wp-json\/wp\/v2\/pages\/8924","targetHints":{"allow":["GET"]}}],"collection":[{"href":"https:\/\/www.stefaniazani.it\/es\/wp-json\/wp\/v2\/pages"}],"about":[{"href":"https:\/\/www.stefaniazani.it\/es\/wp-json\/wp\/v2\/types\/page"}],"author":[{"embeddable":true,"href":"https:\/\/www.stefaniazani.it\/es\/wp-json\/wp\/v2\/users\/74"}],"replies":[{"embeddable":true,"href":"https:\/\/www.stefaniazani.it\/es\/wp-json\/wp\/v2\/comments?post=8924"}],"version-history":[{"count":0,"href":"https:\/\/www.stefaniazani.it\/es\/wp-json\/wp\/v2\/pages\/8924\/revisions"}],"wp:attachment":[{"href":"https:\/\/www.stefaniazani.it\/es\/wp-json\/wp\/v2\/media?parent=8924"}],"curies":[{"name":"wp","href":"https:\/\/api.w.org\/{rel}","templated":true}]}}