{"id":1898,"date":"2024-04-19T08:14:10","date_gmt":"2024-04-19T07:14:10","guid":{"rendered":"https:\/\/stefaniazani.ilfondaco.it\/?page_id=1898"},"modified":"2025-06-09T11:22:14","modified_gmt":"2025-06-09T09:22:14","slug":"il-giro-veloce","status":"publish","type":"page","link":"https:\/\/www.stefaniazani.it\/es\/lectura-expres\/","title":{"rendered":"Lectura expr\u00e8s"},"content":{"rendered":"<h1>Il Giro Veloce<\/h1>\n<hr>\n<div>\n<p>Ogni mattina, su Instagram, indago attraverso Le Essenziali le Energie del giorno, per comprendere meglio quali opportunit\u00e0 si presentino e quali sfide potrebbero emergere. <br \/>Vi chiederete come sia possibile che una unica lettura possa valere per tutti.<\/p>\n<p>Per rispondere a questa domanda, mi piace usare questa metafora: immagina che ogni essere umano sia un\u2019imbarcazione con strumenti di bordo ed equipaggio diversi, ma anche differenti porti da raggiungere.<\/p>\n<p>Nonostante le peculiarit\u00e0 di ognuna, per\u00f2, il vento \u00e8 lo stesso per tutti. <br \/>Il Giro Veloce ci permette di decifrarlo nelle sue infinite sfumature, in un dialogo profondo con noi stessi e\u00a0le nostre Guide.<\/p>\n<p>Ognuno di noi ha la percezione di S\u00e8 come un essere unico e separato dagli altri, ma questa \u00e8 una delle pi\u00f9 grandi illusioni dell\u2019essere\u00a0umano.<\/p>\n<\/div>\n<p><p>\n        <a href=\"https:\/\/www.instagram.com\/stefania__zani\/\">Scopri il Giro Veloce<\/a>\n    <\/p>\n<\/p>\n<p><video src=\"\/wp-content\/uploads\/2024\/05\/ilgiroveloce_video_insta.mp4\" poster=\"\"><\/video><\/p>\n<p><!--more--><br \/>\n<!-- {\"type\":\"layout\",\"children\":[{\"type\":\"section\",\"props\":{\"animation\":\"scale-up\",\"animation_delay\":\"350\",\"image_position\":\"center-center\",\"style\":\"default\",\"title_breakpoint\":\"xl\",\"title_position\":\"top-left\",\"title_rotation\":\"left\",\"vertical_align\":\"middle\",\"width\":\"default\"},\"children\":[{\"type\":\"row\",\"children\":[{\"type\":\"column\",\"props\":{\"image_position\":\"center-center\",\"position_sticky_breakpoint\":\"m\"},\"children\":[{\"type\":\"headline\",\"props\":{\"content\":\"Il Giro Veloce\",\"content_es_es\":\"Lectura expr\\u00e8s\",\"margin\":\"remove-vertical\",\"margin_remove_bottom\":true,\"margin_remove_top\":true,\"text_align\":\"center\",\"title_element\":\"h1\",\"title_style\":\"h1\"},\"name\":\"HEADLINE TITOLO\"},{\"type\":\"divider\",\"props\":{\"divider_align\":\"center\",\"divider_element\":\"hr\",\"divider_style\":\"icon\",\"margin\":\"remove-vertical\",\"margin_remove_top\":true},\"name\":\"divider con stella\"}]}]},{\"type\":\"row\",\"children\":[{\"type\":\"column\",\"props\":{\"image_position\":\"center-center\",\"position_sticky_breakpoint\":\"m\",\"width_medium\":\"1-2\"},\"children\":[{\"type\":\"text\",\"props\":{\"column_breakpoint\":\"m\",\"content\":\"\n\n<p>Ogni mattina, su Instagram, indago attraverso Le Essenziali le Energie del giorno, per comprendere meglio quali opportunit\\u00e0 si presentino e quali sfide potrebbero emergere. <br \\\/>Vi chiederete come sia possibile che una unica lettura possa valere per tutti.<\\\/p>\\n\n\n<p>Per rispondere a questa domanda, mi piace usare questa metafora: immagina che ogni essere umano sia un\\u2019imbarcazione con strumenti di bordo ed equipaggio diversi, ma anche differenti porti da raggiungere.<\\\/p>\\n\n\n<p>Nonostante le peculiarit\\u00e0 di ognuna, per\\u00f2, il vento \\u00e8 lo stesso per tutti. <br \\\/>Il Giro Veloce ci permette di decifrarlo nelle sue infinite sfumature, in un dialogo profondo con noi stessi e\\u00a0le nostre Guide.<\\\/p>\\n\n\n<p>Ognuno di noi ha la percezione di S\\u00e8 come un essere unico e separato dagli altri, ma questa \\u00e8 una delle pi\\u00f9 grandi illusioni dell\\u2019essere\\u00a0umano.<\\\/p>\",\"content_es_es\":\"\n\n<p>Cada ma\\u00f1ana, en Instagram, investigo a trav\\u00e9s de Las Esenciales las Energ\\u00edas del d\\u00eda, para comprender mejor qu\\u00e9 oportunidades se presentan y qu\\u00e9 retos pueden surgir.<br \\\/><br \\\/>Tal vez te preguntes: <b>\\u00bf<\\\/b>c\\u00f3mo es posible que una lectura pueda aplicarse a todo el mundo? Para responder a esta pregunta, me gusta utilizar esta met\\u00e1fora: imagina que cada ser humano es un barco con diferentes instrumentos y tripulaci\\u00f3n, pero tambi\\u00e9n diferentes puertos a los que llegar.<\\\/p>\\n\n\n<p>Esto significa que a pesar de las peculiaridades de cada uno, el viento es el mismo para todos. La lectura expr\\u00e8s nos permite descifrarlo en sus infinitos matices, en un di\\u00e1logo profundo con nosotros mismos y con nuestros Gu\\u00edas.<\\\/p>\\n\n\n<p>Cada uno de nosotros tiene la percepci\\u00f3n de s\\u00ed mismo como un ser \\u00fanico y separado de los dem\\u00e1s, pero \\u00e9sta es una de las mayores ilusiones del ser humano.<\\\/p>\",\"margin\":\"small\"}},{\"type\":\"button\",\"props\":{\"grid_column_gap\":\"small\",\"grid_row_gap\":\"small\",\"margin\":\"default\",\"text_align\":\"left\"},\"children\":[{\"type\":\"button_item\",\"props\":{\"button_style\":\"text\",\"content\":\"Scopri il Giro Veloce\",\"content_es_es\":\"Descubre la lectura expr\\u00e8s\",\"dialog_layout\":\"modal\",\"dialog_offcanvas_flip\":true,\"icon\":\"freccia-stefania-zani\",\"icon_align\":\"right\",\"link\":\"https:\\\/\\\/www.instagram.com\\\/stefania__zani\\\/\",\"link_es_es\":\"https:\\\/\\\/www.instagram.com\\\/stefania__zani\\\/\",\"link_target\":\"blank\"}}],\"name\":\"freccine\"}]},{\"type\":\"column\",\"props\":{\"image_position\":\"center-center\",\"position_sticky_breakpoint\":\"m\",\"vertical_align\":\"bottom\",\"width_medium\":\"1-2\"},\"children\":[{\"type\":\"video\",\"props\":{\"margin\":\"default\",\"text_align\":\"center\",\"video\":\"wp-content\\\/uploads\\\/2024\\\/05\\\/ilgiroveloce_video_insta.mp4\",\"video_autoplay\":\"inview\",\"video_controls\":true,\"video_es_es\":\"wp-content\\\/uploads\\\/2024\\\/05\\\/ilgiroveloce_video_insta.mp4\",\"video_lazyload\":true,\"video_loop\":false,\"video_playsinline\":true,\"video_width\":\"400\"}}]}],\"props\":{\"alignment\":\"left\",\"divider\":false,\"layout\":\"1-2,1-2\",\"width\":\"default\"}}],\"name\":\"il giro veloce\"}],\"version\":\"4.5.19\"} --><\/p>\n","protected":false},"excerpt":{"rendered":"<p>Il Giro Veloce Ogni mattina, su Instagram, indago attraverso Le Essenziali le Energie del giorno, per comprendere meglio quali opportunit\u00e0 si presentino e quali sfide potrebbero emergere. Vi chiederete come sia possibile che una unica lettura possa valere per tutti. Per rispondere a questa domanda, mi piace usare questa metafora: immagina che ogni essere umano [&hellip;]<\/p>\n","protected":false},"author":1,"featured_media":0,"parent":0,"menu_order":0,"comment_status":"closed","ping_status":"closed","template":"","meta":{"footnotes":""},"class_list":["post-1898","page","type-page","status-publish","hentry"],"yoast_head":"<!-- This site is optimized with the Yoast SEO plugin v27.5 - https:\/\/yoast.com\/product\/yoast-seo-wordpress\/ -->\n<title>Lectura expr\u00e8s<\/title>\n<meta name=\"robots\" content=\"index, follow, max-snippet:-1, max-image-preview:large, max-video-preview:-1\" \/>\n<meta property=\"og:locale\" content=\"es_ES\" \/>\n<meta property=\"og:type\" content=\"article\" \/>\n<meta property=\"og:title\" content=\"Lectura expr\u00e8s\" \/>\n<meta property=\"og:url\" content=\"https:\/\/www.stefaniazani.it\/es\/lectura-expres\/\" \/>\n<meta property=\"og:site_name\" content=\"Stefania Zani\" \/>\n<meta property=\"article:publisher\" content=\"https:\/\/www.facebook.com\/p\/Stefania-Zani-100087139977126\/\" \/>\n<meta property=\"article:modified_time\" content=\"2025-06-09T09:22:14+00:00\" \/>\n<meta property=\"og:image\" content=\"https:\/\/www.stefaniazani.it\/wp-content\/uploads\/2024\/06\/Mi-presento-Foto-banner-principale-Stefania-Zani.png\" \/>\n\t<meta property=\"og:image:width\" content=\"800\" \/>\n\t<meta property=\"og:image:height\" content=\"1000\" \/>\n\t<meta property=\"og:image:type\" content=\"image\/png\" \/>\n<meta name=\"twitter:card\" content=\"summary_large_image\" \/>\n<meta name=\"twitter:label1\" content=\"Tiempo de lectura\" \/>\n\t<meta name=\"twitter:data1\" content=\"1 minuto\" \/>\n<script type=\"application\/ld+json\" class=\"yoast-schema-graph\">{\"@context\":\"https:\\\/\\\/schema.org\",\"@graph\":[{\"@type\":\"WebPage\",\"@id\":\"https:\\\/\\\/www.stefaniazani.it\\\/es\\\/lectura-expres\\\/\",\"url\":\"https:\\\/\\\/www.stefaniazani.it\\\/es\\\/lectura-expres\\\/\",\"name\":\"Il Giro Veloce - Stefania Zani\",\"isPartOf\":{\"@id\":\"https:\\\/\\\/www.stefaniazani.it\\\/#website\"},\"datePublished\":\"2024-04-19T07:14:10+00:00\",\"dateModified\":\"2025-06-09T09:22:14+00:00\",\"description\":\"Scopri ogni mattina su Instagram le Energie del giorno con Le Essenziali: guida spirituale per affrontare opportunit\u00e0 e sfide.\",\"breadcrumb\":{\"@id\":\"https:\\\/\\\/www.stefaniazani.it\\\/es\\\/lectura-expres\\\/#breadcrumb\"},\"inLanguage\":\"es\",\"potentialAction\":[{\"@type\":\"ReadAction\",\"target\":[\"https:\\\/\\\/www.stefaniazani.it\\\/es\\\/lectura-expres\\\/\"]}]},{\"@type\":\"BreadcrumbList\",\"@id\":\"https:\\\/\\\/www.stefaniazani.it\\\/es\\\/lectura-expres\\\/#breadcrumb\",\"itemListElement\":[{\"@type\":\"ListItem\",\"position\":1,\"name\":\"Home\",\"item\":\"https:\\\/\\\/www.stefaniazani.it\\\/\"},{\"@type\":\"ListItem\",\"position\":2,\"name\":\"Lectura expr\u00e8s\"}]},{\"@type\":\"WebSite\",\"@id\":\"https:\\\/\\\/www.stefaniazani.it\\\/es\\\/#website\",\"url\":\"https:\\\/\\\/www.stefaniazani.it\\\/es\\\/\",\"name\":\"Stefania Zani\",\"description\":\"\",\"publisher\":{\"@id\":\"https:\\\/\\\/www.stefaniazani.it\\\/es\\\/#organization\"},\"potentialAction\":[{\"@type\":\"SearchAction\",\"target\":{\"@type\":\"EntryPoint\",\"urlTemplate\":\"https:\\\/\\\/www.stefaniazani.it\\\/es\\\/?s={search_term_string}\"},\"query-input\":{\"@type\":\"PropertyValueSpecification\",\"valueRequired\":true,\"valueName\":\"search_term_string\"}}],\"inLanguage\":\"es\"},{\"@type\":\"Organization\",\"@id\":\"https:\\\/\\\/www.stefaniazani.it\\\/es\\\/#organization\",\"name\":\"Stefania Zani Srl\",\"url\":\"https:\\\/\\\/www.stefaniazani.it\\\/es\\\/\",\"logo\":{\"@type\":\"ImageObject\",\"inLanguage\":\"es\",\"@id\":\"https:\\\/\\\/www.stefaniazani.it\\\/es\\\/#\\\/schema\\\/logo\\\/image\\\/\",\"url\":\"https:\\\/\\\/www.stefaniazani.it\\\/wp-content\\\/uploads\\\/2024\\\/03\\\/stefania_zani_logo_start.png\",\"contentUrl\":\"https:\\\/\\\/www.stefaniazani.it\\\/wp-content\\\/uploads\\\/2024\\\/03\\\/stefania_zani_logo_start.png\",\"width\":250,\"height\":50,\"caption\":\"Stefania Zani Srl\"},\"image\":{\"@id\":\"https:\\\/\\\/www.stefaniazani.it\\\/es\\\/#\\\/schema\\\/logo\\\/image\\\/\"},\"sameAs\":[\"https:\\\/\\\/www.facebook.com\\\/p\\\/Stefania-Zani-100087139977126\\\/\",\"https:\\\/\\\/www.instagram.com\\\/stefania__zani\\\/\"]}]}<\/script>\n<!-- \/ Yoast SEO plugin. -->","yoast_head_json":{"title":"Lectura expr\u00e8s","robots":{"index":"index","follow":"follow","max-snippet":"max-snippet:-1","max-image-preview":"max-image-preview:large","max-video-preview":"max-video-preview:-1"},"og_locale":"es_ES","og_type":"article","og_title":"Lectura expr\u00e8s","og_url":"https:\/\/www.stefaniazani.it\/es\/lectura-expres\/","og_site_name":"Stefania Zani","article_publisher":"https:\/\/www.facebook.com\/p\/Stefania-Zani-100087139977126\/","article_modified_time":"2025-06-09T09:22:14+00:00","og_image":[{"width":800,"height":1000,"url":"https:\/\/www.stefaniazani.it\/wp-content\/uploads\/2024\/06\/Mi-presento-Foto-banner-principale-Stefania-Zani.png","type":"image\/png"}],"twitter_card":"summary_large_image","twitter_misc":{"Tiempo de lectura":"1 minuto"},"schema":{"@context":"https:\/\/schema.org","@graph":[{"@type":"WebPage","@id":"https:\/\/www.stefaniazani.it\/es\/lectura-expres\/","url":"https:\/\/www.stefaniazani.it\/es\/lectura-expres\/","name":"Il Giro Veloce - Stefania Zani","isPartOf":{"@id":"https:\/\/www.stefaniazani.it\/#website"},"datePublished":"2024-04-19T07:14:10+00:00","dateModified":"2025-06-09T09:22:14+00:00","description":"Scopri ogni mattina su Instagram le Energie del giorno con Le Essenziali: guida spirituale per affrontare opportunit\u00e0 e sfide.","breadcrumb":{"@id":"https:\/\/www.stefaniazani.it\/es\/lectura-expres\/#breadcrumb"},"inLanguage":"es","potentialAction":[{"@type":"ReadAction","target":["https:\/\/www.stefaniazani.it\/es\/lectura-expres\/"]}]},{"@type":"BreadcrumbList","@id":"https:\/\/www.stefaniazani.it\/es\/lectura-expres\/#breadcrumb","itemListElement":[{"@type":"ListItem","position":1,"name":"Home","item":"https:\/\/www.stefaniazani.it\/"},{"@type":"ListItem","position":2,"name":"Lectura expr\u00e8s"}]},{"@type":"WebSite","@id":"https:\/\/www.stefaniazani.it\/es\/#website","url":"https:\/\/www.stefaniazani.it\/es\/","name":"Stefania Zani","description":"","publisher":{"@id":"https:\/\/www.stefaniazani.it\/es\/#organization"},"potentialAction":[{"@type":"SearchAction","target":{"@type":"EntryPoint","urlTemplate":"https:\/\/www.stefaniazani.it\/es\/?s={search_term_string}"},"query-input":{"@type":"PropertyValueSpecification","valueRequired":true,"valueName":"search_term_string"}}],"inLanguage":"es"},{"@type":"Organization","@id":"https:\/\/www.stefaniazani.it\/es\/#organization","name":"Stefania Zani Srl","url":"https:\/\/www.stefaniazani.it\/es\/","logo":{"@type":"ImageObject","inLanguage":"es","@id":"https:\/\/www.stefaniazani.it\/es\/#\/schema\/logo\/image\/","url":"https:\/\/www.stefaniazani.it\/wp-content\/uploads\/2024\/03\/stefania_zani_logo_start.png","contentUrl":"https:\/\/www.stefaniazani.it\/wp-content\/uploads\/2024\/03\/stefania_zani_logo_start.png","width":250,"height":50,"caption":"Stefania Zani Srl"},"image":{"@id":"https:\/\/www.stefaniazani.it\/es\/#\/schema\/logo\/image\/"},"sameAs":["https:\/\/www.facebook.com\/p\/Stefania-Zani-100087139977126\/","https:\/\/www.instagram.com\/stefania__zani\/"]}]}},"_links":{"self":[{"href":"https:\/\/www.stefaniazani.it\/es\/wp-json\/wp\/v2\/pages\/1898","targetHints":{"allow":["GET"]}}],"collection":[{"href":"https:\/\/www.stefaniazani.it\/es\/wp-json\/wp\/v2\/pages"}],"about":[{"href":"https:\/\/www.stefaniazani.it\/es\/wp-json\/wp\/v2\/types\/page"}],"author":[{"embeddable":true,"href":"https:\/\/www.stefaniazani.it\/es\/wp-json\/wp\/v2\/users\/1"}],"replies":[{"embeddable":true,"href":"https:\/\/www.stefaniazani.it\/es\/wp-json\/wp\/v2\/comments?post=1898"}],"version-history":[{"count":0,"href":"https:\/\/www.stefaniazani.it\/es\/wp-json\/wp\/v2\/pages\/1898\/revisions"}],"wp:attachment":[{"href":"https:\/\/www.stefaniazani.it\/es\/wp-json\/wp\/v2\/media?parent=1898"}],"curies":[{"name":"wp","href":"https:\/\/api.w.org\/{rel}","templated":true}]}}