{"id":18368,"date":"2025-06-20T15:04:40","date_gmt":"2025-06-20T13:04:40","guid":{"rendered":"https:\/\/www.stefaniazani.it\/?page_id=18368"},"modified":"2025-12-08T01:40:37","modified_gmt":"2025-12-08T00:40:37","slug":"costellazioni-familiari-14-e-15-marzo-2026","status":"publish","type":"page","link":"https:\/\/www.stefaniazani.it\/es\/costellazioni-familiari-14-e-15-marzo-2026\/","title":{"rendered":"Constelaciones familiares - 14 y 15 de marzo de 2026"},"content":{"rendered":"<h1>COSTELLAZIONI FAMILIARI TORINO \u2013 14 e 15 MARZO<\/h1>\n<p><img decoding=\"async\" src=\"\/wp-content\/uploads\/2025\/10\/Costellazioni-Famigliari-21-e-22-febbraio-1.png\" alt=\"\"><\/p>\n<div>\n<p><strong>Torino &#8211; 14\/15 Marzo 2026 &#8211; I Legami oltre il Tempo: Connessioni Familiari Animiche<\/strong><\/p>\n<p>In questo incontro di Costellazioni saremo guidati da <em style=\"font-weight: bold;\">Michela D&#8217;Inca<\/em><\/p>\n<p><strong>Orari:<\/strong><br \/>\nL&#8217;evento inizier\u00e0 alle ore 9:30 e finir\u00e0 alle ore 18 <br \/>\ndalle 13 alle 14.30 ci sar\u00e0 una pausa pranzo<\/p>\n<p>Le Costellazioni familiari sono un metodo di esplorazione e risoluzione dei conflitti e disarmonie che viviamo nella vita.<br \/>\nL&#8217;approccio sistemico portato alla luce da Bert Hellinger permette di guardare le dinamiche acquisite dal nostro nucleo familiare e renderci pi\u00f9 consapevoli ,sapendo ci\u00f2 che ci muove possiamo cos\u00ec scegliere di guardare altre possibilit\u00e0 per il nostro cammino.<\/p>\n<p>Ogni famiglia custodisce dei segreti e delle lealt\u00e0 inconsce, il fine delle costellazioni \u00e8 rendere libert\u00e0 e consapevolezza al singolo.<\/p>\n<p>Le Costellazioni ci donano la grande responsabilit\u00e0 di sciogliere i nodi genealogici per chi verr\u00e0 dopo di noi, sia che abbiamo figli o no. Facciamo tutti parte di una famiglia umana che mai come ora richiede chiarezza d intenti e libert\u00e0 nuova e vibrante condivisa.<\/p>\n<p><strong>Il costo delle due giornate di Costellazioni Familiari \u00e8 di 250\u20ac.<br \/>\nChi desidera partecipare e iscriversi pu\u00f2 farlo inviando una mail a<br \/>\n<a href=\"mailto:info@alberodellaseta.com\">info@alberodellaseta.com<\/a> <\/strong><\/p>\n<\/div>\n<p><!--more--><br \/>\n<!-- {\"type\":\"layout\",\"children\":[{\"type\":\"section\",\"props\":{\"image_position\":\"center-center\",\"style\":\"default\",\"title_breakpoint\":\"xl\",\"title_position\":\"top-left\",\"title_rotation\":\"left\",\"vertical_align\":\"middle\",\"width\":\"default\"},\"children\":[{\"type\":\"row\",\"children\":[{\"type\":\"column\",\"props\":{\"image_position\":\"center-center\",\"position_sticky_breakpoint\":\"m\"},\"children\":[{\"type\":\"headline\",\"props\":{\"content\":\"COSTELLAZIONI FAMILIARI TORINO \\u2013 14 e 15 MARZO\",\"content_es_es\":\"CONSTELACIONES FAMILIARES - TUR\\u00cdN - 14 y 15 DE MARZO\",\"text_align\":\"center\",\"title_element\":\"h1\",\"title_style\":\"h1\"}}]}]},{\"type\":\"row\",\"props\":{\"layout\":\"2-5,3-5\"},\"children\":[{\"type\":\"column\",\"props\":{\"image_position\":\"center-center\",\"position_sticky_breakpoint\":\"m\",\"width_medium\":\"2-5\"},\"children\":[{\"type\":\"image\",\"props\":{\"image\":\"wp-content\\\/uploads\\\/2025\\\/10\\\/Costellazioni-Famigliari-21-e-22-febbraio-1.png\",\"image_es_es\":\"wp-content\\\/uploads\\\/2025\\\/10\\\/Constelaciones-Familiares.png\",\"image_svg_color\":\"emphasis\",\"margin\":\"default\"}}]},{\"type\":\"column\",\"props\":{\"image_position\":\"center-center\",\"position_sticky_breakpoint\":\"m\",\"width_medium\":\"3-5\"},\"children\":[{\"type\":\"text\",\"props\":{\"column_breakpoint\":\"m\",\"content\":\"\n\n<p><strong>Torino - 14\\\/15 Marzo 2026 - I Legami oltre il Tempo: Connessioni Familiari Animiche<\\\/strong><br \/>\\n\\nIn questo incontro di Costellazioni saremo guidati da <em style=\\\"font-weight: bold;\\\">Michela D'Inca<\\\/em>\n\n\\n\\n<strong>Orari:<\\\/strong><br \/>\\nL'evento inizier\\u00e0 alle ore 9:30 e finir\\u00e0 alle ore 18 <br \/>\\ndalle 13 alle 14.30 ci sar\\u00e0 una pausa pranzo\n\n\\n\\nLe Costellazioni familiari sono un metodo di esplorazione e risoluzione dei conflitti e disarmonie che viviamo nella vita.\\nL'approccio sistemico portato alla luce da Bert Hellinger permette di guardare le dinamiche acquisite dal nostro nucleo familiare e renderci pi\\u00f9 consapevoli ,sapendo ci\\u00f2 che ci muove possiamo cos\\u00ec scegliere di guardare altre possibilit\\u00e0 per il nostro cammino.<br \/>\\n\\nOgni famiglia custodisce dei segreti e delle lealt\\u00e0 inconsce, il fine delle costellazioni \\u00e8 rendere libert\\u00e0 e consapevolezza al singolo.<br \/>\\n\\nLe Costellazioni ci donano la grande responsabilit\\u00e0 di sciogliere i nodi genealogici per chi verr\\u00e0 dopo di noi, sia che abbiamo figli o no. Facciamo tutti parte di una famiglia umana che mai come ora richiede chiarezza d intenti e libert\\u00e0 nuova e vibrante condivisa.\n\n\\n\\n<strong>Il costo delle due giornate di Costellazioni Familiari \\u00e8 di 250\\u20ac.\\nChi desidera partecipare e iscriversi pu\\u00f2 farlo inviando una mail a \\n<a href=\\\"mailto:info@alberodellaseta.com\\\">info@alberodellaseta.com<\\\/a> <\\\/strong>\\n\\n\",\"content_es_es\":\"\n\n<p><strong>Tur\\u00edn - 14\\\/15 de marzo de 2026 - Los Lazos m\\u00e1s all\\u00e1 del Tiempo: Conexiones Familiares Emocionales<\\\/strong><br \/>\\n\\nEn este encuentro de Constelaciones seremos guiados por <em style=\\\"font-weight: bold;\\\">Michela D'Inca<\\\/em>\n\n\\n\\n<strong>Horarios:<\\\/strong><br \/>\\nEl evento comenzar\\u00e1 a las 9:30 y terminar\\u00e1 a las 18:00 <br \/>\\nde 13 a 14.30 habr\\u00e1 una pausa para el almuerzo\n\n\\n\\nLas Constelaciones familiares son un m\\u00e9todo de exploraci\\u00f3n y resoluci\\u00f3n de los conflictos y desarmon\\u00edas que vivimos en la vida.\\nEl enfoque sist\\u00e9mico sacado a la luz por Bert Hellinger permite mirar las din\\u00e1micas adquiridas de nuestro n\\u00facleo familiar y hacernos m\\u00e1s conscientes, sabiendo lo que nos mueve podemos elegir buscar otras posibilidades para nuestro camino. <br \/>\\n\\nCada familia guarda secretos y lealtades inconscientes, el objetivo de las constelaciones es devolver la libertad y la conciencia al individuo. <br \/>\\n\\nLas Constelaciones nos dan la gran responsabilidad de desatar los nudos geneal\\u00f3gicos para aquellos que vendr\\u00e1n despu\\u00e9s de nosotros, ya sea que tengamos hijos o no. Todos somos parte de una familia humana que nunca como ahora requiere claridad de prop\\u00f3sito y libertad nueva y vibrante compartida. \n\n\\n\\n<strong>El coste de los dos d\\u00edas de Constelaciones Familiares es de 250\\u20ac.\\nAquellos que deseen participar y inscribirse pueden hacerlo enviando un correo electr\\u00f3nico a \\n<a href=\\\"mail@alberodellaseta.com\\\">info@alberodellaseta.com<\\\/a> <\\\/strong>\\n\",\"margin\":\"default\"}}]}]}]}],\"version\":\"4.5.31\"} --><\/p>\n","protected":false},"excerpt":{"rendered":"<p>COSTELLAZIONI FAMILIARI TORINO \u2013 14 e 15 MARZO Torino &#8211; 14\/15 Marzo 2026 &#8211; I Legami oltre il Tempo: Connessioni Familiari Animiche In questo incontro di Costellazioni saremo guidati da Michela D&#8217;Inca Orari: L&#8217;evento inizier\u00e0 alle ore 9:30 e finir\u00e0 alle ore 18 dalle 13 alle 14.30 ci sar\u00e0 una pausa pranzo Le Costellazioni familiari [&hellip;]<\/p>\n","protected":false},"author":1,"featured_media":0,"parent":0,"menu_order":0,"comment_status":"closed","ping_status":"closed","template":"","meta":{"footnotes":""},"class_list":["post-18368","page","type-page","status-publish","hentry"],"yoast_head":"<!-- This site is optimized with the Yoast SEO plugin v27.4 - https:\/\/yoast.com\/product\/yoast-seo-wordpress\/ -->\n<title>Constelaciones familiares - 14 y 15 de marzo de 2026<\/title>\n<meta name=\"robots\" content=\"index, follow, max-snippet:-1, max-image-preview:large, max-video-preview:-1\" \/>\n<meta property=\"og:locale\" content=\"es_ES\" \/>\n<meta property=\"og:type\" content=\"article\" \/>\n<meta property=\"og:title\" content=\"Constelaciones familiares - 14 y 15 de marzo de 2026\" \/>\n<meta property=\"og:url\" content=\"https:\/\/www.stefaniazani.it\/es\/costellazioni-familiari-14-e-15-marzo-2026\/\" \/>\n<meta property=\"og:site_name\" content=\"Stefania Zani\" \/>\n<meta property=\"article:publisher\" content=\"https:\/\/www.facebook.com\/p\/Stefania-Zani-100087139977126\/\" \/>\n<meta property=\"article:modified_time\" content=\"2025-12-08T00:40:37+00:00\" \/>\n<meta property=\"og:image\" content=\"https:\/\/www.stefaniazani.it\/wp-content\/uploads\/2024\/06\/Mi-presento-Foto-banner-principale-Stefania-Zani.png\" \/>\n\t<meta property=\"og:image:width\" content=\"800\" \/>\n\t<meta property=\"og:image:height\" content=\"1000\" \/>\n\t<meta property=\"og:image:type\" content=\"image\/png\" \/>\n<meta name=\"twitter:card\" content=\"summary_large_image\" \/>\n<meta name=\"twitter:label1\" content=\"Tiempo de lectura\" \/>\n\t<meta name=\"twitter:data1\" content=\"2 minutos\" \/>\n<script type=\"application\/ld+json\" class=\"yoast-schema-graph\">{\"@context\":\"https:\\\/\\\/schema.org\",\"@graph\":[{\"@type\":\"WebPage\",\"@id\":\"https:\\\/\\\/www.stefaniazani.it\\\/es\\\/costellazioni-familiari-14-e-15-marzo-2026\\\/\",\"url\":\"https:\\\/\\\/www.stefaniazani.it\\\/es\\\/costellazioni-familiari-14-e-15-marzo-2026\\\/\",\"name\":\"Costellazioni Familiari - 14 e 15 marzo 2026 - Stefania Zani\",\"isPartOf\":{\"@id\":\"https:\\\/\\\/www.stefaniazani.it\\\/#website\"},\"datePublished\":\"2025-06-20T13:04:40+00:00\",\"dateModified\":\"2025-12-08T00:40:37+00:00\",\"description\":\"Partecipa al seminario 'Attivazione dei Talenti' a Belluno. Scopri e attiva i tuoi talenti innati attraverso tecniche pratiche e meditazione.\",\"breadcrumb\":{\"@id\":\"https:\\\/\\\/www.stefaniazani.it\\\/es\\\/costellazioni-familiari-14-e-15-marzo-2026\\\/#breadcrumb\"},\"inLanguage\":\"es\",\"potentialAction\":[{\"@type\":\"ReadAction\",\"target\":[\"https:\\\/\\\/www.stefaniazani.it\\\/es\\\/costellazioni-familiari-14-e-15-marzo-2026\\\/\"]}]},{\"@type\":\"BreadcrumbList\",\"@id\":\"https:\\\/\\\/www.stefaniazani.it\\\/es\\\/costellazioni-familiari-14-e-15-marzo-2026\\\/#breadcrumb\",\"itemListElement\":[{\"@type\":\"ListItem\",\"position\":1,\"name\":\"Home\",\"item\":\"https:\\\/\\\/www.stefaniazani.it\\\/\"},{\"@type\":\"ListItem\",\"position\":2,\"name\":\"Constelaciones familiares - 14 y 15 de marzo de 2026\"}]},{\"@type\":\"WebSite\",\"@id\":\"https:\\\/\\\/www.stefaniazani.it\\\/es\\\/#website\",\"url\":\"https:\\\/\\\/www.stefaniazani.it\\\/es\\\/\",\"name\":\"Stefania Zani\",\"description\":\"\",\"publisher\":{\"@id\":\"https:\\\/\\\/www.stefaniazani.it\\\/es\\\/#organization\"},\"potentialAction\":[{\"@type\":\"SearchAction\",\"target\":{\"@type\":\"EntryPoint\",\"urlTemplate\":\"https:\\\/\\\/www.stefaniazani.it\\\/es\\\/?s={search_term_string}\"},\"query-input\":{\"@type\":\"PropertyValueSpecification\",\"valueRequired\":true,\"valueName\":\"search_term_string\"}}],\"inLanguage\":\"es\"},{\"@type\":\"Organization\",\"@id\":\"https:\\\/\\\/www.stefaniazani.it\\\/es\\\/#organization\",\"name\":\"Stefania Zani Srl\",\"url\":\"https:\\\/\\\/www.stefaniazani.it\\\/es\\\/\",\"logo\":{\"@type\":\"ImageObject\",\"inLanguage\":\"es\",\"@id\":\"https:\\\/\\\/www.stefaniazani.it\\\/es\\\/#\\\/schema\\\/logo\\\/image\\\/\",\"url\":\"https:\\\/\\\/www.stefaniazani.it\\\/wp-content\\\/uploads\\\/2024\\\/03\\\/stefania_zani_logo_start.png\",\"contentUrl\":\"https:\\\/\\\/www.stefaniazani.it\\\/wp-content\\\/uploads\\\/2024\\\/03\\\/stefania_zani_logo_start.png\",\"width\":250,\"height\":50,\"caption\":\"Stefania Zani Srl\"},\"image\":{\"@id\":\"https:\\\/\\\/www.stefaniazani.it\\\/es\\\/#\\\/schema\\\/logo\\\/image\\\/\"},\"sameAs\":[\"https:\\\/\\\/www.facebook.com\\\/p\\\/Stefania-Zani-100087139977126\\\/\",\"https:\\\/\\\/www.instagram.com\\\/stefania__zani\\\/\"]}]}<\/script>\n<!-- \/ Yoast SEO plugin. -->","yoast_head_json":{"title":"Constelaciones familiares - 14 y 15 de marzo de 2026","robots":{"index":"index","follow":"follow","max-snippet":"max-snippet:-1","max-image-preview":"max-image-preview:large","max-video-preview":"max-video-preview:-1"},"og_locale":"es_ES","og_type":"article","og_title":"Constelaciones familiares - 14 y 15 de marzo de 2026","og_url":"https:\/\/www.stefaniazani.it\/es\/costellazioni-familiari-14-e-15-marzo-2026\/","og_site_name":"Stefania Zani","article_publisher":"https:\/\/www.facebook.com\/p\/Stefania-Zani-100087139977126\/","article_modified_time":"2025-12-08T00:40:37+00:00","og_image":[{"width":800,"height":1000,"url":"https:\/\/www.stefaniazani.it\/wp-content\/uploads\/2024\/06\/Mi-presento-Foto-banner-principale-Stefania-Zani.png","type":"image\/png"}],"twitter_card":"summary_large_image","twitter_misc":{"Tiempo de lectura":"2 minutos"},"schema":{"@context":"https:\/\/schema.org","@graph":[{"@type":"WebPage","@id":"https:\/\/www.stefaniazani.it\/es\/costellazioni-familiari-14-e-15-marzo-2026\/","url":"https:\/\/www.stefaniazani.it\/es\/costellazioni-familiari-14-e-15-marzo-2026\/","name":"Costellazioni Familiari - 14 e 15 marzo 2026 - Stefania Zani","isPartOf":{"@id":"https:\/\/www.stefaniazani.it\/#website"},"datePublished":"2025-06-20T13:04:40+00:00","dateModified":"2025-12-08T00:40:37+00:00","description":"Partecipa al seminario 'Attivazione dei Talenti' a Belluno. Scopri e attiva i tuoi talenti innati attraverso tecniche pratiche e meditazione.","breadcrumb":{"@id":"https:\/\/www.stefaniazani.it\/es\/costellazioni-familiari-14-e-15-marzo-2026\/#breadcrumb"},"inLanguage":"es","potentialAction":[{"@type":"ReadAction","target":["https:\/\/www.stefaniazani.it\/es\/costellazioni-familiari-14-e-15-marzo-2026\/"]}]},{"@type":"BreadcrumbList","@id":"https:\/\/www.stefaniazani.it\/es\/costellazioni-familiari-14-e-15-marzo-2026\/#breadcrumb","itemListElement":[{"@type":"ListItem","position":1,"name":"Home","item":"https:\/\/www.stefaniazani.it\/"},{"@type":"ListItem","position":2,"name":"Constelaciones familiares - 14 y 15 de marzo de 2026"}]},{"@type":"WebSite","@id":"https:\/\/www.stefaniazani.it\/es\/#website","url":"https:\/\/www.stefaniazani.it\/es\/","name":"Stefania Zani","description":"","publisher":{"@id":"https:\/\/www.stefaniazani.it\/es\/#organization"},"potentialAction":[{"@type":"SearchAction","target":{"@type":"EntryPoint","urlTemplate":"https:\/\/www.stefaniazani.it\/es\/?s={search_term_string}"},"query-input":{"@type":"PropertyValueSpecification","valueRequired":true,"valueName":"search_term_string"}}],"inLanguage":"es"},{"@type":"Organization","@id":"https:\/\/www.stefaniazani.it\/es\/#organization","name":"Stefania Zani Srl","url":"https:\/\/www.stefaniazani.it\/es\/","logo":{"@type":"ImageObject","inLanguage":"es","@id":"https:\/\/www.stefaniazani.it\/es\/#\/schema\/logo\/image\/","url":"https:\/\/www.stefaniazani.it\/wp-content\/uploads\/2024\/03\/stefania_zani_logo_start.png","contentUrl":"https:\/\/www.stefaniazani.it\/wp-content\/uploads\/2024\/03\/stefania_zani_logo_start.png","width":250,"height":50,"caption":"Stefania Zani Srl"},"image":{"@id":"https:\/\/www.stefaniazani.it\/es\/#\/schema\/logo\/image\/"},"sameAs":["https:\/\/www.facebook.com\/p\/Stefania-Zani-100087139977126\/","https:\/\/www.instagram.com\/stefania__zani\/"]}]}},"_links":{"self":[{"href":"https:\/\/www.stefaniazani.it\/es\/wp-json\/wp\/v2\/pages\/18368","targetHints":{"allow":["GET"]}}],"collection":[{"href":"https:\/\/www.stefaniazani.it\/es\/wp-json\/wp\/v2\/pages"}],"about":[{"href":"https:\/\/www.stefaniazani.it\/es\/wp-json\/wp\/v2\/types\/page"}],"author":[{"embeddable":true,"href":"https:\/\/www.stefaniazani.it\/es\/wp-json\/wp\/v2\/users\/1"}],"replies":[{"embeddable":true,"href":"https:\/\/www.stefaniazani.it\/es\/wp-json\/wp\/v2\/comments?post=18368"}],"version-history":[{"count":0,"href":"https:\/\/www.stefaniazani.it\/es\/wp-json\/wp\/v2\/pages\/18368\/revisions"}],"wp:attachment":[{"href":"https:\/\/www.stefaniazani.it\/es\/wp-json\/wp\/v2\/media?parent=18368"}],"curies":[{"name":"wp","href":"https:\/\/api.w.org\/{rel}","templated":true}]}}