{"id":12725,"date":"2025-01-10T13:34:14","date_gmt":"2025-01-10T12:34:14","guid":{"rendered":"https:\/\/www.stefaniazani.it\/?page_id=12725"},"modified":"2025-12-08T01:34:36","modified_gmt":"2025-12-08T00:34:36","slug":"come-funziona-casa-zani","status":"publish","type":"page","link":"https:\/\/www.stefaniazani.it\/es\/como-funciona-casa-zani\/","title":{"rendered":"\u00bfC\u00f3mo funciona CASA ZANI?"},"content":{"rendered":"<h1>COME FUNZIONA CASA ZANI?<\/h1>\n<div>\n<p>CASA ZANI \u00e8 un\u2019applicazione che puoi scaricare direttamente sul tuo telefono o computer, pensata per offrirti contenuti regolari e sempre aggiornati. Per poter accedere ai contenuti bisogna sottoscrivere un abbonamento, che pu\u00f2 essere rinnovato mensilmente o annualmente.<\/p>\n<p>Disdirlo \u00e8 semplicissimo, puoi farlo direttamente dall&#8217;applicazione.<\/p>\n<p>Ogni stanza ha il suo ritmo: alcune si animano ogni giorno, altre ogni settimana, altre ancora mensilmente.<\/p>\n<p>Non troverai tutto disponibile all\u2019inizio di ogni mese, perch\u00e9 CASA ZANI \u00e8 uno spazio in continuo movimento. \u00c8 un\u2019applicazione vitale e dinamica, dove i contenuti vengono aggiornati con regolarit\u00e0 per accompagnarti nel tuo percorso in modo naturale e graduale.<\/p>\n<p>Questa struttura permette di vivere CASA ZANI come un luogo che evolve con te, rendendola uno spazio sempre interessante e stimolante da esplorare.<\/p>\n<p>Questo progetto nasce per dar vita a una community riservata e autentica, con cui connetterti, condividere riflessioni, porre domande e partecipare a scambi significativi. \u00c8 un luogo pensato per costruire legami veri e per sostenerti nel tuo cammino, offrendoti la libert\u00e0 di essere te stesso in un ambiente sicuro e accogliente.<\/p>\n<\/div>\n<h2>LA COMMUNITY<\/h2>\n<div>\n<p>La serenit\u00e0 delle persone che scelgono di abitare questa Casa \u00e8 per me una priorit\u00e0. Per questo motivo, ci sar\u00e0 un supervisore che garantir\u00e0 un ambiente rispettoso e armonioso, segnalando eventuali comportamenti non in linea con i valori di questa community.<\/p>\n<p>CASA ZANI \u00e8 un luogo da vivere pienamente, pensato per accompagnarti nel tuo percorso evolutivo e offrirti l\u2019opportunit\u00e0 di connetterti con chi condivide il tuo cammino.<\/p>\n<p>Ti aspetto, pronta ad accoglierti, augurandomi che tu possa sentirti a Casa.<\/p>\n<\/div>\n<h2>Entra in CASA ZANI<\/h2>\n<hr>\n<div>\n<p>        <img decoding=\"async\" src=\"\/wp-content\/uploads\/2024\/12\/casa_zani_png_cagnolino.png\" alt=\"\"><\/p>\n<div><span class=\"uk-h1\">9\u20ac <\/span><span class=\"uk-h4\">al mese<\/span><\/div>\n<p>Abbonamento Mensile<\/p>\n<p><a href=\"https:\/\/casazani.it\/invitation?code=3665FB\">Abbonati Adesso <img loading=\"lazy\" decoding=\"async\" src=\"https:\/\/www.stefaniazani.it\/wp-content\/uploads\/2024\/05\/freccia_stefania_zani.svg\" width=\"20\" height=\"20\"><\/a><\/p>\n<\/div>\n<div>\n<p>        <img decoding=\"async\" src=\"\/wp-content\/uploads\/2024\/12\/casa_zani_png_cagnolino.png\" alt=\"\"><\/p>\n<div><\/span><span class=\"uk-h1\">97\u20ac <\/span><span class=\"uk-h4\">invece di 108\u20ac<\/span><\/div>\n<p>Abbonamento Annuale<\/p>\n<p><a href=\"https:\/\/casazani.it\/invitation?code=3665FB\">Abbonati Adesso <img loading=\"lazy\" decoding=\"async\" src=\"https:\/\/www.stefaniazani.it\/wp-content\/uploads\/2024\/05\/freccia_stefania_zani.svg\" width=\"20\" height=\"20\"><\/a><\/p>\n<\/div>\n<p><!--more--><br \/>\n<!-- {\"type\":\"layout\",\"children\":[{\"type\":\"section\",\"props\":{\"image_position\":\"center-center\",\"style\":\"default\",\"title_breakpoint\":\"xl\",\"title_position\":\"top-left\",\"title_rotation\":\"left\",\"vertical_align\":\"middle\",\"width\":\"default\"},\"children\":[{\"type\":\"row\",\"children\":[{\"type\":\"column\",\"props\":{\"image_position\":\"center-center\",\"position_sticky_breakpoint\":\"m\"},\"children\":[{\"type\":\"headline\",\"props\":{\"content\":\"COME FUNZIONA CASA ZANI?\",\"content_es_es\":\"\\u00bfC\\u00d3MO FUNCIONA CASA ZANI?\",\"title_element\":\"h1\"}},{\"type\":\"text\",\"props\":{\"column_breakpoint\":\"m\",\"content\":\"\n\n<p>CASA ZANI \\u00e8 un\\u2019applicazione che puoi scaricare direttamente sul tuo telefono o computer, pensata per offrirti contenuti regolari e sempre aggiornati. Per poter accedere ai contenuti bisogna sottoscrivere un abbonamento, che pu\\u00f2 essere rinnovato mensilmente o annualmente.<\\\/p>\\n\n\n<p>Disdirlo \\u00e8 semplicissimo, puoi farlo direttamente dall'applicazione.<\\\/p>\\n\n\n<p>Ogni stanza ha il suo ritmo: alcune si animano ogni giorno, altre ogni settimana, altre ancora mensilmente.<\\\/p>\\n\n\n<p>Non troverai tutto disponibile all\\u2019inizio di ogni mese, perch\\u00e9 CASA ZANI \\u00e8 uno spazio in continuo movimento. \\u00c8 un\\u2019applicazione vitale e dinamica, dove i contenuti vengono aggiornati con regolarit\\u00e0 per accompagnarti nel tuo percorso in modo naturale e graduale.<\\\/p>\\n\n\n<p>Questa struttura permette di vivere CASA ZANI come un luogo che evolve con te, rendendola uno spazio sempre interessante e stimolante da esplorare.<\\\/p>\\n\n\n<p>Questo progetto nasce per dar vita a una community riservata e autentica, con cui connetterti, condividere riflessioni, porre domande e partecipare a scambi significativi. \\u00c8 un luogo pensato per costruire legami veri e per sostenerti nel tuo cammino, offrendoti la libert\\u00e0 di essere te stesso in un ambiente sicuro e accogliente.<\\\/p>\",\"content_es_es\":\"\n\n<p>CASA ZANI es una aplicaci\\u00f3n que puede descargar directamente en su tel\\u00e9fono u ordenador, dise\\u00f1ada para ofrecerle contenidos peri\\u00f3dicos y actualizados. Para acceder al contenido es necesario suscribirse, que puede renovarse mensual o anualmente.<\\\/p>\\n\n\n<p>Darse de baja es muy sencillo, puedes hacerlo directamente desde la aplicaci\\u00f3n.<\\\/p>\\n\n\n<p>Cada sala tiene su propio ritmo: algunas cobran vida diariamente, otras semanalmente y otras mensualmente.<\\\/p>\\n\n\n<p>No encontrar\\u00e1s todo disponible al principio de cada mes, porque CASA ZANI es un espacio en constante movimiento. Es una aplicaci\\u00f3n vital y din\\u00e1mica, donde los contenidos se actualizan regularmente para acompa\\u00f1arte en tu viaje de forma natural y gradual.<\\\/p>\\n\n\n<p>Esta estructura te permite experimentar CASA ZANI como un lugar que evoluciona contigo, convirti\\u00e9ndolo en un espacio siempre interesante y estimulante para explorar.<\\\/p>\\n\n\n<p>Este proyecto fue creado para crear una comunidad privada y aut\\u00e9ntica, con la que puedas conectar, compartir reflexiones, hacer preguntas y participar en intercambios significativos. Es un lugar dise\\u00f1ado para crear v\\u00ednculos reales y apoyarte en tu viaje, ofreci\\u00e9ndote la libertad de ser t\\u00fa mismo en un entorno seguro y acogedor.<\\\/p>\",\"margin\":\"default\"}},{\"type\":\"headline\",\"props\":{\"content\":\"LA COMMUNITY\",\"content_es_es\":\"LA COMUNIDAD\",\"title_element\":\"h2\"}},{\"type\":\"text\",\"props\":{\"column_breakpoint\":\"m\",\"content\":\"\n\n<p>La serenit\\u00e0 delle persone che scelgono di abitare questa Casa \\u00e8 per me una priorit\\u00e0. Per questo motivo, ci sar\\u00e0 un supervisore che garantir\\u00e0 un ambiente rispettoso e armonioso, segnalando eventuali comportamenti non in linea con i valori di questa community.<\\\/p>\\n\n\n<p>CASA ZANI \\u00e8 un luogo da vivere pienamente, pensato per accompagnarti nel tuo percorso evolutivo e offrirti l\\u2019opportunit\\u00e0 di connetterti con chi condivide il tuo cammino.<\\\/p>\\n\n\n<p>Ti aspetto, pronta ad accoglierti, augurandomi che tu possa sentirti a Casa.<\\\/p>\",\"content_es_es\":\"\n\n<p>La serenidad de las personas que deciden habitar esta Casa es una prioridad para m\\u00ed. Por esta raz\\u00f3n, habr\\u00e1 un supervisor que garantizar\\u00e1 un ambiente respetuoso y armonioso, denunciando cualquier comportamiento no alineado con los valores de esta comunidad.<\\\/p>\\n\n\n<p>CASA ZANI es un lugar para vivir plenamente, dise\\u00f1ado para acompa\\u00f1arte en tu camino evolutivo y ofrecerte la oportunidad de conectar con aquellos que comparten tu viaje.<\\\/p>\\n\n\n<p>Te espero, dispuesto a darte la bienvenida, deseando que te sientas como en casa.<\\\/p>\",\"margin\":\"default\"}}]}]}]},{\"type\":\"section\",\"props\":{\"image_position\":\"center-center\",\"padding\":\"xsmall\",\"style\":\"default\",\"title_breakpoint\":\"xl\",\"title_position\":\"top-left\",\"title_rotation\":\"left\",\"vertical_align\":\"middle\",\"width\":\"default\"},\"children\":[{\"type\":\"row\",\"children\":[{\"type\":\"column\",\"props\":{\"image_position\":\"center-center\",\"position_sticky_breakpoint\":\"m\",\"width_medium\":\"1-1\"},\"children\":[{\"type\":\"headline\",\"props\":{\"block_align\":\"center\",\"content\":\"Entra in CASA ZANI\",\"content_es_es\":\"Entrar en CASA ZANI\",\"id\":\"casazani\",\"margin\":\"remove-vertical\",\"margin_remove_bottom\":false,\"text_align\":\"center\",\"title_color\":\"success\",\"title_element\":\"h2\",\"title_style\":\"h2\"}},{\"type\":\"divider\",\"props\":{\"divider_align\":\"center\",\"divider_element\":\"hr\",\"divider_style\":\"icon\",\"margin\":\"remove-vertical\",\"margin_remove_top\":true},\"name\":\"divider con stella\"}]}]},{\"type\":\"row\",\"props\":{\"column_gap\":\"small\",\"layout\":\"1-2,1-2\",\"row_gap\":\"small\"},\"children\":[{\"type\":\"column\",\"props\":{\"image_position\":\"center-center\",\"position_sticky_breakpoint\":\"m\",\"width_small\":\"1-2\"},\"children\":[{\"type\":\"overlay\",\"props\":{\"image\":\"wp-content\\\/uploads\\\/2024\\\/12\\\/casa_zani_png_cagnolino.png\",\"image_es_es\":\"wp-content\\\/uploads\\\/2024\\\/12\\\/casa_zani_png_cagnolino.png\",\"image_min_height\":\"400\",\"image_width\":\"610\",\"link\":\"https:\\\/\\\/casazani.it\\\/invitation?code=3665FB\",\"link_es_es\":\"https:\\\/\\\/casazani.it\\\/invitation?code=C3D4D7\",\"link_margin\":\"small\",\"link_style\":\"text\",\"link_text\":\"Abbonati Adesso <img src=\\\"https:\\\/\\\/www.stefaniazani.it\\\/wp-content\\\/uploads\\\/2024\\\/05\\\/freccia_stefania_zani.svg\\\" width=\\\"20\\\" height=\\\"20\\\">\",\"link_text_es_es\":\"Suscr\\u00edbase ahora <img src=\\\"https:\\\/\\\/www.stefaniazani.it\\\/wp-content\\\/uploads\\\/2024\\\/05\\\/freccia_stefania_zani.svg\\\" width=\\\"20\\\" height=\\\"20\\\">\",\"margin\":\"default\",\"meta\":\"Abbonamento Mensile\",\"meta_align\":\"above-title\",\"meta_color\":\"success\",\"meta_element\":\"h3\",\"meta_es_es\":\"Suscripci\\u00f3n mensual\",\"meta_style\":\"h3\",\"overlay_hover\":false,\"overlay_link\":true,\"overlay_mode\":\"cover\",\"overlay_padding\":\"large\",\"overlay_position\":\"top\",\"overlay_style\":\"\",\"overlay_transition\":\"fade\",\"text_align\":\"center\",\"text_color\":\"dark\",\"title\":\"<span class=\\\"uk-h1\\\">9\\u20ac <\\\/span><span class=\\\"uk-h4\\\">al mese<\\\/span>\",\"title_element\":\"div\",\"title_es_es\":\"<span class=\\\"uk-h1\\\">14\\u20ac <\\\/span><span class=\\\"uk-h4\\\">al mes<\\\/span>\",\"title_hover_style\":\"reset\",\"title_margin\":\"small\",\"title_style\":\"h3\"}}]},{\"type\":\"column\",\"props\":{\"image_position\":\"center-center\",\"padding\":\"none\",\"position_sticky_breakpoint\":\"m\",\"style\":\"tile-primary\",\"width_small\":\"1-2\"},\"children\":[{\"type\":\"overlay\",\"props\":{\"image\":\"wp-content\\\/uploads\\\/2024\\\/12\\\/casa_zani_png_cagnolino.png\",\"image_es_es\":\"wp-content\\\/uploads\\\/2024\\\/12\\\/casa_zani_png_cagnolino.png\",\"image_min_height\":\"400\",\"image_width\":\"610\",\"link\":\"https:\\\/\\\/casazani.it\\\/invitation?code=3665FB\",\"link_es_es\":\"https:\\\/\\\/casazani.it\\\/invitation?code=C3D4D7\",\"link_margin\":\"small\",\"link_style\":\"text\",\"link_text\":\"Abbonati Adesso <img src=\\\"https:\\\/\\\/www.stefaniazani.it\\\/wp-content\\\/uploads\\\/2024\\\/05\\\/freccia_stefania_zani.svg\\\" width=\\\"20\\\" height=\\\"20\\\">\",\"link_text_es_es\":\"Suscr\\u00edbase ahora <img src=\\\"https:\\\/\\\/www.stefaniazani.it\\\/wp-content\\\/uploads\\\/2024\\\/05\\\/freccia_stefania_zani.svg\\\" width=\\\"20\\\" height=\\\"20\\\">\",\"margin\":\"default\",\"meta\":\"Abbonamento Annuale\",\"meta_align\":\"above-title\",\"meta_color\":\"success\",\"meta_element\":\"h3\",\"meta_es_es\":\"Suscripci\\u00f3n anual\",\"meta_style\":\"h3\",\"overlay_hover\":false,\"overlay_link\":true,\"overlay_mode\":\"cover\",\"overlay_padding\":\"large\",\"overlay_position\":\"top\",\"overlay_style\":\"\",\"overlay_transition\":\"fade\",\"text_align\":\"center\",\"text_color\":\"dark\",\"title\":\"<\\\/span><span class=\\\"uk-h1\\\">97\\u20ac <\\\/span><span class=\\\"uk-h4\\\">invece di 108\\u20ac<\\\/span>\",\"title_element\":\"div\",\"title_es_es\":\"<\\\/span><span class=\\\"uk-h1\\\"> 149\\u20ac <\\\/span><span class=\\\"uk-h4\\\">en lugar de 168\\u20ac<\\\/span>\",\"title_hover_style\":\"reset\",\"title_margin\":\"small\",\"title_style\":\"h3\"}}]}]}],\"name\":\"Charlie\"}],\"version\":\"4.5.31\"} --><\/p>\n","protected":false},"excerpt":{"rendered":"<p>COME FUNZIONA CASA ZANI? CASA ZANI \u00e8 un\u2019applicazione che puoi scaricare direttamente sul tuo telefono o computer, pensata per offrirti contenuti regolari e sempre aggiornati. Per poter accedere ai contenuti bisogna sottoscrivere un abbonamento, che pu\u00f2 essere rinnovato mensilmente o annualmente. Disdirlo \u00e8 semplicissimo, puoi farlo direttamente dall&#8217;applicazione. Ogni stanza ha il suo ritmo: alcune [&hellip;]<\/p>\n","protected":false},"author":1,"featured_media":0,"parent":0,"menu_order":0,"comment_status":"closed","ping_status":"closed","template":"","meta":{"footnotes":""},"class_list":["post-12725","page","type-page","status-publish","hentry"],"yoast_head":"<!-- This site is optimized with the Yoast SEO plugin v27.5 - https:\/\/yoast.com\/product\/yoast-seo-wordpress\/ -->\n<title>\u00bfC\u00f3mo funciona CASA ZANI?<\/title>\n<meta name=\"robots\" content=\"index, follow, max-snippet:-1, max-image-preview:large, max-video-preview:-1\" \/>\n<meta property=\"og:locale\" content=\"es_ES\" \/>\n<meta property=\"og:type\" content=\"article\" \/>\n<meta property=\"og:title\" content=\"\u00bfC\u00f3mo funciona CASA ZANI?\" \/>\n<meta property=\"og:url\" content=\"https:\/\/www.stefaniazani.it\/es\/como-funciona-casa-zani\/\" \/>\n<meta property=\"og:site_name\" content=\"Stefania Zani\" \/>\n<meta property=\"article:publisher\" content=\"https:\/\/www.facebook.com\/p\/Stefania-Zani-100087139977126\/\" \/>\n<meta property=\"article:modified_time\" content=\"2025-12-08T00:34:36+00:00\" \/>\n<meta property=\"og:image\" content=\"https:\/\/www.stefaniazani.it\/wp-content\/uploads\/2024\/05\/freccia_stefania_zani.svg\" \/>\n<meta name=\"twitter:card\" content=\"summary_large_image\" \/>\n<meta name=\"twitter:label1\" content=\"Tiempo de lectura\" \/>\n\t<meta name=\"twitter:data1\" content=\"3 minutos\" \/>\n<script type=\"application\/ld+json\" class=\"yoast-schema-graph\">{\"@context\":\"https:\\\/\\\/schema.org\",\"@graph\":[{\"@type\":\"WebPage\",\"@id\":\"https:\\\/\\\/www.stefaniazani.it\\\/es\\\/como-funciona-casa-zani\\\/\",\"url\":\"https:\\\/\\\/www.stefaniazani.it\\\/es\\\/como-funciona-casa-zani\\\/\",\"name\":\"Come funziona CASA ZANI? - Stefania Zani\",\"isPartOf\":{\"@id\":\"https:\\\/\\\/www.stefaniazani.it\\\/#website\"},\"primaryImageOfPage\":{\"@id\":\"https:\\\/\\\/www.stefaniazani.it\\\/es\\\/como-funciona-casa-zani\\\/#primaryimage\"},\"image\":{\"@id\":\"https:\\\/\\\/www.stefaniazani.it\\\/es\\\/como-funciona-casa-zani\\\/#primaryimage\"},\"thumbnailUrl\":\"https:\\\/\\\/www.stefaniazani.it\\\/wp-content\\\/uploads\\\/2024\\\/05\\\/freccia_stefania_zani.svg\",\"datePublished\":\"2025-01-10T12:34:14+00:00\",\"dateModified\":\"2025-12-08T00:34:36+00:00\",\"description\":\"Scopri Casa Zani: uno spazio fatto di vicinanza, ascolto e presenza autentica, dove non si \u00e8 spettatori, ma si partecipa, si ascolta e ci si sente accolti.\",\"breadcrumb\":{\"@id\":\"https:\\\/\\\/www.stefaniazani.it\\\/es\\\/como-funciona-casa-zani\\\/#breadcrumb\"},\"inLanguage\":\"es\",\"potentialAction\":[{\"@type\":\"ReadAction\",\"target\":[\"https:\\\/\\\/www.stefaniazani.it\\\/es\\\/como-funciona-casa-zani\\\/\"]}]},{\"@type\":\"ImageObject\",\"inLanguage\":\"es\",\"@id\":\"https:\\\/\\\/www.stefaniazani.it\\\/es\\\/como-funciona-casa-zani\\\/#primaryimage\",\"url\":\"https:\\\/\\\/www.stefaniazani.it\\\/wp-content\\\/uploads\\\/2024\\\/05\\\/freccia_stefania_zani.svg\",\"contentUrl\":\"https:\\\/\\\/www.stefaniazani.it\\\/wp-content\\\/uploads\\\/2024\\\/05\\\/freccia_stefania_zani.svg\"},{\"@type\":\"BreadcrumbList\",\"@id\":\"https:\\\/\\\/www.stefaniazani.it\\\/es\\\/como-funciona-casa-zani\\\/#breadcrumb\",\"itemListElement\":[{\"@type\":\"ListItem\",\"position\":1,\"name\":\"Home\",\"item\":\"https:\\\/\\\/www.stefaniazani.it\\\/\"},{\"@type\":\"ListItem\",\"position\":2,\"name\":\"\u00bfC\u00f3mo funciona CASA ZANI?\"}]},{\"@type\":\"WebSite\",\"@id\":\"https:\\\/\\\/www.stefaniazani.it\\\/es\\\/#website\",\"url\":\"https:\\\/\\\/www.stefaniazani.it\\\/es\\\/\",\"name\":\"Stefania Zani\",\"description\":\"\",\"publisher\":{\"@id\":\"https:\\\/\\\/www.stefaniazani.it\\\/es\\\/#organization\"},\"potentialAction\":[{\"@type\":\"SearchAction\",\"target\":{\"@type\":\"EntryPoint\",\"urlTemplate\":\"https:\\\/\\\/www.stefaniazani.it\\\/es\\\/?s={search_term_string}\"},\"query-input\":{\"@type\":\"PropertyValueSpecification\",\"valueRequired\":true,\"valueName\":\"search_term_string\"}}],\"inLanguage\":\"es\"},{\"@type\":\"Organization\",\"@id\":\"https:\\\/\\\/www.stefaniazani.it\\\/es\\\/#organization\",\"name\":\"Stefania Zani Srl\",\"url\":\"https:\\\/\\\/www.stefaniazani.it\\\/es\\\/\",\"logo\":{\"@type\":\"ImageObject\",\"inLanguage\":\"es\",\"@id\":\"https:\\\/\\\/www.stefaniazani.it\\\/es\\\/#\\\/schema\\\/logo\\\/image\\\/\",\"url\":\"https:\\\/\\\/www.stefaniazani.it\\\/wp-content\\\/uploads\\\/2024\\\/03\\\/stefania_zani_logo_start.png\",\"contentUrl\":\"https:\\\/\\\/www.stefaniazani.it\\\/wp-content\\\/uploads\\\/2024\\\/03\\\/stefania_zani_logo_start.png\",\"width\":250,\"height\":50,\"caption\":\"Stefania Zani Srl\"},\"image\":{\"@id\":\"https:\\\/\\\/www.stefaniazani.it\\\/es\\\/#\\\/schema\\\/logo\\\/image\\\/\"},\"sameAs\":[\"https:\\\/\\\/www.facebook.com\\\/p\\\/Stefania-Zani-100087139977126\\\/\",\"https:\\\/\\\/www.instagram.com\\\/stefania__zani\\\/\"]}]}<\/script>\n<!-- \/ Yoast SEO plugin. -->","yoast_head_json":{"title":"\u00bfC\u00f3mo funciona CASA ZANI?","robots":{"index":"index","follow":"follow","max-snippet":"max-snippet:-1","max-image-preview":"max-image-preview:large","max-video-preview":"max-video-preview:-1"},"og_locale":"es_ES","og_type":"article","og_title":"\u00bfC\u00f3mo funciona CASA ZANI?","og_url":"https:\/\/www.stefaniazani.it\/es\/como-funciona-casa-zani\/","og_site_name":"Stefania Zani","article_publisher":"https:\/\/www.facebook.com\/p\/Stefania-Zani-100087139977126\/","article_modified_time":"2025-12-08T00:34:36+00:00","og_image":[{"url":"https:\/\/www.stefaniazani.it\/wp-content\/uploads\/2024\/05\/freccia_stefania_zani.svg","type":"","width":"","height":""}],"twitter_card":"summary_large_image","twitter_misc":{"Tiempo de lectura":"3 minutos"},"schema":{"@context":"https:\/\/schema.org","@graph":[{"@type":"WebPage","@id":"https:\/\/www.stefaniazani.it\/es\/como-funciona-casa-zani\/","url":"https:\/\/www.stefaniazani.it\/es\/como-funciona-casa-zani\/","name":"Come funziona CASA ZANI? - Stefania Zani","isPartOf":{"@id":"https:\/\/www.stefaniazani.it\/#website"},"primaryImageOfPage":{"@id":"https:\/\/www.stefaniazani.it\/es\/como-funciona-casa-zani\/#primaryimage"},"image":{"@id":"https:\/\/www.stefaniazani.it\/es\/como-funciona-casa-zani\/#primaryimage"},"thumbnailUrl":"https:\/\/www.stefaniazani.it\/wp-content\/uploads\/2024\/05\/freccia_stefania_zani.svg","datePublished":"2025-01-10T12:34:14+00:00","dateModified":"2025-12-08T00:34:36+00:00","description":"Scopri Casa Zani: uno spazio fatto di vicinanza, ascolto e presenza autentica, dove non si \u00e8 spettatori, ma si partecipa, si ascolta e ci si sente accolti.","breadcrumb":{"@id":"https:\/\/www.stefaniazani.it\/es\/como-funciona-casa-zani\/#breadcrumb"},"inLanguage":"es","potentialAction":[{"@type":"ReadAction","target":["https:\/\/www.stefaniazani.it\/es\/como-funciona-casa-zani\/"]}]},{"@type":"ImageObject","inLanguage":"es","@id":"https:\/\/www.stefaniazani.it\/es\/como-funciona-casa-zani\/#primaryimage","url":"https:\/\/www.stefaniazani.it\/wp-content\/uploads\/2024\/05\/freccia_stefania_zani.svg","contentUrl":"https:\/\/www.stefaniazani.it\/wp-content\/uploads\/2024\/05\/freccia_stefania_zani.svg"},{"@type":"BreadcrumbList","@id":"https:\/\/www.stefaniazani.it\/es\/como-funciona-casa-zani\/#breadcrumb","itemListElement":[{"@type":"ListItem","position":1,"name":"Home","item":"https:\/\/www.stefaniazani.it\/"},{"@type":"ListItem","position":2,"name":"\u00bfC\u00f3mo funciona CASA ZANI?"}]},{"@type":"WebSite","@id":"https:\/\/www.stefaniazani.it\/es\/#website","url":"https:\/\/www.stefaniazani.it\/es\/","name":"Stefania Zani","description":"","publisher":{"@id":"https:\/\/www.stefaniazani.it\/es\/#organization"},"potentialAction":[{"@type":"SearchAction","target":{"@type":"EntryPoint","urlTemplate":"https:\/\/www.stefaniazani.it\/es\/?s={search_term_string}"},"query-input":{"@type":"PropertyValueSpecification","valueRequired":true,"valueName":"search_term_string"}}],"inLanguage":"es"},{"@type":"Organization","@id":"https:\/\/www.stefaniazani.it\/es\/#organization","name":"Stefania Zani Srl","url":"https:\/\/www.stefaniazani.it\/es\/","logo":{"@type":"ImageObject","inLanguage":"es","@id":"https:\/\/www.stefaniazani.it\/es\/#\/schema\/logo\/image\/","url":"https:\/\/www.stefaniazani.it\/wp-content\/uploads\/2024\/03\/stefania_zani_logo_start.png","contentUrl":"https:\/\/www.stefaniazani.it\/wp-content\/uploads\/2024\/03\/stefania_zani_logo_start.png","width":250,"height":50,"caption":"Stefania Zani Srl"},"image":{"@id":"https:\/\/www.stefaniazani.it\/es\/#\/schema\/logo\/image\/"},"sameAs":["https:\/\/www.facebook.com\/p\/Stefania-Zani-100087139977126\/","https:\/\/www.instagram.com\/stefania__zani\/"]}]}},"_links":{"self":[{"href":"https:\/\/www.stefaniazani.it\/es\/wp-json\/wp\/v2\/pages\/12725","targetHints":{"allow":["GET"]}}],"collection":[{"href":"https:\/\/www.stefaniazani.it\/es\/wp-json\/wp\/v2\/pages"}],"about":[{"href":"https:\/\/www.stefaniazani.it\/es\/wp-json\/wp\/v2\/types\/page"}],"author":[{"embeddable":true,"href":"https:\/\/www.stefaniazani.it\/es\/wp-json\/wp\/v2\/users\/1"}],"replies":[{"embeddable":true,"href":"https:\/\/www.stefaniazani.it\/es\/wp-json\/wp\/v2\/comments?post=12725"}],"version-history":[{"count":0,"href":"https:\/\/www.stefaniazani.it\/es\/wp-json\/wp\/v2\/pages\/12725\/revisions"}],"wp:attachment":[{"href":"https:\/\/www.stefaniazani.it\/es\/wp-json\/wp\/v2\/media?parent=12725"}],"curies":[{"name":"wp","href":"https:\/\/api.w.org\/{rel}","templated":true}]}}