{"id":1111,"date":"2024-03-18T11:51:24","date_gmt":"2024-03-18T10:51:24","guid":{"rendered":"https:\/\/stefaniazani.ilfondaco.it\/?page_id=1111"},"modified":"2026-04-27T12:12:36","modified_gmt":"2026-04-27T10:12:36","slug":"carrello","status":"publish","type":"page","link":"https:\/\/www.stefaniazani.it\/es\/carrito\/","title":{"rendered":"Carrito"},"content":{"rendered":"<p><img decoding=\"async\" src=\"\/wp-content\/uploads\/2025\/06\/Le-Essenziali-con-Pangea.png\" alt=\"\"><\/p>\n<div>\n<p><strong data-start=\"35\" data-end=\"56\">Ti ricordiamo che<\/strong><br data-start=\"56\" data-end=\"59\" \/>con l&#8217;acquistato di un mazzo di <em data-start=\"77\" data-end=\"92\">Le Essenziali<\/em>, di\u00a0<em data-start=\"95\" data-end=\"117\">Le Chiavi Essenziali<\/em> o <\/em>dei <strong data-start=\"274\" data-end=\"315\">corsi per imparare a leggerle, <\/strong><strong>il 10% del ricavato<\/strong> sar\u00e0 interamente devoluto a <em data-start=\"332\" data-end=\"340\">Pangea<\/em> a sostegno delle donne e delle bambine sorde in Afghanistan.<br data-start=\"535\" data-end=\"538\" \/>Grazie per il tuo contributo!<\/p>\n<\/div>\n<p><br \/>\n<!--more--><br \/>\n<!-- {\"type\":\"layout\",\"children\":[{\"type\":\"section\",\"props\":{\"css\":\".el-section { background: #FCE6F2; }\\n\",\"image_position\":\"center-center\",\"padding_bottom\":\"small\",\"padding_top\":\"small\",\"style\":\"default\",\"title_breakpoint\":\"xl\",\"title_position\":\"top-left\",\"title_rotation\":\"left\",\"vertical_align\":\"middle\",\"width\":\"default\"},\"children\":[{\"type\":\"row\",\"props\":{\"css\":\"\\n\"},\"children\":[{\"type\":\"column\",\"props\":{\"image_position\":\"center-center\",\"position_sticky_breakpoint\":\"m\"},\"children\":[{\"type\":\"image\",\"props\":{\"image\":\"wp-content\/uploads\/2025\/06\/Le-Essenziali-con-Pangea.png\",\"image_svg_color\":\"emphasis\",\"image_width\":350,\"margin_bottom\":\"default\",\"margin_top\":\"default\",\"text_align\":\"center\"}},{\"type\":\"text\",\"props\":{\"column_breakpoint\":\"m\",\"content\":\"\n\n<p><strong data-start=\\\"35\\\" data-end=\\\"56\\\">Ti ricordiamo che<\/strong><br data-start=\\\"56\\\" data-end=\\\"59\\\" \/>con l'acquistato di un mazzo di <em data-start=\\\"77\\\" data-end=\\\"92\\\">Le Essenziali<\/em>, di\u00a0<em data-start=\\\"95\\\" data-end=\\\"117\\\">Le Chiavi Essenziali<\/em> o <\/em>dei <strong data-start=\\\"274\\\" data-end=\\\"315\\\">corsi per imparare a leggerle, <\/strong><strong>il 10% del ricavato<\/strong> sar\u00e0 interamente devoluto a <em data-start=\\\"332\\\" data-end=\\\"340\\\">Pangea<\/em> a sostegno delle donne e delle bambine sorde in Afghanistan.<br data-start=\\\"535\\\" data-end=\\\"538\\\" \/>Grazie per il tuo contributo!<\/p>\n\n\",\"content_es_es\":\"\n\n<p>Te recordamos que<br \/>Con la compra de una baraja de Le Essenziali o Le Chiavi Essenziali, recibir\u00e1s una obra de arte de edici\u00f3n limitada gratis. El 10% de lo recaudado con las Tarjetas Esenciales y los cursos para aprender a leer se donar\u00e1 \u00edntegramente a Pangea para apoyar a mujeres y ni\u00f1as sordas en Afganist\u00e1n.<br \/>\u00a1Gracias por tu aportaci\u00f3n!<\/p>\n\n\",\"margin_bottom\":\"default\",\"margin_top\":\"default\",\"text_align\":\"center\"}}]}]}]},{\"type\":\"section\",\"props\":{\"height\":\"page\",\"image_position\":\"center-center\",\"style\":\"default\",\"title_breakpoint\":\"xl\",\"title_position\":\"top-left\",\"title_rotation\":\"left\",\"vertical_align\":\"middle\",\"width\":\"default\"},\"children\":[{\"type\":\"row\",\"children\":[{\"type\":\"column\",\"props\":{\"image_position\":\"center-center\",\"position_sticky_breakpoint\":\"m\"},\"children\":[{\"type\":\"woo_pages\",\"props\":{\"page\":\"cart\"}}]}]}]}],\"version\":\"5.0.10\"} --><\/p>\n","protected":false},"excerpt":{"rendered":"<p>Env\u00edo gratuito en pedidos superiores a 140 EUR Seguir comprando &nbsp; Tambi\u00e9n te puede interesar\u2026 &nbsp; &nbsp; &nbsp; &nbsp; &nbsp; &nbsp; &nbsp; &nbsp; &nbsp; &nbsp; &nbsp; Tu carrito est\u00e1 vac\u00eda. Nuevo en la tienda<\/p>\n","protected":false},"author":1,"featured_media":0,"parent":0,"menu_order":0,"comment_status":"closed","ping_status":"closed","template":"","meta":{"footnotes":""},"class_list":["post-1111","page","type-page","status-publish","hentry"],"yoast_head":"<!-- This site is optimized with the Yoast SEO plugin v27.5 - https:\/\/yoast.com\/product\/yoast-seo-wordpress\/ -->\n<title>Carrito<\/title>\n<meta name=\"description\" content=\"Env\u00edo gratuito en pedidos superiores a 140 EUR Seguir comprando &nbsp; Tambi\u00e9n te puede interesar\u2026 &nbsp; [addify_manual_free_gift] &nbsp; &nbsp; &nbsp; &nbsp; &nbsp; &nbsp; &nbsp; &nbsp; &nbsp; &nbsp; Tu carrito est\u00e1 vac\u00eda. Nuevo en la tienda\" \/>\n<meta name=\"robots\" content=\"index, follow, max-snippet:-1, max-image-preview:large, max-video-preview:-1\" \/>\n<link rel=\"canonical\" href=\"http:\/\/Env\u00edo%20gratuito%20en%20pedidos%20superiores%20a%20140%20EUR%20Seguir%20comprando%20&nbsp;%20Tambi\u00e9n%20te%20puede%20interesar\u2026%20&nbsp;%20[addify_manual_free_gift]%20&nbsp;%20&nbsp;%20&nbsp;%20&nbsp;%20&nbsp;%20&nbsp;%20&nbsp;%20&nbsp;%20&nbsp;%20&nbsp;%20Tu%20carrito%20est\u00e1%20vac\u00eda.%20Nuevo%20en%20la%20tienda\" \/>\n<meta property=\"og:locale\" content=\"es_ES\" \/>\n<meta property=\"og:type\" content=\"article\" \/>\n<meta property=\"og:title\" content=\"Carrito\" \/>\n<meta property=\"og:description\" content=\"Env\u00edo gratuito en pedidos superiores a 140 EUR Seguir comprando &nbsp; Tambi\u00e9n te puede interesar\u2026 &nbsp; [addify_manual_free_gift] &nbsp; &nbsp; &nbsp; &nbsp; &nbsp; &nbsp; &nbsp; &nbsp; &nbsp; &nbsp; Tu carrito est\u00e1 vac\u00eda. Nuevo en la tienda\" \/>\n<meta property=\"og:url\" content=\"https:\/\/www.stefaniazani.it\/es\/carrito\/\" \/>\n<meta property=\"og:site_name\" content=\"Stefania Zani\" \/>\n<meta property=\"article:publisher\" content=\"https:\/\/www.facebook.com\/p\/Stefania-Zani-100087139977126\/\" \/>\n<meta property=\"article:modified_time\" content=\"2026-04-27T10:12:36+00:00\" \/>\n<meta property=\"og:image\" content=\"https:\/\/www.stefaniazani.it\/wp-content\/uploads\/2024\/06\/Mi-presento-Foto-banner-principale-Stefania-Zani.png\" \/>\n\t<meta property=\"og:image:width\" content=\"800\" \/>\n\t<meta property=\"og:image:height\" content=\"1000\" \/>\n\t<meta property=\"og:image:type\" content=\"image\/png\" \/>\n<meta name=\"twitter:card\" content=\"summary_large_image\" \/>\n<meta name=\"twitter:label1\" content=\"Tiempo de lectura\" \/>\n\t<meta name=\"twitter:data1\" content=\"1 minuto\" \/>\n<script type=\"application\/ld+json\" class=\"yoast-schema-graph\">{\"@context\":\"https:\\\/\\\/schema.org\",\"@graph\":[{\"@type\":\"WebPage\",\"@id\":\"https:\\\/\\\/www.stefaniazani.it\\\/es\\\/carrito\\\/\",\"url\":\"https:\\\/\\\/www.stefaniazani.it\\\/es\\\/carrito\\\/\",\"name\":\"Carrello - Stefania Zani\",\"isPartOf\":{\"@id\":\"https:\\\/\\\/www.stefaniazani.it\\\/#website\"},\"datePublished\":\"2024-03-18T10:51:24+00:00\",\"dateModified\":\"2026-04-27T10:12:36+00:00\",\"breadcrumb\":{\"@id\":\"https:\\\/\\\/www.stefaniazani.it\\\/es\\\/carrito\\\/#breadcrumb\"},\"inLanguage\":\"es\",\"potentialAction\":[{\"@type\":\"ReadAction\",\"target\":[\"https:\\\/\\\/www.stefaniazani.it\\\/es\\\/carrito\\\/\"]}]},{\"@type\":\"BreadcrumbList\",\"@id\":\"https:\\\/\\\/www.stefaniazani.it\\\/es\\\/carrito\\\/#breadcrumb\",\"itemListElement\":[{\"@type\":\"ListItem\",\"position\":1,\"name\":\"Home\",\"item\":\"https:\\\/\\\/www.stefaniazani.it\\\/\"},{\"@type\":\"ListItem\",\"position\":2,\"name\":\"Carrito\"}]},{\"@type\":\"WebSite\",\"@id\":\"https:\\\/\\\/www.stefaniazani.it\\\/es\\\/#website\",\"url\":\"https:\\\/\\\/www.stefaniazani.it\\\/es\\\/\",\"name\":\"Stefania Zani\",\"description\":\"\",\"publisher\":{\"@id\":\"https:\\\/\\\/www.stefaniazani.it\\\/es\\\/#organization\"},\"potentialAction\":[{\"@type\":\"SearchAction\",\"target\":{\"@type\":\"EntryPoint\",\"urlTemplate\":\"https:\\\/\\\/www.stefaniazani.it\\\/es\\\/?s={search_term_string}\"},\"query-input\":{\"@type\":\"PropertyValueSpecification\",\"valueRequired\":true,\"valueName\":\"search_term_string\"}}],\"inLanguage\":\"es\"},{\"@type\":\"Organization\",\"@id\":\"https:\\\/\\\/www.stefaniazani.it\\\/es\\\/#organization\",\"name\":\"Stefania Zani Srl\",\"url\":\"https:\\\/\\\/www.stefaniazani.it\\\/es\\\/\",\"logo\":{\"@type\":\"ImageObject\",\"inLanguage\":\"es\",\"@id\":\"https:\\\/\\\/www.stefaniazani.it\\\/es\\\/#\\\/schema\\\/logo\\\/image\\\/\",\"url\":\"https:\\\/\\\/www.stefaniazani.it\\\/wp-content\\\/uploads\\\/2024\\\/03\\\/stefania_zani_logo_start.png\",\"contentUrl\":\"https:\\\/\\\/www.stefaniazani.it\\\/wp-content\\\/uploads\\\/2024\\\/03\\\/stefania_zani_logo_start.png\",\"width\":250,\"height\":50,\"caption\":\"Stefania Zani Srl\"},\"image\":{\"@id\":\"https:\\\/\\\/www.stefaniazani.it\\\/es\\\/#\\\/schema\\\/logo\\\/image\\\/\"},\"sameAs\":[\"https:\\\/\\\/www.facebook.com\\\/p\\\/Stefania-Zani-100087139977126\\\/\",\"https:\\\/\\\/www.instagram.com\\\/stefania__zani\\\/\"]}]}<\/script>\n<!-- \/ Yoast SEO plugin. -->","yoast_head_json":{"title":"Carrito","description":"Env\u00edo gratuito en pedidos superiores a 140 EUR Seguir comprando &nbsp; Tambi\u00e9n te puede interesar\u2026 &nbsp; [addify_manual_free_gift] &nbsp; &nbsp; &nbsp; &nbsp; &nbsp; &nbsp; &nbsp; &nbsp; &nbsp; &nbsp; Tu carrito est\u00e1 vac\u00eda. Nuevo en la tienda","robots":{"index":"index","follow":"follow","max-snippet":"max-snippet:-1","max-image-preview":"max-image-preview:large","max-video-preview":"max-video-preview:-1"},"canonical":"Env\u00edo gratuito en pedidos superiores a 140 EUR Seguir comprando &nbsp; Tambi\u00e9n te puede interesar\u2026 &nbsp; [addify_manual_free_gift] &nbsp; &nbsp; &nbsp; &nbsp; &nbsp; &nbsp; &nbsp; &nbsp; &nbsp; &nbsp; Tu carrito est\u00e1 vac\u00eda. Nuevo en la tienda","og_locale":"es_ES","og_type":"article","og_title":"Carrito","og_description":"Env\u00edo gratuito en pedidos superiores a 140 EUR Seguir comprando &nbsp; Tambi\u00e9n te puede interesar\u2026 &nbsp; [addify_manual_free_gift] &nbsp; &nbsp; &nbsp; &nbsp; &nbsp; &nbsp; &nbsp; &nbsp; &nbsp; &nbsp; Tu carrito est\u00e1 vac\u00eda. Nuevo en la tienda","og_url":"https:\/\/www.stefaniazani.it\/es\/carrito\/","og_site_name":"Stefania Zani","article_publisher":"https:\/\/www.facebook.com\/p\/Stefania-Zani-100087139977126\/","article_modified_time":"2026-04-27T10:12:36+00:00","og_image":[{"width":800,"height":1000,"url":"https:\/\/www.stefaniazani.it\/wp-content\/uploads\/2024\/06\/Mi-presento-Foto-banner-principale-Stefania-Zani.png","type":"image\/png"}],"twitter_card":"summary_large_image","twitter_misc":{"Tiempo de lectura":"1 minuto"},"schema":{"@context":"https:\/\/schema.org","@graph":[{"@type":"WebPage","@id":"https:\/\/www.stefaniazani.it\/es\/carrito\/","url":"https:\/\/www.stefaniazani.it\/es\/carrito\/","name":"Carrello - Stefania Zani","isPartOf":{"@id":"https:\/\/www.stefaniazani.it\/#website"},"datePublished":"2024-03-18T10:51:24+00:00","dateModified":"2026-04-27T10:12:36+00:00","breadcrumb":{"@id":"https:\/\/www.stefaniazani.it\/es\/carrito\/#breadcrumb"},"inLanguage":"es","potentialAction":[{"@type":"ReadAction","target":["https:\/\/www.stefaniazani.it\/es\/carrito\/"]}]},{"@type":"BreadcrumbList","@id":"https:\/\/www.stefaniazani.it\/es\/carrito\/#breadcrumb","itemListElement":[{"@type":"ListItem","position":1,"name":"Home","item":"https:\/\/www.stefaniazani.it\/"},{"@type":"ListItem","position":2,"name":"Carrito"}]},{"@type":"WebSite","@id":"https:\/\/www.stefaniazani.it\/es\/#website","url":"https:\/\/www.stefaniazani.it\/es\/","name":"Stefania Zani","description":"","publisher":{"@id":"https:\/\/www.stefaniazani.it\/es\/#organization"},"potentialAction":[{"@type":"SearchAction","target":{"@type":"EntryPoint","urlTemplate":"https:\/\/www.stefaniazani.it\/es\/?s={search_term_string}"},"query-input":{"@type":"PropertyValueSpecification","valueRequired":true,"valueName":"search_term_string"}}],"inLanguage":"es"},{"@type":"Organization","@id":"https:\/\/www.stefaniazani.it\/es\/#organization","name":"Stefania Zani Srl","url":"https:\/\/www.stefaniazani.it\/es\/","logo":{"@type":"ImageObject","inLanguage":"es","@id":"https:\/\/www.stefaniazani.it\/es\/#\/schema\/logo\/image\/","url":"https:\/\/www.stefaniazani.it\/wp-content\/uploads\/2024\/03\/stefania_zani_logo_start.png","contentUrl":"https:\/\/www.stefaniazani.it\/wp-content\/uploads\/2024\/03\/stefania_zani_logo_start.png","width":250,"height":50,"caption":"Stefania Zani Srl"},"image":{"@id":"https:\/\/www.stefaniazani.it\/es\/#\/schema\/logo\/image\/"},"sameAs":["https:\/\/www.facebook.com\/p\/Stefania-Zani-100087139977126\/","https:\/\/www.instagram.com\/stefania__zani\/"]}]}},"_links":{"self":[{"href":"https:\/\/www.stefaniazani.it\/es\/wp-json\/wp\/v2\/pages\/1111","targetHints":{"allow":["GET"]}}],"collection":[{"href":"https:\/\/www.stefaniazani.it\/es\/wp-json\/wp\/v2\/pages"}],"about":[{"href":"https:\/\/www.stefaniazani.it\/es\/wp-json\/wp\/v2\/types\/page"}],"author":[{"embeddable":true,"href":"https:\/\/www.stefaniazani.it\/es\/wp-json\/wp\/v2\/users\/1"}],"replies":[{"embeddable":true,"href":"https:\/\/www.stefaniazani.it\/es\/wp-json\/wp\/v2\/comments?post=1111"}],"version-history":[{"count":1,"href":"https:\/\/www.stefaniazani.it\/es\/wp-json\/wp\/v2\/pages\/1111\/revisions"}],"predecessor-version":[{"id":23378,"href":"https:\/\/www.stefaniazani.it\/es\/wp-json\/wp\/v2\/pages\/1111\/revisions\/23378"}],"wp:attachment":[{"href":"https:\/\/www.stefaniazani.it\/es\/wp-json\/wp\/v2\/media?parent=1111"}],"curies":[{"name":"wp","href":"https:\/\/api.w.org\/{rel}","templated":true}]}}